

{"id":56475,"date":"2021-02-03T19:26:25","date_gmt":"2021-02-03T18:26:25","guid":{"rendered":"https:\/\/teslafm.net\/?page_id=56475"},"modified":"2021-02-03T19:38:03","modified_gmt":"2021-02-03T18:38:03","slug":"ibidem-9","status":"publish","type":"page","link":"https:\/\/teslafm.net\/en\/ibidem-9\/","title":{"rendered":"Ibidem #9"},"content":{"rendered":"<h2><span style=\"color: #ffffff;\"><strong>Ibidem #9<\/strong><\/span><\/h2>\n<p><span style=\"color: #808080;\"><em>February 2021<\/em><\/span><\/p>\n<p><iframe src=\"https:\/\/www.mixcloud.com\/widget\/iframe\/?hide_cover=1&amp;feed=%2FTeslafm_net%2Fibidem-9-nothing-is-real%2F\" width=\"100%\" height=\"120\" frameborder=\"0\"><\/iframe><\/p>\n<p><img fetchpriority=\"high\" decoding=\"async\" class=\"alignnone wp-image-56479 size-large\" src=\"https:\/\/teslafm.net\/wp-content\/uploads\/2021\/02\/Aggiungi-unintestazione-1024x1024.png\" alt=\"\" width=\"1024\" height=\"1024\" srcset=\"https:\/\/teslafm.net\/wp-content\/uploads\/2021\/02\/Aggiungi-unintestazione-1024x1024.png 1024w, https:\/\/teslafm.net\/wp-content\/uploads\/2021\/02\/Aggiungi-unintestazione-300x300.png 300w, https:\/\/teslafm.net\/wp-content\/uploads\/2021\/02\/Aggiungi-unintestazione-150x150.png 150w, https:\/\/teslafm.net\/wp-content\/uploads\/2021\/02\/Aggiungi-unintestazione-768x768.png 768w, https:\/\/teslafm.net\/wp-content\/uploads\/2021\/02\/Aggiungi-unintestazione.png 1415w\" sizes=\"(max-width: 1024px) 100vw, 1024px\" \/><\/p>\n<p><span style=\"color: #808080;\"><strong>NIR<\/strong> was born to explore new horizons and overcome frontiers in the field of electronic music. Each track is almost like an apnea, a deep way of perceiving sound, between sensations and perceptions through the essence of each frequency.<\/span><\/p>\n<p><span style=\"color: #808080;\">Always trying to evolve in conjunction with his artistic projects and his desire to explore the unknown in an attempt to give the listener a linear and emotional contact with the research of art itself. After several releases on different European labels, performances in some of the most recognized clubs in Europe and supported by numerous artists, he also participates in the creation of the soundtrack of the award winning short film <em>\"Come Down\"<\/em> for the <strong>London Film School<\/strong>He has also contributed his experiments and shared the vision of his sound in the cinematographic panorama.<\/span><\/p>","protected":false},"excerpt":{"rendered":"<p>Ibidem #9 Febrero 2021 NIR naci\u00f3 para explorar nuevos horizontes y superar fronteras en el campo de la m\u00fasica electr\u00f3nica. Cada pista es casi como una apnea, una forma profunda de percibir el sonido, entre sensaciones y percepciones a trav\u00e9s de la esencia de cada frecuencia. Siempre tratando de evolucionar en conjunto con sus proyectos [&hellip;]<\/p>\n","protected":false},"author":19,"featured_media":0,"parent":0,"menu_order":0,"comment_status":"closed","ping_status":"closed","template":"","meta":{"footnotes":""},"class_list":["post-56475","page","type-page","status-publish","hentry"],"yoast_head":"<!-- This site is optimized with the Yoast SEO plugin v27.4 - https:\/\/yoast.com\/product\/yoast-seo-wordpress\/ -->\n<title>Ibidem #9 -<\/title>\n<meta name=\"robots\" content=\"index, follow, max-snippet:-1, max-image-preview:large, max-video-preview:-1\" \/>\n<link rel=\"canonical\" href=\"https:\/\/teslafm.net\/en\/ibidem-9\/\" \/>\n<meta property=\"og:locale\" content=\"en_US\" \/>\n<meta property=\"og:type\" content=\"article\" \/>\n<meta property=\"og:title\" content=\"Ibidem #9 -\" \/>\n<meta property=\"og:description\" content=\"Ibidem #9 Febrero 2021 NIR naci\u00f3 para explorar nuevos horizontes y superar fronteras en el campo de la m\u00fasica electr\u00f3nica. Cada pista es casi como una apnea, una forma profunda de percibir el sonido, entre sensaciones y percepciones a trav\u00e9s de la esencia de cada frecuencia. Siempre tratando de evolucionar en conjunto con sus proyectos [&hellip;]\" \/>\n<meta property=\"og:url\" content=\"https:\/\/teslafm.net\/en\/ibidem-9\/\" \/>\n<meta property=\"article:publisher\" content=\"https:\/\/www.facebook.com\/teslafm.net\" \/>\n<meta property=\"article:modified_time\" content=\"2021-02-03T18:38:03+00:00\" \/>\n<meta property=\"og:image\" content=\"https:\/\/teslafm.net\/wp-content\/uploads\/2021\/02\/Aggiungi-unintestazione-1024x1024.png\" \/>\n<meta name=\"twitter:card\" content=\"summary_large_image\" \/>\n<meta name=\"twitter:site\" content=\"@teslafm\" \/>\n<meta name=\"twitter:label1\" content=\"Est. reading time\" \/>\n\t<meta name=\"twitter:data1\" content=\"1 minute\" \/>\n<script type=\"application\/ld+json\" class=\"yoast-schema-graph\">{\"@context\":\"https:\\\/\\\/schema.org\",\"@graph\":[{\"@type\":\"WebPage\",\"@id\":\"https:\\\/\\\/teslafm.net\\\/en\\\/ibidem-9\\\/\",\"url\":\"https:\\\/\\\/teslafm.net\\\/en\\\/ibidem-9\\\/\",\"name\":\"Ibidem #9 -\",\"isPartOf\":{\"@id\":\"https:\\\/\\\/teslafm.net\\\/#website\"},\"primaryImageOfPage\":{\"@id\":\"https:\\\/\\\/teslafm.net\\\/en\\\/ibidem-9\\\/#primaryimage\"},\"image\":{\"@id\":\"https:\\\/\\\/teslafm.net\\\/en\\\/ibidem-9\\\/#primaryimage\"},\"thumbnailUrl\":\"https:\\\/\\\/teslafm.net\\\/wp-content\\\/uploads\\\/2021\\\/02\\\/Aggiungi-unintestazione-1024x1024.png\",\"datePublished\":\"2021-02-03T18:26:25+00:00\",\"dateModified\":\"2021-02-03T18:38:03+00:00\",\"breadcrumb\":{\"@id\":\"https:\\\/\\\/teslafm.net\\\/en\\\/ibidem-9\\\/#breadcrumb\"},\"inLanguage\":\"en-US\",\"potentialAction\":[{\"@type\":\"ReadAction\",\"target\":[\"https:\\\/\\\/teslafm.net\\\/en\\\/ibidem-9\\\/\"]}]},{\"@type\":\"ImageObject\",\"inLanguage\":\"en-US\",\"@id\":\"https:\\\/\\\/teslafm.net\\\/en\\\/ibidem-9\\\/#primaryimage\",\"url\":\"https:\\\/\\\/teslafm.net\\\/wp-content\\\/uploads\\\/2021\\\/02\\\/Aggiungi-unintestazione-1024x1024.png\",\"contentUrl\":\"https:\\\/\\\/teslafm.net\\\/wp-content\\\/uploads\\\/2021\\\/02\\\/Aggiungi-unintestazione-1024x1024.png\"},{\"@type\":\"BreadcrumbList\",\"@id\":\"https:\\\/\\\/teslafm.net\\\/en\\\/ibidem-9\\\/#breadcrumb\",\"itemListElement\":[{\"@type\":\"ListItem\",\"position\":1,\"name\":\"Portada\",\"item\":\"https:\\\/\\\/teslafm.net\\\/\"},{\"@type\":\"ListItem\",\"position\":2,\"name\":\"Ibidem #9\"}]},{\"@type\":\"WebSite\",\"@id\":\"https:\\\/\\\/teslafm.net\\\/#website\",\"url\":\"https:\\\/\\\/teslafm.net\\\/\",\"name\":\"TeslaFM\",\"description\":\"An experimental and creative radio\",\"publisher\":{\"@id\":\"https:\\\/\\\/teslafm.net\\\/#organization\"},\"potentialAction\":[{\"@type\":\"SearchAction\",\"target\":{\"@type\":\"EntryPoint\",\"urlTemplate\":\"https:\\\/\\\/teslafm.net\\\/?s={search_term_string}\"},\"query-input\":{\"@type\":\"PropertyValueSpecification\",\"valueRequired\":true,\"valueName\":\"search_term_string\"}}],\"inLanguage\":\"en-US\"},{\"@type\":\"Organization\",\"@id\":\"https:\\\/\\\/teslafm.net\\\/#organization\",\"name\":\"TeslaFM\",\"url\":\"https:\\\/\\\/teslafm.net\\\/\",\"logo\":{\"@type\":\"ImageObject\",\"inLanguage\":\"en-US\",\"@id\":\"https:\\\/\\\/teslafm.net\\\/#\\\/schema\\\/logo\\\/image\\\/\",\"url\":\"https:\\\/\\\/teslafm.net\\\/wp-content\\\/uploads\\\/2020\\\/06\\\/logo-tesla.png\",\"contentUrl\":\"https:\\\/\\\/teslafm.net\\\/wp-content\\\/uploads\\\/2020\\\/06\\\/logo-tesla.png\",\"width\":512,\"height\":512,\"caption\":\"TeslaFM\"},\"image\":{\"@id\":\"https:\\\/\\\/teslafm.net\\\/#\\\/schema\\\/logo\\\/image\\\/\"},\"sameAs\":[\"https:\\\/\\\/www.facebook.com\\\/teslafm.net\",\"https:\\\/\\\/x.com\\\/teslafm\"]}]}<\/script>\n<!-- \/ Yoast SEO plugin. -->","yoast_head_json":{"title":"Ibidem #9 -","robots":{"index":"index","follow":"follow","max-snippet":"max-snippet:-1","max-image-preview":"max-image-preview:large","max-video-preview":"max-video-preview:-1"},"canonical":"https:\/\/teslafm.net\/en\/ibidem-9\/","og_locale":"en_US","og_type":"article","og_title":"Ibidem #9 -","og_description":"Ibidem #9 Febrero 2021 NIR naci\u00f3 para explorar nuevos horizontes y superar fronteras en el campo de la m\u00fasica electr\u00f3nica. Cada pista es casi como una apnea, una forma profunda de percibir el sonido, entre sensaciones y percepciones a trav\u00e9s de la esencia de cada frecuencia. Siempre tratando de evolucionar en conjunto con sus proyectos [&hellip;]","og_url":"https:\/\/teslafm.net\/en\/ibidem-9\/","article_publisher":"https:\/\/www.facebook.com\/teslafm.net","article_modified_time":"2021-02-03T18:38:03+00:00","og_image":[{"url":"https:\/\/teslafm.net\/wp-content\/uploads\/2021\/02\/Aggiungi-unintestazione-1024x1024.png","type":"","width":"","height":""}],"twitter_card":"summary_large_image","twitter_site":"@teslafm","twitter_misc":{"Est. reading time":"1 minute"},"schema":{"@context":"https:\/\/schema.org","@graph":[{"@type":"WebPage","@id":"https:\/\/teslafm.net\/en\/ibidem-9\/","url":"https:\/\/teslafm.net\/en\/ibidem-9\/","name":"Ibidem #9 -","isPartOf":{"@id":"https:\/\/teslafm.net\/#website"},"primaryImageOfPage":{"@id":"https:\/\/teslafm.net\/en\/ibidem-9\/#primaryimage"},"image":{"@id":"https:\/\/teslafm.net\/en\/ibidem-9\/#primaryimage"},"thumbnailUrl":"https:\/\/teslafm.net\/wp-content\/uploads\/2021\/02\/Aggiungi-unintestazione-1024x1024.png","datePublished":"2021-02-03T18:26:25+00:00","dateModified":"2021-02-03T18:38:03+00:00","breadcrumb":{"@id":"https:\/\/teslafm.net\/en\/ibidem-9\/#breadcrumb"},"inLanguage":"en-US","potentialAction":[{"@type":"ReadAction","target":["https:\/\/teslafm.net\/en\/ibidem-9\/"]}]},{"@type":"ImageObject","inLanguage":"en-US","@id":"https:\/\/teslafm.net\/en\/ibidem-9\/#primaryimage","url":"https:\/\/teslafm.net\/wp-content\/uploads\/2021\/02\/Aggiungi-unintestazione-1024x1024.png","contentUrl":"https:\/\/teslafm.net\/wp-content\/uploads\/2021\/02\/Aggiungi-unintestazione-1024x1024.png"},{"@type":"BreadcrumbList","@id":"https:\/\/teslafm.net\/en\/ibidem-9\/#breadcrumb","itemListElement":[{"@type":"ListItem","position":1,"name":"Portada","item":"https:\/\/teslafm.net\/"},{"@type":"ListItem","position":2,"name":"Ibidem #9"}]},{"@type":"WebSite","@id":"https:\/\/teslafm.net\/#website","url":"https:\/\/teslafm.net\/","name":"TeslaFM","description":"An experimental and creative radio","publisher":{"@id":"https:\/\/teslafm.net\/#organization"},"potentialAction":[{"@type":"SearchAction","target":{"@type":"EntryPoint","urlTemplate":"https:\/\/teslafm.net\/?s={search_term_string}"},"query-input":{"@type":"PropertyValueSpecification","valueRequired":true,"valueName":"search_term_string"}}],"inLanguage":"en-US"},{"@type":"Organization","@id":"https:\/\/teslafm.net\/#organization","name":"TeslaFM","url":"https:\/\/teslafm.net\/","logo":{"@type":"ImageObject","inLanguage":"en-US","@id":"https:\/\/teslafm.net\/#\/schema\/logo\/image\/","url":"https:\/\/teslafm.net\/wp-content\/uploads\/2020\/06\/logo-tesla.png","contentUrl":"https:\/\/teslafm.net\/wp-content\/uploads\/2020\/06\/logo-tesla.png","width":512,"height":512,"caption":"TeslaFM"},"image":{"@id":"https:\/\/teslafm.net\/#\/schema\/logo\/image\/"},"sameAs":["https:\/\/www.facebook.com\/teslafm.net","https:\/\/x.com\/teslafm"]}]}},"rttpg_featured_image_url":null,"rttpg_author":{"display_name":"Ishak","author_link":"https:\/\/teslafm.net\/en\/author\/cravan\/"},"rttpg_comment":0,"rttpg_category":null,"rttpg_excerpt":"Ibidem #9 Febrero 2021 NIR naci\u00f3 para explorar nuevos horizontes y superar fronteras en el campo de la m\u00fasica electr\u00f3nica. Cada pista es casi como una apnea, una forma profunda de percibir el sonido, entre sensaciones y percepciones a trav\u00e9s de la esencia de cada frecuencia. Siempre tratando de evolucionar en conjunto con sus proyectos&hellip;","_links":{"self":[{"href":"https:\/\/teslafm.net\/en\/wp-json\/wp\/v2\/pages\/56475","targetHints":{"allow":["GET"]}}],"collection":[{"href":"https:\/\/teslafm.net\/en\/wp-json\/wp\/v2\/pages"}],"about":[{"href":"https:\/\/teslafm.net\/en\/wp-json\/wp\/v2\/types\/page"}],"author":[{"embeddable":true,"href":"https:\/\/teslafm.net\/en\/wp-json\/wp\/v2\/users\/19"}],"replies":[{"embeddable":true,"href":"https:\/\/teslafm.net\/en\/wp-json\/wp\/v2\/comments?post=56475"}],"version-history":[{"count":3,"href":"https:\/\/teslafm.net\/en\/wp-json\/wp\/v2\/pages\/56475\/revisions"}],"predecessor-version":[{"id":56481,"href":"https:\/\/teslafm.net\/en\/wp-json\/wp\/v2\/pages\/56475\/revisions\/56481"}],"wp:attachment":[{"href":"https:\/\/teslafm.net\/en\/wp-json\/wp\/v2\/media?parent=56475"}],"curies":[{"name":"wp","href":"https:\/\/api.w.org\/{rel}","templated":true}]}}