

{"id":56507,"date":"2018-11-29T14:36:34","date_gmt":"2018-11-29T13:36:34","guid":{"rendered":"https:\/\/teslafm.net\/?page_id=56507"},"modified":"2021-07-12T16:12:43","modified_gmt":"2021-07-12T14:12:43","slug":"curbing-emotions","status":"publish","type":"page","link":"https:\/\/teslafm.net\/en\/curbing-emotions\/","title":{"rendered":"Curbing Emotions"},"content":{"rendered":"<div data-elementor-type=\"wp-page\" data-elementor-id=\"56507\" class=\"elementor elementor-56507\">\n\t\t\t\t\t\t<section class=\"elementor-section elementor-top-section elementor-element elementor-element-0926924 elementor-section-boxed elementor-section-height-default elementor-section-height-default\" data-id=\"0926924\" data-element_type=\"section\" data-e-type=\"section\">\n\t\t\t\t\t\t<div class=\"elementor-container elementor-column-gap-default\">\n\t\t\t\t\t<div class=\"elementor-column elementor-col-33 elementor-top-column elementor-element elementor-element-60b1620\" data-id=\"60b1620\" data-element_type=\"column\" data-e-type=\"column\">\n\t\t\t<div class=\"elementor-widget-wrap elementor-element-populated\">\n\t\t\t\t\t\t<div class=\"elementor-element elementor-element-724908f elementor-widget elementor-widget-image\" data-id=\"724908f\" data-element_type=\"widget\" data-e-type=\"widget\" data-widget_type=\"image.default\">\n\t\t\t\t<div class=\"elementor-widget-container\">\n\t\t\t\t\t\t\t\t\t\t\t\t\t\t\t<img fetchpriority=\"high\" decoding=\"async\" width=\"300\" height=\"300\" src=\"https:\/\/teslafm.net\/wp-content\/uploads\/2020\/11\/Cristian-Ruiz-de-Lara-300x300.jpg\" class=\"attachment-medium size-medium wp-image-55828\" alt=\"\" srcset=\"https:\/\/teslafm.net\/wp-content\/uploads\/2020\/11\/Cristian-Ruiz-de-Lara-300x300.jpg 300w, https:\/\/teslafm.net\/wp-content\/uploads\/2020\/11\/Cristian-Ruiz-de-Lara-1024x1024.jpg 1024w, https:\/\/teslafm.net\/wp-content\/uploads\/2020\/11\/Cristian-Ruiz-de-Lara-150x150.jpg 150w, https:\/\/teslafm.net\/wp-content\/uploads\/2020\/11\/Cristian-Ruiz-de-Lara-768x768.jpg 768w, https:\/\/teslafm.net\/wp-content\/uploads\/2020\/11\/Cristian-Ruiz-de-Lara-1536x1536.jpg 1536w, https:\/\/teslafm.net\/wp-content\/uploads\/2020\/11\/Cristian-Ruiz-de-Lara.jpg 1080w\" sizes=\"(max-width: 300px) 100vw, 300px\" \/>\t\t\t\t\t\t\t\t\t\t\t\t\t\t\t<\/div>\n\t\t\t\t<\/div>\n\t\t\t\t\t<\/div>\n\t\t<\/div>\n\t\t\t\t<div class=\"elementor-column elementor-col-33 elementor-top-column elementor-element elementor-element-294695d\" data-id=\"294695d\" data-element_type=\"column\" data-e-type=\"column\" data-settings=\"{&quot;background_background&quot;:&quot;classic&quot;}\">\n\t\t\t<div class=\"elementor-widget-wrap elementor-element-populated\">\n\t\t\t\t\t\t<div class=\"elementor-element elementor-element-364fd2c elementor-widget elementor-widget-heading\" data-id=\"364fd2c\" data-element_type=\"widget\" data-e-type=\"widget\" data-widget_type=\"heading.default\">\n\t\t\t\t<div class=\"elementor-widget-container\">\n\t\t\t\t\t<h2 class=\"elementor-heading-title elementor-size-default\">CRISTIAN RU\u00cdZ DE LARA<\/h2>\t\t\t\t<\/div>\n\t\t\t\t<\/div>\n\t\t\t\t<div class=\"elementor-element elementor-element-01aa269 elementor-widget elementor-widget-text-editor\" data-id=\"01aa269\" data-element_type=\"widget\" data-e-type=\"widget\" data-widget_type=\"text-editor.default\">\n\t\t\t\t<div class=\"elementor-widget-container\">\n\t\t\t\t\t\t\t\t\t<p>With a science-related background, his interest in music started early, mutating into an interest in sound. He currently collaborates in a cultural and musical do-it-yourself center in Lithuania, <strong>Empty Brain Resort<\/strong>. Discarding the barriers of styles, but with the focus on the music created beyond commercial interest. The goal of each mix is to tell a different story, guided by a particular idea or emotion. Following the path of experimentation, with special interest in the overlooked do-it-yourself culture.<\/p>\t\t\t\t\t\t\t\t<\/div>\n\t\t\t\t<\/div>\n\t\t\t\t\t<\/div>\n\t\t<\/div>\n\t\t\t\t<div class=\"elementor-column elementor-col-33 elementor-top-column elementor-element elementor-element-65400f1\" data-id=\"65400f1\" data-element_type=\"column\" data-e-type=\"column\" data-settings=\"{&quot;background_background&quot;:&quot;classic&quot;}\">\n\t\t\t<div class=\"elementor-widget-wrap elementor-element-populated\">\n\t\t\t\t\t\t<div class=\"elementor-element elementor-element-d3c4b39 elementor-widget elementor-widget-heading\" data-id=\"d3c4b39\" data-element_type=\"widget\" data-e-type=\"widget\" data-widget_type=\"heading.default\">\n\t\t\t\t<div class=\"elementor-widget-container\">\n\t\t\t\t\t<h2 class=\"elementor-heading-title elementor-size-default\">CURBING EMOTIONS<\/h2>\t\t\t\t<\/div>\n\t\t\t\t<\/div>\n\t\t\t\t<div class=\"elementor-element elementor-element-e7dcda6 elementor-widget elementor-widget-text-editor\" data-id=\"e7dcda6\" data-element_type=\"widget\" data-e-type=\"widget\" data-widget_type=\"text-editor.default\">\n\t\t\t\t<div class=\"elementor-widget-container\">\n\t\t\t\t\t\t\t\t\t<p><span style=\"color: #808080;\">A journey through the unexpected. A story woven from different fragments.<\/span><br \/><span style=\"color: #808080;\">When everything around is static, the music begins to move inward.<\/span><br \/><span style=\"color: #808080;\">Sight is no longer captivating. Intuition takes over in the exploration of meaning.<\/span><\/p><p><span style=\"color: #808080;\">Produced by <b>Cristian Ruiz de Lara<\/b>.<\/span><\/p>\t\t\t\t\t\t\t\t<\/div>\n\t\t\t\t<\/div>\n\t\t\t\t\t<\/div>\n\t\t<\/div>\n\t\t\t\t\t<\/div>\n\t\t<\/section>\n\t\t\t\t<section class=\"elementor-section elementor-top-section elementor-element elementor-element-c289bae elementor-section-boxed elementor-section-height-default elementor-section-height-default\" data-id=\"c289bae\" data-element_type=\"section\" data-e-type=\"section\">\n\t\t\t\t\t\t<div class=\"elementor-container elementor-column-gap-default\">\n\t\t\t\t\t<div class=\"elementor-column elementor-col-25 elementor-top-column elementor-element elementor-element-6838697\" data-id=\"6838697\" data-element_type=\"column\" data-e-type=\"column\">\n\t\t\t<div class=\"elementor-widget-wrap elementor-element-populated\">\n\t\t\t\t\t\t<div class=\"elementor-element elementor-element-20912e4 elementor-widget elementor-widget-testimonial\" data-id=\"20912e4\" data-element_type=\"widget\" data-e-type=\"widget\" data-widget_type=\"testimonial.default\">\n\t\t\t\t<div class=\"elementor-widget-container\">\n\t\t\t\t\t\t\t<div class=\"elementor-testimonial-wrapper\">\n\t\t\t\t\t\t\t<div class=\"elementor-testimonial-content\">If you like Curbing Emotions, we recommend:<\/div>\n\t\t\t\n\t\t\t\t\t\t<div class=\"elementor-testimonial-meta elementor-has-image elementor-testimonial-image-position-aside\">\n\t\t\t\t<div class=\"elementor-testimonial-meta-inner\">\n\t\t\t\t\t\t\t\t\t\t\t<div class=\"elementor-testimonial-image\">\n\t\t\t\t\t\t\t<a href=\"https:\/\/teslafm.net\/en\/ananke\/\" target=\"_blank\"><img decoding=\"async\" src=\"https:\/\/teslafm.net\/wp-content\/uploads\/elementor\/thumbs\/ANANKE\u0301-scaled-p2a5efmmionfvxdybdn3ocoz0lkefbg9ea66isd7la.jpg\" title=\"ANANK\u00c9\" alt=\"ANANKE\u0301\" loading=\"lazy\" \/><\/a>\t\t\t\t\t\t<\/div>\n\t\t\t\t\t\n\t\t\t\t\t\t\t\t\t\t<div class=\"elementor-testimonial-details\">\n\t\t\t\t\t\t\t\t\t\t\t\t\t\t<a class=\"elementor-testimonial-name\" href=\"https:\/\/teslafm.net\/en\/ananke\/\" target=\"_blank\">Anank\u00e9<\/a>\n\t\t\t\t\t\t\t\t\t\t\t\t\t\t\t\t\t\t\t\t\t\t<a class=\"elementor-testimonial-job\" href=\"https:\/\/teslafm.net\/en\/ananke\/\" target=\"_blank\">Jaco<\/a>\n\t\t\t\t\t\t\t\t\t\t\t\t\t<\/div>\n\t\t\t\t\t\t\t\t\t<\/div>\n\t\t\t<\/div>\n\t\t\t\t\t<\/div>\n\t\t\t\t\t\t<\/div>\n\t\t\t\t<\/div>\n\t\t\t\t\t<\/div>\n\t\t<\/div>\n\t\t\t\t<div class=\"elementor-column elementor-col-25 elementor-top-column elementor-element elementor-element-fa57c67\" data-id=\"fa57c67\" data-element_type=\"column\" data-e-type=\"column\">\n\t\t\t<div class=\"elementor-widget-wrap elementor-element-populated\">\n\t\t\t\t\t\t<div class=\"elementor-element elementor-element-cc5fe3a elementor-widget elementor-widget-testimonial\" data-id=\"cc5fe3a\" data-element_type=\"widget\" data-e-type=\"widget\" data-widget_type=\"testimonial.default\">\n\t\t\t\t<div class=\"elementor-widget-container\">\n\t\t\t\t\t\t\t<div class=\"elementor-testimonial-wrapper\">\n\t\t\t\t\t\t\t<div class=\"elementor-testimonial-content\">If you like TeslaFM, we recommend:<\/div>\n\t\t\t\n\t\t\t\t\t\t<div class=\"elementor-testimonial-meta elementor-has-image elementor-testimonial-image-position-aside\">\n\t\t\t\t<div class=\"elementor-testimonial-meta-inner\">\n\t\t\t\t\t\t\t\t\t\t\t<div class=\"elementor-testimonial-image\">\n\t\t\t\t\t\t\t<a href=\"https:\/\/teslafm.net\/en\/fair_play\/\" target=\"_blank\"><img decoding=\"async\" src=\"https:\/\/teslafm.net\/wp-content\/uploads\/elementor\/thumbs\/Fair-Play-Mix-logo-p6yyp3z4jdn3crcd5e76vb0yxxlp9jiejzn5v1414e.png\" title=\"Fair Play Mix logo\" alt=\"Fair Play Mix logo\" loading=\"lazy\" \/><\/a>\t\t\t\t\t\t<\/div>\n\t\t\t\t\t\n\t\t\t\t\t\t\t\t\t\t<div class=\"elementor-testimonial-details\">\n\t\t\t\t\t\t\t\t\t\t\t\t\t\t<a class=\"elementor-testimonial-name\" href=\"https:\/\/teslafm.net\/en\/fair_play\/\" target=\"_blank\">Fair_Play Mix<\/a>\n\t\t\t\t\t\t\t\t\t\t\t\t\t\t\t\t\t\t\t\t\t\t<a class=\"elementor-testimonial-job\" href=\"https:\/\/teslafm.net\/en\/fair_play\/\" target=\"_blank\">Fair_Play<\/a>\n\t\t\t\t\t\t\t\t\t\t\t\t\t<\/div>\n\t\t\t\t\t\t\t\t\t<\/div>\n\t\t\t<\/div>\n\t\t\t\t\t<\/div>\n\t\t\t\t\t\t<\/div>\n\t\t\t\t<\/div>\n\t\t\t\t\t<\/div>\n\t\t<\/div>\n\t\t\t\t<div class=\"elementor-column elementor-col-25 elementor-top-column elementor-element elementor-element-0a9ee1b\" data-id=\"0a9ee1b\" data-element_type=\"column\" data-e-type=\"column\">\n\t\t\t<div class=\"elementor-widget-wrap elementor-element-populated\">\n\t\t\t\t\t\t<div class=\"elementor-element elementor-element-fd47103 elementor-widget elementor-widget-testimonial\" data-id=\"fd47103\" data-element_type=\"widget\" data-e-type=\"widget\" data-widget_type=\"testimonial.default\">\n\t\t\t\t<div class=\"elementor-widget-container\">\n\t\t\t\t\t\t\t<div class=\"elementor-testimonial-wrapper\">\n\t\t\t\t\t\t\t<div class=\"elementor-testimonial-content\">If you like TeslaFM, we recommend:<\/div>\n\t\t\t\n\t\t\t\t\t\t<div class=\"elementor-testimonial-meta elementor-has-image elementor-testimonial-image-position-aside\">\n\t\t\t\t<div class=\"elementor-testimonial-meta-inner\">\n\t\t\t\t\t\t\t\t\t\t\t<div class=\"elementor-testimonial-image\">\n\t\t\t\t\t\t\t<a href=\"https:\/\/teslafm.net\/en\/mutabor\/\" target=\"_blank\"><img decoding=\"async\" src=\"https:\/\/teslafm.net\/wp-content\/uploads\/elementor\/thumbs\/MutaborSesion-e1590165577605-p1qjl6w3htba89qag3dt8abagchmnqipa7hev2wk32.jpg\" title=\"MutaborSession\" alt=\"MutaborSesion\" loading=\"lazy\" \/><\/a>\t\t\t\t\t\t<\/div>\n\t\t\t\t\t\n\t\t\t\t\t\t\t\t\t\t<div class=\"elementor-testimonial-details\">\n\t\t\t\t\t\t\t\t\t\t\t\t\t\t<a class=\"elementor-testimonial-name\" href=\"https:\/\/teslafm.net\/en\/mutabor\/\" target=\"_blank\">Mutabor<\/a>\n\t\t\t\t\t\t\t\t\t\t\t\t\t\t\t\t\t\t\t\t\t\t<a class=\"elementor-testimonial-job\" href=\"https:\/\/teslafm.net\/en\/mutabor\/\" target=\"_blank\">Fur Voice<\/a>\n\t\t\t\t\t\t\t\t\t\t\t\t\t<\/div>\n\t\t\t\t\t\t\t\t\t<\/div>\n\t\t\t<\/div>\n\t\t\t\t\t<\/div>\n\t\t\t\t\t\t<\/div>\n\t\t\t\t<\/div>\n\t\t\t\t\t<\/div>\n\t\t<\/div>\n\t\t\t\t<div class=\"elementor-column elementor-col-25 elementor-top-column elementor-element elementor-element-1ade39b\" data-id=\"1ade39b\" data-element_type=\"column\" data-e-type=\"column\">\n\t\t\t<div class=\"elementor-widget-wrap\">\n\t\t\t\t\t\t\t<\/div>\n\t\t<\/div>\n\t\t\t\t\t<\/div>\n\t\t<\/section>\n\t\t\t\t<section class=\"elementor-section elementor-top-section elementor-element elementor-element-0ea46b8 elementor-section-boxed elementor-section-height-default elementor-section-height-default\" data-id=\"0ea46b8\" data-element_type=\"section\" data-e-type=\"section\">\n\t\t\t\t\t\t<div class=\"elementor-container elementor-column-gap-default\">\n\t\t\t\t\t<div class=\"elementor-column elementor-col-100 elementor-top-column elementor-element elementor-element-54fdb0f\" data-id=\"54fdb0f\" data-element_type=\"column\" data-e-type=\"column\">\n\t\t\t<div class=\"elementor-widget-wrap elementor-element-populated\">\n\t\t\t\t\t\t<div class=\"elementor-element elementor-element-aa57b5a elementor-widget elementor-widget-spacer\" data-id=\"aa57b5a\" data-element_type=\"widget\" data-e-type=\"widget\" data-widget_type=\"spacer.default\">\n\t\t\t\t<div class=\"elementor-widget-container\">\n\t\t\t\t\t\t\t<div class=\"elementor-spacer\">\n\t\t\t<div class=\"elementor-spacer-inner\"><\/div>\n\t\t<\/div>\n\t\t\t\t\t\t<\/div>\n\t\t\t\t<\/div>\n\t\t\t\t\t<\/div>\n\t\t<\/div>\n\t\t\t\t\t<\/div>\n\t\t<\/section>\n\t\t\t\t<section class=\"elementor-section elementor-top-section elementor-element elementor-element-7da1f08 elementor-section-boxed elementor-section-height-default elementor-section-height-default\" data-id=\"7da1f08\" data-element_type=\"section\" data-e-type=\"section\">\n\t\t\t\t\t\t<div class=\"elementor-container elementor-column-gap-default\">\n\t\t\t\t\t<div class=\"elementor-column elementor-col-100 elementor-top-column elementor-element elementor-element-cb1de48\" data-id=\"cb1de48\" data-element_type=\"column\" data-e-type=\"column\">\n\t\t\t<div class=\"elementor-widget-wrap elementor-element-populated\">\n\t\t\t\t\t\t<div class=\"elementor-element elementor-element-722f338 elementor-widget elementor-widget-text-editor\" data-id=\"722f338\" data-element_type=\"widget\" data-e-type=\"widget\" data-widget_type=\"text-editor.default\">\n\t\t\t\t<div class=\"elementor-widget-container\">\n\t\t\t\t\t\t\t\t\t<p><a href=\"https:\/\/teslafm.net\/en\/curbing-emotions-7\/\"><strong>Curbing Emotions #7 \/ + info<\/strong><\/a> <span style=\"color: #808080;\"><em>July 2021<\/em><\/span><\/p><p><iframe src=\"https:\/\/www.mixcloud.com\/widget\/iframe\/?hide_cover=1&amp;feed=%2FTeslafm_net%2Fcurbing-emotions-7-cristian-ru%C3%ADz-de-lara%2F\" width=\"100%\" height=\"120\" frameborder=\"0\"><\/iframe><\/p><p><a href=\"https:\/\/teslafm.net\/en\/curbing-emotions-6\/\"><strong>Curbing Emotions #6 \/ + info<\/strong><\/a> <span style=\"color: #808080;\"><em>May 2021<\/em><\/span><\/p><p><iframe src=\"https:\/\/www.mixcloud.com\/widget\/iframe\/?hide_cover=1&amp;feed=%2FTeslafm_net%2Fcurbing-emotions-6-cristian-ru%C3%ADz-de-lara%2F\" width=\"100%\" height=\"120\" frameborder=\"0\"><\/iframe><\/p><p><a href=\"https:\/\/teslafm.net\/en\/curbing-emotions-5\/\"><strong>Curbing Emotions #5 \/ + info<\/strong><\/a> <span style=\"color: #808080;\"><em>April 2021<\/em><\/span><\/p><p><iframe src=\"https:\/\/www.mixcloud.com\/widget\/iframe\/?hide_cover=1&amp;feed=%2FTeslafm_net%2Fcurbing-emotions-5-cristian-ru%C3%ADz-de-lara%2F\" width=\"100%\" height=\"120\" frameborder=\"0\"><\/iframe><\/p><p><a href=\"https:\/\/teslafm.net\/en\/curbing-emotions-4\/\"><strong>Curbing Emotions #4 \/ + info<\/strong><\/a> <span style=\"color: #808080;\"><em>March 2021<\/em><\/span><\/p><p><iframe src=\"https:\/\/www.mixcloud.com\/widget\/iframe\/?hide_cover=1&amp;feed=%2FTeslafm_net%2Fcurbing-emotions-4-cristian-ruiz-de-lara%2F\" width=\"100%\" height=\"120\" frameborder=\"0\"><\/iframe><\/p><p><a href=\"https:\/\/teslafm.net\/en\/curbing-emotions-3\/\"><strong>Curbing Emotions #3 \/ + info<\/strong><\/a> <span style=\"color: #808080;\"><em>February 2021<\/em><\/span><\/p><p><iframe src=\"https:\/\/www.mixcloud.com\/widget\/iframe\/?hide_cover=1&amp;feed=%2FTeslafm_net%2Fcurbing-emotions-3-cristian-ruiz-de-lara%2F\" width=\"100%\" height=\"120\" frameborder=\"0\"><\/iframe><\/p><p><a href=\"https:\/\/teslafm.net\/en\/curbing-emotions-2\/\"><strong>Curbing Emotions #2 \/ + info<\/strong><\/a> <span style=\"color: #808080;\"><em>January 2021<\/em><\/span><\/p><p><iframe src=\"https:\/\/www.mixcloud.com\/widget\/iframe\/?hide_cover=1&amp;feed=%2FTeslafm_net%2Fcurbing-emotions-2-cristian-ruiz-de-lara%2F\" width=\"100%\" height=\"120\" frameborder=\"0\"><\/iframe><\/p><p><a href=\"https:\/\/teslafm.net\/en\/curbing-emotions-1\/\"><strong>Curbing Emotions #1 \/ + info<\/strong><\/a> <span style=\"color: #808080;\"><em>December 2020<\/em><\/span><\/p><p><iframe src=\"https:\/\/www.mixcloud.com\/widget\/iframe\/?hide_cover=1&amp;feed=%2FTeslafm_net%2Fcurbing-emotions-1-cristian-ruiz-de-lara%2F\" width=\"100%\" height=\"120\" frameborder=\"0\"><\/iframe><\/p>\t\t\t\t\t\t\t\t<\/div>\n\t\t\t\t<\/div>\n\t\t\t\t\t<\/div>\n\t\t<\/div>\n\t\t\t\t\t<\/div>\n\t\t<\/section>\n\t\t\t\t<\/div>","protected":false},"excerpt":{"rendered":"<p>CRISTIAN RU\u00cdZ DE LARA Con una experiencia relacionada con la ciencia, su inter\u00e9s por la m\u00fasica comenz\u00f3 temprano, mutando en un inter\u00e9s por el sonido. Actualmente colabora en un centro del hazlo-t\u00fa-mismo cultural y musical en Lituania, Empty Brain Resort. Descartando las barreras de los estilos, pero con el foco en la m\u00fasica creada m\u00e1s [&hellip;]<\/p>\n","protected":false},"author":19,"featured_media":0,"parent":0,"menu_order":0,"comment_status":"closed","ping_status":"closed","template":"","meta":{"footnotes":""},"class_list":["post-56507","page","type-page","status-publish","hentry"],"yoast_head":"<!-- This site is optimized with the Yoast SEO plugin v27.2 - https:\/\/yoast.com\/product\/yoast-seo-wordpress\/ -->\n<title>Curbing Emotions -<\/title>\n<meta name=\"robots\" content=\"index, follow, max-snippet:-1, max-image-preview:large, max-video-preview:-1\" \/>\n<link rel=\"canonical\" href=\"https:\/\/teslafm.net\/en\/curbing-emotions\/\" \/>\n<meta property=\"og:locale\" content=\"en_US\" \/>\n<meta property=\"og:type\" content=\"article\" \/>\n<meta property=\"og:title\" content=\"Curbing Emotions -\" \/>\n<meta property=\"og:description\" content=\"CRISTIAN RU\u00cdZ DE LARA Con una experiencia relacionada con la ciencia, su inter\u00e9s por la m\u00fasica comenz\u00f3 temprano, mutando en un inter\u00e9s por el sonido. Actualmente colabora en un centro del hazlo-t\u00fa-mismo cultural y musical en Lituania, Empty Brain Resort. Descartando las barreras de los estilos, pero con el foco en la m\u00fasica creada m\u00e1s [&hellip;]\" \/>\n<meta property=\"og:url\" content=\"https:\/\/teslafm.net\/en\/curbing-emotions\/\" \/>\n<meta property=\"article:publisher\" content=\"https:\/\/www.facebook.com\/teslafm.net\" \/>\n<meta property=\"article:modified_time\" content=\"2021-07-12T14:12:43+00:00\" \/>\n<meta property=\"og:image\" content=\"https:\/\/teslafm.net\/wp-content\/uploads\/2020\/11\/Cristian-Ruiz-de-Lara-300x300.jpg\" \/>\n<meta name=\"twitter:card\" content=\"summary_large_image\" \/>\n<meta name=\"twitter:site\" content=\"@teslafm\" \/>\n<meta name=\"twitter:label1\" content=\"Est. reading time\" \/>\n\t<meta name=\"twitter:data1\" content=\"2 minutes\" \/>\n<script type=\"application\/ld+json\" class=\"yoast-schema-graph\">{\"@context\":\"https:\/\/schema.org\",\"@graph\":[{\"@type\":\"WebPage\",\"@id\":\"https:\/\/teslafm.net\/curbing-emotions\/\",\"url\":\"https:\/\/teslafm.net\/curbing-emotions\/\",\"name\":\"Curbing Emotions -\",\"isPartOf\":{\"@id\":\"https:\/\/teslafm.net\/#website\"},\"primaryImageOfPage\":{\"@id\":\"https:\/\/teslafm.net\/curbing-emotions\/#primaryimage\"},\"image\":{\"@id\":\"https:\/\/teslafm.net\/curbing-emotions\/#primaryimage\"},\"thumbnailUrl\":\"https:\/\/teslafm.net\/wp-content\/uploads\/2020\/11\/Cristian-Ruiz-de-Lara-300x300.jpg\",\"datePublished\":\"2018-11-29T13:36:34+00:00\",\"dateModified\":\"2021-07-12T14:12:43+00:00\",\"breadcrumb\":{\"@id\":\"https:\/\/teslafm.net\/curbing-emotions\/#breadcrumb\"},\"inLanguage\":\"en-US\",\"potentialAction\":[{\"@type\":\"ReadAction\",\"target\":[\"https:\/\/teslafm.net\/curbing-emotions\/\"]}]},{\"@type\":\"ImageObject\",\"inLanguage\":\"en-US\",\"@id\":\"https:\/\/teslafm.net\/curbing-emotions\/#primaryimage\",\"url\":\"https:\/\/teslafm.net\/wp-content\/uploads\/2020\/11\/Cristian-Ruiz-de-Lara-300x300.jpg\",\"contentUrl\":\"https:\/\/teslafm.net\/wp-content\/uploads\/2020\/11\/Cristian-Ruiz-de-Lara-300x300.jpg\"},{\"@type\":\"BreadcrumbList\",\"@id\":\"https:\/\/teslafm.net\/curbing-emotions\/#breadcrumb\",\"itemListElement\":[{\"@type\":\"ListItem\",\"position\":1,\"name\":\"Portada\",\"item\":\"https:\/\/teslafm.net\/\"},{\"@type\":\"ListItem\",\"position\":2,\"name\":\"Curbing Emotions\"}]},{\"@type\":\"WebSite\",\"@id\":\"https:\/\/teslafm.net\/#website\",\"url\":\"https:\/\/teslafm.net\/\",\"name\":\"TeslaFM\",\"description\":\"An experimental and creative radio\",\"publisher\":{\"@id\":\"https:\/\/teslafm.net\/#organization\"},\"potentialAction\":[{\"@type\":\"SearchAction\",\"target\":{\"@type\":\"EntryPoint\",\"urlTemplate\":\"https:\/\/teslafm.net\/?s={search_term_string}\"},\"query-input\":{\"@type\":\"PropertyValueSpecification\",\"valueRequired\":true,\"valueName\":\"search_term_string\"}}],\"inLanguage\":\"en-US\"},{\"@type\":\"Organization\",\"@id\":\"https:\/\/teslafm.net\/#organization\",\"name\":\"TeslaFM\",\"url\":\"https:\/\/teslafm.net\/\",\"logo\":{\"@type\":\"ImageObject\",\"inLanguage\":\"en-US\",\"@id\":\"https:\/\/teslafm.net\/#\/schema\/logo\/image\/\",\"url\":\"https:\/\/teslafm.net\/wp-content\/uploads\/2020\/06\/logo-tesla.png\",\"contentUrl\":\"https:\/\/teslafm.net\/wp-content\/uploads\/2020\/06\/logo-tesla.png\",\"width\":512,\"height\":512,\"caption\":\"TeslaFM\"},\"image\":{\"@id\":\"https:\/\/teslafm.net\/#\/schema\/logo\/image\/\"},\"sameAs\":[\"https:\/\/www.facebook.com\/teslafm.net\",\"https:\/\/x.com\/teslafm\"]}]}<\/script>\n<!-- \/ Yoast SEO plugin. -->","yoast_head_json":{"title":"Curbing Emotions -","robots":{"index":"index","follow":"follow","max-snippet":"max-snippet:-1","max-image-preview":"max-image-preview:large","max-video-preview":"max-video-preview:-1"},"canonical":"https:\/\/teslafm.net\/en\/curbing-emotions\/","og_locale":"en_US","og_type":"article","og_title":"Curbing Emotions -","og_description":"CRISTIAN RU\u00cdZ DE LARA Con una experiencia relacionada con la ciencia, su inter\u00e9s por la m\u00fasica comenz\u00f3 temprano, mutando en un inter\u00e9s por el sonido. Actualmente colabora en un centro del hazlo-t\u00fa-mismo cultural y musical en Lituania, Empty Brain Resort. Descartando las barreras de los estilos, pero con el foco en la m\u00fasica creada m\u00e1s [&hellip;]","og_url":"https:\/\/teslafm.net\/en\/curbing-emotions\/","article_publisher":"https:\/\/www.facebook.com\/teslafm.net","article_modified_time":"2021-07-12T14:12:43+00:00","og_image":[{"url":"https:\/\/teslafm.net\/wp-content\/uploads\/2020\/11\/Cristian-Ruiz-de-Lara-300x300.jpg","type":"","width":"","height":""}],"twitter_card":"summary_large_image","twitter_site":"@teslafm","twitter_misc":{"Est. reading time":"2 minutes"},"schema":{"@context":"https:\/\/schema.org","@graph":[{"@type":"WebPage","@id":"https:\/\/teslafm.net\/curbing-emotions\/","url":"https:\/\/teslafm.net\/curbing-emotions\/","name":"Curbing Emotions -","isPartOf":{"@id":"https:\/\/teslafm.net\/#website"},"primaryImageOfPage":{"@id":"https:\/\/teslafm.net\/curbing-emotions\/#primaryimage"},"image":{"@id":"https:\/\/teslafm.net\/curbing-emotions\/#primaryimage"},"thumbnailUrl":"https:\/\/teslafm.net\/wp-content\/uploads\/2020\/11\/Cristian-Ruiz-de-Lara-300x300.jpg","datePublished":"2018-11-29T13:36:34+00:00","dateModified":"2021-07-12T14:12:43+00:00","breadcrumb":{"@id":"https:\/\/teslafm.net\/curbing-emotions\/#breadcrumb"},"inLanguage":"en-US","potentialAction":[{"@type":"ReadAction","target":["https:\/\/teslafm.net\/curbing-emotions\/"]}]},{"@type":"ImageObject","inLanguage":"en-US","@id":"https:\/\/teslafm.net\/curbing-emotions\/#primaryimage","url":"https:\/\/teslafm.net\/wp-content\/uploads\/2020\/11\/Cristian-Ruiz-de-Lara-300x300.jpg","contentUrl":"https:\/\/teslafm.net\/wp-content\/uploads\/2020\/11\/Cristian-Ruiz-de-Lara-300x300.jpg"},{"@type":"BreadcrumbList","@id":"https:\/\/teslafm.net\/curbing-emotions\/#breadcrumb","itemListElement":[{"@type":"ListItem","position":1,"name":"Portada","item":"https:\/\/teslafm.net\/"},{"@type":"ListItem","position":2,"name":"Curbing Emotions"}]},{"@type":"WebSite","@id":"https:\/\/teslafm.net\/#website","url":"https:\/\/teslafm.net\/","name":"TeslaFM","description":"An experimental and creative radio","publisher":{"@id":"https:\/\/teslafm.net\/#organization"},"potentialAction":[{"@type":"SearchAction","target":{"@type":"EntryPoint","urlTemplate":"https:\/\/teslafm.net\/?s={search_term_string}"},"query-input":{"@type":"PropertyValueSpecification","valueRequired":true,"valueName":"search_term_string"}}],"inLanguage":"en-US"},{"@type":"Organization","@id":"https:\/\/teslafm.net\/#organization","name":"TeslaFM","url":"https:\/\/teslafm.net\/","logo":{"@type":"ImageObject","inLanguage":"en-US","@id":"https:\/\/teslafm.net\/#\/schema\/logo\/image\/","url":"https:\/\/teslafm.net\/wp-content\/uploads\/2020\/06\/logo-tesla.png","contentUrl":"https:\/\/teslafm.net\/wp-content\/uploads\/2020\/06\/logo-tesla.png","width":512,"height":512,"caption":"TeslaFM"},"image":{"@id":"https:\/\/teslafm.net\/#\/schema\/logo\/image\/"},"sameAs":["https:\/\/www.facebook.com\/teslafm.net","https:\/\/x.com\/teslafm"]}]}},"rttpg_featured_image_url":null,"rttpg_author":{"display_name":"Ishak","author_link":"https:\/\/teslafm.net\/en\/author\/cravan\/"},"rttpg_comment":0,"rttpg_category":null,"rttpg_excerpt":"CRISTIAN RU\u00cdZ DE LARA Con una experiencia relacionada con la ciencia, su inter\u00e9s por la m\u00fasica comenz\u00f3 temprano, mutando en un inter\u00e9s por el sonido. Actualmente colabora en un centro del hazlo-t\u00fa-mismo cultural y musical en Lituania, Empty Brain Resort. Descartando las barreras de los estilos, pero con el foco en la m\u00fasica creada m\u00e1s&hellip;","_links":{"self":[{"href":"https:\/\/teslafm.net\/en\/wp-json\/wp\/v2\/pages\/56507","targetHints":{"allow":["GET"]}}],"collection":[{"href":"https:\/\/teslafm.net\/en\/wp-json\/wp\/v2\/pages"}],"about":[{"href":"https:\/\/teslafm.net\/en\/wp-json\/wp\/v2\/types\/page"}],"author":[{"embeddable":true,"href":"https:\/\/teslafm.net\/en\/wp-json\/wp\/v2\/users\/19"}],"replies":[{"embeddable":true,"href":"https:\/\/teslafm.net\/en\/wp-json\/wp\/v2\/comments?post=56507"}],"version-history":[{"count":14,"href":"https:\/\/teslafm.net\/en\/wp-json\/wp\/v2\/pages\/56507\/revisions"}],"predecessor-version":[{"id":58389,"href":"https:\/\/teslafm.net\/en\/wp-json\/wp\/v2\/pages\/56507\/revisions\/58389"}],"wp:attachment":[{"href":"https:\/\/teslafm.net\/en\/wp-json\/wp\/v2\/media?parent=56507"}],"curies":[{"name":"wp","href":"https:\/\/api.w.org\/{rel}","templated":true}]}}