

{"id":56574,"date":"2018-12-23T14:43:38","date_gmt":"2018-12-23T13:43:38","guid":{"rendered":"https:\/\/teslafm.net\/?page_id=56574"},"modified":"2022-12-07T14:04:25","modified_gmt":"2022-12-07T13:04:25","slug":"luna-llena","status":"publish","type":"page","link":"https:\/\/teslafm.net\/en\/luna-llena\/","title":{"rendered":"Full Moon"},"content":{"rendered":"\t\t<div data-elementor-type=\"wp-page\" data-elementor-id=\"56574\" class=\"elementor elementor-56574\">\n\t\t\t\t\t\t<section class=\"elementor-section elementor-top-section elementor-element elementor-element-999f5af elementor-section-boxed elementor-section-height-default elementor-section-height-default\" data-id=\"999f5af\" data-element_type=\"section\" data-e-type=\"section\">\n\t\t\t\t\t\t<div class=\"elementor-container elementor-column-gap-default\">\n\t\t\t\t\t<div class=\"elementor-column elementor-col-33 elementor-top-column elementor-element elementor-element-faf990f\" data-id=\"faf990f\" data-element_type=\"column\" data-e-type=\"column\">\n\t\t\t<div class=\"elementor-widget-wrap elementor-element-populated\">\n\t\t\t\t\t\t<div class=\"elementor-element elementor-element-ed9e134 elementor-widget elementor-widget-image\" data-id=\"ed9e134\" data-element_type=\"widget\" data-e-type=\"widget\" data-widget_type=\"image.default\">\n\t\t\t\t<div class=\"elementor-widget-container\">\n\t\t\t\t\t\t\t\t\t\t\t\t\t\t\t<img fetchpriority=\"high\" decoding=\"async\" width=\"300\" height=\"300\" src=\"https:\/\/teslafm.net\/wp-content\/uploads\/2022\/01\/shak-ea7dm-300x300.png\" class=\"attachment-medium size-medium wp-image-59291\" alt=\"\" srcset=\"https:\/\/teslafm.net\/wp-content\/uploads\/2022\/01\/shak-ea7dm-300x300.png 300w, https:\/\/teslafm.net\/wp-content\/uploads\/2022\/01\/shak-ea7dm-150x150.png 150w, https:\/\/teslafm.net\/wp-content\/uploads\/2022\/01\/shak-ea7dm.png 425w\" sizes=\"(max-width: 300px) 100vw, 300px\" \/>\t\t\t\t\t\t\t\t\t\t\t\t\t\t\t<\/div>\n\t\t\t\t<\/div>\n\t\t\t\t\t<\/div>\n\t\t<\/div>\n\t\t\t\t<div class=\"elementor-column elementor-col-33 elementor-top-column elementor-element elementor-element-74da840\" data-id=\"74da840\" data-element_type=\"column\" data-e-type=\"column\" data-settings=\"{&quot;background_background&quot;:&quot;classic&quot;}\">\n\t\t\t<div class=\"elementor-widget-wrap elementor-element-populated\">\n\t\t\t\t\t\t<div class=\"elementor-element elementor-element-bd8fcf8 elementor-widget elementor-widget-heading\" data-id=\"bd8fcf8\" data-element_type=\"widget\" data-e-type=\"widget\" data-widget_type=\"heading.default\">\n\t\t\t\t<div class=\"elementor-widget-container\">\n\t\t\t\t\t<h2 class=\"elementor-heading-title elementor-size-default\">ISHAK BENAVIDES &amp; MIRIAM CASAL<\/h2>\t\t\t\t<\/div>\n\t\t\t\t<\/div>\n\t\t\t\t<div class=\"elementor-element elementor-element-4afbcca elementor-widget elementor-widget-text-editor\" data-id=\"4afbcca\" data-element_type=\"widget\" data-e-type=\"widget\" data-widget_type=\"text-editor.default\">\n\t\t\t\t<div class=\"elementor-widget-container\">\n\t\t\t\t\t\t\t\t\t<div class=\"elementor-element elementor-element-3fb23d4 elementor-widget elementor-widget-text-editor\" data-id=\"3fb23d4\" data-element_type=\"widget\" data-widget_type=\"text-editor.default\"><div class=\"elementor-widget-container\"><div class=\"elementor-text-editor elementor-clearfix\"><p>Ishak Benavides produce Luna Llena, con la colaboraci\u00f3n de Ea7_dmZ.<\/p><div class=\"elementor-element elementor-element-efe9f6e elementor-widget elementor-widget-text-editor\" data-id=\"efe9f6e\" data-element_type=\"widget\" data-widget_type=\"text-editor.default\"><div class=\"elementor-widget-container\"><div class=\"elementor-text-editor elementor-clearfix\"><p><strong>Ea7_dmZ<\/strong> es <a href=\"https:\/\/miriamcasal.wordpress.com\">Miriam Casal<\/a>, sevillana de formaci\u00f3n cl\u00e1sica que sent\u00f3 su campamento base en la ciudad de Barcelona desde finales de los 90. Dj desde entonces, ha estado involucrada en la escena underground de la ciudad condal, trabajando en producci\u00f3n de festivales como el <b>LEM<\/b>, organizando festivales alternativos, formando parte de proyectos en los que poder desarrollar su faceta musical o su amor por el arte interdisciplinar e interactivo.<\/p><\/div><\/div><\/div><\/div><\/div><\/div>\t\t\t\t\t\t\t\t<\/div>\n\t\t\t\t<\/div>\n\t\t\t\t\t<\/div>\n\t\t<\/div>\n\t\t\t\t<div class=\"elementor-column elementor-col-33 elementor-top-column elementor-element elementor-element-55770bf\" data-id=\"55770bf\" data-element_type=\"column\" data-e-type=\"column\" data-settings=\"{&quot;background_background&quot;:&quot;classic&quot;}\">\n\t\t\t<div class=\"elementor-widget-wrap elementor-element-populated\">\n\t\t\t\t\t\t<div class=\"elementor-element elementor-element-6619fd5 elementor-widget elementor-widget-heading\" data-id=\"6619fd5\" data-element_type=\"widget\" data-e-type=\"widget\" data-widget_type=\"heading.default\">\n\t\t\t\t<div class=\"elementor-widget-container\">\n\t\t\t\t\t<h2 class=\"elementor-heading-title elementor-size-default\">LUNA LLENA<\/h2>\t\t\t\t<\/div>\n\t\t\t\t<\/div>\n\t\t\t\t<div class=\"elementor-element elementor-element-1544551 elementor-widget elementor-widget-text-editor\" data-id=\"1544551\" data-element_type=\"widget\" data-e-type=\"widget\" data-widget_type=\"text-editor.default\">\n\t\t\t\t<div class=\"elementor-widget-container\">\n\t\t\t\t\t\t\t\t\t<p><span style=\"color: #808080;\">Luna llena es un espacio de TeslaFM que se programa cada 28 d\u00edas, coincidiendo con cada noche de luna llena. Es un canal donde conectar la libre expresi\u00f3n, el acto creativo, los ejercicios art\u00edsticos con el influjo del sat\u00e9lite en los estados l\u00fanaticos asociados a la locura y las emociones exaltadas.<\/span><\/p><p><span style=\"color: #808080;\">Producido por <strong>Ishak Benavides<\/strong> y <strong>Ea7_dmZ<\/strong>.<\/span><\/p>\t\t\t\t\t\t\t\t<\/div>\n\t\t\t\t<\/div>\n\t\t\t\t\t<\/div>\n\t\t<\/div>\n\t\t\t\t\t<\/div>\n\t\t<\/section>\n\t\t\t\t<section class=\"elementor-section elementor-top-section elementor-element elementor-element-394667a elementor-section-boxed elementor-section-height-default elementor-section-height-default\" data-id=\"394667a\" data-element_type=\"section\" data-e-type=\"section\">\n\t\t\t\t\t\t<div class=\"elementor-container elementor-column-gap-default\">\n\t\t\t\t\t<div class=\"elementor-column elementor-col-100 elementor-top-column elementor-element elementor-element-8542f24\" data-id=\"8542f24\" data-element_type=\"column\" data-e-type=\"column\">\n\t\t\t<div class=\"elementor-widget-wrap elementor-element-populated\">\n\t\t\t\t\t\t<div class=\"elementor-element elementor-element-af85942 elementor-widget elementor-widget-spacer\" data-id=\"af85942\" data-element_type=\"widget\" data-e-type=\"widget\" data-widget_type=\"spacer.default\">\n\t\t\t\t<div class=\"elementor-widget-container\">\n\t\t\t\t\t\t\t<div class=\"elementor-spacer\">\n\t\t\t<div class=\"elementor-spacer-inner\"><\/div>\n\t\t<\/div>\n\t\t\t\t\t\t<\/div>\n\t\t\t\t<\/div>\n\t\t\t\t\t<\/div>\n\t\t<\/div>\n\t\t\t\t\t<\/div>\n\t\t<\/section>\n\t\t\t\t<section class=\"elementor-section elementor-top-section elementor-element elementor-element-118c9770 elementor-section-boxed elementor-section-height-default elementor-section-height-default\" data-id=\"118c9770\" data-element_type=\"section\" data-e-type=\"section\">\n\t\t\t\t\t\t<div class=\"elementor-container elementor-column-gap-default\">\n\t\t\t\t\t<div class=\"elementor-column elementor-col-100 elementor-top-column elementor-element elementor-element-66edd9ac\" data-id=\"66edd9ac\" data-element_type=\"column\" data-e-type=\"column\">\n\t\t\t<div class=\"elementor-widget-wrap elementor-element-populated\">\n\t\t\t\t\t\t<div class=\"elementor-element elementor-element-5cd1db5 elementor-widget elementor-widget-text-editor\" data-id=\"5cd1db5\" data-element_type=\"widget\" data-e-type=\"widget\" data-widget_type=\"text-editor.default\">\n\t\t\t\t<div class=\"elementor-widget-container\">\n\t\t\t\t\t\t\t\t\t<p><a href=\"https:\/\/teslafm.net\/luna-llena-21\"><strong>Luna llena #21 \/ + info<\/strong><\/a> <span style=\"color: #808080;\"><em>La luna de Verne y M\u00e9li\u00e8s<\/em><\/span><\/p><p><iframe src=\"https:\/\/www.mixcloud.com\/widget\/iframe\/?hide_cover=1&amp;feed=%2FTeslafm_net%2Fluna-llena-21-la-luna-de-verne-y-m%C3%A9li%C3%A8s%2F\" width=\"100%\" height=\"120\" frameborder=\"0\"><\/iframe><\/p><p><a href=\"https:\/\/teslafm.net\/luna-llena-20\/\"><strong>Luna llena #20 \/ + info<\/strong><\/a> <span style=\"color: #808080;\"><em>Egipto y la luna<\/em><\/span><\/p><p><iframe src=\"https:\/\/www.mixcloud.com\/widget\/iframe\/?hide_cover=1&amp;feed=%2FTeslafm_net%2Fluna-llena-20-egipto-y-la-luna%2F\" width=\"100%\" height=\"120\" frameborder=\"0\"><\/iframe><\/p><p><a href=\"https:\/\/teslafm.net\/luna-llena-19\/\"><strong>Luna llena #19 \/ + info<\/strong><\/a> <span style=\"color: #808080;\"><em>Un lugar en el cementerio<\/em><\/span><\/p><p><iframe src=\"https:\/\/www.mixcloud.com\/widget\/iframe\/?hide_cover=1&amp;feed=%2FTeslafm_net%2Fluna-llena-19-un-lugar-en-el-cementerio%2F\" width=\"100%\" height=\"120\" frameborder=\"0\"><\/iframe><\/p><p><a href=\"https:\/\/teslafm.net\/luna-llena-18\/\"><strong>Luna llena #18 \/ + info<\/strong><\/a> <span style=\"color: #808080;\"><em>El don oscuro<\/em><\/span><\/p><p><iframe src=\"https:\/\/www.mixcloud.com\/widget\/iframe\/?hide_cover=1&amp;feed=%2FTeslafm_net%2Fluna-llena-18-el-don-oscuro%2F\" width=\"100%\" height=\"120\" frameborder=\"0\"><\/iframe><\/p><p><a href=\"https:\/\/teslafm.net\/luna-llena-17\/\"><strong>Luna llena #17 \/ + info<\/strong> <\/a><span style=\"color: #808080;\"><em>Mercurio, azufre y sal (la alquimia)<\/em><\/span><\/p><p><iframe src=\"https:\/\/www.mixcloud.com\/widget\/iframe\/?hide_cover=1&amp;feed=%2FTeslafm_net%2Fluna-llena-17-mercurio-azufre-y-sal-la-alquimia%2F\" width=\"100%\" height=\"120\" frameborder=\"0\"><\/iframe><\/p><p><a href=\"https:\/\/teslafm.net\/luna-llena-16\/\"><strong>Luna llena #16 \/ + info<\/strong> <\/a><span style=\"color: #808080;\"><em>Ciencias in\u00fatiles no ilustradas [la &#8216;pataf\u00edsica]<\/em><\/span><\/p><p><iframe src=\"https:\/\/www.mixcloud.com\/widget\/iframe\/?hide_cover=1&amp;feed=%2FTeslafm_net%2Fluna-llena-16-ciencias-in%C3%BAtiles-no-ilustradas-la-pataf%C3%ADsica%2F\" width=\"100%\" height=\"120\" frameborder=\"0\"><\/iframe><\/p><p><a href=\"https:\/\/teslafm.net\/luna-llena-15\/\"><strong>Luna llena #15 \/ + info<\/strong><\/a> <span style=\"color: #808080;\"><em>Dance, girl, dance<\/em><\/span><\/p><p><iframe src=\"https:\/\/www.mixcloud.com\/widget\/iframe\/?hide_cover=1&amp;feed=%2FTeslafm_net%2Fluna-llena-15-dance-girl-dance%2F\" width=\"100%\" height=\"120\" frameborder=\"0\"><\/iframe><\/p><p><a href=\"https:\/\/teslafm.net\/luna-llena-14\/\"><strong>Luna llena #14 \/ + info<\/strong> <\/a><span style=\"color: #808080;\"><em>Brujer\u00eda y Herej\u00eda<\/em><\/span><\/p><p><iframe src=\"https:\/\/www.mixcloud.com\/widget\/iframe\/?hide_cover=1&amp;feed=%2FTeslafm_net%2Fluna-llena-14-brujer%C3%ADa-y-herej%C3%ADa%2F\" width=\"100%\" height=\"120\" frameborder=\"0\"><\/iframe><\/p><p><a href=\"https:\/\/teslafm.net\/luna-llena-13\/\"><strong>Luna llena #13 \/ + info<\/strong><\/a> <span style=\"color: #808080;\"><em>El esp\u00edritu de Montmatre<\/em><\/span><\/p><p><iframe src=\"https:\/\/www.mixcloud.com\/widget\/iframe\/?hide_cover=1&amp;feed=%2FTeslafm_net%2Fluna-llena-13-el-esp%C3%ADritu-de-montmatre%2F\" width=\"100%\" height=\"120\" frameborder=\"0\"><\/iframe><\/p><p><a href=\"https:\/\/teslafm.net\/luna-llena-12\/\"><strong>Luna llena #12 \/ + info<\/strong> <\/a><span style=\"color: #808080;\"><em>En los m\u00e1rgenes (la locura)<\/em><\/span><\/p><p><iframe src=\"https:\/\/www.mixcloud.com\/widget\/iframe\/?hide_cover=1&amp;feed=%2FTeslafm_net%2Fluna-llena-12-en-los-m%C3%A1rgenes-la-locura%2F\" width=\"100%\" height=\"120\" frameborder=\"0\"><\/iframe><\/p><p><a href=\"https:\/\/teslafm.net\/luna-llena-11\/\"><strong>Luna llena #11 \/ + info<\/strong><\/a> <span style=\"color: #808080;\"><em>Licantrop\u00eda<\/em><\/span><\/p><p><iframe src=\"https:\/\/www.mixcloud.com\/widget\/iframe\/?hide_cover=1&amp;feed=%2FTeslafm_net%2Fluna-llena-11-licantrop%C3%ADa%2F\" width=\"100%\" height=\"120\" frameborder=\"0\"><\/iframe><\/p><p><a href=\"https:\/\/teslafm.net\/luna-llena-10\/\"><strong>Luna llena #10 \/ + info<\/strong><\/a> <span style=\"color: #808080;\"><em>Ciencia y Espiritualidad<\/em><\/span><\/p><p><iframe src=\"https:\/\/www.mixcloud.com\/widget\/iframe\/?hide_cover=1&amp;feed=%2FTeslafm_net%2Fluna-llena-10-ciencia-y-espiritualidad%2F\" width=\"100%\" height=\"120\" frameborder=\"0\"><\/iframe><\/p><p><a href=\"https:\/\/teslafm.net\/luna-llena-9\/\"><strong>Luna llena #9 \/ + info<\/strong><\/a> <span style=\"color: #808080;\"><em>La fiebre de la caba\u00f1a<\/em><\/span><\/p><p><iframe src=\"https:\/\/www.mixcloud.com\/widget\/iframe\/?hide_cover=1&amp;feed=%2FTeslafm_net%2Fluna-llena-9-la-fiebre-de-la-caba%C3%B1a%2F\" width=\"100%\" height=\"120\" frameborder=\"0\"><\/iframe><\/p><p><a href=\"https:\/\/teslafm.net\/luna-llena-8\/\"><strong>Luna llena #8 \/ + info <\/strong><\/a><span style=\"color: #808080;\"><em>El C\u00edrculo de Costura<\/em><\/span><\/p><p><iframe src=\"https:\/\/www.mixcloud.com\/widget\/iframe\/?hide_cover=1&amp;feed=%2FTeslafm_net%2Fluna-llena-8-el-c%C3%ADrculo-de-costura%2F\" width=\"100%\" height=\"120\" frameborder=\"0\"><\/iframe><\/p><p><a href=\"https:\/\/teslafm.net\/luna-llena-7\/\"><strong>Luna llena #7 \/ + info <\/strong><\/a><em><span style=\"color: #808080;\"><i>Et\u00fcde um Der Blaue Engel<\/i><\/span>\u00a0<\/em><\/p><p><iframe src=\"https:\/\/www.mixcloud.com\/widget\/iframe\/?hide_cover=1&amp;feed=%2FTeslafm_net%2Fluna-llena-7-et%C3%BCde-um-der-blaue-engel%2F\" width=\"100%\" height=\"120\" frameborder=\"0\"><\/iframe><\/p><p><a href=\"https:\/\/teslafm.net\/luna-llena-6\/\"><strong>Luna llena #6 \/ + info <\/strong><\/a><span style=\"color: #808080;\"><em>No desitjo un Estat a ning\u00fa<\/em><\/span><\/p><p><iframe src=\"https:\/\/www.mixcloud.com\/widget\/iframe\/?hide_cover=1&amp;feed=%2FTeslafm_net%2Fluna-llena-6-no-desitjo-un-estat-a-ning%C3%BA%2F\" width=\"100%\" height=\"120\" frameborder=\"0\"><\/iframe><\/p><p><a href=\"https:\/\/teslafm.net\/luna-llena-5\/\"><strong>Luna llena #5 \/ + info <\/strong><\/a><span style=\"color: #808080;\"><em>Espiritismo y Amalia Domingo Soler<\/em><\/span><\/p><p><iframe src=\"https:\/\/www.mixcloud.com\/widget\/iframe\/?hide_cover=1&amp;feed=%2FTeslafm_net%2Fluna-llena-5-espiritismo-y-amalia-domingo-soler%2F\" width=\"100%\" height=\"120\" frameborder=\"0\"><\/iframe><\/p><p><a href=\"https:\/\/teslafm.net\/luna-llena-4\/\"><strong>Luna llena #4 \/ + info<\/strong> <\/a><span style=\"color: #808080;\"><em>El reino de Th\u00e1natos<\/em><\/span><\/p><p><iframe src=\"https:\/\/www.mixcloud.com\/widget\/iframe\/?hide_cover=1&amp;feed=%2FTeslafm_net%2Fluna-llena-4-shak-benavides-ea7_dmz%2F\" width=\"100%\" height=\"120\" frameborder=\"0\"><\/iframe><\/p><p><a href=\"https:\/\/teslafm.net\/luna-llena-3\/\"><strong>Luna llena #3 \/ + info <\/strong><\/a><span style=\"color: #808080;\"><em>Tarot 1919 &#8211; 2019<\/em><\/span><\/p><p><iframe src=\"https:\/\/www.mixcloud.com\/widget\/iframe\/?hide_cover=1&amp;feed=%2FTeslafm_net%2Fluna-llena-3-shak-benavides-ea7_dmz%2F\" width=\"100%\" height=\"120\" frameborder=\"0\"><\/iframe><\/p><p><a href=\"https:\/\/teslafm.net\/luna-llena-2\/\"><strong>Luna llena #2 \/ + info <\/strong><\/a><span style=\"color: #808080;\"><em>Dad\u00e1 y M\u00fasica Vanguardista<\/em><\/span><\/p><p><iframe src=\"https:\/\/www.mixcloud.com\/widget\/iframe\/?hide_cover=1&amp;feed=%2FTeslafm_net%2Fluna-llena-2-dad%C3%A1-y-m%C3%BAsica-vanguardista%2F\" width=\"100%\" height=\"120\" frameborder=\"0\"><\/iframe><\/p><p><a href=\"https:\/\/teslafm.net\/luna-llena-1\/\"><strong>Luna llena #1 \/ + info<\/strong> <\/a><span style=\"color: #808080;\"><em>Carmilla Deconstruida de J.Sheridan Le Fanu<\/em><\/span><\/p><p><iframe src=\"https:\/\/www.mixcloud.com\/widget\/iframe\/?hide_cover=1&amp;feed=%2FTeslafm_net%2Fluna-llena-carmilla-deconstructed%2F\" width=\"100%\" height=\"120\" frameborder=\"0\"><\/iframe><\/p>\t\t\t\t\t\t\t\t<\/div>\n\t\t\t\t<\/div>\n\t\t\t\t\t<\/div>\n\t\t<\/div>\n\t\t\t\t\t<\/div>\n\t\t<\/section>\n\t\t\t\t<\/div>\n\t\t","protected":false},"excerpt":{"rendered":"<p>ISHAK BENAVIDES &#038; MIRIAM CASAL Ishak Benavides produce Luna Llena, con la colaboraci\u00f3n de Ea7_dmZ. Ea7_dmZ es Miriam Casal, sevillana de formaci\u00f3n cl\u00e1sica que sent\u00f3 su campamento base en la ciudad de Barcelona desde finales de los 90. Dj desde entonces, ha estado involucrada en la escena underground de la ciudad condal, trabajando en producci\u00f3n [&hellip;]<\/p>\n","protected":false},"author":19,"featured_media":0,"parent":0,"menu_order":0,"comment_status":"closed","ping_status":"closed","template":"","meta":{"footnotes":""},"class_list":["post-56574","page","type-page","status-publish","hentry"],"yoast_head":"<!-- This site is optimized with the Yoast SEO plugin v27.2 - https:\/\/yoast.com\/product\/yoast-seo-wordpress\/ -->\n<title>Luna Llena -<\/title>\n<meta name=\"robots\" content=\"index, follow, max-snippet:-1, max-image-preview:large, max-video-preview:-1\" \/>\n<link rel=\"canonical\" href=\"https:\/\/teslafm.net\/en\/luna-llena\/\" \/>\n<meta property=\"og:locale\" content=\"en_US\" \/>\n<meta property=\"og:type\" content=\"article\" \/>\n<meta property=\"og:title\" content=\"Luna Llena -\" \/>\n<meta property=\"og:description\" content=\"ISHAK BENAVIDES &#038; MIRIAM CASAL Ishak Benavides produce Luna Llena, con la colaboraci\u00f3n de Ea7_dmZ. Ea7_dmZ es Miriam Casal, sevillana de formaci\u00f3n cl\u00e1sica que sent\u00f3 su campamento base en la ciudad de Barcelona desde finales de los 90. Dj desde entonces, ha estado involucrada en la escena underground de la ciudad condal, trabajando en producci\u00f3n [&hellip;]\" \/>\n<meta property=\"og:url\" content=\"https:\/\/teslafm.net\/en\/luna-llena\/\" \/>\n<meta property=\"article:publisher\" content=\"https:\/\/www.facebook.com\/teslafm.net\" \/>\n<meta property=\"article:modified_time\" content=\"2022-12-07T13:04:25+00:00\" \/>\n<meta property=\"og:image\" content=\"https:\/\/teslafm.net\/wp-content\/uploads\/2022\/01\/shak-ea7dm-300x300.png\" \/>\n<meta name=\"twitter:card\" content=\"summary_large_image\" \/>\n<meta name=\"twitter:site\" content=\"@teslafm\" \/>\n<meta name=\"twitter:label1\" content=\"Est. reading time\" \/>\n\t<meta name=\"twitter:data1\" content=\"3 minutes\" \/>\n<script type=\"application\/ld+json\" class=\"yoast-schema-graph\">{\"@context\":\"https:\/\/schema.org\",\"@graph\":[{\"@type\":\"WebPage\",\"@id\":\"https:\/\/teslafm.net\/luna-llena\/\",\"url\":\"https:\/\/teslafm.net\/luna-llena\/\",\"name\":\"Luna Llena -\",\"isPartOf\":{\"@id\":\"https:\/\/teslafm.net\/#website\"},\"primaryImageOfPage\":{\"@id\":\"https:\/\/teslafm.net\/luna-llena\/#primaryimage\"},\"image\":{\"@id\":\"https:\/\/teslafm.net\/luna-llena\/#primaryimage\"},\"thumbnailUrl\":\"https:\/\/teslafm.net\/wp-content\/uploads\/2022\/01\/shak-ea7dm-300x300.png\",\"datePublished\":\"2018-12-23T13:43:38+00:00\",\"dateModified\":\"2022-12-07T13:04:25+00:00\",\"breadcrumb\":{\"@id\":\"https:\/\/teslafm.net\/luna-llena\/#breadcrumb\"},\"inLanguage\":\"en-US\",\"potentialAction\":[{\"@type\":\"ReadAction\",\"target\":[\"https:\/\/teslafm.net\/luna-llena\/\"]}]},{\"@type\":\"ImageObject\",\"inLanguage\":\"en-US\",\"@id\":\"https:\/\/teslafm.net\/luna-llena\/#primaryimage\",\"url\":\"https:\/\/teslafm.net\/wp-content\/uploads\/2022\/01\/shak-ea7dm-300x300.png\",\"contentUrl\":\"https:\/\/teslafm.net\/wp-content\/uploads\/2022\/01\/shak-ea7dm-300x300.png\"},{\"@type\":\"BreadcrumbList\",\"@id\":\"https:\/\/teslafm.net\/luna-llena\/#breadcrumb\",\"itemListElement\":[{\"@type\":\"ListItem\",\"position\":1,\"name\":\"Portada\",\"item\":\"https:\/\/teslafm.net\/\"},{\"@type\":\"ListItem\",\"position\":2,\"name\":\"Luna Llena\"}]},{\"@type\":\"WebSite\",\"@id\":\"https:\/\/teslafm.net\/#website\",\"url\":\"https:\/\/teslafm.net\/\",\"name\":\"TeslaFM\",\"description\":\"An experimental and creative radio\",\"publisher\":{\"@id\":\"https:\/\/teslafm.net\/#organization\"},\"potentialAction\":[{\"@type\":\"SearchAction\",\"target\":{\"@type\":\"EntryPoint\",\"urlTemplate\":\"https:\/\/teslafm.net\/?s={search_term_string}\"},\"query-input\":{\"@type\":\"PropertyValueSpecification\",\"valueRequired\":true,\"valueName\":\"search_term_string\"}}],\"inLanguage\":\"en-US\"},{\"@type\":\"Organization\",\"@id\":\"https:\/\/teslafm.net\/#organization\",\"name\":\"TeslaFM\",\"url\":\"https:\/\/teslafm.net\/\",\"logo\":{\"@type\":\"ImageObject\",\"inLanguage\":\"en-US\",\"@id\":\"https:\/\/teslafm.net\/#\/schema\/logo\/image\/\",\"url\":\"https:\/\/teslafm.net\/wp-content\/uploads\/2020\/06\/logo-tesla.png\",\"contentUrl\":\"https:\/\/teslafm.net\/wp-content\/uploads\/2020\/06\/logo-tesla.png\",\"width\":512,\"height\":512,\"caption\":\"TeslaFM\"},\"image\":{\"@id\":\"https:\/\/teslafm.net\/#\/schema\/logo\/image\/\"},\"sameAs\":[\"https:\/\/www.facebook.com\/teslafm.net\",\"https:\/\/x.com\/teslafm\"]}]}<\/script>\n<!-- \/ Yoast SEO plugin. -->","yoast_head_json":{"title":"Full Moon -","robots":{"index":"index","follow":"follow","max-snippet":"max-snippet:-1","max-image-preview":"max-image-preview:large","max-video-preview":"max-video-preview:-1"},"canonical":"https:\/\/teslafm.net\/en\/luna-llena\/","og_locale":"en_US","og_type":"article","og_title":"Luna Llena -","og_description":"ISHAK BENAVIDES &#038; MIRIAM CASAL Ishak Benavides produce Luna Llena, con la colaboraci\u00f3n de Ea7_dmZ. Ea7_dmZ es Miriam Casal, sevillana de formaci\u00f3n cl\u00e1sica que sent\u00f3 su campamento base en la ciudad de Barcelona desde finales de los 90. Dj desde entonces, ha estado involucrada en la escena underground de la ciudad condal, trabajando en producci\u00f3n [&hellip;]","og_url":"https:\/\/teslafm.net\/en\/luna-llena\/","article_publisher":"https:\/\/www.facebook.com\/teslafm.net","article_modified_time":"2022-12-07T13:04:25+00:00","og_image":[{"url":"https:\/\/teslafm.net\/wp-content\/uploads\/2022\/01\/shak-ea7dm-300x300.png","type":"","width":"","height":""}],"twitter_card":"summary_large_image","twitter_site":"@teslafm","twitter_misc":{"Est. reading time":"3 minutes"},"schema":{"@context":"https:\/\/schema.org","@graph":[{"@type":"WebPage","@id":"https:\/\/teslafm.net\/luna-llena\/","url":"https:\/\/teslafm.net\/luna-llena\/","name":"Full Moon -","isPartOf":{"@id":"https:\/\/teslafm.net\/#website"},"primaryImageOfPage":{"@id":"https:\/\/teslafm.net\/luna-llena\/#primaryimage"},"image":{"@id":"https:\/\/teslafm.net\/luna-llena\/#primaryimage"},"thumbnailUrl":"https:\/\/teslafm.net\/wp-content\/uploads\/2022\/01\/shak-ea7dm-300x300.png","datePublished":"2018-12-23T13:43:38+00:00","dateModified":"2022-12-07T13:04:25+00:00","breadcrumb":{"@id":"https:\/\/teslafm.net\/luna-llena\/#breadcrumb"},"inLanguage":"en-US","potentialAction":[{"@type":"ReadAction","target":["https:\/\/teslafm.net\/luna-llena\/"]}]},{"@type":"ImageObject","inLanguage":"en-US","@id":"https:\/\/teslafm.net\/luna-llena\/#primaryimage","url":"https:\/\/teslafm.net\/wp-content\/uploads\/2022\/01\/shak-ea7dm-300x300.png","contentUrl":"https:\/\/teslafm.net\/wp-content\/uploads\/2022\/01\/shak-ea7dm-300x300.png"},{"@type":"BreadcrumbList","@id":"https:\/\/teslafm.net\/luna-llena\/#breadcrumb","itemListElement":[{"@type":"ListItem","position":1,"name":"Portada","item":"https:\/\/teslafm.net\/"},{"@type":"ListItem","position":2,"name":"Luna Llena"}]},{"@type":"WebSite","@id":"https:\/\/teslafm.net\/#website","url":"https:\/\/teslafm.net\/","name":"TeslaFM","description":"An experimental and creative radio","publisher":{"@id":"https:\/\/teslafm.net\/#organization"},"potentialAction":[{"@type":"SearchAction","target":{"@type":"EntryPoint","urlTemplate":"https:\/\/teslafm.net\/?s={search_term_string}"},"query-input":{"@type":"PropertyValueSpecification","valueRequired":true,"valueName":"search_term_string"}}],"inLanguage":"en-US"},{"@type":"Organization","@id":"https:\/\/teslafm.net\/#organization","name":"TeslaFM","url":"https:\/\/teslafm.net\/","logo":{"@type":"ImageObject","inLanguage":"en-US","@id":"https:\/\/teslafm.net\/#\/schema\/logo\/image\/","url":"https:\/\/teslafm.net\/wp-content\/uploads\/2020\/06\/logo-tesla.png","contentUrl":"https:\/\/teslafm.net\/wp-content\/uploads\/2020\/06\/logo-tesla.png","width":512,"height":512,"caption":"TeslaFM"},"image":{"@id":"https:\/\/teslafm.net\/#\/schema\/logo\/image\/"},"sameAs":["https:\/\/www.facebook.com\/teslafm.net","https:\/\/x.com\/teslafm"]}]}},"rttpg_featured_image_url":null,"rttpg_author":{"display_name":"Ishak","author_link":"https:\/\/teslafm.net\/en\/author\/cravan\/"},"rttpg_comment":0,"rttpg_category":null,"rttpg_excerpt":"ISHAK BENAVIDES &#038; MIRIAM CASAL Ishak Benavides produce Luna Llena, con la colaboraci\u00f3n de Ea7_dmZ. Ea7_dmZ es Miriam Casal, sevillana de formaci\u00f3n cl\u00e1sica que sent\u00f3 su campamento base en la ciudad de Barcelona desde finales de los 90. Dj desde entonces, ha estado involucrada en la escena underground de la ciudad condal, trabajando en producci\u00f3n&hellip;","_links":{"self":[{"href":"https:\/\/teslafm.net\/en\/wp-json\/wp\/v2\/pages\/56574","targetHints":{"allow":["GET"]}}],"collection":[{"href":"https:\/\/teslafm.net\/en\/wp-json\/wp\/v2\/pages"}],"about":[{"href":"https:\/\/teslafm.net\/en\/wp-json\/wp\/v2\/types\/page"}],"author":[{"embeddable":true,"href":"https:\/\/teslafm.net\/en\/wp-json\/wp\/v2\/users\/19"}],"replies":[{"embeddable":true,"href":"https:\/\/teslafm.net\/en\/wp-json\/wp\/v2\/comments?post=56574"}],"version-history":[{"count":22,"href":"https:\/\/teslafm.net\/en\/wp-json\/wp\/v2\/pages\/56574\/revisions"}],"predecessor-version":[{"id":60974,"href":"https:\/\/teslafm.net\/en\/wp-json\/wp\/v2\/pages\/56574\/revisions\/60974"}],"wp:attachment":[{"href":"https:\/\/teslafm.net\/en\/wp-json\/wp\/v2\/media?parent=56574"}],"curies":[{"name":"wp","href":"https:\/\/api.w.org\/{rel}","templated":true}]}}