

{"id":56586,"date":"2020-05-17T13:39:12","date_gmt":"2020-05-17T11:39:12","guid":{"rendered":"https:\/\/teslafm.net\/?page_id=56586"},"modified":"2023-02-23T12:40:35","modified_gmt":"2023-02-23T11:40:35","slug":"fmerides","status":"publish","type":"page","link":"https:\/\/teslafm.net\/en\/fmerides\/","title":{"rendered":"FM\u00e9rides"},"content":{"rendered":"<div data-elementor-type=\"wp-page\" data-elementor-id=\"56586\" class=\"elementor elementor-56586\">\n\t\t\t\t\t\t<section class=\"elementor-section elementor-top-section elementor-element elementor-element-cf95429 elementor-section-boxed elementor-section-height-default elementor-section-height-default\" data-id=\"cf95429\" data-element_type=\"section\" data-e-type=\"section\">\n\t\t\t\t\t\t<div class=\"elementor-container elementor-column-gap-default\">\n\t\t\t\t\t<div class=\"elementor-column elementor-col-33 elementor-top-column elementor-element elementor-element-16a788d\" data-id=\"16a788d\" data-element_type=\"column\" data-e-type=\"column\">\n\t\t\t<div class=\"elementor-widget-wrap elementor-element-populated\">\n\t\t\t\t\t\t<div class=\"elementor-element elementor-element-f9fdbe7 elementor-widget elementor-widget-image\" data-id=\"f9fdbe7\" data-element_type=\"widget\" data-e-type=\"widget\" data-widget_type=\"image.default\">\n\t\t\t\t<div class=\"elementor-widget-container\">\n\t\t\t\t\t\t\t\t\t\t\t\t\t\t\t<img fetchpriority=\"high\" decoding=\"async\" width=\"300\" height=\"300\" src=\"https:\/\/teslafm.net\/wp-content\/uploads\/2020\/05\/DavidPuente-300x300.jpg\" class=\"attachment-medium size-medium wp-image-52024\" alt=\"\" srcset=\"https:\/\/teslafm.net\/wp-content\/uploads\/2020\/05\/DavidPuente-300x300.jpg 300w, https:\/\/teslafm.net\/wp-content\/uploads\/2020\/05\/DavidPuente-150x150.jpg 150w, https:\/\/teslafm.net\/wp-content\/uploads\/2020\/05\/DavidPuente.jpg 400w\" sizes=\"(max-width: 300px) 100vw, 300px\" \/>\t\t\t\t\t\t\t\t\t\t\t\t\t\t\t<\/div>\n\t\t\t\t<\/div>\n\t\t\t\t\t<\/div>\n\t\t<\/div>\n\t\t\t\t<div class=\"elementor-column elementor-col-33 elementor-top-column elementor-element elementor-element-7223270\" data-id=\"7223270\" data-element_type=\"column\" data-e-type=\"column\" data-settings=\"{&quot;background_background&quot;:&quot;classic&quot;}\">\n\t\t\t<div class=\"elementor-widget-wrap elementor-element-populated\">\n\t\t\t\t\t\t<div class=\"elementor-element elementor-element-60c9cf9 elementor-widget elementor-widget-heading\" data-id=\"60c9cf9\" data-element_type=\"widget\" data-e-type=\"widget\" data-widget_type=\"heading.default\">\n\t\t\t\t<div class=\"elementor-widget-container\">\n\t\t\t\t\t<h2 class=\"elementor-heading-title elementor-size-default\">DAVID PUENTE<\/h2>\t\t\t\t<\/div>\n\t\t\t\t<\/div>\n\t\t\t\t<div class=\"elementor-element elementor-element-6dc9245 elementor-widget elementor-widget-text-editor\" data-id=\"6dc9245\" data-element_type=\"widget\" data-e-type=\"widget\" data-widget_type=\"text-editor.default\">\n\t\t\t\t<div class=\"elementor-widget-container\">\n\t\t\t\t\t\t\t\t\t<div class=\"elementor-element elementor-element-567580a elementor-widget elementor-widget-text-editor\" data-id=\"567580a\" data-element_type=\"widget\" data-widget_type=\"text-editor.default\"><div class=\"elementor-widget-container\"><div class=\"elementor-text-editor elementor-clearfix\"><p><a href=\"https:\/\/www.mixcloud.com\/Dave_Bridge\/\" target=\"_blank\" rel=\"noopener\">David Puente<\/a> is a professor of Communication and a journalist specialized in music, less and less modern. He has worked for clubbingspain for 16 years and has collaborated in media like <b>This is Underground<\/b>, <strong>S<\/strong><b>cannerFM<\/b> o <b>RNE<\/b>and currently leads the radio show <i>\"Je suis de la Martinique\"<\/i> at <b>dublab.es<\/b>. He can also be seen playing with his Anglo-Saxon alter ego, Dave Bridge. Modest deejay who has played music in events of certain importance such as <b>S\u00f3nar<\/b>, <b>Lo-li-ta<\/b>, <b>La Paloma<\/b> or the <b>Freedonia<\/b>.<\/p><p><a href=\"https:\/\/losmadrugonesdelmk.wordpress.com\" target=\"_blank\" rel=\"noopener\">Je suis de la Martinique<\/a><\/p><\/div><\/div><\/div>\t\t\t\t\t\t\t\t<\/div>\n\t\t\t\t<\/div>\n\t\t\t\t\t<\/div>\n\t\t<\/div>\n\t\t\t\t<div class=\"elementor-column elementor-col-33 elementor-top-column elementor-element elementor-element-da8d8b2\" data-id=\"da8d8b2\" data-element_type=\"column\" data-e-type=\"column\" data-settings=\"{&quot;background_background&quot;:&quot;classic&quot;}\">\n\t\t\t<div class=\"elementor-widget-wrap elementor-element-populated\">\n\t\t\t\t\t\t<div class=\"elementor-element elementor-element-be83a05 elementor-widget elementor-widget-heading\" data-id=\"be83a05\" data-element_type=\"widget\" data-e-type=\"widget\" data-widget_type=\"heading.default\">\n\t\t\t\t<div class=\"elementor-widget-container\">\n\t\t\t\t\t<h2 class=\"elementor-heading-title elementor-size-default\">FM\u00c9RIDES<\/h2>\t\t\t\t<\/div>\n\t\t\t\t<\/div>\n\t\t\t\t<div class=\"elementor-element elementor-element-d06a36c elementor-widget elementor-widget-text-editor\" data-id=\"d06a36c\" data-element_type=\"widget\" data-e-type=\"widget\" data-widget_type=\"text-editor.default\">\n\t\t\t\t<div class=\"elementor-widget-container\">\n\t\t\t\t\t\t\t\t\t<p><span style=\"color: #808080;\">The intention at TeslaFM is to present you every month a sound collage with which to celebrate special dates (and to save). Give it a date and it sculpts a memory for you. Give it an hour of your life and it introduces you to a new artist every month. Produced by <b>David Puente<b><\/b>.<\/b><\/span><\/p>\t\t\t\t\t\t\t\t<\/div>\n\t\t\t\t<\/div>\n\t\t\t\t\t<\/div>\n\t\t<\/div>\n\t\t\t\t\t<\/div>\n\t\t<\/section>\n\t\t\t\t<section class=\"elementor-section elementor-top-section elementor-element elementor-element-c5e858c elementor-section-boxed elementor-section-height-default elementor-section-height-default\" data-id=\"c5e858c\" data-element_type=\"section\" data-e-type=\"section\">\n\t\t\t\t\t\t<div class=\"elementor-container elementor-column-gap-default\">\n\t\t\t\t\t<div class=\"elementor-column elementor-col-25 elementor-top-column elementor-element elementor-element-f2d9a82\" data-id=\"f2d9a82\" data-element_type=\"column\" data-e-type=\"column\">\n\t\t\t<div class=\"elementor-widget-wrap elementor-element-populated\">\n\t\t\t\t\t\t<div class=\"elementor-element elementor-element-e1c9f92 elementor-widget elementor-widget-testimonial\" data-id=\"e1c9f92\" data-element_type=\"widget\" data-e-type=\"widget\" data-widget_type=\"testimonial.default\">\n\t\t\t\t<div class=\"elementor-widget-container\">\n\t\t\t\t\t\t\t<div class=\"elementor-testimonial-wrapper\">\n\t\t\t\t\t\t\t<div class=\"elementor-testimonial-content\">If you like FM\u00e9rides, we recommend:<\/div>\n\t\t\t\n\t\t\t\t\t\t<div class=\"elementor-testimonial-meta elementor-has-image elementor-testimonial-image-position-aside\">\n\t\t\t\t<div class=\"elementor-testimonial-meta-inner\">\n\t\t\t\t\t\t\t\t\t\t\t<div class=\"elementor-testimonial-image\">\n\t\t\t\t\t\t\t<a href=\"https:\/\/teslafm.net\/en\/el-velo-de-isis\/\" target=\"_blank\"><img decoding=\"async\" src=\"https:\/\/teslafm.net\/wp-content\/uploads\/elementor\/thumbs\/Lvds_Velo-Isis-p6yyp31acjlt15dqavskat9icjqc1ueo7uzodr5fam.jpg\" title=\"Lvds_Velo Isis\" alt=\"Lvds_Velo Isis\" loading=\"lazy\" \/><\/a>\t\t\t\t\t\t<\/div>\n\t\t\t\t\t\n\t\t\t\t\t\t\t\t\t\t<div class=\"elementor-testimonial-details\">\n\t\t\t\t\t\t\t\t\t\t\t\t\t\t<a class=\"elementor-testimonial-name\" href=\"https:\/\/teslafm.net\/en\/el-velo-de-isis\/\" target=\"_blank\">The Veil of Isis<\/a>\n\t\t\t\t\t\t\t\t\t\t\t\t\t\t\t\t\t\t\t\t\t\t<a class=\"elementor-testimonial-job\" href=\"https:\/\/teslafm.net\/en\/el-velo-de-isis\/\" target=\"_blank\">The Brave Sleep Alone<\/a>\n\t\t\t\t\t\t\t\t\t\t\t\t\t<\/div>\n\t\t\t\t\t\t\t\t\t<\/div>\n\t\t\t<\/div>\n\t\t\t\t\t<\/div>\n\t\t\t\t\t\t<\/div>\n\t\t\t\t<\/div>\n\t\t\t\t\t<\/div>\n\t\t<\/div>\n\t\t\t\t<div class=\"elementor-column elementor-col-25 elementor-top-column elementor-element elementor-element-1b0b455\" data-id=\"1b0b455\" data-element_type=\"column\" data-e-type=\"column\">\n\t\t\t<div class=\"elementor-widget-wrap\">\n\t\t\t\t\t\t\t<\/div>\n\t\t<\/div>\n\t\t\t\t<div class=\"elementor-column elementor-col-25 elementor-top-column elementor-element elementor-element-89ec01e\" data-id=\"89ec01e\" data-element_type=\"column\" data-e-type=\"column\">\n\t\t\t<div class=\"elementor-widget-wrap\">\n\t\t\t\t\t\t\t<\/div>\n\t\t<\/div>\n\t\t\t\t<div class=\"elementor-column elementor-col-25 elementor-top-column elementor-element elementor-element-c035184\" data-id=\"c035184\" data-element_type=\"column\" data-e-type=\"column\">\n\t\t\t<div class=\"elementor-widget-wrap\">\n\t\t\t\t\t\t\t<\/div>\n\t\t<\/div>\n\t\t\t\t\t<\/div>\n\t\t<\/section>\n\t\t\t\t<section class=\"elementor-section elementor-top-section elementor-element elementor-element-82c1872 elementor-section-boxed elementor-section-height-default elementor-section-height-default\" data-id=\"82c1872\" data-element_type=\"section\" data-e-type=\"section\">\n\t\t\t\t\t\t<div class=\"elementor-container elementor-column-gap-default\">\n\t\t\t\t\t<div class=\"elementor-column elementor-col-100 elementor-top-column elementor-element elementor-element-b629ecd\" data-id=\"b629ecd\" data-element_type=\"column\" data-e-type=\"column\">\n\t\t\t<div class=\"elementor-widget-wrap elementor-element-populated\">\n\t\t\t\t\t\t<div class=\"elementor-element elementor-element-38e3401 elementor-widget elementor-widget-spacer\" data-id=\"38e3401\" data-element_type=\"widget\" data-e-type=\"widget\" data-widget_type=\"spacer.default\">\n\t\t\t\t<div class=\"elementor-widget-container\">\n\t\t\t\t\t\t\t<div class=\"elementor-spacer\">\n\t\t\t<div class=\"elementor-spacer-inner\"><\/div>\n\t\t<\/div>\n\t\t\t\t\t\t<\/div>\n\t\t\t\t<\/div>\n\t\t\t\t\t<\/div>\n\t\t<\/div>\n\t\t\t\t\t<\/div>\n\t\t<\/section>\n\t\t\t\t<section class=\"elementor-section elementor-top-section elementor-element elementor-element-ab0c24b elementor-section-boxed elementor-section-height-default elementor-section-height-default\" data-id=\"ab0c24b\" data-element_type=\"section\" data-e-type=\"section\">\n\t\t\t\t\t\t<div class=\"elementor-container elementor-column-gap-default\">\n\t\t\t\t\t<div class=\"elementor-column elementor-col-100 elementor-top-column elementor-element elementor-element-dd8cf69\" data-id=\"dd8cf69\" data-element_type=\"column\" data-e-type=\"column\">\n\t\t\t<div class=\"elementor-widget-wrap elementor-element-populated\">\n\t\t\t\t\t\t<div class=\"elementor-element elementor-element-5ad14c5 elementor-widget elementor-widget-text-editor\" data-id=\"5ad14c5\" data-element_type=\"widget\" data-e-type=\"widget\" data-widget_type=\"text-editor.default\">\n\t\t\t\t<div class=\"elementor-widget-container\">\n\t\t\t\t\t\t\t\t\t<p><a href=\"https:\/\/teslafm.net\/en\/fmerides-8\/\"><strong>#8 \/ + info<\/strong><\/a> <span style=\"color: #808080;\"><em>Milton Babbitt, January 29, 2021<\/em><\/span><\/p><p><iframe src=\"https:\/\/www.mixcloud.com\/widget\/iframe\/?hide_cover=1&amp;feed=%2FTeslafm_net%2Ffm%C3%A9rides-8-david-puente%2F\" width=\"100%\" height=\"120\" frameborder=\"0\"><\/iframe><\/p><p><a href=\"https:\/\/teslafm.net\/en\/fmerides-7\/\"><strong>#7 \/ + info<\/strong><\/a> <span style=\"color: #808080;\"><em>Conny Plank, December 18, 2020<\/em><\/span><\/p><p><iframe src=\"https:\/\/www.mixcloud.com\/widget\/iframe\/?hide_cover=1&amp;feed=%2FTeslafm_net%2Ffmerides-conny-plank-david-puente%2F\" width=\"100%\" height=\"120\" frameborder=\"0\"><\/iframe><\/p><p><a href=\"https:\/\/teslafm.net\/en\/fmerides-6\/\"><strong>#6 \/ + info<\/strong><\/a> <span style=\"color: #808080;\"><em>Peter Christopherson, November 24, 2020<\/em><\/span><\/p><p><iframe src=\"https:\/\/www.mixcloud.com\/widget\/iframe\/?hide_cover=1&amp;feed=%2FTeslafm_net%2Ffm%C3%A9rides-7-david-puente%2F\" width=\"100%\" height=\"120\" frameborder=\"0\"><\/iframe><\/p><p><a href=\"https:\/\/teslafm.net\/en\/fmerides-5\/\"><strong>#5 \/ + info<\/strong><\/a> <span style=\"color: #808080;\"><em>The demise of the GDR, October 1, 2020<\/em><\/span><\/p><p><iframe src=\"https:\/\/www.mixcloud.com\/widget\/iframe\/?hide_cover=1&amp;feed=%2FTeslafm_net%2Ffm%C3%A9rides-5-david-puente-sharay-larios%2F\" width=\"100%\" height=\"120\" frameborder=\"0\"><\/iframe><\/p><p><a href=\"https:\/\/teslafm.net\/en\/fmerides-4\/\"><strong>#4 \/ + info<\/strong><\/a> <span style=\"color: #808080;\"><em>Morton Feldman, September 3, 2020<\/em><\/span><\/p><p><iframe src=\"https:\/\/www.mixcloud.com\/widget\/iframe\/?hide_cover=1&amp;feed=%2FTeslafm_net%2Ffm%C3%A9rides-4-david-puente%2F\" width=\"100%\" height=\"120\" frameborder=\"0\"><\/iframe><\/p><p><a href=\"https:\/\/teslafm.net\/en\/fmerides-3\/\"><strong>#3 \/ + info<\/strong><\/a> <span style=\"color: #808080;\"><em>Ahmad Jamal, July 2, 2020<\/em><\/span><\/p><p><a href=\"https:\/\/teslafm.net\/en\/FMerides%203%20Ahmad%20Jamal.mp3\/\" target=\"_blank\" rel=\"noopener\"><img decoding=\"async\" class=\"alignnone wp-image-61761\" src=\"https:\/\/teslafm.net\/wp-content\/uploads\/2023\/02\/Fmerides-3.jpg\" alt=\"\" width=\"1184\" height=\"128\" srcset=\"https:\/\/teslafm.net\/wp-content\/uploads\/2023\/02\/Fmerides-3.jpg 1119w, https:\/\/teslafm.net\/wp-content\/uploads\/2023\/02\/Fmerides-3-300x32.jpg 300w, https:\/\/teslafm.net\/wp-content\/uploads\/2023\/02\/Fmerides-3-1024x111.jpg 1024w, https:\/\/teslafm.net\/wp-content\/uploads\/2023\/02\/Fmerides-3-768x83.jpg 768w\" sizes=\"(max-width: 1184px) 100vw, 1184px\" \/><\/a><\/p><p><a href=\"https:\/\/teslafm.net\/en\/fmerides-2\/\"><strong>#2 \/ + info<\/strong> <\/a><span style=\"color: #808080;\"><em>Cecilia Bartoli, June 4, 2020<\/em><\/span><\/p><p><iframe src=\"https:\/\/www.mixcloud.com\/widget\/iframe\/?hide_cover=1&amp;feed=%2FTeslafm_net%2Ffm%C3%A9rides-2-david-puente%2F\" width=\"100%\" height=\"120\" frameborder=\"0\"><\/iframe><\/p><p><a href=\"https:\/\/teslafm.net\/en\/fmerides-1\/\"><strong>#1 \/ + info<\/strong><\/a> <span style=\"color: #808080;\"><em>Julius Eastman, May 28, 2020<\/em><\/span><\/p><p><iframe src=\"https:\/\/www.mixcloud.com\/widget\/iframe\/?hide_cover=1&amp;feed=%2FTeslafm_net%2Ffm%C3%A9rides-1-david-puente%2F\" width=\"100%\" height=\"120\" frameborder=\"0\"><\/iframe><\/p>\t\t\t\t\t\t\t\t<\/div>\n\t\t\t\t<\/div>\n\t\t\t\t\t<\/div>\n\t\t<\/div>\n\t\t\t\t\t<\/div>\n\t\t<\/section>\n\t\t\t\t<\/div>","protected":false},"excerpt":{"rendered":"<p>DAVID PUENTE David Puente es profesor de Comunicaci\u00f3n y periodista especializado en m\u00fasica, cada vez menos moderna. Ha trabajado para clubbingspain durante 16 a\u00f1os y ha colaborado en medios como This is Underground, ScannerFM o RNE, y actualmente lleva por delante el radio show \u201cJe suis de la Martinique\u201d en dublab.es. Se le puede ver [&hellip;]<\/p>\n","protected":false},"author":19,"featured_media":0,"parent":0,"menu_order":0,"comment_status":"closed","ping_status":"closed","template":"","meta":{"footnotes":""},"class_list":["post-56586","page","type-page","status-publish","hentry"],"yoast_head":"<!-- This site is optimized with the Yoast SEO plugin v27.4 - https:\/\/yoast.com\/product\/yoast-seo-wordpress\/ -->\n<title>FM\u00e9rides -<\/title>\n<meta name=\"robots\" content=\"index, follow, max-snippet:-1, max-image-preview:large, max-video-preview:-1\" \/>\n<link rel=\"canonical\" href=\"https:\/\/teslafm.net\/en\/fmerides\/\" \/>\n<meta property=\"og:locale\" content=\"en_US\" \/>\n<meta property=\"og:type\" content=\"article\" \/>\n<meta property=\"og:title\" content=\"FM\u00e9rides -\" \/>\n<meta property=\"og:description\" content=\"DAVID PUENTE David Puente es profesor de Comunicaci\u00f3n y periodista especializado en m\u00fasica, cada vez menos moderna. Ha trabajado para clubbingspain durante 16 a\u00f1os y ha colaborado en medios como This is Underground, ScannerFM o RNE, y actualmente lleva por delante el radio show \u201cJe suis de la Martinique\u201d en dublab.es. Se le puede ver [&hellip;]\" \/>\n<meta property=\"og:url\" content=\"https:\/\/teslafm.net\/en\/fmerides\/\" \/>\n<meta property=\"article:publisher\" content=\"https:\/\/www.facebook.com\/teslafm.net\" \/>\n<meta property=\"article:modified_time\" content=\"2023-02-23T11:40:35+00:00\" \/>\n<meta property=\"og:image\" content=\"http:\/\/teslafm.net\/wp-content\/uploads\/2020\/05\/DavidPuente-300x300.jpg\" \/>\n<meta name=\"twitter:card\" content=\"summary_large_image\" \/>\n<meta name=\"twitter:site\" content=\"@teslafm\" \/>\n<meta name=\"twitter:label1\" content=\"Est. reading time\" \/>\n\t<meta name=\"twitter:data1\" content=\"3 minutes\" \/>\n<script type=\"application\/ld+json\" class=\"yoast-schema-graph\">{\"@context\":\"https:\\\/\\\/schema.org\",\"@graph\":[{\"@type\":\"WebPage\",\"@id\":\"https:\\\/\\\/teslafm.net\\\/fmerides\\\/\",\"url\":\"https:\\\/\\\/teslafm.net\\\/fmerides\\\/\",\"name\":\"FM\u00e9rides -\",\"isPartOf\":{\"@id\":\"https:\\\/\\\/teslafm.net\\\/#website\"},\"primaryImageOfPage\":{\"@id\":\"https:\\\/\\\/teslafm.net\\\/fmerides\\\/#primaryimage\"},\"image\":{\"@id\":\"https:\\\/\\\/teslafm.net\\\/fmerides\\\/#primaryimage\"},\"thumbnailUrl\":\"http:\\\/\\\/teslafm.net\\\/wp-content\\\/uploads\\\/2020\\\/05\\\/DavidPuente-300x300.jpg\",\"datePublished\":\"2020-05-17T11:39:12+00:00\",\"dateModified\":\"2023-02-23T11:40:35+00:00\",\"breadcrumb\":{\"@id\":\"https:\\\/\\\/teslafm.net\\\/fmerides\\\/#breadcrumb\"},\"inLanguage\":\"en-US\",\"potentialAction\":[{\"@type\":\"ReadAction\",\"target\":[\"https:\\\/\\\/teslafm.net\\\/fmerides\\\/\"]}]},{\"@type\":\"ImageObject\",\"inLanguage\":\"en-US\",\"@id\":\"https:\\\/\\\/teslafm.net\\\/fmerides\\\/#primaryimage\",\"url\":\"http:\\\/\\\/teslafm.net\\\/wp-content\\\/uploads\\\/2020\\\/05\\\/DavidPuente-300x300.jpg\",\"contentUrl\":\"http:\\\/\\\/teslafm.net\\\/wp-content\\\/uploads\\\/2020\\\/05\\\/DavidPuente-300x300.jpg\"},{\"@type\":\"BreadcrumbList\",\"@id\":\"https:\\\/\\\/teslafm.net\\\/fmerides\\\/#breadcrumb\",\"itemListElement\":[{\"@type\":\"ListItem\",\"position\":1,\"name\":\"Portada\",\"item\":\"https:\\\/\\\/teslafm.net\\\/\"},{\"@type\":\"ListItem\",\"position\":2,\"name\":\"FM\u00e9rides\"}]},{\"@type\":\"WebSite\",\"@id\":\"https:\\\/\\\/teslafm.net\\\/#website\",\"url\":\"https:\\\/\\\/teslafm.net\\\/\",\"name\":\"TeslaFM\",\"description\":\"An experimental and creative radio\",\"publisher\":{\"@id\":\"https:\\\/\\\/teslafm.net\\\/#organization\"},\"potentialAction\":[{\"@type\":\"SearchAction\",\"target\":{\"@type\":\"EntryPoint\",\"urlTemplate\":\"https:\\\/\\\/teslafm.net\\\/?s={search_term_string}\"},\"query-input\":{\"@type\":\"PropertyValueSpecification\",\"valueRequired\":true,\"valueName\":\"search_term_string\"}}],\"inLanguage\":\"en-US\"},{\"@type\":\"Organization\",\"@id\":\"https:\\\/\\\/teslafm.net\\\/#organization\",\"name\":\"TeslaFM\",\"url\":\"https:\\\/\\\/teslafm.net\\\/\",\"logo\":{\"@type\":\"ImageObject\",\"inLanguage\":\"en-US\",\"@id\":\"https:\\\/\\\/teslafm.net\\\/#\\\/schema\\\/logo\\\/image\\\/\",\"url\":\"https:\\\/\\\/teslafm.net\\\/wp-content\\\/uploads\\\/2020\\\/06\\\/logo-tesla.png\",\"contentUrl\":\"https:\\\/\\\/teslafm.net\\\/wp-content\\\/uploads\\\/2020\\\/06\\\/logo-tesla.png\",\"width\":512,\"height\":512,\"caption\":\"TeslaFM\"},\"image\":{\"@id\":\"https:\\\/\\\/teslafm.net\\\/#\\\/schema\\\/logo\\\/image\\\/\"},\"sameAs\":[\"https:\\\/\\\/www.facebook.com\\\/teslafm.net\",\"https:\\\/\\\/x.com\\\/teslafm\"]}]}<\/script>\n<!-- \/ Yoast SEO plugin. -->","yoast_head_json":{"title":"Ferides -","robots":{"index":"index","follow":"follow","max-snippet":"max-snippet:-1","max-image-preview":"max-image-preview:large","max-video-preview":"max-video-preview:-1"},"canonical":"https:\/\/teslafm.net\/en\/fmerides\/","og_locale":"en_US","og_type":"article","og_title":"FM\u00e9rides -","og_description":"DAVID PUENTE David Puente es profesor de Comunicaci\u00f3n y periodista especializado en m\u00fasica, cada vez menos moderna. Ha trabajado para clubbingspain durante 16 a\u00f1os y ha colaborado en medios como This is Underground, ScannerFM o RNE, y actualmente lleva por delante el radio show \u201cJe suis de la Martinique\u201d en dublab.es. Se le puede ver [&hellip;]","og_url":"https:\/\/teslafm.net\/en\/fmerides\/","article_publisher":"https:\/\/www.facebook.com\/teslafm.net","article_modified_time":"2023-02-23T11:40:35+00:00","og_image":[{"url":"http:\/\/teslafm.net\/wp-content\/uploads\/2020\/05\/DavidPuente-300x300.jpg","type":"","width":"","height":""}],"twitter_card":"summary_large_image","twitter_site":"@teslafm","twitter_misc":{"Est. reading time":"3 minutes"},"schema":{"@context":"https:\/\/schema.org","@graph":[{"@type":"WebPage","@id":"https:\/\/teslafm.net\/fmerides\/","url":"https:\/\/teslafm.net\/fmerides\/","name":"Ferides -","isPartOf":{"@id":"https:\/\/teslafm.net\/#website"},"primaryImageOfPage":{"@id":"https:\/\/teslafm.net\/fmerides\/#primaryimage"},"image":{"@id":"https:\/\/teslafm.net\/fmerides\/#primaryimage"},"thumbnailUrl":"http:\/\/teslafm.net\/wp-content\/uploads\/2020\/05\/DavidPuente-300x300.jpg","datePublished":"2020-05-17T11:39:12+00:00","dateModified":"2023-02-23T11:40:35+00:00","breadcrumb":{"@id":"https:\/\/teslafm.net\/fmerides\/#breadcrumb"},"inLanguage":"en-US","potentialAction":[{"@type":"ReadAction","target":["https:\/\/teslafm.net\/fmerides\/"]}]},{"@type":"ImageObject","inLanguage":"en-US","@id":"https:\/\/teslafm.net\/fmerides\/#primaryimage","url":"http:\/\/teslafm.net\/wp-content\/uploads\/2020\/05\/DavidPuente-300x300.jpg","contentUrl":"http:\/\/teslafm.net\/wp-content\/uploads\/2020\/05\/DavidPuente-300x300.jpg"},{"@type":"BreadcrumbList","@id":"https:\/\/teslafm.net\/fmerides\/#breadcrumb","itemListElement":[{"@type":"ListItem","position":1,"name":"Portada","item":"https:\/\/teslafm.net\/"},{"@type":"ListItem","position":2,"name":"FM\u00e9rides"}]},{"@type":"WebSite","@id":"https:\/\/teslafm.net\/#website","url":"https:\/\/teslafm.net\/","name":"TeslaFM","description":"An experimental and creative radio","publisher":{"@id":"https:\/\/teslafm.net\/#organization"},"potentialAction":[{"@type":"SearchAction","target":{"@type":"EntryPoint","urlTemplate":"https:\/\/teslafm.net\/?s={search_term_string}"},"query-input":{"@type":"PropertyValueSpecification","valueRequired":true,"valueName":"search_term_string"}}],"inLanguage":"en-US"},{"@type":"Organization","@id":"https:\/\/teslafm.net\/#organization","name":"TeslaFM","url":"https:\/\/teslafm.net\/","logo":{"@type":"ImageObject","inLanguage":"en-US","@id":"https:\/\/teslafm.net\/#\/schema\/logo\/image\/","url":"https:\/\/teslafm.net\/wp-content\/uploads\/2020\/06\/logo-tesla.png","contentUrl":"https:\/\/teslafm.net\/wp-content\/uploads\/2020\/06\/logo-tesla.png","width":512,"height":512,"caption":"TeslaFM"},"image":{"@id":"https:\/\/teslafm.net\/#\/schema\/logo\/image\/"},"sameAs":["https:\/\/www.facebook.com\/teslafm.net","https:\/\/x.com\/teslafm"]}]}},"rttpg_featured_image_url":null,"rttpg_author":{"display_name":"Ishak","author_link":"https:\/\/teslafm.net\/en\/author\/cravan\/"},"rttpg_comment":0,"rttpg_category":null,"rttpg_excerpt":"DAVID PUENTE David Puente es profesor de Comunicaci\u00f3n y periodista especializado en m\u00fasica, cada vez menos moderna. Ha trabajado para clubbingspain durante 16 a\u00f1os y ha colaborado en medios como This is Underground, ScannerFM o RNE, y actualmente lleva por delante el radio show \u201cJe suis de la Martinique\u201d en dublab.es. Se le puede ver&hellip;","_links":{"self":[{"href":"https:\/\/teslafm.net\/en\/wp-json\/wp\/v2\/pages\/56586","targetHints":{"allow":["GET"]}}],"collection":[{"href":"https:\/\/teslafm.net\/en\/wp-json\/wp\/v2\/pages"}],"about":[{"href":"https:\/\/teslafm.net\/en\/wp-json\/wp\/v2\/types\/page"}],"author":[{"embeddable":true,"href":"https:\/\/teslafm.net\/en\/wp-json\/wp\/v2\/users\/19"}],"replies":[{"embeddable":true,"href":"https:\/\/teslafm.net\/en\/wp-json\/wp\/v2\/comments?post=56586"}],"version-history":[{"count":11,"href":"https:\/\/teslafm.net\/en\/wp-json\/wp\/v2\/pages\/56586\/revisions"}],"predecessor-version":[{"id":61764,"href":"https:\/\/teslafm.net\/en\/wp-json\/wp\/v2\/pages\/56586\/revisions\/61764"}],"wp:attachment":[{"href":"https:\/\/teslafm.net\/en\/wp-json\/wp\/v2\/media?parent=56586"}],"curies":[{"name":"wp","href":"https:\/\/api.w.org\/{rel}","templated":true}]}}