

{"id":56912,"date":"2021-02-09T16:12:26","date_gmt":"2021-02-09T15:12:26","guid":{"rendered":"https:\/\/teslafm.net\/?page_id=56912"},"modified":"2021-02-10T14:50:00","modified_gmt":"2021-02-10T13:50:00","slug":"ananke-26","status":"publish","type":"page","link":"https:\/\/teslafm.net\/en\/ananke-26\/","title":{"rendered":"Anank\u00e9 #26"},"content":{"rendered":"<h2><strong><span style=\"color: #ffffff;\">Anank\u00e9 Chapter XXVI<\/span><br \/>\n<\/strong><\/h2>\n<p><span style=\"color: #808080;\"><em>February 2021<\/em><\/span><\/p>\n<p><iframe src=\"https:\/\/www.mixcloud.com\/widget\/iframe\/?hide_cover=1&amp;feed=%2FTeslafm_net%2Fanank%C3%A9-26-jaco%2F\" width=\"100%\" height=\"120\" frameborder=\"0\"><\/iframe><\/p>\n<p><span style=\"color: #808080;\">01. <strong>Judith and Daniel<\/strong> - The Rat - 20 20 (Crystal Mine, 2020)<\/span><br \/>\n<span style=\"color: #808080;\">02. <strong>Mica Levi<\/strong> - Om Om Om Om Om Om Om Om (feat. Brother May) - Blue Alibi (Self-released, 2021)<\/span><br \/>\n<span style=\"color: #808080;\">03 . <strong>Caramuerto<\/strong> - That Winter - Smoke and Mirrors (Red Magic, 2018)<\/span><br \/>\n<span style=\"color: #808080;\">04 . <strong>The Body<\/strong> - The Handle \/ The Blade - I've Seen All I Need to See (Thrill Jockey, 2021)<\/span><br \/>\n<span style=\"color: #808080;\">05 . <strong>CAMERA<\/strong> - Hallo Weed - Wish You Were Avon (Avon Terror Corps, 2021)<\/span><br \/>\n<span style=\"color: #808080;\">06. <strong>Algiers<\/strong> - Spooks - A Little Night Music: Aural Apparitions From the Geographic North (Geographic North, 2020)<\/span><br \/>\n<span style=\"color: #808080;\">07.\u00a0 <strong>L'estasi Dell'oro<\/strong> - Leave the Thorns to Fight - Time To Breathe Inward (Macro, 2020)<\/span><br \/>\n<span style=\"color: #808080;\">08 . <strong>Youssef Abouzeid<\/strong> - drpapgad - This is Cairo Not the Screamers (Nashazphone, 2021)<\/span><br \/>\n<span style=\"color: #808080;\">09.\u00a0<strong> Princess Difficult<\/strong> - Symphony of Emotions - Wish You Were Avon (Avon Terror Corps, 2021)<\/span><br \/>\n<span style=\"color: #808080;\">10 . <strong>HS - CGT<\/strong> - Wish You Were Avon (Avon Terror Corps, 2021)<\/span><br \/>\n<span style=\"color: #808080;\">11.\u00a0 <strong>Jaco<\/strong> - Delirio - The Mysteries (Accelerator - M\u00e0gia Roja, 2021)<\/span><br \/>\n<span style=\"color: #808080;\">12. <strong>Geographic North Band House<\/strong> - Chapter 1: The Fang of a Parting Mist - A Little Night Music: Aural Apparitions From the Geographic North (Geographic North, 2020)<\/span><br \/>\n<span style=\"color: #808080;\">13. <strong>Oliver Coates<\/strong> - Them (Prologue) (feat. Malibu) - A Little Night Music: Aural Apparitions From the Geographic North (Geographic North, 2020)<\/span><br \/>\n<span style=\"color: #808080;\">14. <strong>Carmen Villain<\/strong> - Dissolving Edges - A Little Night Music: Aural Apparitions From the Geographic North (Geographic North, 2020)<\/span><br \/>\n<span style=\"color: #808080;\">15. <strong>Like a Villain &amp; Vantzou<\/strong> - From Below - A Little Night Music: Aural Apparitions From the Geographic North (Geographic North, 2020)<\/span><br \/>\n<span style=\"color: #808080;\">16. <strong>Clarice Jensen<\/strong> - Gossamer - A Little Night Music: Aural Apparitions From the Geographic North (Geographic North, 2020)<\/span><br \/>\n<span style=\"color: #808080;\">17. <strong>F\u00e9licia Atkinson<\/strong> - Sequoia - A Little Night Music: Aural Apparitions From the Geographic North (Geographic North, 2020)<\/span><br \/>\n<span style=\"color: #808080;\">18. <strong>JAB - Save Room 5<\/strong> - A Little Night Music: Aural Apparitions From the Geographic North (Geographic North, 2020)<\/span><br \/>\n<span style=\"color: #808080;\">19. <strong>BKDHAMSPOON<\/strong> - Sanguine Slump - Wish You Were Avon (Avon Terror Corps, 2021)<\/span><br \/>\n<span style=\"color: #808080;\">20. <strong>Burial<\/strong> - Chemz - Chemz \/ Dolphinz (Hyperdub, 2021)<\/span><\/p>","protected":false},"excerpt":{"rendered":"<p>Anank\u00e9 Cap\u00edtulo XXVI Febrero 2021 01. Judith y Daniel &#8211; La Rata &#8211; 20 20 (Crystal Mine, 2020) 02. Mica Levi &#8211; Om Om Om Om Om (feat. Brother May) &#8211; Blue Alibi (Autoeditado, 2021) 03 . Caramuerto &#8211; Aquel Invierno &#8211; Humo y Espejos (M\u00e0gia Roja, 2018) 04 . The Body &#8211; The Handle [&hellip;]<\/p>\n","protected":false},"author":19,"featured_media":0,"parent":0,"menu_order":0,"comment_status":"closed","ping_status":"closed","template":"","meta":{"footnotes":""},"class_list":["post-56912","page","type-page","status-publish","hentry"],"yoast_head":"<!-- This site is optimized with the Yoast SEO plugin v27.2 - https:\/\/yoast.com\/product\/yoast-seo-wordpress\/ -->\n<title>Anank\u00e9 #26 -<\/title>\n<meta name=\"robots\" content=\"index, follow, max-snippet:-1, max-image-preview:large, max-video-preview:-1\" \/>\n<link rel=\"canonical\" href=\"https:\/\/teslafm.net\/en\/ananke-26\/\" \/>\n<meta property=\"og:locale\" content=\"en_US\" \/>\n<meta property=\"og:type\" content=\"article\" \/>\n<meta property=\"og:title\" content=\"Anank\u00e9 #26 -\" \/>\n<meta property=\"og:description\" content=\"Anank\u00e9 Cap\u00edtulo XXVI Febrero 2021 01. Judith y Daniel &#8211; La Rata &#8211; 20 20 (Crystal Mine, 2020) 02. Mica Levi &#8211; Om Om Om Om Om (feat. Brother May) &#8211; Blue Alibi (Autoeditado, 2021) 03 . Caramuerto &#8211; Aquel Invierno &#8211; Humo y Espejos (M\u00e0gia Roja, 2018) 04 . The Body &#8211; The Handle [&hellip;]\" \/>\n<meta property=\"og:url\" content=\"https:\/\/teslafm.net\/en\/ananke-26\/\" \/>\n<meta property=\"article:publisher\" content=\"https:\/\/www.facebook.com\/teslafm.net\" \/>\n<meta property=\"article:modified_time\" content=\"2021-02-10T13:50:00+00:00\" \/>\n<meta property=\"og:image\" content=\"https:\/\/teslafm.net\/wp-content\/uploads\/2022\/09\/header-image-4-temp.png\" \/>\n\t<meta property=\"og:image:width\" content=\"1274\" \/>\n\t<meta property=\"og:image:height\" content=\"818\" \/>\n\t<meta property=\"og:image:type\" content=\"image\/png\" \/>\n<meta name=\"twitter:card\" content=\"summary_large_image\" \/>\n<meta name=\"twitter:site\" content=\"@teslafm\" \/>\n<meta name=\"twitter:label1\" content=\"Est. reading time\" \/>\n\t<meta name=\"twitter:data1\" content=\"2 minutes\" \/>\n<script type=\"application\/ld+json\" class=\"yoast-schema-graph\">{\"@context\":\"https:\/\/schema.org\",\"@graph\":[{\"@type\":\"WebPage\",\"@id\":\"https:\/\/teslafm.net\/ananke-26\/\",\"url\":\"https:\/\/teslafm.net\/ananke-26\/\",\"name\":\"Anank\u00e9 #26 -\",\"isPartOf\":{\"@id\":\"https:\/\/teslafm.net\/#website\"},\"datePublished\":\"2021-02-09T15:12:26+00:00\",\"dateModified\":\"2021-02-10T13:50:00+00:00\",\"breadcrumb\":{\"@id\":\"https:\/\/teslafm.net\/ananke-26\/#breadcrumb\"},\"inLanguage\":\"en-US\",\"potentialAction\":[{\"@type\":\"ReadAction\",\"target\":[\"https:\/\/teslafm.net\/ananke-26\/\"]}]},{\"@type\":\"BreadcrumbList\",\"@id\":\"https:\/\/teslafm.net\/ananke-26\/#breadcrumb\",\"itemListElement\":[{\"@type\":\"ListItem\",\"position\":1,\"name\":\"Portada\",\"item\":\"https:\/\/teslafm.net\/\"},{\"@type\":\"ListItem\",\"position\":2,\"name\":\"Anank\u00e9 #26\"}]},{\"@type\":\"WebSite\",\"@id\":\"https:\/\/teslafm.net\/#website\",\"url\":\"https:\/\/teslafm.net\/\",\"name\":\"TeslaFM\",\"description\":\"An experimental and creative radio\",\"publisher\":{\"@id\":\"https:\/\/teslafm.net\/#organization\"},\"potentialAction\":[{\"@type\":\"SearchAction\",\"target\":{\"@type\":\"EntryPoint\",\"urlTemplate\":\"https:\/\/teslafm.net\/?s={search_term_string}\"},\"query-input\":{\"@type\":\"PropertyValueSpecification\",\"valueRequired\":true,\"valueName\":\"search_term_string\"}}],\"inLanguage\":\"en-US\"},{\"@type\":\"Organization\",\"@id\":\"https:\/\/teslafm.net\/#organization\",\"name\":\"TeslaFM\",\"url\":\"https:\/\/teslafm.net\/\",\"logo\":{\"@type\":\"ImageObject\",\"inLanguage\":\"en-US\",\"@id\":\"https:\/\/teslafm.net\/#\/schema\/logo\/image\/\",\"url\":\"https:\/\/teslafm.net\/wp-content\/uploads\/2020\/06\/logo-tesla.png\",\"contentUrl\":\"https:\/\/teslafm.net\/wp-content\/uploads\/2020\/06\/logo-tesla.png\",\"width\":512,\"height\":512,\"caption\":\"TeslaFM\"},\"image\":{\"@id\":\"https:\/\/teslafm.net\/#\/schema\/logo\/image\/\"},\"sameAs\":[\"https:\/\/www.facebook.com\/teslafm.net\",\"https:\/\/x.com\/teslafm\"]}]}<\/script>\n<!-- \/ Yoast SEO plugin. -->","yoast_head_json":{"title":"Anank\u00e9 #26 -","robots":{"index":"index","follow":"follow","max-snippet":"max-snippet:-1","max-image-preview":"max-image-preview:large","max-video-preview":"max-video-preview:-1"},"canonical":"https:\/\/teslafm.net\/en\/ananke-26\/","og_locale":"en_US","og_type":"article","og_title":"Anank\u00e9 #26 -","og_description":"Anank\u00e9 Cap\u00edtulo XXVI Febrero 2021 01. Judith y Daniel &#8211; La Rata &#8211; 20 20 (Crystal Mine, 2020) 02. Mica Levi &#8211; Om Om Om Om Om (feat. Brother May) &#8211; Blue Alibi (Autoeditado, 2021) 03 . Caramuerto &#8211; Aquel Invierno &#8211; Humo y Espejos (M\u00e0gia Roja, 2018) 04 . The Body &#8211; The Handle [&hellip;]","og_url":"https:\/\/teslafm.net\/en\/ananke-26\/","article_publisher":"https:\/\/www.facebook.com\/teslafm.net","article_modified_time":"2021-02-10T13:50:00+00:00","og_image":[{"width":1274,"height":818,"url":"https:\/\/teslafm.net\/wp-content\/uploads\/2022\/09\/header-image-4-temp.png","type":"image\/png"}],"twitter_card":"summary_large_image","twitter_site":"@teslafm","twitter_misc":{"Est. reading time":"2 minutes"},"schema":{"@context":"https:\/\/schema.org","@graph":[{"@type":"WebPage","@id":"https:\/\/teslafm.net\/ananke-26\/","url":"https:\/\/teslafm.net\/ananke-26\/","name":"Anank\u00e9 #26 -","isPartOf":{"@id":"https:\/\/teslafm.net\/#website"},"datePublished":"2021-02-09T15:12:26+00:00","dateModified":"2021-02-10T13:50:00+00:00","breadcrumb":{"@id":"https:\/\/teslafm.net\/ananke-26\/#breadcrumb"},"inLanguage":"en-US","potentialAction":[{"@type":"ReadAction","target":["https:\/\/teslafm.net\/ananke-26\/"]}]},{"@type":"BreadcrumbList","@id":"https:\/\/teslafm.net\/ananke-26\/#breadcrumb","itemListElement":[{"@type":"ListItem","position":1,"name":"Portada","item":"https:\/\/teslafm.net\/"},{"@type":"ListItem","position":2,"name":"Anank\u00e9 #26"}]},{"@type":"WebSite","@id":"https:\/\/teslafm.net\/#website","url":"https:\/\/teslafm.net\/","name":"TeslaFM","description":"An experimental and creative radio","publisher":{"@id":"https:\/\/teslafm.net\/#organization"},"potentialAction":[{"@type":"SearchAction","target":{"@type":"EntryPoint","urlTemplate":"https:\/\/teslafm.net\/?s={search_term_string}"},"query-input":{"@type":"PropertyValueSpecification","valueRequired":true,"valueName":"search_term_string"}}],"inLanguage":"en-US"},{"@type":"Organization","@id":"https:\/\/teslafm.net\/#organization","name":"TeslaFM","url":"https:\/\/teslafm.net\/","logo":{"@type":"ImageObject","inLanguage":"en-US","@id":"https:\/\/teslafm.net\/#\/schema\/logo\/image\/","url":"https:\/\/teslafm.net\/wp-content\/uploads\/2020\/06\/logo-tesla.png","contentUrl":"https:\/\/teslafm.net\/wp-content\/uploads\/2020\/06\/logo-tesla.png","width":512,"height":512,"caption":"TeslaFM"},"image":{"@id":"https:\/\/teslafm.net\/#\/schema\/logo\/image\/"},"sameAs":["https:\/\/www.facebook.com\/teslafm.net","https:\/\/x.com\/teslafm"]}]}},"rttpg_featured_image_url":null,"rttpg_author":{"display_name":"Ishak","author_link":"https:\/\/teslafm.net\/en\/author\/cravan\/"},"rttpg_comment":0,"rttpg_category":null,"rttpg_excerpt":"Anank\u00e9 Cap\u00edtulo XXVI Febrero 2021 01. Judith y Daniel &#8211; La Rata &#8211; 20 20 (Crystal Mine, 2020) 02. Mica Levi &#8211; Om Om Om Om Om (feat. Brother May) &#8211; Blue Alibi (Autoeditado, 2021) 03 . Caramuerto &#8211; Aquel Invierno &#8211; Humo y Espejos (M\u00e0gia Roja, 2018) 04 . The Body &#8211; The Handle&hellip;","_links":{"self":[{"href":"https:\/\/teslafm.net\/en\/wp-json\/wp\/v2\/pages\/56912","targetHints":{"allow":["GET"]}}],"collection":[{"href":"https:\/\/teslafm.net\/en\/wp-json\/wp\/v2\/pages"}],"about":[{"href":"https:\/\/teslafm.net\/en\/wp-json\/wp\/v2\/types\/page"}],"author":[{"embeddable":true,"href":"https:\/\/teslafm.net\/en\/wp-json\/wp\/v2\/users\/19"}],"replies":[{"embeddable":true,"href":"https:\/\/teslafm.net\/en\/wp-json\/wp\/v2\/comments?post=56912"}],"version-history":[{"count":4,"href":"https:\/\/teslafm.net\/en\/wp-json\/wp\/v2\/pages\/56912\/revisions"}],"predecessor-version":[{"id":56922,"href":"https:\/\/teslafm.net\/en\/wp-json\/wp\/v2\/pages\/56912\/revisions\/56922"}],"wp:attachment":[{"href":"https:\/\/teslafm.net\/en\/wp-json\/wp\/v2\/media?parent=56912"}],"curies":[{"name":"wp","href":"https:\/\/api.w.org\/{rel}","templated":true}]}}