

{"id":56917,"date":"2021-02-10T14:36:06","date_gmt":"2021-02-10T13:36:06","guid":{"rendered":"https:\/\/teslafm.net\/?page_id=56917"},"modified":"2021-02-10T14:36:35","modified_gmt":"2021-02-10T13:36:35","slug":"digital-entropy-7","status":"publish","type":"page","link":"https:\/\/teslafm.net\/en\/digital-entropy-7\/","title":{"rendered":"Digital Entropy #7"},"content":{"rendered":"<h2><span style=\"color: #ffffff;\"><strong>Digital Entropy #7<\/strong><\/span><\/h2>\n<p><span style=\"color: #808080;\"><em>Electroacoustic and Tape Music<\/em><\/span><\/p>\n<p><iframe src=\"https:\/\/www.mixcloud.com\/widget\/iframe\/?hide_cover=1&amp;feed=%2FTeslafm_net%2Fdigital-entropy-7-nikka%2F\" width=\"100%\" height=\"120\" frameborder=\"0\"><\/iframe><\/p>\n<p><span style=\"color: #808080;\">The artist in this playlist is part of an evolution in electronic music that utilizes the <strong>recorder<\/strong> as musical tools and instruments <strong>electroacoustic<\/strong>.<\/span><br \/>\n<span style=\"color: #808080;\">The <strong>electroacoustic music<\/strong> is generally considered to be a body of <strong>art-music<\/strong>in which composers use technology to manipulate acoustic sounds.<\/span><br \/>\n<span style=\"color: #808080;\">The <strong>magnetic tape<\/strong> offered composers a high-quality recording medium that allowed for greater experimentation in the manipulation of recorded sounds.<\/span><\/p>\n<p><span style=\"color: #808080;\">Tracklist:<\/span><\/p>\n<p><span style=\"color: #808080;\">01. <strong>Milton Babbit<\/strong> - Philomel<\/span><br \/>\n<span style=\"color: #808080;\">02. <strong>Mario Davidovsky<\/strong> - Synchronism N\u00ba.6 for Piano and Electro<\/span><br \/>\n<span style=\"color: #808080;\">03. <strong>Pauline Oliveros<\/strong> - Bye Bye Butterfly<\/span><br \/>\n<span style=\"color: #808080;\">04.<strong> t-h-e-p-i-t-c-h<\/strong> - Molecular Motion<\/span><br \/>\n<span style=\"color: #808080;\">05. <strong>Mica Levi<\/strong> - Delete Beach (Japanese)<\/span><br \/>\n<span style=\"color: #808080;\">06. <strong>Mark Waldron-Hyden<\/strong> - I can't see you<\/span><br \/>\n<span style=\"color: #808080;\">07. <strong>Koenraad Ecker<\/strong> - Between the desire and the spasm<\/span><br \/>\n<span style=\"color: #808080;\">08. <strong>Iannis Xenakis<\/strong> - Persepolis<\/span><br \/>\n<span style=\"color: #808080;\">09. <strong>Steve Reich<\/strong> - Piano Counterpoint<\/span><br \/>\n<span style=\"color: #808080;\">10. <strong>Mats L\u00efndstrom<\/strong> - ONE I<\/span><br \/>\n<span style=\"color: #808080;\">11. <strong>Hainbach<\/strong> - Thaw 2<\/span><br \/>\n<span style=\"color: #808080;\">12. <strong>Alapastel<\/strong> - Demon<\/span><br \/>\n<span style=\"color: #808080;\">13. <strong>Andrew Tomasello<\/strong> - The Grey Days<\/span><\/p>","protected":false},"excerpt":{"rendered":"<p>Digital Entropy #7 Electroac\u00fastica y Tape Music El artista en esta lista de canciones es parte de una evoluci\u00f3n en la m\u00fasica electr\u00f3nica que utiliza la grabadora como herramienta musical e instrumentos electroac\u00fasticos. La m\u00fasica electroac\u00fastica se considera generalmente como un cuerpo de arte-m\u00fasica, en el que los compositores utilizan la tecnolog\u00eda para manipular los [&hellip;]<\/p>\n","protected":false},"author":19,"featured_media":0,"parent":0,"menu_order":0,"comment_status":"closed","ping_status":"closed","template":"","meta":{"footnotes":""},"class_list":["post-56917","page","type-page","status-publish","hentry"],"yoast_head":"<!-- This site is optimized with the Yoast SEO plugin v27.2 - https:\/\/yoast.com\/product\/yoast-seo-wordpress\/ -->\n<title>Digital Entropy #7 -<\/title>\n<meta name=\"robots\" content=\"index, follow, max-snippet:-1, max-image-preview:large, max-video-preview:-1\" \/>\n<link rel=\"canonical\" href=\"https:\/\/teslafm.net\/en\/digital-entropy-7\/\" \/>\n<meta property=\"og:locale\" content=\"en_US\" \/>\n<meta property=\"og:type\" content=\"article\" \/>\n<meta property=\"og:title\" content=\"Digital Entropy #7 -\" \/>\n<meta property=\"og:description\" content=\"Digital Entropy #7 Electroac\u00fastica y Tape Music El artista en esta lista de canciones es parte de una evoluci\u00f3n en la m\u00fasica electr\u00f3nica que utiliza la grabadora como herramienta musical e instrumentos electroac\u00fasticos. La m\u00fasica electroac\u00fastica se considera generalmente como un cuerpo de arte-m\u00fasica, en el que los compositores utilizan la tecnolog\u00eda para manipular los [&hellip;]\" \/>\n<meta property=\"og:url\" content=\"https:\/\/teslafm.net\/en\/digital-entropy-7\/\" \/>\n<meta property=\"article:publisher\" content=\"https:\/\/www.facebook.com\/teslafm.net\" \/>\n<meta property=\"article:modified_time\" content=\"2021-02-10T13:36:35+00:00\" \/>\n<meta property=\"og:image\" content=\"https:\/\/teslafm.net\/wp-content\/uploads\/2022\/09\/header-image-4-temp.png\" \/>\n\t<meta property=\"og:image:width\" content=\"1274\" \/>\n\t<meta property=\"og:image:height\" content=\"818\" \/>\n\t<meta property=\"og:image:type\" content=\"image\/png\" \/>\n<meta name=\"twitter:card\" content=\"summary_large_image\" \/>\n<meta name=\"twitter:site\" content=\"@teslafm\" \/>\n<meta name=\"twitter:label1\" content=\"Est. reading time\" \/>\n\t<meta name=\"twitter:data1\" content=\"1 minute\" \/>\n<script type=\"application\/ld+json\" class=\"yoast-schema-graph\">{\"@context\":\"https:\/\/schema.org\",\"@graph\":[{\"@type\":\"WebPage\",\"@id\":\"https:\/\/teslafm.net\/digital-entropy-7\/\",\"url\":\"https:\/\/teslafm.net\/digital-entropy-7\/\",\"name\":\"Digital Entropy #7 -\",\"isPartOf\":{\"@id\":\"https:\/\/teslafm.net\/#website\"},\"datePublished\":\"2021-02-10T13:36:06+00:00\",\"dateModified\":\"2021-02-10T13:36:35+00:00\",\"breadcrumb\":{\"@id\":\"https:\/\/teslafm.net\/digital-entropy-7\/#breadcrumb\"},\"inLanguage\":\"en-US\",\"potentialAction\":[{\"@type\":\"ReadAction\",\"target\":[\"https:\/\/teslafm.net\/digital-entropy-7\/\"]}]},{\"@type\":\"BreadcrumbList\",\"@id\":\"https:\/\/teslafm.net\/digital-entropy-7\/#breadcrumb\",\"itemListElement\":[{\"@type\":\"ListItem\",\"position\":1,\"name\":\"Portada\",\"item\":\"https:\/\/teslafm.net\/\"},{\"@type\":\"ListItem\",\"position\":2,\"name\":\"Digital Entropy #7\"}]},{\"@type\":\"WebSite\",\"@id\":\"https:\/\/teslafm.net\/#website\",\"url\":\"https:\/\/teslafm.net\/\",\"name\":\"TeslaFM\",\"description\":\"An experimental and creative radio\",\"publisher\":{\"@id\":\"https:\/\/teslafm.net\/#organization\"},\"potentialAction\":[{\"@type\":\"SearchAction\",\"target\":{\"@type\":\"EntryPoint\",\"urlTemplate\":\"https:\/\/teslafm.net\/?s={search_term_string}\"},\"query-input\":{\"@type\":\"PropertyValueSpecification\",\"valueRequired\":true,\"valueName\":\"search_term_string\"}}],\"inLanguage\":\"en-US\"},{\"@type\":\"Organization\",\"@id\":\"https:\/\/teslafm.net\/#organization\",\"name\":\"TeslaFM\",\"url\":\"https:\/\/teslafm.net\/\",\"logo\":{\"@type\":\"ImageObject\",\"inLanguage\":\"en-US\",\"@id\":\"https:\/\/teslafm.net\/#\/schema\/logo\/image\/\",\"url\":\"https:\/\/teslafm.net\/wp-content\/uploads\/2020\/06\/logo-tesla.png\",\"contentUrl\":\"https:\/\/teslafm.net\/wp-content\/uploads\/2020\/06\/logo-tesla.png\",\"width\":512,\"height\":512,\"caption\":\"TeslaFM\"},\"image\":{\"@id\":\"https:\/\/teslafm.net\/#\/schema\/logo\/image\/\"},\"sameAs\":[\"https:\/\/www.facebook.com\/teslafm.net\",\"https:\/\/x.com\/teslafm\"]}]}<\/script>\n<!-- \/ Yoast SEO plugin. -->","yoast_head_json":{"title":"Digital Entropy #7 -","robots":{"index":"index","follow":"follow","max-snippet":"max-snippet:-1","max-image-preview":"max-image-preview:large","max-video-preview":"max-video-preview:-1"},"canonical":"https:\/\/teslafm.net\/en\/digital-entropy-7\/","og_locale":"en_US","og_type":"article","og_title":"Digital Entropy #7 -","og_description":"Digital Entropy #7 Electroac\u00fastica y Tape Music El artista en esta lista de canciones es parte de una evoluci\u00f3n en la m\u00fasica electr\u00f3nica que utiliza la grabadora como herramienta musical e instrumentos electroac\u00fasticos. La m\u00fasica electroac\u00fastica se considera generalmente como un cuerpo de arte-m\u00fasica, en el que los compositores utilizan la tecnolog\u00eda para manipular los [&hellip;]","og_url":"https:\/\/teslafm.net\/en\/digital-entropy-7\/","article_publisher":"https:\/\/www.facebook.com\/teslafm.net","article_modified_time":"2021-02-10T13:36:35+00:00","og_image":[{"width":1274,"height":818,"url":"https:\/\/teslafm.net\/wp-content\/uploads\/2022\/09\/header-image-4-temp.png","type":"image\/png"}],"twitter_card":"summary_large_image","twitter_site":"@teslafm","twitter_misc":{"Est. reading time":"1 minute"},"schema":{"@context":"https:\/\/schema.org","@graph":[{"@type":"WebPage","@id":"https:\/\/teslafm.net\/digital-entropy-7\/","url":"https:\/\/teslafm.net\/digital-entropy-7\/","name":"Digital Entropy #7 -","isPartOf":{"@id":"https:\/\/teslafm.net\/#website"},"datePublished":"2021-02-10T13:36:06+00:00","dateModified":"2021-02-10T13:36:35+00:00","breadcrumb":{"@id":"https:\/\/teslafm.net\/digital-entropy-7\/#breadcrumb"},"inLanguage":"en-US","potentialAction":[{"@type":"ReadAction","target":["https:\/\/teslafm.net\/digital-entropy-7\/"]}]},{"@type":"BreadcrumbList","@id":"https:\/\/teslafm.net\/digital-entropy-7\/#breadcrumb","itemListElement":[{"@type":"ListItem","position":1,"name":"Portada","item":"https:\/\/teslafm.net\/"},{"@type":"ListItem","position":2,"name":"Digital Entropy #7"}]},{"@type":"WebSite","@id":"https:\/\/teslafm.net\/#website","url":"https:\/\/teslafm.net\/","name":"TeslaFM","description":"An experimental and creative radio","publisher":{"@id":"https:\/\/teslafm.net\/#organization"},"potentialAction":[{"@type":"SearchAction","target":{"@type":"EntryPoint","urlTemplate":"https:\/\/teslafm.net\/?s={search_term_string}"},"query-input":{"@type":"PropertyValueSpecification","valueRequired":true,"valueName":"search_term_string"}}],"inLanguage":"en-US"},{"@type":"Organization","@id":"https:\/\/teslafm.net\/#organization","name":"TeslaFM","url":"https:\/\/teslafm.net\/","logo":{"@type":"ImageObject","inLanguage":"en-US","@id":"https:\/\/teslafm.net\/#\/schema\/logo\/image\/","url":"https:\/\/teslafm.net\/wp-content\/uploads\/2020\/06\/logo-tesla.png","contentUrl":"https:\/\/teslafm.net\/wp-content\/uploads\/2020\/06\/logo-tesla.png","width":512,"height":512,"caption":"TeslaFM"},"image":{"@id":"https:\/\/teslafm.net\/#\/schema\/logo\/image\/"},"sameAs":["https:\/\/www.facebook.com\/teslafm.net","https:\/\/x.com\/teslafm"]}]}},"rttpg_featured_image_url":null,"rttpg_author":{"display_name":"Ishak","author_link":"https:\/\/teslafm.net\/en\/author\/cravan\/"},"rttpg_comment":0,"rttpg_category":null,"rttpg_excerpt":"Digital Entropy #7 Electroac\u00fastica y Tape Music El artista en esta lista de canciones es parte de una evoluci\u00f3n en la m\u00fasica electr\u00f3nica que utiliza la grabadora como herramienta musical e instrumentos electroac\u00fasticos. La m\u00fasica electroac\u00fastica se considera generalmente como un cuerpo de arte-m\u00fasica, en el que los compositores utilizan la tecnolog\u00eda para manipular los&hellip;","_links":{"self":[{"href":"https:\/\/teslafm.net\/en\/wp-json\/wp\/v2\/pages\/56917","targetHints":{"allow":["GET"]}}],"collection":[{"href":"https:\/\/teslafm.net\/en\/wp-json\/wp\/v2\/pages"}],"about":[{"href":"https:\/\/teslafm.net\/en\/wp-json\/wp\/v2\/types\/page"}],"author":[{"embeddable":true,"href":"https:\/\/teslafm.net\/en\/wp-json\/wp\/v2\/users\/19"}],"replies":[{"embeddable":true,"href":"https:\/\/teslafm.net\/en\/wp-json\/wp\/v2\/comments?post=56917"}],"version-history":[{"count":2,"href":"https:\/\/teslafm.net\/en\/wp-json\/wp\/v2\/pages\/56917\/revisions"}],"predecessor-version":[{"id":56919,"href":"https:\/\/teslafm.net\/en\/wp-json\/wp\/v2\/pages\/56917\/revisions\/56919"}],"wp:attachment":[{"href":"https:\/\/teslafm.net\/en\/wp-json\/wp\/v2\/media?parent=56917"}],"curies":[{"name":"wp","href":"https:\/\/api.w.org\/{rel}","templated":true}]}}