

{"id":56954,"date":"2021-02-16T15:34:51","date_gmt":"2021-02-16T14:34:51","guid":{"rendered":"https:\/\/teslafm.net\/?page_id=56954"},"modified":"2021-05-18T18:34:36","modified_gmt":"2021-05-18T16:34:36","slug":"espace-plein-13","status":"publish","type":"page","link":"https:\/\/teslafm.net\/en\/espace-plein-13\/","title":{"rendered":"Espace Plein #13"},"content":{"rendered":"<h2><span style=\"color: #ffffff;\"><strong>Espace Plein #13<\/strong><\/span><\/h2>\n<p><span style=\"color: #808080;\"><em>February 2021<\/em><\/span><\/p>\n<p><iframe src=\"https:\/\/www.mixcloud.com\/widget\/iframe\/?hide_cover=1&amp;feed=%2FTeslafm_net%2Fespace-plein-13-%C3%BArsula-bravo%2F\" width=\"100%\" height=\"120\" frameborder=\"0\"><\/iframe><\/p>\n<p><img fetchpriority=\"high\" decoding=\"async\" class=\"alignnone size-full wp-image-56955\" src=\"https:\/\/teslafm.net\/wp-content\/uploads\/2021\/02\/ESPACE-PLEIN-13.jpg\" alt=\"\" width=\"470\" height=\"470\" srcset=\"https:\/\/teslafm.net\/wp-content\/uploads\/2021\/02\/ESPACE-PLEIN-13.jpg 470w, https:\/\/teslafm.net\/wp-content\/uploads\/2021\/02\/ESPACE-PLEIN-13-300x300.jpg 300w, https:\/\/teslafm.net\/wp-content\/uploads\/2021\/02\/ESPACE-PLEIN-13-150x150.jpg 150w\" sizes=\"(max-width: 470px) 100vw, 470px\" \/><\/p>\n<p><em><span style=\"color: #808080;\">WHAT DOES SPAIN MEAN?<\/span><\/em><\/p>\n<p><span style=\"color: #808080;\">This program is developed from the sensitive uprooting in which I find myself, it is developed through different opinions collected about the meaning of the word Spain, which are the associated forms and the different subjective appreciations, before the political and cultural construction. Through different scenes of everyday life, which make up our collective social fabric, different people express their opinions and formal constructions. Nation, territory, flags, food, people, collectivities.<\/span><\/p>\n<p><span style=\"color: #808080;\">Spain oozes corruption, and national-Catholicism, heteropatriarchy and war, most of the migrant women I asked did not want to express their opinions, besides women, at least in my town, Monteagudo, I felt them second-class citizens, trans women were not even mentioned. Those who openly called themselves fascists did not want to give their opinion either.<\/span><\/p>\n<p><span style=\"color: #808080;\">Many thanks to all the voices that have composed this program. Thanks to those who supported us with their music.<\/span><\/p>","protected":false},"excerpt":{"rendered":"<p>Espace Plein #13 Febrero 2021 \u00bfQU\u00c9 SIGNIFICA ESPA\u00d1A? Este programa se gesta partiendo del desarraigo sensible en el que me encuentro, se desarrolla atravesando distintas opiniones recogidas sobre el significado de la palabra Espa\u00f1a, cuales son las formas asociadas y las distintas apreciaciones subjetivas, ante la construcci\u00f3n pol\u00edtica y cultural. A trav\u00e9s de distintas escenas [&hellip;]<\/p>\n","protected":false},"author":19,"featured_media":0,"parent":0,"menu_order":0,"comment_status":"closed","ping_status":"closed","template":"","meta":{"footnotes":""},"class_list":["post-56954","page","type-page","status-publish","hentry"],"yoast_head":"<!-- This site is optimized with the Yoast SEO plugin v27.2 - https:\/\/yoast.com\/product\/yoast-seo-wordpress\/ -->\n<title>Espace Plein #13 -<\/title>\n<meta name=\"robots\" content=\"index, follow, max-snippet:-1, max-image-preview:large, max-video-preview:-1\" \/>\n<link rel=\"canonical\" href=\"https:\/\/teslafm.net\/en\/espace-plein-13\/\" \/>\n<meta property=\"og:locale\" content=\"en_US\" \/>\n<meta property=\"og:type\" content=\"article\" \/>\n<meta property=\"og:title\" content=\"Espace Plein #13 -\" \/>\n<meta property=\"og:description\" content=\"Espace Plein #13 Febrero 2021 \u00bfQU\u00c9 SIGNIFICA ESPA\u00d1A? Este programa se gesta partiendo del desarraigo sensible en el que me encuentro, se desarrolla atravesando distintas opiniones recogidas sobre el significado de la palabra Espa\u00f1a, cuales son las formas asociadas y las distintas apreciaciones subjetivas, ante la construcci\u00f3n pol\u00edtica y cultural. A trav\u00e9s de distintas escenas [&hellip;]\" \/>\n<meta property=\"og:url\" content=\"https:\/\/teslafm.net\/en\/espace-plein-13\/\" \/>\n<meta property=\"article:publisher\" content=\"https:\/\/www.facebook.com\/teslafm.net\" \/>\n<meta property=\"article:modified_time\" content=\"2021-05-18T16:34:36+00:00\" \/>\n<meta property=\"og:image\" content=\"https:\/\/teslafm.net\/wp-content\/uploads\/2021\/02\/ESPACE-PLEIN-13.jpg\" \/>\n<meta name=\"twitter:card\" content=\"summary_large_image\" \/>\n<meta name=\"twitter:site\" content=\"@teslafm\" \/>\n<meta name=\"twitter:label1\" content=\"Est. reading time\" \/>\n\t<meta name=\"twitter:data1\" content=\"1 minute\" \/>\n<script type=\"application\/ld+json\" class=\"yoast-schema-graph\">{\"@context\":\"https:\/\/schema.org\",\"@graph\":[{\"@type\":\"WebPage\",\"@id\":\"https:\/\/teslafm.net\/espace-plein-13\/\",\"url\":\"https:\/\/teslafm.net\/espace-plein-13\/\",\"name\":\"Espace Plein #13 -\",\"isPartOf\":{\"@id\":\"https:\/\/teslafm.net\/#website\"},\"primaryImageOfPage\":{\"@id\":\"https:\/\/teslafm.net\/espace-plein-13\/#primaryimage\"},\"image\":{\"@id\":\"https:\/\/teslafm.net\/espace-plein-13\/#primaryimage\"},\"thumbnailUrl\":\"https:\/\/teslafm.net\/wp-content\/uploads\/2021\/02\/ESPACE-PLEIN-13.jpg\",\"datePublished\":\"2021-02-16T14:34:51+00:00\",\"dateModified\":\"2021-05-18T16:34:36+00:00\",\"breadcrumb\":{\"@id\":\"https:\/\/teslafm.net\/espace-plein-13\/#breadcrumb\"},\"inLanguage\":\"en-US\",\"potentialAction\":[{\"@type\":\"ReadAction\",\"target\":[\"https:\/\/teslafm.net\/espace-plein-13\/\"]}]},{\"@type\":\"ImageObject\",\"inLanguage\":\"en-US\",\"@id\":\"https:\/\/teslafm.net\/espace-plein-13\/#primaryimage\",\"url\":\"https:\/\/teslafm.net\/wp-content\/uploads\/2021\/02\/ESPACE-PLEIN-13.jpg\",\"contentUrl\":\"https:\/\/teslafm.net\/wp-content\/uploads\/2021\/02\/ESPACE-PLEIN-13.jpg\"},{\"@type\":\"BreadcrumbList\",\"@id\":\"https:\/\/teslafm.net\/espace-plein-13\/#breadcrumb\",\"itemListElement\":[{\"@type\":\"ListItem\",\"position\":1,\"name\":\"Portada\",\"item\":\"https:\/\/teslafm.net\/\"},{\"@type\":\"ListItem\",\"position\":2,\"name\":\"Espace Plein #13\"}]},{\"@type\":\"WebSite\",\"@id\":\"https:\/\/teslafm.net\/#website\",\"url\":\"https:\/\/teslafm.net\/\",\"name\":\"TeslaFM\",\"description\":\"An experimental and creative radio\",\"publisher\":{\"@id\":\"https:\/\/teslafm.net\/#organization\"},\"potentialAction\":[{\"@type\":\"SearchAction\",\"target\":{\"@type\":\"EntryPoint\",\"urlTemplate\":\"https:\/\/teslafm.net\/?s={search_term_string}\"},\"query-input\":{\"@type\":\"PropertyValueSpecification\",\"valueRequired\":true,\"valueName\":\"search_term_string\"}}],\"inLanguage\":\"en-US\"},{\"@type\":\"Organization\",\"@id\":\"https:\/\/teslafm.net\/#organization\",\"name\":\"TeslaFM\",\"url\":\"https:\/\/teslafm.net\/\",\"logo\":{\"@type\":\"ImageObject\",\"inLanguage\":\"en-US\",\"@id\":\"https:\/\/teslafm.net\/#\/schema\/logo\/image\/\",\"url\":\"https:\/\/teslafm.net\/wp-content\/uploads\/2020\/06\/logo-tesla.png\",\"contentUrl\":\"https:\/\/teslafm.net\/wp-content\/uploads\/2020\/06\/logo-tesla.png\",\"width\":512,\"height\":512,\"caption\":\"TeslaFM\"},\"image\":{\"@id\":\"https:\/\/teslafm.net\/#\/schema\/logo\/image\/\"},\"sameAs\":[\"https:\/\/www.facebook.com\/teslafm.net\",\"https:\/\/x.com\/teslafm\"]}]}<\/script>\n<!-- \/ Yoast SEO plugin. -->","yoast_head_json":{"title":"Espace Plein #13 -","robots":{"index":"index","follow":"follow","max-snippet":"max-snippet:-1","max-image-preview":"max-image-preview:large","max-video-preview":"max-video-preview:-1"},"canonical":"https:\/\/teslafm.net\/en\/espace-plein-13\/","og_locale":"en_US","og_type":"article","og_title":"Espace Plein #13 -","og_description":"Espace Plein #13 Febrero 2021 \u00bfQU\u00c9 SIGNIFICA ESPA\u00d1A? Este programa se gesta partiendo del desarraigo sensible en el que me encuentro, se desarrolla atravesando distintas opiniones recogidas sobre el significado de la palabra Espa\u00f1a, cuales son las formas asociadas y las distintas apreciaciones subjetivas, ante la construcci\u00f3n pol\u00edtica y cultural. A trav\u00e9s de distintas escenas [&hellip;]","og_url":"https:\/\/teslafm.net\/en\/espace-plein-13\/","article_publisher":"https:\/\/www.facebook.com\/teslafm.net","article_modified_time":"2021-05-18T16:34:36+00:00","og_image":[{"url":"https:\/\/teslafm.net\/wp-content\/uploads\/2021\/02\/ESPACE-PLEIN-13.jpg","type":"","width":"","height":""}],"twitter_card":"summary_large_image","twitter_site":"@teslafm","twitter_misc":{"Est. reading time":"1 minute"},"schema":{"@context":"https:\/\/schema.org","@graph":[{"@type":"WebPage","@id":"https:\/\/teslafm.net\/espace-plein-13\/","url":"https:\/\/teslafm.net\/espace-plein-13\/","name":"Espace Plein #13 -","isPartOf":{"@id":"https:\/\/teslafm.net\/#website"},"primaryImageOfPage":{"@id":"https:\/\/teslafm.net\/espace-plein-13\/#primaryimage"},"image":{"@id":"https:\/\/teslafm.net\/espace-plein-13\/#primaryimage"},"thumbnailUrl":"https:\/\/teslafm.net\/wp-content\/uploads\/2021\/02\/ESPACE-PLEIN-13.jpg","datePublished":"2021-02-16T14:34:51+00:00","dateModified":"2021-05-18T16:34:36+00:00","breadcrumb":{"@id":"https:\/\/teslafm.net\/espace-plein-13\/#breadcrumb"},"inLanguage":"en-US","potentialAction":[{"@type":"ReadAction","target":["https:\/\/teslafm.net\/espace-plein-13\/"]}]},{"@type":"ImageObject","inLanguage":"en-US","@id":"https:\/\/teslafm.net\/espace-plein-13\/#primaryimage","url":"https:\/\/teslafm.net\/wp-content\/uploads\/2021\/02\/ESPACE-PLEIN-13.jpg","contentUrl":"https:\/\/teslafm.net\/wp-content\/uploads\/2021\/02\/ESPACE-PLEIN-13.jpg"},{"@type":"BreadcrumbList","@id":"https:\/\/teslafm.net\/espace-plein-13\/#breadcrumb","itemListElement":[{"@type":"ListItem","position":1,"name":"Portada","item":"https:\/\/teslafm.net\/"},{"@type":"ListItem","position":2,"name":"Espace Plein #13"}]},{"@type":"WebSite","@id":"https:\/\/teslafm.net\/#website","url":"https:\/\/teslafm.net\/","name":"TeslaFM","description":"An experimental and creative radio","publisher":{"@id":"https:\/\/teslafm.net\/#organization"},"potentialAction":[{"@type":"SearchAction","target":{"@type":"EntryPoint","urlTemplate":"https:\/\/teslafm.net\/?s={search_term_string}"},"query-input":{"@type":"PropertyValueSpecification","valueRequired":true,"valueName":"search_term_string"}}],"inLanguage":"en-US"},{"@type":"Organization","@id":"https:\/\/teslafm.net\/#organization","name":"TeslaFM","url":"https:\/\/teslafm.net\/","logo":{"@type":"ImageObject","inLanguage":"en-US","@id":"https:\/\/teslafm.net\/#\/schema\/logo\/image\/","url":"https:\/\/teslafm.net\/wp-content\/uploads\/2020\/06\/logo-tesla.png","contentUrl":"https:\/\/teslafm.net\/wp-content\/uploads\/2020\/06\/logo-tesla.png","width":512,"height":512,"caption":"TeslaFM"},"image":{"@id":"https:\/\/teslafm.net\/#\/schema\/logo\/image\/"},"sameAs":["https:\/\/www.facebook.com\/teslafm.net","https:\/\/x.com\/teslafm"]}]}},"rttpg_featured_image_url":null,"rttpg_author":{"display_name":"Ishak","author_link":"https:\/\/teslafm.net\/en\/author\/cravan\/"},"rttpg_comment":0,"rttpg_category":null,"rttpg_excerpt":"Espace Plein #13 Febrero 2021 \u00bfQU\u00c9 SIGNIFICA ESPA\u00d1A? Este programa se gesta partiendo del desarraigo sensible en el que me encuentro, se desarrolla atravesando distintas opiniones recogidas sobre el significado de la palabra Espa\u00f1a, cuales son las formas asociadas y las distintas apreciaciones subjetivas, ante la construcci\u00f3n pol\u00edtica y cultural. A trav\u00e9s de distintas escenas&hellip;","_links":{"self":[{"href":"https:\/\/teslafm.net\/en\/wp-json\/wp\/v2\/pages\/56954","targetHints":{"allow":["GET"]}}],"collection":[{"href":"https:\/\/teslafm.net\/en\/wp-json\/wp\/v2\/pages"}],"about":[{"href":"https:\/\/teslafm.net\/en\/wp-json\/wp\/v2\/types\/page"}],"author":[{"embeddable":true,"href":"https:\/\/teslafm.net\/en\/wp-json\/wp\/v2\/users\/19"}],"replies":[{"embeddable":true,"href":"https:\/\/teslafm.net\/en\/wp-json\/wp\/v2\/comments?post=56954"}],"version-history":[{"count":2,"href":"https:\/\/teslafm.net\/en\/wp-json\/wp\/v2\/pages\/56954\/revisions"}],"predecessor-version":[{"id":58143,"href":"https:\/\/teslafm.net\/en\/wp-json\/wp\/v2\/pages\/56954\/revisions\/58143"}],"wp:attachment":[{"href":"https:\/\/teslafm.net\/en\/wp-json\/wp\/v2\/media?parent=56954"}],"curies":[{"name":"wp","href":"https:\/\/api.w.org\/{rel}","templated":true}]}}