

{"id":56996,"date":"2021-02-23T19:44:45","date_gmt":"2021-02-23T18:44:45","guid":{"rendered":"https:\/\/teslafm.net\/?page_id=56996"},"modified":"2021-03-11T22:02:01","modified_gmt":"2021-03-11T21:02:01","slug":"space-oddity-recollection-19","status":"publish","type":"page","link":"https:\/\/teslafm.net\/en\/space-oddity-recollection-19\/","title":{"rendered":"Space Oddity Recollection #19"},"content":{"rendered":"<h2><span style=\"color: #ffffff;\"><strong>Space Oddity Recollection #19<\/strong><\/span><\/h2>\n<p><span style=\"color: #808080;\"><em>February 2021<\/em><\/span><\/p>\n<p><iframe src=\"https:\/\/www.mixcloud.com\/widget\/iframe\/?hide_cover=1&amp;feed=%2FTeslafm_net%2Fspace-oddity-recollection-19-monika-pich%2F\" width=\"100%\" height=\"120\" frameborder=\"0\"><\/iframe><\/p>\n<p><img fetchpriority=\"high\" decoding=\"async\" class=\"alignnone size-full wp-image-56999\" src=\"https:\/\/teslafm.net\/wp-content\/uploads\/2021\/02\/beetner-car-chase-gene-hackman-french-connection.jpg\" alt=\"\" width=\"280\" height=\"280\" srcset=\"https:\/\/teslafm.net\/wp-content\/uploads\/2021\/02\/beetner-car-chase-gene-hackman-french-connection.jpg 280w, https:\/\/teslafm.net\/wp-content\/uploads\/2021\/02\/beetner-car-chase-gene-hackman-french-connection-150x150.jpg 150w\" sizes=\"(max-width: 280px) 100vw, 280px\" \/><\/p>\n<p><span style=\"color: #808080;\">\"<strong>Museum<\/strong>\"a collection of sound works dedicated to the images and designed by sound artists and musicians for the Camembert \u00c9lectrique music label. Each artist was asked to create a sound representation of a selected image. As a result, 62 compositions have been created. The album was released on June 24, 2020 by Camembert \u00c9lectrique.<\/span><\/p>\n<p><span style=\"color: #808080;\">In this mix, you will hear the following compositions in their entirety and in parts.<\/span><\/p>\n<p><span style=\"color: #808080;\">* <strong>brainquake<\/strong> - MUSEUM - 01 Wandjina<\/span><\/p>\n<p><span style=\"color: #808080;\">* <strong>SUSAN MATTHEWS<\/strong> - MUSEUM - 60 Untitled Thought No.3<\/span><\/p>\n<p><span style=\"color: #808080;\">* <strong>TWIN FLAME<\/strong> - MUSEUM - 53 A Matter of Time<\/span><\/p>\n<p><span style=\"color: #808080;\">* <strong>FLAVIEN GILLI\u00c9<\/strong> - MUSEUM - 27 Le chat<\/span><\/p>\n<p><span style=\"color: #808080;\">* <strong>SERGE BARDOT<\/strong> - MUSEUM - 40 Citro\u00ebn SM Funk<\/span><\/p>\n<p><span style=\"color: #808080;\">*<strong> ANDREW DUKE<\/strong> - MUSEUM - 49 Giger Door to Door<\/span><\/p>\n<p><span style=\"color: #808080;\">* <strong>YOSHIWAKU<\/strong> - MUSEUM - 13 An infinite scream passing through nature<\/span><\/p>\n<p><span style=\"color: #808080;\">* <strong>DAVID FENECH<\/strong> - MUSEUM - 33 Blue Monochrome<\/span><\/p>\n<p><span style=\"color: #808080;\">* <strong>ERREUR 444<\/strong> - MUSEUM - 07 Mille Regretz<\/span><\/p>\n<p><span style=\"color: #808080;\">* <strong>will soderberg...<\/strong>. - MUSEUM - 37 \u00c9tant donn\u00e9s .<\/span><\/p>\n<p><span style=\"color: #808080;\">* <strong>nystagmus<\/strong> - MUSEUM - 35 Scanning<\/span><\/p>\n<p><span style=\"color: #808080;\">* <strong>SUSAN MATTHEWS<\/strong> - MUSEUM - 60 Untitled Thought No.3<\/span><\/p>\n<p><span style=\"color: #808080;\">* <strong>DzEta<\/strong> - MUSEUM - 51 Spid3r<\/span><\/p>\n<p><span style=\"color: #808080;\">* <strong>HANS CASTRUP<\/strong> - MUSEUM - 55 Portrait of the Artist Listening to Music<\/span><\/p>\n<p><span style=\"color: #808080;\">* <strong>KIVITOG<\/strong> - MUSEUM - 12 Chronophotographie du saut d'un home<\/span><\/p>\n<p><span style=\"color: #808080;\">* <strong>PACIFIC 231<\/strong> - MUSEUM - 61 Citadelles<\/span><\/p>\n<p><span style=\"color: #808080;\">* <strong>monikapich<\/strong> - MUSEUM - 41 James Ford<\/span><\/p>\n<p><span style=\"color: #808080;\">* <strong>KENY2<\/strong> - MUSEUM - 39 Jardin d'hiver<\/span><\/p>\n<p><span style=\"color: #808080;\">* <strong>FLAVIEN GILLI\u00c9<\/strong> - MUSEUM - 27 Le chat<\/span><\/p>\n<p><span style=\"color: #808080;\">* <strong>LEANDRO KAL\u00c9N<\/strong> - MUSEUM - 59 Silence &amp; Imaginary Places<\/span><\/p>\n<p><span style=\"color: #808080;\">* <strong>TBS<\/strong> - MUSEUM - 42 Night Creeper<\/span><\/p>\n<p><span style=\"color: #808080;\">* <strong>DENIS FRAJERMAN<\/strong> - MUSEUM - 48 L'homme derri\u00e8re la ligne<\/span><\/p>\n<p><span style=\"color: #808080;\"><strong>* BISSECTA &amp; ANA MINSKI<\/strong> - MUSEUM - 02 La V\u00e9nus de Laussel<\/span><\/p>\n<p><span style=\"color: #808080;\">* <strong>L\u00c4RMSCHUTZ<\/strong> - MUSEUM - 28 Espace Criminel<\/span><\/p>\n<p><span style=\"color: #808080;\">* <strong>MICHAEL MEARA<\/strong> - MUSEUM - 20 Night Rain On Shin-o-Hashi<\/span><\/p>\n<p><span style=\"color: #808080;\">* <strong>SLAVEK KWI<\/strong> - MUSEUM - 62 firEtrEE<\/span><\/p>\n<p><span style=\"color: #808080;\">* <strong>MIYAGI-LAMMARDO<\/strong> - MUSEUM - 11 Sol naci\u0119te<\/span><\/p>\n<p><span style=\"color: #808080;\">* <strong>M.NOMIZED<\/strong> - MUSEUM - 31 La Mal\u00e9diction<\/span><\/p>\n<p><span style=\"color: #808080;\">* <strong>P.U.T-<\/strong> - MUSEUM - 22 Guernica<\/span><\/p>\n<p><span style=\"color: #808080;\">* <strong>MubisMusic<\/strong> - MUSEUM - 44 Inner Room<\/span><\/p>\n<p><span style=\"color: #808080;\">Links:<\/span><\/p>\n<p><a href=\"https:\/\/camembertelectrique.bandcamp.com\/album\/museum\" target=\"_blank\" rel=\"noopener\">camembertelectrique.bandcamp.com\/album\/museum<\/a><br \/>\n<a href=\"https:\/\/www.facebook.com\/camembertelec\/\" target=\"_blank\" rel=\"noopener\">facebook.com\/camembertelec\/<\/a><br \/>\n<span style=\"color: #808080;\">Photo: Gene Hackman\/<\/span><a href=\"https:\/\/www.imdb.com\/title\/tt0067116\/\" target=\"_blank\" rel=\"noopener\">The French Connection (1971')<\/a><\/p>\n<p><span style=\"color: #808080;\">Enjoy the mix, February, 2020'.<\/span><br \/>\n<span style=\"color: #808080;\">produced by <strong>monikapich<\/strong><\/span><\/p>","protected":false},"excerpt":{"rendered":"<p>Space Oddity Recollection #19 Febrero 2021 \u00abMuseum\u00ab, una colecci\u00f3n de obras sonoras dedicadas a las im\u00e1genes y dise\u00f1adas por artistas de sonido y m\u00fasicos para el sello musical Camembert \u00c9lectrique. A cada artista se le pidi\u00f3 que creara una representaci\u00f3n sonora de una imagen seleccionada. Como resultado, se han creado 62 composiciones. el \u00e1lbum fue [&hellip;]<\/p>\n","protected":false},"author":19,"featured_media":0,"parent":0,"menu_order":0,"comment_status":"closed","ping_status":"closed","template":"","meta":{"footnotes":""},"class_list":["post-56996","page","type-page","status-publish","hentry"],"yoast_head":"<!-- This site is optimized with the Yoast SEO plugin v27.2 - https:\/\/yoast.com\/product\/yoast-seo-wordpress\/ -->\n<title>Space Oddity Recollection #19 -<\/title>\n<meta name=\"robots\" content=\"index, follow, max-snippet:-1, max-image-preview:large, max-video-preview:-1\" \/>\n<link rel=\"canonical\" href=\"https:\/\/teslafm.net\/en\/space-oddity-recollection-19\/\" \/>\n<meta property=\"og:locale\" content=\"en_US\" \/>\n<meta property=\"og:type\" content=\"article\" \/>\n<meta property=\"og:title\" content=\"Space Oddity Recollection #19 -\" \/>\n<meta property=\"og:description\" content=\"Space Oddity Recollection #19 Febrero 2021 \u00abMuseum\u00ab, una colecci\u00f3n de obras sonoras dedicadas a las im\u00e1genes y dise\u00f1adas por artistas de sonido y m\u00fasicos para el sello musical Camembert \u00c9lectrique. A cada artista se le pidi\u00f3 que creara una representaci\u00f3n sonora de una imagen seleccionada. Como resultado, se han creado 62 composiciones. el \u00e1lbum fue [&hellip;]\" \/>\n<meta property=\"og:url\" content=\"https:\/\/teslafm.net\/en\/space-oddity-recollection-19\/\" \/>\n<meta property=\"article:publisher\" content=\"https:\/\/www.facebook.com\/teslafm.net\" \/>\n<meta property=\"article:modified_time\" content=\"2021-03-11T21:02:01+00:00\" \/>\n<meta property=\"og:image\" content=\"https:\/\/teslafm.net\/wp-content\/uploads\/2021\/02\/beetner-car-chase-gene-hackman-french-connection.jpg\" \/>\n<meta name=\"twitter:card\" content=\"summary_large_image\" \/>\n<meta name=\"twitter:site\" content=\"@teslafm\" \/>\n<meta name=\"twitter:label1\" content=\"Est. reading time\" \/>\n\t<meta name=\"twitter:data1\" content=\"2 minutes\" \/>\n<script type=\"application\/ld+json\" class=\"yoast-schema-graph\">{\"@context\":\"https:\/\/schema.org\",\"@graph\":[{\"@type\":\"WebPage\",\"@id\":\"https:\/\/teslafm.net\/space-oddity-recollection-19\/\",\"url\":\"https:\/\/teslafm.net\/space-oddity-recollection-19\/\",\"name\":\"Space Oddity Recollection #19 -\",\"isPartOf\":{\"@id\":\"https:\/\/teslafm.net\/#website\"},\"primaryImageOfPage\":{\"@id\":\"https:\/\/teslafm.net\/space-oddity-recollection-19\/#primaryimage\"},\"image\":{\"@id\":\"https:\/\/teslafm.net\/space-oddity-recollection-19\/#primaryimage\"},\"thumbnailUrl\":\"https:\/\/teslafm.net\/wp-content\/uploads\/2021\/02\/beetner-car-chase-gene-hackman-french-connection.jpg\",\"datePublished\":\"2021-02-23T18:44:45+00:00\",\"dateModified\":\"2021-03-11T21:02:01+00:00\",\"breadcrumb\":{\"@id\":\"https:\/\/teslafm.net\/space-oddity-recollection-19\/#breadcrumb\"},\"inLanguage\":\"en-US\",\"potentialAction\":[{\"@type\":\"ReadAction\",\"target\":[\"https:\/\/teslafm.net\/space-oddity-recollection-19\/\"]}]},{\"@type\":\"ImageObject\",\"inLanguage\":\"en-US\",\"@id\":\"https:\/\/teslafm.net\/space-oddity-recollection-19\/#primaryimage\",\"url\":\"https:\/\/teslafm.net\/wp-content\/uploads\/2021\/02\/beetner-car-chase-gene-hackman-french-connection.jpg\",\"contentUrl\":\"https:\/\/teslafm.net\/wp-content\/uploads\/2021\/02\/beetner-car-chase-gene-hackman-french-connection.jpg\"},{\"@type\":\"BreadcrumbList\",\"@id\":\"https:\/\/teslafm.net\/space-oddity-recollection-19\/#breadcrumb\",\"itemListElement\":[{\"@type\":\"ListItem\",\"position\":1,\"name\":\"Portada\",\"item\":\"https:\/\/teslafm.net\/\"},{\"@type\":\"ListItem\",\"position\":2,\"name\":\"Space Oddity Recollection #19\"}]},{\"@type\":\"WebSite\",\"@id\":\"https:\/\/teslafm.net\/#website\",\"url\":\"https:\/\/teslafm.net\/\",\"name\":\"TeslaFM\",\"description\":\"An experimental and creative radio\",\"publisher\":{\"@id\":\"https:\/\/teslafm.net\/#organization\"},\"potentialAction\":[{\"@type\":\"SearchAction\",\"target\":{\"@type\":\"EntryPoint\",\"urlTemplate\":\"https:\/\/teslafm.net\/?s={search_term_string}\"},\"query-input\":{\"@type\":\"PropertyValueSpecification\",\"valueRequired\":true,\"valueName\":\"search_term_string\"}}],\"inLanguage\":\"en-US\"},{\"@type\":\"Organization\",\"@id\":\"https:\/\/teslafm.net\/#organization\",\"name\":\"TeslaFM\",\"url\":\"https:\/\/teslafm.net\/\",\"logo\":{\"@type\":\"ImageObject\",\"inLanguage\":\"en-US\",\"@id\":\"https:\/\/teslafm.net\/#\/schema\/logo\/image\/\",\"url\":\"https:\/\/teslafm.net\/wp-content\/uploads\/2020\/06\/logo-tesla.png\",\"contentUrl\":\"https:\/\/teslafm.net\/wp-content\/uploads\/2020\/06\/logo-tesla.png\",\"width\":512,\"height\":512,\"caption\":\"TeslaFM\"},\"image\":{\"@id\":\"https:\/\/teslafm.net\/#\/schema\/logo\/image\/\"},\"sameAs\":[\"https:\/\/www.facebook.com\/teslafm.net\",\"https:\/\/x.com\/teslafm\"]}]}<\/script>\n<!-- \/ Yoast SEO plugin. -->","yoast_head_json":{"title":"Space Oddity Recollection #19 -","robots":{"index":"index","follow":"follow","max-snippet":"max-snippet:-1","max-image-preview":"max-image-preview:large","max-video-preview":"max-video-preview:-1"},"canonical":"https:\/\/teslafm.net\/en\/space-oddity-recollection-19\/","og_locale":"en_US","og_type":"article","og_title":"Space Oddity Recollection #19 -","og_description":"Space Oddity Recollection #19 Febrero 2021 \u00abMuseum\u00ab, una colecci\u00f3n de obras sonoras dedicadas a las im\u00e1genes y dise\u00f1adas por artistas de sonido y m\u00fasicos para el sello musical Camembert \u00c9lectrique. A cada artista se le pidi\u00f3 que creara una representaci\u00f3n sonora de una imagen seleccionada. Como resultado, se han creado 62 composiciones. el \u00e1lbum fue [&hellip;]","og_url":"https:\/\/teslafm.net\/en\/space-oddity-recollection-19\/","article_publisher":"https:\/\/www.facebook.com\/teslafm.net","article_modified_time":"2021-03-11T21:02:01+00:00","og_image":[{"url":"https:\/\/teslafm.net\/wp-content\/uploads\/2021\/02\/beetner-car-chase-gene-hackman-french-connection.jpg","type":"","width":"","height":""}],"twitter_card":"summary_large_image","twitter_site":"@teslafm","twitter_misc":{"Est. reading time":"2 minutes"},"schema":{"@context":"https:\/\/schema.org","@graph":[{"@type":"WebPage","@id":"https:\/\/teslafm.net\/space-oddity-recollection-19\/","url":"https:\/\/teslafm.net\/space-oddity-recollection-19\/","name":"Space Oddity Recollection #19 -","isPartOf":{"@id":"https:\/\/teslafm.net\/#website"},"primaryImageOfPage":{"@id":"https:\/\/teslafm.net\/space-oddity-recollection-19\/#primaryimage"},"image":{"@id":"https:\/\/teslafm.net\/space-oddity-recollection-19\/#primaryimage"},"thumbnailUrl":"https:\/\/teslafm.net\/wp-content\/uploads\/2021\/02\/beetner-car-chase-gene-hackman-french-connection.jpg","datePublished":"2021-02-23T18:44:45+00:00","dateModified":"2021-03-11T21:02:01+00:00","breadcrumb":{"@id":"https:\/\/teslafm.net\/space-oddity-recollection-19\/#breadcrumb"},"inLanguage":"en-US","potentialAction":[{"@type":"ReadAction","target":["https:\/\/teslafm.net\/space-oddity-recollection-19\/"]}]},{"@type":"ImageObject","inLanguage":"en-US","@id":"https:\/\/teslafm.net\/space-oddity-recollection-19\/#primaryimage","url":"https:\/\/teslafm.net\/wp-content\/uploads\/2021\/02\/beetner-car-chase-gene-hackman-french-connection.jpg","contentUrl":"https:\/\/teslafm.net\/wp-content\/uploads\/2021\/02\/beetner-car-chase-gene-hackman-french-connection.jpg"},{"@type":"BreadcrumbList","@id":"https:\/\/teslafm.net\/space-oddity-recollection-19\/#breadcrumb","itemListElement":[{"@type":"ListItem","position":1,"name":"Portada","item":"https:\/\/teslafm.net\/"},{"@type":"ListItem","position":2,"name":"Space Oddity Recollection #19"}]},{"@type":"WebSite","@id":"https:\/\/teslafm.net\/#website","url":"https:\/\/teslafm.net\/","name":"TeslaFM","description":"An experimental and creative radio","publisher":{"@id":"https:\/\/teslafm.net\/#organization"},"potentialAction":[{"@type":"SearchAction","target":{"@type":"EntryPoint","urlTemplate":"https:\/\/teslafm.net\/?s={search_term_string}"},"query-input":{"@type":"PropertyValueSpecification","valueRequired":true,"valueName":"search_term_string"}}],"inLanguage":"en-US"},{"@type":"Organization","@id":"https:\/\/teslafm.net\/#organization","name":"TeslaFM","url":"https:\/\/teslafm.net\/","logo":{"@type":"ImageObject","inLanguage":"en-US","@id":"https:\/\/teslafm.net\/#\/schema\/logo\/image\/","url":"https:\/\/teslafm.net\/wp-content\/uploads\/2020\/06\/logo-tesla.png","contentUrl":"https:\/\/teslafm.net\/wp-content\/uploads\/2020\/06\/logo-tesla.png","width":512,"height":512,"caption":"TeslaFM"},"image":{"@id":"https:\/\/teslafm.net\/#\/schema\/logo\/image\/"},"sameAs":["https:\/\/www.facebook.com\/teslafm.net","https:\/\/x.com\/teslafm"]}]}},"rttpg_featured_image_url":null,"rttpg_author":{"display_name":"Ishak","author_link":"https:\/\/teslafm.net\/en\/author\/cravan\/"},"rttpg_comment":0,"rttpg_category":null,"rttpg_excerpt":"Space Oddity Recollection #19 Febrero 2021 \u00abMuseum\u00ab, una colecci\u00f3n de obras sonoras dedicadas a las im\u00e1genes y dise\u00f1adas por artistas de sonido y m\u00fasicos para el sello musical Camembert \u00c9lectrique. A cada artista se le pidi\u00f3 que creara una representaci\u00f3n sonora de una imagen seleccionada. Como resultado, se han creado 62 composiciones. el \u00e1lbum fue&hellip;","_links":{"self":[{"href":"https:\/\/teslafm.net\/en\/wp-json\/wp\/v2\/pages\/56996","targetHints":{"allow":["GET"]}}],"collection":[{"href":"https:\/\/teslafm.net\/en\/wp-json\/wp\/v2\/pages"}],"about":[{"href":"https:\/\/teslafm.net\/en\/wp-json\/wp\/v2\/types\/page"}],"author":[{"embeddable":true,"href":"https:\/\/teslafm.net\/en\/wp-json\/wp\/v2\/users\/19"}],"replies":[{"embeddable":true,"href":"https:\/\/teslafm.net\/en\/wp-json\/wp\/v2\/comments?post=56996"}],"version-history":[{"count":8,"href":"https:\/\/teslafm.net\/en\/wp-json\/wp\/v2\/pages\/56996\/revisions"}],"predecessor-version":[{"id":57504,"href":"https:\/\/teslafm.net\/en\/wp-json\/wp\/v2\/pages\/56996\/revisions\/57504"}],"wp:attachment":[{"href":"https:\/\/teslafm.net\/en\/wp-json\/wp\/v2\/media?parent=56996"}],"curies":[{"name":"wp","href":"https:\/\/api.w.org\/{rel}","templated":true}]}}