

{"id":57013,"date":"2021-02-25T16:53:33","date_gmt":"2021-02-25T15:53:33","guid":{"rendered":"https:\/\/teslafm.net\/?page_id=57013"},"modified":"2023-02-06T14:39:12","modified_gmt":"2023-02-06T13:39:12","slug":"el-ruido-es-el-mensaje-4","status":"publish","type":"page","link":"https:\/\/teslafm.net\/en\/el-ruido-es-el-mensaje-4\/","title":{"rendered":"Noise is the Message #4"},"content":{"rendered":"<h2><span style=\"color: #ffffff;\"><strong>NOISE is Message #4<\/strong><\/span><\/h2>\n<p><span style=\"color: #808080;\"><em>February 2021<\/em><\/span><\/p>\n<p><iframe src=\"https:\/\/www.mixcloud.com\/widget\/iframe\/?hide_cover=1&amp;feed=%2FTeslafm_net%2Fel-ruido-es-el-mensaje-4-franco-falistoco%2F\" width=\"100%\" height=\"120\" frameborder=\"0\"><\/iframe><\/p>\n<p><span style=\"color: #808080;\"><a style=\"color: #808080;\" name=\"_GoBack\"><\/a> <span style=\"font-family: Calibri Light, serif;\"><span style=\"font-size: xx-large;\">NOISE is the Message | RUIDOTesla #04<\/span><\/span><\/span><\/p>\n<h2 class=\"western\"><span style=\"color: #808080;\">\"<i>Look carefully at the most embarrassing mistakes, and amplify them...\"<\/i><\/span><br \/>\n<span style=\"color: #808080;\"><b>-| Brian Eno<\/b>\u00a0(Oblique Strategies).<\/span><\/h2>\n<p class=\"western\"><span style=\"color: #808080;\">Signal Flow <span style=\"font-family: Arial, serif;\">\ua78a\u25ba<\/span><\/span><\/p>\n<p class=\"western\"><span style=\"color: #808080;\">\u2588 <b>In this ROUTE<\/b>: conversation with <u><a style=\"color: #808080;\" href=\"https:\/\/www.facebook.com\/maxifalcone\">Maximiliano Falcone<\/a><\/u> on the influence of ambient music, in this first installment, we break down the work of <u><a style=\"color: #808080;\" href=\"https:\/\/es.wikipedia.org\/wiki\/Brian_Eno\">Brian Eno<\/a><\/u> and <u><a style=\"color: #808080;\" href=\"\/en\/media\/shak\/dj%20shak\/TeslaFM\/La%20Resistencia\/Franco%20Falistoco\/EREEM%204\/Eric%20Sattie\/\">Erik Satie<\/a><\/u>.<\/span><\/p>\n<p class=\"western\"><span style=\"color: #808080;\">\u2500\u2500\u2500\u2500\u2500\u2500\u2500\u2500\u2500\u2500\u2500\u2500\u2500<br \/>\nBe part of listening in the vast landscape of Sounds.<br \/>\n<i>We recommend the\u00a0<\/i><i><b>Usage<\/b><\/i><i>\u00a0from\u00a0<\/i><i><b>HEADPHONES<\/b><\/i>.<br \/>\nIntegral Production: Franco Falistoco A. with The\u00a0<b>NOISE<\/b>\u00a0is the\u00a0<b>M<\/b>ensage and collaborators.<br \/>\n<u><a style=\"color: #808080;\" href=\"https:\/\/www.elruidoeselmensaje.com\/\">https:\/\/www.elruidoeselmensaje.com\/<\/a><\/u><br \/>\n\u2500\u2500\u2500\u2500\u2500\u2500\u2500\u2500\u2500\u2500\u2500\u2500\u2500<\/span><\/p>\n<p class=\"western\" align=\"center\"><span style=\"color: #808080;\"><span style=\"font-family: Calibri Light, serif;\"><span style=\"font-size: medium;\">The\u00a0<\/span><\/span><span style=\"font-family: Calibri Light, serif;\"><span style=\"font-size: medium;\"><b>Sound<\/b><\/span><\/span><span style=\"font-family: Calibri Light, serif;\"><span style=\"font-size: medium;\">is El\u00a0<\/span><\/span><span style=\"font-family: Calibri Light, serif;\"><span style=\"font-size: medium;\"><b>NOISE<\/b><\/span><\/span><span style=\"font-family: Calibri Light, serif;\"><span style=\"font-size: medium;\">\u00a0from\u00a0<\/span><\/span><span style=\"font-family: Calibri Light, serif;\"><span style=\"font-size: medium;\"><b>Message<\/b><\/span><\/span><span style=\"font-family: Calibri Light, serif;\"><span style=\"font-size: medium;\">.<\/span><\/span><\/span><\/p>","protected":false},"excerpt":{"rendered":"<p>El RUIDO es el Mensaje #4 Febrero 2021 El RUIDO es el Mensaje | RUIDOTesla #04 \u201cMira cuidadosamente los errores m\u00e1s vergonzosos, y amplif\u00edcalos..\u201d \u2014| Brian Eno\u00a0(Estrategias Oblicuas). Signal Flow \ua78a\u25ba \u2588 En Esta RUTA:\u00a0conversaci\u00f3n con Maximiliano Falcone sobre la influencia de la m\u00fasica ambient, en \u00e9sta primera entrega, desglosamos la obra de Brian Eno [&hellip;]<\/p>\n","protected":false},"author":19,"featured_media":0,"parent":0,"menu_order":0,"comment_status":"closed","ping_status":"closed","template":"","meta":{"footnotes":""},"class_list":["post-57013","page","type-page","status-publish","hentry"],"yoast_head":"<!-- This site is optimized with the Yoast SEO plugin v27.4 - https:\/\/yoast.com\/product\/yoast-seo-wordpress\/ -->\n<title>El Ruido es el Mensaje #4 -<\/title>\n<meta name=\"robots\" content=\"index, follow, max-snippet:-1, max-image-preview:large, max-video-preview:-1\" \/>\n<link rel=\"canonical\" href=\"https:\/\/teslafm.net\/en\/el-ruido-es-el-mensaje-4\/\" \/>\n<meta property=\"og:locale\" content=\"en_US\" \/>\n<meta property=\"og:type\" content=\"article\" \/>\n<meta property=\"og:title\" content=\"El Ruido es el Mensaje #4 -\" \/>\n<meta property=\"og:description\" content=\"El RUIDO es el Mensaje #4 Febrero 2021 El RUIDO es el Mensaje | RUIDOTesla #04 \u201cMira cuidadosamente los errores m\u00e1s vergonzosos, y amplif\u00edcalos..\u201d \u2014| Brian Eno\u00a0(Estrategias Oblicuas). Signal Flow \ua78a\u25ba \u2588 En Esta RUTA:\u00a0conversaci\u00f3n con Maximiliano Falcone sobre la influencia de la m\u00fasica ambient, en \u00e9sta primera entrega, desglosamos la obra de Brian Eno [&hellip;]\" \/>\n<meta property=\"og:url\" content=\"https:\/\/teslafm.net\/en\/el-ruido-es-el-mensaje-4\/\" \/>\n<meta property=\"article:publisher\" content=\"https:\/\/www.facebook.com\/teslafm.net\" \/>\n<meta property=\"article:modified_time\" content=\"2023-02-06T13:39:12+00:00\" \/>\n<meta property=\"og:image\" content=\"https:\/\/teslafm.net\/wp-content\/uploads\/2022\/09\/header-image-4-temp.png\" \/>\n\t<meta property=\"og:image:width\" content=\"1274\" \/>\n\t<meta property=\"og:image:height\" content=\"818\" \/>\n\t<meta property=\"og:image:type\" content=\"image\/png\" \/>\n<meta name=\"twitter:card\" content=\"summary_large_image\" \/>\n<meta name=\"twitter:site\" content=\"@teslafm\" \/>\n<meta name=\"twitter:label1\" content=\"Est. reading time\" \/>\n\t<meta name=\"twitter:data1\" content=\"1 minute\" \/>\n<script type=\"application\/ld+json\" class=\"yoast-schema-graph\">{\"@context\":\"https:\\\/\\\/schema.org\",\"@graph\":[{\"@type\":\"WebPage\",\"@id\":\"https:\\\/\\\/teslafm.net\\\/el-ruido-es-el-mensaje-4\\\/\",\"url\":\"https:\\\/\\\/teslafm.net\\\/el-ruido-es-el-mensaje-4\\\/\",\"name\":\"El Ruido es el Mensaje #4 -\",\"isPartOf\":{\"@id\":\"https:\\\/\\\/teslafm.net\\\/#website\"},\"datePublished\":\"2021-02-25T15:53:33+00:00\",\"dateModified\":\"2023-02-06T13:39:12+00:00\",\"breadcrumb\":{\"@id\":\"https:\\\/\\\/teslafm.net\\\/el-ruido-es-el-mensaje-4\\\/#breadcrumb\"},\"inLanguage\":\"en-US\",\"potentialAction\":[{\"@type\":\"ReadAction\",\"target\":[\"https:\\\/\\\/teslafm.net\\\/el-ruido-es-el-mensaje-4\\\/\"]}]},{\"@type\":\"BreadcrumbList\",\"@id\":\"https:\\\/\\\/teslafm.net\\\/el-ruido-es-el-mensaje-4\\\/#breadcrumb\",\"itemListElement\":[{\"@type\":\"ListItem\",\"position\":1,\"name\":\"Portada\",\"item\":\"https:\\\/\\\/teslafm.net\\\/\"},{\"@type\":\"ListItem\",\"position\":2,\"name\":\"El Ruido es el Mensaje #4\"}]},{\"@type\":\"WebSite\",\"@id\":\"https:\\\/\\\/teslafm.net\\\/#website\",\"url\":\"https:\\\/\\\/teslafm.net\\\/\",\"name\":\"TeslaFM\",\"description\":\"An experimental and creative radio\",\"publisher\":{\"@id\":\"https:\\\/\\\/teslafm.net\\\/#organization\"},\"potentialAction\":[{\"@type\":\"SearchAction\",\"target\":{\"@type\":\"EntryPoint\",\"urlTemplate\":\"https:\\\/\\\/teslafm.net\\\/?s={search_term_string}\"},\"query-input\":{\"@type\":\"PropertyValueSpecification\",\"valueRequired\":true,\"valueName\":\"search_term_string\"}}],\"inLanguage\":\"en-US\"},{\"@type\":\"Organization\",\"@id\":\"https:\\\/\\\/teslafm.net\\\/#organization\",\"name\":\"TeslaFM\",\"url\":\"https:\\\/\\\/teslafm.net\\\/\",\"logo\":{\"@type\":\"ImageObject\",\"inLanguage\":\"en-US\",\"@id\":\"https:\\\/\\\/teslafm.net\\\/#\\\/schema\\\/logo\\\/image\\\/\",\"url\":\"https:\\\/\\\/teslafm.net\\\/wp-content\\\/uploads\\\/2020\\\/06\\\/logo-tesla.png\",\"contentUrl\":\"https:\\\/\\\/teslafm.net\\\/wp-content\\\/uploads\\\/2020\\\/06\\\/logo-tesla.png\",\"width\":512,\"height\":512,\"caption\":\"TeslaFM\"},\"image\":{\"@id\":\"https:\\\/\\\/teslafm.net\\\/#\\\/schema\\\/logo\\\/image\\\/\"},\"sameAs\":[\"https:\\\/\\\/www.facebook.com\\\/teslafm.net\",\"https:\\\/\\\/x.com\\\/teslafm\"]}]}<\/script>\n<!-- \/ Yoast SEO plugin. -->","yoast_head_json":{"title":"El Ruido es el Mensaje #4 -","robots":{"index":"index","follow":"follow","max-snippet":"max-snippet:-1","max-image-preview":"max-image-preview:large","max-video-preview":"max-video-preview:-1"},"canonical":"https:\/\/teslafm.net\/en\/el-ruido-es-el-mensaje-4\/","og_locale":"en_US","og_type":"article","og_title":"El Ruido es el Mensaje #4 -","og_description":"El RUIDO es el Mensaje #4 Febrero 2021 El RUIDO es el Mensaje | RUIDOTesla #04 \u201cMira cuidadosamente los errores m\u00e1s vergonzosos, y amplif\u00edcalos..\u201d \u2014| Brian Eno\u00a0(Estrategias Oblicuas). Signal Flow \ua78a\u25ba \u2588 En Esta RUTA:\u00a0conversaci\u00f3n con Maximiliano Falcone sobre la influencia de la m\u00fasica ambient, en \u00e9sta primera entrega, desglosamos la obra de Brian Eno [&hellip;]","og_url":"https:\/\/teslafm.net\/en\/el-ruido-es-el-mensaje-4\/","article_publisher":"https:\/\/www.facebook.com\/teslafm.net","article_modified_time":"2023-02-06T13:39:12+00:00","og_image":[{"width":1274,"height":818,"url":"https:\/\/teslafm.net\/wp-content\/uploads\/2022\/09\/header-image-4-temp.png","type":"image\/png"}],"twitter_card":"summary_large_image","twitter_site":"@teslafm","twitter_misc":{"Est. reading time":"1 minute"},"schema":{"@context":"https:\/\/schema.org","@graph":[{"@type":"WebPage","@id":"https:\/\/teslafm.net\/el-ruido-es-el-mensaje-4\/","url":"https:\/\/teslafm.net\/el-ruido-es-el-mensaje-4\/","name":"El Ruido es el Mensaje #4 -","isPartOf":{"@id":"https:\/\/teslafm.net\/#website"},"datePublished":"2021-02-25T15:53:33+00:00","dateModified":"2023-02-06T13:39:12+00:00","breadcrumb":{"@id":"https:\/\/teslafm.net\/el-ruido-es-el-mensaje-4\/#breadcrumb"},"inLanguage":"en-US","potentialAction":[{"@type":"ReadAction","target":["https:\/\/teslafm.net\/el-ruido-es-el-mensaje-4\/"]}]},{"@type":"BreadcrumbList","@id":"https:\/\/teslafm.net\/el-ruido-es-el-mensaje-4\/#breadcrumb","itemListElement":[{"@type":"ListItem","position":1,"name":"Portada","item":"https:\/\/teslafm.net\/"},{"@type":"ListItem","position":2,"name":"El Ruido es el Mensaje #4"}]},{"@type":"WebSite","@id":"https:\/\/teslafm.net\/#website","url":"https:\/\/teslafm.net\/","name":"TeslaFM","description":"An experimental and creative radio","publisher":{"@id":"https:\/\/teslafm.net\/#organization"},"potentialAction":[{"@type":"SearchAction","target":{"@type":"EntryPoint","urlTemplate":"https:\/\/teslafm.net\/?s={search_term_string}"},"query-input":{"@type":"PropertyValueSpecification","valueRequired":true,"valueName":"search_term_string"}}],"inLanguage":"en-US"},{"@type":"Organization","@id":"https:\/\/teslafm.net\/#organization","name":"TeslaFM","url":"https:\/\/teslafm.net\/","logo":{"@type":"ImageObject","inLanguage":"en-US","@id":"https:\/\/teslafm.net\/#\/schema\/logo\/image\/","url":"https:\/\/teslafm.net\/wp-content\/uploads\/2020\/06\/logo-tesla.png","contentUrl":"https:\/\/teslafm.net\/wp-content\/uploads\/2020\/06\/logo-tesla.png","width":512,"height":512,"caption":"TeslaFM"},"image":{"@id":"https:\/\/teslafm.net\/#\/schema\/logo\/image\/"},"sameAs":["https:\/\/www.facebook.com\/teslafm.net","https:\/\/x.com\/teslafm"]}]}},"rttpg_featured_image_url":null,"rttpg_author":{"display_name":"Ishak","author_link":"https:\/\/teslafm.net\/en\/author\/cravan\/"},"rttpg_comment":0,"rttpg_category":null,"rttpg_excerpt":"El RUIDO es el Mensaje #4 Febrero 2021 El RUIDO es el Mensaje | RUIDOTesla #04 \u201cMira cuidadosamente los errores m\u00e1s vergonzosos, y amplif\u00edcalos..\u201d \u2014| Brian Eno\u00a0(Estrategias Oblicuas). Signal Flow \ua78a\u25ba \u2588 En Esta RUTA:\u00a0conversaci\u00f3n con Maximiliano Falcone sobre la influencia de la m\u00fasica ambient, en \u00e9sta primera entrega, desglosamos la obra de Brian Eno&hellip;","_links":{"self":[{"href":"https:\/\/teslafm.net\/en\/wp-json\/wp\/v2\/pages\/57013","targetHints":{"allow":["GET"]}}],"collection":[{"href":"https:\/\/teslafm.net\/en\/wp-json\/wp\/v2\/pages"}],"about":[{"href":"https:\/\/teslafm.net\/en\/wp-json\/wp\/v2\/types\/page"}],"author":[{"embeddable":true,"href":"https:\/\/teslafm.net\/en\/wp-json\/wp\/v2\/users\/19"}],"replies":[{"embeddable":true,"href":"https:\/\/teslafm.net\/en\/wp-json\/wp\/v2\/comments?post=57013"}],"version-history":[{"count":2,"href":"https:\/\/teslafm.net\/en\/wp-json\/wp\/v2\/pages\/57013\/revisions"}],"predecessor-version":[{"id":61390,"href":"https:\/\/teslafm.net\/en\/wp-json\/wp\/v2\/pages\/57013\/revisions\/61390"}],"wp:attachment":[{"href":"https:\/\/teslafm.net\/en\/wp-json\/wp\/v2\/media?parent=57013"}],"curies":[{"name":"wp","href":"https:\/\/api.w.org\/{rel}","templated":true}]}}