

{"id":57031,"date":"2021-02-27T17:07:41","date_gmt":"2021-02-27T16:07:41","guid":{"rendered":"https:\/\/teslafm.net\/?page_id=57031"},"modified":"2022-12-07T14:21:44","modified_gmt":"2022-12-07T13:21:44","slug":"luna-llena-13","status":"publish","type":"page","link":"https:\/\/teslafm.net\/en\/luna-llena-13\/","title":{"rendered":"Full Moon #13"},"content":{"rendered":"<h2><span style=\"color: #ffffff;\"><strong>Full Moon #13<\/strong><\/span><\/h2>\n<p><span style=\"color: #808080;\"><em>The spirit of Montmatre<\/em><\/span><\/p>\n<p><iframe src=\"https:\/\/www.mixcloud.com\/widget\/iframe\/?hide_cover=1&amp;feed=%2FTeslafm_net%2Fluna-llena-13-el-esp%C3%ADritu-de-montmatre%2F\" width=\"100%\" height=\"120\" frameborder=\"0\"><\/iframe><\/p>\n<p><img fetchpriority=\"high\" decoding=\"async\" class=\"alignnone size-full wp-image-57032\" src=\"https:\/\/teslafm.net\/wp-content\/uploads\/2021\/02\/bdf93c24d5e83f10f2b7f07cf844da28.png\" alt=\"\" width=\"700\" height=\"577\" srcset=\"https:\/\/teslafm.net\/wp-content\/uploads\/2021\/02\/bdf93c24d5e83f10f2b7f07cf844da28.png 700w, https:\/\/teslafm.net\/wp-content\/uploads\/2021\/02\/bdf93c24d5e83f10f2b7f07cf844da28-300x247.png 300w\" sizes=\"(max-width: 700px) 100vw, 700px\" \/><\/p>\n<p><span style=\"color: #808080;\"><strong>TEXTS:<\/strong><\/span><br \/>\n<span style=\"color: #808080;\"><i>L'Esperit de Montmatre at the time of Toulouse-Lautrec<\/i><\/span><br \/>\n<span style=\"color: #808080;\"><i>The birth of the Montmartre spirit<\/i><\/span><br \/>\n<span style=\"color: #808080;\"><i>Le Chat Noir and Les Incoherents<\/i><\/span><br \/>\n<span style=\"color: #808080;\"><b>Phillip Dennis Cate<\/b><\/span><br \/>\n<span style=\"color: #808080;\"><i>On humor and other profiles of history<\/i>foreword by Joan Casas for <i>Fumisme<\/i><\/span><br \/>\n<span style=\"color: #808080;\"><b>Alphonse Allais<\/b><\/span><\/p>\n<p><span style=\"color: #808080;\"><strong>BACKGROUND MUSIC<\/strong>:<br \/>\n<\/span><span style=\"color: #808080;\"><i>Simply Musette<\/i>a selection of French accordion songs played by <b>Alexa Sage<\/b><\/span><\/p>\n<p><span style=\"color: #808080;\"><strong>SOUND RECORDINGS<\/strong>:<\/span><br \/>\n<span style=\"color: #808080;\"><i>Montmartre, the eternal bohemia of Paris<\/i><\/span><\/p>\n<p><span style=\"color: #808080;\"><strong>SONGS IN ORDER OF APPEARANCE<\/strong>:<\/span><br \/>\n<span style=\"color: #808080;\"><b>Aristide Bruant<\/b> - Dans la rue<\/span><br \/>\n<span style=\"color: #808080;\"><b>Yvette Guilbert<\/b> - \u00c0 la Villette<\/span><br \/>\n<span style=\"color: #808080;\"><b>Odette Dulac<\/b> - Les petites bonnes d'h\u00f4tel<\/span><br \/>\n<span style=\"color: #808080;\"><b>Paul Lack<\/b> - Lettre ouverte \u00e0 Meg<\/span><br \/>\n<span style=\"color: #808080;\"><b>The Buffalo <\/b>- Le chat noir<\/span><br \/>\n<span style=\"color: #808080;\"><b>Lucien Boyer<\/b> - Vive l'Express de Normandie<\/span><\/p>\n<p><span style=\"color: #808080;\">Sound improvisation on readings of <i>\u00c0 se tordre<\/i> (<b>Alphonse Allais<\/b>)<\/span><\/p>\n<p><span style=\"color: #808080;\">(Image: <em>July 14, 1895<\/em>, <strong>Th\u00e9ophile Alexandre Steinlen<\/strong>)<\/span><\/p>\n<p><span style=\"color: #808080;\">Produced and produced by <strong>Ishak Benavides<\/strong><\/span><\/p>","protected":false},"excerpt":{"rendered":"<p>Luna Llena #13 El esp\u00edritu de Montmatre TEXTOS: L\u2019Esperit de Montmatre a l\u2019\u00e8poca de Toulouse-Lautrec El naixement de l\u2019esperit de Montmatre Le Chat Noir i Les Incoherents Phillip Dennis Cate Sobre l\u2019humor i altres perfils de la historia, pr\u00f3logo de Joan Casas para Fumisme Alphonse Allais M\u00daSICA DE FONDO: Simply Musette, una selecci\u00f3n de canciones [&hellip;]<\/p>\n","protected":false},"author":19,"featured_media":0,"parent":0,"menu_order":0,"comment_status":"closed","ping_status":"closed","template":"","meta":{"footnotes":""},"class_list":["post-57031","page","type-page","status-publish","hentry"],"yoast_head":"<!-- This site is optimized with the Yoast SEO plugin v27.2 - https:\/\/yoast.com\/product\/yoast-seo-wordpress\/ -->\n<title>Luna Llena #13 -<\/title>\n<meta name=\"robots\" content=\"index, follow, max-snippet:-1, max-image-preview:large, max-video-preview:-1\" \/>\n<link rel=\"canonical\" href=\"https:\/\/teslafm.net\/en\/luna-llena-13\/\" \/>\n<meta property=\"og:locale\" content=\"en_US\" \/>\n<meta property=\"og:type\" content=\"article\" \/>\n<meta property=\"og:title\" content=\"Luna Llena #13 -\" \/>\n<meta property=\"og:description\" content=\"Luna Llena #13 El esp\u00edritu de Montmatre TEXTOS: L\u2019Esperit de Montmatre a l\u2019\u00e8poca de Toulouse-Lautrec El naixement de l\u2019esperit de Montmatre Le Chat Noir i Les Incoherents Phillip Dennis Cate Sobre l\u2019humor i altres perfils de la historia, pr\u00f3logo de Joan Casas para Fumisme Alphonse Allais M\u00daSICA DE FONDO: Simply Musette, una selecci\u00f3n de canciones [&hellip;]\" \/>\n<meta property=\"og:url\" content=\"https:\/\/teslafm.net\/en\/luna-llena-13\/\" \/>\n<meta property=\"article:publisher\" content=\"https:\/\/www.facebook.com\/teslafm.net\" \/>\n<meta property=\"article:modified_time\" content=\"2022-12-07T13:21:44+00:00\" \/>\n<meta property=\"og:image\" content=\"https:\/\/teslafm.net\/wp-content\/uploads\/2021\/02\/bdf93c24d5e83f10f2b7f07cf844da28.png\" \/>\n<meta name=\"twitter:card\" content=\"summary_large_image\" \/>\n<meta name=\"twitter:site\" content=\"@teslafm\" \/>\n<meta name=\"twitter:label1\" content=\"Est. reading time\" \/>\n\t<meta name=\"twitter:data1\" content=\"1 minute\" \/>\n<script type=\"application\/ld+json\" class=\"yoast-schema-graph\">{\"@context\":\"https:\/\/schema.org\",\"@graph\":[{\"@type\":\"WebPage\",\"@id\":\"https:\/\/teslafm.net\/luna-llena-13\/\",\"url\":\"https:\/\/teslafm.net\/luna-llena-13\/\",\"name\":\"Luna Llena #13 -\",\"isPartOf\":{\"@id\":\"https:\/\/teslafm.net\/#website\"},\"primaryImageOfPage\":{\"@id\":\"https:\/\/teslafm.net\/luna-llena-13\/#primaryimage\"},\"image\":{\"@id\":\"https:\/\/teslafm.net\/luna-llena-13\/#primaryimage\"},\"thumbnailUrl\":\"https:\/\/teslafm.net\/wp-content\/uploads\/2021\/02\/bdf93c24d5e83f10f2b7f07cf844da28.png\",\"datePublished\":\"2021-02-27T16:07:41+00:00\",\"dateModified\":\"2022-12-07T13:21:44+00:00\",\"breadcrumb\":{\"@id\":\"https:\/\/teslafm.net\/luna-llena-13\/#breadcrumb\"},\"inLanguage\":\"en-US\",\"potentialAction\":[{\"@type\":\"ReadAction\",\"target\":[\"https:\/\/teslafm.net\/luna-llena-13\/\"]}]},{\"@type\":\"ImageObject\",\"inLanguage\":\"en-US\",\"@id\":\"https:\/\/teslafm.net\/luna-llena-13\/#primaryimage\",\"url\":\"https:\/\/teslafm.net\/wp-content\/uploads\/2021\/02\/bdf93c24d5e83f10f2b7f07cf844da28.png\",\"contentUrl\":\"https:\/\/teslafm.net\/wp-content\/uploads\/2021\/02\/bdf93c24d5e83f10f2b7f07cf844da28.png\"},{\"@type\":\"BreadcrumbList\",\"@id\":\"https:\/\/teslafm.net\/luna-llena-13\/#breadcrumb\",\"itemListElement\":[{\"@type\":\"ListItem\",\"position\":1,\"name\":\"Portada\",\"item\":\"https:\/\/teslafm.net\/\"},{\"@type\":\"ListItem\",\"position\":2,\"name\":\"Luna Llena #13\"}]},{\"@type\":\"WebSite\",\"@id\":\"https:\/\/teslafm.net\/#website\",\"url\":\"https:\/\/teslafm.net\/\",\"name\":\"TeslaFM\",\"description\":\"An experimental and creative radio\",\"publisher\":{\"@id\":\"https:\/\/teslafm.net\/#organization\"},\"potentialAction\":[{\"@type\":\"SearchAction\",\"target\":{\"@type\":\"EntryPoint\",\"urlTemplate\":\"https:\/\/teslafm.net\/?s={search_term_string}\"},\"query-input\":{\"@type\":\"PropertyValueSpecification\",\"valueRequired\":true,\"valueName\":\"search_term_string\"}}],\"inLanguage\":\"en-US\"},{\"@type\":\"Organization\",\"@id\":\"https:\/\/teslafm.net\/#organization\",\"name\":\"TeslaFM\",\"url\":\"https:\/\/teslafm.net\/\",\"logo\":{\"@type\":\"ImageObject\",\"inLanguage\":\"en-US\",\"@id\":\"https:\/\/teslafm.net\/#\/schema\/logo\/image\/\",\"url\":\"https:\/\/teslafm.net\/wp-content\/uploads\/2020\/06\/logo-tesla.png\",\"contentUrl\":\"https:\/\/teslafm.net\/wp-content\/uploads\/2020\/06\/logo-tesla.png\",\"width\":512,\"height\":512,\"caption\":\"TeslaFM\"},\"image\":{\"@id\":\"https:\/\/teslafm.net\/#\/schema\/logo\/image\/\"},\"sameAs\":[\"https:\/\/www.facebook.com\/teslafm.net\",\"https:\/\/x.com\/teslafm\"]}]}<\/script>\n<!-- \/ Yoast SEO plugin. -->","yoast_head_json":{"title":"Full Moon #13 -","robots":{"index":"index","follow":"follow","max-snippet":"max-snippet:-1","max-image-preview":"max-image-preview:large","max-video-preview":"max-video-preview:-1"},"canonical":"https:\/\/teslafm.net\/en\/luna-llena-13\/","og_locale":"en_US","og_type":"article","og_title":"Luna Llena #13 -","og_description":"Luna Llena #13 El esp\u00edritu de Montmatre TEXTOS: L\u2019Esperit de Montmatre a l\u2019\u00e8poca de Toulouse-Lautrec El naixement de l\u2019esperit de Montmatre Le Chat Noir i Les Incoherents Phillip Dennis Cate Sobre l\u2019humor i altres perfils de la historia, pr\u00f3logo de Joan Casas para Fumisme Alphonse Allais M\u00daSICA DE FONDO: Simply Musette, una selecci\u00f3n de canciones [&hellip;]","og_url":"https:\/\/teslafm.net\/en\/luna-llena-13\/","article_publisher":"https:\/\/www.facebook.com\/teslafm.net","article_modified_time":"2022-12-07T13:21:44+00:00","og_image":[{"url":"https:\/\/teslafm.net\/wp-content\/uploads\/2021\/02\/bdf93c24d5e83f10f2b7f07cf844da28.png","type":"","width":"","height":""}],"twitter_card":"summary_large_image","twitter_site":"@teslafm","twitter_misc":{"Est. reading time":"1 minute"},"schema":{"@context":"https:\/\/schema.org","@graph":[{"@type":"WebPage","@id":"https:\/\/teslafm.net\/luna-llena-13\/","url":"https:\/\/teslafm.net\/luna-llena-13\/","name":"Full Moon #13 -","isPartOf":{"@id":"https:\/\/teslafm.net\/#website"},"primaryImageOfPage":{"@id":"https:\/\/teslafm.net\/luna-llena-13\/#primaryimage"},"image":{"@id":"https:\/\/teslafm.net\/luna-llena-13\/#primaryimage"},"thumbnailUrl":"https:\/\/teslafm.net\/wp-content\/uploads\/2021\/02\/bdf93c24d5e83f10f2b7f07cf844da28.png","datePublished":"2021-02-27T16:07:41+00:00","dateModified":"2022-12-07T13:21:44+00:00","breadcrumb":{"@id":"https:\/\/teslafm.net\/luna-llena-13\/#breadcrumb"},"inLanguage":"en-US","potentialAction":[{"@type":"ReadAction","target":["https:\/\/teslafm.net\/luna-llena-13\/"]}]},{"@type":"ImageObject","inLanguage":"en-US","@id":"https:\/\/teslafm.net\/luna-llena-13\/#primaryimage","url":"https:\/\/teslafm.net\/wp-content\/uploads\/2021\/02\/bdf93c24d5e83f10f2b7f07cf844da28.png","contentUrl":"https:\/\/teslafm.net\/wp-content\/uploads\/2021\/02\/bdf93c24d5e83f10f2b7f07cf844da28.png"},{"@type":"BreadcrumbList","@id":"https:\/\/teslafm.net\/luna-llena-13\/#breadcrumb","itemListElement":[{"@type":"ListItem","position":1,"name":"Portada","item":"https:\/\/teslafm.net\/"},{"@type":"ListItem","position":2,"name":"Luna Llena #13"}]},{"@type":"WebSite","@id":"https:\/\/teslafm.net\/#website","url":"https:\/\/teslafm.net\/","name":"TeslaFM","description":"An experimental and creative radio","publisher":{"@id":"https:\/\/teslafm.net\/#organization"},"potentialAction":[{"@type":"SearchAction","target":{"@type":"EntryPoint","urlTemplate":"https:\/\/teslafm.net\/?s={search_term_string}"},"query-input":{"@type":"PropertyValueSpecification","valueRequired":true,"valueName":"search_term_string"}}],"inLanguage":"en-US"},{"@type":"Organization","@id":"https:\/\/teslafm.net\/#organization","name":"TeslaFM","url":"https:\/\/teslafm.net\/","logo":{"@type":"ImageObject","inLanguage":"en-US","@id":"https:\/\/teslafm.net\/#\/schema\/logo\/image\/","url":"https:\/\/teslafm.net\/wp-content\/uploads\/2020\/06\/logo-tesla.png","contentUrl":"https:\/\/teslafm.net\/wp-content\/uploads\/2020\/06\/logo-tesla.png","width":512,"height":512,"caption":"TeslaFM"},"image":{"@id":"https:\/\/teslafm.net\/#\/schema\/logo\/image\/"},"sameAs":["https:\/\/www.facebook.com\/teslafm.net","https:\/\/x.com\/teslafm"]}]}},"rttpg_featured_image_url":null,"rttpg_author":{"display_name":"Ishak","author_link":"https:\/\/teslafm.net\/en\/author\/cravan\/"},"rttpg_comment":0,"rttpg_category":null,"rttpg_excerpt":"Luna Llena #13 El esp\u00edritu de Montmatre TEXTOS: L\u2019Esperit de Montmatre a l\u2019\u00e8poca de Toulouse-Lautrec El naixement de l\u2019esperit de Montmatre Le Chat Noir i Les Incoherents Phillip Dennis Cate Sobre l\u2019humor i altres perfils de la historia, pr\u00f3logo de Joan Casas para Fumisme Alphonse Allais M\u00daSICA DE FONDO: Simply Musette, una selecci\u00f3n de canciones&hellip;","_links":{"self":[{"href":"https:\/\/teslafm.net\/en\/wp-json\/wp\/v2\/pages\/57031","targetHints":{"allow":["GET"]}}],"collection":[{"href":"https:\/\/teslafm.net\/en\/wp-json\/wp\/v2\/pages"}],"about":[{"href":"https:\/\/teslafm.net\/en\/wp-json\/wp\/v2\/types\/page"}],"author":[{"embeddable":true,"href":"https:\/\/teslafm.net\/en\/wp-json\/wp\/v2\/users\/19"}],"replies":[{"embeddable":true,"href":"https:\/\/teslafm.net\/en\/wp-json\/wp\/v2\/comments?post=57031"}],"version-history":[{"count":7,"href":"https:\/\/teslafm.net\/en\/wp-json\/wp\/v2\/pages\/57031\/revisions"}],"predecessor-version":[{"id":60987,"href":"https:\/\/teslafm.net\/en\/wp-json\/wp\/v2\/pages\/57031\/revisions\/60987"}],"wp:attachment":[{"href":"https:\/\/teslafm.net\/en\/wp-json\/wp\/v2\/media?parent=57031"}],"curies":[{"name":"wp","href":"https:\/\/api.w.org\/{rel}","templated":true}]}}