

{"id":57049,"date":"2021-03-02T17:31:02","date_gmt":"2021-03-02T16:31:02","guid":{"rendered":"https:\/\/teslafm.net\/?page_id=57049"},"modified":"2021-03-02T17:31:02","modified_gmt":"2021-03-02T16:31:02","slug":"maracalab-3","status":"publish","type":"page","link":"https:\/\/teslafm.net\/en\/maracalab-3\/","title":{"rendered":"MaracaLab #3"},"content":{"rendered":"<h2><span style=\"color: #ffffff;\"><strong>MaracaLab #3<\/strong><\/span><\/h2>\n<p><span style=\"color: #808080;\"><em>March 2021<\/em><\/span><\/p>\n<p><iframe src=\"https:\/\/www.mixcloud.com\/widget\/iframe\/?hide_cover=1&amp;feed=%2FTeslafm_net%2Fmaracalab-3-frud%C3%A1-merino-pou%2F\" width=\"100%\" height=\"120\" frameborder=\"0\"><\/iframe><\/p>\n<p><span style=\"color: #808080;\">Seismes had always been the open party of the resident artists of the Fabra i Coats Creation Factory; in 2020 the party was transformed into an appointment to participate in Community Survival Rituals on the first weekend of December, within the framework of the Sant Andreu Festival (or rather the No Festival due to a major health crisis). The artists prepared for the occasion ad hoc pieces in what they called a \"Community Survival Kit\", with the reading of a manifesto full of RES: reimagining ourselves, rewriting ourselves, restarting ourselves.\u00a0<\/span><\/p>\n<p><span style=\"color: #808080;\">In this third episode of MaracaLab participate with voices and music: Radio Whisky Bar (Gisela Cano and Marta Garc\u00eda) and R\u00e0dio Fabra (Christian Len); Aalbers, Adri\u00e1n Garc\u00eda, Aldo Aranda, Blood Quartet, C\u00e0ndid Coll, Claudio Correa, Irma Marco, Jessica Moroni, Juan J. Ochoa, Kike Bela, Liviana, Luca Carrubba, Manuela Frud\u00e1, Mar\u00eda Ibarra, Mar Merino, Mar\u00eda Escobedo, Meritxell Virgili, Ominira, Pamela Briones, Ramon Casamaj\u00f3, Sof\u00eda Zunino and Yolanda Jim\u00e9nez.\u00a0<\/span><\/p>","protected":false},"excerpt":{"rendered":"<p>MaracaLab #3 Marzo 2021 Seismes siempre hab\u00eda sido la fiesta abierta de los artistas residentes de la F\u00e1brica de Creaci\u00f3n de Fabra i Coats; el a\u00f1o 2020 la fiesta se transform\u00f3 en una cita para participar en Rituales de Supervivencia Comunitaria el primer fin de semana de diciembre, en el marco de la Fiesta Mayor [&hellip;]<\/p>\n","protected":false},"author":19,"featured_media":0,"parent":0,"menu_order":0,"comment_status":"closed","ping_status":"closed","template":"","meta":{"footnotes":""},"class_list":["post-57049","page","type-page","status-publish","hentry"],"yoast_head":"<!-- This site is optimized with the Yoast SEO plugin v27.2 - https:\/\/yoast.com\/product\/yoast-seo-wordpress\/ -->\n<title>MaracaLab #3 -<\/title>\n<meta name=\"robots\" content=\"index, follow, max-snippet:-1, max-image-preview:large, max-video-preview:-1\" \/>\n<link rel=\"canonical\" href=\"https:\/\/teslafm.net\/en\/maracalab-3\/\" \/>\n<meta property=\"og:locale\" content=\"en_US\" \/>\n<meta property=\"og:type\" content=\"article\" \/>\n<meta property=\"og:title\" content=\"MaracaLab #3 -\" \/>\n<meta property=\"og:description\" content=\"MaracaLab #3 Marzo 2021 Seismes siempre hab\u00eda sido la fiesta abierta de los artistas residentes de la F\u00e1brica de Creaci\u00f3n de Fabra i Coats; el a\u00f1o 2020 la fiesta se transform\u00f3 en una cita para participar en Rituales de Supervivencia Comunitaria el primer fin de semana de diciembre, en el marco de la Fiesta Mayor [&hellip;]\" \/>\n<meta property=\"og:url\" content=\"https:\/\/teslafm.net\/en\/maracalab-3\/\" \/>\n<meta property=\"article:publisher\" content=\"https:\/\/www.facebook.com\/teslafm.net\" \/>\n<meta property=\"og:image\" content=\"https:\/\/teslafm.net\/wp-content\/uploads\/2022\/09\/header-image-4-temp.png\" \/>\n\t<meta property=\"og:image:width\" content=\"1274\" \/>\n\t<meta property=\"og:image:height\" content=\"818\" \/>\n\t<meta property=\"og:image:type\" content=\"image\/png\" \/>\n<meta name=\"twitter:card\" content=\"summary_large_image\" \/>\n<meta name=\"twitter:site\" content=\"@teslafm\" \/>\n<meta name=\"twitter:label1\" content=\"Est. reading time\" \/>\n\t<meta name=\"twitter:data1\" content=\"1 minute\" \/>\n<script type=\"application\/ld+json\" class=\"yoast-schema-graph\">{\"@context\":\"https:\/\/schema.org\",\"@graph\":[{\"@type\":\"WebPage\",\"@id\":\"https:\/\/teslafm.net\/maracalab-3\/\",\"url\":\"https:\/\/teslafm.net\/maracalab-3\/\",\"name\":\"MaracaLab #3 -\",\"isPartOf\":{\"@id\":\"https:\/\/teslafm.net\/#website\"},\"datePublished\":\"2021-03-02T16:31:02+00:00\",\"breadcrumb\":{\"@id\":\"https:\/\/teslafm.net\/maracalab-3\/#breadcrumb\"},\"inLanguage\":\"en-US\",\"potentialAction\":[{\"@type\":\"ReadAction\",\"target\":[\"https:\/\/teslafm.net\/maracalab-3\/\"]}]},{\"@type\":\"BreadcrumbList\",\"@id\":\"https:\/\/teslafm.net\/maracalab-3\/#breadcrumb\",\"itemListElement\":[{\"@type\":\"ListItem\",\"position\":1,\"name\":\"Portada\",\"item\":\"https:\/\/teslafm.net\/\"},{\"@type\":\"ListItem\",\"position\":2,\"name\":\"MaracaLab #3\"}]},{\"@type\":\"WebSite\",\"@id\":\"https:\/\/teslafm.net\/#website\",\"url\":\"https:\/\/teslafm.net\/\",\"name\":\"TeslaFM\",\"description\":\"An experimental and creative radio\",\"publisher\":{\"@id\":\"https:\/\/teslafm.net\/#organization\"},\"potentialAction\":[{\"@type\":\"SearchAction\",\"target\":{\"@type\":\"EntryPoint\",\"urlTemplate\":\"https:\/\/teslafm.net\/?s={search_term_string}\"},\"query-input\":{\"@type\":\"PropertyValueSpecification\",\"valueRequired\":true,\"valueName\":\"search_term_string\"}}],\"inLanguage\":\"en-US\"},{\"@type\":\"Organization\",\"@id\":\"https:\/\/teslafm.net\/#organization\",\"name\":\"TeslaFM\",\"url\":\"https:\/\/teslafm.net\/\",\"logo\":{\"@type\":\"ImageObject\",\"inLanguage\":\"en-US\",\"@id\":\"https:\/\/teslafm.net\/#\/schema\/logo\/image\/\",\"url\":\"https:\/\/teslafm.net\/wp-content\/uploads\/2020\/06\/logo-tesla.png\",\"contentUrl\":\"https:\/\/teslafm.net\/wp-content\/uploads\/2020\/06\/logo-tesla.png\",\"width\":512,\"height\":512,\"caption\":\"TeslaFM\"},\"image\":{\"@id\":\"https:\/\/teslafm.net\/#\/schema\/logo\/image\/\"},\"sameAs\":[\"https:\/\/www.facebook.com\/teslafm.net\",\"https:\/\/x.com\/teslafm\"]}]}<\/script>\n<!-- \/ Yoast SEO plugin. -->","yoast_head_json":{"title":"MaracaLab #3 -","robots":{"index":"index","follow":"follow","max-snippet":"max-snippet:-1","max-image-preview":"max-image-preview:large","max-video-preview":"max-video-preview:-1"},"canonical":"https:\/\/teslafm.net\/en\/maracalab-3\/","og_locale":"en_US","og_type":"article","og_title":"MaracaLab #3 -","og_description":"MaracaLab #3 Marzo 2021 Seismes siempre hab\u00eda sido la fiesta abierta de los artistas residentes de la F\u00e1brica de Creaci\u00f3n de Fabra i Coats; el a\u00f1o 2020 la fiesta se transform\u00f3 en una cita para participar en Rituales de Supervivencia Comunitaria el primer fin de semana de diciembre, en el marco de la Fiesta Mayor [&hellip;]","og_url":"https:\/\/teslafm.net\/en\/maracalab-3\/","article_publisher":"https:\/\/www.facebook.com\/teslafm.net","og_image":[{"width":1274,"height":818,"url":"https:\/\/teslafm.net\/wp-content\/uploads\/2022\/09\/header-image-4-temp.png","type":"image\/png"}],"twitter_card":"summary_large_image","twitter_site":"@teslafm","twitter_misc":{"Est. reading time":"1 minute"},"schema":{"@context":"https:\/\/schema.org","@graph":[{"@type":"WebPage","@id":"https:\/\/teslafm.net\/maracalab-3\/","url":"https:\/\/teslafm.net\/maracalab-3\/","name":"MaracaLab #3 -","isPartOf":{"@id":"https:\/\/teslafm.net\/#website"},"datePublished":"2021-03-02T16:31:02+00:00","breadcrumb":{"@id":"https:\/\/teslafm.net\/maracalab-3\/#breadcrumb"},"inLanguage":"en-US","potentialAction":[{"@type":"ReadAction","target":["https:\/\/teslafm.net\/maracalab-3\/"]}]},{"@type":"BreadcrumbList","@id":"https:\/\/teslafm.net\/maracalab-3\/#breadcrumb","itemListElement":[{"@type":"ListItem","position":1,"name":"Portada","item":"https:\/\/teslafm.net\/"},{"@type":"ListItem","position":2,"name":"MaracaLab #3"}]},{"@type":"WebSite","@id":"https:\/\/teslafm.net\/#website","url":"https:\/\/teslafm.net\/","name":"TeslaFM","description":"An experimental and creative radio","publisher":{"@id":"https:\/\/teslafm.net\/#organization"},"potentialAction":[{"@type":"SearchAction","target":{"@type":"EntryPoint","urlTemplate":"https:\/\/teslafm.net\/?s={search_term_string}"},"query-input":{"@type":"PropertyValueSpecification","valueRequired":true,"valueName":"search_term_string"}}],"inLanguage":"en-US"},{"@type":"Organization","@id":"https:\/\/teslafm.net\/#organization","name":"TeslaFM","url":"https:\/\/teslafm.net\/","logo":{"@type":"ImageObject","inLanguage":"en-US","@id":"https:\/\/teslafm.net\/#\/schema\/logo\/image\/","url":"https:\/\/teslafm.net\/wp-content\/uploads\/2020\/06\/logo-tesla.png","contentUrl":"https:\/\/teslafm.net\/wp-content\/uploads\/2020\/06\/logo-tesla.png","width":512,"height":512,"caption":"TeslaFM"},"image":{"@id":"https:\/\/teslafm.net\/#\/schema\/logo\/image\/"},"sameAs":["https:\/\/www.facebook.com\/teslafm.net","https:\/\/x.com\/teslafm"]}]}},"rttpg_featured_image_url":null,"rttpg_author":{"display_name":"Ishak","author_link":"https:\/\/teslafm.net\/en\/author\/cravan\/"},"rttpg_comment":0,"rttpg_category":null,"rttpg_excerpt":"MaracaLab #3 Marzo 2021 Seismes siempre hab\u00eda sido la fiesta abierta de los artistas residentes de la F\u00e1brica de Creaci\u00f3n de Fabra i Coats; el a\u00f1o 2020 la fiesta se transform\u00f3 en una cita para participar en Rituales de Supervivencia Comunitaria el primer fin de semana de diciembre, en el marco de la Fiesta Mayor&hellip;","_links":{"self":[{"href":"https:\/\/teslafm.net\/en\/wp-json\/wp\/v2\/pages\/57049","targetHints":{"allow":["GET"]}}],"collection":[{"href":"https:\/\/teslafm.net\/en\/wp-json\/wp\/v2\/pages"}],"about":[{"href":"https:\/\/teslafm.net\/en\/wp-json\/wp\/v2\/types\/page"}],"author":[{"embeddable":true,"href":"https:\/\/teslafm.net\/en\/wp-json\/wp\/v2\/users\/19"}],"replies":[{"embeddable":true,"href":"https:\/\/teslafm.net\/en\/wp-json\/wp\/v2\/comments?post=57049"}],"version-history":[{"count":1,"href":"https:\/\/teslafm.net\/en\/wp-json\/wp\/v2\/pages\/57049\/revisions"}],"predecessor-version":[{"id":57051,"href":"https:\/\/teslafm.net\/en\/wp-json\/wp\/v2\/pages\/57049\/revisions\/57051"}],"wp:attachment":[{"href":"https:\/\/teslafm.net\/en\/wp-json\/wp\/v2\/media?parent=57049"}],"curies":[{"name":"wp","href":"https:\/\/api.w.org\/{rel}","templated":true}]}}