

{"id":57585,"date":"2021-03-23T19:14:31","date_gmt":"2021-03-23T18:14:31","guid":{"rendered":"https:\/\/teslafm.net\/?page_id=57585"},"modified":"2021-03-23T19:34:23","modified_gmt":"2021-03-23T18:34:23","slug":"space-oddity-recollection-20","status":"publish","type":"page","link":"https:\/\/teslafm.net\/en\/space-oddity-recollection-20\/","title":{"rendered":"Space Oddity Recollection #20"},"content":{"rendered":"<h2><span style=\"color: #ffffff;\"><strong>Space Oddity Recollection #20<\/strong><\/span><\/h2>\n<p><span style=\"color: #808080;\"><em>March 2021<\/em><\/span><\/p>\n<p><iframe src=\"https:\/\/www.mixcloud.com\/widget\/iframe\/?hide_cover=1&amp;feed=%2FTeslafm_net%2Fspace-oddity-recollection-20-monika-pich%2F\" width=\"100%\" height=\"120\" frameborder=\"0\"><\/iframe><\/p>\n<p><img fetchpriority=\"high\" decoding=\"async\" class=\"alignnone size-full wp-image-57587\" src=\"https:\/\/teslafm.net\/wp-content\/uploads\/2021\/03\/Helene-Breschand_image.jpg\" alt=\"\" width=\"640\" height=\"640\" srcset=\"https:\/\/teslafm.net\/wp-content\/uploads\/2021\/03\/Helene-Breschand_image.jpg 640w, https:\/\/teslafm.net\/wp-content\/uploads\/2021\/03\/Helene-Breschand_image-300x300.jpg 300w, https:\/\/teslafm.net\/wp-content\/uploads\/2021\/03\/Helene-Breschand_image-150x150.jpg 150w\" sizes=\"(max-width: 640px) 100vw, 640px\" \/><\/p>\n<p><span style=\"color: #808080;\"><strong>H\u00e9l\u00e8ne Breschand<\/strong><\/span><\/p>\n<p><span style=\"color: #808080;\">H\u00e9l\u00e8ne Breschand, composer, soloist and contemporary experimental harpist. She belongs to the generation of musicians seeking cross-border adventures. H\u00e9l\u00e8ne's works are characterized by freedom of interpretation and interdisciplinary openness. Her compositional approach allows her to combine many artistic disciplines, such as visual arts, choreography, film, lighting, text and theatrical activities. He collaborates with composers on improvised and score-based pieces, among others with contemporary composers (<strong>Luc Ferrari, Eliane Radigue, David Toop, Elliott Sharp, Reinhold Friedl, Franck Vigroux, Wilfried Wendling<\/strong>...) He also works with the visual arts (<strong>Hiroshi Sugimoto , Christian Marclay<\/strong>...), cinema (<strong>Carl Theodor Dreyer's Jeanne d'Arc, Charles Bryant's Salom\u00e9<\/strong>) and dance (with <strong>Mic Guillaumes, Christian UBL<\/strong>...).<\/span><\/p>\n<p><span style=\"color: #808080;\">He teaches improvisation and harp at the Paris Conservatory (6eme).<\/span><br \/>\n<span style=\"color: #808080;\">The pieces presented or their fragments come from the artist's solo works and numerous collaborations.<\/span><\/p>\n<p><span style=\"color: #808080;\">The sound works used in the mix:<\/span><\/p>\n<p><span style=\"color: #808080;\">* Chair Et Sang - excerpt from the album \"Le gout du sel\" (label d'autres cordes)<\/span><br \/>\n<span style=\"color: #808080;\">* Pandore - excerpt from the album \"Pandore\" (Musea label)<\/span><br \/>\n<span style=\"color: #808080;\">* Occam Ocean XVI (For Acoustic Harp By \u00c9liane Radigue 2017)<\/span><br \/>\n<span style=\"color: #808080;\">* A la recherche du rythme perdu de <strong>Luc Ferrari<\/strong>, <strong>H.Breschand <\/strong>&amp;<strong> erRkm<\/strong><\/span><br \/>\n<span style=\"color: #808080;\">* Chansons du Crepuscule avec <strong>Elliott Sharp<\/strong> - excerpt from the album \"Aube\" - L'Enfant Gatee<\/span><br \/>\n<span style=\"color: #808080;\">* Minotaure - excerpt from the album \"Le gout du sel\".<\/span><br \/>\n<span style=\"color: #808080;\">* Chansons du Crepuscule - excerpt from the album \"Aube\" - Eve Reve<\/span><br \/>\n<span style=\"color: #808080;\">* Au Bout De La Langue - excerpt from the album \"Le gout du sel\".<\/span><br \/>\n<span style=\"color: #808080;\">* Salom\u00e9 - excerpt from the album \"Le gout du sel\".<\/span><br \/>\n<span style=\"color: #808080;\">* Sequenza II of <strong>Luciano Berio<\/strong> - excerpt from the album \"Helene Breschand joue...\" (In Situ label)<\/span><br \/>\n<span style=\"color: #808080;\">* Chansons du Crepuscule - excerpt of the album \"Aube\" - Santa Muerte (zOaR label)<\/span><\/p>\n<p>&nbsp;<\/p>\n<p><em><span style=\"color: #808080;\">Websites:<\/span><\/em><\/p>\n<p><a href=\"https:\/\/helenebreschand.fr\/\" target=\"_blank\" rel=\"noopener\">helenebreschand.fr\/<\/a><br \/>\n<span style=\"color: #808080;\">Biography: <\/span><a href=\"https:\/\/fr.wikipedia.org\/wiki\/H\u00e9l\u00e8ne_Breschand\" target=\"_blank\" rel=\"noopener\">https:\/\/fr.wikipedia.org\/wiki\/H\u00e9l\u00e8ne_Breschand<\/a><br \/>\n<span style=\"color: #808080;\">Albums: <\/span><a href=\"https:\/\/helenebreschand.bandcamp.com\/\">https:\/\/helenebreschand.bandcamp.com\/<\/a><br \/>\n<a href=\"https:\/\/open.spotify.com\/artist\/0EcpwT0swvhDZREN96fO4\" target=\"_blank\" rel=\"noopener\">https:\/\/open.spotify.com\/artist\/0EcpwT0swvhDZREN96fO4<\/a><br \/>\n<span style=\"color: #808080;\">Videos: <\/span><a href=\"https:\/\/www.youtube.com\/c\/H\u00e9l\u00e8neBreschand\" target=\"_blank\" rel=\"noopener\">https:\/\/www.youtube.com\/c\/H\u00e9l\u00e8neBreschand<\/a><br \/>\n<span style=\"color: #808080;\">Social networks: <\/span><a href=\"https:\/\/www.instagram.com\/helene.breschand\/\" target=\"_blank\" rel=\"noopener\">https:\/\/www.instagram.com\/helene.breschand\/<\/a><br \/>\n<span style=\"color: #808080;\">Facebook: @helenebreschand.extensio<\/span><\/p>\n<p><span style=\"color: #808080;\">Enjoy the mix, March, 2021\u2032.<\/span><br \/>\n<span style=\"color: #808080;\">produced by <strong>monikapich<\/strong><\/span><\/p>","protected":false},"excerpt":{"rendered":"<p>Space Oddity Recollection #20 Marzo 2021 H\u00e9l\u00e8ne Breschand H\u00e9l\u00e8ne Breschand, compositora, solista y arpista experimental contempor\u00e1nea. Pertenece a la generaci\u00f3n de m\u00fasicos que buscan aventuras transfronterizas. Las obras de H\u00e9l\u00e8ne se caracterizan por la libertad de interpretaci\u00f3n y la apertura interdisciplinar. Su enfoque compositivo permite combinar muchas disciplinas art\u00edsticas, como las artes visuales, la coreograf\u00eda, [&hellip;]<\/p>\n","protected":false},"author":19,"featured_media":0,"parent":0,"menu_order":0,"comment_status":"closed","ping_status":"closed","template":"","meta":{"footnotes":""},"class_list":["post-57585","page","type-page","status-publish","hentry"],"yoast_head":"<!-- This site is optimized with the Yoast SEO plugin v27.2 - https:\/\/yoast.com\/product\/yoast-seo-wordpress\/ -->\n<title>Space Oddity Recollection #20 -<\/title>\n<meta name=\"robots\" content=\"index, follow, max-snippet:-1, max-image-preview:large, max-video-preview:-1\" \/>\n<link rel=\"canonical\" href=\"https:\/\/teslafm.net\/en\/space-oddity-recollection-20\/\" \/>\n<meta property=\"og:locale\" content=\"en_US\" \/>\n<meta property=\"og:type\" content=\"article\" \/>\n<meta property=\"og:title\" content=\"Space Oddity Recollection #20 -\" \/>\n<meta property=\"og:description\" content=\"Space Oddity Recollection #20 Marzo 2021 H\u00e9l\u00e8ne Breschand H\u00e9l\u00e8ne Breschand, compositora, solista y arpista experimental contempor\u00e1nea. Pertenece a la generaci\u00f3n de m\u00fasicos que buscan aventuras transfronterizas. Las obras de H\u00e9l\u00e8ne se caracterizan por la libertad de interpretaci\u00f3n y la apertura interdisciplinar. Su enfoque compositivo permite combinar muchas disciplinas art\u00edsticas, como las artes visuales, la coreograf\u00eda, [&hellip;]\" \/>\n<meta property=\"og:url\" content=\"https:\/\/teslafm.net\/en\/space-oddity-recollection-20\/\" \/>\n<meta property=\"article:publisher\" content=\"https:\/\/www.facebook.com\/teslafm.net\" \/>\n<meta property=\"article:modified_time\" content=\"2021-03-23T18:34:23+00:00\" \/>\n<meta property=\"og:image\" content=\"https:\/\/teslafm.net\/wp-content\/uploads\/2021\/03\/Helene-Breschand_image.jpg\" \/>\n<meta name=\"twitter:card\" content=\"summary_large_image\" \/>\n<meta name=\"twitter:site\" content=\"@teslafm\" \/>\n<meta name=\"twitter:label1\" content=\"Est. reading time\" \/>\n\t<meta name=\"twitter:data1\" content=\"2 minutes\" \/>\n<script type=\"application\/ld+json\" class=\"yoast-schema-graph\">{\"@context\":\"https:\/\/schema.org\",\"@graph\":[{\"@type\":\"WebPage\",\"@id\":\"https:\/\/teslafm.net\/space-oddity-recollection-20\/\",\"url\":\"https:\/\/teslafm.net\/space-oddity-recollection-20\/\",\"name\":\"Space Oddity Recollection #20 -\",\"isPartOf\":{\"@id\":\"https:\/\/teslafm.net\/#website\"},\"primaryImageOfPage\":{\"@id\":\"https:\/\/teslafm.net\/space-oddity-recollection-20\/#primaryimage\"},\"image\":{\"@id\":\"https:\/\/teslafm.net\/space-oddity-recollection-20\/#primaryimage\"},\"thumbnailUrl\":\"https:\/\/teslafm.net\/wp-content\/uploads\/2021\/03\/Helene-Breschand_image.jpg\",\"datePublished\":\"2021-03-23T18:14:31+00:00\",\"dateModified\":\"2021-03-23T18:34:23+00:00\",\"breadcrumb\":{\"@id\":\"https:\/\/teslafm.net\/space-oddity-recollection-20\/#breadcrumb\"},\"inLanguage\":\"en-US\",\"potentialAction\":[{\"@type\":\"ReadAction\",\"target\":[\"https:\/\/teslafm.net\/space-oddity-recollection-20\/\"]}]},{\"@type\":\"ImageObject\",\"inLanguage\":\"en-US\",\"@id\":\"https:\/\/teslafm.net\/space-oddity-recollection-20\/#primaryimage\",\"url\":\"https:\/\/teslafm.net\/wp-content\/uploads\/2021\/03\/Helene-Breschand_image.jpg\",\"contentUrl\":\"https:\/\/teslafm.net\/wp-content\/uploads\/2021\/03\/Helene-Breschand_image.jpg\"},{\"@type\":\"BreadcrumbList\",\"@id\":\"https:\/\/teslafm.net\/space-oddity-recollection-20\/#breadcrumb\",\"itemListElement\":[{\"@type\":\"ListItem\",\"position\":1,\"name\":\"Portada\",\"item\":\"https:\/\/teslafm.net\/\"},{\"@type\":\"ListItem\",\"position\":2,\"name\":\"Space Oddity Recollection #20\"}]},{\"@type\":\"WebSite\",\"@id\":\"https:\/\/teslafm.net\/#website\",\"url\":\"https:\/\/teslafm.net\/\",\"name\":\"TeslaFM\",\"description\":\"An experimental and creative radio\",\"publisher\":{\"@id\":\"https:\/\/teslafm.net\/#organization\"},\"potentialAction\":[{\"@type\":\"SearchAction\",\"target\":{\"@type\":\"EntryPoint\",\"urlTemplate\":\"https:\/\/teslafm.net\/?s={search_term_string}\"},\"query-input\":{\"@type\":\"PropertyValueSpecification\",\"valueRequired\":true,\"valueName\":\"search_term_string\"}}],\"inLanguage\":\"en-US\"},{\"@type\":\"Organization\",\"@id\":\"https:\/\/teslafm.net\/#organization\",\"name\":\"TeslaFM\",\"url\":\"https:\/\/teslafm.net\/\",\"logo\":{\"@type\":\"ImageObject\",\"inLanguage\":\"en-US\",\"@id\":\"https:\/\/teslafm.net\/#\/schema\/logo\/image\/\",\"url\":\"https:\/\/teslafm.net\/wp-content\/uploads\/2020\/06\/logo-tesla.png\",\"contentUrl\":\"https:\/\/teslafm.net\/wp-content\/uploads\/2020\/06\/logo-tesla.png\",\"width\":512,\"height\":512,\"caption\":\"TeslaFM\"},\"image\":{\"@id\":\"https:\/\/teslafm.net\/#\/schema\/logo\/image\/\"},\"sameAs\":[\"https:\/\/www.facebook.com\/teslafm.net\",\"https:\/\/x.com\/teslafm\"]}]}<\/script>\n<!-- \/ Yoast SEO plugin. -->","yoast_head_json":{"title":"Space Oddity Recollection #20 -","robots":{"index":"index","follow":"follow","max-snippet":"max-snippet:-1","max-image-preview":"max-image-preview:large","max-video-preview":"max-video-preview:-1"},"canonical":"https:\/\/teslafm.net\/en\/space-oddity-recollection-20\/","og_locale":"en_US","og_type":"article","og_title":"Space Oddity Recollection #20 -","og_description":"Space Oddity Recollection #20 Marzo 2021 H\u00e9l\u00e8ne Breschand H\u00e9l\u00e8ne Breschand, compositora, solista y arpista experimental contempor\u00e1nea. Pertenece a la generaci\u00f3n de m\u00fasicos que buscan aventuras transfronterizas. Las obras de H\u00e9l\u00e8ne se caracterizan por la libertad de interpretaci\u00f3n y la apertura interdisciplinar. Su enfoque compositivo permite combinar muchas disciplinas art\u00edsticas, como las artes visuales, la coreograf\u00eda, [&hellip;]","og_url":"https:\/\/teslafm.net\/en\/space-oddity-recollection-20\/","article_publisher":"https:\/\/www.facebook.com\/teslafm.net","article_modified_time":"2021-03-23T18:34:23+00:00","og_image":[{"url":"https:\/\/teslafm.net\/wp-content\/uploads\/2021\/03\/Helene-Breschand_image.jpg","type":"","width":"","height":""}],"twitter_card":"summary_large_image","twitter_site":"@teslafm","twitter_misc":{"Est. reading time":"2 minutes"},"schema":{"@context":"https:\/\/schema.org","@graph":[{"@type":"WebPage","@id":"https:\/\/teslafm.net\/space-oddity-recollection-20\/","url":"https:\/\/teslafm.net\/space-oddity-recollection-20\/","name":"Space Oddity Recollection #20 -","isPartOf":{"@id":"https:\/\/teslafm.net\/#website"},"primaryImageOfPage":{"@id":"https:\/\/teslafm.net\/space-oddity-recollection-20\/#primaryimage"},"image":{"@id":"https:\/\/teslafm.net\/space-oddity-recollection-20\/#primaryimage"},"thumbnailUrl":"https:\/\/teslafm.net\/wp-content\/uploads\/2021\/03\/Helene-Breschand_image.jpg","datePublished":"2021-03-23T18:14:31+00:00","dateModified":"2021-03-23T18:34:23+00:00","breadcrumb":{"@id":"https:\/\/teslafm.net\/space-oddity-recollection-20\/#breadcrumb"},"inLanguage":"en-US","potentialAction":[{"@type":"ReadAction","target":["https:\/\/teslafm.net\/space-oddity-recollection-20\/"]}]},{"@type":"ImageObject","inLanguage":"en-US","@id":"https:\/\/teslafm.net\/space-oddity-recollection-20\/#primaryimage","url":"https:\/\/teslafm.net\/wp-content\/uploads\/2021\/03\/Helene-Breschand_image.jpg","contentUrl":"https:\/\/teslafm.net\/wp-content\/uploads\/2021\/03\/Helene-Breschand_image.jpg"},{"@type":"BreadcrumbList","@id":"https:\/\/teslafm.net\/space-oddity-recollection-20\/#breadcrumb","itemListElement":[{"@type":"ListItem","position":1,"name":"Portada","item":"https:\/\/teslafm.net\/"},{"@type":"ListItem","position":2,"name":"Space Oddity Recollection #20"}]},{"@type":"WebSite","@id":"https:\/\/teslafm.net\/#website","url":"https:\/\/teslafm.net\/","name":"TeslaFM","description":"An experimental and creative radio","publisher":{"@id":"https:\/\/teslafm.net\/#organization"},"potentialAction":[{"@type":"SearchAction","target":{"@type":"EntryPoint","urlTemplate":"https:\/\/teslafm.net\/?s={search_term_string}"},"query-input":{"@type":"PropertyValueSpecification","valueRequired":true,"valueName":"search_term_string"}}],"inLanguage":"en-US"},{"@type":"Organization","@id":"https:\/\/teslafm.net\/#organization","name":"TeslaFM","url":"https:\/\/teslafm.net\/","logo":{"@type":"ImageObject","inLanguage":"en-US","@id":"https:\/\/teslafm.net\/#\/schema\/logo\/image\/","url":"https:\/\/teslafm.net\/wp-content\/uploads\/2020\/06\/logo-tesla.png","contentUrl":"https:\/\/teslafm.net\/wp-content\/uploads\/2020\/06\/logo-tesla.png","width":512,"height":512,"caption":"TeslaFM"},"image":{"@id":"https:\/\/teslafm.net\/#\/schema\/logo\/image\/"},"sameAs":["https:\/\/www.facebook.com\/teslafm.net","https:\/\/x.com\/teslafm"]}]}},"rttpg_featured_image_url":null,"rttpg_author":{"display_name":"Ishak","author_link":"https:\/\/teslafm.net\/en\/author\/cravan\/"},"rttpg_comment":0,"rttpg_category":null,"rttpg_excerpt":"Space Oddity Recollection #20 Marzo 2021 H\u00e9l\u00e8ne Breschand H\u00e9l\u00e8ne Breschand, compositora, solista y arpista experimental contempor\u00e1nea. Pertenece a la generaci\u00f3n de m\u00fasicos que buscan aventuras transfronterizas. Las obras de H\u00e9l\u00e8ne se caracterizan por la libertad de interpretaci\u00f3n y la apertura interdisciplinar. Su enfoque compositivo permite combinar muchas disciplinas art\u00edsticas, como las artes visuales, la coreograf\u00eda,&hellip;","_links":{"self":[{"href":"https:\/\/teslafm.net\/en\/wp-json\/wp\/v2\/pages\/57585","targetHints":{"allow":["GET"]}}],"collection":[{"href":"https:\/\/teslafm.net\/en\/wp-json\/wp\/v2\/pages"}],"about":[{"href":"https:\/\/teslafm.net\/en\/wp-json\/wp\/v2\/types\/page"}],"author":[{"embeddable":true,"href":"https:\/\/teslafm.net\/en\/wp-json\/wp\/v2\/users\/19"}],"replies":[{"embeddable":true,"href":"https:\/\/teslafm.net\/en\/wp-json\/wp\/v2\/comments?post=57585"}],"version-history":[{"count":7,"href":"https:\/\/teslafm.net\/en\/wp-json\/wp\/v2\/pages\/57585\/revisions"}],"predecessor-version":[{"id":57595,"href":"https:\/\/teslafm.net\/en\/wp-json\/wp\/v2\/pages\/57585\/revisions\/57595"}],"wp:attachment":[{"href":"https:\/\/teslafm.net\/en\/wp-json\/wp\/v2\/media?parent=57585"}],"curies":[{"name":"wp","href":"https:\/\/api.w.org\/{rel}","templated":true}]}}