

{"id":57827,"date":"2021-04-07T16:55:54","date_gmt":"2021-04-07T14:55:54","guid":{"rendered":"https:\/\/teslafm.net\/?page_id=57827"},"modified":"2021-04-07T16:55:54","modified_gmt":"2021-04-07T14:55:54","slug":"ibidem-11","status":"publish","type":"page","link":"https:\/\/teslafm.net\/en\/ibidem-11\/","title":{"rendered":"Ibidem #11"},"content":{"rendered":"<h2><span style=\"color: #ffffff;\"><strong>Ibidem #11<\/strong><\/span><\/h2>\n<p><span style=\"color: #808080;\"><em>April 2021<\/em><\/span><\/p>\n<p><iframe src=\"https:\/\/www.mixcloud.com\/widget\/iframe\/?hide_cover=1&amp;feed=%2FTeslafm_net%2Fibidem-11-bedouindrone%2F\" width=\"100%\" height=\"120\" frameborder=\"0\"><\/iframe><\/p>\n<p><img fetchpriority=\"high\" decoding=\"async\" class=\"alignnone size-full wp-image-57829\" src=\"https:\/\/teslafm.net\/wp-content\/uploads\/2021\/04\/IBIDEM-11.png\" alt=\"\" width=\"1000\" height=\"1000\" srcset=\"https:\/\/teslafm.net\/wp-content\/uploads\/2021\/04\/IBIDEM-11.png 1000w, https:\/\/teslafm.net\/wp-content\/uploads\/2021\/04\/IBIDEM-11-300x300.png 300w, https:\/\/teslafm.net\/wp-content\/uploads\/2021\/04\/IBIDEM-11-150x150.png 150w, https:\/\/teslafm.net\/wp-content\/uploads\/2021\/04\/IBIDEM-11-768x768.png 768w\" sizes=\"(max-width: 1000px) 100vw, 1000px\" \/><\/p>\n<p><span style=\"color: #808080;\"><strong>BedouinDrone<\/strong>is inspired by the conflicting moods of the Middle East. War, prayer and the pressured condition of Arab culture are the central themes. Drawing attention to political issues rarely touched by the canon of Western electronic music. BedouinDrone uses techniques of <em>ambient<\/em> and <em>noise<\/em> to immerse listeners in the tense state of today's Islamic world.<\/span><\/p>","protected":false},"excerpt":{"rendered":"<p>Ibidem #11 Abril 2021 BedouinDrone, se inspira en los estados de \u00e1nimo conflictivos del Medio Oriente. La guerra, la oraci\u00f3n y la condici\u00f3n de presi\u00f3n de la cultura \u00e1rabe son los temas centrales. Llamar la atenci\u00f3n sobre temas pol\u00edticos raramente tocados por el canon de la m\u00fasica electr\u00f3nica occidental. BedouinDrone utiliza t\u00e9cnicas de ambient y [&hellip;]<\/p>\n","protected":false},"author":19,"featured_media":0,"parent":0,"menu_order":0,"comment_status":"closed","ping_status":"closed","template":"","meta":{"footnotes":""},"class_list":["post-57827","page","type-page","status-publish","hentry"],"yoast_head":"<!-- This site is optimized with the Yoast SEO plugin v27.4 - https:\/\/yoast.com\/product\/yoast-seo-wordpress\/ -->\n<title>Ibidem #11 -<\/title>\n<meta name=\"robots\" content=\"index, follow, max-snippet:-1, max-image-preview:large, max-video-preview:-1\" \/>\n<link rel=\"canonical\" href=\"https:\/\/teslafm.net\/en\/ibidem-11\/\" \/>\n<meta property=\"og:locale\" content=\"en_US\" \/>\n<meta property=\"og:type\" content=\"article\" \/>\n<meta property=\"og:title\" content=\"Ibidem #11 -\" \/>\n<meta property=\"og:description\" content=\"Ibidem #11 Abril 2021 BedouinDrone, se inspira en los estados de \u00e1nimo conflictivos del Medio Oriente. La guerra, la oraci\u00f3n y la condici\u00f3n de presi\u00f3n de la cultura \u00e1rabe son los temas centrales. Llamar la atenci\u00f3n sobre temas pol\u00edticos raramente tocados por el canon de la m\u00fasica electr\u00f3nica occidental. BedouinDrone utiliza t\u00e9cnicas de ambient y [&hellip;]\" \/>\n<meta property=\"og:url\" content=\"https:\/\/teslafm.net\/en\/ibidem-11\/\" \/>\n<meta property=\"article:publisher\" content=\"https:\/\/www.facebook.com\/teslafm.net\" \/>\n<meta property=\"og:image\" content=\"https:\/\/teslafm.net\/wp-content\/uploads\/2021\/04\/IBIDEM-11.png\" \/>\n<meta name=\"twitter:card\" content=\"summary_large_image\" \/>\n<meta name=\"twitter:site\" content=\"@teslafm\" \/>\n<meta name=\"twitter:label1\" content=\"Est. reading time\" \/>\n\t<meta name=\"twitter:data1\" content=\"1 minute\" \/>\n<script type=\"application\/ld+json\" class=\"yoast-schema-graph\">{\"@context\":\"https:\\\/\\\/schema.org\",\"@graph\":[{\"@type\":\"WebPage\",\"@id\":\"https:\\\/\\\/teslafm.net\\\/ibidem-11\\\/\",\"url\":\"https:\\\/\\\/teslafm.net\\\/ibidem-11\\\/\",\"name\":\"Ibidem #11 -\",\"isPartOf\":{\"@id\":\"https:\\\/\\\/teslafm.net\\\/#website\"},\"primaryImageOfPage\":{\"@id\":\"https:\\\/\\\/teslafm.net\\\/ibidem-11\\\/#primaryimage\"},\"image\":{\"@id\":\"https:\\\/\\\/teslafm.net\\\/ibidem-11\\\/#primaryimage\"},\"thumbnailUrl\":\"https:\\\/\\\/teslafm.net\\\/wp-content\\\/uploads\\\/2021\\\/04\\\/IBIDEM-11.png\",\"datePublished\":\"2021-04-07T14:55:54+00:00\",\"breadcrumb\":{\"@id\":\"https:\\\/\\\/teslafm.net\\\/ibidem-11\\\/#breadcrumb\"},\"inLanguage\":\"en-US\",\"potentialAction\":[{\"@type\":\"ReadAction\",\"target\":[\"https:\\\/\\\/teslafm.net\\\/ibidem-11\\\/\"]}]},{\"@type\":\"ImageObject\",\"inLanguage\":\"en-US\",\"@id\":\"https:\\\/\\\/teslafm.net\\\/ibidem-11\\\/#primaryimage\",\"url\":\"https:\\\/\\\/teslafm.net\\\/wp-content\\\/uploads\\\/2021\\\/04\\\/IBIDEM-11.png\",\"contentUrl\":\"https:\\\/\\\/teslafm.net\\\/wp-content\\\/uploads\\\/2021\\\/04\\\/IBIDEM-11.png\"},{\"@type\":\"BreadcrumbList\",\"@id\":\"https:\\\/\\\/teslafm.net\\\/ibidem-11\\\/#breadcrumb\",\"itemListElement\":[{\"@type\":\"ListItem\",\"position\":1,\"name\":\"Portada\",\"item\":\"https:\\\/\\\/teslafm.net\\\/\"},{\"@type\":\"ListItem\",\"position\":2,\"name\":\"Ibidem #11\"}]},{\"@type\":\"WebSite\",\"@id\":\"https:\\\/\\\/teslafm.net\\\/#website\",\"url\":\"https:\\\/\\\/teslafm.net\\\/\",\"name\":\"TeslaFM\",\"description\":\"An experimental and creative radio\",\"publisher\":{\"@id\":\"https:\\\/\\\/teslafm.net\\\/#organization\"},\"potentialAction\":[{\"@type\":\"SearchAction\",\"target\":{\"@type\":\"EntryPoint\",\"urlTemplate\":\"https:\\\/\\\/teslafm.net\\\/?s={search_term_string}\"},\"query-input\":{\"@type\":\"PropertyValueSpecification\",\"valueRequired\":true,\"valueName\":\"search_term_string\"}}],\"inLanguage\":\"en-US\"},{\"@type\":\"Organization\",\"@id\":\"https:\\\/\\\/teslafm.net\\\/#organization\",\"name\":\"TeslaFM\",\"url\":\"https:\\\/\\\/teslafm.net\\\/\",\"logo\":{\"@type\":\"ImageObject\",\"inLanguage\":\"en-US\",\"@id\":\"https:\\\/\\\/teslafm.net\\\/#\\\/schema\\\/logo\\\/image\\\/\",\"url\":\"https:\\\/\\\/teslafm.net\\\/wp-content\\\/uploads\\\/2020\\\/06\\\/logo-tesla.png\",\"contentUrl\":\"https:\\\/\\\/teslafm.net\\\/wp-content\\\/uploads\\\/2020\\\/06\\\/logo-tesla.png\",\"width\":512,\"height\":512,\"caption\":\"TeslaFM\"},\"image\":{\"@id\":\"https:\\\/\\\/teslafm.net\\\/#\\\/schema\\\/logo\\\/image\\\/\"},\"sameAs\":[\"https:\\\/\\\/www.facebook.com\\\/teslafm.net\",\"https:\\\/\\\/x.com\\\/teslafm\"]}]}<\/script>\n<!-- \/ Yoast SEO plugin. -->","yoast_head_json":{"title":"Ibidem #11 -","robots":{"index":"index","follow":"follow","max-snippet":"max-snippet:-1","max-image-preview":"max-image-preview:large","max-video-preview":"max-video-preview:-1"},"canonical":"https:\/\/teslafm.net\/en\/ibidem-11\/","og_locale":"en_US","og_type":"article","og_title":"Ibidem #11 -","og_description":"Ibidem #11 Abril 2021 BedouinDrone, se inspira en los estados de \u00e1nimo conflictivos del Medio Oriente. La guerra, la oraci\u00f3n y la condici\u00f3n de presi\u00f3n de la cultura \u00e1rabe son los temas centrales. Llamar la atenci\u00f3n sobre temas pol\u00edticos raramente tocados por el canon de la m\u00fasica electr\u00f3nica occidental. BedouinDrone utiliza t\u00e9cnicas de ambient y [&hellip;]","og_url":"https:\/\/teslafm.net\/en\/ibidem-11\/","article_publisher":"https:\/\/www.facebook.com\/teslafm.net","og_image":[{"url":"https:\/\/teslafm.net\/wp-content\/uploads\/2021\/04\/IBIDEM-11.png","type":"","width":"","height":""}],"twitter_card":"summary_large_image","twitter_site":"@teslafm","twitter_misc":{"Est. reading time":"1 minute"},"schema":{"@context":"https:\/\/schema.org","@graph":[{"@type":"WebPage","@id":"https:\/\/teslafm.net\/ibidem-11\/","url":"https:\/\/teslafm.net\/ibidem-11\/","name":"Ibidem #11 -","isPartOf":{"@id":"https:\/\/teslafm.net\/#website"},"primaryImageOfPage":{"@id":"https:\/\/teslafm.net\/ibidem-11\/#primaryimage"},"image":{"@id":"https:\/\/teslafm.net\/ibidem-11\/#primaryimage"},"thumbnailUrl":"https:\/\/teslafm.net\/wp-content\/uploads\/2021\/04\/IBIDEM-11.png","datePublished":"2021-04-07T14:55:54+00:00","breadcrumb":{"@id":"https:\/\/teslafm.net\/ibidem-11\/#breadcrumb"},"inLanguage":"en-US","potentialAction":[{"@type":"ReadAction","target":["https:\/\/teslafm.net\/ibidem-11\/"]}]},{"@type":"ImageObject","inLanguage":"en-US","@id":"https:\/\/teslafm.net\/ibidem-11\/#primaryimage","url":"https:\/\/teslafm.net\/wp-content\/uploads\/2021\/04\/IBIDEM-11.png","contentUrl":"https:\/\/teslafm.net\/wp-content\/uploads\/2021\/04\/IBIDEM-11.png"},{"@type":"BreadcrumbList","@id":"https:\/\/teslafm.net\/ibidem-11\/#breadcrumb","itemListElement":[{"@type":"ListItem","position":1,"name":"Portada","item":"https:\/\/teslafm.net\/"},{"@type":"ListItem","position":2,"name":"Ibidem #11"}]},{"@type":"WebSite","@id":"https:\/\/teslafm.net\/#website","url":"https:\/\/teslafm.net\/","name":"TeslaFM","description":"An experimental and creative radio","publisher":{"@id":"https:\/\/teslafm.net\/#organization"},"potentialAction":[{"@type":"SearchAction","target":{"@type":"EntryPoint","urlTemplate":"https:\/\/teslafm.net\/?s={search_term_string}"},"query-input":{"@type":"PropertyValueSpecification","valueRequired":true,"valueName":"search_term_string"}}],"inLanguage":"en-US"},{"@type":"Organization","@id":"https:\/\/teslafm.net\/#organization","name":"TeslaFM","url":"https:\/\/teslafm.net\/","logo":{"@type":"ImageObject","inLanguage":"en-US","@id":"https:\/\/teslafm.net\/#\/schema\/logo\/image\/","url":"https:\/\/teslafm.net\/wp-content\/uploads\/2020\/06\/logo-tesla.png","contentUrl":"https:\/\/teslafm.net\/wp-content\/uploads\/2020\/06\/logo-tesla.png","width":512,"height":512,"caption":"TeslaFM"},"image":{"@id":"https:\/\/teslafm.net\/#\/schema\/logo\/image\/"},"sameAs":["https:\/\/www.facebook.com\/teslafm.net","https:\/\/x.com\/teslafm"]}]}},"rttpg_featured_image_url":null,"rttpg_author":{"display_name":"Ishak","author_link":"https:\/\/teslafm.net\/en\/author\/cravan\/"},"rttpg_comment":0,"rttpg_category":null,"rttpg_excerpt":"Ibidem #11 Abril 2021 BedouinDrone, se inspira en los estados de \u00e1nimo conflictivos del Medio Oriente. La guerra, la oraci\u00f3n y la condici\u00f3n de presi\u00f3n de la cultura \u00e1rabe son los temas centrales. Llamar la atenci\u00f3n sobre temas pol\u00edticos raramente tocados por el canon de la m\u00fasica electr\u00f3nica occidental. BedouinDrone utiliza t\u00e9cnicas de ambient y&hellip;","_links":{"self":[{"href":"https:\/\/teslafm.net\/en\/wp-json\/wp\/v2\/pages\/57827","targetHints":{"allow":["GET"]}}],"collection":[{"href":"https:\/\/teslafm.net\/en\/wp-json\/wp\/v2\/pages"}],"about":[{"href":"https:\/\/teslafm.net\/en\/wp-json\/wp\/v2\/types\/page"}],"author":[{"embeddable":true,"href":"https:\/\/teslafm.net\/en\/wp-json\/wp\/v2\/users\/19"}],"replies":[{"embeddable":true,"href":"https:\/\/teslafm.net\/en\/wp-json\/wp\/v2\/comments?post=57827"}],"version-history":[{"count":1,"href":"https:\/\/teslafm.net\/en\/wp-json\/wp\/v2\/pages\/57827\/revisions"}],"predecessor-version":[{"id":57830,"href":"https:\/\/teslafm.net\/en\/wp-json\/wp\/v2\/pages\/57827\/revisions\/57830"}],"wp:attachment":[{"href":"https:\/\/teslafm.net\/en\/wp-json\/wp\/v2\/media?parent=57827"}],"curies":[{"name":"wp","href":"https:\/\/api.w.org\/{rel}","templated":true}]}}