

{"id":57832,"date":"2021-04-08T18:23:37","date_gmt":"2021-04-08T16:23:37","guid":{"rendered":"https:\/\/teslafm.net\/?page_id=57832"},"modified":"2021-04-08T18:28:19","modified_gmt":"2021-04-08T16:28:19","slug":"ghost-sounds-wood-noise-23","status":"publish","type":"page","link":"https:\/\/teslafm.net\/en\/ghost-sounds-wood-noise-23\/","title":{"rendered":"Ghost Sounds Wood Noise #23"},"content":{"rendered":"<h2><span style=\"color: #ffffff;\"><strong>Ghost Sounds Wood Noise #23<\/strong><\/span><\/h2>\n<p><span style=\"color: #808080;\"><em>April 2021<\/em><\/span><\/p>\n<p><iframe src=\"https:\/\/www.mixcloud.com\/widget\/iframe\/?hide_cover=1&amp;feed=%2FTeslafm_net%2Fghost-sounds-wood-noise-23-chra%2F\" width=\"100%\" height=\"120\" frameborder=\"0\"><\/iframe><\/p>\n<p><span style=\"color: #808080;\"><span dir=\"auto\">Ghost Sounds Wood Noise de <\/span><strong>Chra<\/strong><span dir=\"auto\">with a recording of his rehearsal two days earlier for the live performance he would give at <strong>Tresor Linz<\/strong> for <strong>dorf tv<\/strong> without a hearing, last March.<\/span><\/span><span class=\"d2edcug0 hpfvmrgz qv66sw1b c1et5uql lr9zc1uh a8c37x1j keod5gw0 nxhoafnm aigsh9s9 d3f4x2em fe6kdd0r mau55g9w c8b282yb iv3no6db jq4qci2q a3bd9o3v knj5qynh oo9gr5id hzawbc8m\" dir=\"auto\"><br \/>\n<\/span><\/p>","protected":false},"excerpt":{"rendered":"<p>Ghost Sounds Wood Noise #23 April 2021 Ghost Sounds Wood Noise by Chra, with a recording of his rehearsal two days before for the live performance at Tresor Linz for dorf tv without audience, last March.<\/p>","protected":false},"author":19,"featured_media":0,"parent":0,"menu_order":0,"comment_status":"closed","ping_status":"closed","template":"","meta":{"footnotes":""},"class_list":["post-57832","page","type-page","status-publish","hentry"],"yoast_head":"<!-- This site is optimized with the Yoast SEO plugin v27.2 - https:\/\/yoast.com\/product\/yoast-seo-wordpress\/ -->\n<title>Ghost Sounds Wood Noise #23 -<\/title>\n<meta name=\"robots\" content=\"index, follow, max-snippet:-1, max-image-preview:large, max-video-preview:-1\" \/>\n<link rel=\"canonical\" href=\"https:\/\/teslafm.net\/en\/ghost-sounds-wood-noise-23\/\" \/>\n<meta property=\"og:locale\" content=\"en_US\" \/>\n<meta property=\"og:type\" content=\"article\" \/>\n<meta property=\"og:title\" content=\"Ghost Sounds Wood Noise #23 -\" \/>\n<meta property=\"og:description\" content=\"Ghost Sounds Wood Noise #23 Abril 2021 Ghost Sounds Wood Noise de Chra, con una grabaci\u00f3n de su ensayo dos d\u00edas antes para el directo que dar\u00eda en Tresor Linz para dorf tv sin audiencia, el pasado mes de marzo.\" \/>\n<meta property=\"og:url\" content=\"https:\/\/teslafm.net\/en\/ghost-sounds-wood-noise-23\/\" \/>\n<meta property=\"article:publisher\" content=\"https:\/\/www.facebook.com\/teslafm.net\" \/>\n<meta property=\"article:modified_time\" content=\"2021-04-08T16:28:19+00:00\" \/>\n<meta property=\"og:image\" content=\"https:\/\/teslafm.net\/wp-content\/uploads\/2022\/09\/header-image-4-temp.png\" \/>\n\t<meta property=\"og:image:width\" content=\"1274\" \/>\n\t<meta property=\"og:image:height\" content=\"818\" \/>\n\t<meta property=\"og:image:type\" content=\"image\/png\" \/>\n<meta name=\"twitter:card\" content=\"summary_large_image\" \/>\n<meta name=\"twitter:site\" content=\"@teslafm\" \/>\n<meta name=\"twitter:label1\" content=\"Est. reading time\" \/>\n\t<meta name=\"twitter:data1\" content=\"1 minute\" \/>\n<script type=\"application\/ld+json\" class=\"yoast-schema-graph\">{\"@context\":\"https:\/\/schema.org\",\"@graph\":[{\"@type\":\"WebPage\",\"@id\":\"https:\/\/teslafm.net\/ghost-sounds-wood-noise-23\/\",\"url\":\"https:\/\/teslafm.net\/ghost-sounds-wood-noise-23\/\",\"name\":\"Ghost Sounds Wood Noise #23 -\",\"isPartOf\":{\"@id\":\"https:\/\/teslafm.net\/#website\"},\"datePublished\":\"2021-04-08T16:23:37+00:00\",\"dateModified\":\"2021-04-08T16:28:19+00:00\",\"breadcrumb\":{\"@id\":\"https:\/\/teslafm.net\/ghost-sounds-wood-noise-23\/#breadcrumb\"},\"inLanguage\":\"en-US\",\"potentialAction\":[{\"@type\":\"ReadAction\",\"target\":[\"https:\/\/teslafm.net\/ghost-sounds-wood-noise-23\/\"]}]},{\"@type\":\"BreadcrumbList\",\"@id\":\"https:\/\/teslafm.net\/ghost-sounds-wood-noise-23\/#breadcrumb\",\"itemListElement\":[{\"@type\":\"ListItem\",\"position\":1,\"name\":\"Portada\",\"item\":\"https:\/\/teslafm.net\/\"},{\"@type\":\"ListItem\",\"position\":2,\"name\":\"Ghost Sounds Wood Noise #23\"}]},{\"@type\":\"WebSite\",\"@id\":\"https:\/\/teslafm.net\/#website\",\"url\":\"https:\/\/teslafm.net\/\",\"name\":\"TeslaFM\",\"description\":\"An experimental and creative radio\",\"publisher\":{\"@id\":\"https:\/\/teslafm.net\/#organization\"},\"potentialAction\":[{\"@type\":\"SearchAction\",\"target\":{\"@type\":\"EntryPoint\",\"urlTemplate\":\"https:\/\/teslafm.net\/?s={search_term_string}\"},\"query-input\":{\"@type\":\"PropertyValueSpecification\",\"valueRequired\":true,\"valueName\":\"search_term_string\"}}],\"inLanguage\":\"en-US\"},{\"@type\":\"Organization\",\"@id\":\"https:\/\/teslafm.net\/#organization\",\"name\":\"TeslaFM\",\"url\":\"https:\/\/teslafm.net\/\",\"logo\":{\"@type\":\"ImageObject\",\"inLanguage\":\"en-US\",\"@id\":\"https:\/\/teslafm.net\/#\/schema\/logo\/image\/\",\"url\":\"https:\/\/teslafm.net\/wp-content\/uploads\/2020\/06\/logo-tesla.png\",\"contentUrl\":\"https:\/\/teslafm.net\/wp-content\/uploads\/2020\/06\/logo-tesla.png\",\"width\":512,\"height\":512,\"caption\":\"TeslaFM\"},\"image\":{\"@id\":\"https:\/\/teslafm.net\/#\/schema\/logo\/image\/\"},\"sameAs\":[\"https:\/\/www.facebook.com\/teslafm.net\",\"https:\/\/x.com\/teslafm\"]}]}<\/script>\n<!-- \/ Yoast SEO plugin. -->","yoast_head_json":{"title":"Ghost Sounds Wood Noise #23 -","robots":{"index":"index","follow":"follow","max-snippet":"max-snippet:-1","max-image-preview":"max-image-preview:large","max-video-preview":"max-video-preview:-1"},"canonical":"https:\/\/teslafm.net\/en\/ghost-sounds-wood-noise-23\/","og_locale":"en_US","og_type":"article","og_title":"Ghost Sounds Wood Noise #23 -","og_description":"Ghost Sounds Wood Noise #23 Abril 2021 Ghost Sounds Wood Noise de Chra, con una grabaci\u00f3n de su ensayo dos d\u00edas antes para el directo que dar\u00eda en Tresor Linz para dorf tv sin audiencia, el pasado mes de marzo.","og_url":"https:\/\/teslafm.net\/en\/ghost-sounds-wood-noise-23\/","article_publisher":"https:\/\/www.facebook.com\/teslafm.net","article_modified_time":"2021-04-08T16:28:19+00:00","og_image":[{"width":1274,"height":818,"url":"https:\/\/teslafm.net\/wp-content\/uploads\/2022\/09\/header-image-4-temp.png","type":"image\/png"}],"twitter_card":"summary_large_image","twitter_site":"@teslafm","twitter_misc":{"Est. reading time":"1 minute"},"schema":{"@context":"https:\/\/schema.org","@graph":[{"@type":"WebPage","@id":"https:\/\/teslafm.net\/ghost-sounds-wood-noise-23\/","url":"https:\/\/teslafm.net\/ghost-sounds-wood-noise-23\/","name":"Ghost Sounds Wood Noise #23 -","isPartOf":{"@id":"https:\/\/teslafm.net\/#website"},"datePublished":"2021-04-08T16:23:37+00:00","dateModified":"2021-04-08T16:28:19+00:00","breadcrumb":{"@id":"https:\/\/teslafm.net\/ghost-sounds-wood-noise-23\/#breadcrumb"},"inLanguage":"en-US","potentialAction":[{"@type":"ReadAction","target":["https:\/\/teslafm.net\/ghost-sounds-wood-noise-23\/"]}]},{"@type":"BreadcrumbList","@id":"https:\/\/teslafm.net\/ghost-sounds-wood-noise-23\/#breadcrumb","itemListElement":[{"@type":"ListItem","position":1,"name":"Portada","item":"https:\/\/teslafm.net\/"},{"@type":"ListItem","position":2,"name":"Ghost Sounds Wood Noise #23"}]},{"@type":"WebSite","@id":"https:\/\/teslafm.net\/#website","url":"https:\/\/teslafm.net\/","name":"TeslaFM","description":"An experimental and creative radio","publisher":{"@id":"https:\/\/teslafm.net\/#organization"},"potentialAction":[{"@type":"SearchAction","target":{"@type":"EntryPoint","urlTemplate":"https:\/\/teslafm.net\/?s={search_term_string}"},"query-input":{"@type":"PropertyValueSpecification","valueRequired":true,"valueName":"search_term_string"}}],"inLanguage":"en-US"},{"@type":"Organization","@id":"https:\/\/teslafm.net\/#organization","name":"TeslaFM","url":"https:\/\/teslafm.net\/","logo":{"@type":"ImageObject","inLanguage":"en-US","@id":"https:\/\/teslafm.net\/#\/schema\/logo\/image\/","url":"https:\/\/teslafm.net\/wp-content\/uploads\/2020\/06\/logo-tesla.png","contentUrl":"https:\/\/teslafm.net\/wp-content\/uploads\/2020\/06\/logo-tesla.png","width":512,"height":512,"caption":"TeslaFM"},"image":{"@id":"https:\/\/teslafm.net\/#\/schema\/logo\/image\/"},"sameAs":["https:\/\/www.facebook.com\/teslafm.net","https:\/\/x.com\/teslafm"]}]}},"rttpg_featured_image_url":null,"rttpg_author":{"display_name":"Ishak","author_link":"https:\/\/teslafm.net\/en\/author\/cravan\/"},"rttpg_comment":0,"rttpg_category":null,"rttpg_excerpt":"Ghost Sounds Wood Noise #23 Abril 2021 Ghost Sounds Wood Noise de Chra, con una grabaci\u00f3n de su ensayo dos d\u00edas antes para el directo que dar\u00eda en Tresor Linz para dorf tv sin audiencia, el pasado mes de marzo.","_links":{"self":[{"href":"https:\/\/teslafm.net\/en\/wp-json\/wp\/v2\/pages\/57832","targetHints":{"allow":["GET"]}}],"collection":[{"href":"https:\/\/teslafm.net\/en\/wp-json\/wp\/v2\/pages"}],"about":[{"href":"https:\/\/teslafm.net\/en\/wp-json\/wp\/v2\/types\/page"}],"author":[{"embeddable":true,"href":"https:\/\/teslafm.net\/en\/wp-json\/wp\/v2\/users\/19"}],"replies":[{"embeddable":true,"href":"https:\/\/teslafm.net\/en\/wp-json\/wp\/v2\/comments?post=57832"}],"version-history":[{"count":2,"href":"https:\/\/teslafm.net\/en\/wp-json\/wp\/v2\/pages\/57832\/revisions"}],"predecessor-version":[{"id":57838,"href":"https:\/\/teslafm.net\/en\/wp-json\/wp\/v2\/pages\/57832\/revisions\/57838"}],"wp:attachment":[{"href":"https:\/\/teslafm.net\/en\/wp-json\/wp\/v2\/media?parent=57832"}],"curies":[{"name":"wp","href":"https:\/\/api.w.org\/{rel}","templated":true}]}}