

{"id":57896,"date":"2021-04-26T21:08:18","date_gmt":"2021-04-26T19:08:18","guid":{"rendered":"https:\/\/teslafm.net\/?page_id=57896"},"modified":"2022-12-07T14:20:08","modified_gmt":"2022-12-07T13:20:08","slug":"luna-llena-14","status":"publish","type":"page","link":"https:\/\/teslafm.net\/en\/luna-llena-14\/","title":{"rendered":"Full Moon #14"},"content":{"rendered":"<h2><span style=\"color: #ffffff;\"><strong>Full Moon #14<\/strong><\/span><\/h2>\n<p><span style=\"color: #808080;\"><em>Witchcraft and Heresy<\/em><\/span><\/p>\n<p><iframe src=\"https:\/\/www.mixcloud.com\/widget\/iframe\/?hide_cover=1&amp;feed=%2FTeslafm_net%2Fluna-llena-14-brujer%C3%ADa-y-herej%C3%ADa%2F\" width=\"100%\" height=\"120\" frameborder=\"0\"><\/iframe><\/p>\n<p><img fetchpriority=\"high\" decoding=\"async\" class=\"alignnone size-full wp-image-57897\" src=\"https:\/\/teslafm.net\/wp-content\/uploads\/2021\/04\/brujeria-y-herejia.jpg\" alt=\"\" width=\"620\" height=\"583\" srcset=\"https:\/\/teslafm.net\/wp-content\/uploads\/2021\/04\/brujeria-y-herejia.jpg 620w, https:\/\/teslafm.net\/wp-content\/uploads\/2021\/04\/brujeria-y-herejia-300x282.jpg 300w\" sizes=\"(max-width: 620px) 100vw, 620px\" \/><\/p>\n<p><span style=\"color: #808080;\"><strong>TEXTS:<\/strong><\/span><br \/>\n<span style=\"color: #808080;\">Shadow and Light, <strong>Mercedes Pe\u00f3n<\/strong><\/span><br \/>\n<span style=\"color: #808080;\">Zorrotzaurre Ez Da Manhattan, <strong>Gotzon Monasterio Oihenart<\/strong><\/span><br \/>\n<span style=\"color: #808080;\">Zirkulua Su Askogaz, <strong>Ana<\/strong><\/span><br \/>\n<span style=\"color: #808080;\">Dolores La Beata, <em>Wikipedia<\/em><\/span><br \/>\n<span style=\"color: #808080;\">The new liberating Satanism*, <em>The Dome<\/em><\/span><br \/>\n<span style=\"color: #808080;\">Bruges*, <strong>Alicia Murillo Ruiz<\/strong><\/span><br \/>\n<span style=\"color: #808080;\">Witchcraft and gay counterculture*, <strong>Arthur Evans<\/strong><\/span><\/p>\n<p><span style=\"color: #808080;\"><strong>BACKGROUND MUSIC:<\/strong><\/span><br \/>\n<span style=\"color: #808080;\"><strong>Broadcast And The Focus Group<\/strong> - Intromagnetic such<\/span><br \/>\n<span style=\"color: #808080;\"><strong>Leilia<\/strong> - Ruada de Folgoso<\/span><br \/>\n<span style=\"color: #808080;\"><strong>Amalur<\/strong> - Didaktikako Materialak<\/span><br \/>\n<span style=\"color: #808080;\"><strong>La T\u00e8ne &amp; Guilhem Lacroux, J\u00e9r\u00e9mie Sauvage &amp; Jacques Puech, Louis Jacques<\/strong> - L'Abandonn\u00e9e<\/span><br \/>\n<span style=\"color: #808080;\"><strong>Broadcast And The Focus Group<\/strong> - Will you read me<\/span><br \/>\n<span style=\"color: #808080;\"><strong>Marc Egea<\/strong> - KlingKlang<\/span><br \/>\n<span style=\"color: #808080;\"><strong>Broadcast And The Focus Group<\/strong> - A seacing song<\/span><br \/>\n<span style=\"color: #808080;\"><strong>Sotiria Bellou<\/strong> - \u0391\u03bd\u03c4\u03b9\u03bb\u03b1\u03bb\u03bf\u03cd\u03bd\u03b5 \u03c4\u03b1 \u03b2\u03bf\u03c5\u03bd\u03ac \u03a3\u03c9\u03c4\u03b7\u03c1\u03af\u03b1 \u039c\u03c0\u03ad\u03bb\u03bb\u03bb\u03bf\u03c5-\u03a3\u03bf\u03cd\u03bb\u03b1 \u0394\u03ac\u03ba\u03b7\u03c1\u03af\u03b1 \u039c\u03c0\u03ad\u03bb\u03bb\u03bb\u03bf\u03c5-\u03a3\u03bf\u03cd\u03bb\u03b1 \u0394\u03ac\u03ba\u03b7.<\/span><br \/>\n<span style=\"color: #808080;\"><strong>Atri N'assouf<\/strong> - Akal<\/span><br \/>\n<span style=\"color: #808080;\"><strong>Goliardos<\/strong> - In Taberna Quando Sumus<\/span><br \/>\n<span style=\"color: #808080;\"><strong>La T\u00e8ne &amp; Guilhem Lacroux, J\u00e9r\u00e9mie Sauvage &amp; Jacques Puech, Louis Jacques<\/strong> - Danse del'Ortha, La Mal\u00e9ja<\/span><\/p>\n<p><span style=\"color: #808080;\"><strong>MUSICAL THEMES AND SOUND FILES:<\/strong><\/span><br \/>\n<span style=\"color: #808080;\">01. <strong>Anahita<\/strong> - Spirea of Ulmaria<\/span><br \/>\n<span style=\"color: #808080;\">02. <strong>Montserrat Figueras; Jordi Savall; La Capella Reial De Catalunya \/ Hesp\u00e8rion XXI - V Batailles et Prisons:<\/strong> 'Ballade De La Pucelle' (Impro, harpe);<\/span><br \/>\n<span style=\"color: #808080;\">03. <strong>Montserrat Figueras; Jordi Savall; La Capella Reial De Catalunya \/ Hesp\u00e8rion XXI - VIII Proc\u00e9s de relapse (Condamnation et execution):<\/strong> 'Fanfare De l'Inquisition', 30. Mai 1431<\/span><br \/>\n<span style=\"color: #808080;\">04. Hail Satan? (excerpt from the documentary of <strong>Penny Lane<\/strong>)<\/span><br \/>\n<span style=\"color: #808080;\">05. <strong>Cl\u00e9ment Edouard<\/strong> - Antic spell<\/span><br \/>\n<span style=\"color: #808080;\">06. <strong>Broadcast And The Focus Group<\/strong> - You must wake<\/span><\/p>\n<p><span style=\"color: #808080;\">Readings: <strong>Xandra<\/strong>, <strong>Katerina<\/strong>, <strong>Ana<\/strong>, <strong>Eva<\/strong> y *<strong>Belen Berlin<\/strong><\/span><\/p>\n<p><span style=\"color: #808080;\">Produced by <strong>Ea7_dmZ<\/strong> and <strong>Ishak Benavides<\/strong>.<\/span><\/p>","protected":false},"excerpt":{"rendered":"<p>Luna llena #14 Brujer\u00eda y Herej\u00eda TEXTOS: Sombra e Luz, Mercedes Pe\u00f3n Zorrotzaurre Ez Da Manhattan, Gotzon Monasterio Oihenart Zirkulua Su Askogaz, Ana Dolores La Beata, Wikipedia El nuevo Satanismo liberador*, La C\u00fapula Brujas*, Alicia Murillo Ru\u00edz Brujer\u00eda y contracultura gay*, Arthur Evans M\u00daSICA DE FONDO: Broadcast And The Focus Group \u2013 Intromagnetic tales Leil\u00eda [&hellip;]<\/p>\n","protected":false},"author":19,"featured_media":0,"parent":0,"menu_order":0,"comment_status":"closed","ping_status":"closed","template":"","meta":{"footnotes":""},"class_list":["post-57896","page","type-page","status-publish","hentry"],"yoast_head":"<!-- This site is optimized with the Yoast SEO plugin v27.2 - https:\/\/yoast.com\/product\/yoast-seo-wordpress\/ -->\n<title>Luna Llena #14 -<\/title>\n<meta name=\"robots\" content=\"index, follow, max-snippet:-1, max-image-preview:large, max-video-preview:-1\" \/>\n<link rel=\"canonical\" href=\"https:\/\/teslafm.net\/en\/luna-llena-14\/\" \/>\n<meta property=\"og:locale\" content=\"en_US\" \/>\n<meta property=\"og:type\" content=\"article\" \/>\n<meta property=\"og:title\" content=\"Luna Llena #14 -\" \/>\n<meta property=\"og:description\" content=\"Luna llena #14 Brujer\u00eda y Herej\u00eda TEXTOS: Sombra e Luz, Mercedes Pe\u00f3n Zorrotzaurre Ez Da Manhattan, Gotzon Monasterio Oihenart Zirkulua Su Askogaz, Ana Dolores La Beata, Wikipedia El nuevo Satanismo liberador*, La C\u00fapula Brujas*, Alicia Murillo Ru\u00edz Brujer\u00eda y contracultura gay*, Arthur Evans M\u00daSICA DE FONDO: Broadcast And The Focus Group \u2013 Intromagnetic tales Leil\u00eda [&hellip;]\" \/>\n<meta property=\"og:url\" content=\"https:\/\/teslafm.net\/en\/luna-llena-14\/\" \/>\n<meta property=\"article:publisher\" content=\"https:\/\/www.facebook.com\/teslafm.net\" \/>\n<meta property=\"article:modified_time\" content=\"2022-12-07T13:20:08+00:00\" \/>\n<meta property=\"og:image\" content=\"https:\/\/teslafm.net\/wp-content\/uploads\/2021\/04\/brujeria-y-herejia.jpg\" \/>\n<meta name=\"twitter:card\" content=\"summary_large_image\" \/>\n<meta name=\"twitter:site\" content=\"@teslafm\" \/>\n<meta name=\"twitter:label1\" content=\"Est. reading time\" \/>\n\t<meta name=\"twitter:data1\" content=\"2 minutes\" \/>\n<script type=\"application\/ld+json\" class=\"yoast-schema-graph\">{\"@context\":\"https:\/\/schema.org\",\"@graph\":[{\"@type\":\"WebPage\",\"@id\":\"https:\/\/teslafm.net\/luna-llena-14\/\",\"url\":\"https:\/\/teslafm.net\/luna-llena-14\/\",\"name\":\"Luna Llena #14 -\",\"isPartOf\":{\"@id\":\"https:\/\/teslafm.net\/#website\"},\"primaryImageOfPage\":{\"@id\":\"https:\/\/teslafm.net\/luna-llena-14\/#primaryimage\"},\"image\":{\"@id\":\"https:\/\/teslafm.net\/luna-llena-14\/#primaryimage\"},\"thumbnailUrl\":\"https:\/\/teslafm.net\/wp-content\/uploads\/2021\/04\/brujeria-y-herejia.jpg\",\"datePublished\":\"2021-04-26T19:08:18+00:00\",\"dateModified\":\"2022-12-07T13:20:08+00:00\",\"breadcrumb\":{\"@id\":\"https:\/\/teslafm.net\/luna-llena-14\/#breadcrumb\"},\"inLanguage\":\"en-US\",\"potentialAction\":[{\"@type\":\"ReadAction\",\"target\":[\"https:\/\/teslafm.net\/luna-llena-14\/\"]}]},{\"@type\":\"ImageObject\",\"inLanguage\":\"en-US\",\"@id\":\"https:\/\/teslafm.net\/luna-llena-14\/#primaryimage\",\"url\":\"https:\/\/teslafm.net\/wp-content\/uploads\/2021\/04\/brujeria-y-herejia.jpg\",\"contentUrl\":\"https:\/\/teslafm.net\/wp-content\/uploads\/2021\/04\/brujeria-y-herejia.jpg\"},{\"@type\":\"BreadcrumbList\",\"@id\":\"https:\/\/teslafm.net\/luna-llena-14\/#breadcrumb\",\"itemListElement\":[{\"@type\":\"ListItem\",\"position\":1,\"name\":\"Portada\",\"item\":\"https:\/\/teslafm.net\/\"},{\"@type\":\"ListItem\",\"position\":2,\"name\":\"Luna Llena #14\"}]},{\"@type\":\"WebSite\",\"@id\":\"https:\/\/teslafm.net\/#website\",\"url\":\"https:\/\/teslafm.net\/\",\"name\":\"TeslaFM\",\"description\":\"An experimental and creative radio\",\"publisher\":{\"@id\":\"https:\/\/teslafm.net\/#organization\"},\"potentialAction\":[{\"@type\":\"SearchAction\",\"target\":{\"@type\":\"EntryPoint\",\"urlTemplate\":\"https:\/\/teslafm.net\/?s={search_term_string}\"},\"query-input\":{\"@type\":\"PropertyValueSpecification\",\"valueRequired\":true,\"valueName\":\"search_term_string\"}}],\"inLanguage\":\"en-US\"},{\"@type\":\"Organization\",\"@id\":\"https:\/\/teslafm.net\/#organization\",\"name\":\"TeslaFM\",\"url\":\"https:\/\/teslafm.net\/\",\"logo\":{\"@type\":\"ImageObject\",\"inLanguage\":\"en-US\",\"@id\":\"https:\/\/teslafm.net\/#\/schema\/logo\/image\/\",\"url\":\"https:\/\/teslafm.net\/wp-content\/uploads\/2020\/06\/logo-tesla.png\",\"contentUrl\":\"https:\/\/teslafm.net\/wp-content\/uploads\/2020\/06\/logo-tesla.png\",\"width\":512,\"height\":512,\"caption\":\"TeslaFM\"},\"image\":{\"@id\":\"https:\/\/teslafm.net\/#\/schema\/logo\/image\/\"},\"sameAs\":[\"https:\/\/www.facebook.com\/teslafm.net\",\"https:\/\/x.com\/teslafm\"]}]}<\/script>\n<!-- \/ Yoast SEO plugin. -->","yoast_head_json":{"title":"Full Moon #14 -","robots":{"index":"index","follow":"follow","max-snippet":"max-snippet:-1","max-image-preview":"max-image-preview:large","max-video-preview":"max-video-preview:-1"},"canonical":"https:\/\/teslafm.net\/en\/luna-llena-14\/","og_locale":"en_US","og_type":"article","og_title":"Luna Llena #14 -","og_description":"Luna llena #14 Brujer\u00eda y Herej\u00eda TEXTOS: Sombra e Luz, Mercedes Pe\u00f3n Zorrotzaurre Ez Da Manhattan, Gotzon Monasterio Oihenart Zirkulua Su Askogaz, Ana Dolores La Beata, Wikipedia El nuevo Satanismo liberador*, La C\u00fapula Brujas*, Alicia Murillo Ru\u00edz Brujer\u00eda y contracultura gay*, Arthur Evans M\u00daSICA DE FONDO: Broadcast And The Focus Group \u2013 Intromagnetic tales Leil\u00eda [&hellip;]","og_url":"https:\/\/teslafm.net\/en\/luna-llena-14\/","article_publisher":"https:\/\/www.facebook.com\/teslafm.net","article_modified_time":"2022-12-07T13:20:08+00:00","og_image":[{"url":"https:\/\/teslafm.net\/wp-content\/uploads\/2021\/04\/brujeria-y-herejia.jpg","type":"","width":"","height":""}],"twitter_card":"summary_large_image","twitter_site":"@teslafm","twitter_misc":{"Est. reading time":"2 minutes"},"schema":{"@context":"https:\/\/schema.org","@graph":[{"@type":"WebPage","@id":"https:\/\/teslafm.net\/luna-llena-14\/","url":"https:\/\/teslafm.net\/luna-llena-14\/","name":"Full Moon #14 -","isPartOf":{"@id":"https:\/\/teslafm.net\/#website"},"primaryImageOfPage":{"@id":"https:\/\/teslafm.net\/luna-llena-14\/#primaryimage"},"image":{"@id":"https:\/\/teslafm.net\/luna-llena-14\/#primaryimage"},"thumbnailUrl":"https:\/\/teslafm.net\/wp-content\/uploads\/2021\/04\/brujeria-y-herejia.jpg","datePublished":"2021-04-26T19:08:18+00:00","dateModified":"2022-12-07T13:20:08+00:00","breadcrumb":{"@id":"https:\/\/teslafm.net\/luna-llena-14\/#breadcrumb"},"inLanguage":"en-US","potentialAction":[{"@type":"ReadAction","target":["https:\/\/teslafm.net\/luna-llena-14\/"]}]},{"@type":"ImageObject","inLanguage":"en-US","@id":"https:\/\/teslafm.net\/luna-llena-14\/#primaryimage","url":"https:\/\/teslafm.net\/wp-content\/uploads\/2021\/04\/brujeria-y-herejia.jpg","contentUrl":"https:\/\/teslafm.net\/wp-content\/uploads\/2021\/04\/brujeria-y-herejia.jpg"},{"@type":"BreadcrumbList","@id":"https:\/\/teslafm.net\/luna-llena-14\/#breadcrumb","itemListElement":[{"@type":"ListItem","position":1,"name":"Portada","item":"https:\/\/teslafm.net\/"},{"@type":"ListItem","position":2,"name":"Luna Llena #14"}]},{"@type":"WebSite","@id":"https:\/\/teslafm.net\/#website","url":"https:\/\/teslafm.net\/","name":"TeslaFM","description":"An experimental and creative radio","publisher":{"@id":"https:\/\/teslafm.net\/#organization"},"potentialAction":[{"@type":"SearchAction","target":{"@type":"EntryPoint","urlTemplate":"https:\/\/teslafm.net\/?s={search_term_string}"},"query-input":{"@type":"PropertyValueSpecification","valueRequired":true,"valueName":"search_term_string"}}],"inLanguage":"en-US"},{"@type":"Organization","@id":"https:\/\/teslafm.net\/#organization","name":"TeslaFM","url":"https:\/\/teslafm.net\/","logo":{"@type":"ImageObject","inLanguage":"en-US","@id":"https:\/\/teslafm.net\/#\/schema\/logo\/image\/","url":"https:\/\/teslafm.net\/wp-content\/uploads\/2020\/06\/logo-tesla.png","contentUrl":"https:\/\/teslafm.net\/wp-content\/uploads\/2020\/06\/logo-tesla.png","width":512,"height":512,"caption":"TeslaFM"},"image":{"@id":"https:\/\/teslafm.net\/#\/schema\/logo\/image\/"},"sameAs":["https:\/\/www.facebook.com\/teslafm.net","https:\/\/x.com\/teslafm"]}]}},"rttpg_featured_image_url":null,"rttpg_author":{"display_name":"Ishak","author_link":"https:\/\/teslafm.net\/en\/author\/cravan\/"},"rttpg_comment":0,"rttpg_category":null,"rttpg_excerpt":"Luna llena #14 Brujer\u00eda y Herej\u00eda TEXTOS: Sombra e Luz, Mercedes Pe\u00f3n Zorrotzaurre Ez Da Manhattan, Gotzon Monasterio Oihenart Zirkulua Su Askogaz, Ana Dolores La Beata, Wikipedia El nuevo Satanismo liberador*, La C\u00fapula Brujas*, Alicia Murillo Ru\u00edz Brujer\u00eda y contracultura gay*, Arthur Evans M\u00daSICA DE FONDO: Broadcast And The Focus Group \u2013 Intromagnetic tales Leil\u00eda&hellip;","_links":{"self":[{"href":"https:\/\/teslafm.net\/en\/wp-json\/wp\/v2\/pages\/57896","targetHints":{"allow":["GET"]}}],"collection":[{"href":"https:\/\/teslafm.net\/en\/wp-json\/wp\/v2\/pages"}],"about":[{"href":"https:\/\/teslafm.net\/en\/wp-json\/wp\/v2\/types\/page"}],"author":[{"embeddable":true,"href":"https:\/\/teslafm.net\/en\/wp-json\/wp\/v2\/users\/19"}],"replies":[{"embeddable":true,"href":"https:\/\/teslafm.net\/en\/wp-json\/wp\/v2\/comments?post=57896"}],"version-history":[{"count":4,"href":"https:\/\/teslafm.net\/en\/wp-json\/wp\/v2\/pages\/57896\/revisions"}],"predecessor-version":[{"id":60986,"href":"https:\/\/teslafm.net\/en\/wp-json\/wp\/v2\/pages\/57896\/revisions\/60986"}],"wp:attachment":[{"href":"https:\/\/teslafm.net\/en\/wp-json\/wp\/v2\/media?parent=57896"}],"curies":[{"name":"wp","href":"https:\/\/api.w.org\/{rel}","templated":true}]}}