

{"id":57916,"date":"2021-04-29T17:17:23","date_gmt":"2021-04-29T15:17:23","guid":{"rendered":"https:\/\/teslafm.net\/?page_id=57916"},"modified":"2023-02-06T14:40:15","modified_gmt":"2023-02-06T13:40:15","slug":"el-ruido-es-el-mensaje-6","status":"publish","type":"page","link":"https:\/\/teslafm.net\/en\/el-ruido-es-el-mensaje-6\/","title":{"rendered":"Noise is message #6"},"content":{"rendered":"<h1><span style=\"color: #ffffff;\"><strong>NOISE is Message #6<\/strong><\/span><\/h1>\n<p><span style=\"color: #808080;\"><em>April 2021<\/em><\/span><\/p>\n<p><iframe src=\"https:\/\/www.mixcloud.com\/widget\/iframe\/?hide_cover=1&amp;feed=%2FTeslafm_net%2Fel-ruido-es-el-mensaje-6-franco-falistoco%2F\" width=\"100%\" height=\"120\" frameborder=\"0\"><\/iframe><\/p>\n<p align=\"center\"><span style=\"font-family: Calibri Light, serif; color: #808080;\"><span style=\"font-size: xx-large;\">NOISE is the Message | RUIDOTesla #06<\/span><\/span><\/p>\n<h2 class=\"western\"><span style=\"color: #808080;\">\"<i>When I listened to the radio I sometimes heard a noise that I thought was from an airplane. Years later I found out that it was a U.S. signal to censor Cuban radio. With the radio you created images of what you were listening to.\"<\/i><\/span><br \/>\n<span style=\"color: #808080;\"><b>-| John Oswald<\/b>.<\/span><\/h2>\n<p><span style=\"color: #808080;\">Signal Flow <span style=\"font-family: Arial, serif;\">\ua78a\u25ba<\/span><\/span><\/p>\n<p><span style=\"color: #808080;\">\u2588 <b>In this ROUTE<\/b>Ubi est mor victoria tua (Borges) from <strong>Carlos Su\u00e1rez S\u00e1nchez<\/strong>belonging to the work called Ars Po\u00e9tica of 2010 of the label JNN (Just not Normal). Work orchestrated around the voice of Jorge Luis Borges. A magnificent piece of recreation and we recommend listening to the complete work.<\/span><\/p>\n<p><span style=\"color: #808080;\">\" #ESCUCHAS: Maria Cristina Kasem proposes Jonchaies (1977) de <strong>Iannis Xenakis<\/strong>.<\/span><br \/>\n<span style=\"color: #808080;\"><span style=\"font-family: Arial, serif;\"><b>\u2588<\/b><\/span><b> Background NOISE<\/b>We share Shaun Robert's work, PSYCO ACOUSTIC DIVINATION. The sounds for this piece were recorded in 1997 using simply a minidisc. The ensemble seeks to reflect them as truthfully as possible, without editing interventions. \"Psyco\" takes us to pleasantly navigate through the confines of sound, where each element has a body of its own, its vibration and effervescence are unique.<\/span><\/p>\n<p><span style=\"color: #808080;\">\u2500\u2500\u2500\u2500\u2500\u2500\u2500\u2500\u2500\u2500\u2500\u2500\u2500<br \/>\nBe part of listening in the vast landscape of Sounds.<br \/>\n<i>We recommend the\u00a0<\/i><i><b>Usage<\/b><\/i><i>\u00a0from\u00a0<\/i><i><b>HEADPHONES<\/b><\/i>.<br \/>\nIntegral Production: Franco Falistoco A. with The\u00a0<b>NOISE<\/b>\u00a0is the\u00a0<b>M<\/b>ensage and collaborators.<br \/>\n<u><a style=\"color: #808080;\" href=\"https:\/\/www.elruidoeselmensaje.com\/\" target=\"El RUIDO es el Mensaje\" rel=\"noopener\">https:\/\/www.elruidoeselmensaje.com\/<\/a><\/u><br \/>\n\u2500\u2500\u2500\u2500\u2500\u2500\u2500\u2500\u2500\u2500\u2500\u2500\u2500<\/span><\/p>\n<p align=\"center\"><span style=\"color: #808080;\"><span style=\"font-family: Calibri Light, serif;\"><span style=\"font-size: medium;\">The\u00a0<\/span><\/span><span style=\"font-family: Calibri Light, serif;\"><span style=\"font-size: medium;\"><b>Sound<\/b><\/span><\/span><span style=\"font-family: Calibri Light, serif;\"><span style=\"font-size: medium;\">is El\u00a0<\/span><\/span><span style=\"font-family: Calibri Light, serif;\"><span style=\"font-size: medium;\"><b>NOISE<\/b><\/span><\/span><span style=\"font-family: Calibri Light, serif;\"><span style=\"font-size: medium;\">\u00a0from\u00a0<\/span><\/span><span style=\"font-family: Calibri Light, serif;\"><span style=\"font-size: medium;\"><b>Message<\/b><\/span><\/span><span style=\"font-family: Calibri Light, serif;\"><span style=\"font-size: medium;\">.<\/span><\/span><\/span><\/p>","protected":false},"excerpt":{"rendered":"<p>El RUIDO es el Mensaje #6 Abril 2021 El RUIDO es el Mensaje | RUIDOTesla #06 \u201cCuando escuchaba la radio a veces o\u00eda un ruido que pensaba era de un avi\u00f3n. A\u00f1os m\u00e1s tarde me enter\u00e9 de que era una se\u00f1al norteamericana para censurar la radio cubana. Con la radio creabas im\u00e1genes de lo que [&hellip;]<\/p>\n","protected":false},"author":19,"featured_media":0,"parent":0,"menu_order":0,"comment_status":"closed","ping_status":"closed","template":"","meta":{"footnotes":""},"class_list":["post-57916","page","type-page","status-publish","hentry"],"yoast_head":"<!-- This site is optimized with the Yoast SEO plugin v27.2 - https:\/\/yoast.com\/product\/yoast-seo-wordpress\/ -->\n<title>El ruido es el mensaje #6 -<\/title>\n<meta name=\"robots\" content=\"index, follow, max-snippet:-1, max-image-preview:large, max-video-preview:-1\" \/>\n<link rel=\"canonical\" href=\"https:\/\/teslafm.net\/en\/el-ruido-es-el-mensaje-6\/\" \/>\n<meta property=\"og:locale\" content=\"en_US\" \/>\n<meta property=\"og:type\" content=\"article\" \/>\n<meta property=\"og:title\" content=\"El ruido es el mensaje #6 -\" \/>\n<meta property=\"og:description\" content=\"El RUIDO es el Mensaje #6 Abril 2021 El RUIDO es el Mensaje | RUIDOTesla #06 \u201cCuando escuchaba la radio a veces o\u00eda un ruido que pensaba era de un avi\u00f3n. A\u00f1os m\u00e1s tarde me enter\u00e9 de que era una se\u00f1al norteamericana para censurar la radio cubana. Con la radio creabas im\u00e1genes de lo que [&hellip;]\" \/>\n<meta property=\"og:url\" content=\"https:\/\/teslafm.net\/en\/el-ruido-es-el-mensaje-6\/\" \/>\n<meta property=\"article:publisher\" content=\"https:\/\/www.facebook.com\/teslafm.net\" \/>\n<meta property=\"article:modified_time\" content=\"2023-02-06T13:40:15+00:00\" \/>\n<meta property=\"og:image\" content=\"https:\/\/teslafm.net\/wp-content\/uploads\/2022\/09\/header-image-4-temp.png\" \/>\n\t<meta property=\"og:image:width\" content=\"1274\" \/>\n\t<meta property=\"og:image:height\" content=\"818\" \/>\n\t<meta property=\"og:image:type\" content=\"image\/png\" \/>\n<meta name=\"twitter:card\" content=\"summary_large_image\" \/>\n<meta name=\"twitter:site\" content=\"@teslafm\" \/>\n<meta name=\"twitter:label1\" content=\"Est. reading time\" \/>\n\t<meta name=\"twitter:data1\" content=\"2 minutes\" \/>\n<script type=\"application\/ld+json\" class=\"yoast-schema-graph\">{\"@context\":\"https:\/\/schema.org\",\"@graph\":[{\"@type\":\"WebPage\",\"@id\":\"https:\/\/teslafm.net\/el-ruido-es-el-mensaje-6\/\",\"url\":\"https:\/\/teslafm.net\/el-ruido-es-el-mensaje-6\/\",\"name\":\"El ruido es el mensaje #6 -\",\"isPartOf\":{\"@id\":\"https:\/\/teslafm.net\/#website\"},\"datePublished\":\"2021-04-29T15:17:23+00:00\",\"dateModified\":\"2023-02-06T13:40:15+00:00\",\"breadcrumb\":{\"@id\":\"https:\/\/teslafm.net\/el-ruido-es-el-mensaje-6\/#breadcrumb\"},\"inLanguage\":\"en-US\",\"potentialAction\":[{\"@type\":\"ReadAction\",\"target\":[\"https:\/\/teslafm.net\/el-ruido-es-el-mensaje-6\/\"]}]},{\"@type\":\"BreadcrumbList\",\"@id\":\"https:\/\/teslafm.net\/el-ruido-es-el-mensaje-6\/#breadcrumb\",\"itemListElement\":[{\"@type\":\"ListItem\",\"position\":1,\"name\":\"Portada\",\"item\":\"https:\/\/teslafm.net\/\"},{\"@type\":\"ListItem\",\"position\":2,\"name\":\"El ruido es el mensaje #6\"}]},{\"@type\":\"WebSite\",\"@id\":\"https:\/\/teslafm.net\/#website\",\"url\":\"https:\/\/teslafm.net\/\",\"name\":\"TeslaFM\",\"description\":\"An experimental and creative radio\",\"publisher\":{\"@id\":\"https:\/\/teslafm.net\/#organization\"},\"potentialAction\":[{\"@type\":\"SearchAction\",\"target\":{\"@type\":\"EntryPoint\",\"urlTemplate\":\"https:\/\/teslafm.net\/?s={search_term_string}\"},\"query-input\":{\"@type\":\"PropertyValueSpecification\",\"valueRequired\":true,\"valueName\":\"search_term_string\"}}],\"inLanguage\":\"en-US\"},{\"@type\":\"Organization\",\"@id\":\"https:\/\/teslafm.net\/#organization\",\"name\":\"TeslaFM\",\"url\":\"https:\/\/teslafm.net\/\",\"logo\":{\"@type\":\"ImageObject\",\"inLanguage\":\"en-US\",\"@id\":\"https:\/\/teslafm.net\/#\/schema\/logo\/image\/\",\"url\":\"https:\/\/teslafm.net\/wp-content\/uploads\/2020\/06\/logo-tesla.png\",\"contentUrl\":\"https:\/\/teslafm.net\/wp-content\/uploads\/2020\/06\/logo-tesla.png\",\"width\":512,\"height\":512,\"caption\":\"TeslaFM\"},\"image\":{\"@id\":\"https:\/\/teslafm.net\/#\/schema\/logo\/image\/\"},\"sameAs\":[\"https:\/\/www.facebook.com\/teslafm.net\",\"https:\/\/x.com\/teslafm\"]}]}<\/script>\n<!-- \/ Yoast SEO plugin. -->","yoast_head_json":{"title":"El ruido es el mensaje #6 -","robots":{"index":"index","follow":"follow","max-snippet":"max-snippet:-1","max-image-preview":"max-image-preview:large","max-video-preview":"max-video-preview:-1"},"canonical":"https:\/\/teslafm.net\/en\/el-ruido-es-el-mensaje-6\/","og_locale":"en_US","og_type":"article","og_title":"El ruido es el mensaje #6 -","og_description":"El RUIDO es el Mensaje #6 Abril 2021 El RUIDO es el Mensaje | RUIDOTesla #06 \u201cCuando escuchaba la radio a veces o\u00eda un ruido que pensaba era de un avi\u00f3n. A\u00f1os m\u00e1s tarde me enter\u00e9 de que era una se\u00f1al norteamericana para censurar la radio cubana. Con la radio creabas im\u00e1genes de lo que [&hellip;]","og_url":"https:\/\/teslafm.net\/en\/el-ruido-es-el-mensaje-6\/","article_publisher":"https:\/\/www.facebook.com\/teslafm.net","article_modified_time":"2023-02-06T13:40:15+00:00","og_image":[{"width":1274,"height":818,"url":"https:\/\/teslafm.net\/wp-content\/uploads\/2022\/09\/header-image-4-temp.png","type":"image\/png"}],"twitter_card":"summary_large_image","twitter_site":"@teslafm","twitter_misc":{"Est. reading time":"2 minutes"},"schema":{"@context":"https:\/\/schema.org","@graph":[{"@type":"WebPage","@id":"https:\/\/teslafm.net\/el-ruido-es-el-mensaje-6\/","url":"https:\/\/teslafm.net\/el-ruido-es-el-mensaje-6\/","name":"El ruido es el mensaje #6 -","isPartOf":{"@id":"https:\/\/teslafm.net\/#website"},"datePublished":"2021-04-29T15:17:23+00:00","dateModified":"2023-02-06T13:40:15+00:00","breadcrumb":{"@id":"https:\/\/teslafm.net\/el-ruido-es-el-mensaje-6\/#breadcrumb"},"inLanguage":"en-US","potentialAction":[{"@type":"ReadAction","target":["https:\/\/teslafm.net\/el-ruido-es-el-mensaje-6\/"]}]},{"@type":"BreadcrumbList","@id":"https:\/\/teslafm.net\/el-ruido-es-el-mensaje-6\/#breadcrumb","itemListElement":[{"@type":"ListItem","position":1,"name":"Portada","item":"https:\/\/teslafm.net\/"},{"@type":"ListItem","position":2,"name":"El ruido es el mensaje #6"}]},{"@type":"WebSite","@id":"https:\/\/teslafm.net\/#website","url":"https:\/\/teslafm.net\/","name":"TeslaFM","description":"An experimental and creative radio","publisher":{"@id":"https:\/\/teslafm.net\/#organization"},"potentialAction":[{"@type":"SearchAction","target":{"@type":"EntryPoint","urlTemplate":"https:\/\/teslafm.net\/?s={search_term_string}"},"query-input":{"@type":"PropertyValueSpecification","valueRequired":true,"valueName":"search_term_string"}}],"inLanguage":"en-US"},{"@type":"Organization","@id":"https:\/\/teslafm.net\/#organization","name":"TeslaFM","url":"https:\/\/teslafm.net\/","logo":{"@type":"ImageObject","inLanguage":"en-US","@id":"https:\/\/teslafm.net\/#\/schema\/logo\/image\/","url":"https:\/\/teslafm.net\/wp-content\/uploads\/2020\/06\/logo-tesla.png","contentUrl":"https:\/\/teslafm.net\/wp-content\/uploads\/2020\/06\/logo-tesla.png","width":512,"height":512,"caption":"TeslaFM"},"image":{"@id":"https:\/\/teslafm.net\/#\/schema\/logo\/image\/"},"sameAs":["https:\/\/www.facebook.com\/teslafm.net","https:\/\/x.com\/teslafm"]}]}},"rttpg_featured_image_url":null,"rttpg_author":{"display_name":"Ishak","author_link":"https:\/\/teslafm.net\/en\/author\/cravan\/"},"rttpg_comment":0,"rttpg_category":null,"rttpg_excerpt":"El RUIDO es el Mensaje #6 Abril 2021 El RUIDO es el Mensaje | RUIDOTesla #06 \u201cCuando escuchaba la radio a veces o\u00eda un ruido que pensaba era de un avi\u00f3n. A\u00f1os m\u00e1s tarde me enter\u00e9 de que era una se\u00f1al norteamericana para censurar la radio cubana. Con la radio creabas im\u00e1genes de lo que&hellip;","_links":{"self":[{"href":"https:\/\/teslafm.net\/en\/wp-json\/wp\/v2\/pages\/57916","targetHints":{"allow":["GET"]}}],"collection":[{"href":"https:\/\/teslafm.net\/en\/wp-json\/wp\/v2\/pages"}],"about":[{"href":"https:\/\/teslafm.net\/en\/wp-json\/wp\/v2\/types\/page"}],"author":[{"embeddable":true,"href":"https:\/\/teslafm.net\/en\/wp-json\/wp\/v2\/users\/19"}],"replies":[{"embeddable":true,"href":"https:\/\/teslafm.net\/en\/wp-json\/wp\/v2\/comments?post=57916"}],"version-history":[{"count":2,"href":"https:\/\/teslafm.net\/en\/wp-json\/wp\/v2\/pages\/57916\/revisions"}],"predecessor-version":[{"id":61392,"href":"https:\/\/teslafm.net\/en\/wp-json\/wp\/v2\/pages\/57916\/revisions\/61392"}],"wp:attachment":[{"href":"https:\/\/teslafm.net\/en\/wp-json\/wp\/v2\/media?parent=57916"}],"curies":[{"name":"wp","href":"https:\/\/api.w.org\/{rel}","templated":true}]}}