

{"id":57942,"date":"2021-05-05T17:07:16","date_gmt":"2021-05-05T15:07:16","guid":{"rendered":"https:\/\/teslafm.net\/?page_id=57942"},"modified":"2021-05-05T17:16:34","modified_gmt":"2021-05-05T15:16:34","slug":"ibidem-12","status":"publish","type":"page","link":"https:\/\/teslafm.net\/en\/ibidem-12\/","title":{"rendered":"Ibidem #12"},"content":{"rendered":"<h2><span style=\"color: #ffffff;\"><strong>Ibidem #12<\/strong><\/span><\/h2>\n<p><span style=\"color: #808080;\"><em>May 4, 2021<\/em><\/span><\/p>\n<p><iframe src=\"https:\/\/www.mixcloud.com\/widget\/iframe\/?hide_cover=1&amp;feed=%2FTeslafm_net%2Fibidem-12-hems%2F\" width=\"100%\" height=\"120\" frameborder=\"0\"><\/iframe><\/p>\n<p><img fetchpriority=\"high\" decoding=\"async\" class=\"alignnone size-full wp-image-57943\" src=\"https:\/\/teslafm.net\/wp-content\/uploads\/2021\/05\/Hems.png\" alt=\"\" width=\"1000\" height=\"1000\" srcset=\"https:\/\/teslafm.net\/wp-content\/uploads\/2021\/05\/Hems.png 1000w, https:\/\/teslafm.net\/wp-content\/uploads\/2021\/05\/Hems-300x300.png 300w, https:\/\/teslafm.net\/wp-content\/uploads\/2021\/05\/Hems-150x150.png 150w, https:\/\/teslafm.net\/wp-content\/uploads\/2021\/05\/Hems-768x768.png 768w\" sizes=\"(max-width: 1000px) 100vw, 1000px\" \/><\/p>\n<p><span style=\"color: #808080;\"><strong>Hems<\/strong> is the London-based producer and record collector known for his intricate, forward-thinking selection that showcases his love of sound design and immersive listening.<\/span><\/p>\n<p><i><\/i><a class=\"x_1164898705gmail-oajrlxb2 x_1164898705gmail-g5ia77u1 x_1164898705gmail-qu0x051f x_1164898705esr5mh6w x_1164898705e9989ue4 x_1164898705gmail-r7d6kgcz x_1164898705gmail-rq0escxv x_1164898705gmail-nhd2j8a9 x_1164898705gmail-nc684nl6 x_1164898705gmail-p7hjln8o x_1164898705gmail-kvgmc6g5 x_1164898705gmail-cxmmr5t8 x_1164898705gmail-oygrvhab x_1164898705gmail-hcukyx3x x_1164898705gmail-jb3vyjys x_1164898705gmail-rz4wbd8a x_1164898705gmail-qt6c0cv9 x_1164898705gmail-a8nywdso x_1164898705gmail-i1ao9s8h x_1164898705gmail-oo483o9r x_1164898705gmail-f1sip0of x_1164898705gmail-lzcic4wl x_1164898705gmail-oo9gr5id x_1164898705gmail-gpro0wi8\" href=\"http:\/\/soundcloud.com\/hems?fbclid=IwAR27haRemIJ9mmDwYfnS3xl1dui_ru8bjWvd7tbqZAaMKWly1xALM9rtlAE\" target=\"_blank\" rel=\"noopener\">soundcloud.com\/hems<\/a><\/p>","protected":false},"excerpt":{"rendered":"<p>Ibidem #12 May 4, 2021 Hems is the London-based producer and record collector known for his intricate, forward-thinking selections that showcase his love of sound design and immersive listening. soundcloud.com\/hems<\/p>","protected":false},"author":19,"featured_media":0,"parent":0,"menu_order":0,"comment_status":"closed","ping_status":"closed","template":"","meta":{"footnotes":""},"class_list":["post-57942","page","type-page","status-publish","hentry"],"yoast_head":"<!-- This site is optimized with the Yoast SEO plugin v27.2 - https:\/\/yoast.com\/product\/yoast-seo-wordpress\/ -->\n<title>Ibidem #12 -<\/title>\n<meta name=\"robots\" content=\"index, follow, max-snippet:-1, max-image-preview:large, max-video-preview:-1\" \/>\n<link rel=\"canonical\" href=\"https:\/\/teslafm.net\/en\/ibidem-12\/\" \/>\n<meta property=\"og:locale\" content=\"en_US\" \/>\n<meta property=\"og:type\" content=\"article\" \/>\n<meta property=\"og:title\" content=\"Ibidem #12 -\" \/>\n<meta property=\"og:description\" content=\"Ibidem #12 4 de Mayo 2021 Hems es el productor y coleccionista de discos de Londres, conocido por su intrincada selecci\u00f3n de visi\u00f3n de futuro que muestra su amor por el dise\u00f1o de sonido y la escucha inmersible. soundcloud.com\/hems\" \/>\n<meta property=\"og:url\" content=\"https:\/\/teslafm.net\/en\/ibidem-12\/\" \/>\n<meta property=\"article:publisher\" content=\"https:\/\/www.facebook.com\/teslafm.net\" \/>\n<meta property=\"article:modified_time\" content=\"2021-05-05T15:16:34+00:00\" \/>\n<meta property=\"og:image\" content=\"https:\/\/teslafm.net\/wp-content\/uploads\/2021\/05\/Hems.png\" \/>\n<meta name=\"twitter:card\" content=\"summary_large_image\" \/>\n<meta name=\"twitter:site\" content=\"@teslafm\" \/>\n<meta name=\"twitter:label1\" content=\"Est. reading time\" \/>\n\t<meta name=\"twitter:data1\" content=\"1 minute\" \/>\n<script type=\"application\/ld+json\" class=\"yoast-schema-graph\">{\"@context\":\"https:\/\/schema.org\",\"@graph\":[{\"@type\":\"WebPage\",\"@id\":\"https:\/\/teslafm.net\/ibidem-12\/\",\"url\":\"https:\/\/teslafm.net\/ibidem-12\/\",\"name\":\"Ibidem #12 -\",\"isPartOf\":{\"@id\":\"https:\/\/teslafm.net\/#website\"},\"primaryImageOfPage\":{\"@id\":\"https:\/\/teslafm.net\/ibidem-12\/#primaryimage\"},\"image\":{\"@id\":\"https:\/\/teslafm.net\/ibidem-12\/#primaryimage\"},\"thumbnailUrl\":\"https:\/\/teslafm.net\/wp-content\/uploads\/2021\/05\/Hems.png\",\"datePublished\":\"2021-05-05T15:07:16+00:00\",\"dateModified\":\"2021-05-05T15:16:34+00:00\",\"breadcrumb\":{\"@id\":\"https:\/\/teslafm.net\/ibidem-12\/#breadcrumb\"},\"inLanguage\":\"en-US\",\"potentialAction\":[{\"@type\":\"ReadAction\",\"target\":[\"https:\/\/teslafm.net\/ibidem-12\/\"]}]},{\"@type\":\"ImageObject\",\"inLanguage\":\"en-US\",\"@id\":\"https:\/\/teslafm.net\/ibidem-12\/#primaryimage\",\"url\":\"https:\/\/teslafm.net\/wp-content\/uploads\/2021\/05\/Hems.png\",\"contentUrl\":\"https:\/\/teslafm.net\/wp-content\/uploads\/2021\/05\/Hems.png\"},{\"@type\":\"BreadcrumbList\",\"@id\":\"https:\/\/teslafm.net\/ibidem-12\/#breadcrumb\",\"itemListElement\":[{\"@type\":\"ListItem\",\"position\":1,\"name\":\"Portada\",\"item\":\"https:\/\/teslafm.net\/\"},{\"@type\":\"ListItem\",\"position\":2,\"name\":\"Ibidem #12\"}]},{\"@type\":\"WebSite\",\"@id\":\"https:\/\/teslafm.net\/#website\",\"url\":\"https:\/\/teslafm.net\/\",\"name\":\"TeslaFM\",\"description\":\"An experimental and creative radio\",\"publisher\":{\"@id\":\"https:\/\/teslafm.net\/#organization\"},\"potentialAction\":[{\"@type\":\"SearchAction\",\"target\":{\"@type\":\"EntryPoint\",\"urlTemplate\":\"https:\/\/teslafm.net\/?s={search_term_string}\"},\"query-input\":{\"@type\":\"PropertyValueSpecification\",\"valueRequired\":true,\"valueName\":\"search_term_string\"}}],\"inLanguage\":\"en-US\"},{\"@type\":\"Organization\",\"@id\":\"https:\/\/teslafm.net\/#organization\",\"name\":\"TeslaFM\",\"url\":\"https:\/\/teslafm.net\/\",\"logo\":{\"@type\":\"ImageObject\",\"inLanguage\":\"en-US\",\"@id\":\"https:\/\/teslafm.net\/#\/schema\/logo\/image\/\",\"url\":\"https:\/\/teslafm.net\/wp-content\/uploads\/2020\/06\/logo-tesla.png\",\"contentUrl\":\"https:\/\/teslafm.net\/wp-content\/uploads\/2020\/06\/logo-tesla.png\",\"width\":512,\"height\":512,\"caption\":\"TeslaFM\"},\"image\":{\"@id\":\"https:\/\/teslafm.net\/#\/schema\/logo\/image\/\"},\"sameAs\":[\"https:\/\/www.facebook.com\/teslafm.net\",\"https:\/\/x.com\/teslafm\"]}]}<\/script>\n<!-- \/ Yoast SEO plugin. -->","yoast_head_json":{"title":"Ibidem #12 -","robots":{"index":"index","follow":"follow","max-snippet":"max-snippet:-1","max-image-preview":"max-image-preview:large","max-video-preview":"max-video-preview:-1"},"canonical":"https:\/\/teslafm.net\/en\/ibidem-12\/","og_locale":"en_US","og_type":"article","og_title":"Ibidem #12 -","og_description":"Ibidem #12 4 de Mayo 2021 Hems es el productor y coleccionista de discos de Londres, conocido por su intrincada selecci\u00f3n de visi\u00f3n de futuro que muestra su amor por el dise\u00f1o de sonido y la escucha inmersible. soundcloud.com\/hems","og_url":"https:\/\/teslafm.net\/en\/ibidem-12\/","article_publisher":"https:\/\/www.facebook.com\/teslafm.net","article_modified_time":"2021-05-05T15:16:34+00:00","og_image":[{"url":"https:\/\/teslafm.net\/wp-content\/uploads\/2021\/05\/Hems.png","type":"","width":"","height":""}],"twitter_card":"summary_large_image","twitter_site":"@teslafm","twitter_misc":{"Est. reading time":"1 minute"},"schema":{"@context":"https:\/\/schema.org","@graph":[{"@type":"WebPage","@id":"https:\/\/teslafm.net\/ibidem-12\/","url":"https:\/\/teslafm.net\/ibidem-12\/","name":"Ibidem #12 -","isPartOf":{"@id":"https:\/\/teslafm.net\/#website"},"primaryImageOfPage":{"@id":"https:\/\/teslafm.net\/ibidem-12\/#primaryimage"},"image":{"@id":"https:\/\/teslafm.net\/ibidem-12\/#primaryimage"},"thumbnailUrl":"https:\/\/teslafm.net\/wp-content\/uploads\/2021\/05\/Hems.png","datePublished":"2021-05-05T15:07:16+00:00","dateModified":"2021-05-05T15:16:34+00:00","breadcrumb":{"@id":"https:\/\/teslafm.net\/ibidem-12\/#breadcrumb"},"inLanguage":"en-US","potentialAction":[{"@type":"ReadAction","target":["https:\/\/teslafm.net\/ibidem-12\/"]}]},{"@type":"ImageObject","inLanguage":"en-US","@id":"https:\/\/teslafm.net\/ibidem-12\/#primaryimage","url":"https:\/\/teslafm.net\/wp-content\/uploads\/2021\/05\/Hems.png","contentUrl":"https:\/\/teslafm.net\/wp-content\/uploads\/2021\/05\/Hems.png"},{"@type":"BreadcrumbList","@id":"https:\/\/teslafm.net\/ibidem-12\/#breadcrumb","itemListElement":[{"@type":"ListItem","position":1,"name":"Portada","item":"https:\/\/teslafm.net\/"},{"@type":"ListItem","position":2,"name":"Ibidem #12"}]},{"@type":"WebSite","@id":"https:\/\/teslafm.net\/#website","url":"https:\/\/teslafm.net\/","name":"TeslaFM","description":"An experimental and creative radio","publisher":{"@id":"https:\/\/teslafm.net\/#organization"},"potentialAction":[{"@type":"SearchAction","target":{"@type":"EntryPoint","urlTemplate":"https:\/\/teslafm.net\/?s={search_term_string}"},"query-input":{"@type":"PropertyValueSpecification","valueRequired":true,"valueName":"search_term_string"}}],"inLanguage":"en-US"},{"@type":"Organization","@id":"https:\/\/teslafm.net\/#organization","name":"TeslaFM","url":"https:\/\/teslafm.net\/","logo":{"@type":"ImageObject","inLanguage":"en-US","@id":"https:\/\/teslafm.net\/#\/schema\/logo\/image\/","url":"https:\/\/teslafm.net\/wp-content\/uploads\/2020\/06\/logo-tesla.png","contentUrl":"https:\/\/teslafm.net\/wp-content\/uploads\/2020\/06\/logo-tesla.png","width":512,"height":512,"caption":"TeslaFM"},"image":{"@id":"https:\/\/teslafm.net\/#\/schema\/logo\/image\/"},"sameAs":["https:\/\/www.facebook.com\/teslafm.net","https:\/\/x.com\/teslafm"]}]}},"rttpg_featured_image_url":null,"rttpg_author":{"display_name":"Ishak","author_link":"https:\/\/teslafm.net\/en\/author\/cravan\/"},"rttpg_comment":0,"rttpg_category":null,"rttpg_excerpt":"Ibidem #12 4 de Mayo 2021 Hems es el productor y coleccionista de discos de Londres, conocido por su intrincada selecci\u00f3n de visi\u00f3n de futuro que muestra su amor por el dise\u00f1o de sonido y la escucha inmersible. soundcloud.com\/hems","_links":{"self":[{"href":"https:\/\/teslafm.net\/en\/wp-json\/wp\/v2\/pages\/57942","targetHints":{"allow":["GET"]}}],"collection":[{"href":"https:\/\/teslafm.net\/en\/wp-json\/wp\/v2\/pages"}],"about":[{"href":"https:\/\/teslafm.net\/en\/wp-json\/wp\/v2\/types\/page"}],"author":[{"embeddable":true,"href":"https:\/\/teslafm.net\/en\/wp-json\/wp\/v2\/users\/19"}],"replies":[{"embeddable":true,"href":"https:\/\/teslafm.net\/en\/wp-json\/wp\/v2\/comments?post=57942"}],"version-history":[{"count":2,"href":"https:\/\/teslafm.net\/en\/wp-json\/wp\/v2\/pages\/57942\/revisions"}],"predecessor-version":[{"id":57946,"href":"https:\/\/teslafm.net\/en\/wp-json\/wp\/v2\/pages\/57942\/revisions\/57946"}],"wp:attachment":[{"href":"https:\/\/teslafm.net\/en\/wp-json\/wp\/v2\/media?parent=57942"}],"curies":[{"name":"wp","href":"https:\/\/api.w.org\/{rel}","templated":true}]}}