

{"id":58236,"date":"2021-06-08T19:40:42","date_gmt":"2021-06-08T17:40:42","guid":{"rendered":"https:\/\/teslafm.net\/?page_id=58236"},"modified":"2021-06-08T21:01:33","modified_gmt":"2021-06-08T19:01:33","slug":"ananke-30","status":"publish","type":"page","link":"https:\/\/teslafm.net\/en\/ananke-30\/","title":{"rendered":"Anank\u00e9 #30"},"content":{"rendered":"<h2><span style=\"color: #ffffff;\"><strong>Anak\u00e9 Chapter XXX<\/strong><\/span><\/h2>\n<p><span style=\"color: #808080;\"><em>June 2021<\/em><\/span><\/p>\n<p><iframe src=\"https:\/\/www.mixcloud.com\/widget\/iframe\/?hide_cover=1&amp;feed=%2FTeslafm_net%2Fanank%C3%A9-30-jaco%2F\" width=\"100%\" height=\"120\" frameborder=\"0\"><\/iframe><\/p>\n<p><span style=\"color: #808080;\">01. <strong>Weyes Blood<\/strong> - Titanic Risen - Titanic Risen (Sub Pop, 2021)<\/span><br \/>\n<span style=\"color: #808080;\">02. <strong>David Axelrod<\/strong> - The Mental Traveler - Song of Innocence (Capitol, 1968\/2018)<\/span><br \/>\n<span style=\"color: #808080;\">03. <strong>Jean-Claude Vannier<\/strong> - L'enfant au royaume des mouches - L'enfant assassin des mouches (Suzelle, 1972\/Finders Keepers, 2005)<\/span><br \/>\n<span style=\"color: #808080;\">04. <strong>Fran\u00e7ois de Roubaix<\/strong> - Love on the Rails - Daughters of Darkness (Les l\u00e8vres rouges) (Music On Vinyl, 2018).<\/span><br \/>\n<span style=\"color: #808080;\">05. <strong>Fran\u00e7ois de Roubaix<\/strong> - Countess Bathory (Halo) - Daughters of Darkness (Les l\u00e8vres rouges) (Music On Vinyl, 2018).<\/span><br \/>\n<span style=\"color: #808080;\">06. <strong>Stereolab<\/strong> - Space Moth - Sound-Dust (Duophonic, 2001\/Warp, 2019)<\/span><br \/>\n<span style=\"color: #808080;\">07. <strong>Gregorio Paniagua<\/strong> - Dragon - Batiscafo (Hispavox, 1980\/Munster, 2020)<\/span><br \/>\n<span style=\"color: #808080;\">08. <strong>Luis Pastor<\/strong> - Strange was the factory - Fidelity (Movieplay, 1975)<\/span><br \/>\n<span style=\"color: #808080;\">09. <strong>Finis Africae<\/strong> - Zoo Zulu - Finis Africae (Accidental Recordings - Endless Music, 1985)<\/span><br \/>\n<span style=\"color: #808080;\">10. <strong>Prato Green<\/strong> - Amaren Kanta - Kondaira eder hura (PlanB Music - Lago\/Cr\u00e1ter, 2021)<\/span><br \/>\n<span style=\"color: #808080;\">11. <strong>Richard Dawson<\/strong> - Masseuse - Peasant (Weird World, 2017)<\/span><br \/>\n<span style=\"color: #808080;\">12. <strong>Mary Hopkin<\/strong> - Earth Song - Earth Song \/ Ocean Song (Apple Records, 1971\/2010)<\/span><br \/>\n<span style=\"color: #808080;\">13. <strong>Susan Christie<\/strong> - Rainy Day - Paint A Lady (Finders Keepers, 2006\/2019)<\/span><br \/>\n<span style=\"color: #808080;\">14. <strong>Willie Dunn<\/strong> - Peruvian Drean (Part 1) - Creation Never Sleeps, Creation Never Dies: The Willie Dunn Anthology (Light In The Attic, 2021)<\/span><br \/>\n<span style=\"color: #808080;\">15. <strong>Buffy Sainte-Marie<\/strong> - Poppies - Illuminations (Vanguard, 1969)<\/span><br \/>\n<span style=\"color: #808080;\">16. <strong>Robert Wyatt<\/strong> - Song For Che - Ruth Is Stranger Than Richard (Virgin, 1975)<\/span><br \/>\n<span style=\"color: #808080;\">17. <strong>Dennis Wilson<\/strong> - Mexico - Pacific Ocean Blue (Caribou Records, 1977\/2008)<\/span><\/p>","protected":false},"excerpt":{"rendered":"<p>Anak\u00e9 Cap\u00edtulo XXX Junio 2021 01. Weyes Blood &#8211; Titanic Risen &#8211; Titanic Risen (Sub Pop, 2021) 02. David Axelrod &#8211; The Mental Traveler &#8211; Song of Innocence (Capitol, 1968\/2018) 03. Jean-Claude Vannier &#8211; L&#8217;enfant au royaume des mouches &#8211; L&#8217;enfant assassin des mouches (Suzelle, 1972\/Finders Keepers, 2005) 04. Fran\u00e7ois de Roubaix &#8211; Love on [&hellip;]<\/p>\n","protected":false},"author":19,"featured_media":0,"parent":0,"menu_order":0,"comment_status":"closed","ping_status":"closed","template":"","meta":{"footnotes":""},"class_list":["post-58236","page","type-page","status-publish","hentry"],"yoast_head":"<!-- This site is optimized with the Yoast SEO plugin v27.4 - https:\/\/yoast.com\/product\/yoast-seo-wordpress\/ -->\n<title>Anank\u00e9 #30 -<\/title>\n<meta name=\"robots\" content=\"index, follow, max-snippet:-1, max-image-preview:large, max-video-preview:-1\" \/>\n<link rel=\"canonical\" href=\"https:\/\/teslafm.net\/en\/ananke-30\/\" \/>\n<meta property=\"og:locale\" content=\"en_US\" \/>\n<meta property=\"og:type\" content=\"article\" \/>\n<meta property=\"og:title\" content=\"Anank\u00e9 #30 -\" \/>\n<meta property=\"og:description\" content=\"Anak\u00e9 Cap\u00edtulo XXX Junio 2021 01. Weyes Blood &#8211; Titanic Risen &#8211; Titanic Risen (Sub Pop, 2021) 02. David Axelrod &#8211; The Mental Traveler &#8211; Song of Innocence (Capitol, 1968\/2018) 03. Jean-Claude Vannier &#8211; L&#8217;enfant au royaume des mouches &#8211; L&#8217;enfant assassin des mouches (Suzelle, 1972\/Finders Keepers, 2005) 04. Fran\u00e7ois de Roubaix &#8211; Love on [&hellip;]\" \/>\n<meta property=\"og:url\" content=\"https:\/\/teslafm.net\/en\/ananke-30\/\" \/>\n<meta property=\"article:publisher\" content=\"https:\/\/www.facebook.com\/teslafm.net\" \/>\n<meta property=\"article:modified_time\" content=\"2021-06-08T19:01:33+00:00\" \/>\n<meta property=\"og:image\" content=\"https:\/\/teslafm.net\/wp-content\/uploads\/2022\/09\/header-image-4-temp.png\" \/>\n\t<meta property=\"og:image:width\" content=\"1274\" \/>\n\t<meta property=\"og:image:height\" content=\"818\" \/>\n\t<meta property=\"og:image:type\" content=\"image\/png\" \/>\n<meta name=\"twitter:card\" content=\"summary_large_image\" \/>\n<meta name=\"twitter:site\" content=\"@teslafm\" \/>\n<meta name=\"twitter:label1\" content=\"Est. reading time\" \/>\n\t<meta name=\"twitter:data1\" content=\"1 minute\" \/>\n<script type=\"application\/ld+json\" class=\"yoast-schema-graph\">{\"@context\":\"https:\\\/\\\/schema.org\",\"@graph\":[{\"@type\":\"WebPage\",\"@id\":\"https:\\\/\\\/teslafm.net\\\/ananke-30\\\/\",\"url\":\"https:\\\/\\\/teslafm.net\\\/ananke-30\\\/\",\"name\":\"Anank\u00e9 #30 -\",\"isPartOf\":{\"@id\":\"https:\\\/\\\/teslafm.net\\\/#website\"},\"datePublished\":\"2021-06-08T17:40:42+00:00\",\"dateModified\":\"2021-06-08T19:01:33+00:00\",\"breadcrumb\":{\"@id\":\"https:\\\/\\\/teslafm.net\\\/ananke-30\\\/#breadcrumb\"},\"inLanguage\":\"en-US\",\"potentialAction\":[{\"@type\":\"ReadAction\",\"target\":[\"https:\\\/\\\/teslafm.net\\\/ananke-30\\\/\"]}]},{\"@type\":\"BreadcrumbList\",\"@id\":\"https:\\\/\\\/teslafm.net\\\/ananke-30\\\/#breadcrumb\",\"itemListElement\":[{\"@type\":\"ListItem\",\"position\":1,\"name\":\"Portada\",\"item\":\"https:\\\/\\\/teslafm.net\\\/\"},{\"@type\":\"ListItem\",\"position\":2,\"name\":\"Anank\u00e9 #30\"}]},{\"@type\":\"WebSite\",\"@id\":\"https:\\\/\\\/teslafm.net\\\/#website\",\"url\":\"https:\\\/\\\/teslafm.net\\\/\",\"name\":\"TeslaFM\",\"description\":\"An experimental and creative radio\",\"publisher\":{\"@id\":\"https:\\\/\\\/teslafm.net\\\/#organization\"},\"potentialAction\":[{\"@type\":\"SearchAction\",\"target\":{\"@type\":\"EntryPoint\",\"urlTemplate\":\"https:\\\/\\\/teslafm.net\\\/?s={search_term_string}\"},\"query-input\":{\"@type\":\"PropertyValueSpecification\",\"valueRequired\":true,\"valueName\":\"search_term_string\"}}],\"inLanguage\":\"en-US\"},{\"@type\":\"Organization\",\"@id\":\"https:\\\/\\\/teslafm.net\\\/#organization\",\"name\":\"TeslaFM\",\"url\":\"https:\\\/\\\/teslafm.net\\\/\",\"logo\":{\"@type\":\"ImageObject\",\"inLanguage\":\"en-US\",\"@id\":\"https:\\\/\\\/teslafm.net\\\/#\\\/schema\\\/logo\\\/image\\\/\",\"url\":\"https:\\\/\\\/teslafm.net\\\/wp-content\\\/uploads\\\/2020\\\/06\\\/logo-tesla.png\",\"contentUrl\":\"https:\\\/\\\/teslafm.net\\\/wp-content\\\/uploads\\\/2020\\\/06\\\/logo-tesla.png\",\"width\":512,\"height\":512,\"caption\":\"TeslaFM\"},\"image\":{\"@id\":\"https:\\\/\\\/teslafm.net\\\/#\\\/schema\\\/logo\\\/image\\\/\"},\"sameAs\":[\"https:\\\/\\\/www.facebook.com\\\/teslafm.net\",\"https:\\\/\\\/x.com\\\/teslafm\"]}]}<\/script>\n<!-- \/ Yoast SEO plugin. -->","yoast_head_json":{"title":"Anank\u00e9 #30 -","robots":{"index":"index","follow":"follow","max-snippet":"max-snippet:-1","max-image-preview":"max-image-preview:large","max-video-preview":"max-video-preview:-1"},"canonical":"https:\/\/teslafm.net\/en\/ananke-30\/","og_locale":"en_US","og_type":"article","og_title":"Anank\u00e9 #30 -","og_description":"Anak\u00e9 Cap\u00edtulo XXX Junio 2021 01. Weyes Blood &#8211; Titanic Risen &#8211; Titanic Risen (Sub Pop, 2021) 02. David Axelrod &#8211; The Mental Traveler &#8211; Song of Innocence (Capitol, 1968\/2018) 03. Jean-Claude Vannier &#8211; L&#8217;enfant au royaume des mouches &#8211; L&#8217;enfant assassin des mouches (Suzelle, 1972\/Finders Keepers, 2005) 04. Fran\u00e7ois de Roubaix &#8211; Love on [&hellip;]","og_url":"https:\/\/teslafm.net\/en\/ananke-30\/","article_publisher":"https:\/\/www.facebook.com\/teslafm.net","article_modified_time":"2021-06-08T19:01:33+00:00","og_image":[{"width":1274,"height":818,"url":"https:\/\/teslafm.net\/wp-content\/uploads\/2022\/09\/header-image-4-temp.png","type":"image\/png"}],"twitter_card":"summary_large_image","twitter_site":"@teslafm","twitter_misc":{"Est. reading time":"1 minute"},"schema":{"@context":"https:\/\/schema.org","@graph":[{"@type":"WebPage","@id":"https:\/\/teslafm.net\/ananke-30\/","url":"https:\/\/teslafm.net\/ananke-30\/","name":"Anank\u00e9 #30 -","isPartOf":{"@id":"https:\/\/teslafm.net\/#website"},"datePublished":"2021-06-08T17:40:42+00:00","dateModified":"2021-06-08T19:01:33+00:00","breadcrumb":{"@id":"https:\/\/teslafm.net\/ananke-30\/#breadcrumb"},"inLanguage":"en-US","potentialAction":[{"@type":"ReadAction","target":["https:\/\/teslafm.net\/ananke-30\/"]}]},{"@type":"BreadcrumbList","@id":"https:\/\/teslafm.net\/ananke-30\/#breadcrumb","itemListElement":[{"@type":"ListItem","position":1,"name":"Portada","item":"https:\/\/teslafm.net\/"},{"@type":"ListItem","position":2,"name":"Anank\u00e9 #30"}]},{"@type":"WebSite","@id":"https:\/\/teslafm.net\/#website","url":"https:\/\/teslafm.net\/","name":"TeslaFM","description":"An experimental and creative radio","publisher":{"@id":"https:\/\/teslafm.net\/#organization"},"potentialAction":[{"@type":"SearchAction","target":{"@type":"EntryPoint","urlTemplate":"https:\/\/teslafm.net\/?s={search_term_string}"},"query-input":{"@type":"PropertyValueSpecification","valueRequired":true,"valueName":"search_term_string"}}],"inLanguage":"en-US"},{"@type":"Organization","@id":"https:\/\/teslafm.net\/#organization","name":"TeslaFM","url":"https:\/\/teslafm.net\/","logo":{"@type":"ImageObject","inLanguage":"en-US","@id":"https:\/\/teslafm.net\/#\/schema\/logo\/image\/","url":"https:\/\/teslafm.net\/wp-content\/uploads\/2020\/06\/logo-tesla.png","contentUrl":"https:\/\/teslafm.net\/wp-content\/uploads\/2020\/06\/logo-tesla.png","width":512,"height":512,"caption":"TeslaFM"},"image":{"@id":"https:\/\/teslafm.net\/#\/schema\/logo\/image\/"},"sameAs":["https:\/\/www.facebook.com\/teslafm.net","https:\/\/x.com\/teslafm"]}]}},"rttpg_featured_image_url":null,"rttpg_author":{"display_name":"Ishak","author_link":"https:\/\/teslafm.net\/en\/author\/cravan\/"},"rttpg_comment":0,"rttpg_category":null,"rttpg_excerpt":"Anak\u00e9 Cap\u00edtulo XXX Junio 2021 01. Weyes Blood &#8211; Titanic Risen &#8211; Titanic Risen (Sub Pop, 2021) 02. David Axelrod &#8211; The Mental Traveler &#8211; Song of Innocence (Capitol, 1968\/2018) 03. Jean-Claude Vannier &#8211; L&#8217;enfant au royaume des mouches &#8211; L&#8217;enfant assassin des mouches (Suzelle, 1972\/Finders Keepers, 2005) 04. Fran\u00e7ois de Roubaix &#8211; Love on&hellip;","_links":{"self":[{"href":"https:\/\/teslafm.net\/en\/wp-json\/wp\/v2\/pages\/58236","targetHints":{"allow":["GET"]}}],"collection":[{"href":"https:\/\/teslafm.net\/en\/wp-json\/wp\/v2\/pages"}],"about":[{"href":"https:\/\/teslafm.net\/en\/wp-json\/wp\/v2\/types\/page"}],"author":[{"embeddable":true,"href":"https:\/\/teslafm.net\/en\/wp-json\/wp\/v2\/users\/19"}],"replies":[{"embeddable":true,"href":"https:\/\/teslafm.net\/en\/wp-json\/wp\/v2\/comments?post=58236"}],"version-history":[{"count":3,"href":"https:\/\/teslafm.net\/en\/wp-json\/wp\/v2\/pages\/58236\/revisions"}],"predecessor-version":[{"id":58240,"href":"https:\/\/teslafm.net\/en\/wp-json\/wp\/v2\/pages\/58236\/revisions\/58240"}],"wp:attachment":[{"href":"https:\/\/teslafm.net\/en\/wp-json\/wp\/v2\/media?parent=58236"}],"curies":[{"name":"wp","href":"https:\/\/api.w.org\/{rel}","templated":true}]}}