

{"id":58244,"date":"2021-06-09T19:01:03","date_gmt":"2021-06-09T17:01:03","guid":{"rendered":"https:\/\/teslafm.net\/?page_id=58244"},"modified":"2021-06-09T19:15:00","modified_gmt":"2021-06-09T17:15:00","slug":"teoria-incertidumbre-24","status":"publish","type":"page","link":"https:\/\/teslafm.net\/en\/teoria-incertidumbre-24\/","title":{"rendered":"Uncertainty Theory #24"},"content":{"rendered":"<div data-elementor-type=\"wp-page\" data-elementor-id=\"58244\" class=\"elementor elementor-58244\">\n\t\t\t\t\t\t<section class=\"elementor-section elementor-top-section elementor-element elementor-element-645e6e0c elementor-section-boxed elementor-section-height-default elementor-section-height-default\" data-id=\"645e6e0c\" data-element_type=\"section\" data-e-type=\"section\">\n\t\t\t\t\t\t<div class=\"elementor-container elementor-column-gap-default\">\n\t\t\t\t\t<div class=\"elementor-column elementor-col-100 elementor-top-column elementor-element elementor-element-25841f64\" data-id=\"25841f64\" data-element_type=\"column\" data-e-type=\"column\">\n\t\t\t<div class=\"elementor-widget-wrap elementor-element-populated\">\n\t\t\t\t\t\t<div class=\"elementor-element elementor-element-6f98d3b3 elementor-widget elementor-widget-text-editor\" data-id=\"6f98d3b3\" data-element_type=\"widget\" data-e-type=\"widget\" data-widget_type=\"text-editor.default\">\n\t\t\t\t<div class=\"elementor-widget-container\">\n\t\t\t\t\t\t\t\t\t<h2><span style=\"color: #ffffff;\"><strong>Uncertainty Theory #24<\/strong><\/span><\/h2><p><iframe src=\"https:\/\/www.mixcloud.com\/widget\/iframe\/?hide_cover=1&amp;feed=%2FTeslafm_net%2Fteor%C3%ADa-incertidumbre-24-andrea-bravo%2F\" width=\"100%\" height=\"120\" frameborder=\"0\"><\/iframe><\/p><p><span style=\"color: #808080;\">Audio:<\/span><\/p><p><span style=\"color: #808080;\">-<strong>Portishead<\/strong> - Threads (track 11 of the album Third)<\/span><\/p><p><span style=\"color: #808080;\">The practice of <em>Deep Listening<\/em> from <strong>Pauline Oliveros<\/strong><\/span><\/p><p><img fetchpriority=\"high\" decoding=\"async\" class=\"alignnone size-full wp-image-58248\" src=\"https:\/\/teslafm.net\/wp-content\/uploads\/2021\/06\/Deep-Listening_Paulina.jpg\" alt=\"\" width=\"1000\" height=\"666\" srcset=\"https:\/\/teslafm.net\/wp-content\/uploads\/2021\/06\/Deep-Listening_Paulina.jpg 1000w, https:\/\/teslafm.net\/wp-content\/uploads\/2021\/06\/Deep-Listening_Paulina-300x200.jpg 300w, https:\/\/teslafm.net\/wp-content\/uploads\/2021\/06\/Deep-Listening_Paulina-768x511.jpg 768w\" sizes=\"(max-width: 1000px) 100vw, 1000px\" \/><\/p><p><span style=\"color: #808080;\">Script of a DL class<\/span><\/p><p><span style=\"color: #808080;\">About a group of people with a monitor<\/span><\/p><p><span style=\"color: #808080;\">First hour<\/span><br \/><span style=\"color: #808080;\">-Gathering in a circle<\/span><br \/><span style=\"color: #808080;\">-Questions or comments in the circle<\/span><br \/><span style=\"color: #808080;\">-Standing. Exercising body energy<\/span><br \/><span style=\"color: #808080;\">-Respiratory impairment<\/span><br \/><span style=\"color: #808080;\">-Correction of body posture<\/span><\/p><p><span style=\"color: #808080;\">Second hour<\/span><br \/><span style=\"color: #808080;\">-Meditative listening (with a free theme for meditation)<\/span><br \/><span style=\"color: #808080;\">-Writing a diary (reflecting on meditation experiences)<\/span><br \/><span style=\"color: #808080;\">-Slow Walk (with a free theme for the walk)<\/span><br \/><span style=\"color: #808080;\">-Discussion with the partner with whom the hike was conducted<\/span><br \/><span style=\"color: #808080;\">-Interpretation of sound pieces<\/span><\/p><p><span style=\"color: #808080;\">Half-hour break<\/span><\/p><p><span style=\"color: #808080;\">Third hour<\/span><br \/><span style=\"color: #808080;\">Circle of rhythm<\/span><\/p><p><span style=\"color: #808080;\">Last half hour<\/span><br \/><span style=\"color: #808080;\">Sharing dreams or improvisation<\/span><\/p><p><a href=\"https:\/\/www.edictoralia.com\/deep-listening-una-practica-para-la-composicion-sonora-de-pauline-oliveros\/\" target=\"_blank\" rel=\"noopener\">https:\/\/www.edictoralia.com\/deep-listening-una-practica-para-la-composicion-sonora-de-pauline-oliveros\/<\/a><\/p>\t\t\t\t\t\t\t\t<\/div>\n\t\t\t\t<\/div>\n\t\t\t\t\t<\/div>\n\t\t<\/div>\n\t\t\t\t\t<\/div>\n\t\t<\/section>\n\t\t\t\t<section class=\"elementor-section elementor-top-section elementor-element elementor-element-3d696f5 elementor-section-boxed elementor-section-height-default elementor-section-height-default\" data-id=\"3d696f5\" data-element_type=\"section\" data-e-type=\"section\">\n\t\t\t\t\t\t<div class=\"elementor-container elementor-column-gap-default\">\n\t\t\t\t\t<div class=\"elementor-column elementor-col-50 elementor-top-column elementor-element elementor-element-d0668db\" data-id=\"d0668db\" data-element_type=\"column\" data-e-type=\"column\">\n\t\t\t<div class=\"elementor-widget-wrap elementor-element-populated\">\n\t\t\t\t\t\t<div class=\"elementor-element elementor-element-98072e7 elementor-widget elementor-widget-text-editor\" data-id=\"98072e7\" data-element_type=\"widget\" data-e-type=\"widget\" data-widget_type=\"text-editor.default\">\n\t\t\t\t<div class=\"elementor-widget-container\">\n\t\t\t\t\t\t\t\t\t<p><span style=\"color: #808080;\">Letter of <em>Threads<\/em> from <strong>Portishead<\/strong><\/span><\/p><p><span style=\"color: #808080;\">Better if I could find the words to say<\/span><br \/><span style=\"color: #808080;\">Whenever I take a choice it turns away<\/span><\/p><p><span style=\"color: #808080;\">I'm worn, tired of my mind<\/span><br \/><span style=\"color: #808080;\">I'm worn out, thinking of why<\/span><br \/><span style=\"color: #808080;\">I'm always so unsure<\/span><\/p><p><span style=\"color: #808080;\">I battle my thoughts I find I can't explain<\/span><br \/><span style=\"color: #808080;\">I've traveled so far but somehow feel the same<\/span><\/p><p><span style=\"color: #808080;\">I'm worn, tired of my mind<\/span><br \/><span style=\"color: #808080;\">I'm worn out, thinking of why<\/span><br \/><span style=\"color: #808080;\">I'm always so unsure<\/span><br \/><span style=\"color: #808080;\">I'm always so unsure<\/span><\/p><p><span style=\"color: #808080;\">I'm worn, tired of my mind<\/span><br \/><span style=\"color: #808080;\">I'm worn out, thinking of why<\/span><br \/><span style=\"color: #808080;\">I'm always so unsure<\/span><br \/><span style=\"color: #808080;\">I'm always so unsure<\/span><\/p><p><span style=\"color: #808080;\">I'm always so unsure<\/span><br \/><span style=\"color: #808080;\">I'm always so unsure<\/span><br \/><span style=\"color: #808080;\">I'm always so unsure<\/span><br \/><span style=\"color: #808080;\">I'm always so unsure<\/span><\/p><p><span style=\"color: #808080;\">I am alive when I sleep<\/span><br \/><span style=\"color: #808080;\">Why am I not in all that I got?<\/span><br \/><span style=\"color: #808080;\">I can't find no one to blame<\/span><\/p><p><span style=\"color: #808080;\">Stand, stand, damned one<\/span><br \/><span style=\"color: #808080;\">Damned one<\/span><br \/><span style=\"color: #808080;\">Damned one<\/span><br \/><span style=\"color: #808080;\">Damned one<\/span><\/p><p><span style=\"color: #808080;\">I am one<\/span><br \/><span style=\"color: #808080;\">Damned<\/span><br \/><span style=\"color: #808080;\">One<\/span><\/p><p><span style=\"color: #808080;\">Where do I go?<\/span><\/p>\t\t\t\t\t\t\t\t<\/div>\n\t\t\t\t<\/div>\n\t\t\t\t\t<\/div>\n\t\t<\/div>\n\t\t\t\t<div class=\"elementor-column elementor-col-50 elementor-top-column elementor-element elementor-element-4b2a7bb\" data-id=\"4b2a7bb\" data-element_type=\"column\" data-e-type=\"column\">\n\t\t\t<div class=\"elementor-widget-wrap elementor-element-populated\">\n\t\t\t\t\t\t<div class=\"elementor-element elementor-element-2bd9247 elementor-widget elementor-widget-spacer\" data-id=\"2bd9247\" data-element_type=\"widget\" data-e-type=\"widget\" data-widget_type=\"spacer.default\">\n\t\t\t\t<div class=\"elementor-widget-container\">\n\t\t\t\t\t\t\t<div class=\"elementor-spacer\">\n\t\t\t<div class=\"elementor-spacer-inner\"><\/div>\n\t\t<\/div>\n\t\t\t\t\t\t<\/div>\n\t\t\t\t<\/div>\n\t\t\t\t<div class=\"elementor-element elementor-element-fc3d5af elementor-widget elementor-widget-image\" data-id=\"fc3d5af\" data-element_type=\"widget\" data-e-type=\"widget\" data-widget_type=\"image.default\">\n\t\t\t\t<div class=\"elementor-widget-container\">\n\t\t\t\t\t\t\t\t\t\t\t\t\t\t\t<img decoding=\"async\" width=\"185\" height=\"272\" src=\"https:\/\/teslafm.net\/wp-content\/uploads\/2021\/06\/descarga.jpg\" class=\"attachment-large size-large wp-image-58253\" alt=\"\" \/>\t\t\t\t\t\t\t\t\t\t\t\t\t\t\t<\/div>\n\t\t\t\t<\/div>\n\t\t\t\t<div class=\"elementor-element elementor-element-2f3856e elementor-widget elementor-widget-spacer\" data-id=\"2f3856e\" data-element_type=\"widget\" data-e-type=\"widget\" data-widget_type=\"spacer.default\">\n\t\t\t\t<div class=\"elementor-widget-container\">\n\t\t\t\t\t\t\t<div class=\"elementor-spacer\">\n\t\t\t<div class=\"elementor-spacer-inner\"><\/div>\n\t\t<\/div>\n\t\t\t\t\t\t<\/div>\n\t\t\t\t<\/div>\n\t\t\t\t<div class=\"elementor-element elementor-element-6da2726 elementor-widget elementor-widget-image\" data-id=\"6da2726\" data-element_type=\"widget\" data-e-type=\"widget\" data-widget_type=\"image.default\">\n\t\t\t\t<div class=\"elementor-widget-container\">\n\t\t\t\t\t\t\t\t\t\t\t\t\t\t\t<img decoding=\"async\" width=\"900\" height=\"884\" src=\"https:\/\/teslafm.net\/wp-content\/uploads\/2021\/06\/tumblr_p5zrl1j4uJ1qc5xeco1_1280.jpg\" class=\"attachment-large size-large wp-image-58250\" alt=\"\" srcset=\"https:\/\/teslafm.net\/wp-content\/uploads\/2021\/06\/tumblr_p5zrl1j4uJ1qc5xeco1_1280.jpg 900w, https:\/\/teslafm.net\/wp-content\/uploads\/2021\/06\/tumblr_p5zrl1j4uJ1qc5xeco1_1280-300x295.jpg 300w, https:\/\/teslafm.net\/wp-content\/uploads\/2021\/06\/tumblr_p5zrl1j4uJ1qc5xeco1_1280-768x754.jpg 768w\" sizes=\"(max-width: 900px) 100vw, 900px\" \/>\t\t\t\t\t\t\t\t\t\t\t\t\t\t\t<\/div>\n\t\t\t\t<\/div>\n\t\t\t\t\t<\/div>\n\t\t<\/div>\n\t\t\t\t\t<\/div>\n\t\t<\/section>\n\t\t\t\t<\/div>","protected":false},"excerpt":{"rendered":"<p>Teor\u00eda Incertidumbre #24 Audio: &#8211;Portishead \u2013 Threads (track 11 del disco Third) La pr\u00e1ctica del Deep Listening de Pauline Oliveros Guion de una clase de DL Sobre un grupo de personas con un monitor Primera hora-Reuni\u00f3n en c\u00edrculo-Preguntas o comentarios en el c\u00edrculo-En pie. Ejercitaci\u00f3n de la energ\u00eda corporal-Improvisaci\u00f3n respiratoria-Correcci\u00f3n de la postura corporal Segunda [&hellip;]<\/p>\n","protected":false},"author":19,"featured_media":0,"parent":0,"menu_order":0,"comment_status":"closed","ping_status":"closed","template":"","meta":{"footnotes":""},"class_list":["post-58244","page","type-page","status-publish","hentry"],"yoast_head":"<!-- This site is optimized with the Yoast SEO plugin v27.4 - https:\/\/yoast.com\/product\/yoast-seo-wordpress\/ -->\n<title>Teor\u00eda Incertidumbre #24 -<\/title>\n<meta name=\"robots\" content=\"index, follow, max-snippet:-1, max-image-preview:large, max-video-preview:-1\" \/>\n<link rel=\"canonical\" href=\"https:\/\/teslafm.net\/en\/teoria-incertidumbre-24\/\" \/>\n<meta property=\"og:locale\" content=\"en_US\" \/>\n<meta property=\"og:type\" content=\"article\" \/>\n<meta property=\"og:title\" content=\"Teor\u00eda Incertidumbre #24 -\" \/>\n<meta property=\"og:description\" content=\"Teor\u00eda Incertidumbre #24 Audio: &#8211;Portishead \u2013 Threads (track 11 del disco Third) La pr\u00e1ctica del Deep Listening de Pauline Oliveros Guion de una clase de DL Sobre un grupo de personas con un monitor Primera hora-Reuni\u00f3n en c\u00edrculo-Preguntas o comentarios en el c\u00edrculo-En pie. Ejercitaci\u00f3n de la energ\u00eda corporal-Improvisaci\u00f3n respiratoria-Correcci\u00f3n de la postura corporal Segunda [&hellip;]\" \/>\n<meta property=\"og:url\" content=\"https:\/\/teslafm.net\/en\/teoria-incertidumbre-24\/\" \/>\n<meta property=\"article:publisher\" content=\"https:\/\/www.facebook.com\/teslafm.net\" \/>\n<meta property=\"article:modified_time\" content=\"2021-06-09T17:15:00+00:00\" \/>\n<meta property=\"og:image\" content=\"https:\/\/teslafm.net\/wp-content\/uploads\/2021\/06\/Deep-Listening_Paulina.jpg\" \/>\n<meta name=\"twitter:card\" content=\"summary_large_image\" \/>\n<meta name=\"twitter:site\" content=\"@teslafm\" \/>\n<meta name=\"twitter:label1\" content=\"Est. reading time\" \/>\n\t<meta name=\"twitter:data1\" content=\"2 minutes\" \/>\n<script type=\"application\/ld+json\" class=\"yoast-schema-graph\">{\"@context\":\"https:\\\/\\\/schema.org\",\"@graph\":[{\"@type\":\"WebPage\",\"@id\":\"https:\\\/\\\/teslafm.net\\\/teoria-incertidumbre-24\\\/\",\"url\":\"https:\\\/\\\/teslafm.net\\\/teoria-incertidumbre-24\\\/\",\"name\":\"Teor\u00eda Incertidumbre #24 -\",\"isPartOf\":{\"@id\":\"https:\\\/\\\/teslafm.net\\\/#website\"},\"primaryImageOfPage\":{\"@id\":\"https:\\\/\\\/teslafm.net\\\/teoria-incertidumbre-24\\\/#primaryimage\"},\"image\":{\"@id\":\"https:\\\/\\\/teslafm.net\\\/teoria-incertidumbre-24\\\/#primaryimage\"},\"thumbnailUrl\":\"https:\\\/\\\/teslafm.net\\\/wp-content\\\/uploads\\\/2021\\\/06\\\/Deep-Listening_Paulina.jpg\",\"datePublished\":\"2021-06-09T17:01:03+00:00\",\"dateModified\":\"2021-06-09T17:15:00+00:00\",\"breadcrumb\":{\"@id\":\"https:\\\/\\\/teslafm.net\\\/teoria-incertidumbre-24\\\/#breadcrumb\"},\"inLanguage\":\"en-US\",\"potentialAction\":[{\"@type\":\"ReadAction\",\"target\":[\"https:\\\/\\\/teslafm.net\\\/teoria-incertidumbre-24\\\/\"]}]},{\"@type\":\"ImageObject\",\"inLanguage\":\"en-US\",\"@id\":\"https:\\\/\\\/teslafm.net\\\/teoria-incertidumbre-24\\\/#primaryimage\",\"url\":\"https:\\\/\\\/teslafm.net\\\/wp-content\\\/uploads\\\/2021\\\/06\\\/Deep-Listening_Paulina.jpg\",\"contentUrl\":\"https:\\\/\\\/teslafm.net\\\/wp-content\\\/uploads\\\/2021\\\/06\\\/Deep-Listening_Paulina.jpg\"},{\"@type\":\"BreadcrumbList\",\"@id\":\"https:\\\/\\\/teslafm.net\\\/teoria-incertidumbre-24\\\/#breadcrumb\",\"itemListElement\":[{\"@type\":\"ListItem\",\"position\":1,\"name\":\"Portada\",\"item\":\"https:\\\/\\\/teslafm.net\\\/\"},{\"@type\":\"ListItem\",\"position\":2,\"name\":\"Teor\u00eda Incertidumbre #24\"}]},{\"@type\":\"WebSite\",\"@id\":\"https:\\\/\\\/teslafm.net\\\/#website\",\"url\":\"https:\\\/\\\/teslafm.net\\\/\",\"name\":\"TeslaFM\",\"description\":\"An experimental and creative radio\",\"publisher\":{\"@id\":\"https:\\\/\\\/teslafm.net\\\/#organization\"},\"potentialAction\":[{\"@type\":\"SearchAction\",\"target\":{\"@type\":\"EntryPoint\",\"urlTemplate\":\"https:\\\/\\\/teslafm.net\\\/?s={search_term_string}\"},\"query-input\":{\"@type\":\"PropertyValueSpecification\",\"valueRequired\":true,\"valueName\":\"search_term_string\"}}],\"inLanguage\":\"en-US\"},{\"@type\":\"Organization\",\"@id\":\"https:\\\/\\\/teslafm.net\\\/#organization\",\"name\":\"TeslaFM\",\"url\":\"https:\\\/\\\/teslafm.net\\\/\",\"logo\":{\"@type\":\"ImageObject\",\"inLanguage\":\"en-US\",\"@id\":\"https:\\\/\\\/teslafm.net\\\/#\\\/schema\\\/logo\\\/image\\\/\",\"url\":\"https:\\\/\\\/teslafm.net\\\/wp-content\\\/uploads\\\/2020\\\/06\\\/logo-tesla.png\",\"contentUrl\":\"https:\\\/\\\/teslafm.net\\\/wp-content\\\/uploads\\\/2020\\\/06\\\/logo-tesla.png\",\"width\":512,\"height\":512,\"caption\":\"TeslaFM\"},\"image\":{\"@id\":\"https:\\\/\\\/teslafm.net\\\/#\\\/schema\\\/logo\\\/image\\\/\"},\"sameAs\":[\"https:\\\/\\\/www.facebook.com\\\/teslafm.net\",\"https:\\\/\\\/x.com\\\/teslafm\"]}]}<\/script>\n<!-- \/ Yoast SEO plugin. -->","yoast_head_json":{"title":"Uncertainty Theory #24 - Uncertainty Theory #24 - Uncertainty Theory #24 -","robots":{"index":"index","follow":"follow","max-snippet":"max-snippet:-1","max-image-preview":"max-image-preview:large","max-video-preview":"max-video-preview:-1"},"canonical":"https:\/\/teslafm.net\/en\/teoria-incertidumbre-24\/","og_locale":"en_US","og_type":"article","og_title":"Teor\u00eda Incertidumbre #24 -","og_description":"Teor\u00eda Incertidumbre #24 Audio: &#8211;Portishead \u2013 Threads (track 11 del disco Third) La pr\u00e1ctica del Deep Listening de Pauline Oliveros Guion de una clase de DL Sobre un grupo de personas con un monitor Primera hora-Reuni\u00f3n en c\u00edrculo-Preguntas o comentarios en el c\u00edrculo-En pie. Ejercitaci\u00f3n de la energ\u00eda corporal-Improvisaci\u00f3n respiratoria-Correcci\u00f3n de la postura corporal Segunda [&hellip;]","og_url":"https:\/\/teslafm.net\/en\/teoria-incertidumbre-24\/","article_publisher":"https:\/\/www.facebook.com\/teslafm.net","article_modified_time":"2021-06-09T17:15:00+00:00","og_image":[{"url":"https:\/\/teslafm.net\/wp-content\/uploads\/2021\/06\/Deep-Listening_Paulina.jpg","type":"","width":"","height":""}],"twitter_card":"summary_large_image","twitter_site":"@teslafm","twitter_misc":{"Est. reading time":"2 minutes"},"schema":{"@context":"https:\/\/schema.org","@graph":[{"@type":"WebPage","@id":"https:\/\/teslafm.net\/teoria-incertidumbre-24\/","url":"https:\/\/teslafm.net\/teoria-incertidumbre-24\/","name":"Uncertainty Theory #24 - Uncertainty Theory #24 - Uncertainty Theory #24 -","isPartOf":{"@id":"https:\/\/teslafm.net\/#website"},"primaryImageOfPage":{"@id":"https:\/\/teslafm.net\/teoria-incertidumbre-24\/#primaryimage"},"image":{"@id":"https:\/\/teslafm.net\/teoria-incertidumbre-24\/#primaryimage"},"thumbnailUrl":"https:\/\/teslafm.net\/wp-content\/uploads\/2021\/06\/Deep-Listening_Paulina.jpg","datePublished":"2021-06-09T17:01:03+00:00","dateModified":"2021-06-09T17:15:00+00:00","breadcrumb":{"@id":"https:\/\/teslafm.net\/teoria-incertidumbre-24\/#breadcrumb"},"inLanguage":"en-US","potentialAction":[{"@type":"ReadAction","target":["https:\/\/teslafm.net\/teoria-incertidumbre-24\/"]}]},{"@type":"ImageObject","inLanguage":"en-US","@id":"https:\/\/teslafm.net\/teoria-incertidumbre-24\/#primaryimage","url":"https:\/\/teslafm.net\/wp-content\/uploads\/2021\/06\/Deep-Listening_Paulina.jpg","contentUrl":"https:\/\/teslafm.net\/wp-content\/uploads\/2021\/06\/Deep-Listening_Paulina.jpg"},{"@type":"BreadcrumbList","@id":"https:\/\/teslafm.net\/teoria-incertidumbre-24\/#breadcrumb","itemListElement":[{"@type":"ListItem","position":1,"name":"Portada","item":"https:\/\/teslafm.net\/"},{"@type":"ListItem","position":2,"name":"Teor\u00eda Incertidumbre #24"}]},{"@type":"WebSite","@id":"https:\/\/teslafm.net\/#website","url":"https:\/\/teslafm.net\/","name":"TeslaFM","description":"An experimental and creative radio","publisher":{"@id":"https:\/\/teslafm.net\/#organization"},"potentialAction":[{"@type":"SearchAction","target":{"@type":"EntryPoint","urlTemplate":"https:\/\/teslafm.net\/?s={search_term_string}"},"query-input":{"@type":"PropertyValueSpecification","valueRequired":true,"valueName":"search_term_string"}}],"inLanguage":"en-US"},{"@type":"Organization","@id":"https:\/\/teslafm.net\/#organization","name":"TeslaFM","url":"https:\/\/teslafm.net\/","logo":{"@type":"ImageObject","inLanguage":"en-US","@id":"https:\/\/teslafm.net\/#\/schema\/logo\/image\/","url":"https:\/\/teslafm.net\/wp-content\/uploads\/2020\/06\/logo-tesla.png","contentUrl":"https:\/\/teslafm.net\/wp-content\/uploads\/2020\/06\/logo-tesla.png","width":512,"height":512,"caption":"TeslaFM"},"image":{"@id":"https:\/\/teslafm.net\/#\/schema\/logo\/image\/"},"sameAs":["https:\/\/www.facebook.com\/teslafm.net","https:\/\/x.com\/teslafm"]}]}},"rttpg_featured_image_url":null,"rttpg_author":{"display_name":"Ishak","author_link":"https:\/\/teslafm.net\/en\/author\/cravan\/"},"rttpg_comment":0,"rttpg_category":null,"rttpg_excerpt":"Teor\u00eda Incertidumbre #24 Audio: &#8211;Portishead \u2013 Threads (track 11 del disco Third) La pr\u00e1ctica del Deep Listening de Pauline Oliveros Guion de una clase de DL Sobre un grupo de personas con un monitor Primera hora-Reuni\u00f3n en c\u00edrculo-Preguntas o comentarios en el c\u00edrculo-En pie. Ejercitaci\u00f3n de la energ\u00eda corporal-Improvisaci\u00f3n respiratoria-Correcci\u00f3n de la postura corporal Segunda&hellip;","_links":{"self":[{"href":"https:\/\/teslafm.net\/en\/wp-json\/wp\/v2\/pages\/58244","targetHints":{"allow":["GET"]}}],"collection":[{"href":"https:\/\/teslafm.net\/en\/wp-json\/wp\/v2\/pages"}],"about":[{"href":"https:\/\/teslafm.net\/en\/wp-json\/wp\/v2\/types\/page"}],"author":[{"embeddable":true,"href":"https:\/\/teslafm.net\/en\/wp-json\/wp\/v2\/users\/19"}],"replies":[{"embeddable":true,"href":"https:\/\/teslafm.net\/en\/wp-json\/wp\/v2\/comments?post=58244"}],"version-history":[{"count":6,"href":"https:\/\/teslafm.net\/en\/wp-json\/wp\/v2\/pages\/58244\/revisions"}],"predecessor-version":[{"id":58257,"href":"https:\/\/teslafm.net\/en\/wp-json\/wp\/v2\/pages\/58244\/revisions\/58257"}],"wp:attachment":[{"href":"https:\/\/teslafm.net\/en\/wp-json\/wp\/v2\/media?parent=58244"}],"curies":[{"name":"wp","href":"https:\/\/api.w.org\/{rel}","templated":true}]}}