

{"id":58281,"date":"2021-06-16T10:21:16","date_gmt":"2021-06-16T08:21:16","guid":{"rendered":"https:\/\/teslafm.net\/?page_id=58281"},"modified":"2021-06-16T10:21:16","modified_gmt":"2021-06-16T08:21:16","slug":"espace-plein-17","status":"publish","type":"page","link":"https:\/\/teslafm.net\/en\/espace-plein-17\/","title":{"rendered":"Espace Plein #17"},"content":{"rendered":"<h2><span style=\"color: #ffffff;\"><strong>Espace Plein #17<\/strong><\/span><\/h2>\n<p><span style=\"color: #808080;\"><em>June 2021<\/em><\/span><\/p>\n<p><iframe src=\"https:\/\/www.mixcloud.com\/widget\/iframe\/?hide_cover=1&amp;feed=%2FTeslafm_net%2Fespace-plein-17-%C3%BArsula-bravo%2F\" width=\"100%\" height=\"120\" frameborder=\"0\"><\/iframe><\/p>\n<p><img fetchpriority=\"high\" decoding=\"async\" class=\"alignnone size-full wp-image-58282\" src=\"https:\/\/teslafm.net\/wp-content\/uploads\/2021\/06\/espace-plein17.jpg\" alt=\"\" width=\"1000\" height=\"1000\" srcset=\"https:\/\/teslafm.net\/wp-content\/uploads\/2021\/06\/espace-plein17.jpg 1000w, https:\/\/teslafm.net\/wp-content\/uploads\/2021\/06\/espace-plein17-300x300.jpg 300w, https:\/\/teslafm.net\/wp-content\/uploads\/2021\/06\/espace-plein17-150x150.jpg 150w, https:\/\/teslafm.net\/wp-content\/uploads\/2021\/06\/espace-plein17-768x768.jpg 768w\" sizes=\"(max-width: 1000px) 100vw, 1000px\" \/><\/p>\n<p><span style=\"color: #808080;\"><strong>Talk Carlos Taibo<\/strong><\/span><\/p>\n<p><span style=\"color: #808080;\">Espace plein number 17, includes the lecture given by the pro <strong>Carlos Taibo<\/strong> in our huertano space <em>Kasa Blanka<\/em>. A journey through Spain emptied in analytical terms.<\/span><br \/>\n<a href=\"https:\/\/lamalatesta.net\/ensayo\/61276-iberia-vaciada.html\">https:\/\/lamalatesta.net\/ensayo\/61276-iberia-vaciada.html<\/a><\/p>\n<p><a href=\"https:\/\/ctxt.es\/es\/20191127\/Politica\/29578\/despoblacion-espa%C3%B1a-vacia-ine-mapa-jose-luis-marin.htm\">https:\/\/ctxt.es\/es\/20191127\/Politica\/29578\/despoblacion-espa%C3%B1a-vacia-ine-mapa-jose-luis-marin.htm<\/a><\/p>\n<p><a href=\"https:\/\/www.facebook.com\/kasablanka2\/\">https:\/\/www.facebook.com\/kasablanka2\/<\/a><\/p>\n<p>&nbsp;<\/p>","protected":false},"excerpt":{"rendered":"<p>Espace Plein #17 June 2021 Talk Carlos Taibo Espace plein number 17, collects the talk given by Carlos Taibo in our huertano space Kasa Blanka. A journey through the emptied Spain in analytical terms. https:\/\/lamalatesta.net\/ensayo\/61276-iberia-vaciada.html https:\/\/ctxt.es\/es\/20191127\/Politica\/29578\/despoblacion-espaa-vacia-ine-mapa-jose-luis-marin.htm https:\/\/www.facebook.com\/kasablanka2\/ &nbsp;<\/p>","protected":false},"author":19,"featured_media":0,"parent":0,"menu_order":0,"comment_status":"closed","ping_status":"closed","template":"","meta":{"footnotes":""},"class_list":["post-58281","page","type-page","status-publish","hentry"],"yoast_head":"<!-- This site is optimized with the Yoast SEO plugin v27.2 - https:\/\/yoast.com\/product\/yoast-seo-wordpress\/ -->\n<title>Espace Plein #17 -<\/title>\n<meta name=\"robots\" content=\"index, follow, max-snippet:-1, max-image-preview:large, max-video-preview:-1\" \/>\n<link rel=\"canonical\" href=\"https:\/\/teslafm.net\/en\/espace-plein-17\/\" \/>\n<meta property=\"og:locale\" content=\"en_US\" \/>\n<meta property=\"og:type\" content=\"article\" \/>\n<meta property=\"og:title\" content=\"Espace Plein #17 -\" \/>\n<meta property=\"og:description\" content=\"Espace Plein #17 Junio 2021 Charla Carlos Taibo Espace plein numero 17, recoge la charla ofrecida pro Carlos Taibo en nuestro espacio huertano Kasa Blanka. Un recorrido por la Espa\u00f1a vaciada en t\u00e9rminos anal\u00edticos. https:\/\/lamalatesta.net\/ensayo\/61276-iberia-vaciada.html https:\/\/ctxt.es\/es\/20191127\/Politica\/29578\/despoblacion-espa%C3%B1a-vacia-ine-mapa-jose-luis-marin.htm https:\/\/www.facebook.com\/kasablanka2\/ &nbsp;\" \/>\n<meta property=\"og:url\" content=\"https:\/\/teslafm.net\/en\/espace-plein-17\/\" \/>\n<meta property=\"article:publisher\" content=\"https:\/\/www.facebook.com\/teslafm.net\" \/>\n<meta property=\"og:image\" content=\"https:\/\/teslafm.net\/wp-content\/uploads\/2021\/06\/espace-plein17.jpg\" \/>\n<meta name=\"twitter:card\" content=\"summary_large_image\" \/>\n<meta name=\"twitter:site\" content=\"@teslafm\" \/>\n<meta name=\"twitter:label1\" content=\"Est. reading time\" \/>\n\t<meta name=\"twitter:data1\" content=\"1 minute\" \/>\n<script type=\"application\/ld+json\" class=\"yoast-schema-graph\">{\"@context\":\"https:\/\/schema.org\",\"@graph\":[{\"@type\":\"WebPage\",\"@id\":\"https:\/\/teslafm.net\/espace-plein-17\/\",\"url\":\"https:\/\/teslafm.net\/espace-plein-17\/\",\"name\":\"Espace Plein #17 -\",\"isPartOf\":{\"@id\":\"https:\/\/teslafm.net\/#website\"},\"primaryImageOfPage\":{\"@id\":\"https:\/\/teslafm.net\/espace-plein-17\/#primaryimage\"},\"image\":{\"@id\":\"https:\/\/teslafm.net\/espace-plein-17\/#primaryimage\"},\"thumbnailUrl\":\"https:\/\/teslafm.net\/wp-content\/uploads\/2021\/06\/espace-plein17.jpg\",\"datePublished\":\"2021-06-16T08:21:16+00:00\",\"breadcrumb\":{\"@id\":\"https:\/\/teslafm.net\/espace-plein-17\/#breadcrumb\"},\"inLanguage\":\"en-US\",\"potentialAction\":[{\"@type\":\"ReadAction\",\"target\":[\"https:\/\/teslafm.net\/espace-plein-17\/\"]}]},{\"@type\":\"ImageObject\",\"inLanguage\":\"en-US\",\"@id\":\"https:\/\/teslafm.net\/espace-plein-17\/#primaryimage\",\"url\":\"https:\/\/teslafm.net\/wp-content\/uploads\/2021\/06\/espace-plein17.jpg\",\"contentUrl\":\"https:\/\/teslafm.net\/wp-content\/uploads\/2021\/06\/espace-plein17.jpg\"},{\"@type\":\"BreadcrumbList\",\"@id\":\"https:\/\/teslafm.net\/espace-plein-17\/#breadcrumb\",\"itemListElement\":[{\"@type\":\"ListItem\",\"position\":1,\"name\":\"Portada\",\"item\":\"https:\/\/teslafm.net\/\"},{\"@type\":\"ListItem\",\"position\":2,\"name\":\"Espace Plein #17\"}]},{\"@type\":\"WebSite\",\"@id\":\"https:\/\/teslafm.net\/#website\",\"url\":\"https:\/\/teslafm.net\/\",\"name\":\"TeslaFM\",\"description\":\"An experimental and creative radio\",\"publisher\":{\"@id\":\"https:\/\/teslafm.net\/#organization\"},\"potentialAction\":[{\"@type\":\"SearchAction\",\"target\":{\"@type\":\"EntryPoint\",\"urlTemplate\":\"https:\/\/teslafm.net\/?s={search_term_string}\"},\"query-input\":{\"@type\":\"PropertyValueSpecification\",\"valueRequired\":true,\"valueName\":\"search_term_string\"}}],\"inLanguage\":\"en-US\"},{\"@type\":\"Organization\",\"@id\":\"https:\/\/teslafm.net\/#organization\",\"name\":\"TeslaFM\",\"url\":\"https:\/\/teslafm.net\/\",\"logo\":{\"@type\":\"ImageObject\",\"inLanguage\":\"en-US\",\"@id\":\"https:\/\/teslafm.net\/#\/schema\/logo\/image\/\",\"url\":\"https:\/\/teslafm.net\/wp-content\/uploads\/2020\/06\/logo-tesla.png\",\"contentUrl\":\"https:\/\/teslafm.net\/wp-content\/uploads\/2020\/06\/logo-tesla.png\",\"width\":512,\"height\":512,\"caption\":\"TeslaFM\"},\"image\":{\"@id\":\"https:\/\/teslafm.net\/#\/schema\/logo\/image\/\"},\"sameAs\":[\"https:\/\/www.facebook.com\/teslafm.net\",\"https:\/\/x.com\/teslafm\"]}]}<\/script>\n<!-- \/ Yoast SEO plugin. -->","yoast_head_json":{"title":"Espace Plein #17 -","robots":{"index":"index","follow":"follow","max-snippet":"max-snippet:-1","max-image-preview":"max-image-preview:large","max-video-preview":"max-video-preview:-1"},"canonical":"https:\/\/teslafm.net\/en\/espace-plein-17\/","og_locale":"en_US","og_type":"article","og_title":"Espace Plein #17 -","og_description":"Espace Plein #17 Junio 2021 Charla Carlos Taibo Espace plein numero 17, recoge la charla ofrecida pro Carlos Taibo en nuestro espacio huertano Kasa Blanka. Un recorrido por la Espa\u00f1a vaciada en t\u00e9rminos anal\u00edticos. https:\/\/lamalatesta.net\/ensayo\/61276-iberia-vaciada.html https:\/\/ctxt.es\/es\/20191127\/Politica\/29578\/despoblacion-espa%C3%B1a-vacia-ine-mapa-jose-luis-marin.htm https:\/\/www.facebook.com\/kasablanka2\/ &nbsp;","og_url":"https:\/\/teslafm.net\/en\/espace-plein-17\/","article_publisher":"https:\/\/www.facebook.com\/teslafm.net","og_image":[{"url":"https:\/\/teslafm.net\/wp-content\/uploads\/2021\/06\/espace-plein17.jpg","type":"","width":"","height":""}],"twitter_card":"summary_large_image","twitter_site":"@teslafm","twitter_misc":{"Est. reading time":"1 minute"},"schema":{"@context":"https:\/\/schema.org","@graph":[{"@type":"WebPage","@id":"https:\/\/teslafm.net\/espace-plein-17\/","url":"https:\/\/teslafm.net\/espace-plein-17\/","name":"Espace Plein #17 -","isPartOf":{"@id":"https:\/\/teslafm.net\/#website"},"primaryImageOfPage":{"@id":"https:\/\/teslafm.net\/espace-plein-17\/#primaryimage"},"image":{"@id":"https:\/\/teslafm.net\/espace-plein-17\/#primaryimage"},"thumbnailUrl":"https:\/\/teslafm.net\/wp-content\/uploads\/2021\/06\/espace-plein17.jpg","datePublished":"2021-06-16T08:21:16+00:00","breadcrumb":{"@id":"https:\/\/teslafm.net\/espace-plein-17\/#breadcrumb"},"inLanguage":"en-US","potentialAction":[{"@type":"ReadAction","target":["https:\/\/teslafm.net\/espace-plein-17\/"]}]},{"@type":"ImageObject","inLanguage":"en-US","@id":"https:\/\/teslafm.net\/espace-plein-17\/#primaryimage","url":"https:\/\/teslafm.net\/wp-content\/uploads\/2021\/06\/espace-plein17.jpg","contentUrl":"https:\/\/teslafm.net\/wp-content\/uploads\/2021\/06\/espace-plein17.jpg"},{"@type":"BreadcrumbList","@id":"https:\/\/teslafm.net\/espace-plein-17\/#breadcrumb","itemListElement":[{"@type":"ListItem","position":1,"name":"Portada","item":"https:\/\/teslafm.net\/"},{"@type":"ListItem","position":2,"name":"Espace Plein #17"}]},{"@type":"WebSite","@id":"https:\/\/teslafm.net\/#website","url":"https:\/\/teslafm.net\/","name":"TeslaFM","description":"An experimental and creative radio","publisher":{"@id":"https:\/\/teslafm.net\/#organization"},"potentialAction":[{"@type":"SearchAction","target":{"@type":"EntryPoint","urlTemplate":"https:\/\/teslafm.net\/?s={search_term_string}"},"query-input":{"@type":"PropertyValueSpecification","valueRequired":true,"valueName":"search_term_string"}}],"inLanguage":"en-US"},{"@type":"Organization","@id":"https:\/\/teslafm.net\/#organization","name":"TeslaFM","url":"https:\/\/teslafm.net\/","logo":{"@type":"ImageObject","inLanguage":"en-US","@id":"https:\/\/teslafm.net\/#\/schema\/logo\/image\/","url":"https:\/\/teslafm.net\/wp-content\/uploads\/2020\/06\/logo-tesla.png","contentUrl":"https:\/\/teslafm.net\/wp-content\/uploads\/2020\/06\/logo-tesla.png","width":512,"height":512,"caption":"TeslaFM"},"image":{"@id":"https:\/\/teslafm.net\/#\/schema\/logo\/image\/"},"sameAs":["https:\/\/www.facebook.com\/teslafm.net","https:\/\/x.com\/teslafm"]}]}},"rttpg_featured_image_url":null,"rttpg_author":{"display_name":"Ishak","author_link":"https:\/\/teslafm.net\/en\/author\/cravan\/"},"rttpg_comment":0,"rttpg_category":null,"rttpg_excerpt":"Espace Plein #17 Junio 2021 Charla Carlos Taibo Espace plein numero 17, recoge la charla ofrecida pro Carlos Taibo en nuestro espacio huertano Kasa Blanka. Un recorrido por la Espa\u00f1a vaciada en t\u00e9rminos anal\u00edticos. https:\/\/lamalatesta.net\/ensayo\/61276-iberia-vaciada.html https:\/\/ctxt.es\/es\/20191127\/Politica\/29578\/despoblacion-espa%C3%B1a-vacia-ine-mapa-jose-luis-marin.htm https:\/\/www.facebook.com\/kasablanka2\/ &nbsp;","_links":{"self":[{"href":"https:\/\/teslafm.net\/en\/wp-json\/wp\/v2\/pages\/58281","targetHints":{"allow":["GET"]}}],"collection":[{"href":"https:\/\/teslafm.net\/en\/wp-json\/wp\/v2\/pages"}],"about":[{"href":"https:\/\/teslafm.net\/en\/wp-json\/wp\/v2\/types\/page"}],"author":[{"embeddable":true,"href":"https:\/\/teslafm.net\/en\/wp-json\/wp\/v2\/users\/19"}],"replies":[{"embeddable":true,"href":"https:\/\/teslafm.net\/en\/wp-json\/wp\/v2\/comments?post=58281"}],"version-history":[{"count":1,"href":"https:\/\/teslafm.net\/en\/wp-json\/wp\/v2\/pages\/58281\/revisions"}],"predecessor-version":[{"id":58283,"href":"https:\/\/teslafm.net\/en\/wp-json\/wp\/v2\/pages\/58281\/revisions\/58283"}],"wp:attachment":[{"href":"https:\/\/teslafm.net\/en\/wp-json\/wp\/v2\/media?parent=58281"}],"curies":[{"name":"wp","href":"https:\/\/api.w.org\/{rel}","templated":true}]}}