

{"id":58297,"date":"2021-06-19T17:14:04","date_gmt":"2021-06-19T15:14:04","guid":{"rendered":"https:\/\/teslafm.net\/?page_id=58297"},"modified":"2021-06-19T17:14:39","modified_gmt":"2021-06-19T15:14:39","slug":"los-archivos-phonos-13","status":"publish","type":"page","link":"https:\/\/teslafm.net\/en\/los-archivos-phonos-13\/","title":{"rendered":"Phonos Files #13"},"content":{"rendered":"<h2><span style=\"color: #ffffff;\"><strong>Phonos Files #13<\/strong><\/span><\/h2>\n<p><span style=\"color: #808080;\"><em>June 2021<\/em><\/span><\/p>\n<p><iframe src=\"https:\/\/www.mixcloud.com\/widget\/iframe\/?hide_cover=1&amp;feed=%2FTeslafm_net%2Flos-archivos-phonos-13-%C3%A1ngel-faraldo%2F\" width=\"100%\" height=\"120\" frameborder=\"0\"><\/iframe><\/p>\n<p><img fetchpriority=\"high\" decoding=\"async\" class=\"alignnone size-full wp-image-58299\" src=\"https:\/\/teslafm.net\/wp-content\/uploads\/2021\/06\/Asistentes-Jornadas-de-Electroacustica-Cuenca-1984.png\" alt=\"\" width=\"796\" height=\"564\" srcset=\"https:\/\/teslafm.net\/wp-content\/uploads\/2021\/06\/Asistentes-Jornadas-de-Electroacustica-Cuenca-1984.png 796w, https:\/\/teslafm.net\/wp-content\/uploads\/2021\/06\/Asistentes-Jornadas-de-Electroacustica-Cuenca-1984-300x213.png 300w, https:\/\/teslafm.net\/wp-content\/uploads\/2021\/06\/Asistentes-Jornadas-de-Electroacustica-Cuenca-1984-768x544.png 768w\" sizes=\"(max-width: 796px) 100vw, 796px\" \/><\/p>\n<p><span style=\"color: #808080;\">In the 13th installment of The Phonos Archives, we go back to 1984, the year in which the first Phonos <em>Cuenca Electroacoustic Music Conference<\/em>directed by <strong>Enrique X. Macias<\/strong>and the <em>First Electroacoustic Composition Seminar of Cuenca<\/em>taught by <strong>Horacio Vaggione<\/strong>. In the same year, <strong>Artur Palaudarias<\/strong> in Barcelona, Spain. <em>Introduction to Electroacoustic Music Seminar<\/em>This is the beginning of years of summer music specialization courses. In this program we will listen to three compositions for fixed support presented during the annual week of Phonos Concerts at the <em>Joan Mir\u00f3 Foundation<\/em> of Barcelona, in June 1984. Works by <strong>Enrique Macias<\/strong>, <strong>Josep Manuel Berenguer<\/strong>, y<strong> Artur Palaudarias<\/strong>.<\/span><\/p>\n<p><span style=\"color: #808080;\">Tracklist<\/span><\/p>\n<p><span style=\"color: #808080;\">01. (05'07'') <strong>Enrique X. Macias<\/strong>Lied f\u00fcr Maria (1982)<\/span><br \/>\n<span style=\"color: #808080;\">02. (18'22'') <strong>Josep Manuel Berenguer<\/strong>The Thought that works towards the light (1984)<\/span><br \/>\n<span style=\"color: #808080;\">03. (43'43'') <strong>Artur Palaudarias<\/strong>Piamo (1984)<\/span><\/p>","protected":false},"excerpt":{"rendered":"<p>Los Archivos Phonos #13 Junio 2021 En la entrega n\u00famero 13 de Los Archivos Phonos, nos vamos al a\u00f1o 1984, a\u00f1o en el que se celebraron las primeras Jornadas de M\u00fasica Electroac\u00fastica de Cuenca, dirigidas por Enrique X. Mac\u00edas, y el Primer Seminario de Composici\u00f3n Electroac\u00fastica de Cuenca, impartido por Horacio Vaggione. En ese mismo [&hellip;]<\/p>\n","protected":false},"author":19,"featured_media":0,"parent":0,"menu_order":0,"comment_status":"closed","ping_status":"closed","template":"","meta":{"footnotes":""},"class_list":["post-58297","page","type-page","status-publish","hentry"],"yoast_head":"<!-- This site is optimized with the Yoast SEO plugin v27.2 - https:\/\/yoast.com\/product\/yoast-seo-wordpress\/ -->\n<title>Los Archivos Phonos #13 -<\/title>\n<meta name=\"robots\" content=\"index, follow, max-snippet:-1, max-image-preview:large, max-video-preview:-1\" \/>\n<link rel=\"canonical\" href=\"https:\/\/teslafm.net\/en\/los-archivos-phonos-13\/\" \/>\n<meta property=\"og:locale\" content=\"en_US\" \/>\n<meta property=\"og:type\" content=\"article\" \/>\n<meta property=\"og:title\" content=\"Los Archivos Phonos #13 -\" \/>\n<meta property=\"og:description\" content=\"Los Archivos Phonos #13 Junio 2021 En la entrega n\u00famero 13 de Los Archivos Phonos, nos vamos al a\u00f1o 1984, a\u00f1o en el que se celebraron las primeras Jornadas de M\u00fasica Electroac\u00fastica de Cuenca, dirigidas por Enrique X. Mac\u00edas, y el Primer Seminario de Composici\u00f3n Electroac\u00fastica de Cuenca, impartido por Horacio Vaggione. En ese mismo [&hellip;]\" \/>\n<meta property=\"og:url\" content=\"https:\/\/teslafm.net\/en\/los-archivos-phonos-13\/\" \/>\n<meta property=\"article:publisher\" content=\"https:\/\/www.facebook.com\/teslafm.net\" \/>\n<meta property=\"article:modified_time\" content=\"2021-06-19T15:14:39+00:00\" \/>\n<meta property=\"og:image\" content=\"https:\/\/teslafm.net\/wp-content\/uploads\/2021\/06\/Asistentes-Jornadas-de-Electroacustica-Cuenca-1984.png\" \/>\n<meta name=\"twitter:card\" content=\"summary_large_image\" \/>\n<meta name=\"twitter:site\" content=\"@teslafm\" \/>\n<meta name=\"twitter:label1\" content=\"Est. reading time\" \/>\n\t<meta name=\"twitter:data1\" content=\"1 minute\" \/>\n<script type=\"application\/ld+json\" class=\"yoast-schema-graph\">{\"@context\":\"https:\/\/schema.org\",\"@graph\":[{\"@type\":\"WebPage\",\"@id\":\"https:\/\/teslafm.net\/los-archivos-phonos-13\/\",\"url\":\"https:\/\/teslafm.net\/los-archivos-phonos-13\/\",\"name\":\"Los Archivos Phonos #13 -\",\"isPartOf\":{\"@id\":\"https:\/\/teslafm.net\/#website\"},\"primaryImageOfPage\":{\"@id\":\"https:\/\/teslafm.net\/los-archivos-phonos-13\/#primaryimage\"},\"image\":{\"@id\":\"https:\/\/teslafm.net\/los-archivos-phonos-13\/#primaryimage\"},\"thumbnailUrl\":\"https:\/\/teslafm.net\/wp-content\/uploads\/2021\/06\/Asistentes-Jornadas-de-Electroacustica-Cuenca-1984.png\",\"datePublished\":\"2021-06-19T15:14:04+00:00\",\"dateModified\":\"2021-06-19T15:14:39+00:00\",\"breadcrumb\":{\"@id\":\"https:\/\/teslafm.net\/los-archivos-phonos-13\/#breadcrumb\"},\"inLanguage\":\"en-US\",\"potentialAction\":[{\"@type\":\"ReadAction\",\"target\":[\"https:\/\/teslafm.net\/los-archivos-phonos-13\/\"]}]},{\"@type\":\"ImageObject\",\"inLanguage\":\"en-US\",\"@id\":\"https:\/\/teslafm.net\/los-archivos-phonos-13\/#primaryimage\",\"url\":\"https:\/\/teslafm.net\/wp-content\/uploads\/2021\/06\/Asistentes-Jornadas-de-Electroacustica-Cuenca-1984.png\",\"contentUrl\":\"https:\/\/teslafm.net\/wp-content\/uploads\/2021\/06\/Asistentes-Jornadas-de-Electroacustica-Cuenca-1984.png\"},{\"@type\":\"BreadcrumbList\",\"@id\":\"https:\/\/teslafm.net\/los-archivos-phonos-13\/#breadcrumb\",\"itemListElement\":[{\"@type\":\"ListItem\",\"position\":1,\"name\":\"Portada\",\"item\":\"https:\/\/teslafm.net\/\"},{\"@type\":\"ListItem\",\"position\":2,\"name\":\"Los Archivos Phonos #13\"}]},{\"@type\":\"WebSite\",\"@id\":\"https:\/\/teslafm.net\/#website\",\"url\":\"https:\/\/teslafm.net\/\",\"name\":\"TeslaFM\",\"description\":\"An experimental and creative radio\",\"publisher\":{\"@id\":\"https:\/\/teslafm.net\/#organization\"},\"potentialAction\":[{\"@type\":\"SearchAction\",\"target\":{\"@type\":\"EntryPoint\",\"urlTemplate\":\"https:\/\/teslafm.net\/?s={search_term_string}\"},\"query-input\":{\"@type\":\"PropertyValueSpecification\",\"valueRequired\":true,\"valueName\":\"search_term_string\"}}],\"inLanguage\":\"en-US\"},{\"@type\":\"Organization\",\"@id\":\"https:\/\/teslafm.net\/#organization\",\"name\":\"TeslaFM\",\"url\":\"https:\/\/teslafm.net\/\",\"logo\":{\"@type\":\"ImageObject\",\"inLanguage\":\"en-US\",\"@id\":\"https:\/\/teslafm.net\/#\/schema\/logo\/image\/\",\"url\":\"https:\/\/teslafm.net\/wp-content\/uploads\/2020\/06\/logo-tesla.png\",\"contentUrl\":\"https:\/\/teslafm.net\/wp-content\/uploads\/2020\/06\/logo-tesla.png\",\"width\":512,\"height\":512,\"caption\":\"TeslaFM\"},\"image\":{\"@id\":\"https:\/\/teslafm.net\/#\/schema\/logo\/image\/\"},\"sameAs\":[\"https:\/\/www.facebook.com\/teslafm.net\",\"https:\/\/x.com\/teslafm\"]}]}<\/script>\n<!-- \/ Yoast SEO plugin. -->","yoast_head_json":{"title":"Los Archivos Phonos #13 -","robots":{"index":"index","follow":"follow","max-snippet":"max-snippet:-1","max-image-preview":"max-image-preview:large","max-video-preview":"max-video-preview:-1"},"canonical":"https:\/\/teslafm.net\/en\/los-archivos-phonos-13\/","og_locale":"en_US","og_type":"article","og_title":"Los Archivos Phonos #13 -","og_description":"Los Archivos Phonos #13 Junio 2021 En la entrega n\u00famero 13 de Los Archivos Phonos, nos vamos al a\u00f1o 1984, a\u00f1o en el que se celebraron las primeras Jornadas de M\u00fasica Electroac\u00fastica de Cuenca, dirigidas por Enrique X. Mac\u00edas, y el Primer Seminario de Composici\u00f3n Electroac\u00fastica de Cuenca, impartido por Horacio Vaggione. En ese mismo [&hellip;]","og_url":"https:\/\/teslafm.net\/en\/los-archivos-phonos-13\/","article_publisher":"https:\/\/www.facebook.com\/teslafm.net","article_modified_time":"2021-06-19T15:14:39+00:00","og_image":[{"url":"https:\/\/teslafm.net\/wp-content\/uploads\/2021\/06\/Asistentes-Jornadas-de-Electroacustica-Cuenca-1984.png","type":"","width":"","height":""}],"twitter_card":"summary_large_image","twitter_site":"@teslafm","twitter_misc":{"Est. reading time":"1 minute"},"schema":{"@context":"https:\/\/schema.org","@graph":[{"@type":"WebPage","@id":"https:\/\/teslafm.net\/los-archivos-phonos-13\/","url":"https:\/\/teslafm.net\/los-archivos-phonos-13\/","name":"Los Archivos Phonos #13 -","isPartOf":{"@id":"https:\/\/teslafm.net\/#website"},"primaryImageOfPage":{"@id":"https:\/\/teslafm.net\/los-archivos-phonos-13\/#primaryimage"},"image":{"@id":"https:\/\/teslafm.net\/los-archivos-phonos-13\/#primaryimage"},"thumbnailUrl":"https:\/\/teslafm.net\/wp-content\/uploads\/2021\/06\/Asistentes-Jornadas-de-Electroacustica-Cuenca-1984.png","datePublished":"2021-06-19T15:14:04+00:00","dateModified":"2021-06-19T15:14:39+00:00","breadcrumb":{"@id":"https:\/\/teslafm.net\/los-archivos-phonos-13\/#breadcrumb"},"inLanguage":"en-US","potentialAction":[{"@type":"ReadAction","target":["https:\/\/teslafm.net\/los-archivos-phonos-13\/"]}]},{"@type":"ImageObject","inLanguage":"en-US","@id":"https:\/\/teslafm.net\/los-archivos-phonos-13\/#primaryimage","url":"https:\/\/teslafm.net\/wp-content\/uploads\/2021\/06\/Asistentes-Jornadas-de-Electroacustica-Cuenca-1984.png","contentUrl":"https:\/\/teslafm.net\/wp-content\/uploads\/2021\/06\/Asistentes-Jornadas-de-Electroacustica-Cuenca-1984.png"},{"@type":"BreadcrumbList","@id":"https:\/\/teslafm.net\/los-archivos-phonos-13\/#breadcrumb","itemListElement":[{"@type":"ListItem","position":1,"name":"Portada","item":"https:\/\/teslafm.net\/"},{"@type":"ListItem","position":2,"name":"Los Archivos Phonos #13"}]},{"@type":"WebSite","@id":"https:\/\/teslafm.net\/#website","url":"https:\/\/teslafm.net\/","name":"TeslaFM","description":"An experimental and creative radio","publisher":{"@id":"https:\/\/teslafm.net\/#organization"},"potentialAction":[{"@type":"SearchAction","target":{"@type":"EntryPoint","urlTemplate":"https:\/\/teslafm.net\/?s={search_term_string}"},"query-input":{"@type":"PropertyValueSpecification","valueRequired":true,"valueName":"search_term_string"}}],"inLanguage":"en-US"},{"@type":"Organization","@id":"https:\/\/teslafm.net\/#organization","name":"TeslaFM","url":"https:\/\/teslafm.net\/","logo":{"@type":"ImageObject","inLanguage":"en-US","@id":"https:\/\/teslafm.net\/#\/schema\/logo\/image\/","url":"https:\/\/teslafm.net\/wp-content\/uploads\/2020\/06\/logo-tesla.png","contentUrl":"https:\/\/teslafm.net\/wp-content\/uploads\/2020\/06\/logo-tesla.png","width":512,"height":512,"caption":"TeslaFM"},"image":{"@id":"https:\/\/teslafm.net\/#\/schema\/logo\/image\/"},"sameAs":["https:\/\/www.facebook.com\/teslafm.net","https:\/\/x.com\/teslafm"]}]}},"rttpg_featured_image_url":null,"rttpg_author":{"display_name":"Ishak","author_link":"https:\/\/teslafm.net\/en\/author\/cravan\/"},"rttpg_comment":0,"rttpg_category":null,"rttpg_excerpt":"Los Archivos Phonos #13 Junio 2021 En la entrega n\u00famero 13 de Los Archivos Phonos, nos vamos al a\u00f1o 1984, a\u00f1o en el que se celebraron las primeras Jornadas de M\u00fasica Electroac\u00fastica de Cuenca, dirigidas por Enrique X. Mac\u00edas, y el Primer Seminario de Composici\u00f3n Electroac\u00fastica de Cuenca, impartido por Horacio Vaggione. En ese mismo&hellip;","_links":{"self":[{"href":"https:\/\/teslafm.net\/en\/wp-json\/wp\/v2\/pages\/58297","targetHints":{"allow":["GET"]}}],"collection":[{"href":"https:\/\/teslafm.net\/en\/wp-json\/wp\/v2\/pages"}],"about":[{"href":"https:\/\/teslafm.net\/en\/wp-json\/wp\/v2\/types\/page"}],"author":[{"embeddable":true,"href":"https:\/\/teslafm.net\/en\/wp-json\/wp\/v2\/users\/19"}],"replies":[{"embeddable":true,"href":"https:\/\/teslafm.net\/en\/wp-json\/wp\/v2\/comments?post=58297"}],"version-history":[{"count":1,"href":"https:\/\/teslafm.net\/en\/wp-json\/wp\/v2\/pages\/58297\/revisions"}],"predecessor-version":[{"id":58300,"href":"https:\/\/teslafm.net\/en\/wp-json\/wp\/v2\/pages\/58297\/revisions\/58300"}],"wp:attachment":[{"href":"https:\/\/teslafm.net\/en\/wp-json\/wp\/v2\/media?parent=58297"}],"curies":[{"name":"wp","href":"https:\/\/api.w.org\/{rel}","templated":true}]}}