

{"id":58302,"date":"2021-06-22T19:05:33","date_gmt":"2021-06-22T17:05:33","guid":{"rendered":"https:\/\/teslafm.net\/?page_id=58302"},"modified":"2021-06-22T19:05:33","modified_gmt":"2021-06-22T17:05:33","slug":"space-oddity-recollection-23","status":"publish","type":"page","link":"https:\/\/teslafm.net\/en\/space-oddity-recollection-23\/","title":{"rendered":"Space Oddity Recollection #23"},"content":{"rendered":"<h2><span style=\"color: #ffffff;\"><strong>Space Oddity Recollection #23<\/strong><\/span><\/h2>\n<p><span style=\"color: #808080;\"><em>June 2021<\/em><\/span><\/p>\n<p><iframe src=\"https:\/\/www.mixcloud.com\/widget\/iframe\/?hide_cover=1&amp;feed=%2FTeslafm_net%2Fspace-oddity-recollection-23-monika-pich%2F\" width=\"100%\" height=\"120\" frameborder=\"0\"><\/iframe><\/p>\n<p><img fetchpriority=\"high\" decoding=\"async\" class=\"alignnone size-full wp-image-58303\" src=\"https:\/\/teslafm.net\/wp-content\/uploads\/2021\/06\/Vincent-Eoppolo.jpg\" alt=\"\" width=\"1000\" height=\"1000\" srcset=\"https:\/\/teslafm.net\/wp-content\/uploads\/2021\/06\/Vincent-Eoppolo.jpg 1000w, https:\/\/teslafm.net\/wp-content\/uploads\/2021\/06\/Vincent-Eoppolo-300x300.jpg 300w, https:\/\/teslafm.net\/wp-content\/uploads\/2021\/06\/Vincent-Eoppolo-150x150.jpg 150w, https:\/\/teslafm.net\/wp-content\/uploads\/2021\/06\/Vincent-Eoppolo-768x768.jpg 768w\" sizes=\"(max-width: 1000px) 100vw, 1000px\" \/><\/p>\n<p><span style=\"color: #808080;\"><strong>Vincent Eoppolo<\/strong> <\/span><\/p>\n<p><span style=\"color: #808080;\">Vincent Eoppolo - an American composer.<\/span><br \/>\n<span style=\"color: #808080;\">It is a mixture of his works, which are a synthesis of diverse traditions of sound art, such as concrete music, acousmatic, electroacoustic and radio art. Together, they create a psychedelic soundscape that borders on hallucinations, bringing to mind imaginary visual associations and scenes that build a cinematic narrative. Eoppolo's music allows you to perceive the world at the level of neural vibrations and dive into the deep consciousness of your mind and that of the creator. The artist's works have been presented at numerous festivals and on numerous radio programs around the world. I now invite you to listen to his compositions on TeslaFM.<\/span><\/p>\n<p><iframe title=\"Vincent Eoppolo\" width=\"1140\" height=\"450\" scrolling=\"no\" frameborder=\"no\" src=\"https:\/\/w.soundcloud.com\/player\/?visual=true&#038;url=https%3A%2F%2Fapi.soundcloud.com%2Fusers%2F673628363&#038;show_artwork=true&#038;maxwidth=1140&#038;maxheight=1000&#038;dnt=1\"><\/iframe><\/p>\n<p><span style=\"color: #808080;\">Enjoy the mix, June 2021 produced by monikapich<\/span><\/p>\n<p>&nbsp;<\/p>","protected":false},"excerpt":{"rendered":"<p>Space Oddity Recollection #23 Junio 2021 Vincent Eoppolo Vincent Eoppolo &#8211; un compositor estadounidense. Se trata de una mezcla de sus obras, que son una s\u00edntesis de diversas tradiciones del arte sonoro, como la m\u00fasica concreta, la acusm\u00e1tica, la electroac\u00fastica y el radio arte. Juntos, crean un paisaje sonoro psicod\u00e9lico que bordea las alucinaciones, que [&hellip;]<\/p>\n","protected":false},"author":19,"featured_media":0,"parent":0,"menu_order":0,"comment_status":"closed","ping_status":"closed","template":"","meta":{"footnotes":""},"class_list":["post-58302","page","type-page","status-publish","hentry"],"yoast_head":"<!-- This site is optimized with the Yoast SEO plugin v27.4 - https:\/\/yoast.com\/product\/yoast-seo-wordpress\/ -->\n<title>Space Oddity Recollection #23 -<\/title>\n<meta name=\"robots\" content=\"index, follow, max-snippet:-1, max-image-preview:large, max-video-preview:-1\" \/>\n<link rel=\"canonical\" href=\"https:\/\/teslafm.net\/en\/space-oddity-recollection-23\/\" \/>\n<meta property=\"og:locale\" content=\"en_US\" \/>\n<meta property=\"og:type\" content=\"article\" \/>\n<meta property=\"og:title\" content=\"Space Oddity Recollection #23 -\" \/>\n<meta property=\"og:description\" content=\"Space Oddity Recollection #23 Junio 2021 Vincent Eoppolo Vincent Eoppolo &#8211; un compositor estadounidense. Se trata de una mezcla de sus obras, que son una s\u00edntesis de diversas tradiciones del arte sonoro, como la m\u00fasica concreta, la acusm\u00e1tica, la electroac\u00fastica y el radio arte. Juntos, crean un paisaje sonoro psicod\u00e9lico que bordea las alucinaciones, que [&hellip;]\" \/>\n<meta property=\"og:url\" content=\"https:\/\/teslafm.net\/en\/space-oddity-recollection-23\/\" \/>\n<meta property=\"article:publisher\" content=\"https:\/\/www.facebook.com\/teslafm.net\" \/>\n<meta property=\"og:image\" content=\"https:\/\/teslafm.net\/wp-content\/uploads\/2021\/06\/Vincent-Eoppolo.jpg\" \/>\n<meta name=\"twitter:card\" content=\"summary_large_image\" \/>\n<meta name=\"twitter:site\" content=\"@teslafm\" \/>\n<meta name=\"twitter:label1\" content=\"Est. reading time\" \/>\n\t<meta name=\"twitter:data1\" content=\"1 minute\" \/>\n<script type=\"application\/ld+json\" class=\"yoast-schema-graph\">{\"@context\":\"https:\\\/\\\/schema.org\",\"@graph\":[{\"@type\":\"WebPage\",\"@id\":\"https:\\\/\\\/teslafm.net\\\/space-oddity-recollection-23\\\/\",\"url\":\"https:\\\/\\\/teslafm.net\\\/space-oddity-recollection-23\\\/\",\"name\":\"Space Oddity Recollection #23 -\",\"isPartOf\":{\"@id\":\"https:\\\/\\\/teslafm.net\\\/#website\"},\"primaryImageOfPage\":{\"@id\":\"https:\\\/\\\/teslafm.net\\\/space-oddity-recollection-23\\\/#primaryimage\"},\"image\":{\"@id\":\"https:\\\/\\\/teslafm.net\\\/space-oddity-recollection-23\\\/#primaryimage\"},\"thumbnailUrl\":\"https:\\\/\\\/teslafm.net\\\/wp-content\\\/uploads\\\/2021\\\/06\\\/Vincent-Eoppolo.jpg\",\"datePublished\":\"2021-06-22T17:05:33+00:00\",\"breadcrumb\":{\"@id\":\"https:\\\/\\\/teslafm.net\\\/space-oddity-recollection-23\\\/#breadcrumb\"},\"inLanguage\":\"en-US\",\"potentialAction\":[{\"@type\":\"ReadAction\",\"target\":[\"https:\\\/\\\/teslafm.net\\\/space-oddity-recollection-23\\\/\"]}]},{\"@type\":\"ImageObject\",\"inLanguage\":\"en-US\",\"@id\":\"https:\\\/\\\/teslafm.net\\\/space-oddity-recollection-23\\\/#primaryimage\",\"url\":\"https:\\\/\\\/teslafm.net\\\/wp-content\\\/uploads\\\/2021\\\/06\\\/Vincent-Eoppolo.jpg\",\"contentUrl\":\"https:\\\/\\\/teslafm.net\\\/wp-content\\\/uploads\\\/2021\\\/06\\\/Vincent-Eoppolo.jpg\"},{\"@type\":\"BreadcrumbList\",\"@id\":\"https:\\\/\\\/teslafm.net\\\/space-oddity-recollection-23\\\/#breadcrumb\",\"itemListElement\":[{\"@type\":\"ListItem\",\"position\":1,\"name\":\"Portada\",\"item\":\"https:\\\/\\\/teslafm.net\\\/\"},{\"@type\":\"ListItem\",\"position\":2,\"name\":\"Space Oddity Recollection #23\"}]},{\"@type\":\"WebSite\",\"@id\":\"https:\\\/\\\/teslafm.net\\\/#website\",\"url\":\"https:\\\/\\\/teslafm.net\\\/\",\"name\":\"TeslaFM\",\"description\":\"An experimental and creative radio\",\"publisher\":{\"@id\":\"https:\\\/\\\/teslafm.net\\\/#organization\"},\"potentialAction\":[{\"@type\":\"SearchAction\",\"target\":{\"@type\":\"EntryPoint\",\"urlTemplate\":\"https:\\\/\\\/teslafm.net\\\/?s={search_term_string}\"},\"query-input\":{\"@type\":\"PropertyValueSpecification\",\"valueRequired\":true,\"valueName\":\"search_term_string\"}}],\"inLanguage\":\"en-US\"},{\"@type\":\"Organization\",\"@id\":\"https:\\\/\\\/teslafm.net\\\/#organization\",\"name\":\"TeslaFM\",\"url\":\"https:\\\/\\\/teslafm.net\\\/\",\"logo\":{\"@type\":\"ImageObject\",\"inLanguage\":\"en-US\",\"@id\":\"https:\\\/\\\/teslafm.net\\\/#\\\/schema\\\/logo\\\/image\\\/\",\"url\":\"https:\\\/\\\/teslafm.net\\\/wp-content\\\/uploads\\\/2020\\\/06\\\/logo-tesla.png\",\"contentUrl\":\"https:\\\/\\\/teslafm.net\\\/wp-content\\\/uploads\\\/2020\\\/06\\\/logo-tesla.png\",\"width\":512,\"height\":512,\"caption\":\"TeslaFM\"},\"image\":{\"@id\":\"https:\\\/\\\/teslafm.net\\\/#\\\/schema\\\/logo\\\/image\\\/\"},\"sameAs\":[\"https:\\\/\\\/www.facebook.com\\\/teslafm.net\",\"https:\\\/\\\/x.com\\\/teslafm\"]}]}<\/script>\n<!-- \/ Yoast SEO plugin. -->","yoast_head_json":{"title":"Space Oddity Recollection #23 -","robots":{"index":"index","follow":"follow","max-snippet":"max-snippet:-1","max-image-preview":"max-image-preview:large","max-video-preview":"max-video-preview:-1"},"canonical":"https:\/\/teslafm.net\/en\/space-oddity-recollection-23\/","og_locale":"en_US","og_type":"article","og_title":"Space Oddity Recollection #23 -","og_description":"Space Oddity Recollection #23 Junio 2021 Vincent Eoppolo Vincent Eoppolo &#8211; un compositor estadounidense. Se trata de una mezcla de sus obras, que son una s\u00edntesis de diversas tradiciones del arte sonoro, como la m\u00fasica concreta, la acusm\u00e1tica, la electroac\u00fastica y el radio arte. Juntos, crean un paisaje sonoro psicod\u00e9lico que bordea las alucinaciones, que [&hellip;]","og_url":"https:\/\/teslafm.net\/en\/space-oddity-recollection-23\/","article_publisher":"https:\/\/www.facebook.com\/teslafm.net","og_image":[{"url":"https:\/\/teslafm.net\/wp-content\/uploads\/2021\/06\/Vincent-Eoppolo.jpg","type":"","width":"","height":""}],"twitter_card":"summary_large_image","twitter_site":"@teslafm","twitter_misc":{"Est. reading time":"1 minute"},"schema":{"@context":"https:\/\/schema.org","@graph":[{"@type":"WebPage","@id":"https:\/\/teslafm.net\/space-oddity-recollection-23\/","url":"https:\/\/teslafm.net\/space-oddity-recollection-23\/","name":"Space Oddity Recollection #23 -","isPartOf":{"@id":"https:\/\/teslafm.net\/#website"},"primaryImageOfPage":{"@id":"https:\/\/teslafm.net\/space-oddity-recollection-23\/#primaryimage"},"image":{"@id":"https:\/\/teslafm.net\/space-oddity-recollection-23\/#primaryimage"},"thumbnailUrl":"https:\/\/teslafm.net\/wp-content\/uploads\/2021\/06\/Vincent-Eoppolo.jpg","datePublished":"2021-06-22T17:05:33+00:00","breadcrumb":{"@id":"https:\/\/teslafm.net\/space-oddity-recollection-23\/#breadcrumb"},"inLanguage":"en-US","potentialAction":[{"@type":"ReadAction","target":["https:\/\/teslafm.net\/space-oddity-recollection-23\/"]}]},{"@type":"ImageObject","inLanguage":"en-US","@id":"https:\/\/teslafm.net\/space-oddity-recollection-23\/#primaryimage","url":"https:\/\/teslafm.net\/wp-content\/uploads\/2021\/06\/Vincent-Eoppolo.jpg","contentUrl":"https:\/\/teslafm.net\/wp-content\/uploads\/2021\/06\/Vincent-Eoppolo.jpg"},{"@type":"BreadcrumbList","@id":"https:\/\/teslafm.net\/space-oddity-recollection-23\/#breadcrumb","itemListElement":[{"@type":"ListItem","position":1,"name":"Portada","item":"https:\/\/teslafm.net\/"},{"@type":"ListItem","position":2,"name":"Space Oddity Recollection #23"}]},{"@type":"WebSite","@id":"https:\/\/teslafm.net\/#website","url":"https:\/\/teslafm.net\/","name":"TeslaFM","description":"An experimental and creative radio","publisher":{"@id":"https:\/\/teslafm.net\/#organization"},"potentialAction":[{"@type":"SearchAction","target":{"@type":"EntryPoint","urlTemplate":"https:\/\/teslafm.net\/?s={search_term_string}"},"query-input":{"@type":"PropertyValueSpecification","valueRequired":true,"valueName":"search_term_string"}}],"inLanguage":"en-US"},{"@type":"Organization","@id":"https:\/\/teslafm.net\/#organization","name":"TeslaFM","url":"https:\/\/teslafm.net\/","logo":{"@type":"ImageObject","inLanguage":"en-US","@id":"https:\/\/teslafm.net\/#\/schema\/logo\/image\/","url":"https:\/\/teslafm.net\/wp-content\/uploads\/2020\/06\/logo-tesla.png","contentUrl":"https:\/\/teslafm.net\/wp-content\/uploads\/2020\/06\/logo-tesla.png","width":512,"height":512,"caption":"TeslaFM"},"image":{"@id":"https:\/\/teslafm.net\/#\/schema\/logo\/image\/"},"sameAs":["https:\/\/www.facebook.com\/teslafm.net","https:\/\/x.com\/teslafm"]}]}},"rttpg_featured_image_url":null,"rttpg_author":{"display_name":"Ishak","author_link":"https:\/\/teslafm.net\/en\/author\/cravan\/"},"rttpg_comment":0,"rttpg_category":null,"rttpg_excerpt":"Space Oddity Recollection #23 Junio 2021 Vincent Eoppolo Vincent Eoppolo &#8211; un compositor estadounidense. Se trata de una mezcla de sus obras, que son una s\u00edntesis de diversas tradiciones del arte sonoro, como la m\u00fasica concreta, la acusm\u00e1tica, la electroac\u00fastica y el radio arte. Juntos, crean un paisaje sonoro psicod\u00e9lico que bordea las alucinaciones, que&hellip;","_links":{"self":[{"href":"https:\/\/teslafm.net\/en\/wp-json\/wp\/v2\/pages\/58302","targetHints":{"allow":["GET"]}}],"collection":[{"href":"https:\/\/teslafm.net\/en\/wp-json\/wp\/v2\/pages"}],"about":[{"href":"https:\/\/teslafm.net\/en\/wp-json\/wp\/v2\/types\/page"}],"author":[{"embeddable":true,"href":"https:\/\/teslafm.net\/en\/wp-json\/wp\/v2\/users\/19"}],"replies":[{"embeddable":true,"href":"https:\/\/teslafm.net\/en\/wp-json\/wp\/v2\/comments?post=58302"}],"version-history":[{"count":1,"href":"https:\/\/teslafm.net\/en\/wp-json\/wp\/v2\/pages\/58302\/revisions"}],"predecessor-version":[{"id":58304,"href":"https:\/\/teslafm.net\/en\/wp-json\/wp\/v2\/pages\/58302\/revisions\/58304"}],"wp:attachment":[{"href":"https:\/\/teslafm.net\/en\/wp-json\/wp\/v2\/media?parent=58302"}],"curies":[{"name":"wp","href":"https:\/\/api.w.org\/{rel}","templated":true}]}}