

{"id":58325,"date":"2021-06-28T15:01:26","date_gmt":"2021-06-28T13:01:26","guid":{"rendered":"https:\/\/teslafm.net\/?page_id=58325"},"modified":"2022-12-07T14:17:58","modified_gmt":"2022-12-07T13:17:58","slug":"luna-llena-15","status":"publish","type":"page","link":"https:\/\/teslafm.net\/en\/luna-llena-15\/","title":{"rendered":"Full Moon #15"},"content":{"rendered":"<p><span style=\"color: #ffffff;\"><strong>Full Moon #15<\/strong><\/span><\/p>\n<p><span style=\"color: #808080;\"><em>Dance, girl, dance<\/em><\/span><\/p>\n<p><iframe src=\"https:\/\/www.mixcloud.com\/widget\/iframe\/?hide_cover=1&amp;feed=%2FTeslafm_net%2Fluna-llena-15-dance-girl-dance%2F\" width=\"100%\" height=\"120\" frameborder=\"0\"><\/iframe><\/p>\n<p><img fetchpriority=\"high\" decoding=\"async\" class=\"alignnone size-full wp-image-58328\" src=\"https:\/\/teslafm.net\/wp-content\/uploads\/2021\/06\/bailamuchachabaila40105_opt.jpg\" alt=\"\" width=\"1000\" height=\"787\" srcset=\"https:\/\/teslafm.net\/wp-content\/uploads\/2021\/06\/bailamuchachabaila40105_opt.jpg 1000w, https:\/\/teslafm.net\/wp-content\/uploads\/2021\/06\/bailamuchachabaila40105_opt-300x236.jpg 300w, https:\/\/teslafm.net\/wp-content\/uploads\/2021\/06\/bailamuchachabaila40105_opt-768x604.jpg 768w\" sizes=\"(max-width: 1000px) 100vw, 1000px\" \/><\/p>\n<p><span style=\"color: #808080;\">This time, we chose the film <em>\"Dance, girl, dance\"<\/em> (1940) by <strong>Dorothy Azner<\/strong>as the most representative of this unique film director of Hollywood in the 1930s. Co-starring <strong>Maureen O'Hara<\/strong> and <strong>Lucille Ball<\/strong>.<\/span><\/p>\n<p><span style=\"color: #808080;\">The sound recordings have been taken again to deconstruct them with a great sense of humor, and divided into two pieces, and created respectively by Johannes de Silentio and Ea7_dmZ.<\/span><\/p>\n<p>&nbsp;<\/p>\n<p><span style=\"color: #808080;\">Presents:<strong> Ishak Benavides<\/strong><\/span><br \/>\n<span style=\"color: #808080;\">00:01:26 <strong>Johannes de Silentio <\/strong>- Dance, girl, dance, 1 part<\/span><br \/>\n<span style=\"color: #808080;\">00:28:04 <strong>Ea7_dmZ<\/strong> - Dance, girl, dance, part 2<\/span><\/p>","protected":false},"excerpt":{"rendered":"<p>Luna llena #15 Dance, girl, dance Escogimos esta vez, la pel\u00edcula \u00abDance, girl, dance\u00bb (1940) de Dorothy Azner, por ser la m\u00e1s representativa de esta \u00fanica directora de cine del Hollywood de los a\u00f1os 30s. Coprotagonizada por Maureen O&#8217;Hara y Lucille Ball. Se han vuelto a tomar los registros sonoros para deconstruirlos con mucho sentido [&hellip;]<\/p>\n","protected":false},"author":19,"featured_media":0,"parent":0,"menu_order":0,"comment_status":"closed","ping_status":"closed","template":"","meta":{"footnotes":""},"class_list":["post-58325","page","type-page","status-publish","hentry"],"yoast_head":"<!-- This site is optimized with the Yoast SEO plugin v27.2 - https:\/\/yoast.com\/product\/yoast-seo-wordpress\/ -->\n<title>Luna llena #15 -<\/title>\n<meta name=\"robots\" content=\"index, follow, max-snippet:-1, max-image-preview:large, max-video-preview:-1\" \/>\n<link rel=\"canonical\" href=\"https:\/\/teslafm.net\/en\/luna-llena-15\/\" \/>\n<meta property=\"og:locale\" content=\"en_US\" \/>\n<meta property=\"og:type\" content=\"article\" \/>\n<meta property=\"og:title\" content=\"Luna llena #15 -\" \/>\n<meta property=\"og:description\" content=\"Luna llena #15 Dance, girl, dance Escogimos esta vez, la pel\u00edcula \u00abDance, girl, dance\u00bb (1940) de Dorothy Azner, por ser la m\u00e1s representativa de esta \u00fanica directora de cine del Hollywood de los a\u00f1os 30s. Coprotagonizada por Maureen O&#8217;Hara y Lucille Ball. Se han vuelto a tomar los registros sonoros para deconstruirlos con mucho sentido [&hellip;]\" \/>\n<meta property=\"og:url\" content=\"https:\/\/teslafm.net\/en\/luna-llena-15\/\" \/>\n<meta property=\"article:publisher\" content=\"https:\/\/www.facebook.com\/teslafm.net\" \/>\n<meta property=\"article:modified_time\" content=\"2022-12-07T13:17:58+00:00\" \/>\n<meta property=\"og:image\" content=\"https:\/\/teslafm.net\/wp-content\/uploads\/2021\/06\/bailamuchachabaila40105_opt.jpg\" \/>\n<meta name=\"twitter:card\" content=\"summary_large_image\" \/>\n<meta name=\"twitter:site\" content=\"@teslafm\" \/>\n<meta name=\"twitter:label1\" content=\"Est. reading time\" \/>\n\t<meta name=\"twitter:data1\" content=\"1 minute\" \/>\n<script type=\"application\/ld+json\" class=\"yoast-schema-graph\">{\"@context\":\"https:\/\/schema.org\",\"@graph\":[{\"@type\":\"WebPage\",\"@id\":\"https:\/\/teslafm.net\/luna-llena-15\/\",\"url\":\"https:\/\/teslafm.net\/luna-llena-15\/\",\"name\":\"Luna llena #15 -\",\"isPartOf\":{\"@id\":\"https:\/\/teslafm.net\/#website\"},\"primaryImageOfPage\":{\"@id\":\"https:\/\/teslafm.net\/luna-llena-15\/#primaryimage\"},\"image\":{\"@id\":\"https:\/\/teslafm.net\/luna-llena-15\/#primaryimage\"},\"thumbnailUrl\":\"https:\/\/teslafm.net\/wp-content\/uploads\/2021\/06\/bailamuchachabaila40105_opt.jpg\",\"datePublished\":\"2021-06-28T13:01:26+00:00\",\"dateModified\":\"2022-12-07T13:17:58+00:00\",\"breadcrumb\":{\"@id\":\"https:\/\/teslafm.net\/luna-llena-15\/#breadcrumb\"},\"inLanguage\":\"en-US\",\"potentialAction\":[{\"@type\":\"ReadAction\",\"target\":[\"https:\/\/teslafm.net\/luna-llena-15\/\"]}]},{\"@type\":\"ImageObject\",\"inLanguage\":\"en-US\",\"@id\":\"https:\/\/teslafm.net\/luna-llena-15\/#primaryimage\",\"url\":\"https:\/\/teslafm.net\/wp-content\/uploads\/2021\/06\/bailamuchachabaila40105_opt.jpg\",\"contentUrl\":\"https:\/\/teslafm.net\/wp-content\/uploads\/2021\/06\/bailamuchachabaila40105_opt.jpg\"},{\"@type\":\"BreadcrumbList\",\"@id\":\"https:\/\/teslafm.net\/luna-llena-15\/#breadcrumb\",\"itemListElement\":[{\"@type\":\"ListItem\",\"position\":1,\"name\":\"Portada\",\"item\":\"https:\/\/teslafm.net\/\"},{\"@type\":\"ListItem\",\"position\":2,\"name\":\"Luna llena #15\"}]},{\"@type\":\"WebSite\",\"@id\":\"https:\/\/teslafm.net\/#website\",\"url\":\"https:\/\/teslafm.net\/\",\"name\":\"TeslaFM\",\"description\":\"An experimental and creative radio\",\"publisher\":{\"@id\":\"https:\/\/teslafm.net\/#organization\"},\"potentialAction\":[{\"@type\":\"SearchAction\",\"target\":{\"@type\":\"EntryPoint\",\"urlTemplate\":\"https:\/\/teslafm.net\/?s={search_term_string}\"},\"query-input\":{\"@type\":\"PropertyValueSpecification\",\"valueRequired\":true,\"valueName\":\"search_term_string\"}}],\"inLanguage\":\"en-US\"},{\"@type\":\"Organization\",\"@id\":\"https:\/\/teslafm.net\/#organization\",\"name\":\"TeslaFM\",\"url\":\"https:\/\/teslafm.net\/\",\"logo\":{\"@type\":\"ImageObject\",\"inLanguage\":\"en-US\",\"@id\":\"https:\/\/teslafm.net\/#\/schema\/logo\/image\/\",\"url\":\"https:\/\/teslafm.net\/wp-content\/uploads\/2020\/06\/logo-tesla.png\",\"contentUrl\":\"https:\/\/teslafm.net\/wp-content\/uploads\/2020\/06\/logo-tesla.png\",\"width\":512,\"height\":512,\"caption\":\"TeslaFM\"},\"image\":{\"@id\":\"https:\/\/teslafm.net\/#\/schema\/logo\/image\/\"},\"sameAs\":[\"https:\/\/www.facebook.com\/teslafm.net\",\"https:\/\/x.com\/teslafm\"]}]}<\/script>\n<!-- \/ Yoast SEO plugin. -->","yoast_head_json":{"title":"Full Moon #15 -","robots":{"index":"index","follow":"follow","max-snippet":"max-snippet:-1","max-image-preview":"max-image-preview:large","max-video-preview":"max-video-preview:-1"},"canonical":"https:\/\/teslafm.net\/en\/luna-llena-15\/","og_locale":"en_US","og_type":"article","og_title":"Luna llena #15 -","og_description":"Luna llena #15 Dance, girl, dance Escogimos esta vez, la pel\u00edcula \u00abDance, girl, dance\u00bb (1940) de Dorothy Azner, por ser la m\u00e1s representativa de esta \u00fanica directora de cine del Hollywood de los a\u00f1os 30s. Coprotagonizada por Maureen O&#8217;Hara y Lucille Ball. Se han vuelto a tomar los registros sonoros para deconstruirlos con mucho sentido [&hellip;]","og_url":"https:\/\/teslafm.net\/en\/luna-llena-15\/","article_publisher":"https:\/\/www.facebook.com\/teslafm.net","article_modified_time":"2022-12-07T13:17:58+00:00","og_image":[{"url":"https:\/\/teslafm.net\/wp-content\/uploads\/2021\/06\/bailamuchachabaila40105_opt.jpg","type":"","width":"","height":""}],"twitter_card":"summary_large_image","twitter_site":"@teslafm","twitter_misc":{"Est. reading time":"1 minute"},"schema":{"@context":"https:\/\/schema.org","@graph":[{"@type":"WebPage","@id":"https:\/\/teslafm.net\/luna-llena-15\/","url":"https:\/\/teslafm.net\/luna-llena-15\/","name":"Full Moon #15 -","isPartOf":{"@id":"https:\/\/teslafm.net\/#website"},"primaryImageOfPage":{"@id":"https:\/\/teslafm.net\/luna-llena-15\/#primaryimage"},"image":{"@id":"https:\/\/teslafm.net\/luna-llena-15\/#primaryimage"},"thumbnailUrl":"https:\/\/teslafm.net\/wp-content\/uploads\/2021\/06\/bailamuchachabaila40105_opt.jpg","datePublished":"2021-06-28T13:01:26+00:00","dateModified":"2022-12-07T13:17:58+00:00","breadcrumb":{"@id":"https:\/\/teslafm.net\/luna-llena-15\/#breadcrumb"},"inLanguage":"en-US","potentialAction":[{"@type":"ReadAction","target":["https:\/\/teslafm.net\/luna-llena-15\/"]}]},{"@type":"ImageObject","inLanguage":"en-US","@id":"https:\/\/teslafm.net\/luna-llena-15\/#primaryimage","url":"https:\/\/teslafm.net\/wp-content\/uploads\/2021\/06\/bailamuchachabaila40105_opt.jpg","contentUrl":"https:\/\/teslafm.net\/wp-content\/uploads\/2021\/06\/bailamuchachabaila40105_opt.jpg"},{"@type":"BreadcrumbList","@id":"https:\/\/teslafm.net\/luna-llena-15\/#breadcrumb","itemListElement":[{"@type":"ListItem","position":1,"name":"Portada","item":"https:\/\/teslafm.net\/"},{"@type":"ListItem","position":2,"name":"Luna llena #15"}]},{"@type":"WebSite","@id":"https:\/\/teslafm.net\/#website","url":"https:\/\/teslafm.net\/","name":"TeslaFM","description":"An experimental and creative radio","publisher":{"@id":"https:\/\/teslafm.net\/#organization"},"potentialAction":[{"@type":"SearchAction","target":{"@type":"EntryPoint","urlTemplate":"https:\/\/teslafm.net\/?s={search_term_string}"},"query-input":{"@type":"PropertyValueSpecification","valueRequired":true,"valueName":"search_term_string"}}],"inLanguage":"en-US"},{"@type":"Organization","@id":"https:\/\/teslafm.net\/#organization","name":"TeslaFM","url":"https:\/\/teslafm.net\/","logo":{"@type":"ImageObject","inLanguage":"en-US","@id":"https:\/\/teslafm.net\/#\/schema\/logo\/image\/","url":"https:\/\/teslafm.net\/wp-content\/uploads\/2020\/06\/logo-tesla.png","contentUrl":"https:\/\/teslafm.net\/wp-content\/uploads\/2020\/06\/logo-tesla.png","width":512,"height":512,"caption":"TeslaFM"},"image":{"@id":"https:\/\/teslafm.net\/#\/schema\/logo\/image\/"},"sameAs":["https:\/\/www.facebook.com\/teslafm.net","https:\/\/x.com\/teslafm"]}]}},"rttpg_featured_image_url":null,"rttpg_author":{"display_name":"Ishak","author_link":"https:\/\/teslafm.net\/en\/author\/cravan\/"},"rttpg_comment":0,"rttpg_category":null,"rttpg_excerpt":"Luna llena #15 Dance, girl, dance Escogimos esta vez, la pel\u00edcula \u00abDance, girl, dance\u00bb (1940) de Dorothy Azner, por ser la m\u00e1s representativa de esta \u00fanica directora de cine del Hollywood de los a\u00f1os 30s. Coprotagonizada por Maureen O&#8217;Hara y Lucille Ball. Se han vuelto a tomar los registros sonoros para deconstruirlos con mucho sentido&hellip;","_links":{"self":[{"href":"https:\/\/teslafm.net\/en\/wp-json\/wp\/v2\/pages\/58325","targetHints":{"allow":["GET"]}}],"collection":[{"href":"https:\/\/teslafm.net\/en\/wp-json\/wp\/v2\/pages"}],"about":[{"href":"https:\/\/teslafm.net\/en\/wp-json\/wp\/v2\/types\/page"}],"author":[{"embeddable":true,"href":"https:\/\/teslafm.net\/en\/wp-json\/wp\/v2\/users\/19"}],"replies":[{"embeddable":true,"href":"https:\/\/teslafm.net\/en\/wp-json\/wp\/v2\/comments?post=58325"}],"version-history":[{"count":2,"href":"https:\/\/teslafm.net\/en\/wp-json\/wp\/v2\/pages\/58325\/revisions"}],"predecessor-version":[{"id":60985,"href":"https:\/\/teslafm.net\/en\/wp-json\/wp\/v2\/pages\/58325\/revisions\/60985"}],"wp:attachment":[{"href":"https:\/\/teslafm.net\/en\/wp-json\/wp\/v2\/media?parent=58325"}],"curies":[{"name":"wp","href":"https:\/\/api.w.org\/{rel}","templated":true}]}}