

{"id":58342,"date":"2021-06-30T19:49:55","date_gmt":"2021-06-30T17:49:55","guid":{"rendered":"https:\/\/teslafm.net\/?page_id=58342"},"modified":"2021-06-30T19:49:55","modified_gmt":"2021-06-30T17:49:55","slug":"ibidem-14","status":"publish","type":"page","link":"https:\/\/teslafm.net\/en\/ibidem-14\/","title":{"rendered":"Ibidem #14"},"content":{"rendered":"<h2><span style=\"color: #ffffff;\"><strong>Ibidem #14<\/strong><\/span><\/h2>\n<p><span style=\"color: #808080;\"><em>June 2021<\/em><\/span><\/p>\n<p><iframe src=\"https:\/\/www.mixcloud.com\/widget\/iframe\/?hide_cover=1&amp;feed=%2FTeslafm_net%2Fibidem-14-key-clef%2F\" width=\"100%\" height=\"120\" frameborder=\"0\"><\/iframe><\/p>\n<p><img fetchpriority=\"high\" decoding=\"async\" class=\"alignnone size-full wp-image-58343\" src=\"https:\/\/teslafm.net\/wp-content\/uploads\/2021\/06\/1_opt.png\" alt=\"\" width=\"1000\" height=\"1000\" srcset=\"https:\/\/teslafm.net\/wp-content\/uploads\/2021\/06\/1_opt.png 1000w, https:\/\/teslafm.net\/wp-content\/uploads\/2021\/06\/1_opt-300x300.png 300w, https:\/\/teslafm.net\/wp-content\/uploads\/2021\/06\/1_opt-150x150.png 150w, https:\/\/teslafm.net\/wp-content\/uploads\/2021\/06\/1_opt-768x768.png 768w\" sizes=\"(max-width: 1000px) 100vw, 1000px\" \/><\/p>\n<p><span style=\"color: #808080;\">Guest: Key Clef<\/span><\/p>\n<p><span style=\"color: #808080;\">Key Clef is an Italian dj and producer based in Berlin with a great passion for analog instruments, founder of the label Ipnotica Erotica.<\/span><br \/>\n<span style=\"color: #808080;\">After experiencing the last years of the flourishing rave scene in Rome and obtaining a degree in sound engineering, his creative process evolved in different directions from club music to performance art and electroacoustics.<\/span><\/p>\n<p><span style=\"color: #808080;\">In his own world, music is a continuous dialogue between styles and hybridization. His musical productions, as well as his live performances, include synthesizers, drum machines and analog effects that reflect his ethereal trajectory, while his dj sets show the full prism of his musical taste and knowledge of the dancefloor.<\/span><br \/>\n<span style=\"color: #808080;\">Key Clef's sound does not come to the surface, but aims to channel emotions and contact between his music and the audience.<\/span><\/p>","protected":false},"excerpt":{"rendered":"<p>Ibidem #14 Junio 2021 Invitada: Key Clef Key Clef es una dj y productora italiana con sede en Berl\u00edn con una gran pasi\u00f3n por los instrumentos anal\u00f3gicos, fundadora del sello Ipnotica Erotica. Despu\u00e9s de experimentar los \u00faltimos a\u00f1os de la floreciente escena rave en Roma y obtener un t\u00edtulo en ingenier\u00eda de sonido, su proceso [&hellip;]<\/p>\n","protected":false},"author":19,"featured_media":0,"parent":0,"menu_order":0,"comment_status":"closed","ping_status":"closed","template":"","meta":{"footnotes":""},"class_list":["post-58342","page","type-page","status-publish","hentry"],"yoast_head":"<!-- This site is optimized with the Yoast SEO plugin v27.2 - https:\/\/yoast.com\/product\/yoast-seo-wordpress\/ -->\n<title>Ibidem #14 -<\/title>\n<meta name=\"robots\" content=\"index, follow, max-snippet:-1, max-image-preview:large, max-video-preview:-1\" \/>\n<link rel=\"canonical\" href=\"https:\/\/teslafm.net\/en\/ibidem-14\/\" \/>\n<meta property=\"og:locale\" content=\"en_US\" \/>\n<meta property=\"og:type\" content=\"article\" \/>\n<meta property=\"og:title\" content=\"Ibidem #14 -\" \/>\n<meta property=\"og:description\" content=\"Ibidem #14 Junio 2021 Invitada: Key Clef Key Clef es una dj y productora italiana con sede en Berl\u00edn con una gran pasi\u00f3n por los instrumentos anal\u00f3gicos, fundadora del sello Ipnotica Erotica. Despu\u00e9s de experimentar los \u00faltimos a\u00f1os de la floreciente escena rave en Roma y obtener un t\u00edtulo en ingenier\u00eda de sonido, su proceso [&hellip;]\" \/>\n<meta property=\"og:url\" content=\"https:\/\/teslafm.net\/en\/ibidem-14\/\" \/>\n<meta property=\"article:publisher\" content=\"https:\/\/www.facebook.com\/teslafm.net\" \/>\n<meta property=\"og:image\" content=\"https:\/\/teslafm.net\/wp-content\/uploads\/2021\/06\/1_opt.png\" \/>\n<meta name=\"twitter:card\" content=\"summary_large_image\" \/>\n<meta name=\"twitter:site\" content=\"@teslafm\" \/>\n<meta name=\"twitter:label1\" content=\"Est. reading time\" \/>\n\t<meta name=\"twitter:data1\" content=\"1 minute\" \/>\n<script type=\"application\/ld+json\" class=\"yoast-schema-graph\">{\"@context\":\"https:\/\/schema.org\",\"@graph\":[{\"@type\":\"WebPage\",\"@id\":\"https:\/\/teslafm.net\/ibidem-14\/\",\"url\":\"https:\/\/teslafm.net\/ibidem-14\/\",\"name\":\"Ibidem #14 -\",\"isPartOf\":{\"@id\":\"https:\/\/teslafm.net\/#website\"},\"primaryImageOfPage\":{\"@id\":\"https:\/\/teslafm.net\/ibidem-14\/#primaryimage\"},\"image\":{\"@id\":\"https:\/\/teslafm.net\/ibidem-14\/#primaryimage\"},\"thumbnailUrl\":\"https:\/\/teslafm.net\/wp-content\/uploads\/2021\/06\/1_opt.png\",\"datePublished\":\"2021-06-30T17:49:55+00:00\",\"breadcrumb\":{\"@id\":\"https:\/\/teslafm.net\/ibidem-14\/#breadcrumb\"},\"inLanguage\":\"en-US\",\"potentialAction\":[{\"@type\":\"ReadAction\",\"target\":[\"https:\/\/teslafm.net\/ibidem-14\/\"]}]},{\"@type\":\"ImageObject\",\"inLanguage\":\"en-US\",\"@id\":\"https:\/\/teslafm.net\/ibidem-14\/#primaryimage\",\"url\":\"https:\/\/teslafm.net\/wp-content\/uploads\/2021\/06\/1_opt.png\",\"contentUrl\":\"https:\/\/teslafm.net\/wp-content\/uploads\/2021\/06\/1_opt.png\"},{\"@type\":\"BreadcrumbList\",\"@id\":\"https:\/\/teslafm.net\/ibidem-14\/#breadcrumb\",\"itemListElement\":[{\"@type\":\"ListItem\",\"position\":1,\"name\":\"Portada\",\"item\":\"https:\/\/teslafm.net\/\"},{\"@type\":\"ListItem\",\"position\":2,\"name\":\"Ibidem #14\"}]},{\"@type\":\"WebSite\",\"@id\":\"https:\/\/teslafm.net\/#website\",\"url\":\"https:\/\/teslafm.net\/\",\"name\":\"TeslaFM\",\"description\":\"An experimental and creative radio\",\"publisher\":{\"@id\":\"https:\/\/teslafm.net\/#organization\"},\"potentialAction\":[{\"@type\":\"SearchAction\",\"target\":{\"@type\":\"EntryPoint\",\"urlTemplate\":\"https:\/\/teslafm.net\/?s={search_term_string}\"},\"query-input\":{\"@type\":\"PropertyValueSpecification\",\"valueRequired\":true,\"valueName\":\"search_term_string\"}}],\"inLanguage\":\"en-US\"},{\"@type\":\"Organization\",\"@id\":\"https:\/\/teslafm.net\/#organization\",\"name\":\"TeslaFM\",\"url\":\"https:\/\/teslafm.net\/\",\"logo\":{\"@type\":\"ImageObject\",\"inLanguage\":\"en-US\",\"@id\":\"https:\/\/teslafm.net\/#\/schema\/logo\/image\/\",\"url\":\"https:\/\/teslafm.net\/wp-content\/uploads\/2020\/06\/logo-tesla.png\",\"contentUrl\":\"https:\/\/teslafm.net\/wp-content\/uploads\/2020\/06\/logo-tesla.png\",\"width\":512,\"height\":512,\"caption\":\"TeslaFM\"},\"image\":{\"@id\":\"https:\/\/teslafm.net\/#\/schema\/logo\/image\/\"},\"sameAs\":[\"https:\/\/www.facebook.com\/teslafm.net\",\"https:\/\/x.com\/teslafm\"]}]}<\/script>\n<!-- \/ Yoast SEO plugin. -->","yoast_head_json":{"title":"Ibidem #14 -","robots":{"index":"index","follow":"follow","max-snippet":"max-snippet:-1","max-image-preview":"max-image-preview:large","max-video-preview":"max-video-preview:-1"},"canonical":"https:\/\/teslafm.net\/en\/ibidem-14\/","og_locale":"en_US","og_type":"article","og_title":"Ibidem #14 -","og_description":"Ibidem #14 Junio 2021 Invitada: Key Clef Key Clef es una dj y productora italiana con sede en Berl\u00edn con una gran pasi\u00f3n por los instrumentos anal\u00f3gicos, fundadora del sello Ipnotica Erotica. Despu\u00e9s de experimentar los \u00faltimos a\u00f1os de la floreciente escena rave en Roma y obtener un t\u00edtulo en ingenier\u00eda de sonido, su proceso [&hellip;]","og_url":"https:\/\/teslafm.net\/en\/ibidem-14\/","article_publisher":"https:\/\/www.facebook.com\/teslafm.net","og_image":[{"url":"https:\/\/teslafm.net\/wp-content\/uploads\/2021\/06\/1_opt.png","type":"","width":"","height":""}],"twitter_card":"summary_large_image","twitter_site":"@teslafm","twitter_misc":{"Est. reading time":"1 minute"},"schema":{"@context":"https:\/\/schema.org","@graph":[{"@type":"WebPage","@id":"https:\/\/teslafm.net\/ibidem-14\/","url":"https:\/\/teslafm.net\/ibidem-14\/","name":"Ibidem #14 -","isPartOf":{"@id":"https:\/\/teslafm.net\/#website"},"primaryImageOfPage":{"@id":"https:\/\/teslafm.net\/ibidem-14\/#primaryimage"},"image":{"@id":"https:\/\/teslafm.net\/ibidem-14\/#primaryimage"},"thumbnailUrl":"https:\/\/teslafm.net\/wp-content\/uploads\/2021\/06\/1_opt.png","datePublished":"2021-06-30T17:49:55+00:00","breadcrumb":{"@id":"https:\/\/teslafm.net\/ibidem-14\/#breadcrumb"},"inLanguage":"en-US","potentialAction":[{"@type":"ReadAction","target":["https:\/\/teslafm.net\/ibidem-14\/"]}]},{"@type":"ImageObject","inLanguage":"en-US","@id":"https:\/\/teslafm.net\/ibidem-14\/#primaryimage","url":"https:\/\/teslafm.net\/wp-content\/uploads\/2021\/06\/1_opt.png","contentUrl":"https:\/\/teslafm.net\/wp-content\/uploads\/2021\/06\/1_opt.png"},{"@type":"BreadcrumbList","@id":"https:\/\/teslafm.net\/ibidem-14\/#breadcrumb","itemListElement":[{"@type":"ListItem","position":1,"name":"Portada","item":"https:\/\/teslafm.net\/"},{"@type":"ListItem","position":2,"name":"Ibidem #14"}]},{"@type":"WebSite","@id":"https:\/\/teslafm.net\/#website","url":"https:\/\/teslafm.net\/","name":"TeslaFM","description":"An experimental and creative radio","publisher":{"@id":"https:\/\/teslafm.net\/#organization"},"potentialAction":[{"@type":"SearchAction","target":{"@type":"EntryPoint","urlTemplate":"https:\/\/teslafm.net\/?s={search_term_string}"},"query-input":{"@type":"PropertyValueSpecification","valueRequired":true,"valueName":"search_term_string"}}],"inLanguage":"en-US"},{"@type":"Organization","@id":"https:\/\/teslafm.net\/#organization","name":"TeslaFM","url":"https:\/\/teslafm.net\/","logo":{"@type":"ImageObject","inLanguage":"en-US","@id":"https:\/\/teslafm.net\/#\/schema\/logo\/image\/","url":"https:\/\/teslafm.net\/wp-content\/uploads\/2020\/06\/logo-tesla.png","contentUrl":"https:\/\/teslafm.net\/wp-content\/uploads\/2020\/06\/logo-tesla.png","width":512,"height":512,"caption":"TeslaFM"},"image":{"@id":"https:\/\/teslafm.net\/#\/schema\/logo\/image\/"},"sameAs":["https:\/\/www.facebook.com\/teslafm.net","https:\/\/x.com\/teslafm"]}]}},"rttpg_featured_image_url":null,"rttpg_author":{"display_name":"Ishak","author_link":"https:\/\/teslafm.net\/en\/author\/cravan\/"},"rttpg_comment":0,"rttpg_category":null,"rttpg_excerpt":"Ibidem #14 Junio 2021 Invitada: Key Clef Key Clef es una dj y productora italiana con sede en Berl\u00edn con una gran pasi\u00f3n por los instrumentos anal\u00f3gicos, fundadora del sello Ipnotica Erotica. Despu\u00e9s de experimentar los \u00faltimos a\u00f1os de la floreciente escena rave en Roma y obtener un t\u00edtulo en ingenier\u00eda de sonido, su proceso&hellip;","_links":{"self":[{"href":"https:\/\/teslafm.net\/en\/wp-json\/wp\/v2\/pages\/58342","targetHints":{"allow":["GET"]}}],"collection":[{"href":"https:\/\/teslafm.net\/en\/wp-json\/wp\/v2\/pages"}],"about":[{"href":"https:\/\/teslafm.net\/en\/wp-json\/wp\/v2\/types\/page"}],"author":[{"embeddable":true,"href":"https:\/\/teslafm.net\/en\/wp-json\/wp\/v2\/users\/19"}],"replies":[{"embeddable":true,"href":"https:\/\/teslafm.net\/en\/wp-json\/wp\/v2\/comments?post=58342"}],"version-history":[{"count":1,"href":"https:\/\/teslafm.net\/en\/wp-json\/wp\/v2\/pages\/58342\/revisions"}],"predecessor-version":[{"id":58344,"href":"https:\/\/teslafm.net\/en\/wp-json\/wp\/v2\/pages\/58342\/revisions\/58344"}],"wp:attachment":[{"href":"https:\/\/teslafm.net\/en\/wp-json\/wp\/v2\/media?parent=58342"}],"curies":[{"name":"wp","href":"https:\/\/api.w.org\/{rel}","templated":true}]}}