

{"id":58358,"date":"2021-07-07T18:55:16","date_gmt":"2021-07-07T16:55:16","guid":{"rendered":"https:\/\/teslafm.net\/?page_id=58358"},"modified":"2021-07-07T19:58:56","modified_gmt":"2021-07-07T17:58:56","slug":"teoria-incertidumbre-25","status":"publish","type":"page","link":"https:\/\/teslafm.net\/en\/teoria-incertidumbre-25\/","title":{"rendered":"Uncertainty Theory #25"},"content":{"rendered":"<div data-elementor-type=\"wp-page\" data-elementor-id=\"58358\" class=\"elementor elementor-58358\">\n\t\t\t\t\t\t<section class=\"elementor-section elementor-top-section elementor-element elementor-element-5f0a9a77 elementor-section-boxed elementor-section-height-default elementor-section-height-default\" data-id=\"5f0a9a77\" data-element_type=\"section\" data-e-type=\"section\">\n\t\t\t\t\t\t<div class=\"elementor-container elementor-column-gap-default\">\n\t\t\t\t\t<div class=\"elementor-column elementor-col-100 elementor-top-column elementor-element elementor-element-415949f3\" data-id=\"415949f3\" data-element_type=\"column\" data-e-type=\"column\">\n\t\t\t<div class=\"elementor-widget-wrap elementor-element-populated\">\n\t\t\t\t\t\t<div class=\"elementor-element elementor-element-163e9cdf elementor-widget elementor-widget-text-editor\" data-id=\"163e9cdf\" data-element_type=\"widget\" data-e-type=\"widget\" data-widget_type=\"text-editor.default\">\n\t\t\t\t<div class=\"elementor-widget-container\">\n\t\t\t\t\t\t\t\t\t<h2><span style=\"color: #ffffff;\"><strong>Uncertainty Theory #25<\/strong><\/span><\/h2><p><span style=\"color: #808080;\"><em>On some of the precepts proposed by Ted Gioia on music in the history of mankind.<\/em><\/span><\/p><p><iframe src=\"https:\/\/www.mixcloud.com\/widget\/iframe\/?hide_cover=1&amp;feed=%2FTeslafm_net%2Fteor%C3%ADa-incertidumbre-25-andrea-bravo%2F\" width=\"100%\" height=\"120\" frameborder=\"0\"><\/iframe><\/p><p><span style=\"color: #808080;\">Audio<\/span><br \/><span style=\"color: #808080;\">- Timing - Phil Harmonic - track 5 of \"Blue\". <strong>Gene Tyranny<\/strong> (1979)<\/span><br \/><span style=\"color: #808080;\">- Electric Piano, Vibraphone And Percussion - <strong>Craig Kupka<\/strong> - track 1 of Modern Dance Technique Enviroments (1979)<\/span><br \/><span style=\"color: #808080;\">- Satz Exil Sils Maria - <strong>Klaus Schulze<\/strong> - track 3 of Irrlicht (1971)<\/span><\/p><p><span style=\"color: #808080;\">About some of the precepts it proposes <strong>Ted Gioia<\/strong> on music in the history of mankind<\/span><\/p><p><span style=\"color: #808080;\">In this chapter, 24 of the 40 precepts that appear in the book will be named and commented on.<\/span><\/p><p><span style=\"color: #808080;\">About the book M\u00fasica: <em>A subversive story<\/em> written by <strong>Ted Gioia<\/strong> (2019)<\/span><\/p><p><span style=\"color: #808080;\"><strong>Ted Gioia<\/strong> (1957 - ) is an important music critic, <\/span><span style=\"color: #808080;\">author of interesting histories of jazz and blues, with a great capacity for synthesis.<\/span><br \/><span style=\"color: #808080;\">In Music: A Subversive History in just under 600 pages he explains the history of music from when some prehistoric hunter realized that his bow string made a sound, and turned it into a predecessor of the violin, to the era of star techno producers who DJ in Ibiza for staggering amounts of money. Gioia discusses, for example, how ancient peoples recognized the different music the wind made as it blew through different kinds of trees and how they tried to imitate it, the ever-complex relationships of sex and violence with songs, how Pythagoras turned music into a mathematical discipline, or the way songs - especially those we call hymns - harangue us and make us feel part of the group we sing them with.<\/span><\/p>\t\t\t\t\t\t\t\t<\/div>\n\t\t\t\t<\/div>\n\t\t\t\t\t<\/div>\n\t\t<\/div>\n\t\t\t\t\t<\/div>\n\t\t<\/section>\n\t\t\t\t<section class=\"elementor-section elementor-top-section elementor-element elementor-element-acda21a elementor-section-boxed elementor-section-height-default elementor-section-height-default\" data-id=\"acda21a\" data-element_type=\"section\" data-e-type=\"section\">\n\t\t\t\t\t\t<div class=\"elementor-container elementor-column-gap-default\">\n\t\t\t\t\t<div class=\"elementor-column elementor-col-33 elementor-top-column elementor-element elementor-element-79969f1\" data-id=\"79969f1\" data-element_type=\"column\" data-e-type=\"column\">\n\t\t\t<div class=\"elementor-widget-wrap elementor-element-populated\">\n\t\t\t\t\t\t<div class=\"elementor-element elementor-element-6932d88 elementor-widget elementor-widget-image\" data-id=\"6932d88\" data-element_type=\"widget\" data-e-type=\"widget\" data-widget_type=\"image.default\">\n\t\t\t\t<div class=\"elementor-widget-container\">\n\t\t\t\t\t\t\t\t\t\t\t\t\t\t\t<img fetchpriority=\"high\" decoding=\"async\" width=\"1024\" height=\"683\" src=\"https:\/\/teslafm.net\/wp-content\/uploads\/2021\/07\/ted-gioia-1-1024x683.jpg\" class=\"attachment-large size-large wp-image-58363\" alt=\"\" srcset=\"https:\/\/teslafm.net\/wp-content\/uploads\/2021\/07\/ted-gioia-1-1024x683.jpg 1024w, https:\/\/teslafm.net\/wp-content\/uploads\/2021\/07\/ted-gioia-1-300x200.jpg 300w, https:\/\/teslafm.net\/wp-content\/uploads\/2021\/07\/ted-gioia-1-768x512.jpg 768w, https:\/\/teslafm.net\/wp-content\/uploads\/2021\/07\/ted-gioia-1.jpg 1200w\" sizes=\"(max-width: 1024px) 100vw, 1024px\" \/>\t\t\t\t\t\t\t\t\t\t\t\t\t\t\t<\/div>\n\t\t\t\t<\/div>\n\t\t\t\t\t<\/div>\n\t\t<\/div>\n\t\t\t\t<div class=\"elementor-column elementor-col-33 elementor-top-column elementor-element elementor-element-f9804b5\" data-id=\"f9804b5\" data-element_type=\"column\" data-e-type=\"column\">\n\t\t\t<div class=\"elementor-widget-wrap elementor-element-populated\">\n\t\t\t\t\t\t<div class=\"elementor-element elementor-element-11f8e43 elementor-widget elementor-widget-image\" data-id=\"11f8e43\" data-element_type=\"widget\" data-e-type=\"widget\" data-widget_type=\"image.default\">\n\t\t\t\t<div class=\"elementor-widget-container\">\n\t\t\t\t\t\t\t\t\t\t\t\t\t\t\t<img decoding=\"async\" width=\"333\" height=\"500\" src=\"https:\/\/teslafm.net\/wp-content\/uploads\/2021\/07\/Music-subversive-Ted-Gioia.jpg\" class=\"attachment-large size-large wp-image-58364\" alt=\"\" srcset=\"https:\/\/teslafm.net\/wp-content\/uploads\/2021\/07\/Music-subversive-Ted-Gioia.jpg 333w, https:\/\/teslafm.net\/wp-content\/uploads\/2021\/07\/Music-subversive-Ted-Gioia-200x300.jpg 200w\" sizes=\"(max-width: 333px) 100vw, 333px\" \/>\t\t\t\t\t\t\t\t\t\t\t\t\t\t\t<\/div>\n\t\t\t\t<\/div>\n\t\t\t\t\t<\/div>\n\t\t<\/div>\n\t\t\t\t<div class=\"elementor-column elementor-col-33 elementor-top-column elementor-element elementor-element-f188612\" data-id=\"f188612\" data-element_type=\"column\" data-e-type=\"column\">\n\t\t\t<div class=\"elementor-widget-wrap elementor-element-populated\">\n\t\t\t\t\t\t<div class=\"elementor-element elementor-element-692b690 elementor-widget elementor-widget-image\" data-id=\"692b690\" data-element_type=\"widget\" data-e-type=\"widget\" data-widget_type=\"image.default\">\n\t\t\t\t<div class=\"elementor-widget-container\">\n\t\t\t\t\t\t\t\t\t\t\t\t\t\t\t<img decoding=\"async\" width=\"512\" height=\"512\" src=\"https:\/\/teslafm.net\/wp-content\/uploads\/2021\/07\/ted-gioia.jpg\" class=\"attachment-large size-large wp-image-58365\" alt=\"\" srcset=\"https:\/\/teslafm.net\/wp-content\/uploads\/2021\/07\/ted-gioia.jpg 512w, https:\/\/teslafm.net\/wp-content\/uploads\/2021\/07\/ted-gioia-300x300.jpg 300w, https:\/\/teslafm.net\/wp-content\/uploads\/2021\/07\/ted-gioia-150x150.jpg 150w\" sizes=\"(max-width: 512px) 100vw, 512px\" \/>\t\t\t\t\t\t\t\t\t\t\t\t\t\t\t<\/div>\n\t\t\t\t<\/div>\n\t\t\t\t\t<\/div>\n\t\t<\/div>\n\t\t\t\t\t<\/div>\n\t\t<\/section>\n\t\t\t\t<section class=\"elementor-section elementor-top-section elementor-element elementor-element-21722a3 elementor-section-boxed elementor-section-height-default elementor-section-height-default\" data-id=\"21722a3\" data-element_type=\"section\" data-e-type=\"section\">\n\t\t\t\t\t\t<div class=\"elementor-container elementor-column-gap-default\">\n\t\t\t\t\t<div class=\"elementor-column elementor-col-100 elementor-top-column elementor-element elementor-element-9f0a17b\" data-id=\"9f0a17b\" data-element_type=\"column\" data-e-type=\"column\">\n\t\t\t<div class=\"elementor-widget-wrap elementor-element-populated\">\n\t\t\t\t\t\t<div class=\"elementor-element elementor-element-a7b8b51 elementor-widget elementor-widget-text-editor\" data-id=\"a7b8b51\" data-element_type=\"widget\" data-e-type=\"widget\" data-widget_type=\"text-editor.default\">\n\t\t\t\t<div class=\"elementor-widget-container\">\n\t\t\t\t\t\t\t\t\t<p><span style=\"color: #808080;\">From marginalization to respect<\/span><\/p><p><span style=\"color: #808080;\">But beyond these intuitive and extraordinary facts, Gioia immediately puts his thesis to the test: interesting music is the work of outcasts or slaves, born in places that society despises and gradually makes its way to respectability. The elegant songs of Western troubadours, he says, actually have their origin in the songs of Muslim slaves in Spain. The Catholic Church fought with all its might against polyphonic music, which it considered demonic, but then embraced it because it realized it could not stamp it out. Bach became a symbol of Lutheranism and the German nation, but he was a rude guy, frowned upon by many of his contemporaries, who considered his complex music aberrant, and who married an almost teenage girl with whom he had 20 children (in his time, the joke was that \"he never stopped hitting the organ\").<\/span><\/p><p><span style=\"color: #808080;\">But even if that were the case, 'Music. A subversive history' is one of the most lighthearted, striking and intelligent stories about music that can be found: not only because it draws on sources such as neuroscience, anthropology or paleontology (it is exciting to read that, in many caves, cave paintings are found where the acoustics were better, because their dwellers sang before the painted animals), or because it makes no pedantic distinctions between so-called classical music and so-called popular music, but also because of its cultured and lighthearted writing (very well translated by <strong>Mariano Peyrou<\/strong>), his humor and enormous erudition, and the ability to fit the music into its historical and cultural context.<\/span><\/p><p><a href=\"https:\/\/www.youtube.com\/watch?v=W5mb8Yha5R4\" target=\"_blank\" rel=\"noopener\">https:\/\/www.youtube.com\/watch?v=W5mb8Yha5R4<\/a><\/p>\t\t\t\t\t\t\t\t<\/div>\n\t\t\t\t<\/div>\n\t\t\t\t\t<\/div>\n\t\t<\/div>\n\t\t\t\t\t<\/div>\n\t\t<\/section>\n\t\t\t\t<\/div>","protected":false},"excerpt":{"rendered":"<p>Teor\u00eda Incertidumbre #25 Sobre algunos de los preceptos que propone Ted Gioia sobre la m\u00fasica en la historia de la humanidad Audio&#8211; Timing &#8211; Phil Harmonic &#8211; track 5 de \u00abBlue\u00bb Gene Tyranny (1979)&#8211; Electric Piano, Vibraphone And Percussion &#8211; Craig Kupka &#8211; track 1 de Modern Dance Technique Enviroments (1979)&#8211; Satz Exil Sils Maria [&hellip;]<\/p>\n","protected":false},"author":19,"featured_media":0,"parent":0,"menu_order":0,"comment_status":"closed","ping_status":"closed","template":"","meta":{"footnotes":""},"class_list":["post-58358","page","type-page","status-publish","hentry"],"yoast_head":"<!-- This site is optimized with the Yoast SEO plugin v27.4 - https:\/\/yoast.com\/product\/yoast-seo-wordpress\/ -->\n<title>Teor\u00eda Incertidumbre #25 -<\/title>\n<meta name=\"robots\" content=\"index, follow, max-snippet:-1, max-image-preview:large, max-video-preview:-1\" \/>\n<link rel=\"canonical\" href=\"https:\/\/teslafm.net\/en\/teoria-incertidumbre-25\/\" \/>\n<meta property=\"og:locale\" content=\"en_US\" \/>\n<meta property=\"og:type\" content=\"article\" \/>\n<meta property=\"og:title\" content=\"Teor\u00eda Incertidumbre #25 -\" \/>\n<meta property=\"og:description\" content=\"Teor\u00eda Incertidumbre #25 Sobre algunos de los preceptos que propone Ted Gioia sobre la m\u00fasica en la historia de la humanidad Audio&#8211; Timing &#8211; Phil Harmonic &#8211; track 5 de \u00abBlue\u00bb Gene Tyranny (1979)&#8211; Electric Piano, Vibraphone And Percussion &#8211; Craig Kupka &#8211; track 1 de Modern Dance Technique Enviroments (1979)&#8211; Satz Exil Sils Maria [&hellip;]\" \/>\n<meta property=\"og:url\" content=\"https:\/\/teslafm.net\/en\/teoria-incertidumbre-25\/\" \/>\n<meta property=\"article:publisher\" content=\"https:\/\/www.facebook.com\/teslafm.net\" \/>\n<meta property=\"article:modified_time\" content=\"2021-07-07T17:58:56+00:00\" \/>\n<meta property=\"og:image\" content=\"https:\/\/teslafm.net\/wp-content\/uploads\/2021\/07\/ted-gioia-1-1024x683.jpg\" \/>\n<meta name=\"twitter:card\" content=\"summary_large_image\" \/>\n<meta name=\"twitter:site\" content=\"@teslafm\" \/>\n<meta name=\"twitter:label1\" content=\"Est. reading time\" \/>\n\t<meta name=\"twitter:data1\" content=\"3 minutes\" \/>\n<script type=\"application\/ld+json\" class=\"yoast-schema-graph\">{\"@context\":\"https:\\\/\\\/schema.org\",\"@graph\":[{\"@type\":\"WebPage\",\"@id\":\"https:\\\/\\\/teslafm.net\\\/teoria-incertidumbre-25\\\/\",\"url\":\"https:\\\/\\\/teslafm.net\\\/teoria-incertidumbre-25\\\/\",\"name\":\"Teor\u00eda Incertidumbre #25 -\",\"isPartOf\":{\"@id\":\"https:\\\/\\\/teslafm.net\\\/#website\"},\"primaryImageOfPage\":{\"@id\":\"https:\\\/\\\/teslafm.net\\\/teoria-incertidumbre-25\\\/#primaryimage\"},\"image\":{\"@id\":\"https:\\\/\\\/teslafm.net\\\/teoria-incertidumbre-25\\\/#primaryimage\"},\"thumbnailUrl\":\"https:\\\/\\\/teslafm.net\\\/wp-content\\\/uploads\\\/2021\\\/07\\\/ted-gioia-1-1024x683.jpg\",\"datePublished\":\"2021-07-07T16:55:16+00:00\",\"dateModified\":\"2021-07-07T17:58:56+00:00\",\"breadcrumb\":{\"@id\":\"https:\\\/\\\/teslafm.net\\\/teoria-incertidumbre-25\\\/#breadcrumb\"},\"inLanguage\":\"en-US\",\"potentialAction\":[{\"@type\":\"ReadAction\",\"target\":[\"https:\\\/\\\/teslafm.net\\\/teoria-incertidumbre-25\\\/\"]}]},{\"@type\":\"ImageObject\",\"inLanguage\":\"en-US\",\"@id\":\"https:\\\/\\\/teslafm.net\\\/teoria-incertidumbre-25\\\/#primaryimage\",\"url\":\"https:\\\/\\\/teslafm.net\\\/wp-content\\\/uploads\\\/2021\\\/07\\\/ted-gioia-1-1024x683.jpg\",\"contentUrl\":\"https:\\\/\\\/teslafm.net\\\/wp-content\\\/uploads\\\/2021\\\/07\\\/ted-gioia-1-1024x683.jpg\"},{\"@type\":\"BreadcrumbList\",\"@id\":\"https:\\\/\\\/teslafm.net\\\/teoria-incertidumbre-25\\\/#breadcrumb\",\"itemListElement\":[{\"@type\":\"ListItem\",\"position\":1,\"name\":\"Portada\",\"item\":\"https:\\\/\\\/teslafm.net\\\/\"},{\"@type\":\"ListItem\",\"position\":2,\"name\":\"Teor\u00eda Incertidumbre #25\"}]},{\"@type\":\"WebSite\",\"@id\":\"https:\\\/\\\/teslafm.net\\\/#website\",\"url\":\"https:\\\/\\\/teslafm.net\\\/\",\"name\":\"TeslaFM\",\"description\":\"An experimental and creative radio\",\"publisher\":{\"@id\":\"https:\\\/\\\/teslafm.net\\\/#organization\"},\"potentialAction\":[{\"@type\":\"SearchAction\",\"target\":{\"@type\":\"EntryPoint\",\"urlTemplate\":\"https:\\\/\\\/teslafm.net\\\/?s={search_term_string}\"},\"query-input\":{\"@type\":\"PropertyValueSpecification\",\"valueRequired\":true,\"valueName\":\"search_term_string\"}}],\"inLanguage\":\"en-US\"},{\"@type\":\"Organization\",\"@id\":\"https:\\\/\\\/teslafm.net\\\/#organization\",\"name\":\"TeslaFM\",\"url\":\"https:\\\/\\\/teslafm.net\\\/\",\"logo\":{\"@type\":\"ImageObject\",\"inLanguage\":\"en-US\",\"@id\":\"https:\\\/\\\/teslafm.net\\\/#\\\/schema\\\/logo\\\/image\\\/\",\"url\":\"https:\\\/\\\/teslafm.net\\\/wp-content\\\/uploads\\\/2020\\\/06\\\/logo-tesla.png\",\"contentUrl\":\"https:\\\/\\\/teslafm.net\\\/wp-content\\\/uploads\\\/2020\\\/06\\\/logo-tesla.png\",\"width\":512,\"height\":512,\"caption\":\"TeslaFM\"},\"image\":{\"@id\":\"https:\\\/\\\/teslafm.net\\\/#\\\/schema\\\/logo\\\/image\\\/\"},\"sameAs\":[\"https:\\\/\\\/www.facebook.com\\\/teslafm.net\",\"https:\\\/\\\/x.com\\\/teslafm\"]}]}<\/script>\n<!-- \/ Yoast SEO plugin. -->","yoast_head_json":{"title":"Uncertainty Theory #25 - Uncertainty Theory #25 - Uncertainty Theory #25 -","robots":{"index":"index","follow":"follow","max-snippet":"max-snippet:-1","max-image-preview":"max-image-preview:large","max-video-preview":"max-video-preview:-1"},"canonical":"https:\/\/teslafm.net\/en\/teoria-incertidumbre-25\/","og_locale":"en_US","og_type":"article","og_title":"Teor\u00eda Incertidumbre #25 -","og_description":"Teor\u00eda Incertidumbre #25 Sobre algunos de los preceptos que propone Ted Gioia sobre la m\u00fasica en la historia de la humanidad Audio&#8211; Timing &#8211; Phil Harmonic &#8211; track 5 de \u00abBlue\u00bb Gene Tyranny (1979)&#8211; Electric Piano, Vibraphone And Percussion &#8211; Craig Kupka &#8211; track 1 de Modern Dance Technique Enviroments (1979)&#8211; Satz Exil Sils Maria [&hellip;]","og_url":"https:\/\/teslafm.net\/en\/teoria-incertidumbre-25\/","article_publisher":"https:\/\/www.facebook.com\/teslafm.net","article_modified_time":"2021-07-07T17:58:56+00:00","og_image":[{"url":"https:\/\/teslafm.net\/wp-content\/uploads\/2021\/07\/ted-gioia-1-1024x683.jpg","type":"","width":"","height":""}],"twitter_card":"summary_large_image","twitter_site":"@teslafm","twitter_misc":{"Est. reading time":"3 minutes"},"schema":{"@context":"https:\/\/schema.org","@graph":[{"@type":"WebPage","@id":"https:\/\/teslafm.net\/teoria-incertidumbre-25\/","url":"https:\/\/teslafm.net\/teoria-incertidumbre-25\/","name":"Uncertainty Theory #25 - Uncertainty Theory #25 - Uncertainty Theory #25 -","isPartOf":{"@id":"https:\/\/teslafm.net\/#website"},"primaryImageOfPage":{"@id":"https:\/\/teslafm.net\/teoria-incertidumbre-25\/#primaryimage"},"image":{"@id":"https:\/\/teslafm.net\/teoria-incertidumbre-25\/#primaryimage"},"thumbnailUrl":"https:\/\/teslafm.net\/wp-content\/uploads\/2021\/07\/ted-gioia-1-1024x683.jpg","datePublished":"2021-07-07T16:55:16+00:00","dateModified":"2021-07-07T17:58:56+00:00","breadcrumb":{"@id":"https:\/\/teslafm.net\/teoria-incertidumbre-25\/#breadcrumb"},"inLanguage":"en-US","potentialAction":[{"@type":"ReadAction","target":["https:\/\/teslafm.net\/teoria-incertidumbre-25\/"]}]},{"@type":"ImageObject","inLanguage":"en-US","@id":"https:\/\/teslafm.net\/teoria-incertidumbre-25\/#primaryimage","url":"https:\/\/teslafm.net\/wp-content\/uploads\/2021\/07\/ted-gioia-1-1024x683.jpg","contentUrl":"https:\/\/teslafm.net\/wp-content\/uploads\/2021\/07\/ted-gioia-1-1024x683.jpg"},{"@type":"BreadcrumbList","@id":"https:\/\/teslafm.net\/teoria-incertidumbre-25\/#breadcrumb","itemListElement":[{"@type":"ListItem","position":1,"name":"Portada","item":"https:\/\/teslafm.net\/"},{"@type":"ListItem","position":2,"name":"Teor\u00eda Incertidumbre #25"}]},{"@type":"WebSite","@id":"https:\/\/teslafm.net\/#website","url":"https:\/\/teslafm.net\/","name":"TeslaFM","description":"An experimental and creative radio","publisher":{"@id":"https:\/\/teslafm.net\/#organization"},"potentialAction":[{"@type":"SearchAction","target":{"@type":"EntryPoint","urlTemplate":"https:\/\/teslafm.net\/?s={search_term_string}"},"query-input":{"@type":"PropertyValueSpecification","valueRequired":true,"valueName":"search_term_string"}}],"inLanguage":"en-US"},{"@type":"Organization","@id":"https:\/\/teslafm.net\/#organization","name":"TeslaFM","url":"https:\/\/teslafm.net\/","logo":{"@type":"ImageObject","inLanguage":"en-US","@id":"https:\/\/teslafm.net\/#\/schema\/logo\/image\/","url":"https:\/\/teslafm.net\/wp-content\/uploads\/2020\/06\/logo-tesla.png","contentUrl":"https:\/\/teslafm.net\/wp-content\/uploads\/2020\/06\/logo-tesla.png","width":512,"height":512,"caption":"TeslaFM"},"image":{"@id":"https:\/\/teslafm.net\/#\/schema\/logo\/image\/"},"sameAs":["https:\/\/www.facebook.com\/teslafm.net","https:\/\/x.com\/teslafm"]}]}},"rttpg_featured_image_url":null,"rttpg_author":{"display_name":"Ishak","author_link":"https:\/\/teslafm.net\/en\/author\/cravan\/"},"rttpg_comment":0,"rttpg_category":null,"rttpg_excerpt":"Teor\u00eda Incertidumbre #25 Sobre algunos de los preceptos que propone Ted Gioia sobre la m\u00fasica en la historia de la humanidad Audio&#8211; Timing &#8211; Phil Harmonic &#8211; track 5 de \u00abBlue\u00bb Gene Tyranny (1979)&#8211; Electric Piano, Vibraphone And Percussion &#8211; Craig Kupka &#8211; track 1 de Modern Dance Technique Enviroments (1979)&#8211; Satz Exil Sils Maria&hellip;","_links":{"self":[{"href":"https:\/\/teslafm.net\/en\/wp-json\/wp\/v2\/pages\/58358","targetHints":{"allow":["GET"]}}],"collection":[{"href":"https:\/\/teslafm.net\/en\/wp-json\/wp\/v2\/pages"}],"about":[{"href":"https:\/\/teslafm.net\/en\/wp-json\/wp\/v2\/types\/page"}],"author":[{"embeddable":true,"href":"https:\/\/teslafm.net\/en\/wp-json\/wp\/v2\/users\/19"}],"replies":[{"embeddable":true,"href":"https:\/\/teslafm.net\/en\/wp-json\/wp\/v2\/comments?post=58358"}],"version-history":[{"count":5,"href":"https:\/\/teslafm.net\/en\/wp-json\/wp\/v2\/pages\/58358\/revisions"}],"predecessor-version":[{"id":58369,"href":"https:\/\/teslafm.net\/en\/wp-json\/wp\/v2\/pages\/58358\/revisions\/58369"}],"wp:attachment":[{"href":"https:\/\/teslafm.net\/en\/wp-json\/wp\/v2\/media?parent=58358"}],"curies":[{"name":"wp","href":"https:\/\/api.w.org\/{rel}","templated":true}]}}