

{"id":58409,"date":"2021-07-17T13:20:17","date_gmt":"2021-07-17T11:20:17","guid":{"rendered":"https:\/\/teslafm.net\/?page_id=58409"},"modified":"2021-07-17T13:36:18","modified_gmt":"2021-07-17T11:36:18","slug":"los-archivos-phonos-14","status":"publish","type":"page","link":"https:\/\/teslafm.net\/en\/los-archivos-phonos-14\/","title":{"rendered":"Phonos Files #14"},"content":{"rendered":"<div data-elementor-type=\"wp-page\" data-elementor-id=\"58409\" class=\"elementor elementor-58409\">\n\t\t\t\t\t\t<section class=\"elementor-section elementor-top-section elementor-element elementor-element-3c39aad0 elementor-section-boxed elementor-section-height-default elementor-section-height-default\" data-id=\"3c39aad0\" data-element_type=\"section\" data-e-type=\"section\">\n\t\t\t\t\t\t<div class=\"elementor-container elementor-column-gap-default\">\n\t\t\t\t\t<div class=\"elementor-column elementor-col-100 elementor-top-column elementor-element elementor-element-56058469\" data-id=\"56058469\" data-element_type=\"column\" data-e-type=\"column\">\n\t\t\t<div class=\"elementor-widget-wrap elementor-element-populated\">\n\t\t\t\t\t\t<div class=\"elementor-element elementor-element-4a8bb77e elementor-widget elementor-widget-text-editor\" data-id=\"4a8bb77e\" data-element_type=\"widget\" data-e-type=\"widget\" data-widget_type=\"text-editor.default\">\n\t\t\t\t<div class=\"elementor-widget-container\">\n\t\t\t\t\t\t\t\t\t<h2><span style=\"color: #ffffff;\"><strong>Phonos Files #14<\/strong><\/span><\/h2>\n<span style=\"color: #808080;\"><em>July 2021<\/em><\/span>\n\n<iframe width=\"100%\" height=\"120\" src=\"https:\/\/www.mixcloud.com\/widget\/iframe\/?hide_cover=1&#038;feed=%2FTeslafm_net%2Flos-archivos-phonos-14-%C3%A1ngel-faraldo%2F\" frameborder=\"0\" ><\/iframe>\t\t\t\t\t\t\t\t<\/div>\n\t\t\t\t<\/div>\n\t\t\t\t\t<\/div>\n\t\t<\/div>\n\t\t\t\t\t<\/div>\n\t\t<\/section>\n\t\t\t\t<section class=\"elementor-section elementor-top-section elementor-element elementor-element-33e960b elementor-section-boxed elementor-section-height-default elementor-section-height-default\" data-id=\"33e960b\" data-element_type=\"section\" data-e-type=\"section\">\n\t\t\t\t\t\t<div class=\"elementor-container elementor-column-gap-default\">\n\t\t\t\t\t<div class=\"elementor-column elementor-col-50 elementor-top-column elementor-element elementor-element-be57970\" data-id=\"be57970\" data-element_type=\"column\" data-e-type=\"column\">\n\t\t\t<div class=\"elementor-widget-wrap elementor-element-populated\">\n\t\t\t\t\t\t<div class=\"elementor-element elementor-element-ea879c4 elementor-widget elementor-widget-image\" data-id=\"ea879c4\" data-element_type=\"widget\" data-e-type=\"widget\" data-widget_type=\"image.default\">\n\t\t\t\t<div class=\"elementor-widget-container\">\n\t\t\t\t\t\t\t\t\t\t\t\t\t\t\t<img fetchpriority=\"high\" decoding=\"async\" width=\"1000\" height=\"749\" src=\"https:\/\/teslafm.net\/wp-content\/uploads\/2021\/07\/Los-Archivos-Phonos-14-Darmstadt-Foto-1.png\" class=\"attachment-large size-large wp-image-58410\" alt=\"\" srcset=\"https:\/\/teslafm.net\/wp-content\/uploads\/2021\/07\/Los-Archivos-Phonos-14-Darmstadt-Foto-1.png 1000w, https:\/\/teslafm.net\/wp-content\/uploads\/2021\/07\/Los-Archivos-Phonos-14-Darmstadt-Foto-1-300x225.png 300w, https:\/\/teslafm.net\/wp-content\/uploads\/2021\/07\/Los-Archivos-Phonos-14-Darmstadt-Foto-1-768x575.png 768w\" sizes=\"(max-width: 1000px) 100vw, 1000px\" \/>\t\t\t\t\t\t\t\t\t\t\t\t\t\t\t<\/div>\n\t\t\t\t<\/div>\n\t\t\t\t\t<\/div>\n\t\t<\/div>\n\t\t\t\t<div class=\"elementor-column elementor-col-50 elementor-top-column elementor-element elementor-element-255c677\" data-id=\"255c677\" data-element_type=\"column\" data-e-type=\"column\">\n\t\t\t<div class=\"elementor-widget-wrap elementor-element-populated\">\n\t\t\t\t\t\t<div class=\"elementor-element elementor-element-02a4eb1 elementor-widget elementor-widget-image\" data-id=\"02a4eb1\" data-element_type=\"widget\" data-e-type=\"widget\" data-widget_type=\"image.default\">\n\t\t\t\t<div class=\"elementor-widget-container\">\n\t\t\t\t\t\t\t\t\t\t\t\t\t\t\t<img decoding=\"async\" width=\"1000\" height=\"746\" src=\"https:\/\/teslafm.net\/wp-content\/uploads\/2021\/07\/Los-Archivos-Phonos-14-Darmstadt-Foto-2.png\" class=\"attachment-large size-large wp-image-58412\" alt=\"\" srcset=\"https:\/\/teslafm.net\/wp-content\/uploads\/2021\/07\/Los-Archivos-Phonos-14-Darmstadt-Foto-2.png 1000w, https:\/\/teslafm.net\/wp-content\/uploads\/2021\/07\/Los-Archivos-Phonos-14-Darmstadt-Foto-2-300x224.png 300w, https:\/\/teslafm.net\/wp-content\/uploads\/2021\/07\/Los-Archivos-Phonos-14-Darmstadt-Foto-2-768x573.png 768w\" sizes=\"(max-width: 1000px) 100vw, 1000px\" \/>\t\t\t\t\t\t\t\t\t\t\t\t\t\t\t<\/div>\n\t\t\t\t<\/div>\n\t\t\t\t\t<\/div>\n\t\t<\/div>\n\t\t\t\t\t<\/div>\n\t\t<\/section>\n\t\t\t\t<section class=\"elementor-section elementor-top-section elementor-element elementor-element-9857be6 elementor-section-boxed elementor-section-height-default elementor-section-height-default\" data-id=\"9857be6\" data-element_type=\"section\" data-e-type=\"section\">\n\t\t\t\t\t\t<div class=\"elementor-container elementor-column-gap-default\">\n\t\t\t\t\t<div class=\"elementor-column elementor-col-100 elementor-top-column elementor-element elementor-element-57f9aac\" data-id=\"57f9aac\" data-element_type=\"column\" data-e-type=\"column\">\n\t\t\t<div class=\"elementor-widget-wrap elementor-element-populated\">\n\t\t\t\t\t\t<div class=\"elementor-element elementor-element-78130e3 elementor-widget elementor-widget-text-editor\" data-id=\"78130e3\" data-element_type=\"widget\" data-e-type=\"widget\" data-widget_type=\"text-editor.default\">\n\t\t\t\t<div class=\"elementor-widget-container\">\n\t\t\t\t\t\t\t\t\t<p><br \/><span style=\"color: #808080;\">In The Phonos 14 Archives we recovered the concert of the <strong>Phonos Instrumental Group<\/strong> in the 33rd edition of the <em>Darmstadt New Music Courses<\/em>The Phonos Group was a reference event for avant-garde music in the second half of the twentieth century. The Phonos Group was constituted on this occasion by seven composers\/performers from the Phonos Laboratory environment, who offered a concert for 4 guitars, 2 flutes, piano and electronics (in Spanish).<strong>Jep Nuix<\/strong>,<strong> Jordi Russinyol<\/strong>, <strong>Juan Jos\u00e9 Ordinas<\/strong>,<strong> Claudio Zuli\u00e1n<\/strong>, <strong>Oriol Graus<\/strong>,<strong> Josep Manuel Berenguer <\/strong>and<strong> Juan Antonio Moreno<\/strong>).<\/span><\/p><p><span style=\"color: #808080;\">Tracklist<\/span><\/p><p><span style=\"color: #808080;\">(02'52'')<strong> Jep Nuix<\/strong>: L'Inizio (1986) for flute and tape (Nuix)<\/span><br \/><span style=\"color: #808080;\">(19'54'') <strong>Jordi Russignol<\/strong>: Splasshhh...! (1985) for guitar (Russignol)<\/span><br \/><span style=\"color: #808080;\">(24'23'') <strong>Juan Jos\u00e9 Ordinas<\/strong> &amp; <strong>Claudio Zulian<\/strong>: The Book of Excesses (1986) for flute, guitar and tape (Ordinas, Zulian)<\/span><br \/><span style=\"color: #808080;\">(29'00'') <strong>Oriol Graus<\/strong>: Textura II (1982) for 3 guitars (Graus, Ordinas, Russignol)<\/span><br \/><span style=\"color: #808080;\">(49'52'') <strong>Josep Manuel Berenguer<\/strong>: El Ponent Excessiu (1985) for 2 guitars and Tape (Russignol, Berenguer)<\/span><\/p>\t\t\t\t\t\t\t\t<\/div>\n\t\t\t\t<\/div>\n\t\t\t\t\t<\/div>\n\t\t<\/div>\n\t\t\t\t\t<\/div>\n\t\t<\/section>\n\t\t\t\t<\/div>","protected":false},"excerpt":{"rendered":"<p>Los Archivos Phonos #14 Julio 2021 En Los Archivos Phonos 14 recuperamos el concierto del Grupo Instrumental Phonos en la 33 edici\u00f3n de los Cursos de Nueva M\u00fasica de Darmstadt, cita de referencia para las m\u00fasicas de vanguardia en la segunda mitad del Siglo XX. El Grupo Phonos estaba constituido en esta ocasi\u00f3n por siete [&hellip;]<\/p>\n","protected":false},"author":19,"featured_media":0,"parent":0,"menu_order":0,"comment_status":"closed","ping_status":"closed","template":"","meta":{"footnotes":""},"class_list":["post-58409","page","type-page","status-publish","hentry"],"yoast_head":"<!-- This site is optimized with the Yoast SEO plugin v27.5 - https:\/\/yoast.com\/product\/yoast-seo-wordpress\/ -->\n<title>Los Archivos Phonos #14 -<\/title>\n<meta name=\"robots\" content=\"index, follow, max-snippet:-1, max-image-preview:large, max-video-preview:-1\" \/>\n<link rel=\"canonical\" href=\"https:\/\/teslafm.net\/en\/los-archivos-phonos-14\/\" \/>\n<meta property=\"og:locale\" content=\"en_US\" \/>\n<meta property=\"og:type\" content=\"article\" \/>\n<meta property=\"og:title\" content=\"Los Archivos Phonos #14 -\" \/>\n<meta property=\"og:description\" content=\"Los Archivos Phonos #14 Julio 2021 En Los Archivos Phonos 14 recuperamos el concierto del Grupo Instrumental Phonos en la 33 edici\u00f3n de los Cursos de Nueva M\u00fasica de Darmstadt, cita de referencia para las m\u00fasicas de vanguardia en la segunda mitad del Siglo XX. El Grupo Phonos estaba constituido en esta ocasi\u00f3n por siete [&hellip;]\" \/>\n<meta property=\"og:url\" content=\"https:\/\/teslafm.net\/en\/los-archivos-phonos-14\/\" \/>\n<meta property=\"article:publisher\" content=\"https:\/\/www.facebook.com\/teslafm.net\" \/>\n<meta property=\"article:modified_time\" content=\"2021-07-17T11:36:18+00:00\" \/>\n<meta property=\"og:image\" content=\"https:\/\/teslafm.net\/wp-content\/uploads\/2021\/07\/Los-Archivos-Phonos-14-Darmstadt-Foto-1.png\" \/>\n<meta name=\"twitter:card\" content=\"summary_large_image\" \/>\n<meta name=\"twitter:site\" content=\"@teslafm\" \/>\n<meta name=\"twitter:label1\" content=\"Est. reading time\" \/>\n\t<meta name=\"twitter:data1\" content=\"2 minutes\" \/>\n<script type=\"application\/ld+json\" class=\"yoast-schema-graph\">{\"@context\":\"https:\\\/\\\/schema.org\",\"@graph\":[{\"@type\":\"WebPage\",\"@id\":\"https:\\\/\\\/teslafm.net\\\/los-archivos-phonos-14\\\/\",\"url\":\"https:\\\/\\\/teslafm.net\\\/los-archivos-phonos-14\\\/\",\"name\":\"Los Archivos Phonos #14 -\",\"isPartOf\":{\"@id\":\"https:\\\/\\\/teslafm.net\\\/#website\"},\"primaryImageOfPage\":{\"@id\":\"https:\\\/\\\/teslafm.net\\\/los-archivos-phonos-14\\\/#primaryimage\"},\"image\":{\"@id\":\"https:\\\/\\\/teslafm.net\\\/los-archivos-phonos-14\\\/#primaryimage\"},\"thumbnailUrl\":\"https:\\\/\\\/teslafm.net\\\/wp-content\\\/uploads\\\/2021\\\/07\\\/Los-Archivos-Phonos-14-Darmstadt-Foto-1.png\",\"datePublished\":\"2021-07-17T11:20:17+00:00\",\"dateModified\":\"2021-07-17T11:36:18+00:00\",\"breadcrumb\":{\"@id\":\"https:\\\/\\\/teslafm.net\\\/los-archivos-phonos-14\\\/#breadcrumb\"},\"inLanguage\":\"en-US\",\"potentialAction\":[{\"@type\":\"ReadAction\",\"target\":[\"https:\\\/\\\/teslafm.net\\\/los-archivos-phonos-14\\\/\"]}]},{\"@type\":\"ImageObject\",\"inLanguage\":\"en-US\",\"@id\":\"https:\\\/\\\/teslafm.net\\\/los-archivos-phonos-14\\\/#primaryimage\",\"url\":\"https:\\\/\\\/teslafm.net\\\/wp-content\\\/uploads\\\/2021\\\/07\\\/Los-Archivos-Phonos-14-Darmstadt-Foto-1.png\",\"contentUrl\":\"https:\\\/\\\/teslafm.net\\\/wp-content\\\/uploads\\\/2021\\\/07\\\/Los-Archivos-Phonos-14-Darmstadt-Foto-1.png\"},{\"@type\":\"BreadcrumbList\",\"@id\":\"https:\\\/\\\/teslafm.net\\\/los-archivos-phonos-14\\\/#breadcrumb\",\"itemListElement\":[{\"@type\":\"ListItem\",\"position\":1,\"name\":\"Portada\",\"item\":\"https:\\\/\\\/teslafm.net\\\/\"},{\"@type\":\"ListItem\",\"position\":2,\"name\":\"Los Archivos Phonos #14\"}]},{\"@type\":\"WebSite\",\"@id\":\"https:\\\/\\\/teslafm.net\\\/#website\",\"url\":\"https:\\\/\\\/teslafm.net\\\/\",\"name\":\"TeslaFM\",\"description\":\"An experimental and creative radio\",\"publisher\":{\"@id\":\"https:\\\/\\\/teslafm.net\\\/#organization\"},\"potentialAction\":[{\"@type\":\"SearchAction\",\"target\":{\"@type\":\"EntryPoint\",\"urlTemplate\":\"https:\\\/\\\/teslafm.net\\\/?s={search_term_string}\"},\"query-input\":{\"@type\":\"PropertyValueSpecification\",\"valueRequired\":true,\"valueName\":\"search_term_string\"}}],\"inLanguage\":\"en-US\"},{\"@type\":\"Organization\",\"@id\":\"https:\\\/\\\/teslafm.net\\\/#organization\",\"name\":\"TeslaFM\",\"url\":\"https:\\\/\\\/teslafm.net\\\/\",\"logo\":{\"@type\":\"ImageObject\",\"inLanguage\":\"en-US\",\"@id\":\"https:\\\/\\\/teslafm.net\\\/#\\\/schema\\\/logo\\\/image\\\/\",\"url\":\"https:\\\/\\\/teslafm.net\\\/wp-content\\\/uploads\\\/2020\\\/06\\\/logo-tesla.png\",\"contentUrl\":\"https:\\\/\\\/teslafm.net\\\/wp-content\\\/uploads\\\/2020\\\/06\\\/logo-tesla.png\",\"width\":512,\"height\":512,\"caption\":\"TeslaFM\"},\"image\":{\"@id\":\"https:\\\/\\\/teslafm.net\\\/#\\\/schema\\\/logo\\\/image\\\/\"},\"sameAs\":[\"https:\\\/\\\/www.facebook.com\\\/teslafm.net\",\"https:\\\/\\\/x.com\\\/teslafm\"]}]}<\/script>\n<!-- \/ Yoast SEO plugin. -->","yoast_head_json":{"title":"Phonos Files #14 - Phonos Files #14 -","robots":{"index":"index","follow":"follow","max-snippet":"max-snippet:-1","max-image-preview":"max-image-preview:large","max-video-preview":"max-video-preview:-1"},"canonical":"https:\/\/teslafm.net\/en\/los-archivos-phonos-14\/","og_locale":"en_US","og_type":"article","og_title":"Los Archivos Phonos #14 -","og_description":"Los Archivos Phonos #14 Julio 2021 En Los Archivos Phonos 14 recuperamos el concierto del Grupo Instrumental Phonos en la 33 edici\u00f3n de los Cursos de Nueva M\u00fasica de Darmstadt, cita de referencia para las m\u00fasicas de vanguardia en la segunda mitad del Siglo XX. El Grupo Phonos estaba constituido en esta ocasi\u00f3n por siete [&hellip;]","og_url":"https:\/\/teslafm.net\/en\/los-archivos-phonos-14\/","article_publisher":"https:\/\/www.facebook.com\/teslafm.net","article_modified_time":"2021-07-17T11:36:18+00:00","og_image":[{"url":"https:\/\/teslafm.net\/wp-content\/uploads\/2021\/07\/Los-Archivos-Phonos-14-Darmstadt-Foto-1.png","type":"","width":"","height":""}],"twitter_card":"summary_large_image","twitter_site":"@teslafm","twitter_misc":{"Est. reading time":"2 minutes"},"schema":{"@context":"https:\/\/schema.org","@graph":[{"@type":"WebPage","@id":"https:\/\/teslafm.net\/los-archivos-phonos-14\/","url":"https:\/\/teslafm.net\/los-archivos-phonos-14\/","name":"Phonos Files #14 - Phonos Files #14 -","isPartOf":{"@id":"https:\/\/teslafm.net\/#website"},"primaryImageOfPage":{"@id":"https:\/\/teslafm.net\/los-archivos-phonos-14\/#primaryimage"},"image":{"@id":"https:\/\/teslafm.net\/los-archivos-phonos-14\/#primaryimage"},"thumbnailUrl":"https:\/\/teslafm.net\/wp-content\/uploads\/2021\/07\/Los-Archivos-Phonos-14-Darmstadt-Foto-1.png","datePublished":"2021-07-17T11:20:17+00:00","dateModified":"2021-07-17T11:36:18+00:00","breadcrumb":{"@id":"https:\/\/teslafm.net\/los-archivos-phonos-14\/#breadcrumb"},"inLanguage":"en-US","potentialAction":[{"@type":"ReadAction","target":["https:\/\/teslafm.net\/los-archivos-phonos-14\/"]}]},{"@type":"ImageObject","inLanguage":"en-US","@id":"https:\/\/teslafm.net\/los-archivos-phonos-14\/#primaryimage","url":"https:\/\/teslafm.net\/wp-content\/uploads\/2021\/07\/Los-Archivos-Phonos-14-Darmstadt-Foto-1.png","contentUrl":"https:\/\/teslafm.net\/wp-content\/uploads\/2021\/07\/Los-Archivos-Phonos-14-Darmstadt-Foto-1.png"},{"@type":"BreadcrumbList","@id":"https:\/\/teslafm.net\/los-archivos-phonos-14\/#breadcrumb","itemListElement":[{"@type":"ListItem","position":1,"name":"Portada","item":"https:\/\/teslafm.net\/"},{"@type":"ListItem","position":2,"name":"Los Archivos Phonos #14"}]},{"@type":"WebSite","@id":"https:\/\/teslafm.net\/#website","url":"https:\/\/teslafm.net\/","name":"TeslaFM","description":"An experimental and creative radio","publisher":{"@id":"https:\/\/teslafm.net\/#organization"},"potentialAction":[{"@type":"SearchAction","target":{"@type":"EntryPoint","urlTemplate":"https:\/\/teslafm.net\/?s={search_term_string}"},"query-input":{"@type":"PropertyValueSpecification","valueRequired":true,"valueName":"search_term_string"}}],"inLanguage":"en-US"},{"@type":"Organization","@id":"https:\/\/teslafm.net\/#organization","name":"TeslaFM","url":"https:\/\/teslafm.net\/","logo":{"@type":"ImageObject","inLanguage":"en-US","@id":"https:\/\/teslafm.net\/#\/schema\/logo\/image\/","url":"https:\/\/teslafm.net\/wp-content\/uploads\/2020\/06\/logo-tesla.png","contentUrl":"https:\/\/teslafm.net\/wp-content\/uploads\/2020\/06\/logo-tesla.png","width":512,"height":512,"caption":"TeslaFM"},"image":{"@id":"https:\/\/teslafm.net\/#\/schema\/logo\/image\/"},"sameAs":["https:\/\/www.facebook.com\/teslafm.net","https:\/\/x.com\/teslafm"]}]}},"rttpg_featured_image_url":null,"rttpg_author":{"display_name":"Ishak","author_link":"https:\/\/teslafm.net\/en\/author\/cravan\/"},"rttpg_comment":0,"rttpg_category":null,"rttpg_excerpt":"Los Archivos Phonos #14 Julio 2021 En Los Archivos Phonos 14 recuperamos el concierto del Grupo Instrumental Phonos en la 33 edici\u00f3n de los Cursos de Nueva M\u00fasica de Darmstadt, cita de referencia para las m\u00fasicas de vanguardia en la segunda mitad del Siglo XX. El Grupo Phonos estaba constituido en esta ocasi\u00f3n por siete&hellip;","_links":{"self":[{"href":"https:\/\/teslafm.net\/en\/wp-json\/wp\/v2\/pages\/58409","targetHints":{"allow":["GET"]}}],"collection":[{"href":"https:\/\/teslafm.net\/en\/wp-json\/wp\/v2\/pages"}],"about":[{"href":"https:\/\/teslafm.net\/en\/wp-json\/wp\/v2\/types\/page"}],"author":[{"embeddable":true,"href":"https:\/\/teslafm.net\/en\/wp-json\/wp\/v2\/users\/19"}],"replies":[{"embeddable":true,"href":"https:\/\/teslafm.net\/en\/wp-json\/wp\/v2\/comments?post=58409"}],"version-history":[{"count":3,"href":"https:\/\/teslafm.net\/en\/wp-json\/wp\/v2\/pages\/58409\/revisions"}],"predecessor-version":[{"id":58414,"href":"https:\/\/teslafm.net\/en\/wp-json\/wp\/v2\/pages\/58409\/revisions\/58414"}],"wp:attachment":[{"href":"https:\/\/teslafm.net\/en\/wp-json\/wp\/v2\/media?parent=58409"}],"curies":[{"name":"wp","href":"https:\/\/api.w.org\/{rel}","templated":true}]}}