

{"id":58434,"date":"2021-07-23T17:39:24","date_gmt":"2021-07-23T15:39:24","guid":{"rendered":"https:\/\/teslafm.net\/?page_id=58434"},"modified":"2022-12-07T14:13:57","modified_gmt":"2022-12-07T13:13:57","slug":"luna-llena-16","status":"publish","type":"page","link":"https:\/\/teslafm.net\/en\/luna-llena-16\/","title":{"rendered":"Full Moon #16"},"content":{"rendered":"<h2><span style=\"color: #ffffff;\"><strong>Luna llena #16<\/strong><\/span><\/h2>\n<p lang=\"en\"><span style=\"color: #808080;\"><em>Ciencias In\u00fatiles no Ilustradas [la &#8216;pataf\u00edsica]<\/em><\/span><\/p>\n<p><iframe src=\"https:\/\/www.mixcloud.com\/widget\/iframe\/?hide_cover=1&amp;feed=%2FTeslafm_net%2Fluna-llena-16-ciencias-in%C3%BAtiles-no-ilustradas-la-pataf%C3%ADsica%2F\" width=\"100%\" height=\"120\" frameborder=\"0\"><\/iframe><\/p>\n<p lang=\"en\"><img fetchpriority=\"high\" decoding=\"async\" class=\"alignnone size-full wp-image-58442\" src=\"https:\/\/teslafm.net\/wp-content\/uploads\/2021\/07\/patafisica.png\" alt=\"\" width=\"640\" height=\"640\" srcset=\"https:\/\/teslafm.net\/wp-content\/uploads\/2021\/07\/patafisica.png 640w, https:\/\/teslafm.net\/wp-content\/uploads\/2021\/07\/patafisica-300x300.png 300w, https:\/\/teslafm.net\/wp-content\/uploads\/2021\/07\/patafisica-150x150.png 150w\" sizes=\"(max-width: 640px) 100vw, 640px\" \/><\/p>\n<p><span style=\"color: #808080;\">Presentaci\u00f3n <strong>Ishak Benavides<\/strong><\/span><br \/>\n<span style=\"color: #808080;\"><strong>Los Iniciados<\/strong> \u2013 Obertura (Todo Ub\u00fa, 1983)<\/span><\/p>\n<p><span style=\"color: #808080;\">01. Sinton\u00eda Feria del Libro 2012, Parque Explora, Medell\u00edn, Colombia.<\/span><br \/>\n<span style=\"color: #808080;\">02. <strong>Los Iniciados<\/strong> &#8211; Canci\u00f3n 1era de los Palotines (Todo Ub\u00fa. 1983)<\/span><br \/>\n<span style=\"color: #808080;\">03. Conferencia a cargo de <strong>Brigitte Luis Guillermo Baptiste<\/strong> &#8211; Pataf\u00edsica, Iluminar la Ciencia con la Oscuridad de la Duda<\/span><br \/>\n<span style=\"color: #808080;\">04. <strong>Jean Dubuffet<\/strong> &#8211; La fleur de Barbe (Expe\u0301riences musicales, 1961)<\/span><br \/>\n<span style=\"color: #808080;\">05. <strong>Los Iniciados<\/strong> &#8211; Canci\u00f3n 2a de los Palotines (Todo Ub\u00fa, 1983)<\/span><br \/>\n<span style=\"color: #808080;\">06. <strong>Jean Dubuffet<\/strong> &#8211; Le Bateau Coul\u00e9 (Expe\u0301riences musicales, 1961)<\/span><br \/>\n<span style=\"color: #808080;\">07. <strong>Los Iniciados<\/strong> &#8211; Canci\u00f3n de los Invitados (Todo Ub\u00fa, 1983)<\/span><br \/>\n<span style=\"color: #808080;\">08. <strong>Jean Dubuffet<\/strong> \u2013 Aggravation (Expe\u0301riences musicales, 1961)<\/span><br \/>\n<span style=\"color: #808080;\">09. Canci\u00f3n del descerebramiento (<strong>Alfred Jarry<\/strong>)<\/span><br \/>\n<span style=\"color: #808080;\">10. <strong>El Otro Ilustre Colegio Oficial de Pataphysica<\/strong> &#8211; El Liviano Entrem\u00e9s (2012)<\/span><br \/>\n<span style=\"color: #808080;\">11. Locutions et proverbes de <strong>Jacques Prevert<\/strong> dans \u201cDr\u00f4le de Drame\u201d, 1937<\/span><br \/>\n<span style=\"color: #808080;\">12. <strong>El Otro Ilustre Colegio Oficial de Pataphysica<\/strong> \u2013 Vals paranoico triunfal (2012)<\/span><br \/>\n<span style=\"color: #808080;\">13. <strong>Alfred Jarry<\/strong> (1873-1907) documental Un si\u00e8cle d&#8217;\u00e9crivains<\/span><br \/>\n<span style=\"color: #808080;\">14. <strong>Bernd Alois Zimmermann<\/strong> &#8211; Musique pour les soupers du roi Ubu<\/span><br \/>\n<span style=\"color: #808080;\">15. <strong>Los Iniciados<\/strong> \u2013 Canci\u00f3n del T\u00edo Ub\u00fa (Todo Ub\u00fa, 1983)<\/span><br \/>\n<span style=\"color: #808080;\">16. Sociedad Exc\u00e9ntrica (<strong>Raimundi Intelligibilis<\/strong>), Cabaret La Liada de Homero, Barcelona 2015<\/span><\/p>\n<p>&nbsp;<\/p>\n<p><span style=\"color: #808080;\">Dise\u00f1o gr\u00e1fico: <strong>Ea7_dmZ<\/strong><\/span><br \/>\n<span style=\"color: #808080;\">Producido por <strong>Ea7_dmZ<\/strong> y <strong>Ishak Benavides<\/strong>.<\/span><\/p>\n<p>&nbsp;<\/p>\n<p>&nbsp;<\/p>\n","protected":false},"excerpt":{"rendered":"<p>Luna llena #16 Ciencias In\u00fatiles no Ilustradas [la &#8216;pataf\u00edsica] Presentaci\u00f3n Ishak Benavides Los Iniciados \u2013 Obertura (Todo Ub\u00fa, 1983) 01. Sinton\u00eda Feria del Libro 2012, Parque Explora, Medell\u00edn, Colombia. 02. Los Iniciados &#8211; Canci\u00f3n 1era de los Palotines (Todo Ub\u00fa. 1983) 03. Conferencia a cargo de Brigitte Luis Guillermo Baptiste &#8211; Pataf\u00edsica, Iluminar la Ciencia [&hellip;]<\/p>\n","protected":false},"author":19,"featured_media":0,"parent":0,"menu_order":0,"comment_status":"closed","ping_status":"closed","template":"","meta":{"footnotes":""},"class_list":["post-58434","page","type-page","status-publish","hentry"],"yoast_head":"<!-- This site is optimized with the Yoast SEO plugin v27.4 - https:\/\/yoast.com\/product\/yoast-seo-wordpress\/ -->\n<title>Luna Llena #16 -<\/title>\n<meta name=\"robots\" content=\"index, follow, max-snippet:-1, max-image-preview:large, max-video-preview:-1\" \/>\n<link rel=\"canonical\" href=\"https:\/\/teslafm.net\/en\/luna-llena-16\/\" \/>\n<meta property=\"og:locale\" content=\"en_US\" \/>\n<meta property=\"og:type\" content=\"article\" \/>\n<meta property=\"og:title\" content=\"Luna Llena #16 -\" \/>\n<meta property=\"og:description\" content=\"Luna llena #16 Ciencias In\u00fatiles no Ilustradas [la &#8216;pataf\u00edsica] Presentaci\u00f3n Ishak Benavides Los Iniciados \u2013 Obertura (Todo Ub\u00fa, 1983) 01. Sinton\u00eda Feria del Libro 2012, Parque Explora, Medell\u00edn, Colombia. 02. Los Iniciados &#8211; Canci\u00f3n 1era de los Palotines (Todo Ub\u00fa. 1983) 03. Conferencia a cargo de Brigitte Luis Guillermo Baptiste &#8211; Pataf\u00edsica, Iluminar la Ciencia [&hellip;]\" \/>\n<meta property=\"og:url\" content=\"https:\/\/teslafm.net\/en\/luna-llena-16\/\" \/>\n<meta property=\"article:publisher\" content=\"https:\/\/www.facebook.com\/teslafm.net\" \/>\n<meta property=\"article:modified_time\" content=\"2022-12-07T13:13:57+00:00\" \/>\n<meta property=\"og:image\" content=\"https:\/\/teslafm.net\/wp-content\/uploads\/2021\/07\/patafisica.png\" \/>\n<meta name=\"twitter:card\" content=\"summary_large_image\" \/>\n<meta name=\"twitter:site\" content=\"@teslafm\" \/>\n<meta name=\"twitter:label1\" content=\"Est. reading time\" \/>\n\t<meta name=\"twitter:data1\" content=\"2 minutes\" \/>\n<script type=\"application\/ld+json\" class=\"yoast-schema-graph\">{\"@context\":\"https:\\\/\\\/schema.org\",\"@graph\":[{\"@type\":\"WebPage\",\"@id\":\"https:\\\/\\\/teslafm.net\\\/luna-llena-16\\\/\",\"url\":\"https:\\\/\\\/teslafm.net\\\/luna-llena-16\\\/\",\"name\":\"Luna Llena #16 -\",\"isPartOf\":{\"@id\":\"https:\\\/\\\/teslafm.net\\\/#website\"},\"primaryImageOfPage\":{\"@id\":\"https:\\\/\\\/teslafm.net\\\/luna-llena-16\\\/#primaryimage\"},\"image\":{\"@id\":\"https:\\\/\\\/teslafm.net\\\/luna-llena-16\\\/#primaryimage\"},\"thumbnailUrl\":\"https:\\\/\\\/teslafm.net\\\/wp-content\\\/uploads\\\/2021\\\/07\\\/patafisica.png\",\"datePublished\":\"2021-07-23T15:39:24+00:00\",\"dateModified\":\"2022-12-07T13:13:57+00:00\",\"breadcrumb\":{\"@id\":\"https:\\\/\\\/teslafm.net\\\/luna-llena-16\\\/#breadcrumb\"},\"inLanguage\":\"en-US\",\"potentialAction\":[{\"@type\":\"ReadAction\",\"target\":[\"https:\\\/\\\/teslafm.net\\\/luna-llena-16\\\/\"]}]},{\"@type\":\"ImageObject\",\"inLanguage\":\"en-US\",\"@id\":\"https:\\\/\\\/teslafm.net\\\/luna-llena-16\\\/#primaryimage\",\"url\":\"https:\\\/\\\/teslafm.net\\\/wp-content\\\/uploads\\\/2021\\\/07\\\/patafisica.png\",\"contentUrl\":\"https:\\\/\\\/teslafm.net\\\/wp-content\\\/uploads\\\/2021\\\/07\\\/patafisica.png\"},{\"@type\":\"BreadcrumbList\",\"@id\":\"https:\\\/\\\/teslafm.net\\\/luna-llena-16\\\/#breadcrumb\",\"itemListElement\":[{\"@type\":\"ListItem\",\"position\":1,\"name\":\"Portada\",\"item\":\"https:\\\/\\\/teslafm.net\\\/\"},{\"@type\":\"ListItem\",\"position\":2,\"name\":\"Luna Llena #16\"}]},{\"@type\":\"WebSite\",\"@id\":\"https:\\\/\\\/teslafm.net\\\/#website\",\"url\":\"https:\\\/\\\/teslafm.net\\\/\",\"name\":\"TeslaFM\",\"description\":\"An experimental and creative radio\",\"publisher\":{\"@id\":\"https:\\\/\\\/teslafm.net\\\/#organization\"},\"potentialAction\":[{\"@type\":\"SearchAction\",\"target\":{\"@type\":\"EntryPoint\",\"urlTemplate\":\"https:\\\/\\\/teslafm.net\\\/?s={search_term_string}\"},\"query-input\":{\"@type\":\"PropertyValueSpecification\",\"valueRequired\":true,\"valueName\":\"search_term_string\"}}],\"inLanguage\":\"en-US\"},{\"@type\":\"Organization\",\"@id\":\"https:\\\/\\\/teslafm.net\\\/#organization\",\"name\":\"TeslaFM\",\"url\":\"https:\\\/\\\/teslafm.net\\\/\",\"logo\":{\"@type\":\"ImageObject\",\"inLanguage\":\"en-US\",\"@id\":\"https:\\\/\\\/teslafm.net\\\/#\\\/schema\\\/logo\\\/image\\\/\",\"url\":\"https:\\\/\\\/teslafm.net\\\/wp-content\\\/uploads\\\/2020\\\/06\\\/logo-tesla.png\",\"contentUrl\":\"https:\\\/\\\/teslafm.net\\\/wp-content\\\/uploads\\\/2020\\\/06\\\/logo-tesla.png\",\"width\":512,\"height\":512,\"caption\":\"TeslaFM\"},\"image\":{\"@id\":\"https:\\\/\\\/teslafm.net\\\/#\\\/schema\\\/logo\\\/image\\\/\"},\"sameAs\":[\"https:\\\/\\\/www.facebook.com\\\/teslafm.net\",\"https:\\\/\\\/x.com\\\/teslafm\"]}]}<\/script>\n<!-- \/ Yoast SEO plugin. -->","yoast_head_json":{"title":"Full Moon #16 -","robots":{"index":"index","follow":"follow","max-snippet":"max-snippet:-1","max-image-preview":"max-image-preview:large","max-video-preview":"max-video-preview:-1"},"canonical":"https:\/\/teslafm.net\/en\/luna-llena-16\/","og_locale":"en_US","og_type":"article","og_title":"Luna Llena #16 -","og_description":"Luna llena #16 Ciencias In\u00fatiles no Ilustradas [la &#8216;pataf\u00edsica] Presentaci\u00f3n Ishak Benavides Los Iniciados \u2013 Obertura (Todo Ub\u00fa, 1983) 01. Sinton\u00eda Feria del Libro 2012, Parque Explora, Medell\u00edn, Colombia. 02. Los Iniciados &#8211; Canci\u00f3n 1era de los Palotines (Todo Ub\u00fa. 1983) 03. Conferencia a cargo de Brigitte Luis Guillermo Baptiste &#8211; Pataf\u00edsica, Iluminar la Ciencia [&hellip;]","og_url":"https:\/\/teslafm.net\/en\/luna-llena-16\/","article_publisher":"https:\/\/www.facebook.com\/teslafm.net","article_modified_time":"2022-12-07T13:13:57+00:00","og_image":[{"url":"https:\/\/teslafm.net\/wp-content\/uploads\/2021\/07\/patafisica.png","type":"","width":"","height":""}],"twitter_card":"summary_large_image","twitter_site":"@teslafm","twitter_misc":{"Est. reading time":"2 minutes"},"schema":{"@context":"https:\/\/schema.org","@graph":[{"@type":"WebPage","@id":"https:\/\/teslafm.net\/luna-llena-16\/","url":"https:\/\/teslafm.net\/luna-llena-16\/","name":"Full Moon #16 -","isPartOf":{"@id":"https:\/\/teslafm.net\/#website"},"primaryImageOfPage":{"@id":"https:\/\/teslafm.net\/luna-llena-16\/#primaryimage"},"image":{"@id":"https:\/\/teslafm.net\/luna-llena-16\/#primaryimage"},"thumbnailUrl":"https:\/\/teslafm.net\/wp-content\/uploads\/2021\/07\/patafisica.png","datePublished":"2021-07-23T15:39:24+00:00","dateModified":"2022-12-07T13:13:57+00:00","breadcrumb":{"@id":"https:\/\/teslafm.net\/luna-llena-16\/#breadcrumb"},"inLanguage":"en-US","potentialAction":[{"@type":"ReadAction","target":["https:\/\/teslafm.net\/luna-llena-16\/"]}]},{"@type":"ImageObject","inLanguage":"en-US","@id":"https:\/\/teslafm.net\/luna-llena-16\/#primaryimage","url":"https:\/\/teslafm.net\/wp-content\/uploads\/2021\/07\/patafisica.png","contentUrl":"https:\/\/teslafm.net\/wp-content\/uploads\/2021\/07\/patafisica.png"},{"@type":"BreadcrumbList","@id":"https:\/\/teslafm.net\/luna-llena-16\/#breadcrumb","itemListElement":[{"@type":"ListItem","position":1,"name":"Portada","item":"https:\/\/teslafm.net\/"},{"@type":"ListItem","position":2,"name":"Luna Llena #16"}]},{"@type":"WebSite","@id":"https:\/\/teslafm.net\/#website","url":"https:\/\/teslafm.net\/","name":"TeslaFM","description":"An experimental and creative radio","publisher":{"@id":"https:\/\/teslafm.net\/#organization"},"potentialAction":[{"@type":"SearchAction","target":{"@type":"EntryPoint","urlTemplate":"https:\/\/teslafm.net\/?s={search_term_string}"},"query-input":{"@type":"PropertyValueSpecification","valueRequired":true,"valueName":"search_term_string"}}],"inLanguage":"en-US"},{"@type":"Organization","@id":"https:\/\/teslafm.net\/#organization","name":"TeslaFM","url":"https:\/\/teslafm.net\/","logo":{"@type":"ImageObject","inLanguage":"en-US","@id":"https:\/\/teslafm.net\/#\/schema\/logo\/image\/","url":"https:\/\/teslafm.net\/wp-content\/uploads\/2020\/06\/logo-tesla.png","contentUrl":"https:\/\/teslafm.net\/wp-content\/uploads\/2020\/06\/logo-tesla.png","width":512,"height":512,"caption":"TeslaFM"},"image":{"@id":"https:\/\/teslafm.net\/#\/schema\/logo\/image\/"},"sameAs":["https:\/\/www.facebook.com\/teslafm.net","https:\/\/x.com\/teslafm"]}]}},"rttpg_featured_image_url":null,"rttpg_author":{"display_name":"Ishak","author_link":"https:\/\/teslafm.net\/en\/author\/cravan\/"},"rttpg_comment":0,"rttpg_category":null,"rttpg_excerpt":"Luna llena #16 Ciencias In\u00fatiles no Ilustradas [la &#8216;pataf\u00edsica] Presentaci\u00f3n Ishak Benavides Los Iniciados \u2013 Obertura (Todo Ub\u00fa, 1983) 01. Sinton\u00eda Feria del Libro 2012, Parque Explora, Medell\u00edn, Colombia. 02. Los Iniciados &#8211; Canci\u00f3n 1era de los Palotines (Todo Ub\u00fa. 1983) 03. Conferencia a cargo de Brigitte Luis Guillermo Baptiste &#8211; Pataf\u00edsica, Iluminar la Ciencia&hellip;","_links":{"self":[{"href":"https:\/\/teslafm.net\/en\/wp-json\/wp\/v2\/pages\/58434","targetHints":{"allow":["GET"]}}],"collection":[{"href":"https:\/\/teslafm.net\/en\/wp-json\/wp\/v2\/pages"}],"about":[{"href":"https:\/\/teslafm.net\/en\/wp-json\/wp\/v2\/types\/page"}],"author":[{"embeddable":true,"href":"https:\/\/teslafm.net\/en\/wp-json\/wp\/v2\/users\/19"}],"replies":[{"embeddable":true,"href":"https:\/\/teslafm.net\/en\/wp-json\/wp\/v2\/comments?post=58434"}],"version-history":[{"count":10,"href":"https:\/\/teslafm.net\/en\/wp-json\/wp\/v2\/pages\/58434\/revisions"}],"predecessor-version":[{"id":60984,"href":"https:\/\/teslafm.net\/en\/wp-json\/wp\/v2\/pages\/58434\/revisions\/60984"}],"wp:attachment":[{"href":"https:\/\/teslafm.net\/en\/wp-json\/wp\/v2\/media?parent=58434"}],"curies":[{"name":"wp","href":"https:\/\/api.w.org\/{rel}","templated":true}]}}