

{"id":58631,"date":"2021-08-31T10:13:53","date_gmt":"2021-08-31T08:13:53","guid":{"rendered":"https:\/\/teslafm.net\/?page_id=58631"},"modified":"2021-08-31T10:15:22","modified_gmt":"2021-08-31T08:15:22","slug":"reflexion","status":"publish","type":"page","link":"https:\/\/teslafm.net\/en\/reflexion\/","title":{"rendered":"reflection"},"content":{"rendered":"<div data-elementor-type=\"wp-page\" data-elementor-id=\"58631\" class=\"elementor elementor-58631\">\n\t\t\t\t\t\t<section class=\"elementor-section elementor-top-section elementor-element elementor-element-eace6be elementor-section-boxed elementor-section-height-default elementor-section-height-default\" data-id=\"eace6be\" data-element_type=\"section\" data-e-type=\"section\">\n\t\t\t\t\t\t<div class=\"elementor-container elementor-column-gap-default\">\n\t\t\t\t\t<div class=\"elementor-column elementor-col-100 elementor-top-column elementor-element elementor-element-6ab484e\" data-id=\"6ab484e\" data-element_type=\"column\" data-e-type=\"column\">\n\t\t\t<div class=\"elementor-widget-wrap elementor-element-populated\">\n\t\t\t\t\t\t<div class=\"elementor-element elementor-element-56d6613 elementor-widget elementor-widget-text-editor\" data-id=\"56d6613\" data-element_type=\"widget\" data-e-type=\"widget\" data-widget_type=\"text-editor.default\">\n\t\t\t\t<div class=\"elementor-widget-container\">\n\t\t\t\t\t\t\t\t\t<p><span style=\"color: #808080;\">This text is an exercise of reflection and communication in deferred, between <b>Olmo Gonzalez<\/b> and I, well, it turns out that when we do this radio fanzine we don't talk or debate about what we are going to do, how and when. We just do it. For 2 seasons we have been working at a distance (Olmo lives in Madrid and I live in Barcelona) and it will be like that for the rest of the time we will do <b>Okno Okno Okno Okno<\/b>.<\/span><\/p><p><span style=\"color: #808080;\">I don't use Whatsapp and Olmo doesn't want to use Telegram. We communicate very poorly. For this reason, I decided to send him some questions, via email, to help me explain to you how we operate technically, as a way to make clear also, our differences and similarities.<\/span><\/p>\t\t\t\t\t\t\t\t<\/div>\n\t\t\t\t<\/div>\n\t\t\t\t<section class=\"elementor-section elementor-inner-section elementor-element elementor-element-61a3c04 elementor-section-boxed elementor-section-height-default elementor-section-height-default\" data-id=\"61a3c04\" data-element_type=\"section\" data-e-type=\"section\">\n\t\t\t\t\t\t<div class=\"elementor-container elementor-column-gap-default\">\n\t\t\t\t\t<div class=\"elementor-column elementor-col-50 elementor-inner-column elementor-element elementor-element-812adc2\" data-id=\"812adc2\" data-element_type=\"column\" data-e-type=\"column\">\n\t\t\t<div class=\"elementor-widget-wrap elementor-element-populated\">\n\t\t\t\t\t\t<div class=\"elementor-element elementor-element-00d3084 elementor-widget elementor-widget-text-editor\" data-id=\"00d3084\" data-element_type=\"widget\" data-e-type=\"widget\" data-widget_type=\"text-editor.default\">\n\t\t\t\t<div class=\"elementor-widget-container\">\n\t\t\t\t\t\t\t\t\t<p><span style=\"color: #808080;\"><b>ED<\/b>Why do you do <b>Okno Okno Okno Okno<\/b>?<\/span><\/p><p><span style=\"color: #808080;\"><b>OG<\/b>Because you made a mess of me, <b>Enrique Doza<\/b>, compa.<\/span><\/p><p><span style=\"color: #808080;\"><b>ED<\/b>You always say this to make it sound like you have no interest in sound as you do in the photographic image.<\/span><\/p><p><span style=\"color: #808080;\">What is your relationship with audio beyond listening to music?<\/span><\/p><p><span style=\"color: #808080;\"><b>OG<\/b> I'm going deaf, but I've always been curious about all kinds of stimuli, and sound comes from my relationship with music, for having played with my colleagues, for going deeper into sound... Also for having worked in InSonora, a very cool event about Sound Art in Madrid.<\/span><\/p><p><span style=\"color: #808080;\"><b>ED<\/b>I see myself buying a Sonotone for myself soon, but with a built-in recorder so I can collect everything I listen to.<\/span><\/p><p><span style=\"color: #808080;\">As a fanzine maker, do you think the process of making Okno is similar to making a fanzine?<\/span><\/p><p><span style=\"color: #808080;\"><strong>OG<\/strong>Not because I don't control the whole process, at a given moment I send the audio but I don't choose when and how it is published. The process is similar, but I have to confess that I manage much better with the image than with the audio, in general.<\/span><\/p><p><span style=\"color: #808080;\"><strong>ED<\/strong>Although you don't control the times and the process, you do organize yourself well collecting sound material, for not being your usual means of work. In fact, I have never asked you what software you use or what kind of recorder you have.<\/span><\/p><p><span style=\"color: #808080;\">What technology do you use to record and what do you use to edit audio?<\/span><\/p><p><span style=\"color: #808080;\"><strong>OG<\/strong>To get sounds, basically the cell phone and its microphone, sometimes I also get them from various RRSS. I edit with Audition, I tried a non-adobe program, but I'm getting too old to learn anything.<\/span><\/p><p><span style=\"color: #808080;\"><strong>ED<\/strong>I have no idea what kind of program it is. I imagine it's free software. Since I started in audio, I have always used Garage Band from 2009.<\/span><\/p><p><span style=\"color: #808080;\">Are you interested in sound art?<\/span><\/p><p><span style=\"color: #808080;\"><strong>OG<\/strong>Yes, although I'm a complete ignoramus, what little I get is through InSonora, and thanks. I'm on borrowed time, until they kick me out, I guess.<\/span><\/p>\t\t\t\t\t\t\t\t<\/div>\n\t\t\t\t<\/div>\n\t\t\t\t\t<\/div>\n\t\t<\/div>\n\t\t\t\t<div class=\"elementor-column elementor-col-50 elementor-inner-column elementor-element elementor-element-741710d\" data-id=\"741710d\" data-element_type=\"column\" data-e-type=\"column\">\n\t\t\t<div class=\"elementor-widget-wrap elementor-element-populated\">\n\t\t\t\t\t\t<div class=\"elementor-element elementor-element-986c3be elementor-widget elementor-widget-text-editor\" data-id=\"986c3be\" data-element_type=\"widget\" data-e-type=\"widget\" data-widget_type=\"text-editor.default\">\n\t\t\t\t<div class=\"elementor-widget-container\">\n\t\t\t\t\t\t\t\t\t<p><span style=\"color: #808080;\"><strong>ED<\/strong>I am not interested in it as an artistic concept but as an important part of the creative reality.<\/span><\/p><p><span style=\"color: #808080;\">How do you choose the themes you use for <strong>Okno<\/strong>?,<\/span><\/p><p><span style=\"color: #808080;\"><strong>OG<\/strong>I totally improvise at the moment when you put pressure on me to present my session. Sometimes I have the chip active and record something that catches my eye during the previous month, but I'm pretty messy.<\/span><\/p><p><span style=\"color: #808080;\"><strong>ED<\/strong>I think we choose the topics in the same way. With a \"disastrous\" methodology that makes it easier to find, to discover topics and not to foresee or program them.<\/span><\/p><p><span style=\"color: #808080;\">Are you more into field recording or youtube type file strips or the like?<\/span><\/p><p><span style=\"color: #808080;\"><strong>OG<\/strong>I'm more about recording with my cell phone what I find, to be honest. Searching for audios seems like extra work to me. It's something that happens to me with the image too, I don't go out to look for photos anymore, I find a beautiful scene and I photograph it with my cell phone, without planning. There are some themes always flying over my head, and something always has to be seen, but nothing planned. And apart from that, if I suddenly find an interesting source of images, with a specific theme, etc. I download things from there and put together something coherent. I've done it that way sometimes with sound when I've found an interesting source, but as I almost always only have the visual radar activated, I find the sound less.<\/span><\/p><p><span style=\"color: #808080;\"><strong>ED<\/strong>I remember an episode of the second season, where it was not clear to me who had done what, taking into consideration that you did that episode by yourself.<\/span><\/p><p><span style=\"color: #808080;\">What do you think is the impact of the audio, compared to the impact of the images?<\/span><\/p><p><span style=\"color: #808080;\"><strong>OG<\/strong>If there is one, it is more underground, I would say subliminal, but the images are very subconscious, so I could not say which is more impacting on the population. Of course we have adapted to the visual, me more than anyone else. I would say that sound is an escape route from visual pressure, but I don't think it's as liberating.<\/span><\/p>\t\t\t\t\t\t\t\t<\/div>\n\t\t\t\t<\/div>\n\t\t\t\t\t<\/div>\n\t\t<\/div>\n\t\t\t\t\t<\/div>\n\t\t<\/section>\n\t\t\t\t<div class=\"elementor-element elementor-element-cb17010 elementor-widget elementor-widget-text-editor\" data-id=\"cb17010\" data-element_type=\"widget\" data-e-type=\"widget\" data-widget_type=\"text-editor.default\">\n\t\t\t\t<div class=\"elementor-widget-container\">\n\t\t\t\t\t\t\t\t\t<p><span style=\"color: #808080;\"><strong>Note:<\/strong><\/span><br \/><span style=\"color: #808080;\"><strong>Olmo Gonzalez Moriana<\/strong> is a photographer, a full-time father, a book fair enthusiast, a teacher and a youtuber. He lives in Madrid. <strong>Enrique Doza<\/strong> is a multimedia artist, fanzine editor, cultural manager and podcaster. Lives in Barcelona They met at the Libros Mutantes publishing fair in Madrid in 2014 and they do <strong>Okno Okno Okno Okno<\/strong>. Irregular Catastrophic Radio Fanzine since 2017.<\/span><\/p>\t\t\t\t\t\t\t\t<\/div>\n\t\t\t\t<\/div>\n\t\t\t\t\t<\/div>\n\t\t<\/div>\n\t\t\t\t\t<\/div>\n\t\t<\/section>\n\t\t\t\t<\/div>","protected":false},"excerpt":{"rendered":"<p>Este texto es un ejercicio de reflexi\u00f3n y comunicaci\u00f3n en diferido, entre Olmo Gonz\u00e1lez y yo, pues resulta que cuando hacemos este fanzine radiof\u00f3nico no hablamos ni debatimos sobre qu\u00e9 vamos a hacer, c\u00f3mo y cu\u00e1ndo. Simplemente lo hacemos. Durante 2 temporadas hemos trabajado a distancia (Olmo vive en Madrid y yo en Barcelona) y [&hellip;]<\/p>\n","protected":false},"author":19,"featured_media":0,"parent":0,"menu_order":0,"comment_status":"closed","ping_status":"closed","template":"","meta":{"footnotes":""},"class_list":["post-58631","page","type-page","status-publish","hentry"],"yoast_head":"<!-- This site is optimized with the Yoast SEO plugin v27.5 - https:\/\/yoast.com\/product\/yoast-seo-wordpress\/ -->\n<title>reflexion -<\/title>\n<meta name=\"robots\" content=\"index, follow, max-snippet:-1, max-image-preview:large, max-video-preview:-1\" \/>\n<link rel=\"canonical\" href=\"https:\/\/teslafm.net\/en\/reflexion\/\" \/>\n<meta property=\"og:locale\" content=\"en_US\" \/>\n<meta property=\"og:type\" content=\"article\" \/>\n<meta property=\"og:title\" content=\"reflexion -\" \/>\n<meta property=\"og:description\" content=\"Este texto es un ejercicio de reflexi\u00f3n y comunicaci\u00f3n en diferido, entre Olmo Gonz\u00e1lez y yo, pues resulta que cuando hacemos este fanzine radiof\u00f3nico no hablamos ni debatimos sobre qu\u00e9 vamos a hacer, c\u00f3mo y cu\u00e1ndo. Simplemente lo hacemos. Durante 2 temporadas hemos trabajado a distancia (Olmo vive en Madrid y yo en Barcelona) y [&hellip;]\" \/>\n<meta property=\"og:url\" content=\"https:\/\/teslafm.net\/en\/reflexion\/\" \/>\n<meta property=\"article:publisher\" content=\"https:\/\/www.facebook.com\/teslafm.net\" \/>\n<meta property=\"article:modified_time\" content=\"2021-08-31T08:15:22+00:00\" \/>\n<meta property=\"og:image\" content=\"https:\/\/teslafm.net\/wp-content\/uploads\/2022\/09\/header-image-4-temp.png\" \/>\n\t<meta property=\"og:image:width\" content=\"1274\" \/>\n\t<meta property=\"og:image:height\" content=\"818\" \/>\n\t<meta property=\"og:image:type\" content=\"image\/png\" \/>\n<meta name=\"twitter:card\" content=\"summary_large_image\" \/>\n<meta name=\"twitter:site\" content=\"@teslafm\" \/>\n<meta name=\"twitter:label1\" content=\"Est. reading time\" \/>\n\t<meta name=\"twitter:data1\" content=\"4 minutes\" \/>\n<script type=\"application\/ld+json\" class=\"yoast-schema-graph\">{\"@context\":\"https:\\\/\\\/schema.org\",\"@graph\":[{\"@type\":\"WebPage\",\"@id\":\"https:\\\/\\\/teslafm.net\\\/reflexion\\\/\",\"url\":\"https:\\\/\\\/teslafm.net\\\/reflexion\\\/\",\"name\":\"reflexion -\",\"isPartOf\":{\"@id\":\"https:\\\/\\\/teslafm.net\\\/#website\"},\"datePublished\":\"2021-08-31T08:13:53+00:00\",\"dateModified\":\"2021-08-31T08:15:22+00:00\",\"breadcrumb\":{\"@id\":\"https:\\\/\\\/teslafm.net\\\/reflexion\\\/#breadcrumb\"},\"inLanguage\":\"en-US\",\"potentialAction\":[{\"@type\":\"ReadAction\",\"target\":[\"https:\\\/\\\/teslafm.net\\\/reflexion\\\/\"]}]},{\"@type\":\"BreadcrumbList\",\"@id\":\"https:\\\/\\\/teslafm.net\\\/reflexion\\\/#breadcrumb\",\"itemListElement\":[{\"@type\":\"ListItem\",\"position\":1,\"name\":\"Portada\",\"item\":\"https:\\\/\\\/teslafm.net\\\/\"},{\"@type\":\"ListItem\",\"position\":2,\"name\":\"reflexion\"}]},{\"@type\":\"WebSite\",\"@id\":\"https:\\\/\\\/teslafm.net\\\/#website\",\"url\":\"https:\\\/\\\/teslafm.net\\\/\",\"name\":\"TeslaFM\",\"description\":\"An experimental and creative radio\",\"publisher\":{\"@id\":\"https:\\\/\\\/teslafm.net\\\/#organization\"},\"potentialAction\":[{\"@type\":\"SearchAction\",\"target\":{\"@type\":\"EntryPoint\",\"urlTemplate\":\"https:\\\/\\\/teslafm.net\\\/?s={search_term_string}\"},\"query-input\":{\"@type\":\"PropertyValueSpecification\",\"valueRequired\":true,\"valueName\":\"search_term_string\"}}],\"inLanguage\":\"en-US\"},{\"@type\":\"Organization\",\"@id\":\"https:\\\/\\\/teslafm.net\\\/#organization\",\"name\":\"TeslaFM\",\"url\":\"https:\\\/\\\/teslafm.net\\\/\",\"logo\":{\"@type\":\"ImageObject\",\"inLanguage\":\"en-US\",\"@id\":\"https:\\\/\\\/teslafm.net\\\/#\\\/schema\\\/logo\\\/image\\\/\",\"url\":\"https:\\\/\\\/teslafm.net\\\/wp-content\\\/uploads\\\/2020\\\/06\\\/logo-tesla.png\",\"contentUrl\":\"https:\\\/\\\/teslafm.net\\\/wp-content\\\/uploads\\\/2020\\\/06\\\/logo-tesla.png\",\"width\":512,\"height\":512,\"caption\":\"TeslaFM\"},\"image\":{\"@id\":\"https:\\\/\\\/teslafm.net\\\/#\\\/schema\\\/logo\\\/image\\\/\"},\"sameAs\":[\"https:\\\/\\\/www.facebook.com\\\/teslafm.net\",\"https:\\\/\\\/x.com\\\/teslafm\"]}]}<\/script>\n<!-- \/ Yoast SEO plugin. -->","yoast_head_json":{"title":"reflexion -","robots":{"index":"index","follow":"follow","max-snippet":"max-snippet:-1","max-image-preview":"max-image-preview:large","max-video-preview":"max-video-preview:-1"},"canonical":"https:\/\/teslafm.net\/en\/reflexion\/","og_locale":"en_US","og_type":"article","og_title":"reflexion -","og_description":"Este texto es un ejercicio de reflexi\u00f3n y comunicaci\u00f3n en diferido, entre Olmo Gonz\u00e1lez y yo, pues resulta que cuando hacemos este fanzine radiof\u00f3nico no hablamos ni debatimos sobre qu\u00e9 vamos a hacer, c\u00f3mo y cu\u00e1ndo. Simplemente lo hacemos. Durante 2 temporadas hemos trabajado a distancia (Olmo vive en Madrid y yo en Barcelona) y [&hellip;]","og_url":"https:\/\/teslafm.net\/en\/reflexion\/","article_publisher":"https:\/\/www.facebook.com\/teslafm.net","article_modified_time":"2021-08-31T08:15:22+00:00","og_image":[{"width":1274,"height":818,"url":"https:\/\/teslafm.net\/wp-content\/uploads\/2022\/09\/header-image-4-temp.png","type":"image\/png"}],"twitter_card":"summary_large_image","twitter_site":"@teslafm","twitter_misc":{"Est. reading time":"4 minutes"},"schema":{"@context":"https:\/\/schema.org","@graph":[{"@type":"WebPage","@id":"https:\/\/teslafm.net\/reflexion\/","url":"https:\/\/teslafm.net\/reflexion\/","name":"reflexion -","isPartOf":{"@id":"https:\/\/teslafm.net\/#website"},"datePublished":"2021-08-31T08:13:53+00:00","dateModified":"2021-08-31T08:15:22+00:00","breadcrumb":{"@id":"https:\/\/teslafm.net\/reflexion\/#breadcrumb"},"inLanguage":"en-US","potentialAction":[{"@type":"ReadAction","target":["https:\/\/teslafm.net\/reflexion\/"]}]},{"@type":"BreadcrumbList","@id":"https:\/\/teslafm.net\/reflexion\/#breadcrumb","itemListElement":[{"@type":"ListItem","position":1,"name":"Portada","item":"https:\/\/teslafm.net\/"},{"@type":"ListItem","position":2,"name":"reflexion"}]},{"@type":"WebSite","@id":"https:\/\/teslafm.net\/#website","url":"https:\/\/teslafm.net\/","name":"TeslaFM","description":"An experimental and creative radio","publisher":{"@id":"https:\/\/teslafm.net\/#organization"},"potentialAction":[{"@type":"SearchAction","target":{"@type":"EntryPoint","urlTemplate":"https:\/\/teslafm.net\/?s={search_term_string}"},"query-input":{"@type":"PropertyValueSpecification","valueRequired":true,"valueName":"search_term_string"}}],"inLanguage":"en-US"},{"@type":"Organization","@id":"https:\/\/teslafm.net\/#organization","name":"TeslaFM","url":"https:\/\/teslafm.net\/","logo":{"@type":"ImageObject","inLanguage":"en-US","@id":"https:\/\/teslafm.net\/#\/schema\/logo\/image\/","url":"https:\/\/teslafm.net\/wp-content\/uploads\/2020\/06\/logo-tesla.png","contentUrl":"https:\/\/teslafm.net\/wp-content\/uploads\/2020\/06\/logo-tesla.png","width":512,"height":512,"caption":"TeslaFM"},"image":{"@id":"https:\/\/teslafm.net\/#\/schema\/logo\/image\/"},"sameAs":["https:\/\/www.facebook.com\/teslafm.net","https:\/\/x.com\/teslafm"]}]}},"rttpg_featured_image_url":null,"rttpg_author":{"display_name":"Ishak","author_link":"https:\/\/teslafm.net\/en\/author\/cravan\/"},"rttpg_comment":0,"rttpg_category":null,"rttpg_excerpt":"Este texto es un ejercicio de reflexi\u00f3n y comunicaci\u00f3n en diferido, entre Olmo Gonz\u00e1lez y yo, pues resulta que cuando hacemos este fanzine radiof\u00f3nico no hablamos ni debatimos sobre qu\u00e9 vamos a hacer, c\u00f3mo y cu\u00e1ndo. Simplemente lo hacemos. Durante 2 temporadas hemos trabajado a distancia (Olmo vive en Madrid y yo en Barcelona) y&hellip;","_links":{"self":[{"href":"https:\/\/teslafm.net\/en\/wp-json\/wp\/v2\/pages\/58631","targetHints":{"allow":["GET"]}}],"collection":[{"href":"https:\/\/teslafm.net\/en\/wp-json\/wp\/v2\/pages"}],"about":[{"href":"https:\/\/teslafm.net\/en\/wp-json\/wp\/v2\/types\/page"}],"author":[{"embeddable":true,"href":"https:\/\/teslafm.net\/en\/wp-json\/wp\/v2\/users\/19"}],"replies":[{"embeddable":true,"href":"https:\/\/teslafm.net\/en\/wp-json\/wp\/v2\/comments?post=58631"}],"version-history":[{"count":2,"href":"https:\/\/teslafm.net\/en\/wp-json\/wp\/v2\/pages\/58631\/revisions"}],"predecessor-version":[{"id":58633,"href":"https:\/\/teslafm.net\/en\/wp-json\/wp\/v2\/pages\/58631\/revisions\/58633"}],"wp:attachment":[{"href":"https:\/\/teslafm.net\/en\/wp-json\/wp\/v2\/media?parent=58631"}],"curies":[{"name":"wp","href":"https:\/\/api.w.org\/{rel}","templated":true}]}}