

{"id":58642,"date":"2021-08-31T10:45:06","date_gmt":"2021-08-31T08:45:06","guid":{"rendered":"https:\/\/teslafm.net\/?page_id=58642"},"modified":"2021-08-31T10:55:19","modified_gmt":"2021-08-31T08:55:19","slug":"maracalab-6","status":"publish","type":"page","link":"https:\/\/teslafm.net\/en\/maracalab-6\/","title":{"rendered":"MaracaLab #6"},"content":{"rendered":"<h2><span style=\"color: #ffffff;\"><strong>MaracaLab #6<\/strong><\/span><\/h2>\n<p><span style=\"color: #808080;\"><em>September 2021<\/em><\/span><\/p>\n<p><iframe src=\"https:\/\/www.mixcloud.com\/widget\/iframe\/?hide_cover=1&amp;feed=%2FTeslafm_net%2Fmaracalab-6-frud%C3%A0-merino-pou%2F\" width=\"100%\" height=\"120\" frameborder=\"0\"><\/iframe><\/p>\n<p><span style=\"color: #808080;\"><strong>Red Magic<\/strong> is an unclassifiable cultural association. Its philosophy is summarized in: Any way, but not any way. Survival is part of utopia. End the tyranny of irony. Embrace the light even if it means your cross.<\/span><\/p>\n<p><span style=\"color: #808080;\">Producers, promoters, cultural agitators; record label, space for meetings and debates, and until December 2019, a place for concerts, performances and other actions that are difficult to label. Thousands of artists, national and international, have passed through there, have performed or have been inspired, in a curatorship that does not leave indifferent, that illuminates and awakens to new dimensions, brave and original, that leads to a place of no return, where it only remains to move towards the unknown by letting oneself be guided. A unique project difficult to compare.<\/span><\/p>\n<p><span style=\"color: #808080;\">Music in alphabetical order: <strong>Akauzazte<\/strong>Agiaren etorrera\"; <strong>Ca de Bestiar<\/strong>Chicos Salvajes\"; <strong>Caramuerto<\/strong> (B5), \"That winter\"; <strong>Chicaloyoh<\/strong>Boli Armenii\"; <strong>Jaco<\/strong>South\"; <strong>Walkelkontakt (Heal the Split)<\/strong>Papamummy); <strong>Zozobra<\/strong>Your body\".<\/span><\/p>","protected":false},"excerpt":{"rendered":"<p>MaracaLab #6 Septiembre 2021 M\u00e0gia Roja es una asociaci\u00f3n cultural inclasificable. Su filosof\u00eda se resume en: Cualquier forma, pero no de cualquier manera. La supervivencia es parte de la utop\u00eda. Acabar con la tiran\u00eda de la iron\u00eda. Abrazar la luz aun cuando signifique tu cruz. Productores, promotores, agitadores culturales; sello discogr\u00e1fico, espacio de encuentros y [&hellip;]<\/p>\n","protected":false},"author":19,"featured_media":0,"parent":0,"menu_order":0,"comment_status":"closed","ping_status":"closed","template":"","meta":{"footnotes":""},"class_list":["post-58642","page","type-page","status-publish","hentry"],"yoast_head":"<!-- This site is optimized with the Yoast SEO plugin v27.4 - https:\/\/yoast.com\/product\/yoast-seo-wordpress\/ -->\n<title>MaracaLab #6 -<\/title>\n<meta name=\"robots\" content=\"index, follow, max-snippet:-1, max-image-preview:large, max-video-preview:-1\" \/>\n<link rel=\"canonical\" href=\"https:\/\/teslafm.net\/en\/maracalab-6\/\" \/>\n<meta property=\"og:locale\" content=\"en_US\" \/>\n<meta property=\"og:type\" content=\"article\" \/>\n<meta property=\"og:title\" content=\"MaracaLab #6 -\" \/>\n<meta property=\"og:description\" content=\"MaracaLab #6 Septiembre 2021 M\u00e0gia Roja es una asociaci\u00f3n cultural inclasificable. Su filosof\u00eda se resume en: Cualquier forma, pero no de cualquier manera. La supervivencia es parte de la utop\u00eda. Acabar con la tiran\u00eda de la iron\u00eda. Abrazar la luz aun cuando signifique tu cruz. Productores, promotores, agitadores culturales; sello discogr\u00e1fico, espacio de encuentros y [&hellip;]\" \/>\n<meta property=\"og:url\" content=\"https:\/\/teslafm.net\/en\/maracalab-6\/\" \/>\n<meta property=\"article:publisher\" content=\"https:\/\/www.facebook.com\/teslafm.net\" \/>\n<meta property=\"article:modified_time\" content=\"2021-08-31T08:55:19+00:00\" \/>\n<meta property=\"og:image\" content=\"https:\/\/teslafm.net\/wp-content\/uploads\/2022\/09\/header-image-4-temp.png\" \/>\n\t<meta property=\"og:image:width\" content=\"1274\" \/>\n\t<meta property=\"og:image:height\" content=\"818\" \/>\n\t<meta property=\"og:image:type\" content=\"image\/png\" \/>\n<meta name=\"twitter:card\" content=\"summary_large_image\" \/>\n<meta name=\"twitter:site\" content=\"@teslafm\" \/>\n<meta name=\"twitter:label1\" content=\"Est. reading time\" \/>\n\t<meta name=\"twitter:data1\" content=\"1 minute\" \/>\n<script type=\"application\/ld+json\" class=\"yoast-schema-graph\">{\"@context\":\"https:\\\/\\\/schema.org\",\"@graph\":[{\"@type\":\"WebPage\",\"@id\":\"https:\\\/\\\/teslafm.net\\\/maracalab-6\\\/\",\"url\":\"https:\\\/\\\/teslafm.net\\\/maracalab-6\\\/\",\"name\":\"MaracaLab #6 -\",\"isPartOf\":{\"@id\":\"https:\\\/\\\/teslafm.net\\\/#website\"},\"datePublished\":\"2021-08-31T08:45:06+00:00\",\"dateModified\":\"2021-08-31T08:55:19+00:00\",\"breadcrumb\":{\"@id\":\"https:\\\/\\\/teslafm.net\\\/maracalab-6\\\/#breadcrumb\"},\"inLanguage\":\"en-US\",\"potentialAction\":[{\"@type\":\"ReadAction\",\"target\":[\"https:\\\/\\\/teslafm.net\\\/maracalab-6\\\/\"]}]},{\"@type\":\"BreadcrumbList\",\"@id\":\"https:\\\/\\\/teslafm.net\\\/maracalab-6\\\/#breadcrumb\",\"itemListElement\":[{\"@type\":\"ListItem\",\"position\":1,\"name\":\"Portada\",\"item\":\"https:\\\/\\\/teslafm.net\\\/\"},{\"@type\":\"ListItem\",\"position\":2,\"name\":\"MaracaLab #6\"}]},{\"@type\":\"WebSite\",\"@id\":\"https:\\\/\\\/teslafm.net\\\/#website\",\"url\":\"https:\\\/\\\/teslafm.net\\\/\",\"name\":\"TeslaFM\",\"description\":\"An experimental and creative radio\",\"publisher\":{\"@id\":\"https:\\\/\\\/teslafm.net\\\/#organization\"},\"potentialAction\":[{\"@type\":\"SearchAction\",\"target\":{\"@type\":\"EntryPoint\",\"urlTemplate\":\"https:\\\/\\\/teslafm.net\\\/?s={search_term_string}\"},\"query-input\":{\"@type\":\"PropertyValueSpecification\",\"valueRequired\":true,\"valueName\":\"search_term_string\"}}],\"inLanguage\":\"en-US\"},{\"@type\":\"Organization\",\"@id\":\"https:\\\/\\\/teslafm.net\\\/#organization\",\"name\":\"TeslaFM\",\"url\":\"https:\\\/\\\/teslafm.net\\\/\",\"logo\":{\"@type\":\"ImageObject\",\"inLanguage\":\"en-US\",\"@id\":\"https:\\\/\\\/teslafm.net\\\/#\\\/schema\\\/logo\\\/image\\\/\",\"url\":\"https:\\\/\\\/teslafm.net\\\/wp-content\\\/uploads\\\/2020\\\/06\\\/logo-tesla.png\",\"contentUrl\":\"https:\\\/\\\/teslafm.net\\\/wp-content\\\/uploads\\\/2020\\\/06\\\/logo-tesla.png\",\"width\":512,\"height\":512,\"caption\":\"TeslaFM\"},\"image\":{\"@id\":\"https:\\\/\\\/teslafm.net\\\/#\\\/schema\\\/logo\\\/image\\\/\"},\"sameAs\":[\"https:\\\/\\\/www.facebook.com\\\/teslafm.net\",\"https:\\\/\\\/x.com\\\/teslafm\"]}]}<\/script>\n<!-- \/ Yoast SEO plugin. -->","yoast_head_json":{"title":"MaracaLab #6 -","robots":{"index":"index","follow":"follow","max-snippet":"max-snippet:-1","max-image-preview":"max-image-preview:large","max-video-preview":"max-video-preview:-1"},"canonical":"https:\/\/teslafm.net\/en\/maracalab-6\/","og_locale":"en_US","og_type":"article","og_title":"MaracaLab #6 -","og_description":"MaracaLab #6 Septiembre 2021 M\u00e0gia Roja es una asociaci\u00f3n cultural inclasificable. Su filosof\u00eda se resume en: Cualquier forma, pero no de cualquier manera. La supervivencia es parte de la utop\u00eda. Acabar con la tiran\u00eda de la iron\u00eda. Abrazar la luz aun cuando signifique tu cruz. Productores, promotores, agitadores culturales; sello discogr\u00e1fico, espacio de encuentros y [&hellip;]","og_url":"https:\/\/teslafm.net\/en\/maracalab-6\/","article_publisher":"https:\/\/www.facebook.com\/teslafm.net","article_modified_time":"2021-08-31T08:55:19+00:00","og_image":[{"width":1274,"height":818,"url":"https:\/\/teslafm.net\/wp-content\/uploads\/2022\/09\/header-image-4-temp.png","type":"image\/png"}],"twitter_card":"summary_large_image","twitter_site":"@teslafm","twitter_misc":{"Est. reading time":"1 minute"},"schema":{"@context":"https:\/\/schema.org","@graph":[{"@type":"WebPage","@id":"https:\/\/teslafm.net\/maracalab-6\/","url":"https:\/\/teslafm.net\/maracalab-6\/","name":"MaracaLab #6 -","isPartOf":{"@id":"https:\/\/teslafm.net\/#website"},"datePublished":"2021-08-31T08:45:06+00:00","dateModified":"2021-08-31T08:55:19+00:00","breadcrumb":{"@id":"https:\/\/teslafm.net\/maracalab-6\/#breadcrumb"},"inLanguage":"en-US","potentialAction":[{"@type":"ReadAction","target":["https:\/\/teslafm.net\/maracalab-6\/"]}]},{"@type":"BreadcrumbList","@id":"https:\/\/teslafm.net\/maracalab-6\/#breadcrumb","itemListElement":[{"@type":"ListItem","position":1,"name":"Portada","item":"https:\/\/teslafm.net\/"},{"@type":"ListItem","position":2,"name":"MaracaLab #6"}]},{"@type":"WebSite","@id":"https:\/\/teslafm.net\/#website","url":"https:\/\/teslafm.net\/","name":"TeslaFM","description":"An experimental and creative radio","publisher":{"@id":"https:\/\/teslafm.net\/#organization"},"potentialAction":[{"@type":"SearchAction","target":{"@type":"EntryPoint","urlTemplate":"https:\/\/teslafm.net\/?s={search_term_string}"},"query-input":{"@type":"PropertyValueSpecification","valueRequired":true,"valueName":"search_term_string"}}],"inLanguage":"en-US"},{"@type":"Organization","@id":"https:\/\/teslafm.net\/#organization","name":"TeslaFM","url":"https:\/\/teslafm.net\/","logo":{"@type":"ImageObject","inLanguage":"en-US","@id":"https:\/\/teslafm.net\/#\/schema\/logo\/image\/","url":"https:\/\/teslafm.net\/wp-content\/uploads\/2020\/06\/logo-tesla.png","contentUrl":"https:\/\/teslafm.net\/wp-content\/uploads\/2020\/06\/logo-tesla.png","width":512,"height":512,"caption":"TeslaFM"},"image":{"@id":"https:\/\/teslafm.net\/#\/schema\/logo\/image\/"},"sameAs":["https:\/\/www.facebook.com\/teslafm.net","https:\/\/x.com\/teslafm"]}]}},"rttpg_featured_image_url":null,"rttpg_author":{"display_name":"Ishak","author_link":"https:\/\/teslafm.net\/en\/author\/cravan\/"},"rttpg_comment":0,"rttpg_category":null,"rttpg_excerpt":"MaracaLab #6 Septiembre 2021 M\u00e0gia Roja es una asociaci\u00f3n cultural inclasificable. Su filosof\u00eda se resume en: Cualquier forma, pero no de cualquier manera. La supervivencia es parte de la utop\u00eda. Acabar con la tiran\u00eda de la iron\u00eda. Abrazar la luz aun cuando signifique tu cruz. Productores, promotores, agitadores culturales; sello discogr\u00e1fico, espacio de encuentros y&hellip;","_links":{"self":[{"href":"https:\/\/teslafm.net\/en\/wp-json\/wp\/v2\/pages\/58642","targetHints":{"allow":["GET"]}}],"collection":[{"href":"https:\/\/teslafm.net\/en\/wp-json\/wp\/v2\/pages"}],"about":[{"href":"https:\/\/teslafm.net\/en\/wp-json\/wp\/v2\/types\/page"}],"author":[{"embeddable":true,"href":"https:\/\/teslafm.net\/en\/wp-json\/wp\/v2\/users\/19"}],"replies":[{"embeddable":true,"href":"https:\/\/teslafm.net\/en\/wp-json\/wp\/v2\/comments?post=58642"}],"version-history":[{"count":5,"href":"https:\/\/teslafm.net\/en\/wp-json\/wp\/v2\/pages\/58642\/revisions"}],"predecessor-version":[{"id":58648,"href":"https:\/\/teslafm.net\/en\/wp-json\/wp\/v2\/pages\/58642\/revisions\/58648"}],"wp:attachment":[{"href":"https:\/\/teslafm.net\/en\/wp-json\/wp\/v2\/media?parent=58642"}],"curies":[{"name":"wp","href":"https:\/\/api.w.org\/{rel}","templated":true}]}}