

{"id":58652,"date":"2021-09-01T14:20:42","date_gmt":"2021-09-01T12:20:42","guid":{"rendered":"https:\/\/teslafm.net\/?page_id=58652"},"modified":"2021-09-01T16:54:49","modified_gmt":"2021-09-01T14:54:49","slug":"digital-entropy-9","status":"publish","type":"page","link":"https:\/\/teslafm.net\/en\/digital-entropy-9\/","title":{"rendered":"Digital Entropy #9"},"content":{"rendered":"<h2><span style=\"color: #ffffff;\"><strong>Digital Entropy #9<\/strong><\/span><\/h2>\n<p><span style=\"color: #808080;\"><em>Attentive Listening<\/em><\/span><\/p>\n<p><iframe src=\"https:\/\/www.mixcloud.com\/widget\/iframe\/?hide_cover=1&amp;feed=%2FTeslafm_net%2Fdigital-entropy-9-nikka%2F\" width=\"100%\" height=\"120\" frameborder=\"0\"><\/iframe><\/p>\n<p><span style=\"color: #808080;\"><strong>Attentive Listening<\/strong>is a publishing label based in Gij\u00f3n, which was created in 2011 by the artist, composer and sound recordist, <strong>Juanjo Palacios<\/strong>.<\/span><\/p>\n<p><span style=\"color: #808080;\">It is a label focused on field recordings by various artists and dedicated exclusively to Soundscape.<\/span><\/p>\n<p><span style=\"color: #808080;\">In the label's early days, sound artists La Escucha Atenta also helped to direct and curate the label <strong>Edu Comelles<\/strong> and <strong>Angel Gonzalez<\/strong>.<\/span><\/p>\n<p><span style=\"color: #808080;\">This program coincides with the recent loss at the age of 88 of composer and writer Raymond Murray Schafer, who introduced the concept of \"Soundscape\", so it is also dedicated to him.<\/span><\/p>\n<p><span style=\"color: #808080;\">Tracklist:<\/span><\/p>\n<p><span style=\"color: #808080;\">01. <strong>Juanjo Palacios<\/strong> - Resonant Building <\/span><br \/>\n<span style=\"color: #808080;\">02. <strong>Juan Pablo Martinez<\/strong> - The landruca <\/span><br \/>\n<span style=\"color: #808080;\">03. <strong>Juanjo Palacios &amp; Edu Comelles<\/strong> - The sound path <\/span><br \/>\n<span style=\"color: #808080;\">04. <strong>Do Piod\u00e3o (1000 Ants)<\/strong> - Emerging territories <\/span><br \/>\n<span style=\"color: #808080;\">05. <strong>Juanjo Palacios<\/strong> - Resonant Building <\/span><br \/>\n<span style=\"color: #808080;\">06. <strong>Lali Barri\u00e8re<\/strong> - Sounds in Recession <\/span><br \/>\n<span style=\"color: #808080;\">07. <strong>Jos\u00e9 Mar\u00eda Pastor S\u00e1nchez<\/strong> - Beginning III <\/span><br \/>\n<span style=\"color: #808080;\">08. <strong>Atilio Doreste<\/strong> - Fortunae <\/span><br \/>\n<span style=\"color: #808080;\">09. <strong>Dallas Simpson<\/strong> - Making tracks <\/span><br \/>\n<span style=\"color: #808080;\">10. <strong>Juanjo Palacios<\/strong> - The Electric House <\/span><br \/>\n<span style=\"color: #808080;\">11. <strong>Juanjo Palacios<\/strong> - Resonant Building<\/span><\/p>","protected":false},"excerpt":{"rendered":"<p>Digital Entropy #9 La Escucha Atenta La Escucha Atenta, es un sello editorial con sede en Gij\u00f3n, que fue creado en 2011, por el artista, compositor y registrador de sonido, Juanjo Palacios. Es un sello centrado en las grabaciones de campo de diversos artistas y dedicado exclusivamente al Paisaje Sonoro. En los inicios del sello [&hellip;]<\/p>\n","protected":false},"author":19,"featured_media":0,"parent":0,"menu_order":0,"comment_status":"closed","ping_status":"closed","template":"","meta":{"footnotes":""},"class_list":["post-58652","page","type-page","status-publish","hentry"],"yoast_head":"<!-- This site is optimized with the Yoast SEO plugin v27.2 - https:\/\/yoast.com\/product\/yoast-seo-wordpress\/ -->\n<title>Digital Entropy #9 -<\/title>\n<meta name=\"robots\" content=\"index, follow, max-snippet:-1, max-image-preview:large, max-video-preview:-1\" \/>\n<link rel=\"canonical\" href=\"https:\/\/teslafm.net\/en\/digital-entropy-9\/\" \/>\n<meta property=\"og:locale\" content=\"en_US\" \/>\n<meta property=\"og:type\" content=\"article\" \/>\n<meta property=\"og:title\" content=\"Digital Entropy #9 -\" \/>\n<meta property=\"og:description\" content=\"Digital Entropy #9 La Escucha Atenta La Escucha Atenta, es un sello editorial con sede en Gij\u00f3n, que fue creado en 2011, por el artista, compositor y registrador de sonido, Juanjo Palacios. Es un sello centrado en las grabaciones de campo de diversos artistas y dedicado exclusivamente al Paisaje Sonoro. En los inicios del sello [&hellip;]\" \/>\n<meta property=\"og:url\" content=\"https:\/\/teslafm.net\/en\/digital-entropy-9\/\" \/>\n<meta property=\"article:publisher\" content=\"https:\/\/www.facebook.com\/teslafm.net\" \/>\n<meta property=\"article:modified_time\" content=\"2021-09-01T14:54:49+00:00\" \/>\n<meta property=\"og:image\" content=\"https:\/\/teslafm.net\/wp-content\/uploads\/2022\/09\/header-image-4-temp.png\" \/>\n\t<meta property=\"og:image:width\" content=\"1274\" \/>\n\t<meta property=\"og:image:height\" content=\"818\" \/>\n\t<meta property=\"og:image:type\" content=\"image\/png\" \/>\n<meta name=\"twitter:card\" content=\"summary_large_image\" \/>\n<meta name=\"twitter:site\" content=\"@teslafm\" \/>\n<meta name=\"twitter:label1\" content=\"Est. reading time\" \/>\n\t<meta name=\"twitter:data1\" content=\"1 minute\" \/>\n<script type=\"application\/ld+json\" class=\"yoast-schema-graph\">{\"@context\":\"https:\/\/schema.org\",\"@graph\":[{\"@type\":\"WebPage\",\"@id\":\"https:\/\/teslafm.net\/digital-entropy-9\/\",\"url\":\"https:\/\/teslafm.net\/digital-entropy-9\/\",\"name\":\"Digital Entropy #9 -\",\"isPartOf\":{\"@id\":\"https:\/\/teslafm.net\/#website\"},\"datePublished\":\"2021-09-01T12:20:42+00:00\",\"dateModified\":\"2021-09-01T14:54:49+00:00\",\"breadcrumb\":{\"@id\":\"https:\/\/teslafm.net\/digital-entropy-9\/#breadcrumb\"},\"inLanguage\":\"en-US\",\"potentialAction\":[{\"@type\":\"ReadAction\",\"target\":[\"https:\/\/teslafm.net\/digital-entropy-9\/\"]}]},{\"@type\":\"BreadcrumbList\",\"@id\":\"https:\/\/teslafm.net\/digital-entropy-9\/#breadcrumb\",\"itemListElement\":[{\"@type\":\"ListItem\",\"position\":1,\"name\":\"Portada\",\"item\":\"https:\/\/teslafm.net\/\"},{\"@type\":\"ListItem\",\"position\":2,\"name\":\"Digital Entropy #9\"}]},{\"@type\":\"WebSite\",\"@id\":\"https:\/\/teslafm.net\/#website\",\"url\":\"https:\/\/teslafm.net\/\",\"name\":\"TeslaFM\",\"description\":\"An experimental and creative radio\",\"publisher\":{\"@id\":\"https:\/\/teslafm.net\/#organization\"},\"potentialAction\":[{\"@type\":\"SearchAction\",\"target\":{\"@type\":\"EntryPoint\",\"urlTemplate\":\"https:\/\/teslafm.net\/?s={search_term_string}\"},\"query-input\":{\"@type\":\"PropertyValueSpecification\",\"valueRequired\":true,\"valueName\":\"search_term_string\"}}],\"inLanguage\":\"en-US\"},{\"@type\":\"Organization\",\"@id\":\"https:\/\/teslafm.net\/#organization\",\"name\":\"TeslaFM\",\"url\":\"https:\/\/teslafm.net\/\",\"logo\":{\"@type\":\"ImageObject\",\"inLanguage\":\"en-US\",\"@id\":\"https:\/\/teslafm.net\/#\/schema\/logo\/image\/\",\"url\":\"https:\/\/teslafm.net\/wp-content\/uploads\/2020\/06\/logo-tesla.png\",\"contentUrl\":\"https:\/\/teslafm.net\/wp-content\/uploads\/2020\/06\/logo-tesla.png\",\"width\":512,\"height\":512,\"caption\":\"TeslaFM\"},\"image\":{\"@id\":\"https:\/\/teslafm.net\/#\/schema\/logo\/image\/\"},\"sameAs\":[\"https:\/\/www.facebook.com\/teslafm.net\",\"https:\/\/x.com\/teslafm\"]}]}<\/script>\n<!-- \/ Yoast SEO plugin. -->","yoast_head_json":{"title":"Digital Entropy #9 -","robots":{"index":"index","follow":"follow","max-snippet":"max-snippet:-1","max-image-preview":"max-image-preview:large","max-video-preview":"max-video-preview:-1"},"canonical":"https:\/\/teslafm.net\/en\/digital-entropy-9\/","og_locale":"en_US","og_type":"article","og_title":"Digital Entropy #9 -","og_description":"Digital Entropy #9 La Escucha Atenta La Escucha Atenta, es un sello editorial con sede en Gij\u00f3n, que fue creado en 2011, por el artista, compositor y registrador de sonido, Juanjo Palacios. Es un sello centrado en las grabaciones de campo de diversos artistas y dedicado exclusivamente al Paisaje Sonoro. En los inicios del sello [&hellip;]","og_url":"https:\/\/teslafm.net\/en\/digital-entropy-9\/","article_publisher":"https:\/\/www.facebook.com\/teslafm.net","article_modified_time":"2021-09-01T14:54:49+00:00","og_image":[{"width":1274,"height":818,"url":"https:\/\/teslafm.net\/wp-content\/uploads\/2022\/09\/header-image-4-temp.png","type":"image\/png"}],"twitter_card":"summary_large_image","twitter_site":"@teslafm","twitter_misc":{"Est. reading time":"1 minute"},"schema":{"@context":"https:\/\/schema.org","@graph":[{"@type":"WebPage","@id":"https:\/\/teslafm.net\/digital-entropy-9\/","url":"https:\/\/teslafm.net\/digital-entropy-9\/","name":"Digital Entropy #9 -","isPartOf":{"@id":"https:\/\/teslafm.net\/#website"},"datePublished":"2021-09-01T12:20:42+00:00","dateModified":"2021-09-01T14:54:49+00:00","breadcrumb":{"@id":"https:\/\/teslafm.net\/digital-entropy-9\/#breadcrumb"},"inLanguage":"en-US","potentialAction":[{"@type":"ReadAction","target":["https:\/\/teslafm.net\/digital-entropy-9\/"]}]},{"@type":"BreadcrumbList","@id":"https:\/\/teslafm.net\/digital-entropy-9\/#breadcrumb","itemListElement":[{"@type":"ListItem","position":1,"name":"Portada","item":"https:\/\/teslafm.net\/"},{"@type":"ListItem","position":2,"name":"Digital Entropy #9"}]},{"@type":"WebSite","@id":"https:\/\/teslafm.net\/#website","url":"https:\/\/teslafm.net\/","name":"TeslaFM","description":"An experimental and creative radio","publisher":{"@id":"https:\/\/teslafm.net\/#organization"},"potentialAction":[{"@type":"SearchAction","target":{"@type":"EntryPoint","urlTemplate":"https:\/\/teslafm.net\/?s={search_term_string}"},"query-input":{"@type":"PropertyValueSpecification","valueRequired":true,"valueName":"search_term_string"}}],"inLanguage":"en-US"},{"@type":"Organization","@id":"https:\/\/teslafm.net\/#organization","name":"TeslaFM","url":"https:\/\/teslafm.net\/","logo":{"@type":"ImageObject","inLanguage":"en-US","@id":"https:\/\/teslafm.net\/#\/schema\/logo\/image\/","url":"https:\/\/teslafm.net\/wp-content\/uploads\/2020\/06\/logo-tesla.png","contentUrl":"https:\/\/teslafm.net\/wp-content\/uploads\/2020\/06\/logo-tesla.png","width":512,"height":512,"caption":"TeslaFM"},"image":{"@id":"https:\/\/teslafm.net\/#\/schema\/logo\/image\/"},"sameAs":["https:\/\/www.facebook.com\/teslafm.net","https:\/\/x.com\/teslafm"]}]}},"rttpg_featured_image_url":null,"rttpg_author":{"display_name":"Ishak","author_link":"https:\/\/teslafm.net\/en\/author\/cravan\/"},"rttpg_comment":0,"rttpg_category":null,"rttpg_excerpt":"Digital Entropy #9 La Escucha Atenta La Escucha Atenta, es un sello editorial con sede en Gij\u00f3n, que fue creado en 2011, por el artista, compositor y registrador de sonido, Juanjo Palacios. Es un sello centrado en las grabaciones de campo de diversos artistas y dedicado exclusivamente al Paisaje Sonoro. En los inicios del sello&hellip;","_links":{"self":[{"href":"https:\/\/teslafm.net\/en\/wp-json\/wp\/v2\/pages\/58652","targetHints":{"allow":["GET"]}}],"collection":[{"href":"https:\/\/teslafm.net\/en\/wp-json\/wp\/v2\/pages"}],"about":[{"href":"https:\/\/teslafm.net\/en\/wp-json\/wp\/v2\/types\/page"}],"author":[{"embeddable":true,"href":"https:\/\/teslafm.net\/en\/wp-json\/wp\/v2\/users\/19"}],"replies":[{"embeddable":true,"href":"https:\/\/teslafm.net\/en\/wp-json\/wp\/v2\/comments?post=58652"}],"version-history":[{"count":4,"href":"https:\/\/teslafm.net\/en\/wp-json\/wp\/v2\/pages\/58652\/revisions"}],"predecessor-version":[{"id":58656,"href":"https:\/\/teslafm.net\/en\/wp-json\/wp\/v2\/pages\/58652\/revisions\/58656"}],"wp:attachment":[{"href":"https:\/\/teslafm.net\/en\/wp-json\/wp\/v2\/media?parent=58652"}],"curies":[{"name":"wp","href":"https:\/\/api.w.org\/{rel}","templated":true}]}}