

{"id":58675,"date":"2021-09-07T19:59:19","date_gmt":"2021-09-07T17:59:19","guid":{"rendered":"https:\/\/teslafm.net\/?page_id=58675"},"modified":"2021-09-07T20:02:44","modified_gmt":"2021-09-07T18:02:44","slug":"ananke-31","status":"publish","type":"page","link":"https:\/\/teslafm.net\/en\/ananke-31\/","title":{"rendered":"Anank\u00e9 #31"},"content":{"rendered":"<h2><strong><span style=\"color: #ffffff;\">Anank\u00e9 Cap\u00edtulo <span style=\"color: #808080;\"><span style=\"color: #ffffff;\">XXXI<\/span><\/span><\/span><br \/>\n<\/strong><\/h2>\n<p><span style=\"color: #808080;\"><em>Septiembre 2021<\/em><\/span><\/p>\n<p><iframe src=\"https:\/\/www.mixcloud.com\/widget\/iframe\/?hide_cover=1&amp;feed=%2FTeslafm_net%2Fanank%C3%A9-31-jaco%2F\" width=\"100%\" height=\"120\" frameborder=\"0\"><\/iframe><\/p>\n<p><span style=\"color: #808080;\">01. <strong>The Camberwell Now<\/strong> &#8211; For Those In Peril &#8211; Meridian \/ Greenfingers (The EP Collection) (Digital Bonus Track) (Modern Classics Recordings, 2016)<\/span><br \/>\n<span style=\"color: #808080;\">02. <strong>Claire Rousay<\/strong> &#8211; Peak Chroma &#8211; A Softer Focus (American Dreams Records, 2021)<\/span><br \/>\n<span style=\"color: #808080;\">03. <strong>Mar Cianuro<\/strong> &#8211; Com que havia anat pel m\u00f3n, sabia qu\u00e8 era el m\u00f3n (Manceb\u00eda Postigo, 2020)<\/span><br \/>\n<span style=\"color: #808080;\">04. <strong>Spelling<\/strong> &#8211; Emperor With an Egg &#8211; The Turning Wheel (Sacred Bones, 2021)<\/span><br \/>\n<span style=\"color: #808080;\">05. <strong>Fatima Al Qadiri<\/strong> &#8211; Malaak &#8211; Medieval Femme (Hyperdub, 2021)<\/span><br \/>\n<span style=\"color: #808080;\">06. <strong>Mars89<\/strong> &#8211; Poltergeist &#8211; Biological Tides \/ Poltergeist (Bokeh Versions, 2017)<\/span><br \/>\n<span style=\"color: #808080;\">07. <strong>Mar Cianuro<\/strong> &#8211; Com que havia anat pel m\u00f3n, sabia qu\u00e8 era el m\u00f3n (Manceb\u00eda Postigo, 2020)<\/span><br \/>\n<span style=\"color: #808080;\">08. <strong>RAP<\/strong> &#8211; Bright Blue &#8211; Junction (Jolly Discs, 2021)<\/span><br \/>\n<span style=\"color: #808080;\">09. <strong>RAP<\/strong> &#8211; Coran &#8211; Junction (Jolly Discs, 2021)<\/span><br \/>\n<span style=\"color: #808080;\">10. <strong>Ronce<\/strong> &#8211; Plague &#8211; Malignant (The Death of Rave, 2021)<\/span><br \/>\n<span style=\"color: #808080;\">11. <strong>Murcof<\/strong> &#8211; Underwater Lament &#8211; The Alias Sessions (Leaf, 2021)<\/span><br \/>\n<span style=\"color: #808080;\">12. <strong>Klara Lewis &amp; Peder Mannerfelt<\/strong> &#8211; Full of Piss and Vinegar &#8211; KLMNOPQ (The Trilogy Tapes, 2021)<\/span><br \/>\n<span style=\"color: #808080;\">13. <strong>Mar Cianuro<\/strong> &#8211; Com que havia anat pel m\u00f3n, sabia qu\u00e8 era el m\u00f3n (Manceb\u00eda Postigo, 2020)<\/span><br \/>\n<span style=\"color: #808080;\">14. <strong>Space Afrika<\/strong> &#8211; Like Orchids &#8211; Honest Labour (Dais Records, 2021)<\/span><br \/>\n<span style=\"color: #808080;\">15. <strong>Space Afrika<\/strong> &#8211; Rings (feat. Guest) &#8211; Honest Labour (Dais Records, 2021)<\/span><br \/>\n<span style=\"color: #808080;\">16.<strong> Space Afrika<\/strong> &#8211; B\u00a3E &#8211; Honest Labour (Dais Records, 2021)<\/span><br \/>\n<span style=\"color: #808080;\">17. <strong>Mourning [A] BLKstar<\/strong> &#8211; The Wants &#8211; The Cycle (Don Giovanni Records, 2020)<\/span><br \/>\n<span style=\"color: #808080;\">18. <strong>Mar Cianuro<\/strong> &#8211; Com que havia anat pel m\u00f3n, sabia qu\u00e8 era el m\u00f3n (Manceb\u00eda Postigo, 2020)<\/span><br \/>\n<span style=\"color: #808080;\">19. <strong>Mar Cianuro<\/strong> &#8211; Com que havia anat pel m\u00f3n, sabia qu\u00e8 era el m\u00f3n (Manceb\u00eda Postigo, 2020)<\/span><br \/>\n<span style=\"color: #808080;\">20. <strong>Barba Corsini<\/strong> &#8211; Llei &#8211; Un nou incendi (Bankrobber, 2021)<\/span><br \/>\n<span style=\"color: #808080;\">21. <strong>Cristian De Sucre<\/strong> &#8211; Los cuchillos de oro (In\u00e9dito, 2017)<\/span><br \/>\n<span style=\"color: #808080;\">22. <strong>Cristian De Sucre<\/strong> &#8211; Recuerda (In\u00e9dito, 2016)<\/span><br \/>\n<span style=\"color: #808080;\">23. <strong>Mar Cianuro<\/strong> &#8211; Com que havia anat pel m\u00f3n, sabia qu\u00e8 era el m\u00f3n (Manceb\u00eda Postigo, 2020)<\/span><br \/>\n<span style=\"color: #808080;\">24. <strong>Gazelle Twin<\/strong> &#8211; Mongrel &#8211; Pastoral (Anti-Ghost Moon Ray, 2018)<\/span><br \/>\n<span style=\"color: #808080;\">25. <strong>Gazelle Twin<\/strong> &#8211; Folly &#8211; Pastoral (Anti-Ghost Moon Ray, 2018)<\/span><br \/>\n<span style=\"color: #808080;\">26. <strong>Mar Cianuro<\/strong> &#8211; Com que havia anat pel m\u00f3n, sabia qu\u00e8 era el m\u00f3n (Manceb\u00eda Postigo, 2020)<\/span><br \/>\n<span style=\"color: #808080;\">27. <strong>Boards Of Canada<\/strong> &#8211; The Beach at Redpoint &#8211; Geogaddi (Warp, 2002\/2013)<\/span><\/p>\n","protected":false},"excerpt":{"rendered":"<p>Anank\u00e9 Cap\u00edtulo XXXI Septiembre 2021 01. The Camberwell Now &#8211; For Those In Peril &#8211; Meridian \/ Greenfingers (The EP Collection) (Digital Bonus Track) (Modern Classics Recordings, 2016) 02. Claire Rousay &#8211; Peak Chroma &#8211; A Softer Focus (American Dreams Records, 2021) 03. Mar Cianuro &#8211; Com que havia anat pel m\u00f3n, sabia qu\u00e8 era [&hellip;]<\/p>\n","protected":false},"author":19,"featured_media":0,"parent":0,"menu_order":0,"comment_status":"closed","ping_status":"closed","template":"","meta":{"footnotes":""},"class_list":["post-58675","page","type-page","status-publish","hentry"],"yoast_head":"<!-- This site is optimized with the Yoast SEO plugin v27.4 - https:\/\/yoast.com\/product\/yoast-seo-wordpress\/ -->\n<title>Anank\u00e9 #31 -<\/title>\n<meta name=\"robots\" content=\"index, follow, max-snippet:-1, max-image-preview:large, max-video-preview:-1\" \/>\n<link rel=\"canonical\" href=\"https:\/\/teslafm.net\/en\/ananke-31\/\" \/>\n<meta property=\"og:locale\" content=\"en_US\" \/>\n<meta property=\"og:type\" content=\"article\" \/>\n<meta property=\"og:title\" content=\"Anank\u00e9 #31 -\" \/>\n<meta property=\"og:description\" content=\"Anank\u00e9 Cap\u00edtulo XXXI Septiembre 2021 01. The Camberwell Now &#8211; For Those In Peril &#8211; Meridian \/ Greenfingers (The EP Collection) (Digital Bonus Track) (Modern Classics Recordings, 2016) 02. Claire Rousay &#8211; Peak Chroma &#8211; A Softer Focus (American Dreams Records, 2021) 03. Mar Cianuro &#8211; Com que havia anat pel m\u00f3n, sabia qu\u00e8 era [&hellip;]\" \/>\n<meta property=\"og:url\" content=\"https:\/\/teslafm.net\/en\/ananke-31\/\" \/>\n<meta property=\"article:publisher\" content=\"https:\/\/www.facebook.com\/teslafm.net\" \/>\n<meta property=\"article:modified_time\" content=\"2021-09-07T18:02:44+00:00\" \/>\n<meta property=\"og:image\" content=\"https:\/\/teslafm.net\/wp-content\/uploads\/2022\/09\/header-image-4-temp.png\" \/>\n\t<meta property=\"og:image:width\" content=\"1274\" \/>\n\t<meta property=\"og:image:height\" content=\"818\" \/>\n\t<meta property=\"og:image:type\" content=\"image\/png\" \/>\n<meta name=\"twitter:card\" content=\"summary_large_image\" \/>\n<meta name=\"twitter:site\" content=\"@teslafm\" \/>\n<meta name=\"twitter:label1\" content=\"Est. reading time\" \/>\n\t<meta name=\"twitter:data1\" content=\"2 minutes\" \/>\n<script type=\"application\/ld+json\" class=\"yoast-schema-graph\">{\"@context\":\"https:\\\/\\\/schema.org\",\"@graph\":[{\"@type\":\"WebPage\",\"@id\":\"https:\\\/\\\/teslafm.net\\\/ananke-31\\\/\",\"url\":\"https:\\\/\\\/teslafm.net\\\/ananke-31\\\/\",\"name\":\"Anank\u00e9 #31 -\",\"isPartOf\":{\"@id\":\"https:\\\/\\\/teslafm.net\\\/#website\"},\"datePublished\":\"2021-09-07T17:59:19+00:00\",\"dateModified\":\"2021-09-07T18:02:44+00:00\",\"breadcrumb\":{\"@id\":\"https:\\\/\\\/teslafm.net\\\/ananke-31\\\/#breadcrumb\"},\"inLanguage\":\"en-US\",\"potentialAction\":[{\"@type\":\"ReadAction\",\"target\":[\"https:\\\/\\\/teslafm.net\\\/ananke-31\\\/\"]}]},{\"@type\":\"BreadcrumbList\",\"@id\":\"https:\\\/\\\/teslafm.net\\\/ananke-31\\\/#breadcrumb\",\"itemListElement\":[{\"@type\":\"ListItem\",\"position\":1,\"name\":\"Portada\",\"item\":\"https:\\\/\\\/teslafm.net\\\/\"},{\"@type\":\"ListItem\",\"position\":2,\"name\":\"Anank\u00e9 #31\"}]},{\"@type\":\"WebSite\",\"@id\":\"https:\\\/\\\/teslafm.net\\\/#website\",\"url\":\"https:\\\/\\\/teslafm.net\\\/\",\"name\":\"TeslaFM\",\"description\":\"An experimental and creative radio\",\"publisher\":{\"@id\":\"https:\\\/\\\/teslafm.net\\\/#organization\"},\"potentialAction\":[{\"@type\":\"SearchAction\",\"target\":{\"@type\":\"EntryPoint\",\"urlTemplate\":\"https:\\\/\\\/teslafm.net\\\/?s={search_term_string}\"},\"query-input\":{\"@type\":\"PropertyValueSpecification\",\"valueRequired\":true,\"valueName\":\"search_term_string\"}}],\"inLanguage\":\"en-US\"},{\"@type\":\"Organization\",\"@id\":\"https:\\\/\\\/teslafm.net\\\/#organization\",\"name\":\"TeslaFM\",\"url\":\"https:\\\/\\\/teslafm.net\\\/\",\"logo\":{\"@type\":\"ImageObject\",\"inLanguage\":\"en-US\",\"@id\":\"https:\\\/\\\/teslafm.net\\\/#\\\/schema\\\/logo\\\/image\\\/\",\"url\":\"https:\\\/\\\/teslafm.net\\\/wp-content\\\/uploads\\\/2020\\\/06\\\/logo-tesla.png\",\"contentUrl\":\"https:\\\/\\\/teslafm.net\\\/wp-content\\\/uploads\\\/2020\\\/06\\\/logo-tesla.png\",\"width\":512,\"height\":512,\"caption\":\"TeslaFM\"},\"image\":{\"@id\":\"https:\\\/\\\/teslafm.net\\\/#\\\/schema\\\/logo\\\/image\\\/\"},\"sameAs\":[\"https:\\\/\\\/www.facebook.com\\\/teslafm.net\",\"https:\\\/\\\/x.com\\\/teslafm\"]}]}<\/script>\n<!-- \/ Yoast SEO plugin. -->","yoast_head_json":{"title":"Anank\u00e9 #31 -","robots":{"index":"index","follow":"follow","max-snippet":"max-snippet:-1","max-image-preview":"max-image-preview:large","max-video-preview":"max-video-preview:-1"},"canonical":"https:\/\/teslafm.net\/en\/ananke-31\/","og_locale":"en_US","og_type":"article","og_title":"Anank\u00e9 #31 -","og_description":"Anank\u00e9 Cap\u00edtulo XXXI Septiembre 2021 01. The Camberwell Now &#8211; For Those In Peril &#8211; Meridian \/ Greenfingers (The EP Collection) (Digital Bonus Track) (Modern Classics Recordings, 2016) 02. Claire Rousay &#8211; Peak Chroma &#8211; A Softer Focus (American Dreams Records, 2021) 03. Mar Cianuro &#8211; Com que havia anat pel m\u00f3n, sabia qu\u00e8 era [&hellip;]","og_url":"https:\/\/teslafm.net\/en\/ananke-31\/","article_publisher":"https:\/\/www.facebook.com\/teslafm.net","article_modified_time":"2021-09-07T18:02:44+00:00","og_image":[{"width":1274,"height":818,"url":"https:\/\/teslafm.net\/wp-content\/uploads\/2022\/09\/header-image-4-temp.png","type":"image\/png"}],"twitter_card":"summary_large_image","twitter_site":"@teslafm","twitter_misc":{"Est. reading time":"2 minutes"},"schema":{"@context":"https:\/\/schema.org","@graph":[{"@type":"WebPage","@id":"https:\/\/teslafm.net\/ananke-31\/","url":"https:\/\/teslafm.net\/ananke-31\/","name":"Anank\u00e9 #31 -","isPartOf":{"@id":"https:\/\/teslafm.net\/#website"},"datePublished":"2021-09-07T17:59:19+00:00","dateModified":"2021-09-07T18:02:44+00:00","breadcrumb":{"@id":"https:\/\/teslafm.net\/ananke-31\/#breadcrumb"},"inLanguage":"en-US","potentialAction":[{"@type":"ReadAction","target":["https:\/\/teslafm.net\/ananke-31\/"]}]},{"@type":"BreadcrumbList","@id":"https:\/\/teslafm.net\/ananke-31\/#breadcrumb","itemListElement":[{"@type":"ListItem","position":1,"name":"Portada","item":"https:\/\/teslafm.net\/"},{"@type":"ListItem","position":2,"name":"Anank\u00e9 #31"}]},{"@type":"WebSite","@id":"https:\/\/teslafm.net\/#website","url":"https:\/\/teslafm.net\/","name":"TeslaFM","description":"An experimental and creative radio","publisher":{"@id":"https:\/\/teslafm.net\/#organization"},"potentialAction":[{"@type":"SearchAction","target":{"@type":"EntryPoint","urlTemplate":"https:\/\/teslafm.net\/?s={search_term_string}"},"query-input":{"@type":"PropertyValueSpecification","valueRequired":true,"valueName":"search_term_string"}}],"inLanguage":"en-US"},{"@type":"Organization","@id":"https:\/\/teslafm.net\/#organization","name":"TeslaFM","url":"https:\/\/teslafm.net\/","logo":{"@type":"ImageObject","inLanguage":"en-US","@id":"https:\/\/teslafm.net\/#\/schema\/logo\/image\/","url":"https:\/\/teslafm.net\/wp-content\/uploads\/2020\/06\/logo-tesla.png","contentUrl":"https:\/\/teslafm.net\/wp-content\/uploads\/2020\/06\/logo-tesla.png","width":512,"height":512,"caption":"TeslaFM"},"image":{"@id":"https:\/\/teslafm.net\/#\/schema\/logo\/image\/"},"sameAs":["https:\/\/www.facebook.com\/teslafm.net","https:\/\/x.com\/teslafm"]}]}},"rttpg_featured_image_url":null,"rttpg_author":{"display_name":"Ishak","author_link":"https:\/\/teslafm.net\/en\/author\/cravan\/"},"rttpg_comment":0,"rttpg_category":null,"rttpg_excerpt":"Anank\u00e9 Cap\u00edtulo XXXI Septiembre 2021 01. The Camberwell Now &#8211; For Those In Peril &#8211; Meridian \/ Greenfingers (The EP Collection) (Digital Bonus Track) (Modern Classics Recordings, 2016) 02. Claire Rousay &#8211; Peak Chroma &#8211; A Softer Focus (American Dreams Records, 2021) 03. Mar Cianuro &#8211; Com que havia anat pel m\u00f3n, sabia qu\u00e8 era&hellip;","_links":{"self":[{"href":"https:\/\/teslafm.net\/en\/wp-json\/wp\/v2\/pages\/58675","targetHints":{"allow":["GET"]}}],"collection":[{"href":"https:\/\/teslafm.net\/en\/wp-json\/wp\/v2\/pages"}],"about":[{"href":"https:\/\/teslafm.net\/en\/wp-json\/wp\/v2\/types\/page"}],"author":[{"embeddable":true,"href":"https:\/\/teslafm.net\/en\/wp-json\/wp\/v2\/users\/19"}],"replies":[{"embeddable":true,"href":"https:\/\/teslafm.net\/en\/wp-json\/wp\/v2\/comments?post=58675"}],"version-history":[{"count":3,"href":"https:\/\/teslafm.net\/en\/wp-json\/wp\/v2\/pages\/58675\/revisions"}],"predecessor-version":[{"id":58678,"href":"https:\/\/teslafm.net\/en\/wp-json\/wp\/v2\/pages\/58675\/revisions\/58678"}],"wp:attachment":[{"href":"https:\/\/teslafm.net\/en\/wp-json\/wp\/v2\/media?parent=58675"}],"curies":[{"name":"wp","href":"https:\/\/api.w.org\/{rel}","templated":true}]}}