

{"id":58682,"date":"2021-09-08T17:45:03","date_gmt":"2021-09-08T15:45:03","guid":{"rendered":"https:\/\/teslafm.net\/?page_id=58682"},"modified":"2021-09-08T18:04:17","modified_gmt":"2021-09-08T16:04:17","slug":"teoria-incertidumbre-26","status":"publish","type":"page","link":"https:\/\/teslafm.net\/en\/teoria-incertidumbre-26\/","title":{"rendered":"Uncertainty Theory #26"},"content":{"rendered":"<div data-elementor-type=\"wp-page\" data-elementor-id=\"58682\" class=\"elementor elementor-58682\">\n\t\t\t\t\t\t<section class=\"elementor-section elementor-top-section elementor-element elementor-element-5c58f745 elementor-section-boxed elementor-section-height-default elementor-section-height-default\" data-id=\"5c58f745\" data-element_type=\"section\" data-e-type=\"section\">\n\t\t\t\t\t\t<div class=\"elementor-container elementor-column-gap-default\">\n\t\t\t\t\t<div class=\"elementor-column elementor-col-100 elementor-top-column elementor-element elementor-element-2cf72c31\" data-id=\"2cf72c31\" data-element_type=\"column\" data-e-type=\"column\">\n\t\t\t<div class=\"elementor-widget-wrap elementor-element-populated\">\n\t\t\t\t\t\t<div class=\"elementor-element elementor-element-9fe79b0 elementor-widget elementor-widget-text-editor\" data-id=\"9fe79b0\" data-element_type=\"widget\" data-e-type=\"widget\" data-widget_type=\"text-editor.default\">\n\t\t\t\t<div class=\"elementor-widget-container\">\n\t\t\t\t\t\t\t\t\t<h2><span style=\"color: #ffffff;\"><strong>Theory Invertibility #26<\/strong><\/span><\/h2><p><span style=\"color: #808080;\"><em>Sounding bowls or more commonly known as Tibetan bowls<\/em><\/span><\/p><p><iframe src=\"https:\/\/www.mixcloud.com\/widget\/iframe\/?hide_cover=1&amp;feed=%2FTeslafm_net%2Fteor%C3%ADa-incertidumbre-26-andrea-bravo%2F\" width=\"100%\" height=\"120\" frameborder=\"0\"><\/iframe><\/p><div><p><span style=\"color: #808080;\">Audio<\/span><br \/><span style=\"color: #808080;\">- Crossing The Line - <strong>Henry Wolff &amp; Nancy Hennings<\/strong> - track 1 from the album Tibetan Bells III - The Empty Mirror (1988)<\/span><br \/><span style=\"color: #808080;\">- Excerpt of the only track of the Reflection album - <strong>Brian Eno<\/strong> (2016)<\/span><\/p><p>\u00a0<\/p><p><span style=\"color: #808080;\">Sounding bowls or more commonly known as Tibetan bowls<\/span><\/p><\/div><div><span style=\"color: #808080;\">\"According to Tibetan oral tradition, these bowls date back to 560-180 B.C. They have been found in temples, monasteries, and meditation halls all over the world. They have been found in temples, monasteries, and meditation halls throughout the world. (...) They are made from an alloy of five to seven metals, such as gold, silver, mercury, copper, iron, tin and lead, and each of these metals is believed to produce an individual sound, including partials, and these sounds together produce the exceptional \"singing\" sonority of the bowls. In their manufacture, each bowl is hammered by hand, in a circular shape, to produce its harmonic tones and vibrations. Today they are used in music, relaxation, meditation and healing...\"<\/span><\/div><div><span style=\"color: #808080;\">According to Wolfgang Strobel (1998), \"...to indicate its probable country of origin, it is called \"Tibetan singing bowl\". It is found, however, in other Himalayan countries, having spread throughout the Buddhist world, including Japan, in different versions...\".<\/span><\/div><div>\u00a0<\/div><div><span style=\"color: #808080;\">Tibetan bowls can have a size ranging from 10 cm. in diameter up to 1 meter. The best known ones range from 20 to 30 cm in diameter.<\/span><\/div><div>\u00a0<\/div><div><span style=\"color: #808080;\">They are usually made of an alloy of 7 to 9 metals. The sides and rim of the bowl vibrate when struck or when the rim is run over with a mallet or drumstick. Singing bowls have been used in Asia in Buddhism for meditation, trance induction and relaxation.<\/span><\/div><div><p><span style=\"color: #808080;\">In order to use a singing bowl, a \"drumstick\" is usually used. A drumstick is a wooden instrument that is sometimes surrounded by different materials, such as rubber, silicone or cotton to obtain different types of sounds. The sounds obtained with wooden drumsticks are higher pitched and those obtained with cotton and other soft materials are lower pitched. The size of the drumstick should be proportionate to the size of the bowl to be percussed.<\/span><\/p><p><span style=\"color: #808080;\">There are two ways of playing singing bowls: Beating and percussion. Percussion is a blow on the outer rim of the bowl and beating is rubbing the rim with the stick until the bowl begins to emit a sound. Not all bowls allow beating, but all allow percussion.<\/span><\/p><\/div>\t\t\t\t\t\t\t\t<\/div>\n\t\t\t\t<\/div>\n\t\t\t\t\t<\/div>\n\t\t<\/div>\n\t\t\t\t\t<\/div>\n\t\t<\/section>\n\t\t\t\t<section class=\"elementor-section elementor-top-section elementor-element elementor-element-43b03f4 elementor-section-boxed elementor-section-height-default elementor-section-height-default\" data-id=\"43b03f4\" data-element_type=\"section\" data-e-type=\"section\">\n\t\t\t\t\t\t<div class=\"elementor-container elementor-column-gap-default\">\n\t\t\t\t\t<div class=\"elementor-column elementor-col-100 elementor-top-column elementor-element elementor-element-1d7b545\" data-id=\"1d7b545\" data-element_type=\"column\" data-e-type=\"column\">\n\t\t\t<div class=\"elementor-widget-wrap elementor-element-populated\">\n\t\t\t\t\t\t<div class=\"elementor-element elementor-element-3ce9678 elementor-widget elementor-widget-gallery\" data-id=\"3ce9678\" data-element_type=\"widget\" data-e-type=\"widget\" data-settings=\"{&quot;gallery_layout&quot;:&quot;justified&quot;,&quot;lazyload&quot;:&quot;yes&quot;,&quot;ideal_row_height&quot;:{&quot;unit&quot;:&quot;px&quot;,&quot;size&quot;:200,&quot;sizes&quot;:[]},&quot;ideal_row_height_tablet&quot;:{&quot;unit&quot;:&quot;px&quot;,&quot;size&quot;:150,&quot;sizes&quot;:[]},&quot;ideal_row_height_mobile&quot;:{&quot;unit&quot;:&quot;px&quot;,&quot;size&quot;:150,&quot;sizes&quot;:[]},&quot;gap&quot;:{&quot;unit&quot;:&quot;px&quot;,&quot;size&quot;:10,&quot;sizes&quot;:[]},&quot;gap_tablet&quot;:{&quot;unit&quot;:&quot;px&quot;,&quot;size&quot;:10,&quot;sizes&quot;:[]},&quot;gap_mobile&quot;:{&quot;unit&quot;:&quot;px&quot;,&quot;size&quot;:10,&quot;sizes&quot;:[]},&quot;link_to&quot;:&quot;file&quot;,&quot;overlay_background&quot;:&quot;yes&quot;,&quot;content_hover_animation&quot;:&quot;fade-in&quot;}\" data-widget_type=\"gallery.default\">\n\t\t\t\t<div class=\"elementor-widget-container\">\n\t\t\t\t\t\t\t<div class=\"elementor-gallery__container\">\n\t\t\t\t\t\t\t<a class=\"e-gallery-item elementor-gallery-item elementor-animated-content\" href=\"https:\/\/teslafm.net\/wp-content\/uploads\/2021\/09\/singing-bowl.jpeg\" data-elementor-open-lightbox=\"yes\" data-elementor-lightbox-slideshow=\"all-3ce9678\" data-elementor-lightbox-title=\"singing bowl\" data-e-action-hash=\"#elementor-action%3Aaction%3Dlightbox%26settings%3DeyJpZCI6NTg2ODYsInVybCI6Imh0dHBzOlwvXC90ZXNsYWZtLm5ldFwvd3AtY29udGVudFwvdXBsb2Fkc1wvMjAyMVwvMDlcL3NpbmdpbmctYm93bC5qcGVnIiwic2xpZGVzaG93IjoiYWxsLTNjZTk2NzgifQ%3D%3D\">\n\t\t\t\t\t<div class=\"e-gallery-image elementor-gallery-item__image\" data-thumbnail=\"https:\/\/teslafm.net\/wp-content\/uploads\/2021\/09\/singing-bowl.jpeg\" data-width=\"1024\" data-height=\"681\" alt=\"\" ><\/div>\n\t\t\t\t\t\t\t\t\t\t\t<div class=\"elementor-gallery-item__overlay\"><\/div>\n\t\t\t\t\t\t\t\t\t\t\t\t\t\t<\/a>\n\t\t\t\t\t\t\t<a class=\"e-gallery-item elementor-gallery-item elementor-animated-content\" href=\"https:\/\/teslafm.net\/wp-content\/uploads\/2021\/09\/cuencos.jpg\" data-elementor-open-lightbox=\"yes\" data-elementor-lightbox-slideshow=\"all-3ce9678\" data-elementor-lightbox-title=\"cuencos\" data-e-action-hash=\"#elementor-action%3Aaction%3Dlightbox%26settings%3DeyJpZCI6NTg2ODcsInVybCI6Imh0dHBzOlwvXC90ZXNsYWZtLm5ldFwvd3AtY29udGVudFwvdXBsb2Fkc1wvMjAyMVwvMDlcL2N1ZW5jb3MuanBnIiwic2xpZGVzaG93IjoiYWxsLTNjZTk2NzgifQ%3D%3D\">\n\t\t\t\t\t<div class=\"e-gallery-image elementor-gallery-item__image\" data-thumbnail=\"https:\/\/teslafm.net\/wp-content\/uploads\/2021\/09\/cuencos.jpg\" data-width=\"700\" data-height=\"689\" alt=\"\" ><\/div>\n\t\t\t\t\t\t\t\t\t\t\t<div class=\"elementor-gallery-item__overlay\"><\/div>\n\t\t\t\t\t\t\t\t\t\t\t\t\t\t<\/a>\n\t\t\t\t\t\t\t<a class=\"e-gallery-item elementor-gallery-item elementor-animated-content\" href=\"https:\/\/teslafm.net\/wp-content\/uploads\/2021\/09\/cuencos.png\" data-elementor-open-lightbox=\"yes\" data-elementor-lightbox-slideshow=\"all-3ce9678\" data-elementor-lightbox-title=\"cuencos\" data-e-action-hash=\"#elementor-action%3Aaction%3Dlightbox%26settings%3DeyJpZCI6NTg2ODgsInVybCI6Imh0dHBzOlwvXC90ZXNsYWZtLm5ldFwvd3AtY29udGVudFwvdXBsb2Fkc1wvMjAyMVwvMDlcL2N1ZW5jb3MucG5nIiwic2xpZGVzaG93IjoiYWxsLTNjZTk2NzgifQ%3D%3D\">\n\t\t\t\t\t<div class=\"e-gallery-image elementor-gallery-item__image\" data-thumbnail=\"https:\/\/teslafm.net\/wp-content\/uploads\/2021\/09\/cuencos.png\" data-width=\"1000\" data-height=\"497\" alt=\"\" ><\/div>\n\t\t\t\t\t\t\t\t\t\t\t<div class=\"elementor-gallery-item__overlay\"><\/div>\n\t\t\t\t\t\t\t\t\t\t\t\t\t\t<\/a>\n\t\t\t\t\t<\/div>\n\t\t\t\t\t<\/div>\n\t\t\t\t<\/div>\n\t\t\t\t\t<\/div>\n\t\t<\/div>\n\t\t\t\t\t<\/div>\n\t\t<\/section>\n\t\t\t\t<\/div>","protected":false},"excerpt":{"rendered":"<p>Teor\u00eda Invertidumbre #26 Cuencos sonoros o m\u00e1s conocidos como cuencos tibetanos Audio&#8211; Crossing The Line &#8211; Henry Wolff &amp; Nancy Hennings &#8211; track 1 del disco Tibetan Bells III &#8211; The Empty Mirror (1988)&#8211; Extracto del \u00fanico track del disco Reflection &#8211; Brian Eno (2016) \u00a0 Cuencos sonoros o m\u00e1s conocidos como cuencos tibetanos \u201c&#8230;Seg\u00fan [&hellip;]<\/p>\n","protected":false},"author":19,"featured_media":0,"parent":0,"menu_order":0,"comment_status":"closed","ping_status":"closed","template":"","meta":{"footnotes":""},"class_list":["post-58682","page","type-page","status-publish","hentry"],"yoast_head":"<!-- This site is optimized with the Yoast SEO plugin v27.4 - https:\/\/yoast.com\/product\/yoast-seo-wordpress\/ -->\n<title>Teor\u00eda Incertidumbre #26 -<\/title>\n<meta name=\"robots\" content=\"index, follow, max-snippet:-1, max-image-preview:large, max-video-preview:-1\" \/>\n<link rel=\"canonical\" href=\"https:\/\/teslafm.net\/en\/teoria-incertidumbre-26\/\" \/>\n<meta property=\"og:locale\" content=\"en_US\" \/>\n<meta property=\"og:type\" content=\"article\" \/>\n<meta property=\"og:title\" content=\"Teor\u00eda Incertidumbre #26 -\" \/>\n<meta property=\"og:description\" content=\"Teor\u00eda Invertidumbre #26 Cuencos sonoros o m\u00e1s conocidos como cuencos tibetanos Audio&#8211; Crossing The Line &#8211; Henry Wolff &amp; Nancy Hennings &#8211; track 1 del disco Tibetan Bells III &#8211; The Empty Mirror (1988)&#8211; Extracto del \u00fanico track del disco Reflection &#8211; Brian Eno (2016) \u00a0 Cuencos sonoros o m\u00e1s conocidos como cuencos tibetanos \u201c&#8230;Seg\u00fan [&hellip;]\" \/>\n<meta property=\"og:url\" content=\"https:\/\/teslafm.net\/en\/teoria-incertidumbre-26\/\" \/>\n<meta property=\"article:publisher\" content=\"https:\/\/www.facebook.com\/teslafm.net\" \/>\n<meta property=\"article:modified_time\" content=\"2021-09-08T16:04:17+00:00\" \/>\n<meta property=\"og:image\" content=\"https:\/\/teslafm.net\/wp-content\/uploads\/2022\/09\/header-image-4-temp.png\" \/>\n\t<meta property=\"og:image:width\" content=\"1274\" \/>\n\t<meta property=\"og:image:height\" content=\"818\" \/>\n\t<meta property=\"og:image:type\" content=\"image\/png\" \/>\n<meta name=\"twitter:card\" content=\"summary_large_image\" \/>\n<meta name=\"twitter:site\" content=\"@teslafm\" \/>\n<meta name=\"twitter:label1\" content=\"Est. reading time\" \/>\n\t<meta name=\"twitter:data1\" content=\"2 minutes\" \/>\n<script type=\"application\/ld+json\" class=\"yoast-schema-graph\">{\"@context\":\"https:\\\/\\\/schema.org\",\"@graph\":[{\"@type\":\"WebPage\",\"@id\":\"https:\\\/\\\/teslafm.net\\\/teoria-incertidumbre-26\\\/\",\"url\":\"https:\\\/\\\/teslafm.net\\\/teoria-incertidumbre-26\\\/\",\"name\":\"Teor\u00eda Incertidumbre #26 -\",\"isPartOf\":{\"@id\":\"https:\\\/\\\/teslafm.net\\\/#website\"},\"datePublished\":\"2021-09-08T15:45:03+00:00\",\"dateModified\":\"2021-09-08T16:04:17+00:00\",\"breadcrumb\":{\"@id\":\"https:\\\/\\\/teslafm.net\\\/teoria-incertidumbre-26\\\/#breadcrumb\"},\"inLanguage\":\"en-US\",\"potentialAction\":[{\"@type\":\"ReadAction\",\"target\":[\"https:\\\/\\\/teslafm.net\\\/teoria-incertidumbre-26\\\/\"]}]},{\"@type\":\"BreadcrumbList\",\"@id\":\"https:\\\/\\\/teslafm.net\\\/teoria-incertidumbre-26\\\/#breadcrumb\",\"itemListElement\":[{\"@type\":\"ListItem\",\"position\":1,\"name\":\"Portada\",\"item\":\"https:\\\/\\\/teslafm.net\\\/\"},{\"@type\":\"ListItem\",\"position\":2,\"name\":\"Teor\u00eda Incertidumbre #26\"}]},{\"@type\":\"WebSite\",\"@id\":\"https:\\\/\\\/teslafm.net\\\/#website\",\"url\":\"https:\\\/\\\/teslafm.net\\\/\",\"name\":\"TeslaFM\",\"description\":\"An experimental and creative radio\",\"publisher\":{\"@id\":\"https:\\\/\\\/teslafm.net\\\/#organization\"},\"potentialAction\":[{\"@type\":\"SearchAction\",\"target\":{\"@type\":\"EntryPoint\",\"urlTemplate\":\"https:\\\/\\\/teslafm.net\\\/?s={search_term_string}\"},\"query-input\":{\"@type\":\"PropertyValueSpecification\",\"valueRequired\":true,\"valueName\":\"search_term_string\"}}],\"inLanguage\":\"en-US\"},{\"@type\":\"Organization\",\"@id\":\"https:\\\/\\\/teslafm.net\\\/#organization\",\"name\":\"TeslaFM\",\"url\":\"https:\\\/\\\/teslafm.net\\\/\",\"logo\":{\"@type\":\"ImageObject\",\"inLanguage\":\"en-US\",\"@id\":\"https:\\\/\\\/teslafm.net\\\/#\\\/schema\\\/logo\\\/image\\\/\",\"url\":\"https:\\\/\\\/teslafm.net\\\/wp-content\\\/uploads\\\/2020\\\/06\\\/logo-tesla.png\",\"contentUrl\":\"https:\\\/\\\/teslafm.net\\\/wp-content\\\/uploads\\\/2020\\\/06\\\/logo-tesla.png\",\"width\":512,\"height\":512,\"caption\":\"TeslaFM\"},\"image\":{\"@id\":\"https:\\\/\\\/teslafm.net\\\/#\\\/schema\\\/logo\\\/image\\\/\"},\"sameAs\":[\"https:\\\/\\\/www.facebook.com\\\/teslafm.net\",\"https:\\\/\\\/x.com\\\/teslafm\"]}]}<\/script>\n<!-- \/ Yoast SEO plugin. -->","yoast_head_json":{"title":"Uncertainty Theory #26 - Uncertainty Theory #26 - Uncertainty Theory #26 -","robots":{"index":"index","follow":"follow","max-snippet":"max-snippet:-1","max-image-preview":"max-image-preview:large","max-video-preview":"max-video-preview:-1"},"canonical":"https:\/\/teslafm.net\/en\/teoria-incertidumbre-26\/","og_locale":"en_US","og_type":"article","og_title":"Teor\u00eda Incertidumbre #26 -","og_description":"Teor\u00eda Invertidumbre #26 Cuencos sonoros o m\u00e1s conocidos como cuencos tibetanos Audio&#8211; Crossing The Line &#8211; Henry Wolff &amp; Nancy Hennings &#8211; track 1 del disco Tibetan Bells III &#8211; The Empty Mirror (1988)&#8211; Extracto del \u00fanico track del disco Reflection &#8211; Brian Eno (2016) \u00a0 Cuencos sonoros o m\u00e1s conocidos como cuencos tibetanos \u201c&#8230;Seg\u00fan [&hellip;]","og_url":"https:\/\/teslafm.net\/en\/teoria-incertidumbre-26\/","article_publisher":"https:\/\/www.facebook.com\/teslafm.net","article_modified_time":"2021-09-08T16:04:17+00:00","og_image":[{"width":1274,"height":818,"url":"https:\/\/teslafm.net\/wp-content\/uploads\/2022\/09\/header-image-4-temp.png","type":"image\/png"}],"twitter_card":"summary_large_image","twitter_site":"@teslafm","twitter_misc":{"Est. reading time":"2 minutes"},"schema":{"@context":"https:\/\/schema.org","@graph":[{"@type":"WebPage","@id":"https:\/\/teslafm.net\/teoria-incertidumbre-26\/","url":"https:\/\/teslafm.net\/teoria-incertidumbre-26\/","name":"Uncertainty Theory #26 - Uncertainty Theory #26 - Uncertainty Theory #26 -","isPartOf":{"@id":"https:\/\/teslafm.net\/#website"},"datePublished":"2021-09-08T15:45:03+00:00","dateModified":"2021-09-08T16:04:17+00:00","breadcrumb":{"@id":"https:\/\/teslafm.net\/teoria-incertidumbre-26\/#breadcrumb"},"inLanguage":"en-US","potentialAction":[{"@type":"ReadAction","target":["https:\/\/teslafm.net\/teoria-incertidumbre-26\/"]}]},{"@type":"BreadcrumbList","@id":"https:\/\/teslafm.net\/teoria-incertidumbre-26\/#breadcrumb","itemListElement":[{"@type":"ListItem","position":1,"name":"Portada","item":"https:\/\/teslafm.net\/"},{"@type":"ListItem","position":2,"name":"Teor\u00eda Incertidumbre #26"}]},{"@type":"WebSite","@id":"https:\/\/teslafm.net\/#website","url":"https:\/\/teslafm.net\/","name":"TeslaFM","description":"An experimental and creative radio","publisher":{"@id":"https:\/\/teslafm.net\/#organization"},"potentialAction":[{"@type":"SearchAction","target":{"@type":"EntryPoint","urlTemplate":"https:\/\/teslafm.net\/?s={search_term_string}"},"query-input":{"@type":"PropertyValueSpecification","valueRequired":true,"valueName":"search_term_string"}}],"inLanguage":"en-US"},{"@type":"Organization","@id":"https:\/\/teslafm.net\/#organization","name":"TeslaFM","url":"https:\/\/teslafm.net\/","logo":{"@type":"ImageObject","inLanguage":"en-US","@id":"https:\/\/teslafm.net\/#\/schema\/logo\/image\/","url":"https:\/\/teslafm.net\/wp-content\/uploads\/2020\/06\/logo-tesla.png","contentUrl":"https:\/\/teslafm.net\/wp-content\/uploads\/2020\/06\/logo-tesla.png","width":512,"height":512,"caption":"TeslaFM"},"image":{"@id":"https:\/\/teslafm.net\/#\/schema\/logo\/image\/"},"sameAs":["https:\/\/www.facebook.com\/teslafm.net","https:\/\/x.com\/teslafm"]}]}},"rttpg_featured_image_url":null,"rttpg_author":{"display_name":"Ishak","author_link":"https:\/\/teslafm.net\/en\/author\/cravan\/"},"rttpg_comment":0,"rttpg_category":null,"rttpg_excerpt":"Teor\u00eda Invertidumbre #26 Cuencos sonoros o m\u00e1s conocidos como cuencos tibetanos Audio&#8211; Crossing The Line &#8211; Henry Wolff &amp; Nancy Hennings &#8211; track 1 del disco Tibetan Bells III &#8211; The Empty Mirror (1988)&#8211; Extracto del \u00fanico track del disco Reflection &#8211; Brian Eno (2016) \u00a0 Cuencos sonoros o m\u00e1s conocidos como cuencos tibetanos \u201c&#8230;Seg\u00fan&hellip;","_links":{"self":[{"href":"https:\/\/teslafm.net\/en\/wp-json\/wp\/v2\/pages\/58682","targetHints":{"allow":["GET"]}}],"collection":[{"href":"https:\/\/teslafm.net\/en\/wp-json\/wp\/v2\/pages"}],"about":[{"href":"https:\/\/teslafm.net\/en\/wp-json\/wp\/v2\/types\/page"}],"author":[{"embeddable":true,"href":"https:\/\/teslafm.net\/en\/wp-json\/wp\/v2\/users\/19"}],"replies":[{"embeddable":true,"href":"https:\/\/teslafm.net\/en\/wp-json\/wp\/v2\/comments?post=58682"}],"version-history":[{"count":6,"href":"https:\/\/teslafm.net\/en\/wp-json\/wp\/v2\/pages\/58682\/revisions"}],"predecessor-version":[{"id":58694,"href":"https:\/\/teslafm.net\/en\/wp-json\/wp\/v2\/pages\/58682\/revisions\/58694"}],"wp:attachment":[{"href":"https:\/\/teslafm.net\/en\/wp-json\/wp\/v2\/media?parent=58682"}],"curies":[{"name":"wp","href":"https:\/\/api.w.org\/{rel}","templated":true}]}}