

{"id":58756,"date":"2021-09-21T20:23:14","date_gmt":"2021-09-21T18:23:14","guid":{"rendered":"https:\/\/teslafm.net\/?page_id=58756"},"modified":"2021-09-22T11:33:50","modified_gmt":"2021-09-22T09:33:50","slug":"space-oddity-recollection-25","status":"publish","type":"page","link":"https:\/\/teslafm.net\/en\/space-oddity-recollection-25\/","title":{"rendered":"Space Oddity Recollection #25"},"content":{"rendered":"<h2><span style=\"color: #ffffff;\"><strong>Space Oddity Recollection #25<\/strong><\/span><\/h2>\n<p><span style=\"color: #808080;\"><em>September 2021<\/em><\/span><\/p>\n<p><iframe src=\"https:\/\/www.mixcloud.com\/widget\/iframe\/?hide_cover=1&amp;feed=%2FTeslafm_net%2Fspace-oddity-recollection-25-monika-pich%2F\" width=\"100%\" height=\"120\" frameborder=\"0\"><\/iframe><\/p>\n<p><img fetchpriority=\"high\" decoding=\"async\" class=\"alignnone size-full wp-image-58760\" src=\"https:\/\/teslafm.net\/wp-content\/uploads\/2021\/09\/Lisa-von-mond_image.jpg\" alt=\"\" width=\"591\" height=\"591\" srcset=\"https:\/\/teslafm.net\/wp-content\/uploads\/2021\/09\/Lisa-von-mond_image.jpg 591w, https:\/\/teslafm.net\/wp-content\/uploads\/2021\/09\/Lisa-von-mond_image-300x300.jpg 300w, https:\/\/teslafm.net\/wp-content\/uploads\/2021\/09\/Lisa-von-mond_image-150x150.jpg 150w\" sizes=\"(max-width: 591px) 100vw, 591px\" \/><\/p>\n<p><span style=\"color: #808080;\"><strong>Lisa von Mond<\/strong><\/span><\/p>\n<p><span style=\"color: #808080;\">Lisa von Mond is an electronic music producer, who also performs as a DJ under the name Lisa de Lune. She is a member of the LGBTQ group <strong>Kosmos &amp; Krawall<\/strong> in Hamburg. They are organizing events and hosting workshops and open sessions for the DJs from <strong>FLINTA<\/strong>. Lisa has a classical piano education and also studied Cultural Science and Sound. She has written her thesis on one of her favorite objects which is the Tibetan singing bowl. In this program, her ambient chillout tracks influenced by dub and slowhouse music are mixed with fragments of my field recordings made in 2019 '.<\/span><\/p>\n<p><span style=\"color: #808080;\">* What does Lisa like?<\/span><br \/>\n<span style=\"color: #808080;\">- aesthetics of lasers, erotic voices, clouds, bees, seashells, iridescent textures, dizziness, meditation, flow &amp; easy life and modern fairy tales.<\/span><\/p>\n<p class=\"western\" lang=\"pl-PL\"><span style=\"color: #808080;\">Lisa's music:<\/span><\/p>\n<p class=\"western\" lang=\"pl-PL\"><span style=\"color: #0000ff;\"><u><a href=\"https:\/\/soundcloud.com\/lisavonmond\">https:\/\/soundcloud.com\/lisavonmond<\/a><\/u><\/span><\/p>\n<p class=\"western\" lang=\"pl-PL\"><span style=\"color: #0000ff;\"><u><a href=\"https:\/\/soundcloud.com\/lisadelune\">https:\/\/soundcloud.com\/lisadelune<\/a><\/u><\/span><\/p>\n<p lang=\"pl-PL\"><span style=\"color: #808080;\">Disfruta la mezcal, September 2021 ', produced by monika pich<\/span><\/p>\n<p lang=\"pl-PL\">","protected":false},"excerpt":{"rendered":"<p>Space Oddity Recollection #25 Septiembre 2021 Lisa von Mond Lisa von Mond productora de m\u00fasica electr\u00f3nica, quien tambi\u00e9n act\u00faa como DJ bajo el nombre de Lisa de Lune. Es miembro del grupo LGBTQ Kosmos &amp; Krawall en Hamburgo. Est\u00e1n organizando eventos y albergando talleres y sesiones abiertas para los DJ de FLINTA. Lisa tiene educaci\u00f3n [&hellip;]<\/p>\n","protected":false},"author":19,"featured_media":0,"parent":0,"menu_order":0,"comment_status":"closed","ping_status":"closed","template":"","meta":{"footnotes":""},"class_list":["post-58756","page","type-page","status-publish","hentry"],"yoast_head":"<!-- This site is optimized with the Yoast SEO plugin v27.4 - https:\/\/yoast.com\/product\/yoast-seo-wordpress\/ -->\n<title>Space Oddity Recollection #25 -<\/title>\n<meta name=\"robots\" content=\"index, follow, max-snippet:-1, max-image-preview:large, max-video-preview:-1\" \/>\n<link rel=\"canonical\" href=\"https:\/\/teslafm.net\/en\/space-oddity-recollection-25\/\" \/>\n<meta property=\"og:locale\" content=\"en_US\" \/>\n<meta property=\"og:type\" content=\"article\" \/>\n<meta property=\"og:title\" content=\"Space Oddity Recollection #25 -\" \/>\n<meta property=\"og:description\" content=\"Space Oddity Recollection #25 Septiembre 2021 Lisa von Mond Lisa von Mond productora de m\u00fasica electr\u00f3nica, quien tambi\u00e9n act\u00faa como DJ bajo el nombre de Lisa de Lune. Es miembro del grupo LGBTQ Kosmos &amp; Krawall en Hamburgo. Est\u00e1n organizando eventos y albergando talleres y sesiones abiertas para los DJ de FLINTA. Lisa tiene educaci\u00f3n [&hellip;]\" \/>\n<meta property=\"og:url\" content=\"https:\/\/teslafm.net\/en\/space-oddity-recollection-25\/\" \/>\n<meta property=\"article:publisher\" content=\"https:\/\/www.facebook.com\/teslafm.net\" \/>\n<meta property=\"article:modified_time\" content=\"2021-09-22T09:33:50+00:00\" \/>\n<meta property=\"og:image\" content=\"https:\/\/teslafm.net\/wp-content\/uploads\/2021\/09\/Lisa-von-mond_image.jpg\" \/>\n<meta name=\"twitter:card\" content=\"summary_large_image\" \/>\n<meta name=\"twitter:site\" content=\"@teslafm\" \/>\n<meta name=\"twitter:label1\" content=\"Est. reading time\" \/>\n\t<meta name=\"twitter:data1\" content=\"1 minute\" \/>\n<script type=\"application\/ld+json\" class=\"yoast-schema-graph\">{\"@context\":\"https:\\\/\\\/schema.org\",\"@graph\":[{\"@type\":\"WebPage\",\"@id\":\"https:\\\/\\\/teslafm.net\\\/space-oddity-recollection-25\\\/\",\"url\":\"https:\\\/\\\/teslafm.net\\\/space-oddity-recollection-25\\\/\",\"name\":\"Space Oddity Recollection #25 -\",\"isPartOf\":{\"@id\":\"https:\\\/\\\/teslafm.net\\\/#website\"},\"primaryImageOfPage\":{\"@id\":\"https:\\\/\\\/teslafm.net\\\/space-oddity-recollection-25\\\/#primaryimage\"},\"image\":{\"@id\":\"https:\\\/\\\/teslafm.net\\\/space-oddity-recollection-25\\\/#primaryimage\"},\"thumbnailUrl\":\"https:\\\/\\\/teslafm.net\\\/wp-content\\\/uploads\\\/2021\\\/09\\\/Lisa-von-mond_image.jpg\",\"datePublished\":\"2021-09-21T18:23:14+00:00\",\"dateModified\":\"2021-09-22T09:33:50+00:00\",\"breadcrumb\":{\"@id\":\"https:\\\/\\\/teslafm.net\\\/space-oddity-recollection-25\\\/#breadcrumb\"},\"inLanguage\":\"en-US\",\"potentialAction\":[{\"@type\":\"ReadAction\",\"target\":[\"https:\\\/\\\/teslafm.net\\\/space-oddity-recollection-25\\\/\"]}]},{\"@type\":\"ImageObject\",\"inLanguage\":\"en-US\",\"@id\":\"https:\\\/\\\/teslafm.net\\\/space-oddity-recollection-25\\\/#primaryimage\",\"url\":\"https:\\\/\\\/teslafm.net\\\/wp-content\\\/uploads\\\/2021\\\/09\\\/Lisa-von-mond_image.jpg\",\"contentUrl\":\"https:\\\/\\\/teslafm.net\\\/wp-content\\\/uploads\\\/2021\\\/09\\\/Lisa-von-mond_image.jpg\"},{\"@type\":\"BreadcrumbList\",\"@id\":\"https:\\\/\\\/teslafm.net\\\/space-oddity-recollection-25\\\/#breadcrumb\",\"itemListElement\":[{\"@type\":\"ListItem\",\"position\":1,\"name\":\"Portada\",\"item\":\"https:\\\/\\\/teslafm.net\\\/\"},{\"@type\":\"ListItem\",\"position\":2,\"name\":\"Space Oddity Recollection #25\"}]},{\"@type\":\"WebSite\",\"@id\":\"https:\\\/\\\/teslafm.net\\\/#website\",\"url\":\"https:\\\/\\\/teslafm.net\\\/\",\"name\":\"TeslaFM\",\"description\":\"An experimental and creative radio\",\"publisher\":{\"@id\":\"https:\\\/\\\/teslafm.net\\\/#organization\"},\"potentialAction\":[{\"@type\":\"SearchAction\",\"target\":{\"@type\":\"EntryPoint\",\"urlTemplate\":\"https:\\\/\\\/teslafm.net\\\/?s={search_term_string}\"},\"query-input\":{\"@type\":\"PropertyValueSpecification\",\"valueRequired\":true,\"valueName\":\"search_term_string\"}}],\"inLanguage\":\"en-US\"},{\"@type\":\"Organization\",\"@id\":\"https:\\\/\\\/teslafm.net\\\/#organization\",\"name\":\"TeslaFM\",\"url\":\"https:\\\/\\\/teslafm.net\\\/\",\"logo\":{\"@type\":\"ImageObject\",\"inLanguage\":\"en-US\",\"@id\":\"https:\\\/\\\/teslafm.net\\\/#\\\/schema\\\/logo\\\/image\\\/\",\"url\":\"https:\\\/\\\/teslafm.net\\\/wp-content\\\/uploads\\\/2020\\\/06\\\/logo-tesla.png\",\"contentUrl\":\"https:\\\/\\\/teslafm.net\\\/wp-content\\\/uploads\\\/2020\\\/06\\\/logo-tesla.png\",\"width\":512,\"height\":512,\"caption\":\"TeslaFM\"},\"image\":{\"@id\":\"https:\\\/\\\/teslafm.net\\\/#\\\/schema\\\/logo\\\/image\\\/\"},\"sameAs\":[\"https:\\\/\\\/www.facebook.com\\\/teslafm.net\",\"https:\\\/\\\/x.com\\\/teslafm\"]}]}<\/script>\n<!-- \/ Yoast SEO plugin. -->","yoast_head_json":{"title":"Space Oddity Recollection #25 -","robots":{"index":"index","follow":"follow","max-snippet":"max-snippet:-1","max-image-preview":"max-image-preview:large","max-video-preview":"max-video-preview:-1"},"canonical":"https:\/\/teslafm.net\/en\/space-oddity-recollection-25\/","og_locale":"en_US","og_type":"article","og_title":"Space Oddity Recollection #25 -","og_description":"Space Oddity Recollection #25 Septiembre 2021 Lisa von Mond Lisa von Mond productora de m\u00fasica electr\u00f3nica, quien tambi\u00e9n act\u00faa como DJ bajo el nombre de Lisa de Lune. Es miembro del grupo LGBTQ Kosmos &amp; Krawall en Hamburgo. Est\u00e1n organizando eventos y albergando talleres y sesiones abiertas para los DJ de FLINTA. Lisa tiene educaci\u00f3n [&hellip;]","og_url":"https:\/\/teslafm.net\/en\/space-oddity-recollection-25\/","article_publisher":"https:\/\/www.facebook.com\/teslafm.net","article_modified_time":"2021-09-22T09:33:50+00:00","og_image":[{"url":"https:\/\/teslafm.net\/wp-content\/uploads\/2021\/09\/Lisa-von-mond_image.jpg","type":"","width":"","height":""}],"twitter_card":"summary_large_image","twitter_site":"@teslafm","twitter_misc":{"Est. reading time":"1 minute"},"schema":{"@context":"https:\/\/schema.org","@graph":[{"@type":"WebPage","@id":"https:\/\/teslafm.net\/space-oddity-recollection-25\/","url":"https:\/\/teslafm.net\/space-oddity-recollection-25\/","name":"Space Oddity Recollection #25 -","isPartOf":{"@id":"https:\/\/teslafm.net\/#website"},"primaryImageOfPage":{"@id":"https:\/\/teslafm.net\/space-oddity-recollection-25\/#primaryimage"},"image":{"@id":"https:\/\/teslafm.net\/space-oddity-recollection-25\/#primaryimage"},"thumbnailUrl":"https:\/\/teslafm.net\/wp-content\/uploads\/2021\/09\/Lisa-von-mond_image.jpg","datePublished":"2021-09-21T18:23:14+00:00","dateModified":"2021-09-22T09:33:50+00:00","breadcrumb":{"@id":"https:\/\/teslafm.net\/space-oddity-recollection-25\/#breadcrumb"},"inLanguage":"en-US","potentialAction":[{"@type":"ReadAction","target":["https:\/\/teslafm.net\/space-oddity-recollection-25\/"]}]},{"@type":"ImageObject","inLanguage":"en-US","@id":"https:\/\/teslafm.net\/space-oddity-recollection-25\/#primaryimage","url":"https:\/\/teslafm.net\/wp-content\/uploads\/2021\/09\/Lisa-von-mond_image.jpg","contentUrl":"https:\/\/teslafm.net\/wp-content\/uploads\/2021\/09\/Lisa-von-mond_image.jpg"},{"@type":"BreadcrumbList","@id":"https:\/\/teslafm.net\/space-oddity-recollection-25\/#breadcrumb","itemListElement":[{"@type":"ListItem","position":1,"name":"Portada","item":"https:\/\/teslafm.net\/"},{"@type":"ListItem","position":2,"name":"Space Oddity Recollection #25"}]},{"@type":"WebSite","@id":"https:\/\/teslafm.net\/#website","url":"https:\/\/teslafm.net\/","name":"TeslaFM","description":"An experimental and creative radio","publisher":{"@id":"https:\/\/teslafm.net\/#organization"},"potentialAction":[{"@type":"SearchAction","target":{"@type":"EntryPoint","urlTemplate":"https:\/\/teslafm.net\/?s={search_term_string}"},"query-input":{"@type":"PropertyValueSpecification","valueRequired":true,"valueName":"search_term_string"}}],"inLanguage":"en-US"},{"@type":"Organization","@id":"https:\/\/teslafm.net\/#organization","name":"TeslaFM","url":"https:\/\/teslafm.net\/","logo":{"@type":"ImageObject","inLanguage":"en-US","@id":"https:\/\/teslafm.net\/#\/schema\/logo\/image\/","url":"https:\/\/teslafm.net\/wp-content\/uploads\/2020\/06\/logo-tesla.png","contentUrl":"https:\/\/teslafm.net\/wp-content\/uploads\/2020\/06\/logo-tesla.png","width":512,"height":512,"caption":"TeslaFM"},"image":{"@id":"https:\/\/teslafm.net\/#\/schema\/logo\/image\/"},"sameAs":["https:\/\/www.facebook.com\/teslafm.net","https:\/\/x.com\/teslafm"]}]}},"rttpg_featured_image_url":null,"rttpg_author":{"display_name":"Ishak","author_link":"https:\/\/teslafm.net\/en\/author\/cravan\/"},"rttpg_comment":0,"rttpg_category":null,"rttpg_excerpt":"Space Oddity Recollection #25 Septiembre 2021 Lisa von Mond Lisa von Mond productora de m\u00fasica electr\u00f3nica, quien tambi\u00e9n act\u00faa como DJ bajo el nombre de Lisa de Lune. Es miembro del grupo LGBTQ Kosmos &amp; Krawall en Hamburgo. Est\u00e1n organizando eventos y albergando talleres y sesiones abiertas para los DJ de FLINTA. Lisa tiene educaci\u00f3n&hellip;","_links":{"self":[{"href":"https:\/\/teslafm.net\/en\/wp-json\/wp\/v2\/pages\/58756","targetHints":{"allow":["GET"]}}],"collection":[{"href":"https:\/\/teslafm.net\/en\/wp-json\/wp\/v2\/pages"}],"about":[{"href":"https:\/\/teslafm.net\/en\/wp-json\/wp\/v2\/types\/page"}],"author":[{"embeddable":true,"href":"https:\/\/teslafm.net\/en\/wp-json\/wp\/v2\/users\/19"}],"replies":[{"embeddable":true,"href":"https:\/\/teslafm.net\/en\/wp-json\/wp\/v2\/comments?post=58756"}],"version-history":[{"count":2,"href":"https:\/\/teslafm.net\/en\/wp-json\/wp\/v2\/pages\/58756\/revisions"}],"predecessor-version":[{"id":58761,"href":"https:\/\/teslafm.net\/en\/wp-json\/wp\/v2\/pages\/58756\/revisions\/58761"}],"wp:attachment":[{"href":"https:\/\/teslafm.net\/en\/wp-json\/wp\/v2\/media?parent=58756"}],"curies":[{"name":"wp","href":"https:\/\/api.w.org\/{rel}","templated":true}]}}