

{"id":58789,"date":"2021-09-27T22:17:45","date_gmt":"2021-09-27T20:17:45","guid":{"rendered":"https:\/\/teslafm.net\/?page_id=58789"},"modified":"2021-12-17T18:24:18","modified_gmt":"2021-12-17T17:24:18","slug":"boske-sin-hojas","status":"publish","type":"page","link":"https:\/\/teslafm.net\/en\/boske-sin-hojas\/","title":{"rendered":"Boske without Leaves"},"content":{"rendered":"<div data-elementor-type=\"wp-page\" data-elementor-id=\"58789\" class=\"elementor elementor-58789\">\n\t\t\t\t\t\t<section class=\"elementor-section elementor-top-section elementor-element elementor-element-8c90fe6 elementor-section-boxed elementor-section-height-default elementor-section-height-default\" data-id=\"8c90fe6\" data-element_type=\"section\" data-e-type=\"section\">\n\t\t\t\t\t\t<div class=\"elementor-container elementor-column-gap-default\">\n\t\t\t\t\t<div class=\"elementor-column elementor-col-33 elementor-top-column elementor-element elementor-element-4dfd990\" data-id=\"4dfd990\" data-element_type=\"column\" data-e-type=\"column\">\n\t\t\t<div class=\"elementor-widget-wrap elementor-element-populated\">\n\t\t\t\t\t\t<div class=\"elementor-element elementor-element-060ffba elementor-widget elementor-widget-image\" data-id=\"060ffba\" data-element_type=\"widget\" data-e-type=\"widget\" data-widget_type=\"image.default\">\n\t\t\t\t<div class=\"elementor-widget-container\">\n\t\t\t\t\t\t\t\t\t\t\t\t\t\t\t<img fetchpriority=\"high\" decoding=\"async\" width=\"300\" height=\"300\" src=\"https:\/\/teslafm.net\/wp-content\/uploads\/2021\/04\/davidvalera-300x300.jpg\" class=\"attachment-medium size-medium wp-image-57727\" alt=\"\" srcset=\"https:\/\/teslafm.net\/wp-content\/uploads\/2021\/04\/davidvalera-300x300.jpg 300w, https:\/\/teslafm.net\/wp-content\/uploads\/2021\/04\/davidvalera-1024x1024.jpg 1024w, https:\/\/teslafm.net\/wp-content\/uploads\/2021\/04\/davidvalera-150x150.jpg 150w, https:\/\/teslafm.net\/wp-content\/uploads\/2021\/04\/davidvalera-768x768.jpg 768w, https:\/\/teslafm.net\/wp-content\/uploads\/2021\/04\/davidvalera.jpg 1080w\" sizes=\"(max-width: 300px) 100vw, 300px\" \/>\t\t\t\t\t\t\t\t\t\t\t\t\t\t\t<\/div>\n\t\t\t\t<\/div>\n\t\t\t\t\t<\/div>\n\t\t<\/div>\n\t\t\t\t<div class=\"elementor-column elementor-col-33 elementor-top-column elementor-element elementor-element-38978f5\" data-id=\"38978f5\" data-element_type=\"column\" data-e-type=\"column\" data-settings=\"{&quot;background_background&quot;:&quot;classic&quot;}\">\n\t\t\t<div class=\"elementor-widget-wrap elementor-element-populated\">\n\t\t\t\t\t\t<div class=\"elementor-element elementor-element-04d947f elementor-widget elementor-widget-heading\" data-id=\"04d947f\" data-element_type=\"widget\" data-e-type=\"widget\" data-widget_type=\"heading.default\">\n\t\t\t\t<div class=\"elementor-widget-container\">\n\t\t\t\t\t<h2 class=\"elementor-heading-title elementor-size-default\">DAVID DEU<\/h2>\t\t\t\t<\/div>\n\t\t\t\t<\/div>\n\t\t\t\t<div class=\"elementor-element elementor-element-1f6a71c elementor-widget elementor-widget-text-editor\" data-id=\"1f6a71c\" data-element_type=\"widget\" data-e-type=\"widget\" data-widget_type=\"text-editor.default\">\n\t\t\t\t<div class=\"elementor-widget-container\">\n\t\t\t\t\t\t\t\t\t<div class=\"elementor-element elementor-element-e8e798a elementor-widget elementor-widget-text-editor\" data-id=\"e8e798a\" data-element_type=\"widget\" data-widget_type=\"text-editor.default\"><div class=\"elementor-widget-container\"><div class=\"elementor-text-editor elementor-clearfix\"><p>It is <a href=\"http:\/\/losvalientesduermensolos.blogspot.com\/\" target=\"_blank\" rel=\"noopener\"><strong>The Brave Sleep Alone<\/strong><\/a>He is part of the A Team of the Felguera editorial magazine, <a href=\"http:\/\/www.agenteprovocador.es\/\" target=\"_blank\" rel=\"noopener\"><b>Agent Provocateur<\/b><\/a>. He directs the edition of <a href=\"https:\/\/www.ajoblanco.org\" target=\"_blank\" rel=\"noopener\"><b>Ajoblanco Notebooks<\/b><\/a> (revision of originals from the first period of the libertarian magazine Ajoblanco). He collaborates in the history portal,\u00a0<a href=\"https:\/\/serhistorico.net\/\" target=\"_blank\" rel=\"noopener\"><b>Being Historical<\/b><\/a>. He has collaborated for years as an illustrator in <a href=\"https:\/\/www.ubiquityrecords.com\/shop\/products\/CLUTCHY-HOPKINS-%252d-THE-STORY-TELLER-%28MP3%29.html\" target=\"_blank\" rel=\"noopener\"><b>Ubiquity Records<\/b> <\/a>and columnist in <a href=\"https:\/\/www.enlacefunk.com\/\" target=\"_blank\" rel=\"noopener\"><b>Funk Link<\/b><\/a> and\u00a0<b>Series B Magazine<\/b>. Founder of the collective <a href=\"http:\/\/www.upperegyptseries.com\/\" target=\"_blank\" rel=\"noopener\"><b>Upper Egypt Series<\/b> <\/a>and <b>Quaderns el serrucho<\/b>.<\/p><\/div><\/div><\/div>\t\t\t\t\t\t\t\t<\/div>\n\t\t\t\t<\/div>\n\t\t\t\t\t<\/div>\n\t\t<\/div>\n\t\t\t\t<div class=\"elementor-column elementor-col-33 elementor-top-column elementor-element elementor-element-37bef69\" data-id=\"37bef69\" data-element_type=\"column\" data-e-type=\"column\" data-settings=\"{&quot;background_background&quot;:&quot;classic&quot;}\">\n\t\t\t<div class=\"elementor-widget-wrap elementor-element-populated\">\n\t\t\t\t\t\t<div class=\"elementor-element elementor-element-7fdb8c9 elementor-widget elementor-widget-heading\" data-id=\"7fdb8c9\" data-element_type=\"widget\" data-e-type=\"widget\" data-widget_type=\"heading.default\">\n\t\t\t\t<div class=\"elementor-widget-container\">\n\t\t\t\t\t<h2 class=\"elementor-heading-title elementor-size-default\">LEAFLESS BOSKE<\/h2>\t\t\t\t<\/div>\n\t\t\t\t<\/div>\n\t\t\t\t<div class=\"elementor-element elementor-element-99ce9f7 elementor-widget elementor-widget-text-editor\" data-id=\"99ce9f7\" data-element_type=\"widget\" data-e-type=\"widget\" data-widget_type=\"text-editor.default\">\n\t\t\t\t<div class=\"elementor-widget-container\">\n\t\t\t\t\t\t\t\t\t<p><span style=\"color: #808080;\">Different languages wander through space like groaning cello strings in a grotesque and kaleidoscopic collage. They are heard destined to cross each other between jumps of free impro. It is neither countryside nor city. <i>B<\/i><i>os<\/i><i>k<\/i><i>and<\/i><i>,<\/i><i> bus<\/i><i>k<\/i><i>ar, poem, program, fugue<\/i><i>, polif<\/i><i>oni<\/i><i>a, <\/i><i>b<\/i><i>os<\/i><i>k<\/i><i>ejo.<\/i><\/span><\/p><p><span style=\"color: #808080;\">Produced by <strong>The Brave Sleep Alone<\/strong>.<\/span><\/p>\t\t\t\t\t\t\t\t<\/div>\n\t\t\t\t<\/div>\n\t\t\t\t\t<\/div>\n\t\t<\/div>\n\t\t\t\t\t<\/div>\n\t\t<\/section>\n\t\t\t\t<section class=\"elementor-section elementor-top-section elementor-element elementor-element-03b1fdd elementor-section-boxed elementor-section-height-default elementor-section-height-default\" data-id=\"03b1fdd\" data-element_type=\"section\" data-e-type=\"section\">\n\t\t\t\t\t\t<div class=\"elementor-container elementor-column-gap-default\">\n\t\t\t\t\t<div class=\"elementor-column elementor-col-25 elementor-top-column elementor-element elementor-element-24f4f4e\" data-id=\"24f4f4e\" data-element_type=\"column\" data-e-type=\"column\">\n\t\t\t<div class=\"elementor-widget-wrap elementor-element-populated\">\n\t\t\t\t\t\t<div class=\"elementor-element elementor-element-f63b9cf elementor-widget elementor-widget-testimonial\" data-id=\"f63b9cf\" data-element_type=\"widget\" data-e-type=\"widget\" data-widget_type=\"testimonial.default\">\n\t\t\t\t<div class=\"elementor-widget-container\">\n\t\t\t\t\t\t\t<div class=\"elementor-testimonial-wrapper\">\n\t\t\t\t\t\t\t<div class=\"elementor-testimonial-content\">If you like Boske sin Hojas, we recommend:<\/div>\n\t\t\t\n\t\t\t\t\t\t<div class=\"elementor-testimonial-meta elementor-has-image elementor-testimonial-image-position-aside\">\n\t\t\t\t<div class=\"elementor-testimonial-meta-inner\">\n\t\t\t\t\t\t\t\t\t\t\t<div class=\"elementor-testimonial-image\">\n\t\t\t\t\t\t\t<a href=\"https:\/\/teslafm.net\/en\/flushing-toilets\/\" target=\"_blank\"><img decoding=\"async\" src=\"https:\/\/teslafm.net\/wp-content\/uploads\/elementor\/thumbs\/flushing-toilets-logo-scaled-p1qjl6w3htba89qag3dt8abagchmnqipa7hev2wk32.jpg\" title=\"flushing toilets logo\" alt=\"flushing toilets logo\" loading=\"lazy\" \/><\/a>\t\t\t\t\t\t<\/div>\n\t\t\t\t\t\n\t\t\t\t\t\t\t\t\t\t<div class=\"elementor-testimonial-details\">\n\t\t\t\t\t\t\t\t\t\t\t\t\t\t<a class=\"elementor-testimonial-name\" href=\"https:\/\/teslafm.net\/en\/flushing-toilets\/\" target=\"_blank\">Flushing Toilets<\/a>\n\t\t\t\t\t\t\t\t\t\t\t\t\t\t\t\t\t\t\t\t\t\t<a class=\"elementor-testimonial-job\" href=\"https:\/\/teslafm.net\/en\/flushing-toilets\/\" target=\"_blank\">Pilar Talavera<\/a>\n\t\t\t\t\t\t\t\t\t\t\t\t\t<\/div>\n\t\t\t\t\t\t\t\t\t<\/div>\n\t\t\t<\/div>\n\t\t\t\t\t<\/div>\n\t\t\t\t\t\t<\/div>\n\t\t\t\t<\/div>\n\t\t\t\t\t<\/div>\n\t\t<\/div>\n\t\t\t\t<div class=\"elementor-column elementor-col-25 elementor-top-column elementor-element elementor-element-68c62de\" data-id=\"68c62de\" data-element_type=\"column\" data-e-type=\"column\">\n\t\t\t<div class=\"elementor-widget-wrap elementor-element-populated\">\n\t\t\t\t\t\t<div class=\"elementor-element elementor-element-91e0e20 elementor-widget elementor-widget-testimonial\" data-id=\"91e0e20\" data-element_type=\"widget\" data-e-type=\"widget\" data-widget_type=\"testimonial.default\">\n\t\t\t\t<div class=\"elementor-widget-container\">\n\t\t\t\t\t\t\t<div class=\"elementor-testimonial-wrapper\">\n\t\t\t\t\t\t\t<div class=\"elementor-testimonial-content\">If you like TeslaFM, we recommend:<\/div>\n\t\t\t\n\t\t\t\t\t\t<div class=\"elementor-testimonial-meta elementor-has-image elementor-testimonial-image-position-aside\">\n\t\t\t\t<div class=\"elementor-testimonial-meta-inner\">\n\t\t\t\t\t\t\t\t\t\t\t<div class=\"elementor-testimonial-image\">\n\t\t\t\t\t\t\t<a href=\"https:\/\/teslafm.net\/en\/okno-okno-okno\/\" target=\"_blank\"><img decoding=\"async\" src=\"https:\/\/teslafm.net\/wp-content\/uploads\/elementor\/thumbs\/Okno-p2b8hi554itnhxjg0lc16a7bn6aqw3f66mqmsa399q.png\" title=\"Okno\" alt=\"Okno\" loading=\"lazy\" \/><\/a>\t\t\t\t\t\t<\/div>\n\t\t\t\t\t\n\t\t\t\t\t\t\t\t\t\t<div class=\"elementor-testimonial-details\">\n\t\t\t\t\t\t\t\t\t\t\t\t\t\t<a class=\"elementor-testimonial-name\" href=\"https:\/\/teslafm.net\/en\/okno-okno-okno\/\" target=\"_blank\">Okno Okno Okno Okno <\/a>\n\t\t\t\t\t\t\t\t\t\t\t\t\t\t\t\t\t\t\t\t\t\t<a class=\"elementor-testimonial-job\" href=\"https:\/\/teslafm.net\/en\/okno-okno-okno\/\" target=\"_blank\">Doza &amp; Glez. Moriana<\/a>\n\t\t\t\t\t\t\t\t\t\t\t\t\t<\/div>\n\t\t\t\t\t\t\t\t\t<\/div>\n\t\t\t<\/div>\n\t\t\t\t\t<\/div>\n\t\t\t\t\t\t<\/div>\n\t\t\t\t<\/div>\n\t\t\t\t\t<\/div>\n\t\t<\/div>\n\t\t\t\t<div class=\"elementor-column elementor-col-25 elementor-top-column elementor-element elementor-element-dbc3aae\" data-id=\"dbc3aae\" data-element_type=\"column\" data-e-type=\"column\">\n\t\t\t<div class=\"elementor-widget-wrap elementor-element-populated\">\n\t\t\t\t\t\t<div class=\"elementor-element elementor-element-501c184 elementor-widget elementor-widget-testimonial\" data-id=\"501c184\" data-element_type=\"widget\" data-e-type=\"widget\" data-widget_type=\"testimonial.default\">\n\t\t\t\t<div class=\"elementor-widget-container\">\n\t\t\t\t\t\t\t<div class=\"elementor-testimonial-wrapper\">\n\t\t\t\t\t\t\t<div class=\"elementor-testimonial-content\">If you like TeslaFM, we recommend:<\/div>\n\t\t\t\n\t\t\t\t\t\t<div class=\"elementor-testimonial-meta elementor-has-image elementor-testimonial-image-position-aside\">\n\t\t\t\t<div class=\"elementor-testimonial-meta-inner\">\n\t\t\t\t\t\t\t\t\t\t\t<div class=\"elementor-testimonial-image\">\n\t\t\t\t\t\t\t<a href=\"https:\/\/teslafm.net\/en\/radio-raheem-revisited\/\" target=\"_blank\"><img decoding=\"async\" src=\"https:\/\/teslafm.net\/wp-content\/uploads\/elementor\/thumbs\/RRR-pc1l8zffn40ruqt7kau33ydxuwwyn4308ec7a3kmum.png\" title=\"RRR\" alt=\"RRR\" loading=\"lazy\" \/><\/a>\t\t\t\t\t\t<\/div>\n\t\t\t\t\t\n\t\t\t\t\t\t\t\t\t\t<div class=\"elementor-testimonial-details\">\n\t\t\t\t\t\t\t\t\t\t\t\t\t\t<a class=\"elementor-testimonial-name\" href=\"https:\/\/teslafm.net\/en\/radio-raheem-revisited\/\" target=\"_blank\">Radio Raheem revisited<\/a>\n\t\t\t\t\t\t\t\t\t\t\t\t\t\t\t\t\t\t\t\t\t\t<a class=\"elementor-testimonial-job\" href=\"https:\/\/teslafm.net\/en\/radio-raheem-revisited\/\" target=\"_blank\">Dr Milton<\/a>\n\t\t\t\t\t\t\t\t\t\t\t\t\t<\/div>\n\t\t\t\t\t\t\t\t\t<\/div>\n\t\t\t<\/div>\n\t\t\t\t\t<\/div>\n\t\t\t\t\t\t<\/div>\n\t\t\t\t<\/div>\n\t\t\t\t\t<\/div>\n\t\t<\/div>\n\t\t\t\t<div class=\"elementor-column elementor-col-25 elementor-top-column elementor-element elementor-element-831c364\" data-id=\"831c364\" data-element_type=\"column\" data-e-type=\"column\">\n\t\t\t<div class=\"elementor-widget-wrap\">\n\t\t\t\t\t\t\t<\/div>\n\t\t<\/div>\n\t\t\t\t\t<\/div>\n\t\t<\/section>\n\t\t\t\t<section class=\"elementor-section elementor-top-section elementor-element elementor-element-4695a35 elementor-section-boxed elementor-section-height-default elementor-section-height-default\" data-id=\"4695a35\" data-element_type=\"section\" data-e-type=\"section\">\n\t\t\t\t\t\t<div class=\"elementor-container elementor-column-gap-default\">\n\t\t\t\t\t<div class=\"elementor-column elementor-col-100 elementor-top-column elementor-element elementor-element-2ffb12b\" data-id=\"2ffb12b\" data-element_type=\"column\" data-e-type=\"column\">\n\t\t\t<div class=\"elementor-widget-wrap elementor-element-populated\">\n\t\t\t\t\t\t<div class=\"elementor-element elementor-element-7caa501 elementor-widget elementor-widget-spacer\" data-id=\"7caa501\" data-element_type=\"widget\" data-e-type=\"widget\" data-widget_type=\"spacer.default\">\n\t\t\t\t<div class=\"elementor-widget-container\">\n\t\t\t\t\t\t\t<div class=\"elementor-spacer\">\n\t\t\t<div class=\"elementor-spacer-inner\"><\/div>\n\t\t<\/div>\n\t\t\t\t\t\t<\/div>\n\t\t\t\t<\/div>\n\t\t\t\t\t<\/div>\n\t\t<\/div>\n\t\t\t\t\t<\/div>\n\t\t<\/section>\n\t\t\t\t<section class=\"elementor-section elementor-top-section elementor-element elementor-element-f2d53f1 elementor-section-boxed elementor-section-height-default elementor-section-height-default\" data-id=\"f2d53f1\" data-element_type=\"section\" data-e-type=\"section\">\n\t\t\t\t\t\t<div class=\"elementor-container elementor-column-gap-default\">\n\t\t\t\t\t<div class=\"elementor-column elementor-col-100 elementor-top-column elementor-element elementor-element-7fdbf57\" data-id=\"7fdbf57\" data-element_type=\"column\" data-e-type=\"column\">\n\t\t\t<div class=\"elementor-widget-wrap elementor-element-populated\">\n\t\t\t\t\t\t<div class=\"elementor-element elementor-element-0005318 elementor-widget elementor-widget-text-editor\" data-id=\"0005318\" data-element_type=\"widget\" data-e-type=\"widget\" data-widget_type=\"text-editor.default\">\n\t\t\t\t<div class=\"elementor-widget-container\">\n\t\t\t\t\t\t\t\t\t<p><a href=\"https:\/\/teslafm.net\/en\/boske-sin-hojas-3\/\"><strong>Bladeless Boske #3 \/ + info<\/strong> <\/a><span style=\"color: #808080;\"><em>December 2021<\/em><\/span><\/p><p><iframe src=\"https:\/\/www.mixcloud.com\/widget\/iframe\/?hide_cover=1&amp;feed=%2FTeslafm_net%2Fboske-sin-hojas-3-los-valientes-duermen-solos%2F\" width=\"100%\" height=\"120\" frameborder=\"0\"><\/iframe><\/p><p><a href=\"https:\/\/teslafm.net\/en\/boske-sin-hojas-2\/\"><strong>Bladeless Boske #2 \/ + info<\/strong><\/a> <span style=\"color: #808080;\"><em>November 2021<\/em><\/span><\/p><p><iframe src=\"https:\/\/www.mixcloud.com\/widget\/iframe\/?hide_cover=1&amp;feed=%2FTeslafm_net%2Fboske-sin-hojas-2-los-valientes-duermen-solos%2F\" width=\"100%\" height=\"120\" frameborder=\"0\"><\/iframe><\/p><p><a href=\"https:\/\/teslafm.net\/en\/boske-sin-hojas-1\/\"><strong>Bladeless Boske #1 \/ + info<\/strong><\/a> <span style=\"color: #808080;\"><em>October 2021<\/em><\/span><\/p><p><iframe src=\"https:\/\/www.mixcloud.com\/widget\/iframe\/?hide_cover=1&amp;feed=%2FTeslafm_net%2Fboske-sin-hojas-1-los-valientes-duermen-solos%2F\" width=\"100%\" height=\"120\" frameborder=\"0\"><\/iframe><\/p>\t\t\t\t\t\t\t\t<\/div>\n\t\t\t\t<\/div>\n\t\t\t\t\t<\/div>\n\t\t<\/div>\n\t\t\t\t\t<\/div>\n\t\t<\/section>\n\t\t\t\t<\/div>","protected":false},"excerpt":{"rendered":"<p>DAVID DEU Es Los Valientes Duermen Solos. Forma parte del Equipo A del magazine de la editorial Felguera, Agente Provocador. Dirige\u00a0la edici\u00f3n de Cuadernos Ajoblanco (revisi\u00f3n de originales de la primera \u00e9poca de la \u00a0revista libertaria Ajoblanco). Colabora\u00a0en el portal de historia,\u00a0Ser Hist\u00f3rico. Ha colaborado durante a\u00f1os como ilustrador en Ubiquity Records y columnista en [&hellip;]<\/p>\n","protected":false},"author":19,"featured_media":0,"parent":0,"menu_order":0,"comment_status":"closed","ping_status":"closed","template":"","meta":{"footnotes":""},"class_list":["post-58789","page","type-page","status-publish","hentry"],"yoast_head":"<!-- This site is optimized with the Yoast SEO plugin v27.4 - https:\/\/yoast.com\/product\/yoast-seo-wordpress\/ -->\n<title>Boske sin Hojas -<\/title>\n<meta name=\"robots\" content=\"index, follow, max-snippet:-1, max-image-preview:large, max-video-preview:-1\" \/>\n<link rel=\"canonical\" href=\"https:\/\/teslafm.net\/en\/boske-sin-hojas\/\" \/>\n<meta property=\"og:locale\" content=\"en_US\" \/>\n<meta property=\"og:type\" content=\"article\" \/>\n<meta property=\"og:title\" content=\"Boske sin Hojas -\" \/>\n<meta property=\"og:description\" content=\"DAVID DEU Es Los Valientes Duermen Solos. Forma parte del Equipo A del magazine de la editorial Felguera, Agente Provocador. Dirige\u00a0la edici\u00f3n de Cuadernos Ajoblanco (revisi\u00f3n de originales de la primera \u00e9poca de la \u00a0revista libertaria Ajoblanco). Colabora\u00a0en el portal de historia,\u00a0Ser Hist\u00f3rico. Ha colaborado durante a\u00f1os como ilustrador en Ubiquity Records y columnista en [&hellip;]\" \/>\n<meta property=\"og:url\" content=\"https:\/\/teslafm.net\/en\/boske-sin-hojas\/\" \/>\n<meta property=\"article:publisher\" content=\"https:\/\/www.facebook.com\/teslafm.net\" \/>\n<meta property=\"article:modified_time\" content=\"2021-12-17T17:24:18+00:00\" \/>\n<meta property=\"og:image\" content=\"https:\/\/teslafm.net\/wp-content\/uploads\/2021\/04\/davidvalera-300x300.jpg\" \/>\n<meta name=\"twitter:card\" content=\"summary_large_image\" \/>\n<meta name=\"twitter:site\" content=\"@teslafm\" \/>\n<meta name=\"twitter:label1\" content=\"Est. reading time\" \/>\n\t<meta name=\"twitter:data1\" content=\"2 minutes\" \/>\n<script type=\"application\/ld+json\" class=\"yoast-schema-graph\">{\"@context\":\"https:\\\/\\\/schema.org\",\"@graph\":[{\"@type\":\"WebPage\",\"@id\":\"https:\\\/\\\/teslafm.net\\\/boske-sin-hojas\\\/\",\"url\":\"https:\\\/\\\/teslafm.net\\\/boske-sin-hojas\\\/\",\"name\":\"Boske sin Hojas -\",\"isPartOf\":{\"@id\":\"https:\\\/\\\/teslafm.net\\\/#website\"},\"primaryImageOfPage\":{\"@id\":\"https:\\\/\\\/teslafm.net\\\/boske-sin-hojas\\\/#primaryimage\"},\"image\":{\"@id\":\"https:\\\/\\\/teslafm.net\\\/boske-sin-hojas\\\/#primaryimage\"},\"thumbnailUrl\":\"https:\\\/\\\/teslafm.net\\\/wp-content\\\/uploads\\\/2021\\\/04\\\/davidvalera-300x300.jpg\",\"datePublished\":\"2021-09-27T20:17:45+00:00\",\"dateModified\":\"2021-12-17T17:24:18+00:00\",\"breadcrumb\":{\"@id\":\"https:\\\/\\\/teslafm.net\\\/boske-sin-hojas\\\/#breadcrumb\"},\"inLanguage\":\"en-US\",\"potentialAction\":[{\"@type\":\"ReadAction\",\"target\":[\"https:\\\/\\\/teslafm.net\\\/boske-sin-hojas\\\/\"]}]},{\"@type\":\"ImageObject\",\"inLanguage\":\"en-US\",\"@id\":\"https:\\\/\\\/teslafm.net\\\/boske-sin-hojas\\\/#primaryimage\",\"url\":\"https:\\\/\\\/teslafm.net\\\/wp-content\\\/uploads\\\/2021\\\/04\\\/davidvalera-300x300.jpg\",\"contentUrl\":\"https:\\\/\\\/teslafm.net\\\/wp-content\\\/uploads\\\/2021\\\/04\\\/davidvalera-300x300.jpg\"},{\"@type\":\"BreadcrumbList\",\"@id\":\"https:\\\/\\\/teslafm.net\\\/boske-sin-hojas\\\/#breadcrumb\",\"itemListElement\":[{\"@type\":\"ListItem\",\"position\":1,\"name\":\"Portada\",\"item\":\"https:\\\/\\\/teslafm.net\\\/\"},{\"@type\":\"ListItem\",\"position\":2,\"name\":\"Boske sin Hojas\"}]},{\"@type\":\"WebSite\",\"@id\":\"https:\\\/\\\/teslafm.net\\\/#website\",\"url\":\"https:\\\/\\\/teslafm.net\\\/\",\"name\":\"TeslaFM\",\"description\":\"An experimental and creative radio\",\"publisher\":{\"@id\":\"https:\\\/\\\/teslafm.net\\\/#organization\"},\"potentialAction\":[{\"@type\":\"SearchAction\",\"target\":{\"@type\":\"EntryPoint\",\"urlTemplate\":\"https:\\\/\\\/teslafm.net\\\/?s={search_term_string}\"},\"query-input\":{\"@type\":\"PropertyValueSpecification\",\"valueRequired\":true,\"valueName\":\"search_term_string\"}}],\"inLanguage\":\"en-US\"},{\"@type\":\"Organization\",\"@id\":\"https:\\\/\\\/teslafm.net\\\/#organization\",\"name\":\"TeslaFM\",\"url\":\"https:\\\/\\\/teslafm.net\\\/\",\"logo\":{\"@type\":\"ImageObject\",\"inLanguage\":\"en-US\",\"@id\":\"https:\\\/\\\/teslafm.net\\\/#\\\/schema\\\/logo\\\/image\\\/\",\"url\":\"https:\\\/\\\/teslafm.net\\\/wp-content\\\/uploads\\\/2020\\\/06\\\/logo-tesla.png\",\"contentUrl\":\"https:\\\/\\\/teslafm.net\\\/wp-content\\\/uploads\\\/2020\\\/06\\\/logo-tesla.png\",\"width\":512,\"height\":512,\"caption\":\"TeslaFM\"},\"image\":{\"@id\":\"https:\\\/\\\/teslafm.net\\\/#\\\/schema\\\/logo\\\/image\\\/\"},\"sameAs\":[\"https:\\\/\\\/www.facebook.com\\\/teslafm.net\",\"https:\\\/\\\/x.com\\\/teslafm\"]}]}<\/script>\n<!-- \/ Yoast SEO plugin. -->","yoast_head_json":{"title":"Boske without Leaves -","robots":{"index":"index","follow":"follow","max-snippet":"max-snippet:-1","max-image-preview":"max-image-preview:large","max-video-preview":"max-video-preview:-1"},"canonical":"https:\/\/teslafm.net\/en\/boske-sin-hojas\/","og_locale":"en_US","og_type":"article","og_title":"Boske sin Hojas -","og_description":"DAVID DEU Es Los Valientes Duermen Solos. Forma parte del Equipo A del magazine de la editorial Felguera, Agente Provocador. Dirige\u00a0la edici\u00f3n de Cuadernos Ajoblanco (revisi\u00f3n de originales de la primera \u00e9poca de la \u00a0revista libertaria Ajoblanco). Colabora\u00a0en el portal de historia,\u00a0Ser Hist\u00f3rico. Ha colaborado durante a\u00f1os como ilustrador en Ubiquity Records y columnista en [&hellip;]","og_url":"https:\/\/teslafm.net\/en\/boske-sin-hojas\/","article_publisher":"https:\/\/www.facebook.com\/teslafm.net","article_modified_time":"2021-12-17T17:24:18+00:00","og_image":[{"url":"https:\/\/teslafm.net\/wp-content\/uploads\/2021\/04\/davidvalera-300x300.jpg","type":"","width":"","height":""}],"twitter_card":"summary_large_image","twitter_site":"@teslafm","twitter_misc":{"Est. reading time":"2 minutes"},"schema":{"@context":"https:\/\/schema.org","@graph":[{"@type":"WebPage","@id":"https:\/\/teslafm.net\/boske-sin-hojas\/","url":"https:\/\/teslafm.net\/boske-sin-hojas\/","name":"Boske without Leaves -","isPartOf":{"@id":"https:\/\/teslafm.net\/#website"},"primaryImageOfPage":{"@id":"https:\/\/teslafm.net\/boske-sin-hojas\/#primaryimage"},"image":{"@id":"https:\/\/teslafm.net\/boske-sin-hojas\/#primaryimage"},"thumbnailUrl":"https:\/\/teslafm.net\/wp-content\/uploads\/2021\/04\/davidvalera-300x300.jpg","datePublished":"2021-09-27T20:17:45+00:00","dateModified":"2021-12-17T17:24:18+00:00","breadcrumb":{"@id":"https:\/\/teslafm.net\/boske-sin-hojas\/#breadcrumb"},"inLanguage":"en-US","potentialAction":[{"@type":"ReadAction","target":["https:\/\/teslafm.net\/boske-sin-hojas\/"]}]},{"@type":"ImageObject","inLanguage":"en-US","@id":"https:\/\/teslafm.net\/boske-sin-hojas\/#primaryimage","url":"https:\/\/teslafm.net\/wp-content\/uploads\/2021\/04\/davidvalera-300x300.jpg","contentUrl":"https:\/\/teslafm.net\/wp-content\/uploads\/2021\/04\/davidvalera-300x300.jpg"},{"@type":"BreadcrumbList","@id":"https:\/\/teslafm.net\/boske-sin-hojas\/#breadcrumb","itemListElement":[{"@type":"ListItem","position":1,"name":"Portada","item":"https:\/\/teslafm.net\/"},{"@type":"ListItem","position":2,"name":"Boske sin Hojas"}]},{"@type":"WebSite","@id":"https:\/\/teslafm.net\/#website","url":"https:\/\/teslafm.net\/","name":"TeslaFM","description":"An experimental and creative radio","publisher":{"@id":"https:\/\/teslafm.net\/#organization"},"potentialAction":[{"@type":"SearchAction","target":{"@type":"EntryPoint","urlTemplate":"https:\/\/teslafm.net\/?s={search_term_string}"},"query-input":{"@type":"PropertyValueSpecification","valueRequired":true,"valueName":"search_term_string"}}],"inLanguage":"en-US"},{"@type":"Organization","@id":"https:\/\/teslafm.net\/#organization","name":"TeslaFM","url":"https:\/\/teslafm.net\/","logo":{"@type":"ImageObject","inLanguage":"en-US","@id":"https:\/\/teslafm.net\/#\/schema\/logo\/image\/","url":"https:\/\/teslafm.net\/wp-content\/uploads\/2020\/06\/logo-tesla.png","contentUrl":"https:\/\/teslafm.net\/wp-content\/uploads\/2020\/06\/logo-tesla.png","width":512,"height":512,"caption":"TeslaFM"},"image":{"@id":"https:\/\/teslafm.net\/#\/schema\/logo\/image\/"},"sameAs":["https:\/\/www.facebook.com\/teslafm.net","https:\/\/x.com\/teslafm"]}]}},"rttpg_featured_image_url":null,"rttpg_author":{"display_name":"Ishak","author_link":"https:\/\/teslafm.net\/en\/author\/cravan\/"},"rttpg_comment":0,"rttpg_category":null,"rttpg_excerpt":"DAVID DEU Es Los Valientes Duermen Solos. Forma parte del Equipo A del magazine de la editorial Felguera, Agente Provocador. Dirige\u00a0la edici\u00f3n de Cuadernos Ajoblanco (revisi\u00f3n de originales de la primera \u00e9poca de la \u00a0revista libertaria Ajoblanco). Colabora\u00a0en el portal de historia,\u00a0Ser Hist\u00f3rico. Ha colaborado durante a\u00f1os como ilustrador en Ubiquity Records y columnista en&hellip;","_links":{"self":[{"href":"https:\/\/teslafm.net\/en\/wp-json\/wp\/v2\/pages\/58789","targetHints":{"allow":["GET"]}}],"collection":[{"href":"https:\/\/teslafm.net\/en\/wp-json\/wp\/v2\/pages"}],"about":[{"href":"https:\/\/teslafm.net\/en\/wp-json\/wp\/v2\/types\/page"}],"author":[{"embeddable":true,"href":"https:\/\/teslafm.net\/en\/wp-json\/wp\/v2\/users\/19"}],"replies":[{"embeddable":true,"href":"https:\/\/teslafm.net\/en\/wp-json\/wp\/v2\/comments?post=58789"}],"version-history":[{"count":15,"href":"https:\/\/teslafm.net\/en\/wp-json\/wp\/v2\/pages\/58789\/revisions"}],"predecessor-version":[{"id":59224,"href":"https:\/\/teslafm.net\/en\/wp-json\/wp\/v2\/pages\/58789\/revisions\/59224"}],"wp:attachment":[{"href":"https:\/\/teslafm.net\/en\/wp-json\/wp\/v2\/media?parent=58789"}],"curies":[{"name":"wp","href":"https:\/\/api.w.org\/{rel}","templated":true}]}}