

{"id":58829,"date":"2021-09-29T19:20:48","date_gmt":"2021-09-29T17:20:48","guid":{"rendered":"https:\/\/teslafm.net\/?page_id=58829"},"modified":"2021-09-29T19:22:39","modified_gmt":"2021-09-29T17:22:39","slug":"digital-entropy-10","status":"publish","type":"page","link":"https:\/\/teslafm.net\/en\/digital-entropy-10\/","title":{"rendered":"Digital Entropy #10"},"content":{"rendered":"<h2><span style=\"color: #ffffff;\"><strong>Digital Entropy #10<\/strong><\/span><\/h2>\n<p><span style=\"color: #808080;\"><em>DUENDE- Monographic sound fragment dedicated to Spyros Polychronopoulos<\/em><\/span><\/p>\n<p><iframe src=\"https:\/\/www.mixcloud.com\/widget\/iframe\/?hide_cover=1&amp;feed=%2FTeslafm_net%2Fdigital-entropy-10-nikka%2F\" width=\"100%\" height=\"120\" frameborder=\"0\"><\/iframe><\/p>\n<p><span style=\"color: #808080;\">The Athens composer and researcher, <strong>Spyros Polychronopoulos<\/strong>is responsible for a series of powerful sound explorations over the past two decades.<\/span><br \/>\n<span style=\"color: #808080;\">The LEM edition - was one of his top editions. Reference with hardware device format where he created an endless sound piece.<\/span><br \/>\n<span style=\"color: #808080;\">In this program I will do a short review of Polychronopoulos' previous creations, but mostly I will focus on his latest work, Duende.<\/span><br \/>\n<span style=\"color: #808080;\">Duende, was launched last July. Its title derives from a conference given by <strong>Federico Garc\u00eda Lorca<\/strong> in Buenos Aires in 1934. In this talk Lorca uses the word <em>\"goblin\"<\/em> to refer to the essence of all works of art, the hidden element that we want to touch, but which always remains unattainable.<\/span><br \/>\n<span style=\"color: #808080;\">On this album every sound except for the field recordings is produced by musical instruments that he built specifically for this project. The field recordings were mainly sounds he captured during the quarantine of the current pandemic, in Athens. He made them during the day, in stores where people were socializing, and during the night, in the streets where people were eager to interact.<\/span><\/p>\n<p><span style=\"color: #808080;\">Tracklist:<\/span><br \/>\n<span style=\"color: #808080;\">01. Seventh (Ten numbers, 2009)<\/span><br \/>\n<span style=\"color: #808080;\">02. Fifth (Ten numbers, 2009)<\/span><br \/>\n<span style=\"color: #808080;\">03. p (Ten letters , 2009)<\/span><br \/>\n<span style=\"color: #808080;\">04. anti (Two ants were called, 2011)<\/span><br \/>\n<span style=\"color: #808080;\">05. s (Ten letters, 2009)<\/span><br \/>\n<span style=\"color: #808080;\">06. sixth (Ten numbers, 2009)<\/span><br \/>\n<span style=\"color: #808080;\">07. First (Duende, 2021)<\/span><br \/>\n<span style=\"color: #808080;\">08. Second (Duende, 2021)<\/span><br \/>\n<span style=\"color: #808080;\">09. Third (Duende, 2021)<\/span><br \/>\n<span style=\"color: #808080;\">10. Fourth (Duende, 2021)<\/span><br \/>\n<span style=\"color: #808080;\">11. Fifth (Duende, 2021)<\/span><\/p>","protected":false},"excerpt":{"rendered":"<p>Digital Entropy #10 DUENDE- Fragmento sonoro monogr\u00e1fico dedicado a Spyros Polychronopoulos El compositor e investigador de Atenas, Spyros Polychronopoulos, es el responsable de una serie de exploraciones de sonido de gran alcance, durante las \u00faltimas dos d\u00e9cadas. La edici\u00f3n LEM &#8211; fue una de sus ediciones cumbres. Referencia con formato de dispositivo hardware donde creaba [&hellip;]<\/p>\n","protected":false},"author":19,"featured_media":0,"parent":0,"menu_order":0,"comment_status":"closed","ping_status":"closed","template":"","meta":{"footnotes":""},"class_list":["post-58829","page","type-page","status-publish","hentry"],"yoast_head":"<!-- This site is optimized with the Yoast SEO plugin v27.4 - https:\/\/yoast.com\/product\/yoast-seo-wordpress\/ -->\n<title>Digital Entropy #10 -<\/title>\n<meta name=\"robots\" content=\"index, follow, max-snippet:-1, max-image-preview:large, max-video-preview:-1\" \/>\n<link rel=\"canonical\" href=\"https:\/\/teslafm.net\/en\/digital-entropy-10\/\" \/>\n<meta property=\"og:locale\" content=\"en_US\" \/>\n<meta property=\"og:type\" content=\"article\" \/>\n<meta property=\"og:title\" content=\"Digital Entropy #10 -\" \/>\n<meta property=\"og:description\" content=\"Digital Entropy #10 DUENDE- Fragmento sonoro monogr\u00e1fico dedicado a Spyros Polychronopoulos El compositor e investigador de Atenas, Spyros Polychronopoulos, es el responsable de una serie de exploraciones de sonido de gran alcance, durante las \u00faltimas dos d\u00e9cadas. La edici\u00f3n LEM &#8211; fue una de sus ediciones cumbres. Referencia con formato de dispositivo hardware donde creaba [&hellip;]\" \/>\n<meta property=\"og:url\" content=\"https:\/\/teslafm.net\/en\/digital-entropy-10\/\" \/>\n<meta property=\"article:publisher\" content=\"https:\/\/www.facebook.com\/teslafm.net\" \/>\n<meta property=\"article:modified_time\" content=\"2021-09-29T17:22:39+00:00\" \/>\n<meta property=\"og:image\" content=\"https:\/\/teslafm.net\/wp-content\/uploads\/2022\/09\/header-image-4-temp.png\" \/>\n\t<meta property=\"og:image:width\" content=\"1274\" \/>\n\t<meta property=\"og:image:height\" content=\"818\" \/>\n\t<meta property=\"og:image:type\" content=\"image\/png\" \/>\n<meta name=\"twitter:card\" content=\"summary_large_image\" \/>\n<meta name=\"twitter:site\" content=\"@teslafm\" \/>\n<meta name=\"twitter:label1\" content=\"Est. reading time\" \/>\n\t<meta name=\"twitter:data1\" content=\"1 minute\" \/>\n<script type=\"application\/ld+json\" class=\"yoast-schema-graph\">{\"@context\":\"https:\\\/\\\/schema.org\",\"@graph\":[{\"@type\":\"WebPage\",\"@id\":\"https:\\\/\\\/teslafm.net\\\/en\\\/digital-entropy-10\\\/\",\"url\":\"https:\\\/\\\/teslafm.net\\\/en\\\/digital-entropy-10\\\/\",\"name\":\"Digital Entropy #10 -\",\"isPartOf\":{\"@id\":\"https:\\\/\\\/teslafm.net\\\/#website\"},\"datePublished\":\"2021-09-29T17:20:48+00:00\",\"dateModified\":\"2021-09-29T17:22:39+00:00\",\"breadcrumb\":{\"@id\":\"https:\\\/\\\/teslafm.net\\\/en\\\/digital-entropy-10\\\/#breadcrumb\"},\"inLanguage\":\"en-US\",\"potentialAction\":[{\"@type\":\"ReadAction\",\"target\":[\"https:\\\/\\\/teslafm.net\\\/en\\\/digital-entropy-10\\\/\"]}]},{\"@type\":\"BreadcrumbList\",\"@id\":\"https:\\\/\\\/teslafm.net\\\/en\\\/digital-entropy-10\\\/#breadcrumb\",\"itemListElement\":[{\"@type\":\"ListItem\",\"position\":1,\"name\":\"Portada\",\"item\":\"https:\\\/\\\/teslafm.net\\\/\"},{\"@type\":\"ListItem\",\"position\":2,\"name\":\"Digital Entropy #10\"}]},{\"@type\":\"WebSite\",\"@id\":\"https:\\\/\\\/teslafm.net\\\/#website\",\"url\":\"https:\\\/\\\/teslafm.net\\\/\",\"name\":\"TeslaFM\",\"description\":\"An experimental and creative radio\",\"publisher\":{\"@id\":\"https:\\\/\\\/teslafm.net\\\/#organization\"},\"potentialAction\":[{\"@type\":\"SearchAction\",\"target\":{\"@type\":\"EntryPoint\",\"urlTemplate\":\"https:\\\/\\\/teslafm.net\\\/?s={search_term_string}\"},\"query-input\":{\"@type\":\"PropertyValueSpecification\",\"valueRequired\":true,\"valueName\":\"search_term_string\"}}],\"inLanguage\":\"en-US\"},{\"@type\":\"Organization\",\"@id\":\"https:\\\/\\\/teslafm.net\\\/#organization\",\"name\":\"TeslaFM\",\"url\":\"https:\\\/\\\/teslafm.net\\\/\",\"logo\":{\"@type\":\"ImageObject\",\"inLanguage\":\"en-US\",\"@id\":\"https:\\\/\\\/teslafm.net\\\/#\\\/schema\\\/logo\\\/image\\\/\",\"url\":\"https:\\\/\\\/teslafm.net\\\/wp-content\\\/uploads\\\/2020\\\/06\\\/logo-tesla.png\",\"contentUrl\":\"https:\\\/\\\/teslafm.net\\\/wp-content\\\/uploads\\\/2020\\\/06\\\/logo-tesla.png\",\"width\":512,\"height\":512,\"caption\":\"TeslaFM\"},\"image\":{\"@id\":\"https:\\\/\\\/teslafm.net\\\/#\\\/schema\\\/logo\\\/image\\\/\"},\"sameAs\":[\"https:\\\/\\\/www.facebook.com\\\/teslafm.net\",\"https:\\\/\\\/x.com\\\/teslafm\"]}]}<\/script>\n<!-- \/ Yoast SEO plugin. -->","yoast_head_json":{"title":"Digital Entropy #10 -","robots":{"index":"index","follow":"follow","max-snippet":"max-snippet:-1","max-image-preview":"max-image-preview:large","max-video-preview":"max-video-preview:-1"},"canonical":"https:\/\/teslafm.net\/en\/digital-entropy-10\/","og_locale":"en_US","og_type":"article","og_title":"Digital Entropy #10 -","og_description":"Digital Entropy #10 DUENDE- Fragmento sonoro monogr\u00e1fico dedicado a Spyros Polychronopoulos El compositor e investigador de Atenas, Spyros Polychronopoulos, es el responsable de una serie de exploraciones de sonido de gran alcance, durante las \u00faltimas dos d\u00e9cadas. La edici\u00f3n LEM &#8211; fue una de sus ediciones cumbres. Referencia con formato de dispositivo hardware donde creaba [&hellip;]","og_url":"https:\/\/teslafm.net\/en\/digital-entropy-10\/","article_publisher":"https:\/\/www.facebook.com\/teslafm.net","article_modified_time":"2021-09-29T17:22:39+00:00","og_image":[{"width":1274,"height":818,"url":"https:\/\/teslafm.net\/wp-content\/uploads\/2022\/09\/header-image-4-temp.png","type":"image\/png"}],"twitter_card":"summary_large_image","twitter_site":"@teslafm","twitter_misc":{"Est. reading time":"1 minute"},"schema":{"@context":"https:\/\/schema.org","@graph":[{"@type":"WebPage","@id":"https:\/\/teslafm.net\/en\/digital-entropy-10\/","url":"https:\/\/teslafm.net\/en\/digital-entropy-10\/","name":"Digital Entropy #10 -","isPartOf":{"@id":"https:\/\/teslafm.net\/#website"},"datePublished":"2021-09-29T17:20:48+00:00","dateModified":"2021-09-29T17:22:39+00:00","breadcrumb":{"@id":"https:\/\/teslafm.net\/en\/digital-entropy-10\/#breadcrumb"},"inLanguage":"en-US","potentialAction":[{"@type":"ReadAction","target":["https:\/\/teslafm.net\/en\/digital-entropy-10\/"]}]},{"@type":"BreadcrumbList","@id":"https:\/\/teslafm.net\/en\/digital-entropy-10\/#breadcrumb","itemListElement":[{"@type":"ListItem","position":1,"name":"Portada","item":"https:\/\/teslafm.net\/"},{"@type":"ListItem","position":2,"name":"Digital Entropy #10"}]},{"@type":"WebSite","@id":"https:\/\/teslafm.net\/#website","url":"https:\/\/teslafm.net\/","name":"TeslaFM","description":"An experimental and creative radio","publisher":{"@id":"https:\/\/teslafm.net\/#organization"},"potentialAction":[{"@type":"SearchAction","target":{"@type":"EntryPoint","urlTemplate":"https:\/\/teslafm.net\/?s={search_term_string}"},"query-input":{"@type":"PropertyValueSpecification","valueRequired":true,"valueName":"search_term_string"}}],"inLanguage":"en-US"},{"@type":"Organization","@id":"https:\/\/teslafm.net\/#organization","name":"TeslaFM","url":"https:\/\/teslafm.net\/","logo":{"@type":"ImageObject","inLanguage":"en-US","@id":"https:\/\/teslafm.net\/#\/schema\/logo\/image\/","url":"https:\/\/teslafm.net\/wp-content\/uploads\/2020\/06\/logo-tesla.png","contentUrl":"https:\/\/teslafm.net\/wp-content\/uploads\/2020\/06\/logo-tesla.png","width":512,"height":512,"caption":"TeslaFM"},"image":{"@id":"https:\/\/teslafm.net\/#\/schema\/logo\/image\/"},"sameAs":["https:\/\/www.facebook.com\/teslafm.net","https:\/\/x.com\/teslafm"]}]}},"rttpg_featured_image_url":null,"rttpg_author":{"display_name":"Ishak","author_link":"https:\/\/teslafm.net\/en\/author\/cravan\/"},"rttpg_comment":0,"rttpg_category":null,"rttpg_excerpt":"Digital Entropy #10 DUENDE- Fragmento sonoro monogr\u00e1fico dedicado a Spyros Polychronopoulos El compositor e investigador de Atenas, Spyros Polychronopoulos, es el responsable de una serie de exploraciones de sonido de gran alcance, durante las \u00faltimas dos d\u00e9cadas. La edici\u00f3n LEM &#8211; fue una de sus ediciones cumbres. Referencia con formato de dispositivo hardware donde creaba&hellip;","_links":{"self":[{"href":"https:\/\/teslafm.net\/en\/wp-json\/wp\/v2\/pages\/58829","targetHints":{"allow":["GET"]}}],"collection":[{"href":"https:\/\/teslafm.net\/en\/wp-json\/wp\/v2\/pages"}],"about":[{"href":"https:\/\/teslafm.net\/en\/wp-json\/wp\/v2\/types\/page"}],"author":[{"embeddable":true,"href":"https:\/\/teslafm.net\/en\/wp-json\/wp\/v2\/users\/19"}],"replies":[{"embeddable":true,"href":"https:\/\/teslafm.net\/en\/wp-json\/wp\/v2\/comments?post=58829"}],"version-history":[{"count":2,"href":"https:\/\/teslafm.net\/en\/wp-json\/wp\/v2\/pages\/58829\/revisions"}],"predecessor-version":[{"id":58833,"href":"https:\/\/teslafm.net\/en\/wp-json\/wp\/v2\/pages\/58829\/revisions\/58833"}],"wp:attachment":[{"href":"https:\/\/teslafm.net\/en\/wp-json\/wp\/v2\/media?parent=58829"}],"curies":[{"name":"wp","href":"https:\/\/api.w.org\/{rel}","templated":true}]}}