

{"id":58854,"date":"2021-10-05T16:23:14","date_gmt":"2021-10-05T14:23:14","guid":{"rendered":"https:\/\/teslafm.net\/?page_id=58854"},"modified":"2021-10-05T16:23:14","modified_gmt":"2021-10-05T14:23:14","slug":"ananke-32","status":"publish","type":"page","link":"https:\/\/teslafm.net\/en\/ananke-32\/","title":{"rendered":"Anank\u00e9 #32"},"content":{"rendered":"<h2><span style=\"color: #ffffff;\"><strong>Anank\u00e9 #32<\/strong><\/span><\/h2>\n<p><span style=\"color: #808080;\"><em>October 2021<\/em><\/span><\/p>\n<p><iframe src=\"https:\/\/www.mixcloud.com\/widget\/iframe\/?hide_cover=1&amp;feed=%2FTeslafm_net%2Fanank%C3%A9-32-cristian-de-sucre%2F\" width=\"100%\" height=\"120\" frameborder=\"0\"><\/iframe><\/p>\n<p><span style=\"color: #808080;\">01. <strong>Ada Falcon<\/strong> - Marine Illusion - National Record (Odeon, 1930)<\/span><br \/>\n<span style=\"color: #808080;\">02. <strong>The Focus Group<\/strong> - Leaving Through - We Are All Pan's People (Ghost Box, 2007)<\/span><br \/>\n<span style=\"color: #808080;\">03. <strong>Berta Singermann<\/strong> - Properties of the Girls (Arcipestre de Hita) (Odeon, circa 1940)<\/span><br \/>\n<span style=\"color: #808080;\">04. Excerpt from Uni\u00f3n Radio Madrid - <strong>Eugenio Balder<\/strong> (1928)<\/span><br \/>\n<span style=\"color: #808080;\">05. <strong>Children Of Alice<\/strong> - The Harbinger Of Spring (Warp Records 2017)<\/span><br \/>\n<span style=\"color: #808080;\">06. <strong>Demon's Jazz Orchestra<\/strong> - Los Blues Caen Del Cielo - Los Blues Caen Del Cielo \/ De Triana Al Plata (Gramophone Record, circa 1920)<\/span><br \/>\n<span style=\"color: #808080;\">07. <strong>Military Band Rgt. Covadonga<\/strong> (Dir: Contreras) - Alegr\u00edas de Jerez (Ramalli) (pasodoble) (Odeon Aiguille 1931)<\/span><br \/>\n<span style=\"color: #808080;\">08. <strong>I love<\/strong> - Tiento de Luz - Coplas del \u00c9xtasis del olvido (Crystal Mine, 2020)<\/span><br \/>\n<span style=\"color: #808080;\">09. <strong>Manolo Caracol<\/strong> - The Bell Ringers (Columbia, 1959)<\/span><br \/>\n<span style=\"color: #808080;\">10. <strong>I love<\/strong> - From all your gestures I watched - Ecstasy of Oblivion couplets (Crystal Mine, 2020)<\/span><br \/>\n<span style=\"color: #808080;\">11. <strong>Empire Argentina<\/strong> - Falsa Moneda (Excerpt from the film Morena Clara by Flori\u00e1n Rey, 1936)<\/span><br \/>\n<span style=\"color: #808080;\">12. <strong>Raquel Meller<\/strong> - Nena - Hungary\/Nena (Odeon, circa 1910)<\/span><br \/>\n<span style=\"color: #808080;\">13. <strong>Teresita Calv\u00f3<\/strong> - Abajo las Faldas - Down with the Skirts (Columbia, 1915)<\/span><br \/>\n<span style=\"color: #808080;\">14. <strong>The Focus Group<\/strong> - Stage Craft And Screens - Stop-Motion Happening With The Focus Groop (Ghost Box, 2017)<\/span><br \/>\n<span style=\"color: #808080;\">15. <strong>Marcel Deg\u00e1<\/strong> and <strong>Montse Viladoms<\/strong> - Liquidaci\u00f3 Casaramona (tailor's shop advertising) (Fonogr\u00e1fica Delfos, circa 1930)<\/span><br \/>\n<span style=\"color: #808080;\">16. <strong>The Caretaker<\/strong> - Libet's Delay - An Empty Bliss Beyond This World (History Always Favours The Winners, 2011)<\/span><br \/>\n<span style=\"color: #808080;\">17. <strong>Marujita Diaz<\/strong> - Moon of Spain (Excerpt from the film The Showgirl by Jos\u00e9 M\u00aa Elorrieta, 1960)<\/span><br \/>\n<span style=\"color: #808080;\">18. <strong>Jacinto Benavente<\/strong> - Prologue and Monologue (lecture at the Teatre Olympia, Barcelona, 1932)<\/span><br \/>\n<span style=\"color: #808080;\">19. <strong>Afrika Pseudobruitismus<\/strong> - Piannissimo - I Fall In Love With The Light (Self-released, 2014)<\/span><br \/>\n<span style=\"color: #808080;\">20. <strong>Enrique Estela<\/strong> and <strong>Juan Bautista Pont<\/strong> - La Hebrea (Int. Conchita Micho and Vicente Romero) (circa 1919)<\/span><br \/>\n<span style=\"color: #808080;\">21. Chocolate TV advertising (circa 1960)<\/span><br \/>\n<span style=\"color: #808080;\">22. <strong>Carmelite Aubert<\/strong> - My Life With Cocaine in Flower (perfume) (Fonogr\u00e1fica Delfos, 1933)<\/span><br \/>\n<span style=\"color: #808080;\">23. <strong>Manolo Caracol<\/strong> - Romance of Juan Osuna (Phillips, 1962)<\/span><br \/>\n<span style=\"color: #808080;\">24. <strong>Louis<\/strong> and <strong>Bebe Barron<\/strong> - Main Titles Ouverture - Forbidden Planet (Planet Records, 1976)<\/span><br \/>\n<span style=\"color: #808080;\">25. <strong>Technical Space Composer's Crew<\/strong> - Epilogue - Canaxis 5 (Music Factory, 1969)<\/span><br \/>\n<span style=\"color: #808080;\">26. <strong>Max Steiner<\/strong> - Main Titles - The Searchers (Brigham Young University Film Music Archives, 1996)<\/span><br \/>\n<span style=\"color: #808080;\">27. <strong>Eugenio G. L\u00f3pez<\/strong>,<strong> Juan Rovira<\/strong> and <strong>Mrs. Bandalisa<\/strong> - Sentence and Execution by Fernando Ferrer Guardia (Regal Columbia, 1931)<\/span><br \/>\n<span style=\"color: #808080;\">28. <strong>Frankie Reyes<\/strong> - Alma, corazon y vida - Boleros Valses Y M\u00e1s (Stones Throw Records, 2016).<\/span><br \/>\n<span style=\"color: #808080;\">29. <strong>The Focus Group<\/strong> - Bromiding Places - Sketches and Spells (Ghost Box, 2014)<\/span><br \/>\n<span style=\"color: #808080;\">30. Interview with <strong>Jorge Luis Borges<\/strong> by <strong>J. Soler Serrano<\/strong> in A Fondo (RTVE, 1976)<\/span><br \/>\n<span style=\"color: #808080;\">31. <strong>Tom Dissevelt<\/strong> - Whirling - Electronic Movements (Phillips, 1962)<\/span><br \/>\n<span style=\"color: #808080;\">32. <strong>Eden Ahbez<\/strong> - Island Girl - Eden's Island (The Music Of An Enchanted Isle) (Del-Fi Records, 1960)<\/span><br \/>\n<span style=\"color: #808080;\">33. <strong>Loren Chasse<\/strong> - Hedge of Nerves III - Hedge of Nerves (Anomalous Records, 2002)<\/span><br \/>\n<span style=\"color: #808080;\">34. Advertising Tailor Shop El Faro (1932)<\/span><br \/>\n<span style=\"color: #808080;\">35. <strong>The Conet Project<\/strong> - (G2A) The Swedish Rhapsody - Recordings of Shortwave Numbers Stations (Irdial, 1997)<\/span><br \/>\n<span style=\"color: #808080;\">36. <strong>Juan Viladomat<\/strong> - Cocaine Tango (1926)<\/span><br \/>\n<span style=\"color: #808080;\">37. <strong>Enrique Granados<\/strong> (Plays Granados) - Andaluza - Spanish Dances op. 37 (?)<\/span><br \/>\n<span style=\"color: #808080;\">38. <strong>Nurse With Wound<\/strong> - (I Don't Want to Have) Easy Listening Nightmares - Alice the Goon (United Dairies, 2000)<\/span><\/p>","protected":false},"excerpt":{"rendered":"<p>Anank\u00e9 #32 Octubre 2021 01. Ada Falcon &#8211; Ilusi\u00f3n Marina &#8211; Disco Nacional (Odeon, 1930) 02. The Focus Group &#8211; Leaving Through &#8211; We Are All Pan&#8217;s People (Ghost Box, 2007) 03. Berta Singermann &#8211; Propiedades de las chicas (Arcipestre de Hita) (Odeon, circa 1940) 04. Extracto de Uni\u00f3n Radio Madrid &#8211; Eugenio Balder (1928) [&hellip;]<\/p>\n","protected":false},"author":19,"featured_media":0,"parent":0,"menu_order":0,"comment_status":"closed","ping_status":"closed","template":"","meta":{"footnotes":""},"class_list":["post-58854","page","type-page","status-publish","hentry"],"yoast_head":"<!-- This site is optimized with the Yoast SEO plugin v27.5 - https:\/\/yoast.com\/product\/yoast-seo-wordpress\/ -->\n<title>Anank\u00e9 #32 -<\/title>\n<meta name=\"robots\" content=\"index, follow, max-snippet:-1, max-image-preview:large, max-video-preview:-1\" \/>\n<link rel=\"canonical\" href=\"https:\/\/teslafm.net\/en\/ananke-32\/\" \/>\n<meta property=\"og:locale\" content=\"en_US\" \/>\n<meta property=\"og:type\" content=\"article\" \/>\n<meta property=\"og:title\" content=\"Anank\u00e9 #32 -\" \/>\n<meta property=\"og:description\" content=\"Anank\u00e9 #32 Octubre 2021 01. Ada Falcon &#8211; Ilusi\u00f3n Marina &#8211; Disco Nacional (Odeon, 1930) 02. The Focus Group &#8211; Leaving Through &#8211; We Are All Pan&#8217;s People (Ghost Box, 2007) 03. Berta Singermann &#8211; Propiedades de las chicas (Arcipestre de Hita) (Odeon, circa 1940) 04. Extracto de Uni\u00f3n Radio Madrid &#8211; Eugenio Balder (1928) [&hellip;]\" \/>\n<meta property=\"og:url\" content=\"https:\/\/teslafm.net\/en\/ananke-32\/\" \/>\n<meta property=\"article:publisher\" content=\"https:\/\/www.facebook.com\/teslafm.net\" \/>\n<meta property=\"og:image\" content=\"https:\/\/teslafm.net\/wp-content\/uploads\/2022\/09\/header-image-4-temp.png\" \/>\n\t<meta property=\"og:image:width\" content=\"1274\" \/>\n\t<meta property=\"og:image:height\" content=\"818\" \/>\n\t<meta property=\"og:image:type\" content=\"image\/png\" \/>\n<meta name=\"twitter:card\" content=\"summary_large_image\" \/>\n<meta name=\"twitter:site\" content=\"@teslafm\" \/>\n<meta name=\"twitter:label1\" content=\"Est. reading time\" \/>\n\t<meta name=\"twitter:data1\" content=\"3 minutes\" \/>\n<script type=\"application\/ld+json\" class=\"yoast-schema-graph\">{\"@context\":\"https:\\\/\\\/schema.org\",\"@graph\":[{\"@type\":\"WebPage\",\"@id\":\"https:\\\/\\\/teslafm.net\\\/ananke-32\\\/\",\"url\":\"https:\\\/\\\/teslafm.net\\\/ananke-32\\\/\",\"name\":\"Anank\u00e9 #32 -\",\"isPartOf\":{\"@id\":\"https:\\\/\\\/teslafm.net\\\/#website\"},\"datePublished\":\"2021-10-05T14:23:14+00:00\",\"breadcrumb\":{\"@id\":\"https:\\\/\\\/teslafm.net\\\/ananke-32\\\/#breadcrumb\"},\"inLanguage\":\"en-US\",\"potentialAction\":[{\"@type\":\"ReadAction\",\"target\":[\"https:\\\/\\\/teslafm.net\\\/ananke-32\\\/\"]}]},{\"@type\":\"BreadcrumbList\",\"@id\":\"https:\\\/\\\/teslafm.net\\\/ananke-32\\\/#breadcrumb\",\"itemListElement\":[{\"@type\":\"ListItem\",\"position\":1,\"name\":\"Portada\",\"item\":\"https:\\\/\\\/teslafm.net\\\/\"},{\"@type\":\"ListItem\",\"position\":2,\"name\":\"Anank\u00e9 #32\"}]},{\"@type\":\"WebSite\",\"@id\":\"https:\\\/\\\/teslafm.net\\\/#website\",\"url\":\"https:\\\/\\\/teslafm.net\\\/\",\"name\":\"TeslaFM\",\"description\":\"An experimental and creative radio\",\"publisher\":{\"@id\":\"https:\\\/\\\/teslafm.net\\\/#organization\"},\"potentialAction\":[{\"@type\":\"SearchAction\",\"target\":{\"@type\":\"EntryPoint\",\"urlTemplate\":\"https:\\\/\\\/teslafm.net\\\/?s={search_term_string}\"},\"query-input\":{\"@type\":\"PropertyValueSpecification\",\"valueRequired\":true,\"valueName\":\"search_term_string\"}}],\"inLanguage\":\"en-US\"},{\"@type\":\"Organization\",\"@id\":\"https:\\\/\\\/teslafm.net\\\/#organization\",\"name\":\"TeslaFM\",\"url\":\"https:\\\/\\\/teslafm.net\\\/\",\"logo\":{\"@type\":\"ImageObject\",\"inLanguage\":\"en-US\",\"@id\":\"https:\\\/\\\/teslafm.net\\\/#\\\/schema\\\/logo\\\/image\\\/\",\"url\":\"https:\\\/\\\/teslafm.net\\\/wp-content\\\/uploads\\\/2020\\\/06\\\/logo-tesla.png\",\"contentUrl\":\"https:\\\/\\\/teslafm.net\\\/wp-content\\\/uploads\\\/2020\\\/06\\\/logo-tesla.png\",\"width\":512,\"height\":512,\"caption\":\"TeslaFM\"},\"image\":{\"@id\":\"https:\\\/\\\/teslafm.net\\\/#\\\/schema\\\/logo\\\/image\\\/\"},\"sameAs\":[\"https:\\\/\\\/www.facebook.com\\\/teslafm.net\",\"https:\\\/\\\/x.com\\\/teslafm\"]}]}<\/script>\n<!-- \/ Yoast SEO plugin. -->","yoast_head_json":{"title":"Anank\u00e9 #32 -","robots":{"index":"index","follow":"follow","max-snippet":"max-snippet:-1","max-image-preview":"max-image-preview:large","max-video-preview":"max-video-preview:-1"},"canonical":"https:\/\/teslafm.net\/en\/ananke-32\/","og_locale":"en_US","og_type":"article","og_title":"Anank\u00e9 #32 -","og_description":"Anank\u00e9 #32 Octubre 2021 01. Ada Falcon &#8211; Ilusi\u00f3n Marina &#8211; Disco Nacional (Odeon, 1930) 02. The Focus Group &#8211; Leaving Through &#8211; We Are All Pan&#8217;s People (Ghost Box, 2007) 03. Berta Singermann &#8211; Propiedades de las chicas (Arcipestre de Hita) (Odeon, circa 1940) 04. Extracto de Uni\u00f3n Radio Madrid &#8211; Eugenio Balder (1928) [&hellip;]","og_url":"https:\/\/teslafm.net\/en\/ananke-32\/","article_publisher":"https:\/\/www.facebook.com\/teslafm.net","og_image":[{"width":1274,"height":818,"url":"https:\/\/teslafm.net\/wp-content\/uploads\/2022\/09\/header-image-4-temp.png","type":"image\/png"}],"twitter_card":"summary_large_image","twitter_site":"@teslafm","twitter_misc":{"Est. reading time":"3 minutes"},"schema":{"@context":"https:\/\/schema.org","@graph":[{"@type":"WebPage","@id":"https:\/\/teslafm.net\/ananke-32\/","url":"https:\/\/teslafm.net\/ananke-32\/","name":"Anank\u00e9 #32 -","isPartOf":{"@id":"https:\/\/teslafm.net\/#website"},"datePublished":"2021-10-05T14:23:14+00:00","breadcrumb":{"@id":"https:\/\/teslafm.net\/ananke-32\/#breadcrumb"},"inLanguage":"en-US","potentialAction":[{"@type":"ReadAction","target":["https:\/\/teslafm.net\/ananke-32\/"]}]},{"@type":"BreadcrumbList","@id":"https:\/\/teslafm.net\/ananke-32\/#breadcrumb","itemListElement":[{"@type":"ListItem","position":1,"name":"Portada","item":"https:\/\/teslafm.net\/"},{"@type":"ListItem","position":2,"name":"Anank\u00e9 #32"}]},{"@type":"WebSite","@id":"https:\/\/teslafm.net\/#website","url":"https:\/\/teslafm.net\/","name":"TeslaFM","description":"An experimental and creative radio","publisher":{"@id":"https:\/\/teslafm.net\/#organization"},"potentialAction":[{"@type":"SearchAction","target":{"@type":"EntryPoint","urlTemplate":"https:\/\/teslafm.net\/?s={search_term_string}"},"query-input":{"@type":"PropertyValueSpecification","valueRequired":true,"valueName":"search_term_string"}}],"inLanguage":"en-US"},{"@type":"Organization","@id":"https:\/\/teslafm.net\/#organization","name":"TeslaFM","url":"https:\/\/teslafm.net\/","logo":{"@type":"ImageObject","inLanguage":"en-US","@id":"https:\/\/teslafm.net\/#\/schema\/logo\/image\/","url":"https:\/\/teslafm.net\/wp-content\/uploads\/2020\/06\/logo-tesla.png","contentUrl":"https:\/\/teslafm.net\/wp-content\/uploads\/2020\/06\/logo-tesla.png","width":512,"height":512,"caption":"TeslaFM"},"image":{"@id":"https:\/\/teslafm.net\/#\/schema\/logo\/image\/"},"sameAs":["https:\/\/www.facebook.com\/teslafm.net","https:\/\/x.com\/teslafm"]}]}},"rttpg_featured_image_url":null,"rttpg_author":{"display_name":"Ishak","author_link":"https:\/\/teslafm.net\/en\/author\/cravan\/"},"rttpg_comment":0,"rttpg_category":null,"rttpg_excerpt":"Anank\u00e9 #32 Octubre 2021 01. Ada Falcon &#8211; Ilusi\u00f3n Marina &#8211; Disco Nacional (Odeon, 1930) 02. The Focus Group &#8211; Leaving Through &#8211; We Are All Pan&#8217;s People (Ghost Box, 2007) 03. Berta Singermann &#8211; Propiedades de las chicas (Arcipestre de Hita) (Odeon, circa 1940) 04. Extracto de Uni\u00f3n Radio Madrid &#8211; Eugenio Balder (1928)&hellip;","_links":{"self":[{"href":"https:\/\/teslafm.net\/en\/wp-json\/wp\/v2\/pages\/58854","targetHints":{"allow":["GET"]}}],"collection":[{"href":"https:\/\/teslafm.net\/en\/wp-json\/wp\/v2\/pages"}],"about":[{"href":"https:\/\/teslafm.net\/en\/wp-json\/wp\/v2\/types\/page"}],"author":[{"embeddable":true,"href":"https:\/\/teslafm.net\/en\/wp-json\/wp\/v2\/users\/19"}],"replies":[{"embeddable":true,"href":"https:\/\/teslafm.net\/en\/wp-json\/wp\/v2\/comments?post=58854"}],"version-history":[{"count":1,"href":"https:\/\/teslafm.net\/en\/wp-json\/wp\/v2\/pages\/58854\/revisions"}],"predecessor-version":[{"id":58855,"href":"https:\/\/teslafm.net\/en\/wp-json\/wp\/v2\/pages\/58854\/revisions\/58855"}],"wp:attachment":[{"href":"https:\/\/teslafm.net\/en\/wp-json\/wp\/v2\/media?parent=58854"}],"curies":[{"name":"wp","href":"https:\/\/api.w.org\/{rel}","templated":true}]}}