

{"id":58870,"date":"2021-10-06T18:14:49","date_gmt":"2021-10-06T16:14:49","guid":{"rendered":"https:\/\/teslafm.net\/?page_id=58870"},"modified":"2021-10-06T18:36:13","modified_gmt":"2021-10-06T16:36:13","slug":"teoria-incertidumbre-27","status":"publish","type":"page","link":"https:\/\/teslafm.net\/en\/teoria-incertidumbre-27\/","title":{"rendered":"Uncertainty Theory #27"},"content":{"rendered":"<div data-elementor-type=\"wp-page\" data-elementor-id=\"58870\" class=\"elementor elementor-58870\">\n\t\t\t\t\t\t<section class=\"elementor-section elementor-top-section elementor-element elementor-element-755d07ee elementor-section-boxed elementor-section-height-default elementor-section-height-default\" data-id=\"755d07ee\" data-element_type=\"section\" data-e-type=\"section\">\n\t\t\t\t\t\t<div class=\"elementor-container elementor-column-gap-default\">\n\t\t\t\t\t<div class=\"elementor-column elementor-col-100 elementor-top-column elementor-element elementor-element-206f8da2\" data-id=\"206f8da2\" data-element_type=\"column\" data-e-type=\"column\">\n\t\t\t<div class=\"elementor-widget-wrap elementor-element-populated\">\n\t\t\t\t\t\t<div class=\"elementor-element elementor-element-dec4ed5 elementor-widget elementor-widget-text-editor\" data-id=\"dec4ed5\" data-element_type=\"widget\" data-e-type=\"widget\" data-widget_type=\"text-editor.default\">\n\t\t\t\t<div class=\"elementor-widget-container\">\n\t\t\t\t\t\t\t\t\t<h2><span style=\"color: #ffffff;\"><strong>Uncertainty Theory #27<\/strong><\/span><\/h2><p><span style=\"color: #808080;\"><em>About the Waterphone by Richard Waters and his GAEB band plus dark music by Salva Alambre and David Lynch.<\/em><\/span><\/p><p><iframe src=\"https:\/\/www.mixcloud.com\/widget\/iframe\/?hide_cover=1&amp;feed=%2FTeslafm_net%2Fteor%C3%ADa-incertidumbre-27-andrea-bravo%2F\" width=\"100%\" height=\"120\" frameborder=\"0\"><\/iframe><\/p><p><span style=\"color: #808080;\">Audio<\/span><br \/><span style=\"color: #808080;\">01. <strong>Gravity Adjusters Expansion Band<\/strong> - Amerizenitation (track 5 of the dico One (1973))<\/span><br \/><span style=\"color: #808080;\">02. <strong>Gravity Adjusters Expansion Band<\/strong> - Birds Return to Hollywood (track 6 of the album One (1973))<\/span><br \/><span style=\"color: #808080;\">03. <strong>Salva Alambre<\/strong> - Faraday (track 3 of the album Electromagnestismo (2020))<\/span><br \/><span style=\"color: #808080;\">04. <strong>David Lynch<\/strong> - So Glad (track 3 from the album Crazy Clown Time(2011))<\/span><br \/><span style=\"color: #808080;\">05. <strong>David Lynch<\/strong> - Noah's Ark (track 4 from the album Crazy Clown Time (2011))<\/span><br \/><span style=\"color: #808080;\">06. <strong>David Lynch<\/strong> - Station (track from the album The Air Is On Fire (2007))<\/span><br \/><span style=\"color: #808080;\">07. <strong>Gravity Adjusters Expansion Band<\/strong> - One (track 1 of the dico One (1973))<\/span><\/p><p><span style=\"color: #808080;\">About <strong>Gravity Adjusters Expansion Band<\/strong> (GAEB)<\/span><\/p><p><span style=\"color: #808080;\">It was born in 1967 and to this day remains one of those lost and underestimated groups that explored <\/span><span style=\"color: #808080;\">both in the area of sound sculptures and improvisation, experimental music and free jazz.<\/span><br \/><span style=\"color: #808080;\">From the San Francisco Bay Area, he ended up recording his first LP in Los Angeles.<\/span><\/p><div><span style=\"color: #808080;\">Your free jazz drummer <strong>Lee Charlton<\/strong> changed the perfectionist style of jazz for much more abstract ideas within <\/span><span style=\"color: #808080;\">of the world of sound sculpture.<\/span><\/div><div><p><span style=\"color: #808080;\">It is in this abstract universe where the most important <strong>GAEB<\/strong>using the invented instruments <\/span><span style=\"color: #808080;\">by <strong>Richard Waters<\/strong>many of whose percussion and bowed instruments incorporate resonators. <\/span><span style=\"color: #808080;\">filled with water to bend and sharpen the sound. Although many other improvisers of the time, such as <strong>AMM<\/strong>, <strong>MEV<\/strong>, <\/span><span style=\"color: #808080;\"><strong>Probe<\/strong> and <strong>Taj Mahal Travelers<\/strong> made extensive use of homemade and adapted instruments, the GAEBs were making <\/span><span style=\"color: #808080;\">their own unmistakable identity. Their first LP \"One\" appeared in 1973 on Nocturne Records, <\/span><span style=\"color: #808080;\">a small Californian label. It was the first of their 2 LPs, and the second came out about 8 years later. <\/span><\/p><\/div>\t\t\t\t\t\t\t\t<\/div>\n\t\t\t\t<\/div>\n\t\t\t\t\t<\/div>\n\t\t<\/div>\n\t\t\t\t\t<\/div>\n\t\t<\/section>\n\t\t\t\t<section class=\"elementor-section elementor-top-section elementor-element elementor-element-c686922 elementor-section-boxed elementor-section-height-default elementor-section-height-default\" data-id=\"c686922\" data-element_type=\"section\" data-e-type=\"section\">\n\t\t\t\t\t\t<div class=\"elementor-container elementor-column-gap-default\">\n\t\t\t\t\t<div class=\"elementor-column elementor-col-33 elementor-top-column elementor-element elementor-element-b9eee9d\" data-id=\"b9eee9d\" data-element_type=\"column\" data-e-type=\"column\">\n\t\t\t<div class=\"elementor-widget-wrap elementor-element-populated\">\n\t\t\t\t\t\t<div class=\"elementor-element elementor-element-a47ff10 elementor-widget elementor-widget-image\" data-id=\"a47ff10\" data-element_type=\"widget\" data-e-type=\"widget\" data-widget_type=\"image.default\">\n\t\t\t\t<div class=\"elementor-widget-container\">\n\t\t\t\t\t\t\t\t\t\t\t\t\t\t\t<img fetchpriority=\"high\" decoding=\"async\" width=\"400\" height=\"399\" src=\"https:\/\/teslafm.net\/wp-content\/uploads\/2021\/10\/disco-one.jpeg\" class=\"attachment-large size-large wp-image-58872\" alt=\"\" srcset=\"https:\/\/teslafm.net\/wp-content\/uploads\/2021\/10\/disco-one.jpeg 400w, https:\/\/teslafm.net\/wp-content\/uploads\/2021\/10\/disco-one-300x300.jpeg 300w, https:\/\/teslafm.net\/wp-content\/uploads\/2021\/10\/disco-one-150x150.jpeg 150w\" sizes=\"(max-width: 400px) 100vw, 400px\" \/>\t\t\t\t\t\t\t\t\t\t\t\t\t\t\t<\/div>\n\t\t\t\t<\/div>\n\t\t\t\t\t<\/div>\n\t\t<\/div>\n\t\t\t\t<div class=\"elementor-column elementor-col-33 elementor-top-column elementor-element elementor-element-6b6d46c\" data-id=\"6b6d46c\" data-element_type=\"column\" data-e-type=\"column\">\n\t\t\t<div class=\"elementor-widget-wrap elementor-element-populated\">\n\t\t\t\t\t\t<div class=\"elementor-element elementor-element-7f78750 elementor-widget elementor-widget-image\" data-id=\"7f78750\" data-element_type=\"widget\" data-e-type=\"widget\" data-widget_type=\"image.default\">\n\t\t\t\t<div class=\"elementor-widget-container\">\n\t\t\t\t\t\t\t\t\t\t\t\t\t\t\t<img decoding=\"async\" width=\"197\" height=\"357\" src=\"https:\/\/teslafm.net\/wp-content\/uploads\/2021\/10\/richard-waters.jpeg\" class=\"attachment-large size-large wp-image-58873\" alt=\"\" srcset=\"https:\/\/teslafm.net\/wp-content\/uploads\/2021\/10\/richard-waters.jpeg 197w, https:\/\/teslafm.net\/wp-content\/uploads\/2021\/10\/richard-waters-166x300.jpeg 166w\" sizes=\"(max-width: 197px) 100vw, 197px\" \/>\t\t\t\t\t\t\t\t\t\t\t\t\t\t\t<\/div>\n\t\t\t\t<\/div>\n\t\t\t\t\t<\/div>\n\t\t<\/div>\n\t\t\t\t<div class=\"elementor-column elementor-col-33 elementor-top-column elementor-element elementor-element-db29000\" data-id=\"db29000\" data-element_type=\"column\" data-e-type=\"column\">\n\t\t\t<div class=\"elementor-widget-wrap elementor-element-populated\">\n\t\t\t\t\t\t<div class=\"elementor-element elementor-element-57024c7 elementor-widget elementor-widget-image\" data-id=\"57024c7\" data-element_type=\"widget\" data-e-type=\"widget\" data-widget_type=\"image.default\">\n\t\t\t\t<div class=\"elementor-widget-container\">\n\t\t\t\t\t\t\t\t\t\t\t\t\t\t\t<img decoding=\"async\" width=\"1024\" height=\"748\" src=\"https:\/\/teslafm.net\/wp-content\/uploads\/2021\/10\/waterphone1.jpg\" class=\"attachment-large size-large wp-image-58874\" alt=\"\" srcset=\"https:\/\/teslafm.net\/wp-content\/uploads\/2021\/10\/waterphone1.jpg 1024w, https:\/\/teslafm.net\/wp-content\/uploads\/2021\/10\/waterphone1-300x219.jpg 300w, https:\/\/teslafm.net\/wp-content\/uploads\/2021\/10\/waterphone1-768x561.jpg 768w\" sizes=\"(max-width: 1024px) 100vw, 1024px\" \/>\t\t\t\t\t\t\t\t\t\t\t\t\t\t\t<\/div>\n\t\t\t\t<\/div>\n\t\t\t\t\t<\/div>\n\t\t<\/div>\n\t\t\t\t\t<\/div>\n\t\t<\/section>\n\t\t\t\t<section class=\"elementor-section elementor-top-section elementor-element elementor-element-9686e1e elementor-section-boxed elementor-section-height-default elementor-section-height-default\" data-id=\"9686e1e\" data-element_type=\"section\" data-e-type=\"section\">\n\t\t\t\t\t\t<div class=\"elementor-container elementor-column-gap-default\">\n\t\t\t\t\t<div class=\"elementor-column elementor-col-100 elementor-top-column elementor-element elementor-element-0011467\" data-id=\"0011467\" data-element_type=\"column\" data-e-type=\"column\">\n\t\t\t<div class=\"elementor-widget-wrap elementor-element-populated\">\n\t\t\t\t\t\t<div class=\"elementor-element elementor-element-723c08d elementor-widget elementor-widget-text-editor\" data-id=\"723c08d\" data-element_type=\"widget\" data-e-type=\"widget\" data-widget_type=\"text-editor.default\">\n\t\t\t\t<div class=\"elementor-widget-container\">\n\t\t\t\t\t\t\t\t\t<p><span style=\"color: #808080;\"><strong>Waterphone<\/strong><\/span><\/p><p><span style=\"color: #808080;\">A Waterphone is a type of acoustic and atonal musical instrument consisting of a stainless steel resonator container or pan with a cylindrical brass neck that is surrounded by rods of different lengths and diameters. In addition, the resonator contains a small amount of water, hence the name Waterphone, which gives it a vibrant ethereal sound that has often appeared on horror movie soundtracks, as well as on music albums and live performances.<\/span><\/p><p><span style=\"color: #808080;\">This instrument was created and developed by the British musician and composer <strong>Richard Waters<\/strong>who, after graduating from California College of the Arts in 1965, was introduced to an unusual instrument called the Tibetan Water Drum, which was a round drum with water inside, slightly flattened, made of bronze and with an opening at the top center.<\/span><br \/><span style=\"color: #808080;\">It had been designed in such a way that it would sway slightly each time its surface was struck. <\/span><span style=\"color: #808080;\">with the hands thus moving the small amount of internal water that created pre-echoes and doubled the tone.<\/span><br \/><span style=\"color: #808080;\">Years later, in 1968, during a stop in Haight Ashbury, he heard the Kalimba instrument, a small African piano played with the thumbs. So he began to make what he called \"American Thumb Piano\": cans with brass rods soldered around the edge that rattled when spun by rubbing against each other. He described them as disposable and primitive instruments, since in the end the cans and rods always ended up breaking.<\/span><br \/><span style=\"color: #808080;\">After several attempts, he ended up assembling the resonators of enameled hubcaps and saddles by changing the technique.<\/span><br \/><span style=\"color: #808080;\">in which this new instrument, now beaten with mallets, was played.<\/span><br \/><span style=\"color: #808080;\">It was at that time that he mentions teaching it to his friend Lee Charlton, a jazz drummer.<\/span><br \/><span style=\"color: #808080;\">In their study, they put a small amount of water in the resonator surrounded by rods. This was the first<\/span><br \/><span style=\"color: #808080;\">Waterphone from which Richard Waters begins the whole process of patenting his invention.<\/span><\/p><p><span style=\"color: #808080;\">Links:<\/span><\/p><p><a href=\"https:\/\/repetidor-shop.bandcamp.com\/album\/electromagnetismo\" target=\"_blank\" rel=\"noopener\">https:\/\/repetidor-shop.bandcamp.com\/album\/electromagnetismo<\/a><br \/><a href=\"https:\/\/gravityadjustersexpansionband.bandcamp.com\/\" target=\"_blank\" rel=\"noopener\">https:\/\/gravityadjustersexpansionband.bandcamp.com\/<\/a><br \/><a href=\"https:\/\/instrumentosmusicales10.net\/waterphone-instrumento-aterrador\" target=\"_blank\" rel=\"noopener\">https:\/\/instrumentosmusicales10.net\/waterphone-instrumento-aterrador<\/a><\/p>\t\t\t\t\t\t\t\t<\/div>\n\t\t\t\t<\/div>\n\t\t\t\t\t<\/div>\n\t\t<\/div>\n\t\t\t\t\t<\/div>\n\t\t<\/section>\n\t\t\t\t<\/div>","protected":false},"excerpt":{"rendered":"<p>Teor\u00eda Incertidumbre #27 Sobre el Waterphone de Richard Waters y su banda GAEB m\u00e1s m\u00fasica oscura de Salva Alambre y David Lynch. Audio01. Gravity Adjusters Expansion Band &#8211; Amerizenitation (track 5 del dico One (1973))02. Gravity Adjusters Expansion Band &#8211; Birds Return to Hollywood (track 6 del disco One (1973))03. Salva Alambre &#8211; Faraday (track [&hellip;]<\/p>\n","protected":false},"author":19,"featured_media":0,"parent":0,"menu_order":0,"comment_status":"closed","ping_status":"closed","template":"","meta":{"footnotes":""},"class_list":["post-58870","page","type-page","status-publish","hentry"],"yoast_head":"<!-- This site is optimized with the Yoast SEO plugin v27.5 - https:\/\/yoast.com\/product\/yoast-seo-wordpress\/ -->\n<title>Teor\u00eda Incertidumbre #27 -<\/title>\n<meta name=\"robots\" content=\"index, follow, max-snippet:-1, max-image-preview:large, max-video-preview:-1\" \/>\n<link rel=\"canonical\" href=\"https:\/\/teslafm.net\/en\/teoria-incertidumbre-27\/\" \/>\n<meta property=\"og:locale\" content=\"en_US\" \/>\n<meta property=\"og:type\" content=\"article\" \/>\n<meta property=\"og:title\" content=\"Teor\u00eda Incertidumbre #27 -\" \/>\n<meta property=\"og:description\" content=\"Teor\u00eda Incertidumbre #27 Sobre el Waterphone de Richard Waters y su banda GAEB m\u00e1s m\u00fasica oscura de Salva Alambre y David Lynch. Audio01. Gravity Adjusters Expansion Band &#8211; Amerizenitation (track 5 del dico One (1973))02. Gravity Adjusters Expansion Band &#8211; Birds Return to Hollywood (track 6 del disco One (1973))03. Salva Alambre &#8211; Faraday (track [&hellip;]\" \/>\n<meta property=\"og:url\" content=\"https:\/\/teslafm.net\/en\/teoria-incertidumbre-27\/\" \/>\n<meta property=\"article:publisher\" content=\"https:\/\/www.facebook.com\/teslafm.net\" \/>\n<meta property=\"article:modified_time\" content=\"2021-10-06T16:36:13+00:00\" \/>\n<meta property=\"og:image\" content=\"https:\/\/teslafm.net\/wp-content\/uploads\/2021\/10\/disco-one.jpeg\" \/>\n<meta name=\"twitter:card\" content=\"summary_large_image\" \/>\n<meta name=\"twitter:site\" content=\"@teslafm\" \/>\n<meta name=\"twitter:label1\" content=\"Est. reading time\" \/>\n\t<meta name=\"twitter:data1\" content=\"4 minutes\" \/>\n<script type=\"application\/ld+json\" class=\"yoast-schema-graph\">{\"@context\":\"https:\\\/\\\/schema.org\",\"@graph\":[{\"@type\":\"WebPage\",\"@id\":\"https:\\\/\\\/teslafm.net\\\/teoria-incertidumbre-27\\\/\",\"url\":\"https:\\\/\\\/teslafm.net\\\/teoria-incertidumbre-27\\\/\",\"name\":\"Teor\u00eda Incertidumbre #27 -\",\"isPartOf\":{\"@id\":\"https:\\\/\\\/teslafm.net\\\/#website\"},\"primaryImageOfPage\":{\"@id\":\"https:\\\/\\\/teslafm.net\\\/teoria-incertidumbre-27\\\/#primaryimage\"},\"image\":{\"@id\":\"https:\\\/\\\/teslafm.net\\\/teoria-incertidumbre-27\\\/#primaryimage\"},\"thumbnailUrl\":\"https:\\\/\\\/teslafm.net\\\/wp-content\\\/uploads\\\/2021\\\/10\\\/disco-one.jpeg\",\"datePublished\":\"2021-10-06T16:14:49+00:00\",\"dateModified\":\"2021-10-06T16:36:13+00:00\",\"breadcrumb\":{\"@id\":\"https:\\\/\\\/teslafm.net\\\/teoria-incertidumbre-27\\\/#breadcrumb\"},\"inLanguage\":\"en-US\",\"potentialAction\":[{\"@type\":\"ReadAction\",\"target\":[\"https:\\\/\\\/teslafm.net\\\/teoria-incertidumbre-27\\\/\"]}]},{\"@type\":\"ImageObject\",\"inLanguage\":\"en-US\",\"@id\":\"https:\\\/\\\/teslafm.net\\\/teoria-incertidumbre-27\\\/#primaryimage\",\"url\":\"https:\\\/\\\/teslafm.net\\\/wp-content\\\/uploads\\\/2021\\\/10\\\/disco-one.jpeg\",\"contentUrl\":\"https:\\\/\\\/teslafm.net\\\/wp-content\\\/uploads\\\/2021\\\/10\\\/disco-one.jpeg\"},{\"@type\":\"BreadcrumbList\",\"@id\":\"https:\\\/\\\/teslafm.net\\\/teoria-incertidumbre-27\\\/#breadcrumb\",\"itemListElement\":[{\"@type\":\"ListItem\",\"position\":1,\"name\":\"Portada\",\"item\":\"https:\\\/\\\/teslafm.net\\\/\"},{\"@type\":\"ListItem\",\"position\":2,\"name\":\"Teor\u00eda Incertidumbre #27\"}]},{\"@type\":\"WebSite\",\"@id\":\"https:\\\/\\\/teslafm.net\\\/#website\",\"url\":\"https:\\\/\\\/teslafm.net\\\/\",\"name\":\"TeslaFM\",\"description\":\"An experimental and creative radio\",\"publisher\":{\"@id\":\"https:\\\/\\\/teslafm.net\\\/#organization\"},\"potentialAction\":[{\"@type\":\"SearchAction\",\"target\":{\"@type\":\"EntryPoint\",\"urlTemplate\":\"https:\\\/\\\/teslafm.net\\\/?s={search_term_string}\"},\"query-input\":{\"@type\":\"PropertyValueSpecification\",\"valueRequired\":true,\"valueName\":\"search_term_string\"}}],\"inLanguage\":\"en-US\"},{\"@type\":\"Organization\",\"@id\":\"https:\\\/\\\/teslafm.net\\\/#organization\",\"name\":\"TeslaFM\",\"url\":\"https:\\\/\\\/teslafm.net\\\/\",\"logo\":{\"@type\":\"ImageObject\",\"inLanguage\":\"en-US\",\"@id\":\"https:\\\/\\\/teslafm.net\\\/#\\\/schema\\\/logo\\\/image\\\/\",\"url\":\"https:\\\/\\\/teslafm.net\\\/wp-content\\\/uploads\\\/2020\\\/06\\\/logo-tesla.png\",\"contentUrl\":\"https:\\\/\\\/teslafm.net\\\/wp-content\\\/uploads\\\/2020\\\/06\\\/logo-tesla.png\",\"width\":512,\"height\":512,\"caption\":\"TeslaFM\"},\"image\":{\"@id\":\"https:\\\/\\\/teslafm.net\\\/#\\\/schema\\\/logo\\\/image\\\/\"},\"sameAs\":[\"https:\\\/\\\/www.facebook.com\\\/teslafm.net\",\"https:\\\/\\\/x.com\\\/teslafm\"]}]}<\/script>\n<!-- \/ Yoast SEO plugin. -->","yoast_head_json":{"title":"Teor\u00eda Incertidumbre #27 -","robots":{"index":"index","follow":"follow","max-snippet":"max-snippet:-1","max-image-preview":"max-image-preview:large","max-video-preview":"max-video-preview:-1"},"canonical":"https:\/\/teslafm.net\/en\/teoria-incertidumbre-27\/","og_locale":"en_US","og_type":"article","og_title":"Teor\u00eda Incertidumbre #27 -","og_description":"Teor\u00eda Incertidumbre #27 Sobre el Waterphone de Richard Waters y su banda GAEB m\u00e1s m\u00fasica oscura de Salva Alambre y David Lynch. Audio01. Gravity Adjusters Expansion Band &#8211; Amerizenitation (track 5 del dico One (1973))02. Gravity Adjusters Expansion Band &#8211; Birds Return to Hollywood (track 6 del disco One (1973))03. Salva Alambre &#8211; Faraday (track [&hellip;]","og_url":"https:\/\/teslafm.net\/en\/teoria-incertidumbre-27\/","article_publisher":"https:\/\/www.facebook.com\/teslafm.net","article_modified_time":"2021-10-06T16:36:13+00:00","og_image":[{"url":"https:\/\/teslafm.net\/wp-content\/uploads\/2021\/10\/disco-one.jpeg","type":"","width":"","height":""}],"twitter_card":"summary_large_image","twitter_site":"@teslafm","twitter_misc":{"Est. reading time":"4 minutes"},"schema":{"@context":"https:\/\/schema.org","@graph":[{"@type":"WebPage","@id":"https:\/\/teslafm.net\/teoria-incertidumbre-27\/","url":"https:\/\/teslafm.net\/teoria-incertidumbre-27\/","name":"Teor\u00eda Incertidumbre #27 -","isPartOf":{"@id":"https:\/\/teslafm.net\/#website"},"primaryImageOfPage":{"@id":"https:\/\/teslafm.net\/teoria-incertidumbre-27\/#primaryimage"},"image":{"@id":"https:\/\/teslafm.net\/teoria-incertidumbre-27\/#primaryimage"},"thumbnailUrl":"https:\/\/teslafm.net\/wp-content\/uploads\/2021\/10\/disco-one.jpeg","datePublished":"2021-10-06T16:14:49+00:00","dateModified":"2021-10-06T16:36:13+00:00","breadcrumb":{"@id":"https:\/\/teslafm.net\/teoria-incertidumbre-27\/#breadcrumb"},"inLanguage":"en-US","potentialAction":[{"@type":"ReadAction","target":["https:\/\/teslafm.net\/teoria-incertidumbre-27\/"]}]},{"@type":"ImageObject","inLanguage":"en-US","@id":"https:\/\/teslafm.net\/teoria-incertidumbre-27\/#primaryimage","url":"https:\/\/teslafm.net\/wp-content\/uploads\/2021\/10\/disco-one.jpeg","contentUrl":"https:\/\/teslafm.net\/wp-content\/uploads\/2021\/10\/disco-one.jpeg"},{"@type":"BreadcrumbList","@id":"https:\/\/teslafm.net\/teoria-incertidumbre-27\/#breadcrumb","itemListElement":[{"@type":"ListItem","position":1,"name":"Portada","item":"https:\/\/teslafm.net\/"},{"@type":"ListItem","position":2,"name":"Teor\u00eda Incertidumbre #27"}]},{"@type":"WebSite","@id":"https:\/\/teslafm.net\/#website","url":"https:\/\/teslafm.net\/","name":"TeslaFM","description":"An experimental and creative radio","publisher":{"@id":"https:\/\/teslafm.net\/#organization"},"potentialAction":[{"@type":"SearchAction","target":{"@type":"EntryPoint","urlTemplate":"https:\/\/teslafm.net\/?s={search_term_string}"},"query-input":{"@type":"PropertyValueSpecification","valueRequired":true,"valueName":"search_term_string"}}],"inLanguage":"en-US"},{"@type":"Organization","@id":"https:\/\/teslafm.net\/#organization","name":"TeslaFM","url":"https:\/\/teslafm.net\/","logo":{"@type":"ImageObject","inLanguage":"en-US","@id":"https:\/\/teslafm.net\/#\/schema\/logo\/image\/","url":"https:\/\/teslafm.net\/wp-content\/uploads\/2020\/06\/logo-tesla.png","contentUrl":"https:\/\/teslafm.net\/wp-content\/uploads\/2020\/06\/logo-tesla.png","width":512,"height":512,"caption":"TeslaFM"},"image":{"@id":"https:\/\/teslafm.net\/#\/schema\/logo\/image\/"},"sameAs":["https:\/\/www.facebook.com\/teslafm.net","https:\/\/x.com\/teslafm"]}]}},"rttpg_featured_image_url":null,"rttpg_author":{"display_name":"Ishak","author_link":"https:\/\/teslafm.net\/en\/author\/cravan\/"},"rttpg_comment":0,"rttpg_category":null,"rttpg_excerpt":"Teor\u00eda Incertidumbre #27 Sobre el Waterphone de Richard Waters y su banda GAEB m\u00e1s m\u00fasica oscura de Salva Alambre y David Lynch. Audio01. Gravity Adjusters Expansion Band &#8211; Amerizenitation (track 5 del dico One (1973))02. Gravity Adjusters Expansion Band &#8211; Birds Return to Hollywood (track 6 del disco One (1973))03. Salva Alambre &#8211; Faraday (track&hellip;","_links":{"self":[{"href":"https:\/\/teslafm.net\/en\/wp-json\/wp\/v2\/pages\/58870","targetHints":{"allow":["GET"]}}],"collection":[{"href":"https:\/\/teslafm.net\/en\/wp-json\/wp\/v2\/pages"}],"about":[{"href":"https:\/\/teslafm.net\/en\/wp-json\/wp\/v2\/types\/page"}],"author":[{"embeddable":true,"href":"https:\/\/teslafm.net\/en\/wp-json\/wp\/v2\/users\/19"}],"replies":[{"embeddable":true,"href":"https:\/\/teslafm.net\/en\/wp-json\/wp\/v2\/comments?post=58870"}],"version-history":[{"count":2,"href":"https:\/\/teslafm.net\/en\/wp-json\/wp\/v2\/pages\/58870\/revisions"}],"predecessor-version":[{"id":58876,"href":"https:\/\/teslafm.net\/en\/wp-json\/wp\/v2\/pages\/58870\/revisions\/58876"}],"wp:attachment":[{"href":"https:\/\/teslafm.net\/en\/wp-json\/wp\/v2\/media?parent=58870"}],"curies":[{"name":"wp","href":"https:\/\/api.w.org\/{rel}","templated":true}]}}