

{"id":58896,"date":"2021-10-12T14:47:42","date_gmt":"2021-10-12T12:47:42","guid":{"rendered":"https:\/\/teslafm.net\/?page_id=58896"},"modified":"2021-11-09T16:26:39","modified_gmt":"2021-11-09T15:26:39","slug":"ones-de-crom-2","status":"publish","type":"page","link":"https:\/\/teslafm.net\/en\/ones-de-crom-2\/","title":{"rendered":"Ones de Crom #2"},"content":{"rendered":"<div data-elementor-type=\"wp-page\" data-elementor-id=\"58896\" class=\"elementor elementor-58896\">\n\t\t\t\t\t\t<section class=\"elementor-section elementor-top-section elementor-element elementor-element-7f574482 elementor-section-boxed elementor-section-height-default elementor-section-height-default\" data-id=\"7f574482\" data-element_type=\"section\" data-e-type=\"section\">\n\t\t\t\t\t\t<div class=\"elementor-container elementor-column-gap-default\">\n\t\t\t\t\t<div class=\"elementor-column elementor-col-100 elementor-top-column elementor-element elementor-element-1f904a54\" data-id=\"1f904a54\" data-element_type=\"column\" data-e-type=\"column\">\n\t\t\t<div class=\"elementor-widget-wrap elementor-element-populated\">\n\t\t\t\t\t\t<div class=\"elementor-element elementor-element-3487fca0 elementor-widget elementor-widget-text-editor\" data-id=\"3487fca0\" data-element_type=\"widget\" data-e-type=\"widget\" data-widget_type=\"text-editor.default\">\n\t\t\t\t<div class=\"elementor-widget-container\">\n\t\t\t\t\t\t\t\t\t<h2><span style=\"color: #ffffff;\"><strong>Ones de Crom #2<\/strong><\/span><\/h2><p><span style=\"color: #808080;\"><em>Dick Raaijmakers<\/em><\/span><\/p><p><iframe src=\"https:\/\/www.mixcloud.com\/widget\/iframe\/?hide_cover=1&amp;feed=%2FTeslafm_net%2Fones-de-crom-2-emili-mir%C3%B3%2F\" width=\"100%\" height=\"120\" frameborder=\"0\"><\/iframe><\/p><p>\u00a0<\/p>\t\t\t\t\t\t\t\t<\/div>\n\t\t\t\t<\/div>\n\t\t\t\t\t<\/div>\n\t\t<\/div>\n\t\t\t\t\t<\/div>\n\t\t<\/section>\n\t\t\t\t<section class=\"elementor-section elementor-top-section elementor-element elementor-element-aa822f4 elementor-section-boxed elementor-section-height-default elementor-section-height-default\" data-id=\"aa822f4\" data-element_type=\"section\" data-e-type=\"section\">\n\t\t\t\t\t\t<div class=\"elementor-container elementor-column-gap-default\">\n\t\t\t\t\t<div class=\"elementor-column elementor-col-100 elementor-top-column elementor-element elementor-element-da179b2\" data-id=\"da179b2\" data-element_type=\"column\" data-e-type=\"column\">\n\t\t\t<div class=\"elementor-widget-wrap elementor-element-populated\">\n\t\t\t\t\t\t<div class=\"elementor-element elementor-element-ce328ff elementor-position-left elementor-vertical-align-top elementor-widget elementor-widget-image-box\" data-id=\"ce328ff\" data-element_type=\"widget\" data-e-type=\"widget\" data-widget_type=\"image-box.default\">\n\t\t\t\t<div class=\"elementor-widget-container\">\n\t\t\t\t\t<div class=\"elementor-image-box-wrapper\"><figure class=\"elementor-image-box-img\"><img decoding=\"async\" width=\"146\" height=\"180\" src=\"https:\/\/teslafm.net\/wp-content\/uploads\/2021\/10\/DICK-RAAIJMAKERS.jpg\" class=\"attachment-full size-full wp-image-58897\" alt=\"\" \/><\/figure><div class=\"elementor-image-box-content\"><h3 class=\"elementor-image-box-title\">Dick Raaijmakers<\/h3><p class=\"elementor-image-box-description\">27th february 2007\nDutch composer, experimental musician and inventor pioneer of electronic music. Like DICK RAAIJMAKERS, or like KID BALTAN, he had his most fruitful period between 1957 and 1969. From his collages with tape recordings and his sound editions we will listen to themes that appear in the exahustiu sound document \"Popular Electronics (1956-1963)\" of the Philips Laboratories and in \"The Complete Tape Music of Dick Raaijmakers\", reedited by the Dutch label BASTA. In 2006 he released an album of reinterpretations of his songs by current artists, \"Reactions to the Music of Dick Raaijmakers\" (2006, Basta), featuring MOUSE ON MARS, JASON FORREST, PHANTOM ORCHARD, THURSTON MOORE and TAEJI SAWAI.<\/p><\/div><\/div>\t\t\t\t<\/div>\n\t\t\t\t<\/div>\n\t\t\t\t\t<\/div>\n\t\t<\/div>\n\t\t\t\t\t<\/div>\n\t\t<\/section>\n\t\t\t\t<\/div>","protected":false},"excerpt":{"rendered":"<p>Ones de Crom #2 Dick Raaijmakers \u00a0 Dick Raaijmakers 27 de febero 2007 Compositor, m\u00fasic experimental i inventor holand\u00e8s pioner de la m\u00fasica electr\u00f2nica. Tan com a DICK RAAIJMAKERS, o com a KID BALTAN, va mantenir la seva etapa m\u00e9s fruct\u00edfera entre 1957 i 1969. Dels seus collages amb cintes magnetof\u00f2niques i els seus editatges [&hellip;]<\/p>\n","protected":false},"author":19,"featured_media":0,"parent":0,"menu_order":0,"comment_status":"closed","ping_status":"closed","template":"","meta":{"footnotes":""},"class_list":["post-58896","page","type-page","status-publish","hentry"],"yoast_head":"<!-- This site is optimized with the Yoast SEO plugin v27.5 - https:\/\/yoast.com\/product\/yoast-seo-wordpress\/ -->\n<title>Ones de Crom #2 -<\/title>\n<meta name=\"robots\" content=\"index, follow, max-snippet:-1, max-image-preview:large, max-video-preview:-1\" \/>\n<link rel=\"canonical\" href=\"https:\/\/teslafm.net\/en\/ones-de-crom-2\/\" \/>\n<meta property=\"og:locale\" content=\"en_US\" \/>\n<meta property=\"og:type\" content=\"article\" \/>\n<meta property=\"og:title\" content=\"Ones de Crom #2 -\" \/>\n<meta property=\"og:description\" content=\"Ones de Crom #2 Dick Raaijmakers \u00a0 Dick Raaijmakers 27 de febero 2007 Compositor, m\u00fasic experimental i inventor holand\u00e8s pioner de la m\u00fasica electr\u00f2nica. Tan com a DICK RAAIJMAKERS, o com a KID BALTAN, va mantenir la seva etapa m\u00e9s fruct\u00edfera entre 1957 i 1969. Dels seus collages amb cintes magnetof\u00f2niques i els seus editatges [&hellip;]\" \/>\n<meta property=\"og:url\" content=\"https:\/\/teslafm.net\/en\/ones-de-crom-2\/\" \/>\n<meta property=\"article:publisher\" content=\"https:\/\/www.facebook.com\/teslafm.net\" \/>\n<meta property=\"article:modified_time\" content=\"2021-11-09T15:26:39+00:00\" \/>\n<meta property=\"og:image\" content=\"https:\/\/teslafm.net\/wp-content\/uploads\/2021\/10\/DICK-RAAIJMAKERS.jpg\" \/>\n<meta name=\"twitter:card\" content=\"summary_large_image\" \/>\n<meta name=\"twitter:site\" content=\"@teslafm\" \/>\n<meta name=\"twitter:label1\" content=\"Est. reading time\" \/>\n\t<meta name=\"twitter:data1\" content=\"1 minute\" \/>\n<script type=\"application\/ld+json\" class=\"yoast-schema-graph\">{\"@context\":\"https:\\\/\\\/schema.org\",\"@graph\":[{\"@type\":\"WebPage\",\"@id\":\"https:\\\/\\\/teslafm.net\\\/ones-de-crom-2\\\/\",\"url\":\"https:\\\/\\\/teslafm.net\\\/ones-de-crom-2\\\/\",\"name\":\"Ones de Crom #2 -\",\"isPartOf\":{\"@id\":\"https:\\\/\\\/teslafm.net\\\/#website\"},\"primaryImageOfPage\":{\"@id\":\"https:\\\/\\\/teslafm.net\\\/ones-de-crom-2\\\/#primaryimage\"},\"image\":{\"@id\":\"https:\\\/\\\/teslafm.net\\\/ones-de-crom-2\\\/#primaryimage\"},\"thumbnailUrl\":\"https:\\\/\\\/teslafm.net\\\/wp-content\\\/uploads\\\/2021\\\/10\\\/DICK-RAAIJMAKERS.jpg\",\"datePublished\":\"2021-10-12T12:47:42+00:00\",\"dateModified\":\"2021-11-09T15:26:39+00:00\",\"breadcrumb\":{\"@id\":\"https:\\\/\\\/teslafm.net\\\/ones-de-crom-2\\\/#breadcrumb\"},\"inLanguage\":\"en-US\",\"potentialAction\":[{\"@type\":\"ReadAction\",\"target\":[\"https:\\\/\\\/teslafm.net\\\/ones-de-crom-2\\\/\"]}]},{\"@type\":\"ImageObject\",\"inLanguage\":\"en-US\",\"@id\":\"https:\\\/\\\/teslafm.net\\\/ones-de-crom-2\\\/#primaryimage\",\"url\":\"https:\\\/\\\/teslafm.net\\\/wp-content\\\/uploads\\\/2021\\\/10\\\/DICK-RAAIJMAKERS.jpg\",\"contentUrl\":\"https:\\\/\\\/teslafm.net\\\/wp-content\\\/uploads\\\/2021\\\/10\\\/DICK-RAAIJMAKERS.jpg\"},{\"@type\":\"BreadcrumbList\",\"@id\":\"https:\\\/\\\/teslafm.net\\\/ones-de-crom-2\\\/#breadcrumb\",\"itemListElement\":[{\"@type\":\"ListItem\",\"position\":1,\"name\":\"Portada\",\"item\":\"https:\\\/\\\/teslafm.net\\\/\"},{\"@type\":\"ListItem\",\"position\":2,\"name\":\"Ones de Crom #2\"}]},{\"@type\":\"WebSite\",\"@id\":\"https:\\\/\\\/teslafm.net\\\/#website\",\"url\":\"https:\\\/\\\/teslafm.net\\\/\",\"name\":\"TeslaFM\",\"description\":\"An experimental and creative radio\",\"publisher\":{\"@id\":\"https:\\\/\\\/teslafm.net\\\/#organization\"},\"potentialAction\":[{\"@type\":\"SearchAction\",\"target\":{\"@type\":\"EntryPoint\",\"urlTemplate\":\"https:\\\/\\\/teslafm.net\\\/?s={search_term_string}\"},\"query-input\":{\"@type\":\"PropertyValueSpecification\",\"valueRequired\":true,\"valueName\":\"search_term_string\"}}],\"inLanguage\":\"en-US\"},{\"@type\":\"Organization\",\"@id\":\"https:\\\/\\\/teslafm.net\\\/#organization\",\"name\":\"TeslaFM\",\"url\":\"https:\\\/\\\/teslafm.net\\\/\",\"logo\":{\"@type\":\"ImageObject\",\"inLanguage\":\"en-US\",\"@id\":\"https:\\\/\\\/teslafm.net\\\/#\\\/schema\\\/logo\\\/image\\\/\",\"url\":\"https:\\\/\\\/teslafm.net\\\/wp-content\\\/uploads\\\/2020\\\/06\\\/logo-tesla.png\",\"contentUrl\":\"https:\\\/\\\/teslafm.net\\\/wp-content\\\/uploads\\\/2020\\\/06\\\/logo-tesla.png\",\"width\":512,\"height\":512,\"caption\":\"TeslaFM\"},\"image\":{\"@id\":\"https:\\\/\\\/teslafm.net\\\/#\\\/schema\\\/logo\\\/image\\\/\"},\"sameAs\":[\"https:\\\/\\\/www.facebook.com\\\/teslafm.net\",\"https:\\\/\\\/x.com\\\/teslafm\"]}]}<\/script>\n<!-- \/ Yoast SEO plugin. -->","yoast_head_json":{"title":"Ones de Crom #2 -","robots":{"index":"index","follow":"follow","max-snippet":"max-snippet:-1","max-image-preview":"max-image-preview:large","max-video-preview":"max-video-preview:-1"},"canonical":"https:\/\/teslafm.net\/en\/ones-de-crom-2\/","og_locale":"en_US","og_type":"article","og_title":"Ones de Crom #2 -","og_description":"Ones de Crom #2 Dick Raaijmakers \u00a0 Dick Raaijmakers 27 de febero 2007 Compositor, m\u00fasic experimental i inventor holand\u00e8s pioner de la m\u00fasica electr\u00f2nica. Tan com a DICK RAAIJMAKERS, o com a KID BALTAN, va mantenir la seva etapa m\u00e9s fruct\u00edfera entre 1957 i 1969. Dels seus collages amb cintes magnetof\u00f2niques i els seus editatges [&hellip;]","og_url":"https:\/\/teslafm.net\/en\/ones-de-crom-2\/","article_publisher":"https:\/\/www.facebook.com\/teslafm.net","article_modified_time":"2021-11-09T15:26:39+00:00","og_image":[{"url":"https:\/\/teslafm.net\/wp-content\/uploads\/2021\/10\/DICK-RAAIJMAKERS.jpg","type":"","width":"","height":""}],"twitter_card":"summary_large_image","twitter_site":"@teslafm","twitter_misc":{"Est. reading time":"1 minute"},"schema":{"@context":"https:\/\/schema.org","@graph":[{"@type":"WebPage","@id":"https:\/\/teslafm.net\/ones-de-crom-2\/","url":"https:\/\/teslafm.net\/ones-de-crom-2\/","name":"Ones de Crom #2 -","isPartOf":{"@id":"https:\/\/teslafm.net\/#website"},"primaryImageOfPage":{"@id":"https:\/\/teslafm.net\/ones-de-crom-2\/#primaryimage"},"image":{"@id":"https:\/\/teslafm.net\/ones-de-crom-2\/#primaryimage"},"thumbnailUrl":"https:\/\/teslafm.net\/wp-content\/uploads\/2021\/10\/DICK-RAAIJMAKERS.jpg","datePublished":"2021-10-12T12:47:42+00:00","dateModified":"2021-11-09T15:26:39+00:00","breadcrumb":{"@id":"https:\/\/teslafm.net\/ones-de-crom-2\/#breadcrumb"},"inLanguage":"en-US","potentialAction":[{"@type":"ReadAction","target":["https:\/\/teslafm.net\/ones-de-crom-2\/"]}]},{"@type":"ImageObject","inLanguage":"en-US","@id":"https:\/\/teslafm.net\/ones-de-crom-2\/#primaryimage","url":"https:\/\/teslafm.net\/wp-content\/uploads\/2021\/10\/DICK-RAAIJMAKERS.jpg","contentUrl":"https:\/\/teslafm.net\/wp-content\/uploads\/2021\/10\/DICK-RAAIJMAKERS.jpg"},{"@type":"BreadcrumbList","@id":"https:\/\/teslafm.net\/ones-de-crom-2\/#breadcrumb","itemListElement":[{"@type":"ListItem","position":1,"name":"Portada","item":"https:\/\/teslafm.net\/"},{"@type":"ListItem","position":2,"name":"Ones de Crom #2"}]},{"@type":"WebSite","@id":"https:\/\/teslafm.net\/#website","url":"https:\/\/teslafm.net\/","name":"TeslaFM","description":"An experimental and creative radio","publisher":{"@id":"https:\/\/teslafm.net\/#organization"},"potentialAction":[{"@type":"SearchAction","target":{"@type":"EntryPoint","urlTemplate":"https:\/\/teslafm.net\/?s={search_term_string}"},"query-input":{"@type":"PropertyValueSpecification","valueRequired":true,"valueName":"search_term_string"}}],"inLanguage":"en-US"},{"@type":"Organization","@id":"https:\/\/teslafm.net\/#organization","name":"TeslaFM","url":"https:\/\/teslafm.net\/","logo":{"@type":"ImageObject","inLanguage":"en-US","@id":"https:\/\/teslafm.net\/#\/schema\/logo\/image\/","url":"https:\/\/teslafm.net\/wp-content\/uploads\/2020\/06\/logo-tesla.png","contentUrl":"https:\/\/teslafm.net\/wp-content\/uploads\/2020\/06\/logo-tesla.png","width":512,"height":512,"caption":"TeslaFM"},"image":{"@id":"https:\/\/teslafm.net\/#\/schema\/logo\/image\/"},"sameAs":["https:\/\/www.facebook.com\/teslafm.net","https:\/\/x.com\/teslafm"]}]}},"rttpg_featured_image_url":null,"rttpg_author":{"display_name":"Ishak","author_link":"https:\/\/teslafm.net\/en\/author\/cravan\/"},"rttpg_comment":0,"rttpg_category":null,"rttpg_excerpt":"Ones de Crom #2 Dick Raaijmakers \u00a0 Dick Raaijmakers 27 de febero 2007 Compositor, m\u00fasic experimental i inventor holand\u00e8s pioner de la m\u00fasica electr\u00f2nica. Tan com a DICK RAAIJMAKERS, o com a KID BALTAN, va mantenir la seva etapa m\u00e9s fruct\u00edfera entre 1957 i 1969. Dels seus collages amb cintes magnetof\u00f2niques i els seus editatges&hellip;","_links":{"self":[{"href":"https:\/\/teslafm.net\/en\/wp-json\/wp\/v2\/pages\/58896","targetHints":{"allow":["GET"]}}],"collection":[{"href":"https:\/\/teslafm.net\/en\/wp-json\/wp\/v2\/pages"}],"about":[{"href":"https:\/\/teslafm.net\/en\/wp-json\/wp\/v2\/types\/page"}],"author":[{"embeddable":true,"href":"https:\/\/teslafm.net\/en\/wp-json\/wp\/v2\/users\/19"}],"replies":[{"embeddable":true,"href":"https:\/\/teslafm.net\/en\/wp-json\/wp\/v2\/comments?post=58896"}],"version-history":[{"count":6,"href":"https:\/\/teslafm.net\/en\/wp-json\/wp\/v2\/pages\/58896\/revisions"}],"predecessor-version":[{"id":59063,"href":"https:\/\/teslafm.net\/en\/wp-json\/wp\/v2\/pages\/58896\/revisions\/59063"}],"wp:attachment":[{"href":"https:\/\/teslafm.net\/en\/wp-json\/wp\/v2\/media?parent=58896"}],"curies":[{"name":"wp","href":"https:\/\/api.w.org\/{rel}","templated":true}]}}