

{"id":58943,"date":"2021-10-21T16:11:03","date_gmt":"2021-10-21T14:11:03","guid":{"rendered":"https:\/\/teslafm.net\/?page_id=58943"},"modified":"2021-10-21T17:36:45","modified_gmt":"2021-10-21T15:36:45","slug":"luna-llena-17","status":"publish","type":"page","link":"https:\/\/teslafm.net\/en\/luna-llena-17\/","title":{"rendered":"Full Moon #17"},"content":{"rendered":"<div data-elementor-type=\"wp-page\" data-elementor-id=\"58943\" class=\"elementor elementor-58943\">\n\t\t\t\t\t\t<section class=\"elementor-section elementor-top-section elementor-element elementor-element-6bc71fc9 elementor-section-boxed elementor-section-height-default elementor-section-height-default\" data-id=\"6bc71fc9\" data-element_type=\"section\" data-e-type=\"section\">\n\t\t\t\t\t\t<div class=\"elementor-container elementor-column-gap-default\">\n\t\t\t\t\t<div class=\"elementor-column elementor-col-100 elementor-top-column elementor-element elementor-element-55f21815\" data-id=\"55f21815\" data-element_type=\"column\" data-e-type=\"column\">\n\t\t\t<div class=\"elementor-widget-wrap elementor-element-populated\">\n\t\t\t\t\t\t<div class=\"elementor-element elementor-element-78c61438 elementor-widget elementor-widget-text-editor\" data-id=\"78c61438\" data-element_type=\"widget\" data-e-type=\"widget\" data-widget_type=\"text-editor.default\">\n\t\t\t\t<div class=\"elementor-widget-container\">\n\t\t\t\t\t\t\t\t\t<h2><span style=\"color: #ffffff;\"><strong>Full Moon #17<\/strong><\/span><\/h2>\n<span style=\"color: #808080;\"><em>Mercury, sulfur and salt (alchemy)<\/em><\/span>\n\n<iframe src=\"https:\/\/www.mixcloud.com\/widget\/iframe\/?hide_cover=1&amp;feed=%2FTeslafm_net%2Fluna-llena-17-mercurio-azufre-y-sal-la-alquimia%2F\" width=\"100%\" height=\"120\" frameborder=\"0\"><\/iframe>\t\t\t\t\t\t\t\t<\/div>\n\t\t\t\t<\/div>\n\t\t\t\t\t<\/div>\n\t\t<\/div>\n\t\t\t\t\t<\/div>\n\t\t<\/section>\n\t\t\t\t<section class=\"elementor-section elementor-top-section elementor-element elementor-element-0ed8af2 elementor-section-boxed elementor-section-height-default elementor-section-height-default\" data-id=\"0ed8af2\" data-element_type=\"section\" data-e-type=\"section\">\n\t\t\t\t\t\t<div class=\"elementor-container elementor-column-gap-default\">\n\t\t\t\t\t<div class=\"elementor-column elementor-col-50 elementor-top-column elementor-element elementor-element-24b20ab\" data-id=\"24b20ab\" data-element_type=\"column\" data-e-type=\"column\">\n\t\t\t<div class=\"elementor-widget-wrap elementor-element-populated\">\n\t\t\t\t\t\t<div class=\"elementor-element elementor-element-e9d1f71 elementor-widget elementor-widget-image\" data-id=\"e9d1f71\" data-element_type=\"widget\" data-e-type=\"widget\" data-widget_type=\"image.default\">\n\t\t\t\t<div class=\"elementor-widget-container\">\n\t\t\t\t\t\t\t\t\t\t\t\t\t\t\t<img fetchpriority=\"high\" decoding=\"async\" width=\"300\" height=\"463\" src=\"https:\/\/teslafm.net\/wp-content\/uploads\/2021\/10\/4v24n07-13078230fig02.jpg\" class=\"attachment-large size-large wp-image-58948\" alt=\"\" srcset=\"https:\/\/teslafm.net\/wp-content\/uploads\/2021\/10\/4v24n07-13078230fig02.jpg 300w, https:\/\/teslafm.net\/wp-content\/uploads\/2021\/10\/4v24n07-13078230fig02-194x300.jpg 194w\" sizes=\"(max-width: 300px) 100vw, 300px\" \/>\t\t\t\t\t\t\t\t\t\t\t\t\t\t\t<\/div>\n\t\t\t\t<\/div>\n\t\t\t\t\t<\/div>\n\t\t<\/div>\n\t\t\t\t<div class=\"elementor-column elementor-col-50 elementor-top-column elementor-element elementor-element-b79e1f4\" data-id=\"b79e1f4\" data-element_type=\"column\" data-e-type=\"column\">\n\t\t\t<div class=\"elementor-widget-wrap elementor-element-populated\">\n\t\t\t\t\t\t<div class=\"elementor-element elementor-element-5285bf7 elementor-widget elementor-widget-text-editor\" data-id=\"5285bf7\" data-element_type=\"widget\" data-e-type=\"widget\" data-widget_type=\"text-editor.default\">\n\t\t\t\t<div class=\"elementor-widget-container\">\n\t\t\t\t\t\t\t\t\t<p><span style=\"color: #808080;\">Today we dedicate the full moon space to what was made up of the three basic principles, mercury, sulfur and salt, which was alchemy. Was alchemy a technical laboratory practice, or was it an esoteric discipline? Alchemy has been to create this piece between <strong>Johannes de Silentio<\/strong> and <strong>Ea7_dmZ<\/strong> for TeslaFM.<\/span><\/p><p><span style=\"color: #808080;\">Musical themes and sound recordings:<\/span><\/p><p><span style=\"color: #808080;\">01. William Thomas McKinley - Concerto for Clarinet No.3 The Alchemical I. Nigredo Dirge<\/span><br \/><span style=\"color: #808080;\">02. La Rossignol - Ars Magica. Sonetto alchemico<\/span><br \/><span style=\"color: #808080;\">03. What is Alchemy?<\/span><br \/><span style=\"color: #808080;\">04. Seth Osburn - Seven. Calcination<\/span><br \/><span style=\"color: #808080;\">05. Seth Osburn - Seven. Dissolution<\/span><br \/><span style=\"color: #808080;\">06. Michaelis Maieri - Atalanta Fugiens. Fugue I. Portavit eum ventus in ventre suo<\/span><br \/><span style=\"color: #808080;\">07. Michaelis Maieri - Atalanta Fugiens. Fugue II. Nutrix ejus terra est<\/span><br \/><span style=\"color: #808080;\">08. Alchemy, Magic or Science Documentary<\/span><br \/><span style=\"color: #808080;\">09. William Thomas McKinley - Concerto for Clarinet No.3 The Alchemical IV. Rubedo Scherzo diabolico<\/span><br \/><span style=\"color: #808080;\">10. Co\u00e0gul - La Roda de la Just\u00edcia - Purgatori<\/span><br \/><span style=\"color: #808080;\">11. Manly P. Hall - Alchemy as a key to social regeneration<\/span><br \/><span style=\"color: #808080;\">12. Terry Riley - Litany for the whale<\/span><br \/><span style=\"color: #808080;\">13. Michaelis Maieri - Atalanta Fugiens. Fugues I-XXIV<\/span><\/p>\t\t\t\t\t\t\t\t<\/div>\n\t\t\t\t<\/div>\n\t\t\t\t\t<\/div>\n\t\t<\/div>\n\t\t\t\t\t<\/div>\n\t\t<\/section>\n\t\t\t\t<\/div>","protected":false},"excerpt":{"rendered":"<p>Luna llena #17 Mercurio, azufre y sal (la alquimia) Hoy dedicamos el espacio de luna llena a lo que se conformaba por los tres principios b\u00e1sicos, el mercurio, el azufre y la sal, que era la alquimia. La alquimia, era una pr\u00e1ctica t\u00e9cnica de laboratorio, o era una disciplina esot\u00e9rica? Alqu\u00edmico ha sido crear esta [&hellip;]<\/p>\n","protected":false},"author":19,"featured_media":0,"parent":0,"menu_order":0,"comment_status":"closed","ping_status":"closed","template":"","meta":{"footnotes":""},"class_list":["post-58943","page","type-page","status-publish","hentry"],"yoast_head":"<!-- This site is optimized with the Yoast SEO plugin v27.2 - https:\/\/yoast.com\/product\/yoast-seo-wordpress\/ -->\n<title>Luna llena #17 -<\/title>\n<meta name=\"robots\" content=\"index, follow, max-snippet:-1, max-image-preview:large, max-video-preview:-1\" \/>\n<link rel=\"canonical\" href=\"https:\/\/teslafm.net\/en\/luna-llena-17\/\" \/>\n<meta property=\"og:locale\" content=\"en_US\" \/>\n<meta property=\"og:type\" content=\"article\" \/>\n<meta property=\"og:title\" content=\"Luna llena #17 -\" \/>\n<meta property=\"og:description\" content=\"Luna llena #17 Mercurio, azufre y sal (la alquimia) Hoy dedicamos el espacio de luna llena a lo que se conformaba por los tres principios b\u00e1sicos, el mercurio, el azufre y la sal, que era la alquimia. La alquimia, era una pr\u00e1ctica t\u00e9cnica de laboratorio, o era una disciplina esot\u00e9rica? Alqu\u00edmico ha sido crear esta [&hellip;]\" \/>\n<meta property=\"og:url\" content=\"https:\/\/teslafm.net\/en\/luna-llena-17\/\" \/>\n<meta property=\"article:publisher\" content=\"https:\/\/www.facebook.com\/teslafm.net\" \/>\n<meta property=\"article:modified_time\" content=\"2021-10-21T15:36:45+00:00\" \/>\n<meta property=\"og:image\" content=\"https:\/\/teslafm.net\/wp-content\/uploads\/2021\/10\/4v24n07-13078230fig02.jpg\" \/>\n<meta name=\"twitter:card\" content=\"summary_large_image\" \/>\n<meta name=\"twitter:site\" content=\"@teslafm\" \/>\n<meta name=\"twitter:label1\" content=\"Est. reading time\" \/>\n\t<meta name=\"twitter:data1\" content=\"1 minute\" \/>\n<script type=\"application\/ld+json\" class=\"yoast-schema-graph\">{\"@context\":\"https:\/\/schema.org\",\"@graph\":[{\"@type\":\"WebPage\",\"@id\":\"https:\/\/teslafm.net\/luna-llena-17\/\",\"url\":\"https:\/\/teslafm.net\/luna-llena-17\/\",\"name\":\"Luna llena #17 -\",\"isPartOf\":{\"@id\":\"https:\/\/teslafm.net\/#website\"},\"primaryImageOfPage\":{\"@id\":\"https:\/\/teslafm.net\/luna-llena-17\/#primaryimage\"},\"image\":{\"@id\":\"https:\/\/teslafm.net\/luna-llena-17\/#primaryimage\"},\"thumbnailUrl\":\"https:\/\/teslafm.net\/wp-content\/uploads\/2021\/10\/4v24n07-13078230fig02.jpg\",\"datePublished\":\"2021-10-21T14:11:03+00:00\",\"dateModified\":\"2021-10-21T15:36:45+00:00\",\"breadcrumb\":{\"@id\":\"https:\/\/teslafm.net\/luna-llena-17\/#breadcrumb\"},\"inLanguage\":\"en-US\",\"potentialAction\":[{\"@type\":\"ReadAction\",\"target\":[\"https:\/\/teslafm.net\/luna-llena-17\/\"]}]},{\"@type\":\"ImageObject\",\"inLanguage\":\"en-US\",\"@id\":\"https:\/\/teslafm.net\/luna-llena-17\/#primaryimage\",\"url\":\"https:\/\/teslafm.net\/wp-content\/uploads\/2021\/10\/4v24n07-13078230fig02.jpg\",\"contentUrl\":\"https:\/\/teslafm.net\/wp-content\/uploads\/2021\/10\/4v24n07-13078230fig02.jpg\"},{\"@type\":\"BreadcrumbList\",\"@id\":\"https:\/\/teslafm.net\/luna-llena-17\/#breadcrumb\",\"itemListElement\":[{\"@type\":\"ListItem\",\"position\":1,\"name\":\"Portada\",\"item\":\"https:\/\/teslafm.net\/\"},{\"@type\":\"ListItem\",\"position\":2,\"name\":\"Luna llena #17\"}]},{\"@type\":\"WebSite\",\"@id\":\"https:\/\/teslafm.net\/#website\",\"url\":\"https:\/\/teslafm.net\/\",\"name\":\"TeslaFM\",\"description\":\"An experimental and creative radio\",\"publisher\":{\"@id\":\"https:\/\/teslafm.net\/#organization\"},\"potentialAction\":[{\"@type\":\"SearchAction\",\"target\":{\"@type\":\"EntryPoint\",\"urlTemplate\":\"https:\/\/teslafm.net\/?s={search_term_string}\"},\"query-input\":{\"@type\":\"PropertyValueSpecification\",\"valueRequired\":true,\"valueName\":\"search_term_string\"}}],\"inLanguage\":\"en-US\"},{\"@type\":\"Organization\",\"@id\":\"https:\/\/teslafm.net\/#organization\",\"name\":\"TeslaFM\",\"url\":\"https:\/\/teslafm.net\/\",\"logo\":{\"@type\":\"ImageObject\",\"inLanguage\":\"en-US\",\"@id\":\"https:\/\/teslafm.net\/#\/schema\/logo\/image\/\",\"url\":\"https:\/\/teslafm.net\/wp-content\/uploads\/2020\/06\/logo-tesla.png\",\"contentUrl\":\"https:\/\/teslafm.net\/wp-content\/uploads\/2020\/06\/logo-tesla.png\",\"width\":512,\"height\":512,\"caption\":\"TeslaFM\"},\"image\":{\"@id\":\"https:\/\/teslafm.net\/#\/schema\/logo\/image\/\"},\"sameAs\":[\"https:\/\/www.facebook.com\/teslafm.net\",\"https:\/\/x.com\/teslafm\"]}]}<\/script>\n<!-- \/ Yoast SEO plugin. -->","yoast_head_json":{"title":"Full Moon #17 -","robots":{"index":"index","follow":"follow","max-snippet":"max-snippet:-1","max-image-preview":"max-image-preview:large","max-video-preview":"max-video-preview:-1"},"canonical":"https:\/\/teslafm.net\/en\/luna-llena-17\/","og_locale":"en_US","og_type":"article","og_title":"Luna llena #17 -","og_description":"Luna llena #17 Mercurio, azufre y sal (la alquimia) Hoy dedicamos el espacio de luna llena a lo que se conformaba por los tres principios b\u00e1sicos, el mercurio, el azufre y la sal, que era la alquimia. La alquimia, era una pr\u00e1ctica t\u00e9cnica de laboratorio, o era una disciplina esot\u00e9rica? Alqu\u00edmico ha sido crear esta [&hellip;]","og_url":"https:\/\/teslafm.net\/en\/luna-llena-17\/","article_publisher":"https:\/\/www.facebook.com\/teslafm.net","article_modified_time":"2021-10-21T15:36:45+00:00","og_image":[{"url":"https:\/\/teslafm.net\/wp-content\/uploads\/2021\/10\/4v24n07-13078230fig02.jpg","type":"","width":"","height":""}],"twitter_card":"summary_large_image","twitter_site":"@teslafm","twitter_misc":{"Est. reading time":"1 minute"},"schema":{"@context":"https:\/\/schema.org","@graph":[{"@type":"WebPage","@id":"https:\/\/teslafm.net\/luna-llena-17\/","url":"https:\/\/teslafm.net\/luna-llena-17\/","name":"Full Moon #17 -","isPartOf":{"@id":"https:\/\/teslafm.net\/#website"},"primaryImageOfPage":{"@id":"https:\/\/teslafm.net\/luna-llena-17\/#primaryimage"},"image":{"@id":"https:\/\/teslafm.net\/luna-llena-17\/#primaryimage"},"thumbnailUrl":"https:\/\/teslafm.net\/wp-content\/uploads\/2021\/10\/4v24n07-13078230fig02.jpg","datePublished":"2021-10-21T14:11:03+00:00","dateModified":"2021-10-21T15:36:45+00:00","breadcrumb":{"@id":"https:\/\/teslafm.net\/luna-llena-17\/#breadcrumb"},"inLanguage":"en-US","potentialAction":[{"@type":"ReadAction","target":["https:\/\/teslafm.net\/luna-llena-17\/"]}]},{"@type":"ImageObject","inLanguage":"en-US","@id":"https:\/\/teslafm.net\/luna-llena-17\/#primaryimage","url":"https:\/\/teslafm.net\/wp-content\/uploads\/2021\/10\/4v24n07-13078230fig02.jpg","contentUrl":"https:\/\/teslafm.net\/wp-content\/uploads\/2021\/10\/4v24n07-13078230fig02.jpg"},{"@type":"BreadcrumbList","@id":"https:\/\/teslafm.net\/luna-llena-17\/#breadcrumb","itemListElement":[{"@type":"ListItem","position":1,"name":"Portada","item":"https:\/\/teslafm.net\/"},{"@type":"ListItem","position":2,"name":"Luna llena #17"}]},{"@type":"WebSite","@id":"https:\/\/teslafm.net\/#website","url":"https:\/\/teslafm.net\/","name":"TeslaFM","description":"An experimental and creative radio","publisher":{"@id":"https:\/\/teslafm.net\/#organization"},"potentialAction":[{"@type":"SearchAction","target":{"@type":"EntryPoint","urlTemplate":"https:\/\/teslafm.net\/?s={search_term_string}"},"query-input":{"@type":"PropertyValueSpecification","valueRequired":true,"valueName":"search_term_string"}}],"inLanguage":"en-US"},{"@type":"Organization","@id":"https:\/\/teslafm.net\/#organization","name":"TeslaFM","url":"https:\/\/teslafm.net\/","logo":{"@type":"ImageObject","inLanguage":"en-US","@id":"https:\/\/teslafm.net\/#\/schema\/logo\/image\/","url":"https:\/\/teslafm.net\/wp-content\/uploads\/2020\/06\/logo-tesla.png","contentUrl":"https:\/\/teslafm.net\/wp-content\/uploads\/2020\/06\/logo-tesla.png","width":512,"height":512,"caption":"TeslaFM"},"image":{"@id":"https:\/\/teslafm.net\/#\/schema\/logo\/image\/"},"sameAs":["https:\/\/www.facebook.com\/teslafm.net","https:\/\/x.com\/teslafm"]}]}},"rttpg_featured_image_url":null,"rttpg_author":{"display_name":"Ishak","author_link":"https:\/\/teslafm.net\/en\/author\/cravan\/"},"rttpg_comment":0,"rttpg_category":null,"rttpg_excerpt":"Luna llena #17 Mercurio, azufre y sal (la alquimia) Hoy dedicamos el espacio de luna llena a lo que se conformaba por los tres principios b\u00e1sicos, el mercurio, el azufre y la sal, que era la alquimia. La alquimia, era una pr\u00e1ctica t\u00e9cnica de laboratorio, o era una disciplina esot\u00e9rica? Alqu\u00edmico ha sido crear esta&hellip;","_links":{"self":[{"href":"https:\/\/teslafm.net\/en\/wp-json\/wp\/v2\/pages\/58943","targetHints":{"allow":["GET"]}}],"collection":[{"href":"https:\/\/teslafm.net\/en\/wp-json\/wp\/v2\/pages"}],"about":[{"href":"https:\/\/teslafm.net\/en\/wp-json\/wp\/v2\/types\/page"}],"author":[{"embeddable":true,"href":"https:\/\/teslafm.net\/en\/wp-json\/wp\/v2\/users\/19"}],"replies":[{"embeddable":true,"href":"https:\/\/teslafm.net\/en\/wp-json\/wp\/v2\/comments?post=58943"}],"version-history":[{"count":5,"href":"https:\/\/teslafm.net\/en\/wp-json\/wp\/v2\/pages\/58943\/revisions"}],"predecessor-version":[{"id":58951,"href":"https:\/\/teslafm.net\/en\/wp-json\/wp\/v2\/pages\/58943\/revisions\/58951"}],"wp:attachment":[{"href":"https:\/\/teslafm.net\/en\/wp-json\/wp\/v2\/media?parent=58943"}],"curies":[{"name":"wp","href":"https:\/\/api.w.org\/{rel}","templated":true}]}}