

{"id":58996,"date":"2021-10-26T16:44:58","date_gmt":"2021-10-26T14:44:58","guid":{"rendered":"https:\/\/teslafm.net\/?page_id=58996"},"modified":"2021-10-26T16:53:55","modified_gmt":"2021-10-26T14:53:55","slug":"maracalab-7","status":"publish","type":"page","link":"https:\/\/teslafm.net\/en\/maracalab-7\/","title":{"rendered":"MaracaLab #7"},"content":{"rendered":"<h2><span style=\"color: #ffffff;\"><strong>MaracaLab #7<\/strong><\/span><\/h2>\n<p><span style=\"color: #808080;\"><em>October 2021<\/em><\/span><\/p>\n<p><iframe src=\"https:\/\/www.mixcloud.com\/widget\/iframe\/?hide_cover=1&amp;feed=%2FTeslafm_net%2Fmaracalab-7-frud%C3%A0-merino-pou%2F\" width=\"100%\" height=\"120\" frameborder=\"0\"><\/iframe><\/p>\n<p><span style=\"color: #808080;\"><strong>Celobert<\/strong><\/span><\/p>\n<p><span style=\"color: #808080;\">A new neural connection between electronic music and thought.<strong> Celobert<\/strong> is a conference of experimental and avant-garde electronic music, in confluence with other arts, and open to different audiences. Born in Barcelona and currently held in a cultural civic center with the intention of discovering new artistic expressions within a very open audiovisual concept, where music, video, photography, painting, sculpture, poetry, among other disciplines, converge to create these new neural connections. This program contains audios from the 2021 edition of Celobert.<\/span><br \/>\n<span style=\"color: #808080;\">They speak: <strong>Anna Bast\u00e9<\/strong> (Photosynthesis), <strong>Diego Cadierno<\/strong> (Promising \/ Youngster), <strong>Esperanza Camacho<\/strong> (Pelacha), <strong>Isabel Guindal<\/strong>, <strong>Kevin Sanchez<\/strong> and <strong>Sergi Navarro<\/strong>.<\/span><\/p>","protected":false},"excerpt":{"rendered":"<p>MaracaLab #7 Octubre 2021 Celobert Una nueva conexi\u00f3n neuronal entre la m\u00fasica electr\u00f3nica y el pensamiento. Celobert son unas jornadas de m\u00fasica electr\u00f3nica experimental y de vanguardia, en confluencia con otras artes, y que est\u00e1n abiertas a diferentes p\u00fablicos. Nace en Barcelona y actualmente se celebra en un centro c\u00edvico cultural con la intenci\u00f3n de [&hellip;]<\/p>\n","protected":false},"author":19,"featured_media":0,"parent":0,"menu_order":0,"comment_status":"closed","ping_status":"closed","template":"","meta":{"footnotes":""},"class_list":["post-58996","page","type-page","status-publish","hentry"],"yoast_head":"<!-- This site is optimized with the Yoast SEO plugin v27.4 - https:\/\/yoast.com\/product\/yoast-seo-wordpress\/ -->\n<title>MaracaLab #7 -<\/title>\n<meta name=\"robots\" content=\"index, follow, max-snippet:-1, max-image-preview:large, max-video-preview:-1\" \/>\n<link rel=\"canonical\" href=\"https:\/\/teslafm.net\/en\/maracalab-7\/\" \/>\n<meta property=\"og:locale\" content=\"en_US\" \/>\n<meta property=\"og:type\" content=\"article\" \/>\n<meta property=\"og:title\" content=\"MaracaLab #7 -\" \/>\n<meta property=\"og:description\" content=\"MaracaLab #7 Octubre 2021 Celobert Una nueva conexi\u00f3n neuronal entre la m\u00fasica electr\u00f3nica y el pensamiento. Celobert son unas jornadas de m\u00fasica electr\u00f3nica experimental y de vanguardia, en confluencia con otras artes, y que est\u00e1n abiertas a diferentes p\u00fablicos. Nace en Barcelona y actualmente se celebra en un centro c\u00edvico cultural con la intenci\u00f3n de [&hellip;]\" \/>\n<meta property=\"og:url\" content=\"https:\/\/teslafm.net\/en\/maracalab-7\/\" \/>\n<meta property=\"article:publisher\" content=\"https:\/\/www.facebook.com\/teslafm.net\" \/>\n<meta property=\"article:modified_time\" content=\"2021-10-26T14:53:55+00:00\" \/>\n<meta property=\"og:image\" content=\"https:\/\/teslafm.net\/wp-content\/uploads\/2022\/09\/header-image-4-temp.png\" \/>\n\t<meta property=\"og:image:width\" content=\"1274\" \/>\n\t<meta property=\"og:image:height\" content=\"818\" \/>\n\t<meta property=\"og:image:type\" content=\"image\/png\" \/>\n<meta name=\"twitter:card\" content=\"summary_large_image\" \/>\n<meta name=\"twitter:site\" content=\"@teslafm\" \/>\n<meta name=\"twitter:label1\" content=\"Est. reading time\" \/>\n\t<meta name=\"twitter:data1\" content=\"1 minute\" \/>\n<script type=\"application\/ld+json\" class=\"yoast-schema-graph\">{\"@context\":\"https:\\\/\\\/schema.org\",\"@graph\":[{\"@type\":\"WebPage\",\"@id\":\"https:\\\/\\\/teslafm.net\\\/maracalab-7\\\/\",\"url\":\"https:\\\/\\\/teslafm.net\\\/maracalab-7\\\/\",\"name\":\"MaracaLab #7 -\",\"isPartOf\":{\"@id\":\"https:\\\/\\\/teslafm.net\\\/#website\"},\"datePublished\":\"2021-10-26T14:44:58+00:00\",\"dateModified\":\"2021-10-26T14:53:55+00:00\",\"breadcrumb\":{\"@id\":\"https:\\\/\\\/teslafm.net\\\/maracalab-7\\\/#breadcrumb\"},\"inLanguage\":\"en-US\",\"potentialAction\":[{\"@type\":\"ReadAction\",\"target\":[\"https:\\\/\\\/teslafm.net\\\/maracalab-7\\\/\"]}]},{\"@type\":\"BreadcrumbList\",\"@id\":\"https:\\\/\\\/teslafm.net\\\/maracalab-7\\\/#breadcrumb\",\"itemListElement\":[{\"@type\":\"ListItem\",\"position\":1,\"name\":\"Portada\",\"item\":\"https:\\\/\\\/teslafm.net\\\/\"},{\"@type\":\"ListItem\",\"position\":2,\"name\":\"MaracaLab #7\"}]},{\"@type\":\"WebSite\",\"@id\":\"https:\\\/\\\/teslafm.net\\\/#website\",\"url\":\"https:\\\/\\\/teslafm.net\\\/\",\"name\":\"TeslaFM\",\"description\":\"An experimental and creative radio\",\"publisher\":{\"@id\":\"https:\\\/\\\/teslafm.net\\\/#organization\"},\"potentialAction\":[{\"@type\":\"SearchAction\",\"target\":{\"@type\":\"EntryPoint\",\"urlTemplate\":\"https:\\\/\\\/teslafm.net\\\/?s={search_term_string}\"},\"query-input\":{\"@type\":\"PropertyValueSpecification\",\"valueRequired\":true,\"valueName\":\"search_term_string\"}}],\"inLanguage\":\"en-US\"},{\"@type\":\"Organization\",\"@id\":\"https:\\\/\\\/teslafm.net\\\/#organization\",\"name\":\"TeslaFM\",\"url\":\"https:\\\/\\\/teslafm.net\\\/\",\"logo\":{\"@type\":\"ImageObject\",\"inLanguage\":\"en-US\",\"@id\":\"https:\\\/\\\/teslafm.net\\\/#\\\/schema\\\/logo\\\/image\\\/\",\"url\":\"https:\\\/\\\/teslafm.net\\\/wp-content\\\/uploads\\\/2020\\\/06\\\/logo-tesla.png\",\"contentUrl\":\"https:\\\/\\\/teslafm.net\\\/wp-content\\\/uploads\\\/2020\\\/06\\\/logo-tesla.png\",\"width\":512,\"height\":512,\"caption\":\"TeslaFM\"},\"image\":{\"@id\":\"https:\\\/\\\/teslafm.net\\\/#\\\/schema\\\/logo\\\/image\\\/\"},\"sameAs\":[\"https:\\\/\\\/www.facebook.com\\\/teslafm.net\",\"https:\\\/\\\/x.com\\\/teslafm\"]}]}<\/script>\n<!-- \/ Yoast SEO plugin. -->","yoast_head_json":{"title":"MaracaLab #7 -","robots":{"index":"index","follow":"follow","max-snippet":"max-snippet:-1","max-image-preview":"max-image-preview:large","max-video-preview":"max-video-preview:-1"},"canonical":"https:\/\/teslafm.net\/en\/maracalab-7\/","og_locale":"en_US","og_type":"article","og_title":"MaracaLab #7 -","og_description":"MaracaLab #7 Octubre 2021 Celobert Una nueva conexi\u00f3n neuronal entre la m\u00fasica electr\u00f3nica y el pensamiento. Celobert son unas jornadas de m\u00fasica electr\u00f3nica experimental y de vanguardia, en confluencia con otras artes, y que est\u00e1n abiertas a diferentes p\u00fablicos. Nace en Barcelona y actualmente se celebra en un centro c\u00edvico cultural con la intenci\u00f3n de [&hellip;]","og_url":"https:\/\/teslafm.net\/en\/maracalab-7\/","article_publisher":"https:\/\/www.facebook.com\/teslafm.net","article_modified_time":"2021-10-26T14:53:55+00:00","og_image":[{"width":1274,"height":818,"url":"https:\/\/teslafm.net\/wp-content\/uploads\/2022\/09\/header-image-4-temp.png","type":"image\/png"}],"twitter_card":"summary_large_image","twitter_site":"@teslafm","twitter_misc":{"Est. reading time":"1 minute"},"schema":{"@context":"https:\/\/schema.org","@graph":[{"@type":"WebPage","@id":"https:\/\/teslafm.net\/maracalab-7\/","url":"https:\/\/teslafm.net\/maracalab-7\/","name":"MaracaLab #7 -","isPartOf":{"@id":"https:\/\/teslafm.net\/#website"},"datePublished":"2021-10-26T14:44:58+00:00","dateModified":"2021-10-26T14:53:55+00:00","breadcrumb":{"@id":"https:\/\/teslafm.net\/maracalab-7\/#breadcrumb"},"inLanguage":"en-US","potentialAction":[{"@type":"ReadAction","target":["https:\/\/teslafm.net\/maracalab-7\/"]}]},{"@type":"BreadcrumbList","@id":"https:\/\/teslafm.net\/maracalab-7\/#breadcrumb","itemListElement":[{"@type":"ListItem","position":1,"name":"Portada","item":"https:\/\/teslafm.net\/"},{"@type":"ListItem","position":2,"name":"MaracaLab #7"}]},{"@type":"WebSite","@id":"https:\/\/teslafm.net\/#website","url":"https:\/\/teslafm.net\/","name":"TeslaFM","description":"An experimental and creative radio","publisher":{"@id":"https:\/\/teslafm.net\/#organization"},"potentialAction":[{"@type":"SearchAction","target":{"@type":"EntryPoint","urlTemplate":"https:\/\/teslafm.net\/?s={search_term_string}"},"query-input":{"@type":"PropertyValueSpecification","valueRequired":true,"valueName":"search_term_string"}}],"inLanguage":"en-US"},{"@type":"Organization","@id":"https:\/\/teslafm.net\/#organization","name":"TeslaFM","url":"https:\/\/teslafm.net\/","logo":{"@type":"ImageObject","inLanguage":"en-US","@id":"https:\/\/teslafm.net\/#\/schema\/logo\/image\/","url":"https:\/\/teslafm.net\/wp-content\/uploads\/2020\/06\/logo-tesla.png","contentUrl":"https:\/\/teslafm.net\/wp-content\/uploads\/2020\/06\/logo-tesla.png","width":512,"height":512,"caption":"TeslaFM"},"image":{"@id":"https:\/\/teslafm.net\/#\/schema\/logo\/image\/"},"sameAs":["https:\/\/www.facebook.com\/teslafm.net","https:\/\/x.com\/teslafm"]}]}},"rttpg_featured_image_url":null,"rttpg_author":{"display_name":"Ishak","author_link":"https:\/\/teslafm.net\/en\/author\/cravan\/"},"rttpg_comment":0,"rttpg_category":null,"rttpg_excerpt":"MaracaLab #7 Octubre 2021 Celobert Una nueva conexi\u00f3n neuronal entre la m\u00fasica electr\u00f3nica y el pensamiento. Celobert son unas jornadas de m\u00fasica electr\u00f3nica experimental y de vanguardia, en confluencia con otras artes, y que est\u00e1n abiertas a diferentes p\u00fablicos. Nace en Barcelona y actualmente se celebra en un centro c\u00edvico cultural con la intenci\u00f3n de&hellip;","_links":{"self":[{"href":"https:\/\/teslafm.net\/en\/wp-json\/wp\/v2\/pages\/58996","targetHints":{"allow":["GET"]}}],"collection":[{"href":"https:\/\/teslafm.net\/en\/wp-json\/wp\/v2\/pages"}],"about":[{"href":"https:\/\/teslafm.net\/en\/wp-json\/wp\/v2\/types\/page"}],"author":[{"embeddable":true,"href":"https:\/\/teslafm.net\/en\/wp-json\/wp\/v2\/users\/19"}],"replies":[{"embeddable":true,"href":"https:\/\/teslafm.net\/en\/wp-json\/wp\/v2\/comments?post=58996"}],"version-history":[{"count":3,"href":"https:\/\/teslafm.net\/en\/wp-json\/wp\/v2\/pages\/58996\/revisions"}],"predecessor-version":[{"id":59002,"href":"https:\/\/teslafm.net\/en\/wp-json\/wp\/v2\/pages\/58996\/revisions\/59002"}],"wp:attachment":[{"href":"https:\/\/teslafm.net\/en\/wp-json\/wp\/v2\/media?parent=58996"}],"curies":[{"name":"wp","href":"https:\/\/api.w.org\/{rel}","templated":true}]}}