

{"id":59004,"date":"2021-10-27T15:15:21","date_gmt":"2021-10-27T13:15:21","guid":{"rendered":"https:\/\/teslafm.net\/?page_id=59004"},"modified":"2021-10-27T15:38:40","modified_gmt":"2021-10-27T13:38:40","slug":"digital-entropy-11","status":"publish","type":"page","link":"https:\/\/teslafm.net\/en\/digital-entropy-11\/","title":{"rendered":"Digital Entropy #11"},"content":{"rendered":"<div data-elementor-type=\"wp-page\" data-elementor-id=\"59004\" class=\"elementor elementor-59004\">\n\t\t\t\t\t\t<section class=\"elementor-section elementor-top-section elementor-element elementor-element-54f65f45 elementor-section-boxed elementor-section-height-default elementor-section-height-default\" data-id=\"54f65f45\" data-element_type=\"section\" data-e-type=\"section\">\n\t\t\t\t\t\t<div class=\"elementor-container elementor-column-gap-default\">\n\t\t\t\t\t<div class=\"elementor-column elementor-col-100 elementor-top-column elementor-element elementor-element-6df6935d\" data-id=\"6df6935d\" data-element_type=\"column\" data-e-type=\"column\">\n\t\t\t<div class=\"elementor-widget-wrap elementor-element-populated\">\n\t\t\t\t\t\t<div class=\"elementor-element elementor-element-59007001 elementor-widget elementor-widget-text-editor\" data-id=\"59007001\" data-element_type=\"widget\" data-e-type=\"widget\" data-widget_type=\"text-editor.default\">\n\t\t\t\t<div class=\"elementor-widget-container\">\n\t\t\t\t\t\t\t\t\t<h2><span style=\"color: #ffffff;\">Digital Entropy #11<\/span><\/h2><p><span style=\"color: #808080;\"><em>Listening with the Eyes - History of Sound Art in Spain, 1961-2016. Part One<\/em><\/span><\/p><p><iframe src=\"https:\/\/www.mixcloud.com\/widget\/iframe\/?hide_cover=1&amp;feed=%2FTeslafm_net%2Fdigital-entropy-11-nikka%2F\" width=\"100%\" height=\"120\" frameborder=\"0\"><\/iframe><\/p>\t\t\t\t\t\t\t\t<\/div>\n\t\t\t\t<\/div>\n\t\t\t\t\t<\/div>\n\t\t<\/div>\n\t\t\t\t\t<\/div>\n\t\t<\/section>\n\t\t\t\t<section class=\"elementor-section elementor-top-section elementor-element elementor-element-b9d8829 elementor-section-boxed elementor-section-height-default elementor-section-height-default\" data-id=\"b9d8829\" data-element_type=\"section\" data-e-type=\"section\">\n\t\t\t\t\t\t<div class=\"elementor-container elementor-column-gap-default\">\n\t\t\t\t\t<div class=\"elementor-column elementor-col-50 elementor-top-column elementor-element elementor-element-7aeeb50\" data-id=\"7aeeb50\" data-element_type=\"column\" data-e-type=\"column\">\n\t\t\t<div class=\"elementor-widget-wrap elementor-element-populated\">\n\t\t\t\t\t\t<div class=\"elementor-element elementor-element-719e4cb elementor-widget elementor-widget-image\" data-id=\"719e4cb\" data-element_type=\"widget\" data-e-type=\"widget\" data-widget_type=\"image.default\">\n\t\t\t\t<div class=\"elementor-widget-container\">\n\t\t\t\t\t\t\t\t\t\t\t\t\t\t\t<img fetchpriority=\"high\" decoding=\"async\" width=\"815\" height=\"1000\" src=\"https:\/\/teslafm.net\/wp-content\/uploads\/2021\/10\/escuchar.png\" class=\"attachment-large size-large wp-image-59007\" alt=\"\" srcset=\"https:\/\/teslafm.net\/wp-content\/uploads\/2021\/10\/escuchar.png 815w, https:\/\/teslafm.net\/wp-content\/uploads\/2021\/10\/escuchar-245x300.png 245w, https:\/\/teslafm.net\/wp-content\/uploads\/2021\/10\/escuchar-768x942.png 768w\" sizes=\"(max-width: 815px) 100vw, 815px\" \/>\t\t\t\t\t\t\t\t\t\t\t\t\t\t\t<\/div>\n\t\t\t\t<\/div>\n\t\t\t\t\t<\/div>\n\t\t<\/div>\n\t\t\t\t<div class=\"elementor-column elementor-col-50 elementor-top-column elementor-element elementor-element-6dcded4\" data-id=\"6dcded4\" data-element_type=\"column\" data-e-type=\"column\">\n\t\t\t<div class=\"elementor-widget-wrap elementor-element-populated\">\n\t\t\t\t\t\t<div class=\"elementor-element elementor-element-6418f99 elementor-widget elementor-widget-text-editor\" data-id=\"6418f99\" data-element_type=\"widget\" data-e-type=\"widget\" data-widget_type=\"text-editor.default\">\n\t\t\t\t<div class=\"elementor-widget-container\">\n\t\t\t\t\t\t\t\t\t<p lang=\"es-ES-u-co-trad\"><span style=\"color: #808080;\">Sound Art Podcast dedicated to the Exhibition <strong>\"Listening with the eyes.\"<\/strong> which took place at the <strong>Joan March Foundation<\/strong>during 2016 in Madrid.<\/span><\/p><p lang=\"es-ES-u-co-trad\"><span style=\"color: #808080;\">The exhibition presented more than twenty sound installations and commissioned works, such as the sound pieces by <strong>Xabier Erkizia, Juanjo Palacios <\/strong>and <strong>Francisco L\u00f3pez.<\/strong><\/span><\/p><p lang=\"es-ES-u-co-trad\"><span style=\"color: #808080;\">The exhibition had to face the challenge of showing sound in spaces designed for visual contemplation.<\/span><\/p><p lang=\"es-ES-u-co-trad\"><span style=\"color: #808080;\">Listening with the eyes, is an exhibition dedicated to sound in contemporary art made in Spain in the last fifty years.<\/span><\/p><p><span style=\"color: #808080;\">Tracklist Part One:<\/span><\/p><p><span style=\"color: #808080;\">01. <strong>Manuel Calvo<\/strong> - The contraption, 1966.<\/span><br \/><span style=\"color: #808080;\">02.<strong> Carlos Cruz de Castro<\/strong> - Household goods, 1970.<\/span><br \/><span style=\"color: #808080;\">03. <strong>Luis de Pablo<\/strong> - We, 1970.<\/span><br \/><span style=\"color: #808080;\">04. <strong>Juan Hidalgo<\/strong> - Tamaran. 1974.<\/span><br \/><span style=\"color: #808080;\">05. <strong>Nacho Criado<\/strong> - Standard opinion, 1975.<\/span><br \/><span style=\"color: #808080;\">06. <strong>Miguel Angel Coria<\/strong> - En rouge et noir, 1976.<\/span><br \/><span style=\"color: #808080;\">07. <strong>Javier Maderuelo<\/strong> - Madrid Vivo, 1982.<\/span><br \/><span style=\"color: #808080;\">08. <strong>Luis Mesa<\/strong> - El Sue\u00f1o, 1985.<\/span><br \/><span style=\"color: #808080;\">09. <strong>Bruno Command <\/strong>and <strong>Avant Derni\u00e8res Pens\u00e9es<\/strong> - Worthless samples, 1986.<\/span><br \/><span style=\"color: #808080;\">10. <strong>Luis de Pablo<\/strong> - Interrupted solitude, 1973.<\/span><br \/><span style=\"color: #808080;\">11. <strong>John Crek<\/strong> - La lengua, 1986.<\/span><br \/><span style=\"color: #808080;\">12. <strong>Francisco Felipe<\/strong> - Anyoran\u00e7a, 1986.<\/span><br \/><span style=\"color: #808080;\">13. <strong>Anton Ignorant<\/strong> - C1, 1986.<\/span><br \/><span style=\"color: #808080;\">14. <strong>Francisco L\u00f3pez<\/strong> - Ephemeroptera, 1986.<\/span><br \/><span style=\"color: #808080;\">15. <strong>Mataparda<\/strong> - A loose pig and a small dog, 1986.<\/span><br \/><span style=\"color: #808080;\">16. <strong>Felix Menkar<\/strong> - Orthopoem, 1986.<\/span><br \/><span style=\"color: #808080;\">17. <strong>Victor Nubla<\/strong> - PRNN, 1986.<\/span><br \/><span style=\"color: #808080;\">18. <strong>Eduardo Polonio<\/strong> - Keplero, 1986.<\/span><br \/><span style=\"color: #808080;\">19. <strong>Jos\u00e9 Manuel L\u00f3pez L\u00f3pez<\/strong> - Le temps multiples, 1987.<\/span><\/p>\t\t\t\t\t\t\t\t<\/div>\n\t\t\t\t<\/div>\n\t\t\t\t\t<\/div>\n\t\t<\/div>\n\t\t\t\t\t<\/div>\n\t\t<\/section>\n\t\t\t\t<\/div>","protected":false},"excerpt":{"rendered":"<p>Digital Entropy #11 Escuchar con los Ojos \u2013 Historia del Arte Sonoro en Espa\u00f1a, 1961-2016. Primera Parte Podcast de Arte sonoro dedicado a la Exposici\u00f3n \u201cEscuchar con los ojos\u00bb que tuvo lugar en la Fundaci\u00f3n Joan March, durante 2016 en Madrid. La exposici\u00f3n presentaba m\u00e1s de una ventena de instalaciones sonoras y obras por encargo, [&hellip;]<\/p>\n","protected":false},"author":19,"featured_media":0,"parent":0,"menu_order":0,"comment_status":"closed","ping_status":"closed","template":"","meta":{"footnotes":""},"class_list":["post-59004","page","type-page","status-publish","hentry"],"yoast_head":"<!-- This site is optimized with the Yoast SEO plugin v27.2 - https:\/\/yoast.com\/product\/yoast-seo-wordpress\/ -->\n<title>Digital Entropy #11 -<\/title>\n<meta name=\"robots\" content=\"index, follow, max-snippet:-1, max-image-preview:large, max-video-preview:-1\" \/>\n<link rel=\"canonical\" href=\"https:\/\/teslafm.net\/en\/digital-entropy-11\/\" \/>\n<meta property=\"og:locale\" content=\"en_US\" \/>\n<meta property=\"og:type\" content=\"article\" \/>\n<meta property=\"og:title\" content=\"Digital Entropy #11 -\" \/>\n<meta property=\"og:description\" content=\"Digital Entropy #11 Escuchar con los Ojos \u2013 Historia del Arte Sonoro en Espa\u00f1a, 1961-2016. Primera Parte Podcast de Arte sonoro dedicado a la Exposici\u00f3n \u201cEscuchar con los ojos\u00bb que tuvo lugar en la Fundaci\u00f3n Joan March, durante 2016 en Madrid. La exposici\u00f3n presentaba m\u00e1s de una ventena de instalaciones sonoras y obras por encargo, [&hellip;]\" \/>\n<meta property=\"og:url\" content=\"https:\/\/teslafm.net\/en\/digital-entropy-11\/\" \/>\n<meta property=\"article:publisher\" content=\"https:\/\/www.facebook.com\/teslafm.net\" \/>\n<meta property=\"article:modified_time\" content=\"2021-10-27T13:38:40+00:00\" \/>\n<meta property=\"og:image\" content=\"https:\/\/teslafm.net\/wp-content\/uploads\/2021\/10\/escuchar.png\" \/>\n<meta name=\"twitter:card\" content=\"summary_large_image\" \/>\n<meta name=\"twitter:site\" content=\"@teslafm\" \/>\n<meta name=\"twitter:label1\" content=\"Est. reading time\" \/>\n\t<meta name=\"twitter:data1\" content=\"2 minutes\" \/>\n<script type=\"application\/ld+json\" class=\"yoast-schema-graph\">{\"@context\":\"https:\/\/schema.org\",\"@graph\":[{\"@type\":\"WebPage\",\"@id\":\"https:\/\/teslafm.net\/digital-entropy-11\/\",\"url\":\"https:\/\/teslafm.net\/digital-entropy-11\/\",\"name\":\"Digital Entropy #11 -\",\"isPartOf\":{\"@id\":\"https:\/\/teslafm.net\/#website\"},\"primaryImageOfPage\":{\"@id\":\"https:\/\/teslafm.net\/digital-entropy-11\/#primaryimage\"},\"image\":{\"@id\":\"https:\/\/teslafm.net\/digital-entropy-11\/#primaryimage\"},\"thumbnailUrl\":\"https:\/\/teslafm.net\/wp-content\/uploads\/2021\/10\/escuchar.png\",\"datePublished\":\"2021-10-27T13:15:21+00:00\",\"dateModified\":\"2021-10-27T13:38:40+00:00\",\"breadcrumb\":{\"@id\":\"https:\/\/teslafm.net\/digital-entropy-11\/#breadcrumb\"},\"inLanguage\":\"en-US\",\"potentialAction\":[{\"@type\":\"ReadAction\",\"target\":[\"https:\/\/teslafm.net\/digital-entropy-11\/\"]}]},{\"@type\":\"ImageObject\",\"inLanguage\":\"en-US\",\"@id\":\"https:\/\/teslafm.net\/digital-entropy-11\/#primaryimage\",\"url\":\"https:\/\/teslafm.net\/wp-content\/uploads\/2021\/10\/escuchar.png\",\"contentUrl\":\"https:\/\/teslafm.net\/wp-content\/uploads\/2021\/10\/escuchar.png\"},{\"@type\":\"BreadcrumbList\",\"@id\":\"https:\/\/teslafm.net\/digital-entropy-11\/#breadcrumb\",\"itemListElement\":[{\"@type\":\"ListItem\",\"position\":1,\"name\":\"Portada\",\"item\":\"https:\/\/teslafm.net\/\"},{\"@type\":\"ListItem\",\"position\":2,\"name\":\"Digital Entropy #11\"}]},{\"@type\":\"WebSite\",\"@id\":\"https:\/\/teslafm.net\/#website\",\"url\":\"https:\/\/teslafm.net\/\",\"name\":\"TeslaFM\",\"description\":\"An experimental and creative radio\",\"publisher\":{\"@id\":\"https:\/\/teslafm.net\/#organization\"},\"potentialAction\":[{\"@type\":\"SearchAction\",\"target\":{\"@type\":\"EntryPoint\",\"urlTemplate\":\"https:\/\/teslafm.net\/?s={search_term_string}\"},\"query-input\":{\"@type\":\"PropertyValueSpecification\",\"valueRequired\":true,\"valueName\":\"search_term_string\"}}],\"inLanguage\":\"en-US\"},{\"@type\":\"Organization\",\"@id\":\"https:\/\/teslafm.net\/#organization\",\"name\":\"TeslaFM\",\"url\":\"https:\/\/teslafm.net\/\",\"logo\":{\"@type\":\"ImageObject\",\"inLanguage\":\"en-US\",\"@id\":\"https:\/\/teslafm.net\/#\/schema\/logo\/image\/\",\"url\":\"https:\/\/teslafm.net\/wp-content\/uploads\/2020\/06\/logo-tesla.png\",\"contentUrl\":\"https:\/\/teslafm.net\/wp-content\/uploads\/2020\/06\/logo-tesla.png\",\"width\":512,\"height\":512,\"caption\":\"TeslaFM\"},\"image\":{\"@id\":\"https:\/\/teslafm.net\/#\/schema\/logo\/image\/\"},\"sameAs\":[\"https:\/\/www.facebook.com\/teslafm.net\",\"https:\/\/x.com\/teslafm\"]}]}<\/script>\n<!-- \/ Yoast SEO plugin. -->","yoast_head_json":{"title":"Digital Entropy #11 -","robots":{"index":"index","follow":"follow","max-snippet":"max-snippet:-1","max-image-preview":"max-image-preview:large","max-video-preview":"max-video-preview:-1"},"canonical":"https:\/\/teslafm.net\/en\/digital-entropy-11\/","og_locale":"en_US","og_type":"article","og_title":"Digital Entropy #11 -","og_description":"Digital Entropy #11 Escuchar con los Ojos \u2013 Historia del Arte Sonoro en Espa\u00f1a, 1961-2016. Primera Parte Podcast de Arte sonoro dedicado a la Exposici\u00f3n \u201cEscuchar con los ojos\u00bb que tuvo lugar en la Fundaci\u00f3n Joan March, durante 2016 en Madrid. La exposici\u00f3n presentaba m\u00e1s de una ventena de instalaciones sonoras y obras por encargo, [&hellip;]","og_url":"https:\/\/teslafm.net\/en\/digital-entropy-11\/","article_publisher":"https:\/\/www.facebook.com\/teslafm.net","article_modified_time":"2021-10-27T13:38:40+00:00","og_image":[{"url":"https:\/\/teslafm.net\/wp-content\/uploads\/2021\/10\/escuchar.png","type":"","width":"","height":""}],"twitter_card":"summary_large_image","twitter_site":"@teslafm","twitter_misc":{"Est. reading time":"2 minutes"},"schema":{"@context":"https:\/\/schema.org","@graph":[{"@type":"WebPage","@id":"https:\/\/teslafm.net\/digital-entropy-11\/","url":"https:\/\/teslafm.net\/digital-entropy-11\/","name":"Digital Entropy #11 -","isPartOf":{"@id":"https:\/\/teslafm.net\/#website"},"primaryImageOfPage":{"@id":"https:\/\/teslafm.net\/digital-entropy-11\/#primaryimage"},"image":{"@id":"https:\/\/teslafm.net\/digital-entropy-11\/#primaryimage"},"thumbnailUrl":"https:\/\/teslafm.net\/wp-content\/uploads\/2021\/10\/escuchar.png","datePublished":"2021-10-27T13:15:21+00:00","dateModified":"2021-10-27T13:38:40+00:00","breadcrumb":{"@id":"https:\/\/teslafm.net\/digital-entropy-11\/#breadcrumb"},"inLanguage":"en-US","potentialAction":[{"@type":"ReadAction","target":["https:\/\/teslafm.net\/digital-entropy-11\/"]}]},{"@type":"ImageObject","inLanguage":"en-US","@id":"https:\/\/teslafm.net\/digital-entropy-11\/#primaryimage","url":"https:\/\/teslafm.net\/wp-content\/uploads\/2021\/10\/escuchar.png","contentUrl":"https:\/\/teslafm.net\/wp-content\/uploads\/2021\/10\/escuchar.png"},{"@type":"BreadcrumbList","@id":"https:\/\/teslafm.net\/digital-entropy-11\/#breadcrumb","itemListElement":[{"@type":"ListItem","position":1,"name":"Portada","item":"https:\/\/teslafm.net\/"},{"@type":"ListItem","position":2,"name":"Digital Entropy #11"}]},{"@type":"WebSite","@id":"https:\/\/teslafm.net\/#website","url":"https:\/\/teslafm.net\/","name":"TeslaFM","description":"An experimental and creative radio","publisher":{"@id":"https:\/\/teslafm.net\/#organization"},"potentialAction":[{"@type":"SearchAction","target":{"@type":"EntryPoint","urlTemplate":"https:\/\/teslafm.net\/?s={search_term_string}"},"query-input":{"@type":"PropertyValueSpecification","valueRequired":true,"valueName":"search_term_string"}}],"inLanguage":"en-US"},{"@type":"Organization","@id":"https:\/\/teslafm.net\/#organization","name":"TeslaFM","url":"https:\/\/teslafm.net\/","logo":{"@type":"ImageObject","inLanguage":"en-US","@id":"https:\/\/teslafm.net\/#\/schema\/logo\/image\/","url":"https:\/\/teslafm.net\/wp-content\/uploads\/2020\/06\/logo-tesla.png","contentUrl":"https:\/\/teslafm.net\/wp-content\/uploads\/2020\/06\/logo-tesla.png","width":512,"height":512,"caption":"TeslaFM"},"image":{"@id":"https:\/\/teslafm.net\/#\/schema\/logo\/image\/"},"sameAs":["https:\/\/www.facebook.com\/teslafm.net","https:\/\/x.com\/teslafm"]}]}},"rttpg_featured_image_url":null,"rttpg_author":{"display_name":"Ishak","author_link":"https:\/\/teslafm.net\/en\/author\/cravan\/"},"rttpg_comment":0,"rttpg_category":null,"rttpg_excerpt":"Digital Entropy #11 Escuchar con los Ojos \u2013 Historia del Arte Sonoro en Espa\u00f1a, 1961-2016. Primera Parte Podcast de Arte sonoro dedicado a la Exposici\u00f3n \u201cEscuchar con los ojos\u00bb que tuvo lugar en la Fundaci\u00f3n Joan March, durante 2016 en Madrid. La exposici\u00f3n presentaba m\u00e1s de una ventena de instalaciones sonoras y obras por encargo,&hellip;","_links":{"self":[{"href":"https:\/\/teslafm.net\/en\/wp-json\/wp\/v2\/pages\/59004","targetHints":{"allow":["GET"]}}],"collection":[{"href":"https:\/\/teslafm.net\/en\/wp-json\/wp\/v2\/pages"}],"about":[{"href":"https:\/\/teslafm.net\/en\/wp-json\/wp\/v2\/types\/page"}],"author":[{"embeddable":true,"href":"https:\/\/teslafm.net\/en\/wp-json\/wp\/v2\/users\/19"}],"replies":[{"embeddable":true,"href":"https:\/\/teslafm.net\/en\/wp-json\/wp\/v2\/comments?post=59004"}],"version-history":[{"count":4,"href":"https:\/\/teslafm.net\/en\/wp-json\/wp\/v2\/pages\/59004\/revisions"}],"predecessor-version":[{"id":59010,"href":"https:\/\/teslafm.net\/en\/wp-json\/wp\/v2\/pages\/59004\/revisions\/59010"}],"wp:attachment":[{"href":"https:\/\/teslafm.net\/en\/wp-json\/wp\/v2\/media?parent=59004"}],"curies":[{"name":"wp","href":"https:\/\/api.w.org\/{rel}","templated":true}]}}