

{"id":59029,"date":"2021-11-03T14:27:06","date_gmt":"2021-11-03T13:27:06","guid":{"rendered":"https:\/\/teslafm.net\/?page_id=59029"},"modified":"2021-11-03T14:37:05","modified_gmt":"2021-11-03T13:37:05","slug":"teoria-incertidumbre-28","status":"publish","type":"page","link":"https:\/\/teslafm.net\/en\/teoria-incertidumbre-28\/","title":{"rendered":"Uncertainty Theory #28"},"content":{"rendered":"<div data-elementor-type=\"wp-page\" data-elementor-id=\"59029\" class=\"elementor elementor-59029\">\n\t\t\t\t\t\t<section class=\"elementor-section elementor-top-section elementor-element elementor-element-7fdce1b1 elementor-section-boxed elementor-section-height-default elementor-section-height-default\" data-id=\"7fdce1b1\" data-element_type=\"section\" data-e-type=\"section\">\n\t\t\t\t\t\t<div class=\"elementor-container elementor-column-gap-default\">\n\t\t\t\t\t<div class=\"elementor-column elementor-col-100 elementor-top-column elementor-element elementor-element-6e76429a\" data-id=\"6e76429a\" data-element_type=\"column\" data-e-type=\"column\">\n\t\t\t<div class=\"elementor-widget-wrap elementor-element-populated\">\n\t\t\t\t\t\t<div class=\"elementor-element elementor-element-4a51d1a4 elementor-widget elementor-widget-text-editor\" data-id=\"4a51d1a4\" data-element_type=\"widget\" data-e-type=\"widget\" data-widget_type=\"text-editor.default\">\n\t\t\t\t<div class=\"elementor-widget-container\">\n\t\t\t\t\t\t\t\t\t<h2><span style=\"color: #ffffff;\"><strong>Uncertainty Theory #28<\/strong><\/span><\/h2><p><span style=\"color: #808080;\"><em>About Gamelan (music ensemble format) and Gamelan records by Robert E. Brown plus music by Deep Space and Brian Eno.<\/em><\/span><\/p><p><iframe src=\"https:\/\/www.mixcloud.com\/widget\/iframe\/?hide_cover=1&amp;feed=%2FTeslafm_net%2Fteor%C3%ADa-incertidumbre-28-andrea-bravo%2F\" width=\"100%\" height=\"120\" frameborder=\"0\"><\/iframe><\/p>\t\t\t\t\t\t\t\t<\/div>\n\t\t\t\t<\/div>\n\t\t\t\t\t<\/div>\n\t\t<\/div>\n\t\t\t\t\t<\/div>\n\t\t<\/section>\n\t\t\t\t<section class=\"elementor-section elementor-top-section elementor-element elementor-element-d3cda07 elementor-section-boxed elementor-section-height-default elementor-section-height-default\" data-id=\"d3cda07\" data-element_type=\"section\" data-e-type=\"section\">\n\t\t\t\t\t\t<div class=\"elementor-container elementor-column-gap-default\">\n\t\t\t\t\t<div class=\"elementor-column elementor-col-50 elementor-top-column elementor-element elementor-element-9700825\" data-id=\"9700825\" data-element_type=\"column\" data-e-type=\"column\">\n\t\t\t<div class=\"elementor-widget-wrap elementor-element-populated\">\n\t\t\t\t\t\t<div class=\"elementor-element elementor-element-1864cc9 elementor-widget elementor-widget-image\" data-id=\"1864cc9\" data-element_type=\"widget\" data-e-type=\"widget\" data-widget_type=\"image.default\">\n\t\t\t\t<div class=\"elementor-widget-container\">\n\t\t\t\t\t\t\t\t\t\t\t\t\t\t\t<img fetchpriority=\"high\" decoding=\"async\" width=\"800\" height=\"600\" src=\"https:\/\/teslafm.net\/wp-content\/uploads\/2021\/11\/Gamelan.jpg\" class=\"attachment-large size-large wp-image-59032\" alt=\"\" srcset=\"https:\/\/teslafm.net\/wp-content\/uploads\/2021\/11\/Gamelan.jpg 800w, https:\/\/teslafm.net\/wp-content\/uploads\/2021\/11\/Gamelan-300x225.jpg 300w, https:\/\/teslafm.net\/wp-content\/uploads\/2021\/11\/Gamelan-768x576.jpg 768w\" sizes=\"(max-width: 800px) 100vw, 800px\" \/>\t\t\t\t\t\t\t\t\t\t\t\t\t\t\t<\/div>\n\t\t\t\t<\/div>\n\t\t\t\t\t<\/div>\n\t\t<\/div>\n\t\t\t\t<div class=\"elementor-column elementor-col-50 elementor-top-column elementor-element elementor-element-82fe37c\" data-id=\"82fe37c\" data-element_type=\"column\" data-e-type=\"column\">\n\t\t\t<div class=\"elementor-widget-wrap elementor-element-populated\">\n\t\t\t\t\t\t<div class=\"elementor-element elementor-element-085d1f8 elementor-widget elementor-widget-spacer\" data-id=\"085d1f8\" data-element_type=\"widget\" data-e-type=\"widget\" data-widget_type=\"spacer.default\">\n\t\t\t\t<div class=\"elementor-widget-container\">\n\t\t\t\t\t\t\t<div class=\"elementor-spacer\">\n\t\t\t<div class=\"elementor-spacer-inner\"><\/div>\n\t\t<\/div>\n\t\t\t\t\t\t<\/div>\n\t\t\t\t<\/div>\n\t\t\t\t<div class=\"elementor-element elementor-element-d9deee0 elementor-widget elementor-widget-text-editor\" data-id=\"d9deee0\" data-element_type=\"widget\" data-e-type=\"widget\" data-widget_type=\"text-editor.default\">\n\t\t\t\t<div class=\"elementor-widget-container\">\n\t\t\t\t\t\t\t\t\t<p><span style=\"color: #808080;\">Audio:<\/span><\/p><p><span style=\"color: #808080;\">01. Sound Tracker - Gamelan (Indonesia) live Genelec Music Channel<\/span><br \/><span style=\"color: #808080;\">02. Sinom ladrang - recorded <strong>Robert E. Brown<\/strong> - track 5 of the album Gamelan Semar Pegulingan: Gamelan of the Love God (1972)<\/span><br \/><span style=\"color: #808080;\">03. Legong kraton-playon - recorded <strong>Robert E. Brown<\/strong> - track 6 of the album Gamelan Semar Pegulingan: Gamelan of the Love God (1972)<\/span><br \/><span style=\"color: #808080;\">04. Listen de <strong>Murray Schafer.<\/strong><\/span><br \/><span style=\"color: #808080;\">05. <strong>Deep Space<\/strong> - Vangelia - track 2 of the album Yemay\u00e1 (2020)<\/span><br \/><span style=\"color: #808080;\">06. <strong>Brian Eno<\/strong> - New Space Music - bonus track from the album Neroli (Thinking Music Part IV) (Expanded Edition) (2014)<\/span><\/p>\t\t\t\t\t\t\t\t<\/div>\n\t\t\t\t<\/div>\n\t\t\t\t\t<\/div>\n\t\t<\/div>\n\t\t\t\t\t<\/div>\n\t\t<\/section>\n\t\t\t\t<section class=\"elementor-section elementor-top-section elementor-element elementor-element-dd9775e elementor-section-boxed elementor-section-height-default elementor-section-height-default\" data-id=\"dd9775e\" data-element_type=\"section\" data-e-type=\"section\">\n\t\t\t\t\t\t<div class=\"elementor-container elementor-column-gap-default\">\n\t\t\t\t\t<div class=\"elementor-column elementor-col-33 elementor-top-column elementor-element elementor-element-e37b3e8\" data-id=\"e37b3e8\" data-element_type=\"column\" data-e-type=\"column\">\n\t\t\t<div class=\"elementor-widget-wrap elementor-element-populated\">\n\t\t\t\t\t\t<div class=\"elementor-element elementor-element-09bda8c elementor-widget elementor-widget-image\" data-id=\"09bda8c\" data-element_type=\"widget\" data-e-type=\"widget\" data-widget_type=\"image.default\">\n\t\t\t\t<div class=\"elementor-widget-container\">\n\t\t\t\t\t\t\t\t\t\t\t\t\t\t\t<img decoding=\"async\" width=\"600\" height=\"600\" src=\"https:\/\/teslafm.net\/wp-content\/uploads\/2021\/11\/Gamelan-Semar-Pegulingan-Recorded-by-Robert-E-Brown.jpg\" class=\"attachment-large size-large wp-image-59034\" alt=\"\" srcset=\"https:\/\/teslafm.net\/wp-content\/uploads\/2021\/11\/Gamelan-Semar-Pegulingan-Recorded-by-Robert-E-Brown.jpg 600w, https:\/\/teslafm.net\/wp-content\/uploads\/2021\/11\/Gamelan-Semar-Pegulingan-Recorded-by-Robert-E-Brown-300x300.jpg 300w, https:\/\/teslafm.net\/wp-content\/uploads\/2021\/11\/Gamelan-Semar-Pegulingan-Recorded-by-Robert-E-Brown-150x150.jpg 150w\" sizes=\"(max-width: 600px) 100vw, 600px\" \/>\t\t\t\t\t\t\t\t\t\t\t\t\t\t\t<\/div>\n\t\t\t\t<\/div>\n\t\t\t\t\t<\/div>\n\t\t<\/div>\n\t\t\t\t<div class=\"elementor-column elementor-col-33 elementor-top-column elementor-element elementor-element-14cc585\" data-id=\"14cc585\" data-element_type=\"column\" data-e-type=\"column\">\n\t\t\t<div class=\"elementor-widget-wrap elementor-element-populated\">\n\t\t\t\t\t\t<div class=\"elementor-element elementor-element-4404149 elementor-widget elementor-widget-image\" data-id=\"4404149\" data-element_type=\"widget\" data-e-type=\"widget\" data-widget_type=\"image.default\">\n\t\t\t\t<div class=\"elementor-widget-container\">\n\t\t\t\t\t\t\t\t\t\t\t\t\t\t\t<img decoding=\"async\" width=\"768\" height=\"960\" src=\"https:\/\/teslafm.net\/wp-content\/uploads\/2021\/11\/Espacio-Profundo.jpg\" class=\"attachment-large size-large wp-image-59035\" alt=\"\" srcset=\"https:\/\/teslafm.net\/wp-content\/uploads\/2021\/11\/Espacio-Profundo.jpg 768w, https:\/\/teslafm.net\/wp-content\/uploads\/2021\/11\/Espacio-Profundo-240x300.jpg 240w\" sizes=\"(max-width: 768px) 100vw, 768px\" \/>\t\t\t\t\t\t\t\t\t\t\t\t\t\t\t<\/div>\n\t\t\t\t<\/div>\n\t\t\t\t\t<\/div>\n\t\t<\/div>\n\t\t\t\t<div class=\"elementor-column elementor-col-33 elementor-top-column elementor-element elementor-element-e76301b\" data-id=\"e76301b\" data-element_type=\"column\" data-e-type=\"column\">\n\t\t\t<div class=\"elementor-widget-wrap elementor-element-populated\">\n\t\t\t\t\t\t<div class=\"elementor-element elementor-element-cf4ddfd elementor-widget elementor-widget-image\" data-id=\"cf4ddfd\" data-element_type=\"widget\" data-e-type=\"widget\" data-widget_type=\"image.default\">\n\t\t\t\t<div class=\"elementor-widget-container\">\n\t\t\t\t\t\t\t\t\t\t\t\t\t\t\t<img loading=\"lazy\" decoding=\"async\" width=\"500\" height=\"500\" src=\"https:\/\/teslafm.net\/wp-content\/uploads\/2021\/11\/Brian-Eno-New-Space-Music.jpg\" class=\"attachment-large size-large wp-image-59036\" alt=\"\" srcset=\"https:\/\/teslafm.net\/wp-content\/uploads\/2021\/11\/Brian-Eno-New-Space-Music.jpg 500w, https:\/\/teslafm.net\/wp-content\/uploads\/2021\/11\/Brian-Eno-New-Space-Music-300x300.jpg 300w, https:\/\/teslafm.net\/wp-content\/uploads\/2021\/11\/Brian-Eno-New-Space-Music-150x150.jpg 150w\" sizes=\"(max-width: 500px) 100vw, 500px\" \/>\t\t\t\t\t\t\t\t\t\t\t\t\t\t\t<\/div>\n\t\t\t\t<\/div>\n\t\t\t\t\t<\/div>\n\t\t<\/div>\n\t\t\t\t\t<\/div>\n\t\t<\/section>\n\t\t\t\t<\/div>","protected":false},"excerpt":{"rendered":"<p>Teor\u00eda Incertidumbre #28 Sobre el Gamel\u00e1n (formato de agrupaci\u00f3n musical) y registros de Gamel\u00e1n de Robert E. Brown m\u00e1s m\u00fasica de Espacio Profundo y Brian Eno. Audio: 01. Sound Tracker &#8211; Gamel\u00e1n (Indonesia) live Genelec Music Channel02. Sinom ladrang &#8211; recorded Robert E. Brown &#8211; track 5 del disco Gamelan Semar Pegulingan: Gamelan of the [&hellip;]<\/p>\n","protected":false},"author":19,"featured_media":0,"parent":0,"menu_order":0,"comment_status":"closed","ping_status":"closed","template":"","meta":{"footnotes":""},"class_list":["post-59029","page","type-page","status-publish","hentry"],"yoast_head":"<!-- This site is optimized with the Yoast SEO plugin v27.4 - https:\/\/yoast.com\/product\/yoast-seo-wordpress\/ -->\n<title>Teor\u00eda Incertidumbre #28 -<\/title>\n<meta name=\"robots\" content=\"index, follow, max-snippet:-1, max-image-preview:large, max-video-preview:-1\" \/>\n<link rel=\"canonical\" href=\"https:\/\/teslafm.net\/en\/teoria-incertidumbre-28\/\" \/>\n<meta property=\"og:locale\" content=\"en_US\" \/>\n<meta property=\"og:type\" content=\"article\" \/>\n<meta property=\"og:title\" content=\"Teor\u00eda Incertidumbre #28 -\" \/>\n<meta property=\"og:description\" content=\"Teor\u00eda Incertidumbre #28 Sobre el Gamel\u00e1n (formato de agrupaci\u00f3n musical) y registros de Gamel\u00e1n de Robert E. Brown m\u00e1s m\u00fasica de Espacio Profundo y Brian Eno. Audio: 01. Sound Tracker &#8211; Gamel\u00e1n (Indonesia) live Genelec Music Channel02. Sinom ladrang &#8211; recorded Robert E. Brown &#8211; track 5 del disco Gamelan Semar Pegulingan: Gamelan of the [&hellip;]\" \/>\n<meta property=\"og:url\" content=\"https:\/\/teslafm.net\/en\/teoria-incertidumbre-28\/\" \/>\n<meta property=\"article:publisher\" content=\"https:\/\/www.facebook.com\/teslafm.net\" \/>\n<meta property=\"article:modified_time\" content=\"2021-11-03T13:37:05+00:00\" \/>\n<meta property=\"og:image\" content=\"https:\/\/teslafm.net\/wp-content\/uploads\/2021\/11\/Gamelan.jpg\" \/>\n<meta name=\"twitter:card\" content=\"summary_large_image\" \/>\n<meta name=\"twitter:site\" content=\"@teslafm\" \/>\n<meta name=\"twitter:label1\" content=\"Est. reading time\" \/>\n\t<meta name=\"twitter:data1\" content=\"2 minutes\" \/>\n<script type=\"application\/ld+json\" class=\"yoast-schema-graph\">{\"@context\":\"https:\\\/\\\/schema.org\",\"@graph\":[{\"@type\":\"WebPage\",\"@id\":\"https:\\\/\\\/teslafm.net\\\/teoria-incertidumbre-28\\\/\",\"url\":\"https:\\\/\\\/teslafm.net\\\/teoria-incertidumbre-28\\\/\",\"name\":\"Teor\u00eda Incertidumbre #28 -\",\"isPartOf\":{\"@id\":\"https:\\\/\\\/teslafm.net\\\/#website\"},\"primaryImageOfPage\":{\"@id\":\"https:\\\/\\\/teslafm.net\\\/teoria-incertidumbre-28\\\/#primaryimage\"},\"image\":{\"@id\":\"https:\\\/\\\/teslafm.net\\\/teoria-incertidumbre-28\\\/#primaryimage\"},\"thumbnailUrl\":\"https:\\\/\\\/teslafm.net\\\/wp-content\\\/uploads\\\/2021\\\/11\\\/Gamelan.jpg\",\"datePublished\":\"2021-11-03T13:27:06+00:00\",\"dateModified\":\"2021-11-03T13:37:05+00:00\",\"breadcrumb\":{\"@id\":\"https:\\\/\\\/teslafm.net\\\/teoria-incertidumbre-28\\\/#breadcrumb\"},\"inLanguage\":\"en-US\",\"potentialAction\":[{\"@type\":\"ReadAction\",\"target\":[\"https:\\\/\\\/teslafm.net\\\/teoria-incertidumbre-28\\\/\"]}]},{\"@type\":\"ImageObject\",\"inLanguage\":\"en-US\",\"@id\":\"https:\\\/\\\/teslafm.net\\\/teoria-incertidumbre-28\\\/#primaryimage\",\"url\":\"https:\\\/\\\/teslafm.net\\\/wp-content\\\/uploads\\\/2021\\\/11\\\/Gamelan.jpg\",\"contentUrl\":\"https:\\\/\\\/teslafm.net\\\/wp-content\\\/uploads\\\/2021\\\/11\\\/Gamelan.jpg\"},{\"@type\":\"BreadcrumbList\",\"@id\":\"https:\\\/\\\/teslafm.net\\\/teoria-incertidumbre-28\\\/#breadcrumb\",\"itemListElement\":[{\"@type\":\"ListItem\",\"position\":1,\"name\":\"Portada\",\"item\":\"https:\\\/\\\/teslafm.net\\\/\"},{\"@type\":\"ListItem\",\"position\":2,\"name\":\"Teor\u00eda Incertidumbre #28\"}]},{\"@type\":\"WebSite\",\"@id\":\"https:\\\/\\\/teslafm.net\\\/#website\",\"url\":\"https:\\\/\\\/teslafm.net\\\/\",\"name\":\"TeslaFM\",\"description\":\"An experimental and creative radio\",\"publisher\":{\"@id\":\"https:\\\/\\\/teslafm.net\\\/#organization\"},\"potentialAction\":[{\"@type\":\"SearchAction\",\"target\":{\"@type\":\"EntryPoint\",\"urlTemplate\":\"https:\\\/\\\/teslafm.net\\\/?s={search_term_string}\"},\"query-input\":{\"@type\":\"PropertyValueSpecification\",\"valueRequired\":true,\"valueName\":\"search_term_string\"}}],\"inLanguage\":\"en-US\"},{\"@type\":\"Organization\",\"@id\":\"https:\\\/\\\/teslafm.net\\\/#organization\",\"name\":\"TeslaFM\",\"url\":\"https:\\\/\\\/teslafm.net\\\/\",\"logo\":{\"@type\":\"ImageObject\",\"inLanguage\":\"en-US\",\"@id\":\"https:\\\/\\\/teslafm.net\\\/#\\\/schema\\\/logo\\\/image\\\/\",\"url\":\"https:\\\/\\\/teslafm.net\\\/wp-content\\\/uploads\\\/2020\\\/06\\\/logo-tesla.png\",\"contentUrl\":\"https:\\\/\\\/teslafm.net\\\/wp-content\\\/uploads\\\/2020\\\/06\\\/logo-tesla.png\",\"width\":512,\"height\":512,\"caption\":\"TeslaFM\"},\"image\":{\"@id\":\"https:\\\/\\\/teslafm.net\\\/#\\\/schema\\\/logo\\\/image\\\/\"},\"sameAs\":[\"https:\\\/\\\/www.facebook.com\\\/teslafm.net\",\"https:\\\/\\\/x.com\\\/teslafm\"]}]}<\/script>\n<!-- \/ Yoast SEO plugin. -->","yoast_head_json":{"title":"Uncertainty Theory #28 - Uncertainty Theory #28 - Uncertainty Theory #28 -","robots":{"index":"index","follow":"follow","max-snippet":"max-snippet:-1","max-image-preview":"max-image-preview:large","max-video-preview":"max-video-preview:-1"},"canonical":"https:\/\/teslafm.net\/en\/teoria-incertidumbre-28\/","og_locale":"en_US","og_type":"article","og_title":"Teor\u00eda Incertidumbre #28 -","og_description":"Teor\u00eda Incertidumbre #28 Sobre el Gamel\u00e1n (formato de agrupaci\u00f3n musical) y registros de Gamel\u00e1n de Robert E. Brown m\u00e1s m\u00fasica de Espacio Profundo y Brian Eno. Audio: 01. Sound Tracker &#8211; Gamel\u00e1n (Indonesia) live Genelec Music Channel02. Sinom ladrang &#8211; recorded Robert E. Brown &#8211; track 5 del disco Gamelan Semar Pegulingan: Gamelan of the [&hellip;]","og_url":"https:\/\/teslafm.net\/en\/teoria-incertidumbre-28\/","article_publisher":"https:\/\/www.facebook.com\/teslafm.net","article_modified_time":"2021-11-03T13:37:05+00:00","og_image":[{"url":"https:\/\/teslafm.net\/wp-content\/uploads\/2021\/11\/Gamelan.jpg","type":"","width":"","height":""}],"twitter_card":"summary_large_image","twitter_site":"@teslafm","twitter_misc":{"Est. reading time":"2 minutes"},"schema":{"@context":"https:\/\/schema.org","@graph":[{"@type":"WebPage","@id":"https:\/\/teslafm.net\/teoria-incertidumbre-28\/","url":"https:\/\/teslafm.net\/teoria-incertidumbre-28\/","name":"Uncertainty Theory #28 - Uncertainty Theory #28 - Uncertainty Theory #28 -","isPartOf":{"@id":"https:\/\/teslafm.net\/#website"},"primaryImageOfPage":{"@id":"https:\/\/teslafm.net\/teoria-incertidumbre-28\/#primaryimage"},"image":{"@id":"https:\/\/teslafm.net\/teoria-incertidumbre-28\/#primaryimage"},"thumbnailUrl":"https:\/\/teslafm.net\/wp-content\/uploads\/2021\/11\/Gamelan.jpg","datePublished":"2021-11-03T13:27:06+00:00","dateModified":"2021-11-03T13:37:05+00:00","breadcrumb":{"@id":"https:\/\/teslafm.net\/teoria-incertidumbre-28\/#breadcrumb"},"inLanguage":"en-US","potentialAction":[{"@type":"ReadAction","target":["https:\/\/teslafm.net\/teoria-incertidumbre-28\/"]}]},{"@type":"ImageObject","inLanguage":"en-US","@id":"https:\/\/teslafm.net\/teoria-incertidumbre-28\/#primaryimage","url":"https:\/\/teslafm.net\/wp-content\/uploads\/2021\/11\/Gamelan.jpg","contentUrl":"https:\/\/teslafm.net\/wp-content\/uploads\/2021\/11\/Gamelan.jpg"},{"@type":"BreadcrumbList","@id":"https:\/\/teslafm.net\/teoria-incertidumbre-28\/#breadcrumb","itemListElement":[{"@type":"ListItem","position":1,"name":"Portada","item":"https:\/\/teslafm.net\/"},{"@type":"ListItem","position":2,"name":"Teor\u00eda Incertidumbre #28"}]},{"@type":"WebSite","@id":"https:\/\/teslafm.net\/#website","url":"https:\/\/teslafm.net\/","name":"TeslaFM","description":"An experimental and creative radio","publisher":{"@id":"https:\/\/teslafm.net\/#organization"},"potentialAction":[{"@type":"SearchAction","target":{"@type":"EntryPoint","urlTemplate":"https:\/\/teslafm.net\/?s={search_term_string}"},"query-input":{"@type":"PropertyValueSpecification","valueRequired":true,"valueName":"search_term_string"}}],"inLanguage":"en-US"},{"@type":"Organization","@id":"https:\/\/teslafm.net\/#organization","name":"TeslaFM","url":"https:\/\/teslafm.net\/","logo":{"@type":"ImageObject","inLanguage":"en-US","@id":"https:\/\/teslafm.net\/#\/schema\/logo\/image\/","url":"https:\/\/teslafm.net\/wp-content\/uploads\/2020\/06\/logo-tesla.png","contentUrl":"https:\/\/teslafm.net\/wp-content\/uploads\/2020\/06\/logo-tesla.png","width":512,"height":512,"caption":"TeslaFM"},"image":{"@id":"https:\/\/teslafm.net\/#\/schema\/logo\/image\/"},"sameAs":["https:\/\/www.facebook.com\/teslafm.net","https:\/\/x.com\/teslafm"]}]}},"rttpg_featured_image_url":null,"rttpg_author":{"display_name":"Ishak","author_link":"https:\/\/teslafm.net\/en\/author\/cravan\/"},"rttpg_comment":0,"rttpg_category":null,"rttpg_excerpt":"Teor\u00eda Incertidumbre #28 Sobre el Gamel\u00e1n (formato de agrupaci\u00f3n musical) y registros de Gamel\u00e1n de Robert E. Brown m\u00e1s m\u00fasica de Espacio Profundo y Brian Eno. Audio: 01. Sound Tracker &#8211; Gamel\u00e1n (Indonesia) live Genelec Music Channel02. Sinom ladrang &#8211; recorded Robert E. Brown &#8211; track 5 del disco Gamelan Semar Pegulingan: Gamelan of the&hellip;","_links":{"self":[{"href":"https:\/\/teslafm.net\/en\/wp-json\/wp\/v2\/pages\/59029","targetHints":{"allow":["GET"]}}],"collection":[{"href":"https:\/\/teslafm.net\/en\/wp-json\/wp\/v2\/pages"}],"about":[{"href":"https:\/\/teslafm.net\/en\/wp-json\/wp\/v2\/types\/page"}],"author":[{"embeddable":true,"href":"https:\/\/teslafm.net\/en\/wp-json\/wp\/v2\/users\/19"}],"replies":[{"embeddable":true,"href":"https:\/\/teslafm.net\/en\/wp-json\/wp\/v2\/comments?post=59029"}],"version-history":[{"count":5,"href":"https:\/\/teslafm.net\/en\/wp-json\/wp\/v2\/pages\/59029\/revisions"}],"predecessor-version":[{"id":59039,"href":"https:\/\/teslafm.net\/en\/wp-json\/wp\/v2\/pages\/59029\/revisions\/59039"}],"wp:attachment":[{"href":"https:\/\/teslafm.net\/en\/wp-json\/wp\/v2\/media?parent=59029"}],"curies":[{"name":"wp","href":"https:\/\/api.w.org\/{rel}","templated":true}]}}