

{"id":59045,"date":"2021-11-04T16:56:34","date_gmt":"2021-11-04T15:56:34","guid":{"rendered":"https:\/\/teslafm.net\/?page_id=59045"},"modified":"2021-11-04T16:57:13","modified_gmt":"2021-11-04T15:57:13","slug":"resonancias-35","status":"publish","type":"page","link":"https:\/\/teslafm.net\/en\/resonancias-35\/","title":{"rendered":"Resonances #35"},"content":{"rendered":"<h2><span style=\"color: #ffffff;\"><strong>Resonances #35<\/strong><\/span><\/h2>\n<p><span style=\"color: #808080;\"><em>Iberia (and Canary Islands) Experimental 1975 - 1995<\/em><\/span><\/p>\n<p><iframe src=\"https:\/\/www.mixcloud.com\/widget\/iframe\/?hide_cover=1&amp;feed=%2FTeslafm_net%2Fresonancias-35-dani-blue%2F\" width=\"100%\" height=\"120\" frameborder=\"0\"><\/iframe><\/p>\n<p><span style=\"color: #808080;\">We will listen to a selection in the form of a mixed session of the different non-academic currents within avantgarde music, electronic music, improvisation or the first industrial music produced in the Iberian Peninsula, the Canary Islands and Perpignan during the period 1975 - 1995.<\/span><\/p>\n<p><span style=\"color: #808080;\"><strong>Dani Blue<\/strong> Session<\/span><\/p>\n<p><span style=\"color: #808080;\">01. Fluence (Pascal Comelade), Eduardo Polonio, Jep Nuix, Lu\u00eds Delgado, Orquesta de las Nubes, Javier Segura, Comando Bruno, Matavacas, Oriol Graus, Lu\u00eds Mesa, Interacci\u00f3n, Alien Mar, Secreto Metropolitano, Klamm, Juan Teruel Garcia, Corbusier Design, V\u00edctor Nubla, Koniec, Na\u00eff, Entra'acte, Second Epoch of Man, Javier Segura, Vagina Dentata Organ, Xeerox, Corbusier Design, Geometric Splendor, Ant\u00f3n Ignorant, Hegemony,. Macromassa.<\/span><\/p>","protected":false},"excerpt":{"rendered":"<p>Resonancias #35 Iberia (y Canarias) Experimental 1975 &#8211; 1995 Escucharemos una selecci\u00f3n en forma de sesi\u00f3n mezclada de las diferentes corrientes no academicas dentro de la m\u00fasica avantgarde, la electr\u00f3nica, la improvisaci\u00f3n o la primera m\u00fasica industrial producida en la peninsula ib\u00e9rica, las Canarias y Perpignan durante el periodo 1975 &#8211; 1995. Dani Blue Session [&hellip;]<\/p>\n","protected":false},"author":19,"featured_media":0,"parent":0,"menu_order":0,"comment_status":"closed","ping_status":"closed","template":"","meta":{"footnotes":""},"class_list":["post-59045","page","type-page","status-publish","hentry"],"yoast_head":"<!-- This site is optimized with the Yoast SEO plugin v27.2 - https:\/\/yoast.com\/product\/yoast-seo-wordpress\/ -->\n<title>Resonancias #35 -<\/title>\n<meta name=\"robots\" content=\"index, follow, max-snippet:-1, max-image-preview:large, max-video-preview:-1\" \/>\n<link rel=\"canonical\" href=\"https:\/\/teslafm.net\/en\/resonancias-35\/\" \/>\n<meta property=\"og:locale\" content=\"en_US\" \/>\n<meta property=\"og:type\" content=\"article\" \/>\n<meta property=\"og:title\" content=\"Resonancias #35 -\" \/>\n<meta property=\"og:description\" content=\"Resonancias #35 Iberia (y Canarias) Experimental 1975 &#8211; 1995 Escucharemos una selecci\u00f3n en forma de sesi\u00f3n mezclada de las diferentes corrientes no academicas dentro de la m\u00fasica avantgarde, la electr\u00f3nica, la improvisaci\u00f3n o la primera m\u00fasica industrial producida en la peninsula ib\u00e9rica, las Canarias y Perpignan durante el periodo 1975 &#8211; 1995. Dani Blue Session [&hellip;]\" \/>\n<meta property=\"og:url\" content=\"https:\/\/teslafm.net\/en\/resonancias-35\/\" \/>\n<meta property=\"article:publisher\" content=\"https:\/\/www.facebook.com\/teslafm.net\" \/>\n<meta property=\"article:modified_time\" content=\"2021-11-04T15:57:13+00:00\" \/>\n<meta property=\"og:image\" content=\"https:\/\/teslafm.net\/wp-content\/uploads\/2022\/09\/header-image-4-temp.png\" \/>\n\t<meta property=\"og:image:width\" content=\"1274\" \/>\n\t<meta property=\"og:image:height\" content=\"818\" \/>\n\t<meta property=\"og:image:type\" content=\"image\/png\" \/>\n<meta name=\"twitter:card\" content=\"summary_large_image\" \/>\n<meta name=\"twitter:site\" content=\"@teslafm\" \/>\n<meta name=\"twitter:label1\" content=\"Est. reading time\" \/>\n\t<meta name=\"twitter:data1\" content=\"1 minute\" \/>\n<script type=\"application\/ld+json\" class=\"yoast-schema-graph\">{\"@context\":\"https:\/\/schema.org\",\"@graph\":[{\"@type\":\"WebPage\",\"@id\":\"https:\/\/teslafm.net\/resonancias-35\/\",\"url\":\"https:\/\/teslafm.net\/resonancias-35\/\",\"name\":\"Resonancias #35 -\",\"isPartOf\":{\"@id\":\"https:\/\/teslafm.net\/#website\"},\"datePublished\":\"2021-11-04T15:56:34+00:00\",\"dateModified\":\"2021-11-04T15:57:13+00:00\",\"breadcrumb\":{\"@id\":\"https:\/\/teslafm.net\/resonancias-35\/#breadcrumb\"},\"inLanguage\":\"en-US\",\"potentialAction\":[{\"@type\":\"ReadAction\",\"target\":[\"https:\/\/teslafm.net\/resonancias-35\/\"]}]},{\"@type\":\"BreadcrumbList\",\"@id\":\"https:\/\/teslafm.net\/resonancias-35\/#breadcrumb\",\"itemListElement\":[{\"@type\":\"ListItem\",\"position\":1,\"name\":\"Portada\",\"item\":\"https:\/\/teslafm.net\/\"},{\"@type\":\"ListItem\",\"position\":2,\"name\":\"Resonancias #35\"}]},{\"@type\":\"WebSite\",\"@id\":\"https:\/\/teslafm.net\/#website\",\"url\":\"https:\/\/teslafm.net\/\",\"name\":\"TeslaFM\",\"description\":\"An experimental and creative radio\",\"publisher\":{\"@id\":\"https:\/\/teslafm.net\/#organization\"},\"potentialAction\":[{\"@type\":\"SearchAction\",\"target\":{\"@type\":\"EntryPoint\",\"urlTemplate\":\"https:\/\/teslafm.net\/?s={search_term_string}\"},\"query-input\":{\"@type\":\"PropertyValueSpecification\",\"valueRequired\":true,\"valueName\":\"search_term_string\"}}],\"inLanguage\":\"en-US\"},{\"@type\":\"Organization\",\"@id\":\"https:\/\/teslafm.net\/#organization\",\"name\":\"TeslaFM\",\"url\":\"https:\/\/teslafm.net\/\",\"logo\":{\"@type\":\"ImageObject\",\"inLanguage\":\"en-US\",\"@id\":\"https:\/\/teslafm.net\/#\/schema\/logo\/image\/\",\"url\":\"https:\/\/teslafm.net\/wp-content\/uploads\/2020\/06\/logo-tesla.png\",\"contentUrl\":\"https:\/\/teslafm.net\/wp-content\/uploads\/2020\/06\/logo-tesla.png\",\"width\":512,\"height\":512,\"caption\":\"TeslaFM\"},\"image\":{\"@id\":\"https:\/\/teslafm.net\/#\/schema\/logo\/image\/\"},\"sameAs\":[\"https:\/\/www.facebook.com\/teslafm.net\",\"https:\/\/x.com\/teslafm\"]}]}<\/script>\n<!-- \/ Yoast SEO plugin. -->","yoast_head_json":{"title":"Resonances #35 -","robots":{"index":"index","follow":"follow","max-snippet":"max-snippet:-1","max-image-preview":"max-image-preview:large","max-video-preview":"max-video-preview:-1"},"canonical":"https:\/\/teslafm.net\/en\/resonancias-35\/","og_locale":"en_US","og_type":"article","og_title":"Resonancias #35 -","og_description":"Resonancias #35 Iberia (y Canarias) Experimental 1975 &#8211; 1995 Escucharemos una selecci\u00f3n en forma de sesi\u00f3n mezclada de las diferentes corrientes no academicas dentro de la m\u00fasica avantgarde, la electr\u00f3nica, la improvisaci\u00f3n o la primera m\u00fasica industrial producida en la peninsula ib\u00e9rica, las Canarias y Perpignan durante el periodo 1975 &#8211; 1995. Dani Blue Session [&hellip;]","og_url":"https:\/\/teslafm.net\/en\/resonancias-35\/","article_publisher":"https:\/\/www.facebook.com\/teslafm.net","article_modified_time":"2021-11-04T15:57:13+00:00","og_image":[{"width":1274,"height":818,"url":"https:\/\/teslafm.net\/wp-content\/uploads\/2022\/09\/header-image-4-temp.png","type":"image\/png"}],"twitter_card":"summary_large_image","twitter_site":"@teslafm","twitter_misc":{"Est. reading time":"1 minute"},"schema":{"@context":"https:\/\/schema.org","@graph":[{"@type":"WebPage","@id":"https:\/\/teslafm.net\/resonancias-35\/","url":"https:\/\/teslafm.net\/resonancias-35\/","name":"Resonances #35 -","isPartOf":{"@id":"https:\/\/teslafm.net\/#website"},"datePublished":"2021-11-04T15:56:34+00:00","dateModified":"2021-11-04T15:57:13+00:00","breadcrumb":{"@id":"https:\/\/teslafm.net\/resonancias-35\/#breadcrumb"},"inLanguage":"en-US","potentialAction":[{"@type":"ReadAction","target":["https:\/\/teslafm.net\/resonancias-35\/"]}]},{"@type":"BreadcrumbList","@id":"https:\/\/teslafm.net\/resonancias-35\/#breadcrumb","itemListElement":[{"@type":"ListItem","position":1,"name":"Portada","item":"https:\/\/teslafm.net\/"},{"@type":"ListItem","position":2,"name":"Resonancias #35"}]},{"@type":"WebSite","@id":"https:\/\/teslafm.net\/#website","url":"https:\/\/teslafm.net\/","name":"TeslaFM","description":"An experimental and creative radio","publisher":{"@id":"https:\/\/teslafm.net\/#organization"},"potentialAction":[{"@type":"SearchAction","target":{"@type":"EntryPoint","urlTemplate":"https:\/\/teslafm.net\/?s={search_term_string}"},"query-input":{"@type":"PropertyValueSpecification","valueRequired":true,"valueName":"search_term_string"}}],"inLanguage":"en-US"},{"@type":"Organization","@id":"https:\/\/teslafm.net\/#organization","name":"TeslaFM","url":"https:\/\/teslafm.net\/","logo":{"@type":"ImageObject","inLanguage":"en-US","@id":"https:\/\/teslafm.net\/#\/schema\/logo\/image\/","url":"https:\/\/teslafm.net\/wp-content\/uploads\/2020\/06\/logo-tesla.png","contentUrl":"https:\/\/teslafm.net\/wp-content\/uploads\/2020\/06\/logo-tesla.png","width":512,"height":512,"caption":"TeslaFM"},"image":{"@id":"https:\/\/teslafm.net\/#\/schema\/logo\/image\/"},"sameAs":["https:\/\/www.facebook.com\/teslafm.net","https:\/\/x.com\/teslafm"]}]}},"rttpg_featured_image_url":null,"rttpg_author":{"display_name":"Ishak","author_link":"https:\/\/teslafm.net\/en\/author\/cravan\/"},"rttpg_comment":0,"rttpg_category":null,"rttpg_excerpt":"Resonancias #35 Iberia (y Canarias) Experimental 1975 &#8211; 1995 Escucharemos una selecci\u00f3n en forma de sesi\u00f3n mezclada de las diferentes corrientes no academicas dentro de la m\u00fasica avantgarde, la electr\u00f3nica, la improvisaci\u00f3n o la primera m\u00fasica industrial producida en la peninsula ib\u00e9rica, las Canarias y Perpignan durante el periodo 1975 &#8211; 1995. Dani Blue Session&hellip;","_links":{"self":[{"href":"https:\/\/teslafm.net\/en\/wp-json\/wp\/v2\/pages\/59045","targetHints":{"allow":["GET"]}}],"collection":[{"href":"https:\/\/teslafm.net\/en\/wp-json\/wp\/v2\/pages"}],"about":[{"href":"https:\/\/teslafm.net\/en\/wp-json\/wp\/v2\/types\/page"}],"author":[{"embeddable":true,"href":"https:\/\/teslafm.net\/en\/wp-json\/wp\/v2\/users\/19"}],"replies":[{"embeddable":true,"href":"https:\/\/teslafm.net\/en\/wp-json\/wp\/v2\/comments?post=59045"}],"version-history":[{"count":2,"href":"https:\/\/teslafm.net\/en\/wp-json\/wp\/v2\/pages\/59045\/revisions"}],"predecessor-version":[{"id":59047,"href":"https:\/\/teslafm.net\/en\/wp-json\/wp\/v2\/pages\/59045\/revisions\/59047"}],"wp:attachment":[{"href":"https:\/\/teslafm.net\/en\/wp-json\/wp\/v2\/media?parent=59045"}],"curies":[{"name":"wp","href":"https:\/\/api.w.org\/{rel}","templated":true}]}}