

{"id":59056,"date":"2021-11-09T16:21:09","date_gmt":"2021-11-09T15:21:09","guid":{"rendered":"https:\/\/teslafm.net\/?page_id=59056"},"modified":"2021-11-09T16:27:42","modified_gmt":"2021-11-09T15:27:42","slug":"ones-de-crom-3","status":"publish","type":"page","link":"https:\/\/teslafm.net\/en\/ones-de-crom-3\/","title":{"rendered":"Ones de Crom #3"},"content":{"rendered":"<div data-elementor-type=\"wp-page\" data-elementor-id=\"59056\" class=\"elementor elementor-59056\">\n\t\t\t\t\t\t<section class=\"elementor-section elementor-top-section elementor-element elementor-element-7212664a elementor-section-boxed elementor-section-height-default elementor-section-height-default\" data-id=\"7212664a\" data-element_type=\"section\" data-e-type=\"section\">\n\t\t\t\t\t\t<div class=\"elementor-container elementor-column-gap-default\">\n\t\t\t\t\t<div class=\"elementor-column elementor-col-100 elementor-top-column elementor-element elementor-element-35cf8b33\" data-id=\"35cf8b33\" data-element_type=\"column\" data-e-type=\"column\">\n\t\t\t<div class=\"elementor-widget-wrap elementor-element-populated\">\n\t\t\t\t\t\t<div class=\"elementor-element elementor-element-2cb060d6 elementor-widget elementor-widget-text-editor\" data-id=\"2cb060d6\" data-element_type=\"widget\" data-e-type=\"widget\" data-widget_type=\"text-editor.default\">\n\t\t\t\t<div class=\"elementor-widget-container\">\n\t\t\t\t\t\t\t\t\t<h2><span style=\"color: #ffffff;\"><strong>Ones de Crom #3<\/strong><\/span><\/h2><p><span style=\"color: #808080;\"><em>Francisco L\u00f3pez<\/em><\/span><\/p><p><iframe src=\"https:\/\/www.mixcloud.com\/widget\/iframe\/?hide_cover=1&amp;feed=%2FTeslafm_net%2Fones-de-crom-3-emili-mir%C3%B3%2F\" width=\"100%\" height=\"120\" frameborder=\"0\"><\/iframe><\/p>\t\t\t\t\t\t\t\t<\/div>\n\t\t\t\t<\/div>\n\t\t\t\t\t<\/div>\n\t\t<\/div>\n\t\t\t\t\t<\/div>\n\t\t<\/section>\n\t\t\t\t<section class=\"elementor-section elementor-top-section elementor-element elementor-element-54599fe elementor-section-boxed elementor-section-height-default elementor-section-height-default\" data-id=\"54599fe\" data-element_type=\"section\" data-e-type=\"section\">\n\t\t\t\t\t\t<div class=\"elementor-container elementor-column-gap-default\">\n\t\t\t\t\t<div class=\"elementor-column elementor-col-100 elementor-top-column elementor-element elementor-element-885cbb0\" data-id=\"885cbb0\" data-element_type=\"column\" data-e-type=\"column\">\n\t\t\t<div class=\"elementor-widget-wrap elementor-element-populated\">\n\t\t\t\t\t\t<div class=\"elementor-element elementor-element-26a006d elementor-position-left elementor-vertical-align-top elementor-widget elementor-widget-image-box\" data-id=\"26a006d\" data-element_type=\"widget\" data-e-type=\"widget\" data-widget_type=\"image-box.default\">\n\t\t\t\t<div class=\"elementor-widget-container\">\n\t\t\t\t\t<div class=\"elementor-image-box-wrapper\"><figure class=\"elementor-image-box-img\"><img fetchpriority=\"high\" decoding=\"async\" width=\"227\" height=\"289\" src=\"https:\/\/teslafm.net\/wp-content\/uploads\/2021\/11\/FRANCISCO-LOPEZ.jpg\" class=\"attachment-full size-full wp-image-59058\" alt=\"\" \/><\/figure><div class=\"elementor-image-box-content\"><h3 class=\"elementor-image-box-title\">Francisco L\u00f3pez<\/h3><p class=\"elementor-image-box-description\">October 29th, 2008. Since the 80's this biologist and sound researcher from Madrid has been working on \"absolute concrete music\". It is about considering as sound fishes the recordings of environments that can be from the Amazon jungle (where he has worked so deeply), of urban, oceanic, eolian or electronic sounds that cross the border between silence and silence. Starting with the cassette \"UAISCM4:Tlaloc\" (1991) with JORGE REYES and listening to some of his key albums like \"Azonic Zone\" (1993), \"Tonhaus\" (1994), \"Qal'at Abd'Al-Salam\" (1995), \"Addy En El Pa\u00ccs De Las Frutas y Los Chunches\" (1997), \"Temizlemek\" and \"La Selva\" (1998) we will partially review his career. Also included are collaborations with the \"Absolute Noise Ensemble\" (2006), \"Le Chemin Du Paradis\" (2002) with STEVE RODEN and other compilation tracks such as \"Untitled 151\" (2004) and \"Untitled 163 (For Pierre Scheffer)\". In today's broadcast we listen to one of the best Spanish sound experimenters!<\/p><\/div><\/div>\t\t\t\t<\/div>\n\t\t\t\t<\/div>\n\t\t\t\t\t<\/div>\n\t\t<\/div>\n\t\t\t\t\t<\/div>\n\t\t<\/section>\n\t\t\t\t<\/div>","protected":false},"excerpt":{"rendered":"<p>Ones de Crom #3 Francisco L\u00f3pez Francisco L\u00f3pez 29 d&#8217;octubre 2008. Des dels anys 80 aquest bi\u00f3leg i investigador sonor madrileny ha treballat la \u00abm\u00fasica concreta absoluta\u00bb. Es tracta de considerar com a peces sonores les gravacions d&#8217;ambients que tan poden ser de la selva amaz\u00f2nica (on tan profundament hi ha treballat), de sons urbans, [&hellip;]<\/p>\n","protected":false},"author":19,"featured_media":0,"parent":0,"menu_order":0,"comment_status":"closed","ping_status":"closed","template":"","meta":{"footnotes":""},"class_list":["post-59056","page","type-page","status-publish","hentry"],"yoast_head":"<!-- This site is optimized with the Yoast SEO plugin v27.5 - https:\/\/yoast.com\/product\/yoast-seo-wordpress\/ -->\n<title>Ones de Crom #3 -<\/title>\n<meta name=\"robots\" content=\"index, follow, max-snippet:-1, max-image-preview:large, max-video-preview:-1\" \/>\n<link rel=\"canonical\" href=\"https:\/\/teslafm.net\/en\/ones-de-crom-3\/\" \/>\n<meta property=\"og:locale\" content=\"en_US\" \/>\n<meta property=\"og:type\" content=\"article\" \/>\n<meta property=\"og:title\" content=\"Ones de Crom #3 -\" \/>\n<meta property=\"og:description\" content=\"Ones de Crom #3 Francisco L\u00f3pez Francisco L\u00f3pez 29 d&#8217;octubre 2008. Des dels anys 80 aquest bi\u00f3leg i investigador sonor madrileny ha treballat la \u00abm\u00fasica concreta absoluta\u00bb. Es tracta de considerar com a peces sonores les gravacions d&#8217;ambients que tan poden ser de la selva amaz\u00f2nica (on tan profundament hi ha treballat), de sons urbans, [&hellip;]\" \/>\n<meta property=\"og:url\" content=\"https:\/\/teslafm.net\/en\/ones-de-crom-3\/\" \/>\n<meta property=\"article:publisher\" content=\"https:\/\/www.facebook.com\/teslafm.net\" \/>\n<meta property=\"article:modified_time\" content=\"2021-11-09T15:27:42+00:00\" \/>\n<meta property=\"og:image\" content=\"https:\/\/teslafm.net\/wp-content\/uploads\/2021\/11\/FRANCISCO-LOPEZ.jpg\" \/>\n<meta name=\"twitter:card\" content=\"summary_large_image\" \/>\n<meta name=\"twitter:site\" content=\"@teslafm\" \/>\n<meta name=\"twitter:label1\" content=\"Est. reading time\" \/>\n\t<meta name=\"twitter:data1\" content=\"1 minute\" \/>\n<script type=\"application\/ld+json\" class=\"yoast-schema-graph\">{\"@context\":\"https:\\\/\\\/schema.org\",\"@graph\":[{\"@type\":\"WebPage\",\"@id\":\"https:\\\/\\\/teslafm.net\\\/ones-de-crom-3\\\/\",\"url\":\"https:\\\/\\\/teslafm.net\\\/ones-de-crom-3\\\/\",\"name\":\"Ones de Crom #3 -\",\"isPartOf\":{\"@id\":\"https:\\\/\\\/teslafm.net\\\/#website\"},\"primaryImageOfPage\":{\"@id\":\"https:\\\/\\\/teslafm.net\\\/ones-de-crom-3\\\/#primaryimage\"},\"image\":{\"@id\":\"https:\\\/\\\/teslafm.net\\\/ones-de-crom-3\\\/#primaryimage\"},\"thumbnailUrl\":\"https:\\\/\\\/teslafm.net\\\/wp-content\\\/uploads\\\/2021\\\/11\\\/FRANCISCO-LOPEZ.jpg\",\"datePublished\":\"2021-11-09T15:21:09+00:00\",\"dateModified\":\"2021-11-09T15:27:42+00:00\",\"breadcrumb\":{\"@id\":\"https:\\\/\\\/teslafm.net\\\/ones-de-crom-3\\\/#breadcrumb\"},\"inLanguage\":\"en-US\",\"potentialAction\":[{\"@type\":\"ReadAction\",\"target\":[\"https:\\\/\\\/teslafm.net\\\/ones-de-crom-3\\\/\"]}]},{\"@type\":\"ImageObject\",\"inLanguage\":\"en-US\",\"@id\":\"https:\\\/\\\/teslafm.net\\\/ones-de-crom-3\\\/#primaryimage\",\"url\":\"https:\\\/\\\/teslafm.net\\\/wp-content\\\/uploads\\\/2021\\\/11\\\/FRANCISCO-LOPEZ.jpg\",\"contentUrl\":\"https:\\\/\\\/teslafm.net\\\/wp-content\\\/uploads\\\/2021\\\/11\\\/FRANCISCO-LOPEZ.jpg\"},{\"@type\":\"BreadcrumbList\",\"@id\":\"https:\\\/\\\/teslafm.net\\\/ones-de-crom-3\\\/#breadcrumb\",\"itemListElement\":[{\"@type\":\"ListItem\",\"position\":1,\"name\":\"Portada\",\"item\":\"https:\\\/\\\/teslafm.net\\\/\"},{\"@type\":\"ListItem\",\"position\":2,\"name\":\"Ones de Crom #3\"}]},{\"@type\":\"WebSite\",\"@id\":\"https:\\\/\\\/teslafm.net\\\/#website\",\"url\":\"https:\\\/\\\/teslafm.net\\\/\",\"name\":\"TeslaFM\",\"description\":\"An experimental and creative radio\",\"publisher\":{\"@id\":\"https:\\\/\\\/teslafm.net\\\/#organization\"},\"potentialAction\":[{\"@type\":\"SearchAction\",\"target\":{\"@type\":\"EntryPoint\",\"urlTemplate\":\"https:\\\/\\\/teslafm.net\\\/?s={search_term_string}\"},\"query-input\":{\"@type\":\"PropertyValueSpecification\",\"valueRequired\":true,\"valueName\":\"search_term_string\"}}],\"inLanguage\":\"en-US\"},{\"@type\":\"Organization\",\"@id\":\"https:\\\/\\\/teslafm.net\\\/#organization\",\"name\":\"TeslaFM\",\"url\":\"https:\\\/\\\/teslafm.net\\\/\",\"logo\":{\"@type\":\"ImageObject\",\"inLanguage\":\"en-US\",\"@id\":\"https:\\\/\\\/teslafm.net\\\/#\\\/schema\\\/logo\\\/image\\\/\",\"url\":\"https:\\\/\\\/teslafm.net\\\/wp-content\\\/uploads\\\/2020\\\/06\\\/logo-tesla.png\",\"contentUrl\":\"https:\\\/\\\/teslafm.net\\\/wp-content\\\/uploads\\\/2020\\\/06\\\/logo-tesla.png\",\"width\":512,\"height\":512,\"caption\":\"TeslaFM\"},\"image\":{\"@id\":\"https:\\\/\\\/teslafm.net\\\/#\\\/schema\\\/logo\\\/image\\\/\"},\"sameAs\":[\"https:\\\/\\\/www.facebook.com\\\/teslafm.net\",\"https:\\\/\\\/x.com\\\/teslafm\"]}]}<\/script>\n<!-- \/ Yoast SEO plugin. -->","yoast_head_json":{"title":"Ones de Crom #3 -","robots":{"index":"index","follow":"follow","max-snippet":"max-snippet:-1","max-image-preview":"max-image-preview:large","max-video-preview":"max-video-preview:-1"},"canonical":"https:\/\/teslafm.net\/en\/ones-de-crom-3\/","og_locale":"en_US","og_type":"article","og_title":"Ones de Crom #3 -","og_description":"Ones de Crom #3 Francisco L\u00f3pez Francisco L\u00f3pez 29 d&#8217;octubre 2008. Des dels anys 80 aquest bi\u00f3leg i investigador sonor madrileny ha treballat la \u00abm\u00fasica concreta absoluta\u00bb. Es tracta de considerar com a peces sonores les gravacions d&#8217;ambients que tan poden ser de la selva amaz\u00f2nica (on tan profundament hi ha treballat), de sons urbans, [&hellip;]","og_url":"https:\/\/teslafm.net\/en\/ones-de-crom-3\/","article_publisher":"https:\/\/www.facebook.com\/teslafm.net","article_modified_time":"2021-11-09T15:27:42+00:00","og_image":[{"url":"https:\/\/teslafm.net\/wp-content\/uploads\/2021\/11\/FRANCISCO-LOPEZ.jpg","type":"","width":"","height":""}],"twitter_card":"summary_large_image","twitter_site":"@teslafm","twitter_misc":{"Est. reading time":"1 minute"},"schema":{"@context":"https:\/\/schema.org","@graph":[{"@type":"WebPage","@id":"https:\/\/teslafm.net\/ones-de-crom-3\/","url":"https:\/\/teslafm.net\/ones-de-crom-3\/","name":"Ones de Crom #3 -","isPartOf":{"@id":"https:\/\/teslafm.net\/#website"},"primaryImageOfPage":{"@id":"https:\/\/teslafm.net\/ones-de-crom-3\/#primaryimage"},"image":{"@id":"https:\/\/teslafm.net\/ones-de-crom-3\/#primaryimage"},"thumbnailUrl":"https:\/\/teslafm.net\/wp-content\/uploads\/2021\/11\/FRANCISCO-LOPEZ.jpg","datePublished":"2021-11-09T15:21:09+00:00","dateModified":"2021-11-09T15:27:42+00:00","breadcrumb":{"@id":"https:\/\/teslafm.net\/ones-de-crom-3\/#breadcrumb"},"inLanguage":"en-US","potentialAction":[{"@type":"ReadAction","target":["https:\/\/teslafm.net\/ones-de-crom-3\/"]}]},{"@type":"ImageObject","inLanguage":"en-US","@id":"https:\/\/teslafm.net\/ones-de-crom-3\/#primaryimage","url":"https:\/\/teslafm.net\/wp-content\/uploads\/2021\/11\/FRANCISCO-LOPEZ.jpg","contentUrl":"https:\/\/teslafm.net\/wp-content\/uploads\/2021\/11\/FRANCISCO-LOPEZ.jpg"},{"@type":"BreadcrumbList","@id":"https:\/\/teslafm.net\/ones-de-crom-3\/#breadcrumb","itemListElement":[{"@type":"ListItem","position":1,"name":"Portada","item":"https:\/\/teslafm.net\/"},{"@type":"ListItem","position":2,"name":"Ones de Crom #3"}]},{"@type":"WebSite","@id":"https:\/\/teslafm.net\/#website","url":"https:\/\/teslafm.net\/","name":"TeslaFM","description":"An experimental and creative radio","publisher":{"@id":"https:\/\/teslafm.net\/#organization"},"potentialAction":[{"@type":"SearchAction","target":{"@type":"EntryPoint","urlTemplate":"https:\/\/teslafm.net\/?s={search_term_string}"},"query-input":{"@type":"PropertyValueSpecification","valueRequired":true,"valueName":"search_term_string"}}],"inLanguage":"en-US"},{"@type":"Organization","@id":"https:\/\/teslafm.net\/#organization","name":"TeslaFM","url":"https:\/\/teslafm.net\/","logo":{"@type":"ImageObject","inLanguage":"en-US","@id":"https:\/\/teslafm.net\/#\/schema\/logo\/image\/","url":"https:\/\/teslafm.net\/wp-content\/uploads\/2020\/06\/logo-tesla.png","contentUrl":"https:\/\/teslafm.net\/wp-content\/uploads\/2020\/06\/logo-tesla.png","width":512,"height":512,"caption":"TeslaFM"},"image":{"@id":"https:\/\/teslafm.net\/#\/schema\/logo\/image\/"},"sameAs":["https:\/\/www.facebook.com\/teslafm.net","https:\/\/x.com\/teslafm"]}]}},"rttpg_featured_image_url":null,"rttpg_author":{"display_name":"Ishak","author_link":"https:\/\/teslafm.net\/en\/author\/cravan\/"},"rttpg_comment":0,"rttpg_category":null,"rttpg_excerpt":"Ones de Crom #3 Francisco L\u00f3pez Francisco L\u00f3pez 29 d&#8217;octubre 2008. Des dels anys 80 aquest bi\u00f3leg i investigador sonor madrileny ha treballat la \u00abm\u00fasica concreta absoluta\u00bb. Es tracta de considerar com a peces sonores les gravacions d&#8217;ambients que tan poden ser de la selva amaz\u00f2nica (on tan profundament hi ha treballat), de sons urbans,&hellip;","_links":{"self":[{"href":"https:\/\/teslafm.net\/en\/wp-json\/wp\/v2\/pages\/59056","targetHints":{"allow":["GET"]}}],"collection":[{"href":"https:\/\/teslafm.net\/en\/wp-json\/wp\/v2\/pages"}],"about":[{"href":"https:\/\/teslafm.net\/en\/wp-json\/wp\/v2\/types\/page"}],"author":[{"embeddable":true,"href":"https:\/\/teslafm.net\/en\/wp-json\/wp\/v2\/users\/19"}],"replies":[{"embeddable":true,"href":"https:\/\/teslafm.net\/en\/wp-json\/wp\/v2\/comments?post=59056"}],"version-history":[{"count":5,"href":"https:\/\/teslafm.net\/en\/wp-json\/wp\/v2\/pages\/59056\/revisions"}],"predecessor-version":[{"id":59064,"href":"https:\/\/teslafm.net\/en\/wp-json\/wp\/v2\/pages\/59056\/revisions\/59064"}],"wp:attachment":[{"href":"https:\/\/teslafm.net\/en\/wp-json\/wp\/v2\/media?parent=59056"}],"curies":[{"name":"wp","href":"https:\/\/api.w.org\/{rel}","templated":true}]}}