

{"id":59085,"date":"2021-11-16T14:47:48","date_gmt":"2021-11-16T13:47:48","guid":{"rendered":"https:\/\/teslafm.net\/?page_id=59085"},"modified":"2021-11-16T15:37:58","modified_gmt":"2021-11-16T14:37:58","slug":"space-oddity-recollection-27","status":"publish","type":"page","link":"https:\/\/teslafm.net\/en\/space-oddity-recollection-27\/","title":{"rendered":"Space Oddity Recollection #27"},"content":{"rendered":"<h2><span style=\"color: #ffffff;\"><strong>Space Oddity Recollection #27<\/strong><\/span><\/h2>\n<p><span style=\"color: #808080;\"><em>November 2021<\/em><\/span><\/p>\n<p><iframe src=\"https:\/\/www.mixcloud.com\/widget\/iframe\/?hide_cover=1&amp;feed=%2FTeslafm_net%2Fspace-oddity-recollection-27-monika-pich%2F\" width=\"100%\" height=\"120\" frameborder=\"0\"><\/iframe><\/p>\n<p><img fetchpriority=\"high\" decoding=\"async\" class=\"alignnone size-full wp-image-59087\" src=\"https:\/\/teslafm.net\/wp-content\/uploads\/2021\/11\/collage_cover.jpg\" alt=\"\" width=\"591\" height=\"591\" srcset=\"https:\/\/teslafm.net\/wp-content\/uploads\/2021\/11\/collage_cover.jpg 591w, https:\/\/teslafm.net\/wp-content\/uploads\/2021\/11\/collage_cover-300x300.jpg 300w, https:\/\/teslafm.net\/wp-content\/uploads\/2021\/11\/collage_cover-150x150.jpg 150w\" sizes=\"(max-width: 591px) 100vw, 591px\" \/><\/p>\n<p><span style=\"color: #808080;\">Gabi Yaya<\/span><\/p>\n<p><span style=\"color: #808080;\"><strong>Gabi Yaya<\/strong>She is a composer of instrumental, non-instrumental and transmedial electroacoustic music and professor at the National University of C\u00f3rdoba and the Provincial University of C\u00f3rdoba in Argentina. She is the principal investigator of a project on contemporary music in 21st century C\u00f3rdoba. She is also a member of the Foro Argentino de Compositoras and the Red de Compositoras Latinoamericanas (Red de Compositoras Latinoamericanas -redcLa-). She received composition awards from the International Music Examination Board of IMEB, Universidad Nacional de Quilmes, Goethe-Institut and Unesco Cultura. Her pieces have been played all over the world and now you can listen to them on radio TeslaFM.<\/span><\/p>\n<p><span style=\"color: #808080;\">Themes used in this mix:<\/span><\/p>\n<p><span style=\"color: #808080;\">* Gordo gordo gordo gordo (bass clarinet, contrabass and electronics) (2021)<\/span><br \/>\n<span style=\"color: #808080;\">* Patio (2001)<\/span><br \/>\n<span style=\"color: #808080;\">* Azrael (2004)<\/span><br \/>\n<span style=\"color: #808080;\">* And the (2015)<\/span><br \/>\n<span style=\"color: #808080;\">* Work for tape (2007)<\/span><br \/>\n<span style=\"color: #808080;\">* Aguiles 2021<\/span><br \/>\n<span style=\"color: #808080;\">* Ana, Osculo and the Tea Cups (2003)<\/span><br \/>\n<span style=\"color: #808080;\">* Rompecabeza (2015)<\/span><br \/>\n<span style=\"color: #808080;\">* * \u03a0\u03ac\u03bb\u03b9 (2021).<\/span><\/p>\n<p>&nbsp;<\/p>\n<p><span style=\"color: #808080;\">Websites:<\/span><br \/>\n<a href=\"http:\/\/gabiyaya.bandcamp.com\" target=\"_blank\" rel=\"noopener\">gabiyaya.bandcamp.com<\/a><br \/>\n<a href=\"https:\/\/soundcloud.com\/gabiyaya\" target=\"_blank\" rel=\"noopener\">soundcloud.com\/gabiyaya<\/a><br \/>\n<a href=\"https:\/\/vimeo.com\/gabiyaya\" target=\"_blank\" rel=\"noopener\">vimeo.com\/gabiyaya<\/a><br \/>\n<a href=\"https:\/\/gabiyaya.com.ar\/\" target=\"_blank\" rel=\"noopener\">gabiyaya.com.ar\/<\/a><\/p>\n<p><span style=\"color: #808080;\">Enjoy the mix, November 2021', produced by <strong>monikapich<\/strong><\/span><\/p>","protected":false},"excerpt":{"rendered":"<p>Space Oddity Recollection #27 Noviembre 2021 Gabi Yaya Gabi Yaya, compositora de m\u00fasica electroac\u00fastica instrumental, no instrumental y transmedial y profesora titular en la Universidad Nacional de C\u00f3rdoba y la Universidad Provincial de C\u00f3rdoba en Argentina. Es la investigadora principal de un proyecto sobre m\u00fasica contempor\u00e1nea en la C\u00f3rdoba del siglo XXI. Tambi\u00e9n es miembro [&hellip;]<\/p>\n","protected":false},"author":19,"featured_media":0,"parent":0,"menu_order":0,"comment_status":"closed","ping_status":"closed","template":"","meta":{"footnotes":""},"class_list":["post-59085","page","type-page","status-publish","hentry"],"yoast_head":"<!-- This site is optimized with the Yoast SEO plugin v27.4 - https:\/\/yoast.com\/product\/yoast-seo-wordpress\/ -->\n<title>Space Oddity Recollection #27 -<\/title>\n<meta name=\"robots\" content=\"index, follow, max-snippet:-1, max-image-preview:large, max-video-preview:-1\" \/>\n<link rel=\"canonical\" href=\"https:\/\/teslafm.net\/en\/space-oddity-recollection-27\/\" \/>\n<meta property=\"og:locale\" content=\"en_US\" \/>\n<meta property=\"og:type\" content=\"article\" \/>\n<meta property=\"og:title\" content=\"Space Oddity Recollection #27 -\" \/>\n<meta property=\"og:description\" content=\"Space Oddity Recollection #27 Noviembre 2021 Gabi Yaya Gabi Yaya, compositora de m\u00fasica electroac\u00fastica instrumental, no instrumental y transmedial y profesora titular en la Universidad Nacional de C\u00f3rdoba y la Universidad Provincial de C\u00f3rdoba en Argentina. Es la investigadora principal de un proyecto sobre m\u00fasica contempor\u00e1nea en la C\u00f3rdoba del siglo XXI. Tambi\u00e9n es miembro [&hellip;]\" \/>\n<meta property=\"og:url\" content=\"https:\/\/teslafm.net\/en\/space-oddity-recollection-27\/\" \/>\n<meta property=\"article:publisher\" content=\"https:\/\/www.facebook.com\/teslafm.net\" \/>\n<meta property=\"article:modified_time\" content=\"2021-11-16T14:37:58+00:00\" \/>\n<meta property=\"og:image\" content=\"https:\/\/teslafm.net\/wp-content\/uploads\/2021\/11\/collage_cover.jpg\" \/>\n<meta name=\"twitter:card\" content=\"summary_large_image\" \/>\n<meta name=\"twitter:site\" content=\"@teslafm\" \/>\n<meta name=\"twitter:label1\" content=\"Est. reading time\" \/>\n\t<meta name=\"twitter:data1\" content=\"1 minute\" \/>\n<script type=\"application\/ld+json\" class=\"yoast-schema-graph\">{\"@context\":\"https:\\\/\\\/schema.org\",\"@graph\":[{\"@type\":\"WebPage\",\"@id\":\"https:\\\/\\\/teslafm.net\\\/space-oddity-recollection-27\\\/\",\"url\":\"https:\\\/\\\/teslafm.net\\\/space-oddity-recollection-27\\\/\",\"name\":\"Space Oddity Recollection #27 -\",\"isPartOf\":{\"@id\":\"https:\\\/\\\/teslafm.net\\\/#website\"},\"primaryImageOfPage\":{\"@id\":\"https:\\\/\\\/teslafm.net\\\/space-oddity-recollection-27\\\/#primaryimage\"},\"image\":{\"@id\":\"https:\\\/\\\/teslafm.net\\\/space-oddity-recollection-27\\\/#primaryimage\"},\"thumbnailUrl\":\"https:\\\/\\\/teslafm.net\\\/wp-content\\\/uploads\\\/2021\\\/11\\\/collage_cover.jpg\",\"datePublished\":\"2021-11-16T13:47:48+00:00\",\"dateModified\":\"2021-11-16T14:37:58+00:00\",\"breadcrumb\":{\"@id\":\"https:\\\/\\\/teslafm.net\\\/space-oddity-recollection-27\\\/#breadcrumb\"},\"inLanguage\":\"en-US\",\"potentialAction\":[{\"@type\":\"ReadAction\",\"target\":[\"https:\\\/\\\/teslafm.net\\\/space-oddity-recollection-27\\\/\"]}]},{\"@type\":\"ImageObject\",\"inLanguage\":\"en-US\",\"@id\":\"https:\\\/\\\/teslafm.net\\\/space-oddity-recollection-27\\\/#primaryimage\",\"url\":\"https:\\\/\\\/teslafm.net\\\/wp-content\\\/uploads\\\/2021\\\/11\\\/collage_cover.jpg\",\"contentUrl\":\"https:\\\/\\\/teslafm.net\\\/wp-content\\\/uploads\\\/2021\\\/11\\\/collage_cover.jpg\"},{\"@type\":\"BreadcrumbList\",\"@id\":\"https:\\\/\\\/teslafm.net\\\/space-oddity-recollection-27\\\/#breadcrumb\",\"itemListElement\":[{\"@type\":\"ListItem\",\"position\":1,\"name\":\"Portada\",\"item\":\"https:\\\/\\\/teslafm.net\\\/\"},{\"@type\":\"ListItem\",\"position\":2,\"name\":\"Space Oddity Recollection #27\"}]},{\"@type\":\"WebSite\",\"@id\":\"https:\\\/\\\/teslafm.net\\\/#website\",\"url\":\"https:\\\/\\\/teslafm.net\\\/\",\"name\":\"TeslaFM\",\"description\":\"An experimental and creative radio\",\"publisher\":{\"@id\":\"https:\\\/\\\/teslafm.net\\\/#organization\"},\"potentialAction\":[{\"@type\":\"SearchAction\",\"target\":{\"@type\":\"EntryPoint\",\"urlTemplate\":\"https:\\\/\\\/teslafm.net\\\/?s={search_term_string}\"},\"query-input\":{\"@type\":\"PropertyValueSpecification\",\"valueRequired\":true,\"valueName\":\"search_term_string\"}}],\"inLanguage\":\"en-US\"},{\"@type\":\"Organization\",\"@id\":\"https:\\\/\\\/teslafm.net\\\/#organization\",\"name\":\"TeslaFM\",\"url\":\"https:\\\/\\\/teslafm.net\\\/\",\"logo\":{\"@type\":\"ImageObject\",\"inLanguage\":\"en-US\",\"@id\":\"https:\\\/\\\/teslafm.net\\\/#\\\/schema\\\/logo\\\/image\\\/\",\"url\":\"https:\\\/\\\/teslafm.net\\\/wp-content\\\/uploads\\\/2020\\\/06\\\/logo-tesla.png\",\"contentUrl\":\"https:\\\/\\\/teslafm.net\\\/wp-content\\\/uploads\\\/2020\\\/06\\\/logo-tesla.png\",\"width\":512,\"height\":512,\"caption\":\"TeslaFM\"},\"image\":{\"@id\":\"https:\\\/\\\/teslafm.net\\\/#\\\/schema\\\/logo\\\/image\\\/\"},\"sameAs\":[\"https:\\\/\\\/www.facebook.com\\\/teslafm.net\",\"https:\\\/\\\/x.com\\\/teslafm\"]}]}<\/script>\n<!-- \/ Yoast SEO plugin. -->","yoast_head_json":{"title":"Space Oddity Recollection #27 -","robots":{"index":"index","follow":"follow","max-snippet":"max-snippet:-1","max-image-preview":"max-image-preview:large","max-video-preview":"max-video-preview:-1"},"canonical":"https:\/\/teslafm.net\/en\/space-oddity-recollection-27\/","og_locale":"en_US","og_type":"article","og_title":"Space Oddity Recollection #27 -","og_description":"Space Oddity Recollection #27 Noviembre 2021 Gabi Yaya Gabi Yaya, compositora de m\u00fasica electroac\u00fastica instrumental, no instrumental y transmedial y profesora titular en la Universidad Nacional de C\u00f3rdoba y la Universidad Provincial de C\u00f3rdoba en Argentina. Es la investigadora principal de un proyecto sobre m\u00fasica contempor\u00e1nea en la C\u00f3rdoba del siglo XXI. Tambi\u00e9n es miembro [&hellip;]","og_url":"https:\/\/teslafm.net\/en\/space-oddity-recollection-27\/","article_publisher":"https:\/\/www.facebook.com\/teslafm.net","article_modified_time":"2021-11-16T14:37:58+00:00","og_image":[{"url":"https:\/\/teslafm.net\/wp-content\/uploads\/2021\/11\/collage_cover.jpg","type":"","width":"","height":""}],"twitter_card":"summary_large_image","twitter_site":"@teslafm","twitter_misc":{"Est. reading time":"1 minute"},"schema":{"@context":"https:\/\/schema.org","@graph":[{"@type":"WebPage","@id":"https:\/\/teslafm.net\/space-oddity-recollection-27\/","url":"https:\/\/teslafm.net\/space-oddity-recollection-27\/","name":"Space Oddity Recollection #27 -","isPartOf":{"@id":"https:\/\/teslafm.net\/#website"},"primaryImageOfPage":{"@id":"https:\/\/teslafm.net\/space-oddity-recollection-27\/#primaryimage"},"image":{"@id":"https:\/\/teslafm.net\/space-oddity-recollection-27\/#primaryimage"},"thumbnailUrl":"https:\/\/teslafm.net\/wp-content\/uploads\/2021\/11\/collage_cover.jpg","datePublished":"2021-11-16T13:47:48+00:00","dateModified":"2021-11-16T14:37:58+00:00","breadcrumb":{"@id":"https:\/\/teslafm.net\/space-oddity-recollection-27\/#breadcrumb"},"inLanguage":"en-US","potentialAction":[{"@type":"ReadAction","target":["https:\/\/teslafm.net\/space-oddity-recollection-27\/"]}]},{"@type":"ImageObject","inLanguage":"en-US","@id":"https:\/\/teslafm.net\/space-oddity-recollection-27\/#primaryimage","url":"https:\/\/teslafm.net\/wp-content\/uploads\/2021\/11\/collage_cover.jpg","contentUrl":"https:\/\/teslafm.net\/wp-content\/uploads\/2021\/11\/collage_cover.jpg"},{"@type":"BreadcrumbList","@id":"https:\/\/teslafm.net\/space-oddity-recollection-27\/#breadcrumb","itemListElement":[{"@type":"ListItem","position":1,"name":"Portada","item":"https:\/\/teslafm.net\/"},{"@type":"ListItem","position":2,"name":"Space Oddity Recollection #27"}]},{"@type":"WebSite","@id":"https:\/\/teslafm.net\/#website","url":"https:\/\/teslafm.net\/","name":"TeslaFM","description":"An experimental and creative radio","publisher":{"@id":"https:\/\/teslafm.net\/#organization"},"potentialAction":[{"@type":"SearchAction","target":{"@type":"EntryPoint","urlTemplate":"https:\/\/teslafm.net\/?s={search_term_string}"},"query-input":{"@type":"PropertyValueSpecification","valueRequired":true,"valueName":"search_term_string"}}],"inLanguage":"en-US"},{"@type":"Organization","@id":"https:\/\/teslafm.net\/#organization","name":"TeslaFM","url":"https:\/\/teslafm.net\/","logo":{"@type":"ImageObject","inLanguage":"en-US","@id":"https:\/\/teslafm.net\/#\/schema\/logo\/image\/","url":"https:\/\/teslafm.net\/wp-content\/uploads\/2020\/06\/logo-tesla.png","contentUrl":"https:\/\/teslafm.net\/wp-content\/uploads\/2020\/06\/logo-tesla.png","width":512,"height":512,"caption":"TeslaFM"},"image":{"@id":"https:\/\/teslafm.net\/#\/schema\/logo\/image\/"},"sameAs":["https:\/\/www.facebook.com\/teslafm.net","https:\/\/x.com\/teslafm"]}]}},"rttpg_featured_image_url":null,"rttpg_author":{"display_name":"Ishak","author_link":"https:\/\/teslafm.net\/en\/author\/cravan\/"},"rttpg_comment":0,"rttpg_category":null,"rttpg_excerpt":"Space Oddity Recollection #27 Noviembre 2021 Gabi Yaya Gabi Yaya, compositora de m\u00fasica electroac\u00fastica instrumental, no instrumental y transmedial y profesora titular en la Universidad Nacional de C\u00f3rdoba y la Universidad Provincial de C\u00f3rdoba en Argentina. Es la investigadora principal de un proyecto sobre m\u00fasica contempor\u00e1nea en la C\u00f3rdoba del siglo XXI. Tambi\u00e9n es miembro&hellip;","_links":{"self":[{"href":"https:\/\/teslafm.net\/en\/wp-json\/wp\/v2\/pages\/59085","targetHints":{"allow":["GET"]}}],"collection":[{"href":"https:\/\/teslafm.net\/en\/wp-json\/wp\/v2\/pages"}],"about":[{"href":"https:\/\/teslafm.net\/en\/wp-json\/wp\/v2\/types\/page"}],"author":[{"embeddable":true,"href":"https:\/\/teslafm.net\/en\/wp-json\/wp\/v2\/users\/19"}],"replies":[{"embeddable":true,"href":"https:\/\/teslafm.net\/en\/wp-json\/wp\/v2\/comments?post=59085"}],"version-history":[{"count":2,"href":"https:\/\/teslafm.net\/en\/wp-json\/wp\/v2\/pages\/59085\/revisions"}],"predecessor-version":[{"id":59091,"href":"https:\/\/teslafm.net\/en\/wp-json\/wp\/v2\/pages\/59085\/revisions\/59091"}],"wp:attachment":[{"href":"https:\/\/teslafm.net\/en\/wp-json\/wp\/v2\/media?parent=59085"}],"curies":[{"name":"wp","href":"https:\/\/api.w.org\/{rel}","templated":true}]}}