

{"id":59147,"date":"2021-12-02T17:42:49","date_gmt":"2021-12-02T16:42:49","guid":{"rendered":"https:\/\/teslafm.net\/?page_id=59147"},"modified":"2021-12-02T17:42:49","modified_gmt":"2021-12-02T16:42:49","slug":"resonancias-36","status":"publish","type":"page","link":"https:\/\/teslafm.net\/en\/resonancias-36\/","title":{"rendered":"Resonances #36"},"content":{"rendered":"<h2><span style=\"color: #ffffff;\"><strong>Resonances #36<\/strong><\/span><\/h2>\n<p><span style=\"color: #808080;\"><em>Frederic Mompou, piano<\/em><\/span><\/p>\n<p><iframe src=\"https:\/\/www.mixcloud.com\/widget\/iframe\/?hide_cover=1&amp;feed=%2FTeslafm_net%2Fresonancias-36-dani-blue%2F\" width=\"100%\" height=\"120\" frameborder=\"0\"><\/iframe><\/p>\n<div class=\"\"><span style=\"color: #808080;\">We will listen to a selection of piano pieces by the composer and pianist <strong>Frederic Mompou<\/strong>He was perhaps the most outstanding in his field within the national panorama of the first half of the 20th century and much more recognized in Europe than in his homeland. Discreet music, dreamy and nonconformist with the orthodoxy of his time that combines simple melodies and structures with very personal techniques in the sonority.<\/span><\/div>\n<p>&nbsp;<\/p>\n<p><span style=\"color: #808080;\"><strong>Frederic Mompou<\/strong> - Piano -<\/span><\/p>\n<div class=\"\"><span style=\"color: #808080;\">01. Quiet Music - Notebook I (9 pieces) - 1959\u00a0<\/span><\/div>\n<div class=\"\"><span style=\"color: #808080;\">02. Quiet Music - Notebook IV (6 pieces) - 1967<\/span><\/div>\n<div class=\"\"><span style=\"color: #808080;\">03. Charmes - (6 pieces) - 1932<\/span><\/div>\n<div class=\"\"><span style=\"color: #808080;\">04. Preludes - (12 pieces) - 1927 - 1960<\/span><\/div>\n<div class=\"\"><span style=\"color: #808080;\">05. Dialogues - (1piece) - 1923<\/span><\/div>\n<div class=\"\"><\/div>\n<div class=\"\"><span style=\"color: #808080;\">Piano: <strong>Josep Colom\u00a0<\/strong><\/span><\/div>","protected":false},"excerpt":{"rendered":"<p>Resonancias #36 Frederic Mompou, piano Escucharemos una selecci\u00f3n de piezas para piano del compositor y pianista Frederic Mompou, tal vez el m\u00e1s destacado en su campo dentro del panorama nacional de la primera mitad del siglo XX y mucho m\u00e1s reconocido en Europa que en su tierra. M\u00fasica discreta, enso\u00f1adora e inconformista con la ortodoxia [&hellip;]<\/p>\n","protected":false},"author":19,"featured_media":0,"parent":0,"menu_order":0,"comment_status":"closed","ping_status":"closed","template":"","meta":{"footnotes":""},"class_list":["post-59147","page","type-page","status-publish","hentry"],"yoast_head":"<!-- This site is optimized with the Yoast SEO plugin v27.2 - https:\/\/yoast.com\/product\/yoast-seo-wordpress\/ -->\n<title>Resonancias #36 -<\/title>\n<meta name=\"robots\" content=\"index, follow, max-snippet:-1, max-image-preview:large, max-video-preview:-1\" \/>\n<link rel=\"canonical\" href=\"https:\/\/teslafm.net\/en\/resonancias-36\/\" \/>\n<meta property=\"og:locale\" content=\"en_US\" \/>\n<meta property=\"og:type\" content=\"article\" \/>\n<meta property=\"og:title\" content=\"Resonancias #36 -\" \/>\n<meta property=\"og:description\" content=\"Resonancias #36 Frederic Mompou, piano Escucharemos una selecci\u00f3n de piezas para piano del compositor y pianista Frederic Mompou, tal vez el m\u00e1s destacado en su campo dentro del panorama nacional de la primera mitad del siglo XX y mucho m\u00e1s reconocido en Europa que en su tierra. M\u00fasica discreta, enso\u00f1adora e inconformista con la ortodoxia [&hellip;]\" \/>\n<meta property=\"og:url\" content=\"https:\/\/teslafm.net\/en\/resonancias-36\/\" \/>\n<meta property=\"article:publisher\" content=\"https:\/\/www.facebook.com\/teslafm.net\" \/>\n<meta property=\"og:image\" content=\"https:\/\/teslafm.net\/wp-content\/uploads\/2022\/09\/header-image-4-temp.png\" \/>\n\t<meta property=\"og:image:width\" content=\"1274\" \/>\n\t<meta property=\"og:image:height\" content=\"818\" \/>\n\t<meta property=\"og:image:type\" content=\"image\/png\" \/>\n<meta name=\"twitter:card\" content=\"summary_large_image\" \/>\n<meta name=\"twitter:site\" content=\"@teslafm\" \/>\n<meta name=\"twitter:label1\" content=\"Est. reading time\" \/>\n\t<meta name=\"twitter:data1\" content=\"1 minute\" \/>\n<script type=\"application\/ld+json\" class=\"yoast-schema-graph\">{\"@context\":\"https:\/\/schema.org\",\"@graph\":[{\"@type\":\"WebPage\",\"@id\":\"https:\/\/teslafm.net\/resonancias-36\/\",\"url\":\"https:\/\/teslafm.net\/resonancias-36\/\",\"name\":\"Resonancias #36 -\",\"isPartOf\":{\"@id\":\"https:\/\/teslafm.net\/#website\"},\"datePublished\":\"2021-12-02T16:42:49+00:00\",\"breadcrumb\":{\"@id\":\"https:\/\/teslafm.net\/resonancias-36\/#breadcrumb\"},\"inLanguage\":\"en-US\",\"potentialAction\":[{\"@type\":\"ReadAction\",\"target\":[\"https:\/\/teslafm.net\/resonancias-36\/\"]}]},{\"@type\":\"BreadcrumbList\",\"@id\":\"https:\/\/teslafm.net\/resonancias-36\/#breadcrumb\",\"itemListElement\":[{\"@type\":\"ListItem\",\"position\":1,\"name\":\"Portada\",\"item\":\"https:\/\/teslafm.net\/\"},{\"@type\":\"ListItem\",\"position\":2,\"name\":\"Resonancias #36\"}]},{\"@type\":\"WebSite\",\"@id\":\"https:\/\/teslafm.net\/#website\",\"url\":\"https:\/\/teslafm.net\/\",\"name\":\"TeslaFM\",\"description\":\"An experimental and creative radio\",\"publisher\":{\"@id\":\"https:\/\/teslafm.net\/#organization\"},\"potentialAction\":[{\"@type\":\"SearchAction\",\"target\":{\"@type\":\"EntryPoint\",\"urlTemplate\":\"https:\/\/teslafm.net\/?s={search_term_string}\"},\"query-input\":{\"@type\":\"PropertyValueSpecification\",\"valueRequired\":true,\"valueName\":\"search_term_string\"}}],\"inLanguage\":\"en-US\"},{\"@type\":\"Organization\",\"@id\":\"https:\/\/teslafm.net\/#organization\",\"name\":\"TeslaFM\",\"url\":\"https:\/\/teslafm.net\/\",\"logo\":{\"@type\":\"ImageObject\",\"inLanguage\":\"en-US\",\"@id\":\"https:\/\/teslafm.net\/#\/schema\/logo\/image\/\",\"url\":\"https:\/\/teslafm.net\/wp-content\/uploads\/2020\/06\/logo-tesla.png\",\"contentUrl\":\"https:\/\/teslafm.net\/wp-content\/uploads\/2020\/06\/logo-tesla.png\",\"width\":512,\"height\":512,\"caption\":\"TeslaFM\"},\"image\":{\"@id\":\"https:\/\/teslafm.net\/#\/schema\/logo\/image\/\"},\"sameAs\":[\"https:\/\/www.facebook.com\/teslafm.net\",\"https:\/\/x.com\/teslafm\"]}]}<\/script>\n<!-- \/ Yoast SEO plugin. -->","yoast_head_json":{"title":"Resonances #36 -","robots":{"index":"index","follow":"follow","max-snippet":"max-snippet:-1","max-image-preview":"max-image-preview:large","max-video-preview":"max-video-preview:-1"},"canonical":"https:\/\/teslafm.net\/en\/resonancias-36\/","og_locale":"en_US","og_type":"article","og_title":"Resonancias #36 -","og_description":"Resonancias #36 Frederic Mompou, piano Escucharemos una selecci\u00f3n de piezas para piano del compositor y pianista Frederic Mompou, tal vez el m\u00e1s destacado en su campo dentro del panorama nacional de la primera mitad del siglo XX y mucho m\u00e1s reconocido en Europa que en su tierra. M\u00fasica discreta, enso\u00f1adora e inconformista con la ortodoxia [&hellip;]","og_url":"https:\/\/teslafm.net\/en\/resonancias-36\/","article_publisher":"https:\/\/www.facebook.com\/teslafm.net","og_image":[{"width":1274,"height":818,"url":"https:\/\/teslafm.net\/wp-content\/uploads\/2022\/09\/header-image-4-temp.png","type":"image\/png"}],"twitter_card":"summary_large_image","twitter_site":"@teslafm","twitter_misc":{"Est. reading time":"1 minute"},"schema":{"@context":"https:\/\/schema.org","@graph":[{"@type":"WebPage","@id":"https:\/\/teslafm.net\/resonancias-36\/","url":"https:\/\/teslafm.net\/resonancias-36\/","name":"Resonances #36 -","isPartOf":{"@id":"https:\/\/teslafm.net\/#website"},"datePublished":"2021-12-02T16:42:49+00:00","breadcrumb":{"@id":"https:\/\/teslafm.net\/resonancias-36\/#breadcrumb"},"inLanguage":"en-US","potentialAction":[{"@type":"ReadAction","target":["https:\/\/teslafm.net\/resonancias-36\/"]}]},{"@type":"BreadcrumbList","@id":"https:\/\/teslafm.net\/resonancias-36\/#breadcrumb","itemListElement":[{"@type":"ListItem","position":1,"name":"Portada","item":"https:\/\/teslafm.net\/"},{"@type":"ListItem","position":2,"name":"Resonancias #36"}]},{"@type":"WebSite","@id":"https:\/\/teslafm.net\/#website","url":"https:\/\/teslafm.net\/","name":"TeslaFM","description":"An experimental and creative radio","publisher":{"@id":"https:\/\/teslafm.net\/#organization"},"potentialAction":[{"@type":"SearchAction","target":{"@type":"EntryPoint","urlTemplate":"https:\/\/teslafm.net\/?s={search_term_string}"},"query-input":{"@type":"PropertyValueSpecification","valueRequired":true,"valueName":"search_term_string"}}],"inLanguage":"en-US"},{"@type":"Organization","@id":"https:\/\/teslafm.net\/#organization","name":"TeslaFM","url":"https:\/\/teslafm.net\/","logo":{"@type":"ImageObject","inLanguage":"en-US","@id":"https:\/\/teslafm.net\/#\/schema\/logo\/image\/","url":"https:\/\/teslafm.net\/wp-content\/uploads\/2020\/06\/logo-tesla.png","contentUrl":"https:\/\/teslafm.net\/wp-content\/uploads\/2020\/06\/logo-tesla.png","width":512,"height":512,"caption":"TeslaFM"},"image":{"@id":"https:\/\/teslafm.net\/#\/schema\/logo\/image\/"},"sameAs":["https:\/\/www.facebook.com\/teslafm.net","https:\/\/x.com\/teslafm"]}]}},"rttpg_featured_image_url":null,"rttpg_author":{"display_name":"Ishak","author_link":"https:\/\/teslafm.net\/en\/author\/cravan\/"},"rttpg_comment":0,"rttpg_category":null,"rttpg_excerpt":"Resonancias #36 Frederic Mompou, piano Escucharemos una selecci\u00f3n de piezas para piano del compositor y pianista Frederic Mompou, tal vez el m\u00e1s destacado en su campo dentro del panorama nacional de la primera mitad del siglo XX y mucho m\u00e1s reconocido en Europa que en su tierra. M\u00fasica discreta, enso\u00f1adora e inconformista con la ortodoxia&hellip;","_links":{"self":[{"href":"https:\/\/teslafm.net\/en\/wp-json\/wp\/v2\/pages\/59147","targetHints":{"allow":["GET"]}}],"collection":[{"href":"https:\/\/teslafm.net\/en\/wp-json\/wp\/v2\/pages"}],"about":[{"href":"https:\/\/teslafm.net\/en\/wp-json\/wp\/v2\/types\/page"}],"author":[{"embeddable":true,"href":"https:\/\/teslafm.net\/en\/wp-json\/wp\/v2\/users\/19"}],"replies":[{"embeddable":true,"href":"https:\/\/teslafm.net\/en\/wp-json\/wp\/v2\/comments?post=59147"}],"version-history":[{"count":1,"href":"https:\/\/teslafm.net\/en\/wp-json\/wp\/v2\/pages\/59147\/revisions"}],"predecessor-version":[{"id":59148,"href":"https:\/\/teslafm.net\/en\/wp-json\/wp\/v2\/pages\/59147\/revisions\/59148"}],"wp:attachment":[{"href":"https:\/\/teslafm.net\/en\/wp-json\/wp\/v2\/media?parent=59147"}],"curies":[{"name":"wp","href":"https:\/\/api.w.org\/{rel}","templated":true}]}}