

{"id":59156,"date":"2021-12-04T15:52:24","date_gmt":"2021-12-04T14:52:24","guid":{"rendered":"https:\/\/teslafm.net\/?page_id=59156"},"modified":"2023-02-23T13:01:52","modified_gmt":"2023-02-23T12:01:52","slug":"spur-10","status":"publish","type":"page","link":"https:\/\/teslafm.net\/en\/spur-10\/","title":{"rendered":"Spur #10"},"content":{"rendered":"<h2><span style=\"color: #ffffff;\"><strong>Spur #10<\/strong><\/span><\/h2>\n<p><span style=\"color: #808080;\"><em>December 2021<\/em><\/span><\/p>\n<p><a href=\"https:\/\/teslafm.net\/en\/Spur%2010.mp3\/\" target=\"_blank\" rel=\"noopener\"><img fetchpriority=\"high\" decoding=\"async\" class=\"alignnone wp-image-61775 size-full\" src=\"http:\/\/teslafm.net\/wp-content\/uploads\/2023\/02\/spur-10.jpg\" alt=\"\" width=\"1116\" height=\"117\" srcset=\"https:\/\/teslafm.net\/wp-content\/uploads\/2023\/02\/spur-10.jpg 1116w, https:\/\/teslafm.net\/wp-content\/uploads\/2023\/02\/spur-10-300x31.jpg 300w, https:\/\/teslafm.net\/wp-content\/uploads\/2023\/02\/spur-10-1024x107.jpg 1024w, https:\/\/teslafm.net\/wp-content\/uploads\/2023\/02\/spur-10-768x81.jpg 768w\" sizes=\"(max-width: 1116px) 100vw, 1116px\" \/><\/a><\/p>\n<p><span style=\"color: #808080;\">Today's program is dedicated to <strong>Richard H. Kirk<\/strong>a review of the artist's early period and an overview of his work in <strong>Cabaret Voltaire<\/strong> from the 1980s to '86 and of his latest work done in 2017.<\/span><\/p>","protected":false},"excerpt":{"rendered":"<p>Spur #10 December 2021 Today's program is dedicated to Richard H. Kirk, a review of the artist's early period and a survey of his work at Cabaret Voltaire from the 1980s to '86 and his latest work done in 2017.<\/p>","protected":false},"author":19,"featured_media":0,"parent":0,"menu_order":0,"comment_status":"closed","ping_status":"closed","template":"","meta":{"footnotes":""},"class_list":["post-59156","page","type-page","status-publish","hentry"],"yoast_head":"<!-- This site is optimized with the Yoast SEO plugin v27.4 - https:\/\/yoast.com\/product\/yoast-seo-wordpress\/ -->\n<title>Spur #10 -<\/title>\n<meta name=\"robots\" content=\"index, follow, max-snippet:-1, max-image-preview:large, max-video-preview:-1\" \/>\n<link rel=\"canonical\" href=\"https:\/\/teslafm.net\/en\/spur-10\/\" \/>\n<meta property=\"og:locale\" content=\"en_US\" \/>\n<meta property=\"og:type\" content=\"article\" \/>\n<meta property=\"og:title\" content=\"Spur #10 -\" \/>\n<meta property=\"og:description\" content=\"Spur #10 Diciembre 2021 El programa de hoy va dedicado a Richard H. Kirk, un repaso por la primera \u00e9poca del artista y un recorrido de su obra en Cabaret Voltaire desde los a\u00f1os 80 hasta el 86 y de su \u00faltima trabajo realizado en el 2017.\" \/>\n<meta property=\"og:url\" content=\"https:\/\/teslafm.net\/en\/spur-10\/\" \/>\n<meta property=\"article:publisher\" content=\"https:\/\/www.facebook.com\/teslafm.net\" \/>\n<meta property=\"article:modified_time\" content=\"2023-02-23T12:01:52+00:00\" \/>\n<meta property=\"og:image\" content=\"http:\/\/teslafm.net\/wp-content\/uploads\/2023\/02\/spur-10.jpg\" \/>\n<meta name=\"twitter:card\" content=\"summary_large_image\" \/>\n<meta name=\"twitter:site\" content=\"@teslafm\" \/>\n<meta name=\"twitter:label1\" content=\"Est. reading time\" \/>\n\t<meta name=\"twitter:data1\" content=\"1 minute\" \/>\n<script type=\"application\/ld+json\" class=\"yoast-schema-graph\">{\"@context\":\"https:\\\/\\\/schema.org\",\"@graph\":[{\"@type\":\"WebPage\",\"@id\":\"https:\\\/\\\/teslafm.net\\\/spur-10\\\/\",\"url\":\"https:\\\/\\\/teslafm.net\\\/spur-10\\\/\",\"name\":\"Spur #10 -\",\"isPartOf\":{\"@id\":\"https:\\\/\\\/teslafm.net\\\/#website\"},\"primaryImageOfPage\":{\"@id\":\"https:\\\/\\\/teslafm.net\\\/spur-10\\\/#primaryimage\"},\"image\":{\"@id\":\"https:\\\/\\\/teslafm.net\\\/spur-10\\\/#primaryimage\"},\"thumbnailUrl\":\"http:\\\/\\\/teslafm.net\\\/wp-content\\\/uploads\\\/2023\\\/02\\\/spur-10.jpg\",\"datePublished\":\"2021-12-04T14:52:24+00:00\",\"dateModified\":\"2023-02-23T12:01:52+00:00\",\"breadcrumb\":{\"@id\":\"https:\\\/\\\/teslafm.net\\\/spur-10\\\/#breadcrumb\"},\"inLanguage\":\"en-US\",\"potentialAction\":[{\"@type\":\"ReadAction\",\"target\":[\"https:\\\/\\\/teslafm.net\\\/spur-10\\\/\"]}]},{\"@type\":\"ImageObject\",\"inLanguage\":\"en-US\",\"@id\":\"https:\\\/\\\/teslafm.net\\\/spur-10\\\/#primaryimage\",\"url\":\"http:\\\/\\\/teslafm.net\\\/wp-content\\\/uploads\\\/2023\\\/02\\\/spur-10.jpg\",\"contentUrl\":\"http:\\\/\\\/teslafm.net\\\/wp-content\\\/uploads\\\/2023\\\/02\\\/spur-10.jpg\"},{\"@type\":\"BreadcrumbList\",\"@id\":\"https:\\\/\\\/teslafm.net\\\/spur-10\\\/#breadcrumb\",\"itemListElement\":[{\"@type\":\"ListItem\",\"position\":1,\"name\":\"Portada\",\"item\":\"https:\\\/\\\/teslafm.net\\\/\"},{\"@type\":\"ListItem\",\"position\":2,\"name\":\"Spur #10\"}]},{\"@type\":\"WebSite\",\"@id\":\"https:\\\/\\\/teslafm.net\\\/#website\",\"url\":\"https:\\\/\\\/teslafm.net\\\/\",\"name\":\"TeslaFM\",\"description\":\"An experimental and creative radio\",\"publisher\":{\"@id\":\"https:\\\/\\\/teslafm.net\\\/#organization\"},\"potentialAction\":[{\"@type\":\"SearchAction\",\"target\":{\"@type\":\"EntryPoint\",\"urlTemplate\":\"https:\\\/\\\/teslafm.net\\\/?s={search_term_string}\"},\"query-input\":{\"@type\":\"PropertyValueSpecification\",\"valueRequired\":true,\"valueName\":\"search_term_string\"}}],\"inLanguage\":\"en-US\"},{\"@type\":\"Organization\",\"@id\":\"https:\\\/\\\/teslafm.net\\\/#organization\",\"name\":\"TeslaFM\",\"url\":\"https:\\\/\\\/teslafm.net\\\/\",\"logo\":{\"@type\":\"ImageObject\",\"inLanguage\":\"en-US\",\"@id\":\"https:\\\/\\\/teslafm.net\\\/#\\\/schema\\\/logo\\\/image\\\/\",\"url\":\"https:\\\/\\\/teslafm.net\\\/wp-content\\\/uploads\\\/2020\\\/06\\\/logo-tesla.png\",\"contentUrl\":\"https:\\\/\\\/teslafm.net\\\/wp-content\\\/uploads\\\/2020\\\/06\\\/logo-tesla.png\",\"width\":512,\"height\":512,\"caption\":\"TeslaFM\"},\"image\":{\"@id\":\"https:\\\/\\\/teslafm.net\\\/#\\\/schema\\\/logo\\\/image\\\/\"},\"sameAs\":[\"https:\\\/\\\/www.facebook.com\\\/teslafm.net\",\"https:\\\/\\\/x.com\\\/teslafm\"]}]}<\/script>\n<!-- \/ Yoast SEO plugin. -->","yoast_head_json":{"title":"Spur #10 -","robots":{"index":"index","follow":"follow","max-snippet":"max-snippet:-1","max-image-preview":"max-image-preview:large","max-video-preview":"max-video-preview:-1"},"canonical":"https:\/\/teslafm.net\/en\/spur-10\/","og_locale":"en_US","og_type":"article","og_title":"Spur #10 -","og_description":"Spur #10 Diciembre 2021 El programa de hoy va dedicado a Richard H. Kirk, un repaso por la primera \u00e9poca del artista y un recorrido de su obra en Cabaret Voltaire desde los a\u00f1os 80 hasta el 86 y de su \u00faltima trabajo realizado en el 2017.","og_url":"https:\/\/teslafm.net\/en\/spur-10\/","article_publisher":"https:\/\/www.facebook.com\/teslafm.net","article_modified_time":"2023-02-23T12:01:52+00:00","og_image":[{"url":"http:\/\/teslafm.net\/wp-content\/uploads\/2023\/02\/spur-10.jpg","type":"","width":"","height":""}],"twitter_card":"summary_large_image","twitter_site":"@teslafm","twitter_misc":{"Est. reading time":"1 minute"},"schema":{"@context":"https:\/\/schema.org","@graph":[{"@type":"WebPage","@id":"https:\/\/teslafm.net\/spur-10\/","url":"https:\/\/teslafm.net\/spur-10\/","name":"Spur #10 -","isPartOf":{"@id":"https:\/\/teslafm.net\/#website"},"primaryImageOfPage":{"@id":"https:\/\/teslafm.net\/spur-10\/#primaryimage"},"image":{"@id":"https:\/\/teslafm.net\/spur-10\/#primaryimage"},"thumbnailUrl":"http:\/\/teslafm.net\/wp-content\/uploads\/2023\/02\/spur-10.jpg","datePublished":"2021-12-04T14:52:24+00:00","dateModified":"2023-02-23T12:01:52+00:00","breadcrumb":{"@id":"https:\/\/teslafm.net\/spur-10\/#breadcrumb"},"inLanguage":"en-US","potentialAction":[{"@type":"ReadAction","target":["https:\/\/teslafm.net\/spur-10\/"]}]},{"@type":"ImageObject","inLanguage":"en-US","@id":"https:\/\/teslafm.net\/spur-10\/#primaryimage","url":"http:\/\/teslafm.net\/wp-content\/uploads\/2023\/02\/spur-10.jpg","contentUrl":"http:\/\/teslafm.net\/wp-content\/uploads\/2023\/02\/spur-10.jpg"},{"@type":"BreadcrumbList","@id":"https:\/\/teslafm.net\/spur-10\/#breadcrumb","itemListElement":[{"@type":"ListItem","position":1,"name":"Portada","item":"https:\/\/teslafm.net\/"},{"@type":"ListItem","position":2,"name":"Spur #10"}]},{"@type":"WebSite","@id":"https:\/\/teslafm.net\/#website","url":"https:\/\/teslafm.net\/","name":"TeslaFM","description":"An experimental and creative radio","publisher":{"@id":"https:\/\/teslafm.net\/#organization"},"potentialAction":[{"@type":"SearchAction","target":{"@type":"EntryPoint","urlTemplate":"https:\/\/teslafm.net\/?s={search_term_string}"},"query-input":{"@type":"PropertyValueSpecification","valueRequired":true,"valueName":"search_term_string"}}],"inLanguage":"en-US"},{"@type":"Organization","@id":"https:\/\/teslafm.net\/#organization","name":"TeslaFM","url":"https:\/\/teslafm.net\/","logo":{"@type":"ImageObject","inLanguage":"en-US","@id":"https:\/\/teslafm.net\/#\/schema\/logo\/image\/","url":"https:\/\/teslafm.net\/wp-content\/uploads\/2020\/06\/logo-tesla.png","contentUrl":"https:\/\/teslafm.net\/wp-content\/uploads\/2020\/06\/logo-tesla.png","width":512,"height":512,"caption":"TeslaFM"},"image":{"@id":"https:\/\/teslafm.net\/#\/schema\/logo\/image\/"},"sameAs":["https:\/\/www.facebook.com\/teslafm.net","https:\/\/x.com\/teslafm"]}]}},"rttpg_featured_image_url":null,"rttpg_author":{"display_name":"Ishak","author_link":"https:\/\/teslafm.net\/en\/author\/cravan\/"},"rttpg_comment":0,"rttpg_category":null,"rttpg_excerpt":"Spur #10 Diciembre 2021 El programa de hoy va dedicado a Richard H. Kirk, un repaso por la primera \u00e9poca del artista y un recorrido de su obra en Cabaret Voltaire desde los a\u00f1os 80 hasta el 86 y de su \u00faltima trabajo realizado en el 2017.","_links":{"self":[{"href":"https:\/\/teslafm.net\/en\/wp-json\/wp\/v2\/pages\/59156","targetHints":{"allow":["GET"]}}],"collection":[{"href":"https:\/\/teslafm.net\/en\/wp-json\/wp\/v2\/pages"}],"about":[{"href":"https:\/\/teslafm.net\/en\/wp-json\/wp\/v2\/types\/page"}],"author":[{"embeddable":true,"href":"https:\/\/teslafm.net\/en\/wp-json\/wp\/v2\/users\/19"}],"replies":[{"embeddable":true,"href":"https:\/\/teslafm.net\/en\/wp-json\/wp\/v2\/comments?post=59156"}],"version-history":[{"count":2,"href":"https:\/\/teslafm.net\/en\/wp-json\/wp\/v2\/pages\/59156\/revisions"}],"predecessor-version":[{"id":61779,"href":"https:\/\/teslafm.net\/en\/wp-json\/wp\/v2\/pages\/59156\/revisions\/61779"}],"wp:attachment":[{"href":"https:\/\/teslafm.net\/en\/wp-json\/wp\/v2\/media?parent=59156"}],"curies":[{"name":"wp","href":"https:\/\/api.w.org\/{rel}","templated":true}]}}