

{"id":59159,"date":"2021-12-07T16:22:56","date_gmt":"2021-12-07T15:22:56","guid":{"rendered":"https:\/\/teslafm.net\/?page_id=59159"},"modified":"2021-12-07T16:29:58","modified_gmt":"2021-12-07T15:29:58","slug":"ones-de-crom-4","status":"publish","type":"page","link":"https:\/\/teslafm.net\/en\/ones-de-crom-4\/","title":{"rendered":"Ones de Crom #4"},"content":{"rendered":"<div data-elementor-type=\"wp-page\" data-elementor-id=\"59159\" class=\"elementor elementor-59159\">\n\t\t\t\t\t\t<section class=\"elementor-section elementor-top-section elementor-element elementor-element-798d384c elementor-section-boxed elementor-section-height-default elementor-section-height-default\" data-id=\"798d384c\" data-element_type=\"section\" data-e-type=\"section\">\n\t\t\t\t\t\t<div class=\"elementor-container elementor-column-gap-default\">\n\t\t\t\t\t<div class=\"elementor-column elementor-col-100 elementor-top-column elementor-element elementor-element-22c61c17\" data-id=\"22c61c17\" data-element_type=\"column\" data-e-type=\"column\">\n\t\t\t<div class=\"elementor-widget-wrap elementor-element-populated\">\n\t\t\t\t\t\t<div class=\"elementor-element elementor-element-6ef7fc28 elementor-widget elementor-widget-text-editor\" data-id=\"6ef7fc28\" data-element_type=\"widget\" data-e-type=\"widget\" data-widget_type=\"text-editor.default\">\n\t\t\t\t<div class=\"elementor-widget-container\">\n\t\t\t\t\t\t\t\t\t<h2><span style=\"color: #ffffff;\"><strong>Ones de Crom #4<\/strong><\/span><\/h2><p><span style=\"color: #808080;\"><em>Igor Wakh\u00e9vitch<\/em><\/span><\/p><p><iframe src=\"https:\/\/www.mixcloud.com\/widget\/iframe\/?hide_cover=1&amp;feed=%2FTeslafm_net%2Fones-de-crom-4-emili-mir%C3%B3%2F\" width=\"100%\" height=\"120\" frameborder=\"0\"><\/iframe><\/p>\t\t\t\t\t\t\t\t<\/div>\n\t\t\t\t<\/div>\n\t\t\t\t\t<\/div>\n\t\t<\/div>\n\t\t\t\t\t<\/div>\n\t\t<\/section>\n\t\t\t\t<section class=\"elementor-section elementor-top-section elementor-element elementor-element-5301a4d elementor-section-boxed elementor-section-height-default elementor-section-height-default\" data-id=\"5301a4d\" data-element_type=\"section\" data-e-type=\"section\">\n\t\t\t\t\t\t<div class=\"elementor-container elementor-column-gap-default\">\n\t\t\t\t\t<div class=\"elementor-column elementor-col-100 elementor-top-column elementor-element elementor-element-37e769e\" data-id=\"37e769e\" data-element_type=\"column\" data-e-type=\"column\">\n\t\t\t<div class=\"elementor-widget-wrap elementor-element-populated\">\n\t\t\t\t\t\t<div class=\"elementor-element elementor-element-4d91df7 elementor-position-left elementor-vertical-align-top elementor-widget elementor-widget-image-box\" data-id=\"4d91df7\" data-element_type=\"widget\" data-e-type=\"widget\" data-widget_type=\"image-box.default\">\n\t\t\t\t<div class=\"elementor-widget-container\">\n\t\t\t\t\t<div class=\"elementor-image-box-wrapper\"><figure class=\"elementor-image-box-img\"><img fetchpriority=\"high\" decoding=\"async\" width=\"250\" height=\"272\" src=\"https:\/\/teslafm.net\/wp-content\/uploads\/2021\/12\/IGOR-WAKHEVITCH.jpg\" class=\"attachment-full size-full wp-image-59161\" alt=\"\" \/><\/figure><div class=\"elementor-image-box-content\"><p class=\"elementor-image-box-description\">11 March 2020. This French composer's avant-garde is found in his works of contemporary, electronic, psychedelic and minimalist music published in the 70's and some of them nowadays. He contributed music to an opera-poem by Salvador Dal\u00ed and was influenced by the thought of the cabalistic, Hindu, ritual, Christian and occultist world, being a master in electronic sounds, percussions and sonorous atmospheres. His works from the 70's have been reedited a few years ago by the Barcelona label Fauni Gena. We listen to \"Logos\" (1970), \"Docteur Faust\" (1971), \"Hathor\" (1973), \"Les Fous D'Or\" (1975), \"Nagual (Les Ailes De La Perception)\" (1977), \"Let's Start\" (1979), \"Etre Dieu\" by Salvador Dal\u00ed (1985), \"Ahata Anahata (L'Audible Et L'Inaudible)\" (2007) and \"Kshatrya (The Eye Of The Bird)\" (2019).<\/p><\/div><\/div>\t\t\t\t<\/div>\n\t\t\t\t<\/div>\n\t\t\t\t\t<\/div>\n\t\t<\/div>\n\t\t\t\t\t<\/div>\n\t\t<\/section>\n\t\t\t\t<\/div>","protected":false},"excerpt":{"rendered":"<p>Ones de Crom #4 Igor Wakh\u00e9vitch 11 de mar\u00e7 2020. L&#8217;avantguarda d&#8217;aquest compositor franc\u00e9s es troba en les seves obres de m\u00fasica contempor\u00e0nea, electr\u00f2nica, psicod\u00e8lia i minimalisme publicades als anys 70 i algunes a l&#8217;actualitat. Va aportar m\u00fasica a una \u00f2pera-poema de Salvador Dal\u00ed i es va influir pel pensament del m\u00f3n cabal\u00edstic, hind\u00fa, ritual, [&hellip;]<\/p>\n","protected":false},"author":19,"featured_media":0,"parent":0,"menu_order":0,"comment_status":"closed","ping_status":"closed","template":"","meta":{"footnotes":""},"class_list":["post-59159","page","type-page","status-publish","hentry"],"yoast_head":"<!-- This site is optimized with the Yoast SEO plugin v27.2 - https:\/\/yoast.com\/product\/yoast-seo-wordpress\/ -->\n<title>Ones de Crom #4 -<\/title>\n<meta name=\"robots\" content=\"index, follow, max-snippet:-1, max-image-preview:large, max-video-preview:-1\" \/>\n<link rel=\"canonical\" href=\"https:\/\/teslafm.net\/en\/ones-de-crom-4\/\" \/>\n<meta property=\"og:locale\" content=\"en_US\" \/>\n<meta property=\"og:type\" content=\"article\" \/>\n<meta property=\"og:title\" content=\"Ones de Crom #4 -\" \/>\n<meta property=\"og:description\" content=\"Ones de Crom #4 Igor Wakh\u00e9vitch 11 de mar\u00e7 2020. L&#8217;avantguarda d&#8217;aquest compositor franc\u00e9s es troba en les seves obres de m\u00fasica contempor\u00e0nea, electr\u00f2nica, psicod\u00e8lia i minimalisme publicades als anys 70 i algunes a l&#8217;actualitat. Va aportar m\u00fasica a una \u00f2pera-poema de Salvador Dal\u00ed i es va influir pel pensament del m\u00f3n cabal\u00edstic, hind\u00fa, ritual, [&hellip;]\" \/>\n<meta property=\"og:url\" content=\"https:\/\/teslafm.net\/en\/ones-de-crom-4\/\" \/>\n<meta property=\"article:publisher\" content=\"https:\/\/www.facebook.com\/teslafm.net\" \/>\n<meta property=\"article:modified_time\" content=\"2021-12-07T15:29:58+00:00\" \/>\n<meta property=\"og:image\" content=\"https:\/\/teslafm.net\/wp-content\/uploads\/2021\/12\/IGOR-WAKHEVITCH.jpg\" \/>\n<meta name=\"twitter:card\" content=\"summary_large_image\" \/>\n<meta name=\"twitter:site\" content=\"@teslafm\" \/>\n<meta name=\"twitter:label1\" content=\"Est. reading time\" \/>\n\t<meta name=\"twitter:data1\" content=\"1 minute\" \/>\n<script type=\"application\/ld+json\" class=\"yoast-schema-graph\">{\"@context\":\"https:\/\/schema.org\",\"@graph\":[{\"@type\":\"WebPage\",\"@id\":\"https:\/\/teslafm.net\/ones-de-crom-4\/\",\"url\":\"https:\/\/teslafm.net\/ones-de-crom-4\/\",\"name\":\"Ones de Crom #4 -\",\"isPartOf\":{\"@id\":\"https:\/\/teslafm.net\/#website\"},\"primaryImageOfPage\":{\"@id\":\"https:\/\/teslafm.net\/ones-de-crom-4\/#primaryimage\"},\"image\":{\"@id\":\"https:\/\/teslafm.net\/ones-de-crom-4\/#primaryimage\"},\"thumbnailUrl\":\"https:\/\/teslafm.net\/wp-content\/uploads\/2021\/12\/IGOR-WAKHEVITCH.jpg\",\"datePublished\":\"2021-12-07T15:22:56+00:00\",\"dateModified\":\"2021-12-07T15:29:58+00:00\",\"breadcrumb\":{\"@id\":\"https:\/\/teslafm.net\/ones-de-crom-4\/#breadcrumb\"},\"inLanguage\":\"en-US\",\"potentialAction\":[{\"@type\":\"ReadAction\",\"target\":[\"https:\/\/teslafm.net\/ones-de-crom-4\/\"]}]},{\"@type\":\"ImageObject\",\"inLanguage\":\"en-US\",\"@id\":\"https:\/\/teslafm.net\/ones-de-crom-4\/#primaryimage\",\"url\":\"https:\/\/teslafm.net\/wp-content\/uploads\/2021\/12\/IGOR-WAKHEVITCH.jpg\",\"contentUrl\":\"https:\/\/teslafm.net\/wp-content\/uploads\/2021\/12\/IGOR-WAKHEVITCH.jpg\"},{\"@type\":\"BreadcrumbList\",\"@id\":\"https:\/\/teslafm.net\/ones-de-crom-4\/#breadcrumb\",\"itemListElement\":[{\"@type\":\"ListItem\",\"position\":1,\"name\":\"Portada\",\"item\":\"https:\/\/teslafm.net\/\"},{\"@type\":\"ListItem\",\"position\":2,\"name\":\"Ones de Crom #4\"}]},{\"@type\":\"WebSite\",\"@id\":\"https:\/\/teslafm.net\/#website\",\"url\":\"https:\/\/teslafm.net\/\",\"name\":\"TeslaFM\",\"description\":\"An experimental and creative radio\",\"publisher\":{\"@id\":\"https:\/\/teslafm.net\/#organization\"},\"potentialAction\":[{\"@type\":\"SearchAction\",\"target\":{\"@type\":\"EntryPoint\",\"urlTemplate\":\"https:\/\/teslafm.net\/?s={search_term_string}\"},\"query-input\":{\"@type\":\"PropertyValueSpecification\",\"valueRequired\":true,\"valueName\":\"search_term_string\"}}],\"inLanguage\":\"en-US\"},{\"@type\":\"Organization\",\"@id\":\"https:\/\/teslafm.net\/#organization\",\"name\":\"TeslaFM\",\"url\":\"https:\/\/teslafm.net\/\",\"logo\":{\"@type\":\"ImageObject\",\"inLanguage\":\"en-US\",\"@id\":\"https:\/\/teslafm.net\/#\/schema\/logo\/image\/\",\"url\":\"https:\/\/teslafm.net\/wp-content\/uploads\/2020\/06\/logo-tesla.png\",\"contentUrl\":\"https:\/\/teslafm.net\/wp-content\/uploads\/2020\/06\/logo-tesla.png\",\"width\":512,\"height\":512,\"caption\":\"TeslaFM\"},\"image\":{\"@id\":\"https:\/\/teslafm.net\/#\/schema\/logo\/image\/\"},\"sameAs\":[\"https:\/\/www.facebook.com\/teslafm.net\",\"https:\/\/x.com\/teslafm\"]}]}<\/script>\n<!-- \/ Yoast SEO plugin. -->","yoast_head_json":{"title":"Ones de Crom #4 -","robots":{"index":"index","follow":"follow","max-snippet":"max-snippet:-1","max-image-preview":"max-image-preview:large","max-video-preview":"max-video-preview:-1"},"canonical":"https:\/\/teslafm.net\/en\/ones-de-crom-4\/","og_locale":"en_US","og_type":"article","og_title":"Ones de Crom #4 -","og_description":"Ones de Crom #4 Igor Wakh\u00e9vitch 11 de mar\u00e7 2020. L&#8217;avantguarda d&#8217;aquest compositor franc\u00e9s es troba en les seves obres de m\u00fasica contempor\u00e0nea, electr\u00f2nica, psicod\u00e8lia i minimalisme publicades als anys 70 i algunes a l&#8217;actualitat. Va aportar m\u00fasica a una \u00f2pera-poema de Salvador Dal\u00ed i es va influir pel pensament del m\u00f3n cabal\u00edstic, hind\u00fa, ritual, [&hellip;]","og_url":"https:\/\/teslafm.net\/en\/ones-de-crom-4\/","article_publisher":"https:\/\/www.facebook.com\/teslafm.net","article_modified_time":"2021-12-07T15:29:58+00:00","og_image":[{"url":"https:\/\/teslafm.net\/wp-content\/uploads\/2021\/12\/IGOR-WAKHEVITCH.jpg","type":"","width":"","height":""}],"twitter_card":"summary_large_image","twitter_site":"@teslafm","twitter_misc":{"Est. reading time":"1 minute"},"schema":{"@context":"https:\/\/schema.org","@graph":[{"@type":"WebPage","@id":"https:\/\/teslafm.net\/ones-de-crom-4\/","url":"https:\/\/teslafm.net\/ones-de-crom-4\/","name":"Ones de Crom #4 -","isPartOf":{"@id":"https:\/\/teslafm.net\/#website"},"primaryImageOfPage":{"@id":"https:\/\/teslafm.net\/ones-de-crom-4\/#primaryimage"},"image":{"@id":"https:\/\/teslafm.net\/ones-de-crom-4\/#primaryimage"},"thumbnailUrl":"https:\/\/teslafm.net\/wp-content\/uploads\/2021\/12\/IGOR-WAKHEVITCH.jpg","datePublished":"2021-12-07T15:22:56+00:00","dateModified":"2021-12-07T15:29:58+00:00","breadcrumb":{"@id":"https:\/\/teslafm.net\/ones-de-crom-4\/#breadcrumb"},"inLanguage":"en-US","potentialAction":[{"@type":"ReadAction","target":["https:\/\/teslafm.net\/ones-de-crom-4\/"]}]},{"@type":"ImageObject","inLanguage":"en-US","@id":"https:\/\/teslafm.net\/ones-de-crom-4\/#primaryimage","url":"https:\/\/teslafm.net\/wp-content\/uploads\/2021\/12\/IGOR-WAKHEVITCH.jpg","contentUrl":"https:\/\/teslafm.net\/wp-content\/uploads\/2021\/12\/IGOR-WAKHEVITCH.jpg"},{"@type":"BreadcrumbList","@id":"https:\/\/teslafm.net\/ones-de-crom-4\/#breadcrumb","itemListElement":[{"@type":"ListItem","position":1,"name":"Portada","item":"https:\/\/teslafm.net\/"},{"@type":"ListItem","position":2,"name":"Ones de Crom #4"}]},{"@type":"WebSite","@id":"https:\/\/teslafm.net\/#website","url":"https:\/\/teslafm.net\/","name":"TeslaFM","description":"An experimental and creative radio","publisher":{"@id":"https:\/\/teslafm.net\/#organization"},"potentialAction":[{"@type":"SearchAction","target":{"@type":"EntryPoint","urlTemplate":"https:\/\/teslafm.net\/?s={search_term_string}"},"query-input":{"@type":"PropertyValueSpecification","valueRequired":true,"valueName":"search_term_string"}}],"inLanguage":"en-US"},{"@type":"Organization","@id":"https:\/\/teslafm.net\/#organization","name":"TeslaFM","url":"https:\/\/teslafm.net\/","logo":{"@type":"ImageObject","inLanguage":"en-US","@id":"https:\/\/teslafm.net\/#\/schema\/logo\/image\/","url":"https:\/\/teslafm.net\/wp-content\/uploads\/2020\/06\/logo-tesla.png","contentUrl":"https:\/\/teslafm.net\/wp-content\/uploads\/2020\/06\/logo-tesla.png","width":512,"height":512,"caption":"TeslaFM"},"image":{"@id":"https:\/\/teslafm.net\/#\/schema\/logo\/image\/"},"sameAs":["https:\/\/www.facebook.com\/teslafm.net","https:\/\/x.com\/teslafm"]}]}},"rttpg_featured_image_url":null,"rttpg_author":{"display_name":"Ishak","author_link":"https:\/\/teslafm.net\/en\/author\/cravan\/"},"rttpg_comment":0,"rttpg_category":null,"rttpg_excerpt":"Ones de Crom #4 Igor Wakh\u00e9vitch 11 de mar\u00e7 2020. L&#8217;avantguarda d&#8217;aquest compositor franc\u00e9s es troba en les seves obres de m\u00fasica contempor\u00e0nea, electr\u00f2nica, psicod\u00e8lia i minimalisme publicades als anys 70 i algunes a l&#8217;actualitat. Va aportar m\u00fasica a una \u00f2pera-poema de Salvador Dal\u00ed i es va influir pel pensament del m\u00f3n cabal\u00edstic, hind\u00fa, ritual,&hellip;","_links":{"self":[{"href":"https:\/\/teslafm.net\/en\/wp-json\/wp\/v2\/pages\/59159","targetHints":{"allow":["GET"]}}],"collection":[{"href":"https:\/\/teslafm.net\/en\/wp-json\/wp\/v2\/pages"}],"about":[{"href":"https:\/\/teslafm.net\/en\/wp-json\/wp\/v2\/types\/page"}],"author":[{"embeddable":true,"href":"https:\/\/teslafm.net\/en\/wp-json\/wp\/v2\/users\/19"}],"replies":[{"embeddable":true,"href":"https:\/\/teslafm.net\/en\/wp-json\/wp\/v2\/comments?post=59159"}],"version-history":[{"count":5,"href":"https:\/\/teslafm.net\/en\/wp-json\/wp\/v2\/pages\/59159\/revisions"}],"predecessor-version":[{"id":59166,"href":"https:\/\/teslafm.net\/en\/wp-json\/wp\/v2\/pages\/59159\/revisions\/59166"}],"wp:attachment":[{"href":"https:\/\/teslafm.net\/en\/wp-json\/wp\/v2\/media?parent=59159"}],"curies":[{"name":"wp","href":"https:\/\/api.w.org\/{rel}","templated":true}]}}