

{"id":59176,"date":"2021-12-09T15:28:37","date_gmt":"2021-12-09T14:28:37","guid":{"rendered":"https:\/\/teslafm.net\/?page_id=59176"},"modified":"2021-12-09T15:28:37","modified_gmt":"2021-12-09T14:28:37","slug":"rizoma-7","status":"publish","type":"page","link":"https:\/\/teslafm.net\/en\/rizoma-7\/","title":{"rendered":"Rizoma #7"},"content":{"rendered":"<h2><span style=\"color: #ffffff;\"><strong>Rizoma #7<\/strong><\/span><\/h2>\n<p><span style=\"color: #808080;\"><em>December 2021<\/em><\/span><\/p>\n<p><iframe src=\"https:\/\/www.mixcloud.com\/widget\/iframe\/?hide_cover=1&amp;feed=%2FTeslafm_net%2Frizoma-7-vulkana%2F\" width=\"100%\" height=\"120\" frameborder=\"0\"><\/iframe><\/p>\n<p><span style=\"color: #808080;\">Rota. From Root to Noise (Part One)<\/span><\/p>\n<p><span style=\"color: #808080;\">In this program of Rizoma I share fragments of the concerts held on the occasion of the festival of experimental music of the Ricote Rota Valley. <strong>From Root to Noise<\/strong>. Organized by <strong>AADK Spain<\/strong> in Blanca and Murcia on November 18, 19 and 20, 2021.<\/span><\/p>\n<p><a href=\"https:\/\/aadk.es\/rota_fest\/\" target=\"_blank\" rel=\"noopener\">aadk.es\/rotafestival<\/a><\/p>\n<p><span style=\"color: #808080;\">00:32 - 11:12 Three table recording excerpts from live\/ \"Care\" \/<strong> Selu Herraiz<\/strong>.<\/span><br \/>\n<span style=\"color: #808080;\">11:12 - 22:56 Excerpt of live room recording \/ \"Occam\"\/ <strong>\u00c9liane Radigue <\/strong>and <strong>Julia Eckardt<\/strong>Interpreter: <strong>Julia Eckardt<\/strong><\/span><br \/>\n<span style=\"color: #808080;\">22:56 - 35:41 Two excerpts of table recording of live \/ <strong>Ceola Tunstall-Behrens<\/strong> \/<\/span><br \/>\n<span style=\"color: #808080;\">35:41 - 44:20 Two excerpts of live table recording \/ <strong>Niko LFO<\/strong> \/ Centro P\u00e1rraga<\/span><br \/>\n<span style=\"color: #808080;\">44:20 - 50:44 Excerpt of live room recording \/<strong>Julia Eckardt<\/strong> \/ Centro P\u00e1rraga<\/span><br \/>\n<span style=\"color: #808080;\">50:44 20 - 55:17 Excerpt table recording of the live \"Sonus Ruinae\" \/<strong> Marta de Pascalis<\/strong>. Morphine Records.<\/span><br \/>\n<span style=\"color: #808080;\">55:17 - 59:59 Excerpt from live table recording \/ <strong>Beatrix Weapons<\/strong><\/span><\/p>","protected":false},"excerpt":{"rendered":"<p>Rizoma #7 Diciembre 2021 Rota. De la Ra\u00edz al Noise (Primera parte) En este programa de Rizoma comparto fragmentos de los conciertos celebrados con motivo del\u00a0 festival de m\u00fasica experimental del valle de Ricote Rota. De la Ra\u00edz al Noise. Organizado por AADK Spain en Blanca y Murcia los d\u00edas 18, 19 y 20 de [&hellip;]<\/p>\n","protected":false},"author":19,"featured_media":0,"parent":0,"menu_order":0,"comment_status":"closed","ping_status":"closed","template":"","meta":{"footnotes":""},"class_list":["post-59176","page","type-page","status-publish","hentry"],"yoast_head":"<!-- This site is optimized with the Yoast SEO plugin v27.2 - https:\/\/yoast.com\/product\/yoast-seo-wordpress\/ -->\n<title>Rizoma #7 -<\/title>\n<meta name=\"robots\" content=\"index, follow, max-snippet:-1, max-image-preview:large, max-video-preview:-1\" \/>\n<link rel=\"canonical\" href=\"https:\/\/teslafm.net\/en\/rizoma-7\/\" \/>\n<meta property=\"og:locale\" content=\"en_US\" \/>\n<meta property=\"og:type\" content=\"article\" \/>\n<meta property=\"og:title\" content=\"Rizoma #7 -\" \/>\n<meta property=\"og:description\" content=\"Rizoma #7 Diciembre 2021 Rota. De la Ra\u00edz al Noise (Primera parte) En este programa de Rizoma comparto fragmentos de los conciertos celebrados con motivo del\u00a0 festival de m\u00fasica experimental del valle de Ricote Rota. De la Ra\u00edz al Noise. Organizado por AADK Spain en Blanca y Murcia los d\u00edas 18, 19 y 20 de [&hellip;]\" \/>\n<meta property=\"og:url\" content=\"https:\/\/teslafm.net\/en\/rizoma-7\/\" \/>\n<meta property=\"article:publisher\" content=\"https:\/\/www.facebook.com\/teslafm.net\" \/>\n<meta property=\"og:image\" content=\"https:\/\/teslafm.net\/wp-content\/uploads\/2022\/09\/header-image-4-temp.png\" \/>\n\t<meta property=\"og:image:width\" content=\"1274\" \/>\n\t<meta property=\"og:image:height\" content=\"818\" \/>\n\t<meta property=\"og:image:type\" content=\"image\/png\" \/>\n<meta name=\"twitter:card\" content=\"summary_large_image\" \/>\n<meta name=\"twitter:site\" content=\"@teslafm\" \/>\n<meta name=\"twitter:label1\" content=\"Est. reading time\" \/>\n\t<meta name=\"twitter:data1\" content=\"1 minute\" \/>\n<script type=\"application\/ld+json\" class=\"yoast-schema-graph\">{\"@context\":\"https:\/\/schema.org\",\"@graph\":[{\"@type\":\"WebPage\",\"@id\":\"https:\/\/teslafm.net\/rizoma-7\/\",\"url\":\"https:\/\/teslafm.net\/rizoma-7\/\",\"name\":\"Rizoma #7 -\",\"isPartOf\":{\"@id\":\"https:\/\/teslafm.net\/#website\"},\"datePublished\":\"2021-12-09T14:28:37+00:00\",\"breadcrumb\":{\"@id\":\"https:\/\/teslafm.net\/rizoma-7\/#breadcrumb\"},\"inLanguage\":\"en-US\",\"potentialAction\":[{\"@type\":\"ReadAction\",\"target\":[\"https:\/\/teslafm.net\/rizoma-7\/\"]}]},{\"@type\":\"BreadcrumbList\",\"@id\":\"https:\/\/teslafm.net\/rizoma-7\/#breadcrumb\",\"itemListElement\":[{\"@type\":\"ListItem\",\"position\":1,\"name\":\"Portada\",\"item\":\"https:\/\/teslafm.net\/\"},{\"@type\":\"ListItem\",\"position\":2,\"name\":\"Rizoma #7\"}]},{\"@type\":\"WebSite\",\"@id\":\"https:\/\/teslafm.net\/#website\",\"url\":\"https:\/\/teslafm.net\/\",\"name\":\"TeslaFM\",\"description\":\"An experimental and creative radio\",\"publisher\":{\"@id\":\"https:\/\/teslafm.net\/#organization\"},\"potentialAction\":[{\"@type\":\"SearchAction\",\"target\":{\"@type\":\"EntryPoint\",\"urlTemplate\":\"https:\/\/teslafm.net\/?s={search_term_string}\"},\"query-input\":{\"@type\":\"PropertyValueSpecification\",\"valueRequired\":true,\"valueName\":\"search_term_string\"}}],\"inLanguage\":\"en-US\"},{\"@type\":\"Organization\",\"@id\":\"https:\/\/teslafm.net\/#organization\",\"name\":\"TeslaFM\",\"url\":\"https:\/\/teslafm.net\/\",\"logo\":{\"@type\":\"ImageObject\",\"inLanguage\":\"en-US\",\"@id\":\"https:\/\/teslafm.net\/#\/schema\/logo\/image\/\",\"url\":\"https:\/\/teslafm.net\/wp-content\/uploads\/2020\/06\/logo-tesla.png\",\"contentUrl\":\"https:\/\/teslafm.net\/wp-content\/uploads\/2020\/06\/logo-tesla.png\",\"width\":512,\"height\":512,\"caption\":\"TeslaFM\"},\"image\":{\"@id\":\"https:\/\/teslafm.net\/#\/schema\/logo\/image\/\"},\"sameAs\":[\"https:\/\/www.facebook.com\/teslafm.net\",\"https:\/\/x.com\/teslafm\"]}]}<\/script>\n<!-- \/ Yoast SEO plugin. -->","yoast_head_json":{"title":"Rizoma #7 -","robots":{"index":"index","follow":"follow","max-snippet":"max-snippet:-1","max-image-preview":"max-image-preview:large","max-video-preview":"max-video-preview:-1"},"canonical":"https:\/\/teslafm.net\/en\/rizoma-7\/","og_locale":"en_US","og_type":"article","og_title":"Rizoma #7 -","og_description":"Rizoma #7 Diciembre 2021 Rota. De la Ra\u00edz al Noise (Primera parte) En este programa de Rizoma comparto fragmentos de los conciertos celebrados con motivo del\u00a0 festival de m\u00fasica experimental del valle de Ricote Rota. De la Ra\u00edz al Noise. Organizado por AADK Spain en Blanca y Murcia los d\u00edas 18, 19 y 20 de [&hellip;]","og_url":"https:\/\/teslafm.net\/en\/rizoma-7\/","article_publisher":"https:\/\/www.facebook.com\/teslafm.net","og_image":[{"width":1274,"height":818,"url":"https:\/\/teslafm.net\/wp-content\/uploads\/2022\/09\/header-image-4-temp.png","type":"image\/png"}],"twitter_card":"summary_large_image","twitter_site":"@teslafm","twitter_misc":{"Est. reading time":"1 minute"},"schema":{"@context":"https:\/\/schema.org","@graph":[{"@type":"WebPage","@id":"https:\/\/teslafm.net\/rizoma-7\/","url":"https:\/\/teslafm.net\/rizoma-7\/","name":"Rizoma #7 -","isPartOf":{"@id":"https:\/\/teslafm.net\/#website"},"datePublished":"2021-12-09T14:28:37+00:00","breadcrumb":{"@id":"https:\/\/teslafm.net\/rizoma-7\/#breadcrumb"},"inLanguage":"en-US","potentialAction":[{"@type":"ReadAction","target":["https:\/\/teslafm.net\/rizoma-7\/"]}]},{"@type":"BreadcrumbList","@id":"https:\/\/teslafm.net\/rizoma-7\/#breadcrumb","itemListElement":[{"@type":"ListItem","position":1,"name":"Portada","item":"https:\/\/teslafm.net\/"},{"@type":"ListItem","position":2,"name":"Rizoma #7"}]},{"@type":"WebSite","@id":"https:\/\/teslafm.net\/#website","url":"https:\/\/teslafm.net\/","name":"TeslaFM","description":"An experimental and creative radio","publisher":{"@id":"https:\/\/teslafm.net\/#organization"},"potentialAction":[{"@type":"SearchAction","target":{"@type":"EntryPoint","urlTemplate":"https:\/\/teslafm.net\/?s={search_term_string}"},"query-input":{"@type":"PropertyValueSpecification","valueRequired":true,"valueName":"search_term_string"}}],"inLanguage":"en-US"},{"@type":"Organization","@id":"https:\/\/teslafm.net\/#organization","name":"TeslaFM","url":"https:\/\/teslafm.net\/","logo":{"@type":"ImageObject","inLanguage":"en-US","@id":"https:\/\/teslafm.net\/#\/schema\/logo\/image\/","url":"https:\/\/teslafm.net\/wp-content\/uploads\/2020\/06\/logo-tesla.png","contentUrl":"https:\/\/teslafm.net\/wp-content\/uploads\/2020\/06\/logo-tesla.png","width":512,"height":512,"caption":"TeslaFM"},"image":{"@id":"https:\/\/teslafm.net\/#\/schema\/logo\/image\/"},"sameAs":["https:\/\/www.facebook.com\/teslafm.net","https:\/\/x.com\/teslafm"]}]}},"rttpg_featured_image_url":null,"rttpg_author":{"display_name":"Ishak","author_link":"https:\/\/teslafm.net\/en\/author\/cravan\/"},"rttpg_comment":0,"rttpg_category":null,"rttpg_excerpt":"Rizoma #7 Diciembre 2021 Rota. De la Ra\u00edz al Noise (Primera parte) En este programa de Rizoma comparto fragmentos de los conciertos celebrados con motivo del\u00a0 festival de m\u00fasica experimental del valle de Ricote Rota. De la Ra\u00edz al Noise. Organizado por AADK Spain en Blanca y Murcia los d\u00edas 18, 19 y 20 de&hellip;","_links":{"self":[{"href":"https:\/\/teslafm.net\/en\/wp-json\/wp\/v2\/pages\/59176","targetHints":{"allow":["GET"]}}],"collection":[{"href":"https:\/\/teslafm.net\/en\/wp-json\/wp\/v2\/pages"}],"about":[{"href":"https:\/\/teslafm.net\/en\/wp-json\/wp\/v2\/types\/page"}],"author":[{"embeddable":true,"href":"https:\/\/teslafm.net\/en\/wp-json\/wp\/v2\/users\/19"}],"replies":[{"embeddable":true,"href":"https:\/\/teslafm.net\/en\/wp-json\/wp\/v2\/comments?post=59176"}],"version-history":[{"count":1,"href":"https:\/\/teslafm.net\/en\/wp-json\/wp\/v2\/pages\/59176\/revisions"}],"predecessor-version":[{"id":59177,"href":"https:\/\/teslafm.net\/en\/wp-json\/wp\/v2\/pages\/59176\/revisions\/59177"}],"wp:attachment":[{"href":"https:\/\/teslafm.net\/en\/wp-json\/wp\/v2\/media?parent=59176"}],"curies":[{"name":"wp","href":"https:\/\/api.w.org\/{rel}","templated":true}]}}