

{"id":59184,"date":"2021-12-11T15:37:15","date_gmt":"2021-12-11T14:37:15","guid":{"rendered":"https:\/\/teslafm.net\/?page_id=59184"},"modified":"2021-12-11T16:10:48","modified_gmt":"2021-12-11T15:10:48","slug":"los-archivos-phonos-18","status":"publish","type":"page","link":"https:\/\/teslafm.net\/en\/los-archivos-phonos-18\/","title":{"rendered":"Phonos Files #18"},"content":{"rendered":"<h2><span style=\"color: #ffffff;\"><strong>Phonos Files #18<\/strong><\/span><\/h2>\n<p><span style=\"color: #808080;\"><em>December 2021<\/em><\/span><\/p>\n<p><iframe src=\"https:\/\/www.mixcloud.com\/widget\/iframe\/?hide_cover=1&amp;feed=%2FTeslafm_net%2Flos-archivos-phonos-18-%C3%A1ngel-faraldo%2F\" width=\"100%\" height=\"120\" frameborder=\"0\"><\/iframe><\/p>\n<p><img fetchpriority=\"high\" decoding=\"async\" class=\"alignnone size-full wp-image-59185\" src=\"https:\/\/teslafm.net\/wp-content\/uploads\/2021\/12\/CONCERTS.jpg\" alt=\"\" width=\"1000\" height=\"562\" srcset=\"https:\/\/teslafm.net\/wp-content\/uploads\/2021\/12\/CONCERTS.jpg 1000w, https:\/\/teslafm.net\/wp-content\/uploads\/2021\/12\/CONCERTS-300x169.jpg 300w, https:\/\/teslafm.net\/wp-content\/uploads\/2021\/12\/CONCERTS-768x432.jpg 768w\" sizes=\"(max-width: 1000px) 100vw, 1000px\" \/><\/p>\n<p><span style=\"color: #808080;\">In the last program of 2021 we replay the last program of The Loudspeaker Syndicate of November 24, which featured the premiere of electroacoustic works of <strong>Leonardo Espejo-Santis<\/strong>, <strong>Pablo Fredes<\/strong>, <strong>Francesc Llompart<\/strong> and <strong>Octavi Rumbau<\/strong>.<\/span><\/p>\n<p><span style=\"color: #808080;\">Tracklist<\/span><\/p>\n<p><span style=\"color: #808080;\">01. (05\u201901) <strong>Pablo Fredes<\/strong>Di Minuto (2021)<\/span><br \/>\n<span style=\"color: #808080;\">02. (17\u201921) <strong>Francesc Llompart<\/strong>: Gen\u00e8se du Coeur (2021)<\/span><br \/>\n<span style=\"color: #808080;\">03. (31\u201931) <strong>Octavi Rumbau<\/strong>: Some Confinement Algorithmic Music (binaural render) (2021)<\/span><br \/>\n<span style=\"color: #808080;\">04. (46\u201949) <strong>Leonardo Espejo-Santis<\/strong>: De Lumine (binaural render) (2021)<\/span><\/p>","protected":false},"excerpt":{"rendered":"<p>Los Archivos Phonos #18 Diciembre 2021 En el \u00faltimo programa de 2021 reponemos el \u00faltimo programa de El Sindicato de Altavoces del pasado 24 de noviembre, en el que se estrenaron obras electroac\u00fasticas de Leonardo Espejo-Santis, Pablo Fredes, Francesc Llompart y Octavi Rumbau. Tracklist 01. (05&#8217;01) Pablo Fredes: Di Minuto (2021) 02. (17&#8217;21) Francesc Llompart: [&hellip;]<\/p>\n","protected":false},"author":19,"featured_media":0,"parent":0,"menu_order":0,"comment_status":"closed","ping_status":"closed","template":"","meta":{"footnotes":""},"class_list":["post-59184","page","type-page","status-publish","hentry"],"yoast_head":"<!-- This site is optimized with the Yoast SEO plugin v27.2 - https:\/\/yoast.com\/product\/yoast-seo-wordpress\/ -->\n<title>Los Archivos Phonos #18 -<\/title>\n<meta name=\"robots\" content=\"index, follow, max-snippet:-1, max-image-preview:large, max-video-preview:-1\" \/>\n<link rel=\"canonical\" href=\"https:\/\/teslafm.net\/en\/los-archivos-phonos-18\/\" \/>\n<meta property=\"og:locale\" content=\"en_US\" \/>\n<meta property=\"og:type\" content=\"article\" \/>\n<meta property=\"og:title\" content=\"Los Archivos Phonos #18 -\" \/>\n<meta property=\"og:description\" content=\"Los Archivos Phonos #18 Diciembre 2021 En el \u00faltimo programa de 2021 reponemos el \u00faltimo programa de El Sindicato de Altavoces del pasado 24 de noviembre, en el que se estrenaron obras electroac\u00fasticas de Leonardo Espejo-Santis, Pablo Fredes, Francesc Llompart y Octavi Rumbau. Tracklist 01. (05&#8217;01) Pablo Fredes: Di Minuto (2021) 02. (17&#8217;21) Francesc Llompart: [&hellip;]\" \/>\n<meta property=\"og:url\" content=\"https:\/\/teslafm.net\/en\/los-archivos-phonos-18\/\" \/>\n<meta property=\"article:publisher\" content=\"https:\/\/www.facebook.com\/teslafm.net\" \/>\n<meta property=\"article:modified_time\" content=\"2021-12-11T15:10:48+00:00\" \/>\n<meta property=\"og:image\" content=\"https:\/\/teslafm.net\/wp-content\/uploads\/2021\/12\/CONCERTS.jpg\" \/>\n<meta name=\"twitter:card\" content=\"summary_large_image\" \/>\n<meta name=\"twitter:site\" content=\"@teslafm\" \/>\n<script type=\"application\/ld+json\" class=\"yoast-schema-graph\">{\"@context\":\"https:\/\/schema.org\",\"@graph\":[{\"@type\":\"WebPage\",\"@id\":\"https:\/\/teslafm.net\/los-archivos-phonos-18\/\",\"url\":\"https:\/\/teslafm.net\/los-archivos-phonos-18\/\",\"name\":\"Los Archivos Phonos #18 -\",\"isPartOf\":{\"@id\":\"https:\/\/teslafm.net\/#website\"},\"primaryImageOfPage\":{\"@id\":\"https:\/\/teslafm.net\/los-archivos-phonos-18\/#primaryimage\"},\"image\":{\"@id\":\"https:\/\/teslafm.net\/los-archivos-phonos-18\/#primaryimage\"},\"thumbnailUrl\":\"https:\/\/teslafm.net\/wp-content\/uploads\/2021\/12\/CONCERTS.jpg\",\"datePublished\":\"2021-12-11T14:37:15+00:00\",\"dateModified\":\"2021-12-11T15:10:48+00:00\",\"breadcrumb\":{\"@id\":\"https:\/\/teslafm.net\/los-archivos-phonos-18\/#breadcrumb\"},\"inLanguage\":\"en-US\",\"potentialAction\":[{\"@type\":\"ReadAction\",\"target\":[\"https:\/\/teslafm.net\/los-archivos-phonos-18\/\"]}]},{\"@type\":\"ImageObject\",\"inLanguage\":\"en-US\",\"@id\":\"https:\/\/teslafm.net\/los-archivos-phonos-18\/#primaryimage\",\"url\":\"https:\/\/teslafm.net\/wp-content\/uploads\/2021\/12\/CONCERTS.jpg\",\"contentUrl\":\"https:\/\/teslafm.net\/wp-content\/uploads\/2021\/12\/CONCERTS.jpg\"},{\"@type\":\"BreadcrumbList\",\"@id\":\"https:\/\/teslafm.net\/los-archivos-phonos-18\/#breadcrumb\",\"itemListElement\":[{\"@type\":\"ListItem\",\"position\":1,\"name\":\"Portada\",\"item\":\"https:\/\/teslafm.net\/\"},{\"@type\":\"ListItem\",\"position\":2,\"name\":\"Los Archivos Phonos #18\"}]},{\"@type\":\"WebSite\",\"@id\":\"https:\/\/teslafm.net\/#website\",\"url\":\"https:\/\/teslafm.net\/\",\"name\":\"TeslaFM\",\"description\":\"An experimental and creative radio\",\"publisher\":{\"@id\":\"https:\/\/teslafm.net\/#organization\"},\"potentialAction\":[{\"@type\":\"SearchAction\",\"target\":{\"@type\":\"EntryPoint\",\"urlTemplate\":\"https:\/\/teslafm.net\/?s={search_term_string}\"},\"query-input\":{\"@type\":\"PropertyValueSpecification\",\"valueRequired\":true,\"valueName\":\"search_term_string\"}}],\"inLanguage\":\"en-US\"},{\"@type\":\"Organization\",\"@id\":\"https:\/\/teslafm.net\/#organization\",\"name\":\"TeslaFM\",\"url\":\"https:\/\/teslafm.net\/\",\"logo\":{\"@type\":\"ImageObject\",\"inLanguage\":\"en-US\",\"@id\":\"https:\/\/teslafm.net\/#\/schema\/logo\/image\/\",\"url\":\"https:\/\/teslafm.net\/wp-content\/uploads\/2020\/06\/logo-tesla.png\",\"contentUrl\":\"https:\/\/teslafm.net\/wp-content\/uploads\/2020\/06\/logo-tesla.png\",\"width\":512,\"height\":512,\"caption\":\"TeslaFM\"},\"image\":{\"@id\":\"https:\/\/teslafm.net\/#\/schema\/logo\/image\/\"},\"sameAs\":[\"https:\/\/www.facebook.com\/teslafm.net\",\"https:\/\/x.com\/teslafm\"]}]}<\/script>\n<!-- \/ Yoast SEO plugin. -->","yoast_head_json":{"title":"Phonos Files #18 - Phonos Files #18 - Phonos Files #18 - Phonos Files #18","robots":{"index":"index","follow":"follow","max-snippet":"max-snippet:-1","max-image-preview":"max-image-preview:large","max-video-preview":"max-video-preview:-1"},"canonical":"https:\/\/teslafm.net\/en\/los-archivos-phonos-18\/","og_locale":"en_US","og_type":"article","og_title":"Los Archivos Phonos #18 -","og_description":"Los Archivos Phonos #18 Diciembre 2021 En el \u00faltimo programa de 2021 reponemos el \u00faltimo programa de El Sindicato de Altavoces del pasado 24 de noviembre, en el que se estrenaron obras electroac\u00fasticas de Leonardo Espejo-Santis, Pablo Fredes, Francesc Llompart y Octavi Rumbau. Tracklist 01. (05&#8217;01) Pablo Fredes: Di Minuto (2021) 02. (17&#8217;21) Francesc Llompart: [&hellip;]","og_url":"https:\/\/teslafm.net\/en\/los-archivos-phonos-18\/","article_publisher":"https:\/\/www.facebook.com\/teslafm.net","article_modified_time":"2021-12-11T15:10:48+00:00","og_image":[{"url":"https:\/\/teslafm.net\/wp-content\/uploads\/2021\/12\/CONCERTS.jpg","type":"","width":"","height":""}],"twitter_card":"summary_large_image","twitter_site":"@teslafm","schema":{"@context":"https:\/\/schema.org","@graph":[{"@type":"WebPage","@id":"https:\/\/teslafm.net\/los-archivos-phonos-18\/","url":"https:\/\/teslafm.net\/los-archivos-phonos-18\/","name":"Phonos Files #18 - Phonos Files #18 - Phonos Files #18 - Phonos Files #18","isPartOf":{"@id":"https:\/\/teslafm.net\/#website"},"primaryImageOfPage":{"@id":"https:\/\/teslafm.net\/los-archivos-phonos-18\/#primaryimage"},"image":{"@id":"https:\/\/teslafm.net\/los-archivos-phonos-18\/#primaryimage"},"thumbnailUrl":"https:\/\/teslafm.net\/wp-content\/uploads\/2021\/12\/CONCERTS.jpg","datePublished":"2021-12-11T14:37:15+00:00","dateModified":"2021-12-11T15:10:48+00:00","breadcrumb":{"@id":"https:\/\/teslafm.net\/los-archivos-phonos-18\/#breadcrumb"},"inLanguage":"en-US","potentialAction":[{"@type":"ReadAction","target":["https:\/\/teslafm.net\/los-archivos-phonos-18\/"]}]},{"@type":"ImageObject","inLanguage":"en-US","@id":"https:\/\/teslafm.net\/los-archivos-phonos-18\/#primaryimage","url":"https:\/\/teslafm.net\/wp-content\/uploads\/2021\/12\/CONCERTS.jpg","contentUrl":"https:\/\/teslafm.net\/wp-content\/uploads\/2021\/12\/CONCERTS.jpg"},{"@type":"BreadcrumbList","@id":"https:\/\/teslafm.net\/los-archivos-phonos-18\/#breadcrumb","itemListElement":[{"@type":"ListItem","position":1,"name":"Portada","item":"https:\/\/teslafm.net\/"},{"@type":"ListItem","position":2,"name":"Los Archivos Phonos #18"}]},{"@type":"WebSite","@id":"https:\/\/teslafm.net\/#website","url":"https:\/\/teslafm.net\/","name":"TeslaFM","description":"An experimental and creative radio","publisher":{"@id":"https:\/\/teslafm.net\/#organization"},"potentialAction":[{"@type":"SearchAction","target":{"@type":"EntryPoint","urlTemplate":"https:\/\/teslafm.net\/?s={search_term_string}"},"query-input":{"@type":"PropertyValueSpecification","valueRequired":true,"valueName":"search_term_string"}}],"inLanguage":"en-US"},{"@type":"Organization","@id":"https:\/\/teslafm.net\/#organization","name":"TeslaFM","url":"https:\/\/teslafm.net\/","logo":{"@type":"ImageObject","inLanguage":"en-US","@id":"https:\/\/teslafm.net\/#\/schema\/logo\/image\/","url":"https:\/\/teslafm.net\/wp-content\/uploads\/2020\/06\/logo-tesla.png","contentUrl":"https:\/\/teslafm.net\/wp-content\/uploads\/2020\/06\/logo-tesla.png","width":512,"height":512,"caption":"TeslaFM"},"image":{"@id":"https:\/\/teslafm.net\/#\/schema\/logo\/image\/"},"sameAs":["https:\/\/www.facebook.com\/teslafm.net","https:\/\/x.com\/teslafm"]}]}},"rttpg_featured_image_url":null,"rttpg_author":{"display_name":"Ishak","author_link":"https:\/\/teslafm.net\/en\/author\/cravan\/"},"rttpg_comment":0,"rttpg_category":null,"rttpg_excerpt":"Los Archivos Phonos #18 Diciembre 2021 En el \u00faltimo programa de 2021 reponemos el \u00faltimo programa de El Sindicato de Altavoces del pasado 24 de noviembre, en el que se estrenaron obras electroac\u00fasticas de Leonardo Espejo-Santis, Pablo Fredes, Francesc Llompart y Octavi Rumbau. Tracklist 01. (05&#8217;01) Pablo Fredes: Di Minuto (2021) 02. (17&#8217;21) Francesc Llompart:&hellip;","_links":{"self":[{"href":"https:\/\/teslafm.net\/en\/wp-json\/wp\/v2\/pages\/59184","targetHints":{"allow":["GET"]}}],"collection":[{"href":"https:\/\/teslafm.net\/en\/wp-json\/wp\/v2\/pages"}],"about":[{"href":"https:\/\/teslafm.net\/en\/wp-json\/wp\/v2\/types\/page"}],"author":[{"embeddable":true,"href":"https:\/\/teslafm.net\/en\/wp-json\/wp\/v2\/users\/19"}],"replies":[{"embeddable":true,"href":"https:\/\/teslafm.net\/en\/wp-json\/wp\/v2\/comments?post=59184"}],"version-history":[{"count":3,"href":"https:\/\/teslafm.net\/en\/wp-json\/wp\/v2\/pages\/59184\/revisions"}],"predecessor-version":[{"id":59189,"href":"https:\/\/teslafm.net\/en\/wp-json\/wp\/v2\/pages\/59184\/revisions\/59189"}],"wp:attachment":[{"href":"https:\/\/teslafm.net\/en\/wp-json\/wp\/v2\/media?parent=59184"}],"curies":[{"name":"wp","href":"https:\/\/api.w.org\/{rel}","templated":true}]}}